{"id":838,"date":"2023-10-18T16:32:40","date_gmt":"2023-10-18T13:32:40","guid":{"rendered":"https:\/\/www.hitech.fi\/hitech\/?post_type=product&#038;p=838"},"modified":"2024-05-10T13:58:18","modified_gmt":"2024-05-10T10:58:18","slug":"teho-uuninpuhdistaja","status":"publish","type":"product","link":"https:\/\/www.hitech.fi\/hitech\/product\/teho-uuninpuhdistaja\/","title":{"rendered":"TEHO Uuninpuhdistaja"},"content":{"rendered":"<p><strong>Eritt\u00e4in tehokas ja nopeavaikutteinen em\u00e4ksinen uunien, liesien, parilloiden ja rasvakeittimien puhdistusaine ammattik\u00e4ytt\u00f6\u00f6n. Se tunkeutuu tehokkaasti rasvaan ja hiiltyneeseen likaan ja muuttaa ne helposti poistettavaksi saippualiuokseksi. TEHO Uuninpuhdistaja tarttuu tehokkaasti uunin kattoon ja seiniin, mik\u00e4 varmistaa pidemm\u00e4n vaikutusajan ja ly\u00f6m\u00e4tt\u00f6m\u00e4n puhdistustehon.\u00a0 <\/strong><\/p>\n<p>&nbsp;<\/p>\n<p>Tuote on tarkoitettu k\u00e4ytett\u00e4v\u00e4ksi uunien, uuniritil\u00f6iden, keraamistentasojen, paistinpannujen, parilloiden, rasvakeittimien, savustimien yms. Tehokkaaseen puhdistukseen.<\/p>\n<ul>\n<li>Ei vaadi hankaamista, lika poistetaan helposti pyyhkim\u00e4ll\u00e4 kostealla sienell\u00e4 tai r\u00e4till\u00e4<\/li>\n<\/ul>\n<ul>\n<li>Ei vahingoita useimpia uunimateriaaleja kuten lasia, ruostumatonta ter\u00e4st\u00e4, eik\u00e4 polttomaalattua emalia<\/li>\n<\/ul>\n<ul>\n<li><strong>HUOM! Ei kuitenkaan sovellu itsepuhdistuvien eik\u00e4 jatkuvapuhdisteisten uunien puhdistukseen, ei my\u00f6sk\u00e4\u00e4n alumiini- eik\u00e4 kuparipinnoille<\/strong><\/li>\n<\/ul>\n<p>&nbsp;<\/p>\n<p><strong>HUOM. VAIN AMMATTIK\u00c4YTT\u00d6\u00d6N!<\/strong><\/p>\n<p><strong>K\u00c4YTT\u00d6OHJE:<\/strong><\/p>\n<ul>\n<li>L\u00e4mmit\u00e4 uuni n. 40 \u00b0C asteiseksi. K\u00e4\u00e4nn\u00e4 virta\/kaasu pois.<\/li>\n<li>Ravista t\u00f6lkki\u00e4 hyvin ja sumuta tasainen kerros (alkaen uunin katosta, sitten seinist\u00e4 ja lopuksi uunin pohjalle) n. 25 cm et\u00e4isyydelt\u00e4.<\/li>\n<li>Anna vaikuttaa 5-10 minuuttia ja pyyhi huolellisesti kostealla sienell\u00e4 tai kankaalla. Toista k\u00e4sittely tarvittaessa.<\/li>\n<li>Huuhtele hyvin vedell\u00e4. L\u00e4mmit\u00e4 uuni kuumaksi n. 10 minuuttia ennen seuraavaa k\u00e4ytt\u00f6\u00e4.<\/li>\n<li>HUOM! \u00c4l\u00e4 sumuta ainetta s\u00e4hk\u00f6laitteisiin!<\/li>\n<\/ul>\n<p><strong>\u00a0<\/strong><\/p>\n<p>Tuotenumero: 5067<\/p>\n<p>Tuote on pakattu aerosolipulloon, jonka nettotilavuus on 500ml. Myyntier\u00e4 on yksi (1) laatikko, joka sis\u00e4lt\u00e4\u00e4 12 pulloa. Sis\u00e4lt\u00e4\u00e4 lipe\u00e4\u00e4. Vain ammattik\u00e4ytt\u00f6\u00f6n.<\/p>\n","protected":false},"excerpt":{"rendered":"<p>Eritt\u00e4in tehokas ja nopeavaikutteinen em\u00e4ksinen uunien, liesien, parilloiden ja rasvakeittimien puhdistusaine ammattik\u00e4ytt\u00f6\u00f6n. Se tunkeutuu tehokkaasti rasvaan ja hiiltyneeseen likaan ja muuttaa ne helposti poistettavaksi saippualiuokseksi. <strong>TEHO Uuninpuhdistaja<\/strong> tarttuu tehokkaasti uunin kattoon ja seiniin, mik\u00e4 varmistaa pidemm\u00e4n vaikutusajan ja ly\u00f6m\u00e4tt\u00f6m\u00e4n puhdistustehon.<\/p>\n[maxbutton id=\"2\" url=\"https:\/\/www.hitech.fi\/hitech\/wp-content\/uploads\/2023\/12\/TEHO_Uuninpuhdistaja_web.pdf\" text=\"Lataa tuotekortti\" window=\"new\" ]\n","protected":false},"featured_media":485,"comment_status":"closed","ping_status":"closed","template":"","meta":[],"product_brand":[],"product_cat":[95,136,112,133],"product_tag":[],"class_list":{"0":"post-838","1":"product","2":"type-product","3":"status-publish","4":"has-post-thumbnail","6":"product_cat-aerosolit-ja-sprayt","7":"product_cat-keittio-ja-elintarviketeollisuus","8":"product_cat-puhdistus","9":"product_cat-toimialat","11":"first","12":"instock","13":"shipping-taxable","14":"product-type-simple"},"yoast_head":"<!-- This site is optimized with the Yoast SEO plugin v24.3 - https:\/\/yoast.com\/wordpress\/plugins\/seo\/ -->\n<title>TEHO Uuninpuhdistaja | Hitech Chemicals<\/title>\n<meta name=\"robots\" content=\"index, follow, max-snippet:-1, max-image-preview:large, max-video-preview:-1\" \/>\n<link rel=\"canonical\" href=\"https:\/\/www.hitech.fi\/hitech\/product\/teho-uuninpuhdistaja\/\" \/>\n<meta property=\"og:locale\" content=\"fi_FI\" \/>\n<meta property=\"og:type\" content=\"article\" \/>\n<meta property=\"og:title\" content=\"TEHO Uuninpuhdistaja | Hitech Chemicals\" \/>\n<meta property=\"og:description\" content=\"Eritt\u00e4in tehokas ja nopeavaikutteinen em\u00e4ksinen uunien, liesien, parilloiden ja rasvakeittimien puhdistusaine ammattik\u00e4ytt\u00f6\u00f6n. Se tunkeutuu tehokkaasti rasvaan ja hiiltyneeseen likaan ja muuttaa ne helposti poistettavaksi saippualiuokseksi. TEHO Uuninpuhdistaja tarttuu tehokkaasti uunin kattoon ja seiniin, mik\u00e4 varmistaa pidemm\u00e4n vaikutusajan ja ly\u00f6m\u00e4tt\u00f6m\u00e4n puhdistustehon.\" \/>\n<meta property=\"og:url\" content=\"https:\/\/www.hitech.fi\/hitech\/product\/teho-uuninpuhdistaja\/\" \/>\n<meta property=\"og:site_name\" content=\"Hitech Chemicals\" \/>\n<meta property=\"article:publisher\" content=\"https:\/\/www.facebook.com\/hitechfinland\" \/>\n<meta property=\"article:modified_time\" content=\"2024-05-10T10:58:18+00:00\" \/>\n<meta property=\"og:image\" content=\"https:\/\/www.hitech.fi\/hitech\/wp-content\/uploads\/2018\/11\/hires_TEHO_Uuninpuhdistaja_v2.jpg\" \/>\n\t<meta property=\"og:image:width\" content=\"1024\" \/>\n\t<meta property=\"og:image:height\" content=\"1024\" \/>\n\t<meta property=\"og:image:type\" content=\"image\/jpeg\" \/>\n<meta name=\"twitter:card\" content=\"summary_large_image\" \/>\n<meta name=\"twitter:label1\" content=\"Arvioitu lukuaika\" \/>\n\t<meta name=\"twitter:data1\" content=\"2 minuuttia\" \/>\n<script type=\"application\/ld+json\" class=\"yoast-schema-graph\">{\"@context\":\"https:\/\/schema.org\",\"@graph\":[{\"@type\":\"WebPage\",\"@id\":\"https:\/\/www.hitech.fi\/hitech\/product\/teho-uuninpuhdistaja\/\",\"url\":\"https:\/\/www.hitech.fi\/hitech\/product\/teho-uuninpuhdistaja\/\",\"name\":\"TEHO Uuninpuhdistaja | Hitech Chemicals\",\"isPartOf\":{\"@id\":\"https:\/\/www.hitech.fi\/hitech\/#website\"},\"primaryImageOfPage\":{\"@id\":\"https:\/\/www.hitech.fi\/hitech\/product\/teho-uuninpuhdistaja\/#primaryimage\"},\"image\":{\"@id\":\"https:\/\/www.hitech.fi\/hitech\/product\/teho-uuninpuhdistaja\/#primaryimage\"},\"thumbnailUrl\":\"https:\/\/www.hitech.fi\/hitech\/wp-content\/uploads\/2018\/11\/hires_TEHO_Uuninpuhdistaja_v2.jpg\",\"datePublished\":\"2023-10-18T13:32:40+00:00\",\"dateModified\":\"2024-05-10T10:58:18+00:00\",\"breadcrumb\":{\"@id\":\"https:\/\/www.hitech.fi\/hitech\/product\/teho-uuninpuhdistaja\/#breadcrumb\"},\"inLanguage\":\"fi\",\"potentialAction\":[{\"@type\":\"ReadAction\",\"target\":[\"https:\/\/www.hitech.fi\/hitech\/product\/teho-uuninpuhdistaja\/\"]}]},{\"@type\":\"ImageObject\",\"inLanguage\":\"fi\",\"@id\":\"https:\/\/www.hitech.fi\/hitech\/product\/teho-uuninpuhdistaja\/#primaryimage\",\"url\":\"https:\/\/www.hitech.fi\/hitech\/wp-content\/uploads\/2018\/11\/hires_TEHO_Uuninpuhdistaja_v2.jpg\",\"contentUrl\":\"https:\/\/www.hitech.fi\/hitech\/wp-content\/uploads\/2018\/11\/hires_TEHO_Uuninpuhdistaja_v2.jpg\",\"width\":1024,\"height\":1024,\"caption\":\"TEHO Uuninpuhdistaja ammattik\u00e4ytt\u00f6\u00f6n\"},{\"@type\":\"BreadcrumbList\",\"@id\":\"https:\/\/www.hitech.fi\/hitech\/product\/teho-uuninpuhdistaja\/#breadcrumb\",\"itemListElement\":[{\"@type\":\"ListItem\",\"position\":1,\"name\":\"Etusivu\",\"item\":\"https:\/\/www.hitech.fi\/hitech\/\"},{\"@type\":\"ListItem\",\"position\":2,\"name\":\"Katalogi\",\"item\":\"https:\/\/www.hitech.fi\/hitech\/katalogi\/\"},{\"@type\":\"ListItem\",\"position\":3,\"name\":\"TEHO Uuninpuhdistaja\"}]},{\"@type\":\"WebSite\",\"@id\":\"https:\/\/www.hitech.fi\/hitech\/#website\",\"url\":\"https:\/\/www.hitech.fi\/hitech\/\",\"name\":\"Hitech Chemicals\",\"description\":\"Puhdistusaineet ja huoltotuotteet\",\"publisher\":{\"@id\":\"https:\/\/www.hitech.fi\/hitech\/#organization\"},\"potentialAction\":[{\"@type\":\"SearchAction\",\"target\":{\"@type\":\"EntryPoint\",\"urlTemplate\":\"https:\/\/www.hitech.fi\/hitech\/?s={search_term_string}\"},\"query-input\":{\"@type\":\"PropertyValueSpecification\",\"valueRequired\":true,\"valueName\":\"search_term_string\"}}],\"inLanguage\":\"fi\"},{\"@type\":\"Organization\",\"@id\":\"https:\/\/www.hitech.fi\/hitech\/#organization\",\"name\":\"Hitech Chemicals\",\"alternateName\":\"Hitech\",\"url\":\"https:\/\/www.hitech.fi\/hitech\/\",\"logo\":{\"@type\":\"ImageObject\",\"inLanguage\":\"fi\",\"@id\":\"https:\/\/www.hitech.fi\/hitech\/#\/schema\/logo\/image\/\",\"url\":\"https:\/\/www.hitech.fi\/hitech\/wp-content\/uploads\/2023\/06\/cropped-hitech_logo_600x600.png\",\"contentUrl\":\"https:\/\/www.hitech.fi\/hitech\/wp-content\/uploads\/2023\/06\/cropped-hitech_logo_600x600.png\",\"width\":512,\"height\":512,\"caption\":\"Hitech Chemicals\"},\"image\":{\"@id\":\"https:\/\/www.hitech.fi\/hitech\/#\/schema\/logo\/image\/\"},\"sameAs\":[\"https:\/\/www.facebook.com\/hitechfinland\"]}]}<\/script>\n<!-- \/ Yoast SEO plugin. -->","yoast_head_json":{"title":"TEHO Uuninpuhdistaja | Hitech Chemicals","robots":{"index":"index","follow":"follow","max-snippet":"max-snippet:-1","max-image-preview":"max-image-preview:large","max-video-preview":"max-video-preview:-1"},"canonical":"https:\/\/www.hitech.fi\/hitech\/product\/teho-uuninpuhdistaja\/","og_locale":"fi_FI","og_type":"article","og_title":"TEHO Uuninpuhdistaja | Hitech Chemicals","og_description":"Eritt\u00e4in tehokas ja nopeavaikutteinen em\u00e4ksinen uunien, liesien, parilloiden ja rasvakeittimien puhdistusaine ammattik\u00e4ytt\u00f6\u00f6n. Se tunkeutuu tehokkaasti rasvaan ja hiiltyneeseen likaan ja muuttaa ne helposti poistettavaksi saippualiuokseksi. TEHO Uuninpuhdistaja tarttuu tehokkaasti uunin kattoon ja seiniin, mik\u00e4 varmistaa pidemm\u00e4n vaikutusajan ja ly\u00f6m\u00e4tt\u00f6m\u00e4n puhdistustehon.","og_url":"https:\/\/www.hitech.fi\/hitech\/product\/teho-uuninpuhdistaja\/","og_site_name":"Hitech Chemicals","article_publisher":"https:\/\/www.facebook.com\/hitechfinland","article_modified_time":"2024-05-10T10:58:18+00:00","og_image":[{"width":1024,"height":1024,"url":"https:\/\/www.hitech.fi\/hitech\/wp-content\/uploads\/2018\/11\/hires_TEHO_Uuninpuhdistaja_v2.jpg","type":"image\/jpeg"}],"twitter_card":"summary_large_image","twitter_misc":{"Arvioitu lukuaika":"2 minuuttia"},"schema":{"@context":"https:\/\/schema.org","@graph":[{"@type":"WebPage","@id":"https:\/\/www.hitech.fi\/hitech\/product\/teho-uuninpuhdistaja\/","url":"https:\/\/www.hitech.fi\/hitech\/product\/teho-uuninpuhdistaja\/","name":"TEHO Uuninpuhdistaja | Hitech Chemicals","isPartOf":{"@id":"https:\/\/www.hitech.fi\/hitech\/#website"},"primaryImageOfPage":{"@id":"https:\/\/www.hitech.fi\/hitech\/product\/teho-uuninpuhdistaja\/#primaryimage"},"image":{"@id":"https:\/\/www.hitech.fi\/hitech\/product\/teho-uuninpuhdistaja\/#primaryimage"},"thumbnailUrl":"https:\/\/www.hitech.fi\/hitech\/wp-content\/uploads\/2018\/11\/hires_TEHO_Uuninpuhdistaja_v2.jpg","datePublished":"2023-10-18T13:32:40+00:00","dateModified":"2024-05-10T10:58:18+00:00","breadcrumb":{"@id":"https:\/\/www.hitech.fi\/hitech\/product\/teho-uuninpuhdistaja\/#breadcrumb"},"inLanguage":"fi","potentialAction":[{"@type":"ReadAction","target":["https:\/\/www.hitech.fi\/hitech\/product\/teho-uuninpuhdistaja\/"]}]},{"@type":"ImageObject","inLanguage":"fi","@id":"https:\/\/www.hitech.fi\/hitech\/product\/teho-uuninpuhdistaja\/#primaryimage","url":"https:\/\/www.hitech.fi\/hitech\/wp-content\/uploads\/2018\/11\/hires_TEHO_Uuninpuhdistaja_v2.jpg","contentUrl":"https:\/\/www.hitech.fi\/hitech\/wp-content\/uploads\/2018\/11\/hires_TEHO_Uuninpuhdistaja_v2.jpg","width":1024,"height":1024,"caption":"TEHO Uuninpuhdistaja ammattik\u00e4ytt\u00f6\u00f6n"},{"@type":"BreadcrumbList","@id":"https:\/\/www.hitech.fi\/hitech\/product\/teho-uuninpuhdistaja\/#breadcrumb","itemListElement":[{"@type":"ListItem","position":1,"name":"Etusivu","item":"https:\/\/www.hitech.fi\/hitech\/"},{"@type":"ListItem","position":2,"name":"Katalogi","item":"https:\/\/www.hitech.fi\/hitech\/katalogi\/"},{"@type":"ListItem","position":3,"name":"TEHO Uuninpuhdistaja"}]},{"@type":"WebSite","@id":"https:\/\/www.hitech.fi\/hitech\/#website","url":"https:\/\/www.hitech.fi\/hitech\/","name":"Hitech Chemicals","description":"Puhdistusaineet ja huoltotuotteet","publisher":{"@id":"https:\/\/www.hitech.fi\/hitech\/#organization"},"potentialAction":[{"@type":"SearchAction","target":{"@type":"EntryPoint","urlTemplate":"https:\/\/www.hitech.fi\/hitech\/?s={search_term_string}"},"query-input":{"@type":"PropertyValueSpecification","valueRequired":true,"valueName":"search_term_string"}}],"inLanguage":"fi"},{"@type":"Organization","@id":"https:\/\/www.hitech.fi\/hitech\/#organization","name":"Hitech Chemicals","alternateName":"Hitech","url":"https:\/\/www.hitech.fi\/hitech\/","logo":{"@type":"ImageObject","inLanguage":"fi","@id":"https:\/\/www.hitech.fi\/hitech\/#\/schema\/logo\/image\/","url":"https:\/\/www.hitech.fi\/hitech\/wp-content\/uploads\/2023\/06\/cropped-hitech_logo_600x600.png","contentUrl":"https:\/\/www.hitech.fi\/hitech\/wp-content\/uploads\/2023\/06\/cropped-hitech_logo_600x600.png","width":512,"height":512,"caption":"Hitech Chemicals"},"image":{"@id":"https:\/\/www.hitech.fi\/hitech\/#\/schema\/logo\/image\/"},"sameAs":["https:\/\/www.facebook.com\/hitechfinland"]}]}},"_links":{"self":[{"href":"https:\/\/www.hitech.fi\/hitech\/wp-json\/wp\/v2\/product\/838","targetHints":{"allow":["GET"]}}],"collection":[{"href":"https:\/\/www.hitech.fi\/hitech\/wp-json\/wp\/v2\/product"}],"about":[{"href":"https:\/\/www.hitech.fi\/hitech\/wp-json\/wp\/v2\/types\/product"}],"replies":[{"embeddable":true,"href":"https:\/\/www.hitech.fi\/hitech\/wp-json\/wp\/v2\/comments?post=838"}],"wp:featuredmedia":[{"embeddable":true,"href":"https:\/\/www.hitech.fi\/hitech\/wp-json\/wp\/v2\/media\/485"}],"wp:attachment":[{"href":"https:\/\/www.hitech.fi\/hitech\/wp-json\/wp\/v2\/media?parent=838"}],"wp:term":[{"taxonomy":"product_brand","embeddable":true,"href":"https:\/\/www.hitech.fi\/hitech\/wp-json\/wp\/v2\/product_brand?post=838"},{"taxonomy":"product_cat","embeddable":true,"href":"https:\/\/www.hitech.fi\/hitech\/wp-json\/wp\/v2\/product_cat?post=838"},{"taxonomy":"product_tag","embeddable":true,"href":"https:\/\/www.hitech.fi\/hitech\/wp-json\/wp\/v2\/product_tag?post=838"}],"curies":[{"name":"wp","href":"https:\/\/api.w.org\/{rel}","templated":true}]}}