{"id":829,"date":"2023-10-18T16:05:25","date_gmt":"2023-10-18T13:05:25","guid":{"rendered":"https:\/\/www.hitech.fi\/hitech\/?post_type=product&#038;p=829"},"modified":"2024-05-10T14:02:40","modified_gmt":"2024-05-10T11:02:40","slug":"teho-super-viemarirae-viemarinavaaja","status":"publish","type":"product","link":"https:\/\/www.hitech.fi\/hitech\/product\/teho-super-viemarirae-viemarinavaaja\/","title":{"rendered":"TEHO Super Viem\u00e4rirae -viem\u00e4rinavaaja"},"content":{"rendered":"<p><strong>TEHO Super Viem\u00e4rirae on eritt\u00e4in tehokas tukkeutuneiden viem\u00e4reiden avaaja, joka avaa viem\u00e4reiden tukokset nopeasti. <\/strong><\/p>\n<p><strong>Taloudellinen 1 kg s\u00e4\u00e4st\u00f6pakkaus.<\/strong><\/p>\n<p>&nbsp;<\/p>\n<p>Toimii sek\u00e4 kylm\u00e4ss\u00e4, ett\u00e4 l\u00e4mpim\u00e4ss\u00e4 vedess\u00e4.<\/p>\n<p>Tuote ei vahingoita muovi-, eik\u00e4 valurautaputkia.<\/p>\n<p>Vaikeissa kohteissa voidaan k\u00e4ytt\u00e4\u00e4 my\u00f6s viem\u00e4ritukkeutumien ennaltaehk\u00e4isyyn, esim. kerran viikossa.<\/p>\n<p><strong>\u00a0<\/strong><\/p>\n<p><strong>HUOM. AMMATTIK\u00c4YTT\u00d6\u00d6N!<\/strong><\/p>\n<p><strong>K\u00c4YTT\u00d6OHJE:<\/strong><\/p>\n<ol>\n<li>Mik\u00e4li altaassa on runsaasti vett\u00e4, tyhjenn\u00e4 allas vedest\u00e4.<\/li>\n<li>Kaada rakeita (0,5 \u2013 2 dl) hitaasti avattavan viem\u00e4rin sihtiaukon tai lattiakaivon kautta viem\u00e4riin. HUOM! Yliannostus ei lis\u00e4\u00e4 tehoa.<\/li>\n<li>Sulje pakkauksen korkki.<\/li>\n<li>Lis\u00e4\u00e4 hieman vett\u00e4 ja anna vaikuttaa 10-30 minuuttia.<\/li>\n<li>Huuhtele runsaalla vedell\u00e4.<\/li>\n<\/ol>\n<p><strong>\u00a0<\/strong><\/p>\n<p><strong>HUOM! \u00c4l\u00e4 sekoita muihin kemikaaleihin. <\/strong><\/p>\n<p><strong>K\u00e4ytett\u00e4v\u00e4 aina asianmukaisia suojavarusteita.<\/strong><\/p>\n<p><strong>HUOM!<\/strong> Tuote on voimakkaasti em\u00e4ksinen pH 14!<\/p>\n<p>(10 g \/ 100 ml H2O).<\/p>\n<p><strong>\u00a0<\/strong><\/p>\n<p><strong>Sis\u00e4lt\u00e4\u00e4: <\/strong>Kaliumhydroksia<\/p>\n<p>Tuotenumero: 4950<br \/>\nLVI-Numero: 3280835<\/p>\n<p>Tuote on pakattu 1 kg muoviastiaan. Myyntier\u00e4 on yksi (1) laatikko, joka sis\u00e4lt\u00e4\u00e4 12 astiaa.<br \/>\nAmmattik\u00e4ytt\u00f6\u00f6n.<\/p>\n","protected":false},"excerpt":{"rendered":"<p><strong>TEHO Super Viem\u00e4rirae <\/strong>on eritt\u00e4in tehokas tukkeutuneiden viem\u00e4reiden avaaja, joka avaa viem\u00e4reiden tukokset nopeasti.<\/p>\n[maxbutton id=\"2\" url=\"https:\/\/www.hitech.fi\/hitech\/wp-content\/uploads\/2023\/12\/TEHO_Super_Viemarirae_web.pdf\" text=\"Lataa tuotekortti\" window=\"new\" ]\n","protected":false},"featured_media":570,"comment_status":"closed","ping_status":"closed","template":"","meta":[],"product_brand":[],"product_cat":[97,136,138,133,128],"product_tag":[],"class_list":{"0":"post-829","1":"product","2":"type-product","3":"status-publish","4":"has-post-thumbnail","6":"product_cat-huoltokemikaalit","7":"product_cat-keittio-ja-elintarviketeollisuus","8":"product_cat-kiinteistohuolto","9":"product_cat-toimialat","10":"product_cat-viemareiden-putkien-avaus-ja-hoito","12":"first","13":"instock","14":"shipping-taxable","15":"product-type-simple"},"yoast_head":"<!-- This site is optimized with the Yoast SEO plugin v24.3 - https:\/\/yoast.com\/wordpress\/plugins\/seo\/ -->\n<title>TEHO Super Viem\u00e4rirae -viem\u00e4rinavaaja | Hitech Chemicals<\/title>\n<meta name=\"robots\" content=\"index, follow, max-snippet:-1, max-image-preview:large, max-video-preview:-1\" \/>\n<link rel=\"canonical\" href=\"https:\/\/www.hitech.fi\/hitech\/product\/teho-super-viemarirae-viemarinavaaja\/\" \/>\n<meta property=\"og:locale\" content=\"fi_FI\" \/>\n<meta property=\"og:type\" content=\"article\" \/>\n<meta property=\"og:title\" content=\"TEHO Super Viem\u00e4rirae -viem\u00e4rinavaaja | Hitech Chemicals\" \/>\n<meta property=\"og:description\" content=\"TEHO Super Viem\u00e4rirae on eritt\u00e4in tehokas tukkeutuneiden viem\u00e4reiden avaaja, joka avaa viem\u00e4reiden tukokset nopeasti.\" \/>\n<meta property=\"og:url\" content=\"https:\/\/www.hitech.fi\/hitech\/product\/teho-super-viemarirae-viemarinavaaja\/\" \/>\n<meta property=\"og:site_name\" content=\"Hitech Chemicals\" \/>\n<meta property=\"article:publisher\" content=\"https:\/\/www.facebook.com\/hitechfinland\" \/>\n<meta property=\"article:modified_time\" content=\"2024-05-10T11:02:40+00:00\" \/>\n<meta property=\"og:image\" content=\"https:\/\/www.hitech.fi\/hitech\/wp-content\/uploads\/2022\/03\/Hires_TEHO_Super_Viem\u00e4rirae_v2.jpg\" \/>\n\t<meta property=\"og:image:width\" content=\"1024\" \/>\n\t<meta property=\"og:image:height\" content=\"1024\" \/>\n\t<meta property=\"og:image:type\" content=\"image\/jpeg\" \/>\n<meta name=\"twitter:card\" content=\"summary_large_image\" \/>\n<meta name=\"twitter:label1\" content=\"Arvioitu lukuaika\" \/>\n\t<meta name=\"twitter:data1\" content=\"1 minuutti\" \/>\n<script type=\"application\/ld+json\" class=\"yoast-schema-graph\">{\"@context\":\"https:\/\/schema.org\",\"@graph\":[{\"@type\":\"WebPage\",\"@id\":\"https:\/\/www.hitech.fi\/hitech\/product\/teho-super-viemarirae-viemarinavaaja\/\",\"url\":\"https:\/\/www.hitech.fi\/hitech\/product\/teho-super-viemarirae-viemarinavaaja\/\",\"name\":\"TEHO Super Viem\u00e4rirae -viem\u00e4rinavaaja | Hitech Chemicals\",\"isPartOf\":{\"@id\":\"https:\/\/www.hitech.fi\/hitech\/#website\"},\"primaryImageOfPage\":{\"@id\":\"https:\/\/www.hitech.fi\/hitech\/product\/teho-super-viemarirae-viemarinavaaja\/#primaryimage\"},\"image\":{\"@id\":\"https:\/\/www.hitech.fi\/hitech\/product\/teho-super-viemarirae-viemarinavaaja\/#primaryimage\"},\"thumbnailUrl\":\"https:\/\/www.hitech.fi\/hitech\/wp-content\/uploads\/2022\/03\/Hires_TEHO_Super_Viem\u00e4rirae_v2.jpg\",\"datePublished\":\"2023-10-18T13:05:25+00:00\",\"dateModified\":\"2024-05-10T11:02:40+00:00\",\"breadcrumb\":{\"@id\":\"https:\/\/www.hitech.fi\/hitech\/product\/teho-super-viemarirae-viemarinavaaja\/#breadcrumb\"},\"inLanguage\":\"fi\",\"potentialAction\":[{\"@type\":\"ReadAction\",\"target\":[\"https:\/\/www.hitech.fi\/hitech\/product\/teho-super-viemarirae-viemarinavaaja\/\"]}]},{\"@type\":\"ImageObject\",\"inLanguage\":\"fi\",\"@id\":\"https:\/\/www.hitech.fi\/hitech\/product\/teho-super-viemarirae-viemarinavaaja\/#primaryimage\",\"url\":\"https:\/\/www.hitech.fi\/hitech\/wp-content\/uploads\/2022\/03\/Hires_TEHO_Super_Viem\u00e4rirae_v2.jpg\",\"contentUrl\":\"https:\/\/www.hitech.fi\/hitech\/wp-content\/uploads\/2022\/03\/Hires_TEHO_Super_Viem\u00e4rirae_v2.jpg\",\"width\":1024,\"height\":1024,\"caption\":\"TEHO Super Viem\u00e4rirae 1 kg\"},{\"@type\":\"BreadcrumbList\",\"@id\":\"https:\/\/www.hitech.fi\/hitech\/product\/teho-super-viemarirae-viemarinavaaja\/#breadcrumb\",\"itemListElement\":[{\"@type\":\"ListItem\",\"position\":1,\"name\":\"Etusivu\",\"item\":\"https:\/\/www.hitech.fi\/hitech\/\"},{\"@type\":\"ListItem\",\"position\":2,\"name\":\"Katalogi\",\"item\":\"https:\/\/www.hitech.fi\/hitech\/katalogi\/\"},{\"@type\":\"ListItem\",\"position\":3,\"name\":\"TEHO Super Viem\u00e4rirae -viem\u00e4rinavaaja\"}]},{\"@type\":\"WebSite\",\"@id\":\"https:\/\/www.hitech.fi\/hitech\/#website\",\"url\":\"https:\/\/www.hitech.fi\/hitech\/\",\"name\":\"Hitech Chemicals\",\"description\":\"Puhdistusaineet ja huoltotuotteet\",\"publisher\":{\"@id\":\"https:\/\/www.hitech.fi\/hitech\/#organization\"},\"potentialAction\":[{\"@type\":\"SearchAction\",\"target\":{\"@type\":\"EntryPoint\",\"urlTemplate\":\"https:\/\/www.hitech.fi\/hitech\/?s={search_term_string}\"},\"query-input\":{\"@type\":\"PropertyValueSpecification\",\"valueRequired\":true,\"valueName\":\"search_term_string\"}}],\"inLanguage\":\"fi\"},{\"@type\":\"Organization\",\"@id\":\"https:\/\/www.hitech.fi\/hitech\/#organization\",\"name\":\"Hitech Chemicals\",\"alternateName\":\"Hitech\",\"url\":\"https:\/\/www.hitech.fi\/hitech\/\",\"logo\":{\"@type\":\"ImageObject\",\"inLanguage\":\"fi\",\"@id\":\"https:\/\/www.hitech.fi\/hitech\/#\/schema\/logo\/image\/\",\"url\":\"https:\/\/www.hitech.fi\/hitech\/wp-content\/uploads\/2023\/06\/cropped-hitech_logo_600x600.png\",\"contentUrl\":\"https:\/\/www.hitech.fi\/hitech\/wp-content\/uploads\/2023\/06\/cropped-hitech_logo_600x600.png\",\"width\":512,\"height\":512,\"caption\":\"Hitech Chemicals\"},\"image\":{\"@id\":\"https:\/\/www.hitech.fi\/hitech\/#\/schema\/logo\/image\/\"},\"sameAs\":[\"https:\/\/www.facebook.com\/hitechfinland\"]}]}<\/script>\n<!-- \/ Yoast SEO plugin. -->","yoast_head_json":{"title":"TEHO Super Viem\u00e4rirae -viem\u00e4rinavaaja | Hitech Chemicals","robots":{"index":"index","follow":"follow","max-snippet":"max-snippet:-1","max-image-preview":"max-image-preview:large","max-video-preview":"max-video-preview:-1"},"canonical":"https:\/\/www.hitech.fi\/hitech\/product\/teho-super-viemarirae-viemarinavaaja\/","og_locale":"fi_FI","og_type":"article","og_title":"TEHO Super Viem\u00e4rirae -viem\u00e4rinavaaja | Hitech Chemicals","og_description":"TEHO Super Viem\u00e4rirae on eritt\u00e4in tehokas tukkeutuneiden viem\u00e4reiden avaaja, joka avaa viem\u00e4reiden tukokset nopeasti.","og_url":"https:\/\/www.hitech.fi\/hitech\/product\/teho-super-viemarirae-viemarinavaaja\/","og_site_name":"Hitech Chemicals","article_publisher":"https:\/\/www.facebook.com\/hitechfinland","article_modified_time":"2024-05-10T11:02:40+00:00","og_image":[{"width":1024,"height":1024,"url":"https:\/\/www.hitech.fi\/hitech\/wp-content\/uploads\/2022\/03\/Hires_TEHO_Super_Viem\u00e4rirae_v2.jpg","type":"image\/jpeg"}],"twitter_card":"summary_large_image","twitter_misc":{"Arvioitu lukuaika":"1 minuutti"},"schema":{"@context":"https:\/\/schema.org","@graph":[{"@type":"WebPage","@id":"https:\/\/www.hitech.fi\/hitech\/product\/teho-super-viemarirae-viemarinavaaja\/","url":"https:\/\/www.hitech.fi\/hitech\/product\/teho-super-viemarirae-viemarinavaaja\/","name":"TEHO Super Viem\u00e4rirae -viem\u00e4rinavaaja | Hitech Chemicals","isPartOf":{"@id":"https:\/\/www.hitech.fi\/hitech\/#website"},"primaryImageOfPage":{"@id":"https:\/\/www.hitech.fi\/hitech\/product\/teho-super-viemarirae-viemarinavaaja\/#primaryimage"},"image":{"@id":"https:\/\/www.hitech.fi\/hitech\/product\/teho-super-viemarirae-viemarinavaaja\/#primaryimage"},"thumbnailUrl":"https:\/\/www.hitech.fi\/hitech\/wp-content\/uploads\/2022\/03\/Hires_TEHO_Super_Viem\u00e4rirae_v2.jpg","datePublished":"2023-10-18T13:05:25+00:00","dateModified":"2024-05-10T11:02:40+00:00","breadcrumb":{"@id":"https:\/\/www.hitech.fi\/hitech\/product\/teho-super-viemarirae-viemarinavaaja\/#breadcrumb"},"inLanguage":"fi","potentialAction":[{"@type":"ReadAction","target":["https:\/\/www.hitech.fi\/hitech\/product\/teho-super-viemarirae-viemarinavaaja\/"]}]},{"@type":"ImageObject","inLanguage":"fi","@id":"https:\/\/www.hitech.fi\/hitech\/product\/teho-super-viemarirae-viemarinavaaja\/#primaryimage","url":"https:\/\/www.hitech.fi\/hitech\/wp-content\/uploads\/2022\/03\/Hires_TEHO_Super_Viem\u00e4rirae_v2.jpg","contentUrl":"https:\/\/www.hitech.fi\/hitech\/wp-content\/uploads\/2022\/03\/Hires_TEHO_Super_Viem\u00e4rirae_v2.jpg","width":1024,"height":1024,"caption":"TEHO Super Viem\u00e4rirae 1 kg"},{"@type":"BreadcrumbList","@id":"https:\/\/www.hitech.fi\/hitech\/product\/teho-super-viemarirae-viemarinavaaja\/#breadcrumb","itemListElement":[{"@type":"ListItem","position":1,"name":"Etusivu","item":"https:\/\/www.hitech.fi\/hitech\/"},{"@type":"ListItem","position":2,"name":"Katalogi","item":"https:\/\/www.hitech.fi\/hitech\/katalogi\/"},{"@type":"ListItem","position":3,"name":"TEHO Super Viem\u00e4rirae -viem\u00e4rinavaaja"}]},{"@type":"WebSite","@id":"https:\/\/www.hitech.fi\/hitech\/#website","url":"https:\/\/www.hitech.fi\/hitech\/","name":"Hitech Chemicals","description":"Puhdistusaineet ja huoltotuotteet","publisher":{"@id":"https:\/\/www.hitech.fi\/hitech\/#organization"},"potentialAction":[{"@type":"SearchAction","target":{"@type":"EntryPoint","urlTemplate":"https:\/\/www.hitech.fi\/hitech\/?s={search_term_string}"},"query-input":{"@type":"PropertyValueSpecification","valueRequired":true,"valueName":"search_term_string"}}],"inLanguage":"fi"},{"@type":"Organization","@id":"https:\/\/www.hitech.fi\/hitech\/#organization","name":"Hitech Chemicals","alternateName":"Hitech","url":"https:\/\/www.hitech.fi\/hitech\/","logo":{"@type":"ImageObject","inLanguage":"fi","@id":"https:\/\/www.hitech.fi\/hitech\/#\/schema\/logo\/image\/","url":"https:\/\/www.hitech.fi\/hitech\/wp-content\/uploads\/2023\/06\/cropped-hitech_logo_600x600.png","contentUrl":"https:\/\/www.hitech.fi\/hitech\/wp-content\/uploads\/2023\/06\/cropped-hitech_logo_600x600.png","width":512,"height":512,"caption":"Hitech Chemicals"},"image":{"@id":"https:\/\/www.hitech.fi\/hitech\/#\/schema\/logo\/image\/"},"sameAs":["https:\/\/www.facebook.com\/hitechfinland"]}]}},"_links":{"self":[{"href":"https:\/\/www.hitech.fi\/hitech\/wp-json\/wp\/v2\/product\/829","targetHints":{"allow":["GET"]}}],"collection":[{"href":"https:\/\/www.hitech.fi\/hitech\/wp-json\/wp\/v2\/product"}],"about":[{"href":"https:\/\/www.hitech.fi\/hitech\/wp-json\/wp\/v2\/types\/product"}],"replies":[{"embeddable":true,"href":"https:\/\/www.hitech.fi\/hitech\/wp-json\/wp\/v2\/comments?post=829"}],"wp:featuredmedia":[{"embeddable":true,"href":"https:\/\/www.hitech.fi\/hitech\/wp-json\/wp\/v2\/media\/570"}],"wp:attachment":[{"href":"https:\/\/www.hitech.fi\/hitech\/wp-json\/wp\/v2\/media?parent=829"}],"wp:term":[{"taxonomy":"product_brand","embeddable":true,"href":"https:\/\/www.hitech.fi\/hitech\/wp-json\/wp\/v2\/product_brand?post=829"},{"taxonomy":"product_cat","embeddable":true,"href":"https:\/\/www.hitech.fi\/hitech\/wp-json\/wp\/v2\/product_cat?post=829"},{"taxonomy":"product_tag","embeddable":true,"href":"https:\/\/www.hitech.fi\/hitech\/wp-json\/wp\/v2\/product_tag?post=829"}],"curies":[{"name":"wp","href":"https:\/\/api.w.org\/{rel}","templated":true}]}}