{"id":827,"date":"2023-10-18T15:56:01","date_gmt":"2023-10-18T12:56:01","guid":{"rendered":"https:\/\/www.hitech.fi\/hitech\/?post_type=product&#038;p=827"},"modified":"2024-05-10T14:04:04","modified_gmt":"2024-05-10T11:04:04","slug":"teho-super-lattiapesu","status":"publish","type":"product","link":"https:\/\/www.hitech.fi\/hitech\/product\/teho-super-lattiapesu\/","title":{"rendered":"TEHO Super Lattiapesu"},"content":{"rendered":"<p><u>Uudistunut ja entist\u00e4 tehokkaampi !<\/u><\/p>\n<p><strong>TEHO Super Lattiapesu on eritt\u00e4in tehokas hankaava ja v\u00e4h\u00e4n vaahtoava puhdistusaine \/ rasvanpoistaja teollisuuslattioiden, autohallien, ym. vaikeiden lattiapintojen puhdistukseen. <\/strong><\/p>\n<p>TEHO Super Lattiapesu on ammattik\u00e4ytt\u00f6\u00f6n suunniteltu rasvanpoisto\/puhdistusaine, jota suositellaan eritt\u00e4in vaikeasti puhdistettavien lattioiden pesuun ja yll\u00e4pitoon.<\/p>\n<p>Suositellaan k\u00e4ytett\u00e4v\u00e4ksi kaikissa teollisuustiloissa, joissa \u00f6ljy, rasva, diesel, renkaan j\u00e4ljet, jne. ovat ongelma. Kuten esim. raskaankaluston varikoilla\/pesupaikoissa, varastoissa, autohalleissa, \u00f6ljynjalostamoissa jne.<\/p>\n<p>V\u00e4h\u00e4n vaahtoava, soveltuu k\u00e4ytett\u00e4v\u00e4ksi lattianpesukoneissa.<\/p>\n<p>Poistaa tehokkaasti my\u00f6s renkaan j\u00e4lki\u00e4. Biohajoava.<\/p>\n<p><strong><br \/>\n<\/strong><\/p>\n<p><strong>HUOM. AMMATTIK\u00c4YTT\u00d6\u00d6N!<\/strong><\/p>\n<p><strong>K\u00c4YTT\u00d6OHJE:<\/strong><\/p>\n<ul>\n<li>Lattianpesukoneet: sekoita p\u00e4ivitt\u00e4isess\u00e4 pesussa 1-2% ja kausipesussa 2-5% k\u00e4ytt\u00f6liuos kohteen likaisuudesta riippuen.<\/li>\n<li>Manuaalinen pesu: sekoita 2-10% k\u00e4ytt\u00f6liuos kohteen likaisuudesta riippuen. Anna vaikuttaa muutama minuutti, k\u00e4yt\u00e4 harjaa ja\/tai painepesuria, huuhtele huolellisesti runsaalla vedell\u00e4. Parhaan lopputuloksen saamiseksi, k\u00e4yt\u00e4 l\u00e4mmint\u00e4 vett\u00e4.<\/li>\n<\/ul>\n<p>&nbsp;<\/p>\n<p><strong>Suositellaan k\u00e4ytett\u00e4v\u00e4ksi:<\/strong><\/p>\n<ul>\n<li>Teollisuudessa<\/li>\n<li>Raskaankaluston varikoilla\/pesupaikoilla<\/li>\n<li>Varastoissa<\/li>\n<li>Autohalleissa<\/li>\n<li>\u00d6ljynjalostamoissa<\/li>\n<li>Korjaamoissa<\/li>\n<\/ul>\n<p>&nbsp;<\/p>\n<p>Tuotenumero: 2335<\/p>\n<p>Tuote on pakattu 10 Litran muoviastiaan. Myyntier\u00e4 on yksi (1) astia. Vain ammattik\u00e4ytt\u00f6\u00f6n.<\/p>\n","protected":false},"excerpt":{"rendered":"<p><strong>TEHO Super Lattiapesu <\/strong>on eritt\u00e4in tehokas hankaava ja v\u00e4h\u00e4n vaahtoava puhdistusaine \/ rasvanpoistaja teollisuuslattioiden, autohallien, ym. vaikeiden lattiapintojen puhdistukseen. Lattianpesukoneille tai manuaaliseen pesuun.<\/p>\n[maxbutton id=\"2\" url=\"https:\/\/www.hitech.fi\/hitech\/wp-content\/uploads\/2023\/12\/TEHO_Super_Lattiapesu_web.pdf\" text=\"Lataa tuotekortti\" window=\"new\" ]\n","protected":false},"featured_media":254,"comment_status":"closed","ping_status":"closed","template":"","meta":[],"product_brand":[],"product_cat":[147,138,124,96,135,133],"product_tag":[],"class_list":{"0":"post-827","1":"product","2":"type-product","3":"status-publish","4":"has-post-thumbnail","6":"product_cat-huolto-ja-korjaus","7":"product_cat-kiinteistohuolto","8":"product_cat-lattiapesu","9":"product_cat-pesuaineet","10":"product_cat-teollisuus","11":"product_cat-toimialat","13":"first","14":"instock","15":"shipping-taxable","16":"product-type-simple"},"yoast_head":"<!-- This site is optimized with the Yoast SEO plugin v24.3 - https:\/\/yoast.com\/wordpress\/plugins\/seo\/ -->\n<title>TEHO Super Lattiapesu | Hitech Chemicals<\/title>\n<meta name=\"robots\" content=\"index, follow, max-snippet:-1, max-image-preview:large, max-video-preview:-1\" \/>\n<link rel=\"canonical\" href=\"https:\/\/www.hitech.fi\/hitech\/product\/teho-super-lattiapesu\/\" \/>\n<meta property=\"og:locale\" content=\"fi_FI\" \/>\n<meta property=\"og:type\" content=\"article\" \/>\n<meta property=\"og:title\" content=\"TEHO Super Lattiapesu | Hitech Chemicals\" \/>\n<meta property=\"og:description\" content=\"TEHO Super Lattiapesu on eritt\u00e4in tehokas hankaava ja v\u00e4h\u00e4n vaahtoava puhdistusaine \/ rasvanpoistaja teollisuuslattioiden, autohallien, ym. vaikeiden lattiapintojen puhdistukseen. Lattianpesukoneille tai manuaaliseen pesuun.\" \/>\n<meta property=\"og:url\" content=\"https:\/\/www.hitech.fi\/hitech\/product\/teho-super-lattiapesu\/\" \/>\n<meta property=\"og:site_name\" content=\"Hitech Chemicals\" \/>\n<meta property=\"article:publisher\" content=\"https:\/\/www.facebook.com\/hitechfinland\" \/>\n<meta property=\"article:modified_time\" content=\"2024-05-10T11:04:04+00:00\" \/>\n<meta property=\"og:image\" content=\"https:\/\/www.hitech.fi\/hitech\/wp-content\/uploads\/2014\/02\/Hires_TEHO_Super_Lattiapesu.jpg\" \/>\n\t<meta property=\"og:image:width\" content=\"1024\" \/>\n\t<meta property=\"og:image:height\" content=\"1024\" \/>\n\t<meta property=\"og:image:type\" content=\"image\/jpeg\" \/>\n<meta name=\"twitter:card\" content=\"summary_large_image\" \/>\n<meta name=\"twitter:label1\" content=\"Arvioitu lukuaika\" \/>\n\t<meta name=\"twitter:data1\" content=\"1 minuutti\" \/>\n<script type=\"application\/ld+json\" class=\"yoast-schema-graph\">{\"@context\":\"https:\/\/schema.org\",\"@graph\":[{\"@type\":\"WebPage\",\"@id\":\"https:\/\/www.hitech.fi\/hitech\/product\/teho-super-lattiapesu\/\",\"url\":\"https:\/\/www.hitech.fi\/hitech\/product\/teho-super-lattiapesu\/\",\"name\":\"TEHO Super Lattiapesu | Hitech Chemicals\",\"isPartOf\":{\"@id\":\"https:\/\/www.hitech.fi\/hitech\/#website\"},\"primaryImageOfPage\":{\"@id\":\"https:\/\/www.hitech.fi\/hitech\/product\/teho-super-lattiapesu\/#primaryimage\"},\"image\":{\"@id\":\"https:\/\/www.hitech.fi\/hitech\/product\/teho-super-lattiapesu\/#primaryimage\"},\"thumbnailUrl\":\"https:\/\/www.hitech.fi\/hitech\/wp-content\/uploads\/2014\/02\/Hires_TEHO_Super_Lattiapesu.jpg\",\"datePublished\":\"2023-10-18T12:56:01+00:00\",\"dateModified\":\"2024-05-10T11:04:04+00:00\",\"breadcrumb\":{\"@id\":\"https:\/\/www.hitech.fi\/hitech\/product\/teho-super-lattiapesu\/#breadcrumb\"},\"inLanguage\":\"fi\",\"potentialAction\":[{\"@type\":\"ReadAction\",\"target\":[\"https:\/\/www.hitech.fi\/hitech\/product\/teho-super-lattiapesu\/\"]}]},{\"@type\":\"ImageObject\",\"inLanguage\":\"fi\",\"@id\":\"https:\/\/www.hitech.fi\/hitech\/product\/teho-super-lattiapesu\/#primaryimage\",\"url\":\"https:\/\/www.hitech.fi\/hitech\/wp-content\/uploads\/2014\/02\/Hires_TEHO_Super_Lattiapesu.jpg\",\"contentUrl\":\"https:\/\/www.hitech.fi\/hitech\/wp-content\/uploads\/2014\/02\/Hires_TEHO_Super_Lattiapesu.jpg\",\"width\":1024,\"height\":1024,\"caption\":\"TEHO Super Lattiapesu lattianpesukoneille\"},{\"@type\":\"BreadcrumbList\",\"@id\":\"https:\/\/www.hitech.fi\/hitech\/product\/teho-super-lattiapesu\/#breadcrumb\",\"itemListElement\":[{\"@type\":\"ListItem\",\"position\":1,\"name\":\"Etusivu\",\"item\":\"https:\/\/www.hitech.fi\/hitech\/\"},{\"@type\":\"ListItem\",\"position\":2,\"name\":\"Katalogi\",\"item\":\"https:\/\/www.hitech.fi\/hitech\/katalogi\/\"},{\"@type\":\"ListItem\",\"position\":3,\"name\":\"TEHO Super Lattiapesu\"}]},{\"@type\":\"WebSite\",\"@id\":\"https:\/\/www.hitech.fi\/hitech\/#website\",\"url\":\"https:\/\/www.hitech.fi\/hitech\/\",\"name\":\"Hitech Chemicals\",\"description\":\"Puhdistusaineet ja huoltotuotteet\",\"publisher\":{\"@id\":\"https:\/\/www.hitech.fi\/hitech\/#organization\"},\"potentialAction\":[{\"@type\":\"SearchAction\",\"target\":{\"@type\":\"EntryPoint\",\"urlTemplate\":\"https:\/\/www.hitech.fi\/hitech\/?s={search_term_string}\"},\"query-input\":{\"@type\":\"PropertyValueSpecification\",\"valueRequired\":true,\"valueName\":\"search_term_string\"}}],\"inLanguage\":\"fi\"},{\"@type\":\"Organization\",\"@id\":\"https:\/\/www.hitech.fi\/hitech\/#organization\",\"name\":\"Hitech Chemicals\",\"alternateName\":\"Hitech\",\"url\":\"https:\/\/www.hitech.fi\/hitech\/\",\"logo\":{\"@type\":\"ImageObject\",\"inLanguage\":\"fi\",\"@id\":\"https:\/\/www.hitech.fi\/hitech\/#\/schema\/logo\/image\/\",\"url\":\"https:\/\/www.hitech.fi\/hitech\/wp-content\/uploads\/2023\/06\/cropped-hitech_logo_600x600.png\",\"contentUrl\":\"https:\/\/www.hitech.fi\/hitech\/wp-content\/uploads\/2023\/06\/cropped-hitech_logo_600x600.png\",\"width\":512,\"height\":512,\"caption\":\"Hitech Chemicals\"},\"image\":{\"@id\":\"https:\/\/www.hitech.fi\/hitech\/#\/schema\/logo\/image\/\"},\"sameAs\":[\"https:\/\/www.facebook.com\/hitechfinland\"]}]}<\/script>\n<!-- \/ Yoast SEO plugin. -->","yoast_head_json":{"title":"TEHO Super Lattiapesu | Hitech Chemicals","robots":{"index":"index","follow":"follow","max-snippet":"max-snippet:-1","max-image-preview":"max-image-preview:large","max-video-preview":"max-video-preview:-1"},"canonical":"https:\/\/www.hitech.fi\/hitech\/product\/teho-super-lattiapesu\/","og_locale":"fi_FI","og_type":"article","og_title":"TEHO Super Lattiapesu | Hitech Chemicals","og_description":"TEHO Super Lattiapesu on eritt\u00e4in tehokas hankaava ja v\u00e4h\u00e4n vaahtoava puhdistusaine \/ rasvanpoistaja teollisuuslattioiden, autohallien, ym. vaikeiden lattiapintojen puhdistukseen. Lattianpesukoneille tai manuaaliseen pesuun.","og_url":"https:\/\/www.hitech.fi\/hitech\/product\/teho-super-lattiapesu\/","og_site_name":"Hitech Chemicals","article_publisher":"https:\/\/www.facebook.com\/hitechfinland","article_modified_time":"2024-05-10T11:04:04+00:00","og_image":[{"width":1024,"height":1024,"url":"https:\/\/www.hitech.fi\/hitech\/wp-content\/uploads\/2014\/02\/Hires_TEHO_Super_Lattiapesu.jpg","type":"image\/jpeg"}],"twitter_card":"summary_large_image","twitter_misc":{"Arvioitu lukuaika":"1 minuutti"},"schema":{"@context":"https:\/\/schema.org","@graph":[{"@type":"WebPage","@id":"https:\/\/www.hitech.fi\/hitech\/product\/teho-super-lattiapesu\/","url":"https:\/\/www.hitech.fi\/hitech\/product\/teho-super-lattiapesu\/","name":"TEHO Super Lattiapesu | Hitech Chemicals","isPartOf":{"@id":"https:\/\/www.hitech.fi\/hitech\/#website"},"primaryImageOfPage":{"@id":"https:\/\/www.hitech.fi\/hitech\/product\/teho-super-lattiapesu\/#primaryimage"},"image":{"@id":"https:\/\/www.hitech.fi\/hitech\/product\/teho-super-lattiapesu\/#primaryimage"},"thumbnailUrl":"https:\/\/www.hitech.fi\/hitech\/wp-content\/uploads\/2014\/02\/Hires_TEHO_Super_Lattiapesu.jpg","datePublished":"2023-10-18T12:56:01+00:00","dateModified":"2024-05-10T11:04:04+00:00","breadcrumb":{"@id":"https:\/\/www.hitech.fi\/hitech\/product\/teho-super-lattiapesu\/#breadcrumb"},"inLanguage":"fi","potentialAction":[{"@type":"ReadAction","target":["https:\/\/www.hitech.fi\/hitech\/product\/teho-super-lattiapesu\/"]}]},{"@type":"ImageObject","inLanguage":"fi","@id":"https:\/\/www.hitech.fi\/hitech\/product\/teho-super-lattiapesu\/#primaryimage","url":"https:\/\/www.hitech.fi\/hitech\/wp-content\/uploads\/2014\/02\/Hires_TEHO_Super_Lattiapesu.jpg","contentUrl":"https:\/\/www.hitech.fi\/hitech\/wp-content\/uploads\/2014\/02\/Hires_TEHO_Super_Lattiapesu.jpg","width":1024,"height":1024,"caption":"TEHO Super Lattiapesu lattianpesukoneille"},{"@type":"BreadcrumbList","@id":"https:\/\/www.hitech.fi\/hitech\/product\/teho-super-lattiapesu\/#breadcrumb","itemListElement":[{"@type":"ListItem","position":1,"name":"Etusivu","item":"https:\/\/www.hitech.fi\/hitech\/"},{"@type":"ListItem","position":2,"name":"Katalogi","item":"https:\/\/www.hitech.fi\/hitech\/katalogi\/"},{"@type":"ListItem","position":3,"name":"TEHO Super Lattiapesu"}]},{"@type":"WebSite","@id":"https:\/\/www.hitech.fi\/hitech\/#website","url":"https:\/\/www.hitech.fi\/hitech\/","name":"Hitech Chemicals","description":"Puhdistusaineet ja huoltotuotteet","publisher":{"@id":"https:\/\/www.hitech.fi\/hitech\/#organization"},"potentialAction":[{"@type":"SearchAction","target":{"@type":"EntryPoint","urlTemplate":"https:\/\/www.hitech.fi\/hitech\/?s={search_term_string}"},"query-input":{"@type":"PropertyValueSpecification","valueRequired":true,"valueName":"search_term_string"}}],"inLanguage":"fi"},{"@type":"Organization","@id":"https:\/\/www.hitech.fi\/hitech\/#organization","name":"Hitech Chemicals","alternateName":"Hitech","url":"https:\/\/www.hitech.fi\/hitech\/","logo":{"@type":"ImageObject","inLanguage":"fi","@id":"https:\/\/www.hitech.fi\/hitech\/#\/schema\/logo\/image\/","url":"https:\/\/www.hitech.fi\/hitech\/wp-content\/uploads\/2023\/06\/cropped-hitech_logo_600x600.png","contentUrl":"https:\/\/www.hitech.fi\/hitech\/wp-content\/uploads\/2023\/06\/cropped-hitech_logo_600x600.png","width":512,"height":512,"caption":"Hitech Chemicals"},"image":{"@id":"https:\/\/www.hitech.fi\/hitech\/#\/schema\/logo\/image\/"},"sameAs":["https:\/\/www.facebook.com\/hitechfinland"]}]}},"_links":{"self":[{"href":"https:\/\/www.hitech.fi\/hitech\/wp-json\/wp\/v2\/product\/827","targetHints":{"allow":["GET"]}}],"collection":[{"href":"https:\/\/www.hitech.fi\/hitech\/wp-json\/wp\/v2\/product"}],"about":[{"href":"https:\/\/www.hitech.fi\/hitech\/wp-json\/wp\/v2\/types\/product"}],"replies":[{"embeddable":true,"href":"https:\/\/www.hitech.fi\/hitech\/wp-json\/wp\/v2\/comments?post=827"}],"wp:featuredmedia":[{"embeddable":true,"href":"https:\/\/www.hitech.fi\/hitech\/wp-json\/wp\/v2\/media\/254"}],"wp:attachment":[{"href":"https:\/\/www.hitech.fi\/hitech\/wp-json\/wp\/v2\/media?parent=827"}],"wp:term":[{"taxonomy":"product_brand","embeddable":true,"href":"https:\/\/www.hitech.fi\/hitech\/wp-json\/wp\/v2\/product_brand?post=827"},{"taxonomy":"product_cat","embeddable":true,"href":"https:\/\/www.hitech.fi\/hitech\/wp-json\/wp\/v2\/product_cat?post=827"},{"taxonomy":"product_tag","embeddable":true,"href":"https:\/\/www.hitech.fi\/hitech\/wp-json\/wp\/v2\/product_tag?post=827"}],"curies":[{"name":"wp","href":"https:\/\/api.w.org\/{rel}","templated":true}]}}