{"id":826,"date":"2023-10-18T15:52:13","date_gmt":"2023-10-18T12:52:13","guid":{"rendered":"https:\/\/www.hitech.fi\/hitech\/?post_type=product&#038;p=826"},"modified":"2024-05-10T14:04:43","modified_gmt":"2024-05-10T11:04:43","slug":"teho-super-kasinpesu","status":"publish","type":"product","link":"https:\/\/www.hitech.fi\/hitech\/product\/teho-super-kasinpesu\/","title":{"rendered":"TEHO Super K\u00e4sinpesu"},"content":{"rendered":"<p><strong>TEHO Super K\u00e4sienpesu on eritt\u00e4in tehokas liuotinvapaa, hankaava korjaamoiden ja teollisuuden k\u00e4sienpesuaine.<\/strong><\/p>\n<p>TEHO Super K\u00e4sienpesu on eritt\u00e4in tehokas k\u00e4sienpesuaine poistamaan \u00f6ljy\u00e4, rasvaa, tervaa ja pike\u00e4, tuoretta maalia, jarrunestett\u00e4, jne. Suunniteltu poistamaan vaikeaa likaa k\u00e4sist\u00e4 hell\u00e4varaisesti.<\/p>\n<p>&nbsp;<\/p>\n<p>Tuote ei sis\u00e4ll\u00e4 liuottimia ja on biohajoava. Tuote sis\u00e4lt\u00e4\u00e4 korkealaatuista kosmetiikkateollisuuden k\u00e4ytt\u00e4m\u00e4\u00e4 polylaktidi raetta (PLA), joka tehostaa hankaavana aineena k\u00e4sien puhdistusta vaikeasta liasta. TEHO Super K\u00e4sienpesu on riittoisa, pieni m\u00e4\u00e4r\u00e4 riitt\u00e4\u00e4 vaikeankin lian puhdistukseen.<\/p>\n<p>&nbsp;<\/p>\n<p>Pesun j\u00e4lkeen k\u00e4det ovat puhtaat, hoidetut ja miellytt\u00e4v\u00e4n pehme\u00e4t. Sisa\u0308lta\u0308a\u0308 ka\u0308sia\u0308 hoitavaa lanoliinia. Tuote on anti-allerginen, eik\u00e4 yleens\u00e4 \u00e4rsyt\u00e4 herkk\u00e4\u00e4k\u00e4\u00e4n ihoa. Voidaan k\u00e4ytt\u00e4\u00e4 s\u00e4\u00e4nn\u00f6llisess\u00e4 k\u00e4sienpesussa useaan kertaan p\u00e4iv\u00e4ss\u00e4. Miellytt\u00e4v\u00e4 mieto sitruksen tuoksu. pH 6,0.<\/p>\n<p><strong>\u00a0<\/strong><\/p>\n<p><strong>K\u00c4YTT\u00d6OHJE:<\/strong><\/p>\n<ol>\n<li>Ota pieni m\u00e4\u00e4r\u00e4 tuotetta k\u00e4siin ja hiero k\u00e4si\u00e4 yhteen.<\/li>\n<li>Lis\u00e4\u00e4 hiukan vett\u00e4 ja jatka k\u00e4sien hieromista.<\/li>\n<li>Huuhtele k\u00e4det hyvin.<\/li>\n<\/ol>\n<p><strong>\u00a0<\/strong><\/p>\n<p>Tuotenumero: 1080<\/p>\n<p>Tuote on pakattu 3 kg muoviastiaan. Myyntier\u00e4 on yksi (1) laatikko, joka sis\u00e4lt\u00e4\u00e4 6 astiaa. Annostelupumppu myyd\u00e4\u00e4n erikseen (Tuotenumero 9035). Saatavilla my\u00f6s sein\u00e4teline. Ammattik\u00e4ytt\u00f6\u00f6n.<\/p>\n","protected":false},"excerpt":{"rendered":"<p><strong>TEHO Super K\u00e4sienpesu<\/strong> on eritt\u00e4in tehokas k\u00e4sienpesuaine poistamaan \u00f6ljy\u00e4, rasvaa, tervaa ja pike\u00e4, tuoretta maalia, jarrunestett\u00e4, jne. Suunniteltu poistamaan vaikeaa likaa k\u00e4sist\u00e4 hell\u00e4varaisesti.<\/p>\n[maxbutton id=\"2\" url=\"https:\/\/www.hitech.fi\/hitech\/wp-content\/uploads\/2023\/12\/TEHO_Super_Kasienpesu_web.pdf\" text=\"Lataa tuotekortti\" window=\"new\" ]\n","protected":false},"featured_media":365,"comment_status":"closed","ping_status":"closed","template":"","meta":[],"product_brand":[],"product_cat":[147,134,122,136,138,137,139,96,135,133],"product_tag":[],"class_list":{"0":"post-826","1":"product","2":"type-product","3":"status-publish","4":"has-post-thumbnail","6":"product_cat-huolto-ja-korjaus","7":"product_cat-kalusto-ja-ajoneuvot","8":"product_cat-kasienpuhdistus","9":"product_cat-keittio-ja-elintarviketeollisuus","10":"product_cat-kiinteistohuolto","11":"product_cat-maatalous","12":"product_cat-metsatalous","13":"product_cat-pesuaineet","14":"product_cat-teollisuus","15":"product_cat-toimialat","17":"first","18":"instock","19":"shipping-taxable","20":"product-type-simple"},"yoast_head":"<!-- This site is optimized with the Yoast SEO plugin v24.3 - https:\/\/yoast.com\/wordpress\/plugins\/seo\/ -->\n<title>TEHO Super K\u00e4sinpesu | Hitech Chemicals<\/title>\n<meta name=\"robots\" content=\"index, follow, max-snippet:-1, max-image-preview:large, max-video-preview:-1\" \/>\n<link rel=\"canonical\" href=\"https:\/\/www.hitech.fi\/hitech\/product\/teho-super-kasinpesu\/\" \/>\n<meta property=\"og:locale\" content=\"fi_FI\" \/>\n<meta property=\"og:type\" content=\"article\" \/>\n<meta property=\"og:title\" content=\"TEHO Super K\u00e4sinpesu | Hitech Chemicals\" \/>\n<meta property=\"og:description\" content=\"TEHO Super K\u00e4sienpesu on eritt\u00e4in tehokas k\u00e4sienpesuaine poistamaan \u00f6ljy\u00e4, rasvaa, tervaa ja pike\u00e4, tuoretta maalia, jarrunestett\u00e4, jne. Suunniteltu poistamaan vaikeaa likaa k\u00e4sist\u00e4 hell\u00e4varaisesti.\" \/>\n<meta property=\"og:url\" content=\"https:\/\/www.hitech.fi\/hitech\/product\/teho-super-kasinpesu\/\" \/>\n<meta property=\"og:site_name\" content=\"Hitech Chemicals\" \/>\n<meta property=\"article:publisher\" content=\"https:\/\/www.facebook.com\/hitechfinland\" \/>\n<meta property=\"article:modified_time\" content=\"2024-05-10T11:04:43+00:00\" \/>\n<meta property=\"og:image\" content=\"https:\/\/www.hitech.fi\/hitech\/wp-content\/uploads\/2017\/08\/Hires_TEHO_Super_K\u00e4sienpesu_uusi.jpg\" \/>\n\t<meta property=\"og:image:width\" content=\"1024\" \/>\n\t<meta property=\"og:image:height\" content=\"1024\" \/>\n\t<meta property=\"og:image:type\" content=\"image\/jpeg\" \/>\n<meta name=\"twitter:card\" content=\"summary_large_image\" \/>\n<meta name=\"twitter:label1\" content=\"Arvioitu lukuaika\" \/>\n\t<meta name=\"twitter:data1\" content=\"1 minuutti\" \/>\n<script type=\"application\/ld+json\" class=\"yoast-schema-graph\">{\"@context\":\"https:\/\/schema.org\",\"@graph\":[{\"@type\":\"WebPage\",\"@id\":\"https:\/\/www.hitech.fi\/hitech\/product\/teho-super-kasinpesu\/\",\"url\":\"https:\/\/www.hitech.fi\/hitech\/product\/teho-super-kasinpesu\/\",\"name\":\"TEHO Super K\u00e4sinpesu | Hitech Chemicals\",\"isPartOf\":{\"@id\":\"https:\/\/www.hitech.fi\/hitech\/#website\"},\"primaryImageOfPage\":{\"@id\":\"https:\/\/www.hitech.fi\/hitech\/product\/teho-super-kasinpesu\/#primaryimage\"},\"image\":{\"@id\":\"https:\/\/www.hitech.fi\/hitech\/product\/teho-super-kasinpesu\/#primaryimage\"},\"thumbnailUrl\":\"https:\/\/www.hitech.fi\/hitech\/wp-content\/uploads\/2017\/08\/Hires_TEHO_Super_K\u00e4sienpesu_uusi.jpg\",\"datePublished\":\"2023-10-18T12:52:13+00:00\",\"dateModified\":\"2024-05-10T11:04:43+00:00\",\"breadcrumb\":{\"@id\":\"https:\/\/www.hitech.fi\/hitech\/product\/teho-super-kasinpesu\/#breadcrumb\"},\"inLanguage\":\"fi\",\"potentialAction\":[{\"@type\":\"ReadAction\",\"target\":[\"https:\/\/www.hitech.fi\/hitech\/product\/teho-super-kasinpesu\/\"]}]},{\"@type\":\"ImageObject\",\"inLanguage\":\"fi\",\"@id\":\"https:\/\/www.hitech.fi\/hitech\/product\/teho-super-kasinpesu\/#primaryimage\",\"url\":\"https:\/\/www.hitech.fi\/hitech\/wp-content\/uploads\/2017\/08\/Hires_TEHO_Super_K\u00e4sienpesu_uusi.jpg\",\"contentUrl\":\"https:\/\/www.hitech.fi\/hitech\/wp-content\/uploads\/2017\/08\/Hires_TEHO_Super_K\u00e4sienpesu_uusi.jpg\",\"width\":1024,\"height\":1024,\"caption\":\"TEHO Super K\u00e4sienpesu -k\u00e4sienpesuaine, liuotinvapaa\"},{\"@type\":\"BreadcrumbList\",\"@id\":\"https:\/\/www.hitech.fi\/hitech\/product\/teho-super-kasinpesu\/#breadcrumb\",\"itemListElement\":[{\"@type\":\"ListItem\",\"position\":1,\"name\":\"Etusivu\",\"item\":\"https:\/\/www.hitech.fi\/hitech\/\"},{\"@type\":\"ListItem\",\"position\":2,\"name\":\"Katalogi\",\"item\":\"https:\/\/www.hitech.fi\/hitech\/katalogi\/\"},{\"@type\":\"ListItem\",\"position\":3,\"name\":\"TEHO Super K\u00e4sinpesu\"}]},{\"@type\":\"WebSite\",\"@id\":\"https:\/\/www.hitech.fi\/hitech\/#website\",\"url\":\"https:\/\/www.hitech.fi\/hitech\/\",\"name\":\"Hitech Chemicals\",\"description\":\"Puhdistusaineet ja huoltotuotteet\",\"publisher\":{\"@id\":\"https:\/\/www.hitech.fi\/hitech\/#organization\"},\"potentialAction\":[{\"@type\":\"SearchAction\",\"target\":{\"@type\":\"EntryPoint\",\"urlTemplate\":\"https:\/\/www.hitech.fi\/hitech\/?s={search_term_string}\"},\"query-input\":{\"@type\":\"PropertyValueSpecification\",\"valueRequired\":true,\"valueName\":\"search_term_string\"}}],\"inLanguage\":\"fi\"},{\"@type\":\"Organization\",\"@id\":\"https:\/\/www.hitech.fi\/hitech\/#organization\",\"name\":\"Hitech Chemicals\",\"alternateName\":\"Hitech\",\"url\":\"https:\/\/www.hitech.fi\/hitech\/\",\"logo\":{\"@type\":\"ImageObject\",\"inLanguage\":\"fi\",\"@id\":\"https:\/\/www.hitech.fi\/hitech\/#\/schema\/logo\/image\/\",\"url\":\"https:\/\/www.hitech.fi\/hitech\/wp-content\/uploads\/2023\/06\/cropped-hitech_logo_600x600.png\",\"contentUrl\":\"https:\/\/www.hitech.fi\/hitech\/wp-content\/uploads\/2023\/06\/cropped-hitech_logo_600x600.png\",\"width\":512,\"height\":512,\"caption\":\"Hitech Chemicals\"},\"image\":{\"@id\":\"https:\/\/www.hitech.fi\/hitech\/#\/schema\/logo\/image\/\"},\"sameAs\":[\"https:\/\/www.facebook.com\/hitechfinland\"]}]}<\/script>\n<!-- \/ Yoast SEO plugin. -->","yoast_head_json":{"title":"TEHO Super K\u00e4sinpesu | Hitech Chemicals","robots":{"index":"index","follow":"follow","max-snippet":"max-snippet:-1","max-image-preview":"max-image-preview:large","max-video-preview":"max-video-preview:-1"},"canonical":"https:\/\/www.hitech.fi\/hitech\/product\/teho-super-kasinpesu\/","og_locale":"fi_FI","og_type":"article","og_title":"TEHO Super K\u00e4sinpesu | Hitech Chemicals","og_description":"TEHO Super K\u00e4sienpesu on eritt\u00e4in tehokas k\u00e4sienpesuaine poistamaan \u00f6ljy\u00e4, rasvaa, tervaa ja pike\u00e4, tuoretta maalia, jarrunestett\u00e4, jne. Suunniteltu poistamaan vaikeaa likaa k\u00e4sist\u00e4 hell\u00e4varaisesti.","og_url":"https:\/\/www.hitech.fi\/hitech\/product\/teho-super-kasinpesu\/","og_site_name":"Hitech Chemicals","article_publisher":"https:\/\/www.facebook.com\/hitechfinland","article_modified_time":"2024-05-10T11:04:43+00:00","og_image":[{"width":1024,"height":1024,"url":"https:\/\/www.hitech.fi\/hitech\/wp-content\/uploads\/2017\/08\/Hires_TEHO_Super_K\u00e4sienpesu_uusi.jpg","type":"image\/jpeg"}],"twitter_card":"summary_large_image","twitter_misc":{"Arvioitu lukuaika":"1 minuutti"},"schema":{"@context":"https:\/\/schema.org","@graph":[{"@type":"WebPage","@id":"https:\/\/www.hitech.fi\/hitech\/product\/teho-super-kasinpesu\/","url":"https:\/\/www.hitech.fi\/hitech\/product\/teho-super-kasinpesu\/","name":"TEHO Super K\u00e4sinpesu | Hitech Chemicals","isPartOf":{"@id":"https:\/\/www.hitech.fi\/hitech\/#website"},"primaryImageOfPage":{"@id":"https:\/\/www.hitech.fi\/hitech\/product\/teho-super-kasinpesu\/#primaryimage"},"image":{"@id":"https:\/\/www.hitech.fi\/hitech\/product\/teho-super-kasinpesu\/#primaryimage"},"thumbnailUrl":"https:\/\/www.hitech.fi\/hitech\/wp-content\/uploads\/2017\/08\/Hires_TEHO_Super_K\u00e4sienpesu_uusi.jpg","datePublished":"2023-10-18T12:52:13+00:00","dateModified":"2024-05-10T11:04:43+00:00","breadcrumb":{"@id":"https:\/\/www.hitech.fi\/hitech\/product\/teho-super-kasinpesu\/#breadcrumb"},"inLanguage":"fi","potentialAction":[{"@type":"ReadAction","target":["https:\/\/www.hitech.fi\/hitech\/product\/teho-super-kasinpesu\/"]}]},{"@type":"ImageObject","inLanguage":"fi","@id":"https:\/\/www.hitech.fi\/hitech\/product\/teho-super-kasinpesu\/#primaryimage","url":"https:\/\/www.hitech.fi\/hitech\/wp-content\/uploads\/2017\/08\/Hires_TEHO_Super_K\u00e4sienpesu_uusi.jpg","contentUrl":"https:\/\/www.hitech.fi\/hitech\/wp-content\/uploads\/2017\/08\/Hires_TEHO_Super_K\u00e4sienpesu_uusi.jpg","width":1024,"height":1024,"caption":"TEHO Super K\u00e4sienpesu -k\u00e4sienpesuaine, liuotinvapaa"},{"@type":"BreadcrumbList","@id":"https:\/\/www.hitech.fi\/hitech\/product\/teho-super-kasinpesu\/#breadcrumb","itemListElement":[{"@type":"ListItem","position":1,"name":"Etusivu","item":"https:\/\/www.hitech.fi\/hitech\/"},{"@type":"ListItem","position":2,"name":"Katalogi","item":"https:\/\/www.hitech.fi\/hitech\/katalogi\/"},{"@type":"ListItem","position":3,"name":"TEHO Super K\u00e4sinpesu"}]},{"@type":"WebSite","@id":"https:\/\/www.hitech.fi\/hitech\/#website","url":"https:\/\/www.hitech.fi\/hitech\/","name":"Hitech Chemicals","description":"Puhdistusaineet ja huoltotuotteet","publisher":{"@id":"https:\/\/www.hitech.fi\/hitech\/#organization"},"potentialAction":[{"@type":"SearchAction","target":{"@type":"EntryPoint","urlTemplate":"https:\/\/www.hitech.fi\/hitech\/?s={search_term_string}"},"query-input":{"@type":"PropertyValueSpecification","valueRequired":true,"valueName":"search_term_string"}}],"inLanguage":"fi"},{"@type":"Organization","@id":"https:\/\/www.hitech.fi\/hitech\/#organization","name":"Hitech Chemicals","alternateName":"Hitech","url":"https:\/\/www.hitech.fi\/hitech\/","logo":{"@type":"ImageObject","inLanguage":"fi","@id":"https:\/\/www.hitech.fi\/hitech\/#\/schema\/logo\/image\/","url":"https:\/\/www.hitech.fi\/hitech\/wp-content\/uploads\/2023\/06\/cropped-hitech_logo_600x600.png","contentUrl":"https:\/\/www.hitech.fi\/hitech\/wp-content\/uploads\/2023\/06\/cropped-hitech_logo_600x600.png","width":512,"height":512,"caption":"Hitech Chemicals"},"image":{"@id":"https:\/\/www.hitech.fi\/hitech\/#\/schema\/logo\/image\/"},"sameAs":["https:\/\/www.facebook.com\/hitechfinland"]}]}},"_links":{"self":[{"href":"https:\/\/www.hitech.fi\/hitech\/wp-json\/wp\/v2\/product\/826","targetHints":{"allow":["GET"]}}],"collection":[{"href":"https:\/\/www.hitech.fi\/hitech\/wp-json\/wp\/v2\/product"}],"about":[{"href":"https:\/\/www.hitech.fi\/hitech\/wp-json\/wp\/v2\/types\/product"}],"replies":[{"embeddable":true,"href":"https:\/\/www.hitech.fi\/hitech\/wp-json\/wp\/v2\/comments?post=826"}],"wp:featuredmedia":[{"embeddable":true,"href":"https:\/\/www.hitech.fi\/hitech\/wp-json\/wp\/v2\/media\/365"}],"wp:attachment":[{"href":"https:\/\/www.hitech.fi\/hitech\/wp-json\/wp\/v2\/media?parent=826"}],"wp:term":[{"taxonomy":"product_brand","embeddable":true,"href":"https:\/\/www.hitech.fi\/hitech\/wp-json\/wp\/v2\/product_brand?post=826"},{"taxonomy":"product_cat","embeddable":true,"href":"https:\/\/www.hitech.fi\/hitech\/wp-json\/wp\/v2\/product_cat?post=826"},{"taxonomy":"product_tag","embeddable":true,"href":"https:\/\/www.hitech.fi\/hitech\/wp-json\/wp\/v2\/product_tag?post=826"}],"curies":[{"name":"wp","href":"https:\/\/api.w.org\/{rel}","templated":true}]}}