{"id":824,"date":"2023-10-18T15:40:20","date_gmt":"2023-10-18T12:40:20","guid":{"rendered":"https:\/\/www.hitech.fi\/hitech\/?post_type=product&#038;p=824"},"modified":"2024-05-10T14:58:53","modified_gmt":"2024-05-10T11:58:53","slug":"teho-strong-cherry-kasienpesuaine","status":"publish","type":"product","link":"https:\/\/www.hitech.fi\/hitech\/product\/teho-strong-cherry-kasienpesuaine\/","title":{"rendered":"TEHO Strong Cherry -k\u00e4sienpesuaine"},"content":{"rendered":"<p><strong>Eritt\u00e4in tehokas hankaava k\u00e4sienpesuaine korjaamoille ja teollisuuteen. Poistaa \u00f6ljyn ja polttonesteiden hajuja.<\/strong><\/p>\n<p>TEHO Strong Cherry on ammattik\u00e4ytt\u00f6\u00f6n suunniteltu, nestem\u00e4inen k\u00e4sienpesuaine, jossa on puhdas ja raikas kirsikan tuoksu.<\/p>\n<p>&nbsp;<\/p>\n<p><strong>Erinomainen \u00f6ljyn, rasvan, tervan, hiilen, asfaltin, jarrunesteen jne. poistamiseen. Suunniteltu poistamaan vaikea lika k\u00e4sist\u00e4 hell\u00e4varaisesti. Kirsikan tuoksu poistaa tehokkaasti esimerkiksi dieselin ja polttoaineen hajuj\u00e4\u00e4nteet. <\/strong><\/p>\n<p>TEHO Strong Cherry ei sis\u00e4ll\u00e4 liuottimia ja on biologisesti hajoavaa. TEHO Strong Cherry sis\u00e4lt\u00e4\u00e4 korkealaatuisia polylaktidisia mikrohiukkasia, jotka ovat hell\u00e4varaisia iholle ja erityisesti kehitetty ihon puhdistamiseen ja hankaaviin ominaisuuksiin.<\/p>\n<p>TEHO Strong Cherry on riittoisa, pieni m\u00e4\u00e4r\u00e4 riitt\u00e4\u00e4 vaikean lian puhdistamiseen. Puhdistuksen j\u00e4lkeen k\u00e4det ovat puhtaat, hoidetut ja miellytt\u00e4v\u00e4n pehme\u00e4t. Allergisoimaton, ei yleens\u00e4 \u00e4rsyt\u00e4 edes herkk\u00e4\u00e4 ihoa. Voidaan k\u00e4ytt\u00e4\u00e4 s\u00e4\u00e4nn\u00f6lliseen k\u00e4sien pesuun useita kertoja p\u00e4iv\u00e4ss\u00e4. ph 6.<\/p>\n<p>&nbsp;<\/p>\n<p><strong>Soveltuu k\u00e4ytett\u00e4v\u00e4ksi:<\/strong><\/p>\n<p>Erinomainen mekaniikka-, tulostin-, tehdas- ja teollisuusalalle sek\u00e4 korjaus- ja huoltohenkil\u00f6st\u00f6lle. Autokorjaamoihin, siivous- ja huoltopalveluihin, huoltoasemille ja teollisuuskoneiden k\u00e4ytt\u00e4jille.<\/p>\n<p>&nbsp;<\/p>\n<p><strong>HUOM. AMMATTIK\u00c4YTT\u00d6\u00d6N!<\/strong><\/p>\n<p><strong>K\u00c4YTT\u00d6OHJEET:<\/strong><\/p>\n<ol>\n<li>Annostele pieni m\u00e4\u00e4r\u00e4 k\u00e4siisi ja hankaa k\u00e4si\u00e4si yhteen.<\/li>\n<li>Lis\u00e4\u00e4 v\u00e4h\u00e4n vett\u00e4 ja jatka hankausta.<\/li>\n<li>Huuhtele k\u00e4det hyvin.<\/li>\n<\/ol>\n<p>&nbsp;<\/p>\n<p>Tuotenumero: 1082<\/p>\n<p>Tuote on pakattu 3 kg muoviastiaan. Myyntier\u00e4 on yksi (1) laatikko, joka sis\u00e4lt\u00e4\u00e4 6 astiaa. Annostelupumppu myyd\u00e4\u00e4n erikseen<em> (Tuotenumero 9035)<\/em>. Saatavilla my\u00f6s sein\u00e4teline. Ammattik\u00e4ytt\u00f6\u00f6n.<\/p>\n","protected":false},"excerpt":{"rendered":"<p>Eritt\u00e4in tehokas hankaava k\u00e4sienpesuaine korjaamoille ja teollisuuteen. Poistaa \u00f6ljyn ja polttonesteiden hajuja. <strong>TEHO Strong Cherry<\/strong> on ammattik\u00e4ytt\u00f6\u00f6n suunniteltu, nestem\u00e4inen k\u00e4sienpesuaine, jossa on puhdas ja raikas kirsikan tuoksu.<\/p>\n[maxbutton id=\"2\" url=\"https:\/\/www.hitech.fi\/hitech\/wp-content\/uploads\/2023\/12\/TEHO_Strong_Cherry_web.pdf\" text=\"Lataa tuotekortti\" window=\"new\" ]\n","protected":false},"featured_media":505,"comment_status":"closed","ping_status":"closed","template":"","meta":[],"product_brand":[],"product_cat":[147,134,122,136,138,137,139,96,135,133],"product_tag":[],"class_list":{"0":"post-824","1":"product","2":"type-product","3":"status-publish","4":"has-post-thumbnail","6":"product_cat-huolto-ja-korjaus","7":"product_cat-kalusto-ja-ajoneuvot","8":"product_cat-kasienpuhdistus","9":"product_cat-keittio-ja-elintarviketeollisuus","10":"product_cat-kiinteistohuolto","11":"product_cat-maatalous","12":"product_cat-metsatalous","13":"product_cat-pesuaineet","14":"product_cat-teollisuus","15":"product_cat-toimialat","17":"first","18":"instock","19":"shipping-taxable","20":"product-type-simple"},"yoast_head":"<!-- This site is optimized with the Yoast SEO plugin v24.3 - https:\/\/yoast.com\/wordpress\/plugins\/seo\/ -->\n<title>TEHO Strong Cherry -k\u00e4sienpesuaine | Hitech Chemicals<\/title>\n<meta name=\"robots\" content=\"index, follow, max-snippet:-1, max-image-preview:large, max-video-preview:-1\" \/>\n<link rel=\"canonical\" href=\"https:\/\/www.hitech.fi\/hitech\/product\/teho-strong-cherry-kasienpesuaine\/\" \/>\n<meta property=\"og:locale\" content=\"fi_FI\" \/>\n<meta property=\"og:type\" content=\"article\" \/>\n<meta property=\"og:title\" content=\"TEHO Strong Cherry -k\u00e4sienpesuaine | Hitech Chemicals\" \/>\n<meta property=\"og:description\" content=\"Eritt\u00e4in tehokas hankaava k\u00e4sienpesuaine korjaamoille ja teollisuuteen. Poistaa \u00f6ljyn ja polttonesteiden hajuja. TEHO Strong Cherry on ammattik\u00e4ytt\u00f6\u00f6n suunniteltu, nestem\u00e4inen k\u00e4sienpesuaine, jossa on puhdas ja raikas kirsikan tuoksu.\" \/>\n<meta property=\"og:url\" content=\"https:\/\/www.hitech.fi\/hitech\/product\/teho-strong-cherry-kasienpesuaine\/\" \/>\n<meta property=\"og:site_name\" content=\"Hitech Chemicals\" \/>\n<meta property=\"article:publisher\" content=\"https:\/\/www.facebook.com\/hitechfinland\" \/>\n<meta property=\"article:modified_time\" content=\"2024-05-10T11:58:53+00:00\" \/>\n<meta property=\"og:image\" content=\"https:\/\/www.hitech.fi\/hitech\/wp-content\/uploads\/2020\/03\/hires_TEHO_Strong_Cherry.jpg\" \/>\n\t<meta property=\"og:image:width\" content=\"1024\" \/>\n\t<meta property=\"og:image:height\" content=\"1024\" \/>\n\t<meta property=\"og:image:type\" content=\"image\/jpeg\" \/>\n<meta name=\"twitter:card\" content=\"summary_large_image\" \/>\n<meta name=\"twitter:label1\" content=\"Arvioitu lukuaika\" \/>\n\t<meta name=\"twitter:data1\" content=\"2 minuuttia\" \/>\n<script type=\"application\/ld+json\" class=\"yoast-schema-graph\">{\"@context\":\"https:\/\/schema.org\",\"@graph\":[{\"@type\":\"WebPage\",\"@id\":\"https:\/\/www.hitech.fi\/hitech\/product\/teho-strong-cherry-kasienpesuaine\/\",\"url\":\"https:\/\/www.hitech.fi\/hitech\/product\/teho-strong-cherry-kasienpesuaine\/\",\"name\":\"TEHO Strong Cherry -k\u00e4sienpesuaine | Hitech Chemicals\",\"isPartOf\":{\"@id\":\"https:\/\/www.hitech.fi\/hitech\/#website\"},\"primaryImageOfPage\":{\"@id\":\"https:\/\/www.hitech.fi\/hitech\/product\/teho-strong-cherry-kasienpesuaine\/#primaryimage\"},\"image\":{\"@id\":\"https:\/\/www.hitech.fi\/hitech\/product\/teho-strong-cherry-kasienpesuaine\/#primaryimage\"},\"thumbnailUrl\":\"https:\/\/www.hitech.fi\/hitech\/wp-content\/uploads\/2020\/03\/hires_TEHO_Strong_Cherry.jpg\",\"datePublished\":\"2023-10-18T12:40:20+00:00\",\"dateModified\":\"2024-05-10T11:58:53+00:00\",\"breadcrumb\":{\"@id\":\"https:\/\/www.hitech.fi\/hitech\/product\/teho-strong-cherry-kasienpesuaine\/#breadcrumb\"},\"inLanguage\":\"fi\",\"potentialAction\":[{\"@type\":\"ReadAction\",\"target\":[\"https:\/\/www.hitech.fi\/hitech\/product\/teho-strong-cherry-kasienpesuaine\/\"]}]},{\"@type\":\"ImageObject\",\"inLanguage\":\"fi\",\"@id\":\"https:\/\/www.hitech.fi\/hitech\/product\/teho-strong-cherry-kasienpesuaine\/#primaryimage\",\"url\":\"https:\/\/www.hitech.fi\/hitech\/wp-content\/uploads\/2020\/03\/hires_TEHO_Strong_Cherry.jpg\",\"contentUrl\":\"https:\/\/www.hitech.fi\/hitech\/wp-content\/uploads\/2020\/03\/hires_TEHO_Strong_Cherry.jpg\",\"width\":1024,\"height\":1024,\"caption\":\"TEHO Strong Cherry k\u00e4sienpesuaine vaativan lian pesuun k\u00e4sist\u00e4\"},{\"@type\":\"BreadcrumbList\",\"@id\":\"https:\/\/www.hitech.fi\/hitech\/product\/teho-strong-cherry-kasienpesuaine\/#breadcrumb\",\"itemListElement\":[{\"@type\":\"ListItem\",\"position\":1,\"name\":\"Etusivu\",\"item\":\"https:\/\/www.hitech.fi\/hitech\/\"},{\"@type\":\"ListItem\",\"position\":2,\"name\":\"Katalogi\",\"item\":\"https:\/\/www.hitech.fi\/hitech\/katalogi\/\"},{\"@type\":\"ListItem\",\"position\":3,\"name\":\"TEHO Strong Cherry -k\u00e4sienpesuaine\"}]},{\"@type\":\"WebSite\",\"@id\":\"https:\/\/www.hitech.fi\/hitech\/#website\",\"url\":\"https:\/\/www.hitech.fi\/hitech\/\",\"name\":\"Hitech Chemicals\",\"description\":\"Puhdistusaineet ja huoltotuotteet\",\"publisher\":{\"@id\":\"https:\/\/www.hitech.fi\/hitech\/#organization\"},\"potentialAction\":[{\"@type\":\"SearchAction\",\"target\":{\"@type\":\"EntryPoint\",\"urlTemplate\":\"https:\/\/www.hitech.fi\/hitech\/?s={search_term_string}\"},\"query-input\":{\"@type\":\"PropertyValueSpecification\",\"valueRequired\":true,\"valueName\":\"search_term_string\"}}],\"inLanguage\":\"fi\"},{\"@type\":\"Organization\",\"@id\":\"https:\/\/www.hitech.fi\/hitech\/#organization\",\"name\":\"Hitech Chemicals\",\"alternateName\":\"Hitech\",\"url\":\"https:\/\/www.hitech.fi\/hitech\/\",\"logo\":{\"@type\":\"ImageObject\",\"inLanguage\":\"fi\",\"@id\":\"https:\/\/www.hitech.fi\/hitech\/#\/schema\/logo\/image\/\",\"url\":\"https:\/\/www.hitech.fi\/hitech\/wp-content\/uploads\/2023\/06\/cropped-hitech_logo_600x600.png\",\"contentUrl\":\"https:\/\/www.hitech.fi\/hitech\/wp-content\/uploads\/2023\/06\/cropped-hitech_logo_600x600.png\",\"width\":512,\"height\":512,\"caption\":\"Hitech Chemicals\"},\"image\":{\"@id\":\"https:\/\/www.hitech.fi\/hitech\/#\/schema\/logo\/image\/\"},\"sameAs\":[\"https:\/\/www.facebook.com\/hitechfinland\"]}]}<\/script>\n<!-- \/ Yoast SEO plugin. -->","yoast_head_json":{"title":"TEHO Strong Cherry -k\u00e4sienpesuaine | Hitech Chemicals","robots":{"index":"index","follow":"follow","max-snippet":"max-snippet:-1","max-image-preview":"max-image-preview:large","max-video-preview":"max-video-preview:-1"},"canonical":"https:\/\/www.hitech.fi\/hitech\/product\/teho-strong-cherry-kasienpesuaine\/","og_locale":"fi_FI","og_type":"article","og_title":"TEHO Strong Cherry -k\u00e4sienpesuaine | Hitech Chemicals","og_description":"Eritt\u00e4in tehokas hankaava k\u00e4sienpesuaine korjaamoille ja teollisuuteen. Poistaa \u00f6ljyn ja polttonesteiden hajuja. TEHO Strong Cherry on ammattik\u00e4ytt\u00f6\u00f6n suunniteltu, nestem\u00e4inen k\u00e4sienpesuaine, jossa on puhdas ja raikas kirsikan tuoksu.","og_url":"https:\/\/www.hitech.fi\/hitech\/product\/teho-strong-cherry-kasienpesuaine\/","og_site_name":"Hitech Chemicals","article_publisher":"https:\/\/www.facebook.com\/hitechfinland","article_modified_time":"2024-05-10T11:58:53+00:00","og_image":[{"width":1024,"height":1024,"url":"https:\/\/www.hitech.fi\/hitech\/wp-content\/uploads\/2020\/03\/hires_TEHO_Strong_Cherry.jpg","type":"image\/jpeg"}],"twitter_card":"summary_large_image","twitter_misc":{"Arvioitu lukuaika":"2 minuuttia"},"schema":{"@context":"https:\/\/schema.org","@graph":[{"@type":"WebPage","@id":"https:\/\/www.hitech.fi\/hitech\/product\/teho-strong-cherry-kasienpesuaine\/","url":"https:\/\/www.hitech.fi\/hitech\/product\/teho-strong-cherry-kasienpesuaine\/","name":"TEHO Strong Cherry -k\u00e4sienpesuaine | Hitech Chemicals","isPartOf":{"@id":"https:\/\/www.hitech.fi\/hitech\/#website"},"primaryImageOfPage":{"@id":"https:\/\/www.hitech.fi\/hitech\/product\/teho-strong-cherry-kasienpesuaine\/#primaryimage"},"image":{"@id":"https:\/\/www.hitech.fi\/hitech\/product\/teho-strong-cherry-kasienpesuaine\/#primaryimage"},"thumbnailUrl":"https:\/\/www.hitech.fi\/hitech\/wp-content\/uploads\/2020\/03\/hires_TEHO_Strong_Cherry.jpg","datePublished":"2023-10-18T12:40:20+00:00","dateModified":"2024-05-10T11:58:53+00:00","breadcrumb":{"@id":"https:\/\/www.hitech.fi\/hitech\/product\/teho-strong-cherry-kasienpesuaine\/#breadcrumb"},"inLanguage":"fi","potentialAction":[{"@type":"ReadAction","target":["https:\/\/www.hitech.fi\/hitech\/product\/teho-strong-cherry-kasienpesuaine\/"]}]},{"@type":"ImageObject","inLanguage":"fi","@id":"https:\/\/www.hitech.fi\/hitech\/product\/teho-strong-cherry-kasienpesuaine\/#primaryimage","url":"https:\/\/www.hitech.fi\/hitech\/wp-content\/uploads\/2020\/03\/hires_TEHO_Strong_Cherry.jpg","contentUrl":"https:\/\/www.hitech.fi\/hitech\/wp-content\/uploads\/2020\/03\/hires_TEHO_Strong_Cherry.jpg","width":1024,"height":1024,"caption":"TEHO Strong Cherry k\u00e4sienpesuaine vaativan lian pesuun k\u00e4sist\u00e4"},{"@type":"BreadcrumbList","@id":"https:\/\/www.hitech.fi\/hitech\/product\/teho-strong-cherry-kasienpesuaine\/#breadcrumb","itemListElement":[{"@type":"ListItem","position":1,"name":"Etusivu","item":"https:\/\/www.hitech.fi\/hitech\/"},{"@type":"ListItem","position":2,"name":"Katalogi","item":"https:\/\/www.hitech.fi\/hitech\/katalogi\/"},{"@type":"ListItem","position":3,"name":"TEHO Strong Cherry -k\u00e4sienpesuaine"}]},{"@type":"WebSite","@id":"https:\/\/www.hitech.fi\/hitech\/#website","url":"https:\/\/www.hitech.fi\/hitech\/","name":"Hitech Chemicals","description":"Puhdistusaineet ja huoltotuotteet","publisher":{"@id":"https:\/\/www.hitech.fi\/hitech\/#organization"},"potentialAction":[{"@type":"SearchAction","target":{"@type":"EntryPoint","urlTemplate":"https:\/\/www.hitech.fi\/hitech\/?s={search_term_string}"},"query-input":{"@type":"PropertyValueSpecification","valueRequired":true,"valueName":"search_term_string"}}],"inLanguage":"fi"},{"@type":"Organization","@id":"https:\/\/www.hitech.fi\/hitech\/#organization","name":"Hitech Chemicals","alternateName":"Hitech","url":"https:\/\/www.hitech.fi\/hitech\/","logo":{"@type":"ImageObject","inLanguage":"fi","@id":"https:\/\/www.hitech.fi\/hitech\/#\/schema\/logo\/image\/","url":"https:\/\/www.hitech.fi\/hitech\/wp-content\/uploads\/2023\/06\/cropped-hitech_logo_600x600.png","contentUrl":"https:\/\/www.hitech.fi\/hitech\/wp-content\/uploads\/2023\/06\/cropped-hitech_logo_600x600.png","width":512,"height":512,"caption":"Hitech Chemicals"},"image":{"@id":"https:\/\/www.hitech.fi\/hitech\/#\/schema\/logo\/image\/"},"sameAs":["https:\/\/www.facebook.com\/hitechfinland"]}]}},"_links":{"self":[{"href":"https:\/\/www.hitech.fi\/hitech\/wp-json\/wp\/v2\/product\/824","targetHints":{"allow":["GET"]}}],"collection":[{"href":"https:\/\/www.hitech.fi\/hitech\/wp-json\/wp\/v2\/product"}],"about":[{"href":"https:\/\/www.hitech.fi\/hitech\/wp-json\/wp\/v2\/types\/product"}],"replies":[{"embeddable":true,"href":"https:\/\/www.hitech.fi\/hitech\/wp-json\/wp\/v2\/comments?post=824"}],"wp:featuredmedia":[{"embeddable":true,"href":"https:\/\/www.hitech.fi\/hitech\/wp-json\/wp\/v2\/media\/505"}],"wp:attachment":[{"href":"https:\/\/www.hitech.fi\/hitech\/wp-json\/wp\/v2\/media?parent=824"}],"wp:term":[{"taxonomy":"product_brand","embeddable":true,"href":"https:\/\/www.hitech.fi\/hitech\/wp-json\/wp\/v2\/product_brand?post=824"},{"taxonomy":"product_cat","embeddable":true,"href":"https:\/\/www.hitech.fi\/hitech\/wp-json\/wp\/v2\/product_cat?post=824"},{"taxonomy":"product_tag","embeddable":true,"href":"https:\/\/www.hitech.fi\/hitech\/wp-json\/wp\/v2\/product_tag?post=824"}],"curies":[{"name":"wp","href":"https:\/\/api.w.org\/{rel}","templated":true}]}}