{"id":815,"date":"2023-10-18T10:32:36","date_gmt":"2023-10-18T07:32:36","guid":{"rendered":"https:\/\/www.hitech.fi\/hitech\/?post_type=product&#038;p=815"},"modified":"2024-05-10T14:07:49","modified_gmt":"2024-05-10T11:07:49","slug":"teho-sitrus-vaahto-rasvanpoistaja","status":"publish","type":"product","link":"https:\/\/www.hitech.fi\/hitech\/product\/teho-sitrus-vaahto-rasvanpoistaja\/","title":{"rendered":"TEHO Sitrus Vaahto -rasvanpoistaja"},"content":{"rendered":"<p>Uusi riittoisa pakkaus 600ml netto (800ml brutto).<\/p>\n<p><strong>Eritt\u00e4in tehokas ja monik\u00e4ytt\u00f6inen kovien pintojen puhdistusvaahto. TEHO Sitrus Vaahto poistaa nopeasti rasvaa ja likaa ja pyyhkiytyy tai huuhtoutuu t\u00e4ydellisesti. Se muodostaa valkoisen eritt\u00e4in peitt\u00e4v\u00e4n vaahdon. Soveltuu erinomaisesti k\u00e4ytett\u00e4v\u00e4ksi kovien pintojen puhdistukseen keitti\u00f6iss\u00e4, kylpyhuoneissa, toimistoissa, tuotantotiloissa ja teollisuudessa.<\/strong><\/p>\n<ul>\n<li>Erinomainen tuote my\u00f6s pinttyneen lian ja pien poistamiseen ajoneuvojen pinnoilta. Soveltuu k\u00e4ytett\u00e4v\u00e4ksi useimmilla ajoneuvojen maalatuilla pinnoilla.<\/li>\n<li>Tehokas ja hell\u00e4varainen teollisuuden ja korjaamoiden rasvanpoistaja.<\/li>\n<\/ul>\n<p>&nbsp;<\/p>\n<p><strong>HUOM. AMMATTIK\u00c4YTT\u00d6\u00d6N!<\/strong><\/p>\n<p><strong>K\u00c4YTT\u00d6OHJE:<\/strong><\/p>\n<ul>\n<li>Ravista hyvin.<\/li>\n<li>Suihkuta tasaisesti puhdistettavalle pinnalle n. 25 cm et\u00e4isyydelt\u00e4.<\/li>\n<li>Anna vaikuttaa 1-2 minuuttia ja pyyhi puhtaalla liinalla tai huuhtele vedell\u00e4.<\/li>\n<li>Toista k\u00e4sittely tarvittaessa.<\/li>\n<li>HUOM! Voi vahingoittaa tiettyj\u00e4 muoveja tai maalattuja pintoja. Testaa ensin pienell\u00e4 alueella.<\/li>\n<\/ul>\n<p>&nbsp;<\/p>\n<p><strong>K\u00c4YTT\u00d6KOHTEITA:<\/strong><\/p>\n<ul>\n<li>Teollisuuteen lian ja rasvanpoistoon.<\/li>\n<li>Ajoneuvojen pintojen lian, rasvan ja pienpoistoon. Soveltuu my\u00f6s moottoreiden pesuun.<\/li>\n<li>Kaikkialla miss\u00e4 tarvitaan eritt\u00e4in tehokasta kovien pintojen puhdistusainetta.<\/li>\n<li>Ylivoimainen liesikupujen rasvanpoistaja ammattikeitti\u00f6iss\u00e4.<\/li>\n<\/ul>\n<p>Tuotenumero: 5011<\/p>\n<p>Tuote on pakattu aerosolipulloon, jonka nettotilavuus on 600ml. Myyntier\u00e4 on yksi (1) laatikko, joka sis\u00e4lt\u00e4\u00e4 12 pulloa. Ammattik\u00e4ytt\u00f6\u00f6n.<\/p>\n","protected":false},"excerpt":{"rendered":"<p>Eritt\u00e4in tehokas ja monik\u00e4ytt\u00f6inen kovien pintojen puhdistusvaahto. <strong>TEHO Sitrus Vaahto<\/strong> poistaa nopeasti rasvaa ja likaa ja pyyhkiytyy tai huuhtoutuu t\u00e4ydellisesti. Se muodostaa valkoisen eritt\u00e4in peitt\u00e4v\u00e4n vaahdon. Soveltuu erinomaisesti k\u00e4ytett\u00e4v\u00e4ksi kovien pintojen puhdistukseen keitti\u00f6iss\u00e4, kylpyhuoneissa, toimistoissa, tuotantotiloissa ja teollisuudessa.<\/p>\n[maxbutton id=\"2\" url=\"https:\/\/www.hitech.fi\/hitech\/wp-content\/uploads\/2023\/12\/TEHO_Sitrus_Vaahto_web.pdf\" text=\"Lataa tuotekortti\" window=\"new\" ]\n","protected":false},"featured_media":504,"comment_status":"closed","ping_status":"closed","template":"","meta":[],"product_brand":[],"product_cat":[95,147,134,113,135,133],"product_tag":[],"class_list":{"0":"post-815","1":"product","2":"type-product","3":"status-publish","4":"has-post-thumbnail","6":"product_cat-aerosolit-ja-sprayt","7":"product_cat-huolto-ja-korjaus","8":"product_cat-kalusto-ja-ajoneuvot","9":"product_cat-rasvanpoistajat","10":"product_cat-teollisuus","11":"product_cat-toimialat","13":"first","14":"instock","15":"shipping-taxable","16":"product-type-simple"},"yoast_head":"<!-- This site is optimized with the Yoast SEO plugin v24.3 - https:\/\/yoast.com\/wordpress\/plugins\/seo\/ -->\n<title>TEHO Sitrus Vaahto -rasvanpoistaja | Hitech Chemicals<\/title>\n<meta name=\"robots\" content=\"index, follow, max-snippet:-1, max-image-preview:large, max-video-preview:-1\" \/>\n<link rel=\"canonical\" href=\"https:\/\/www.hitech.fi\/hitech\/product\/teho-sitrus-vaahto-rasvanpoistaja\/\" \/>\n<meta property=\"og:locale\" content=\"fi_FI\" \/>\n<meta property=\"og:type\" content=\"article\" \/>\n<meta property=\"og:title\" content=\"TEHO Sitrus Vaahto -rasvanpoistaja | Hitech Chemicals\" \/>\n<meta property=\"og:description\" content=\"Eritt\u00e4in tehokas ja monik\u00e4ytt\u00f6inen kovien pintojen puhdistusvaahto. TEHO Sitrus Vaahto poistaa nopeasti rasvaa ja likaa ja pyyhkiytyy tai huuhtoutuu t\u00e4ydellisesti. Se muodostaa valkoisen eritt\u00e4in peitt\u00e4v\u00e4n vaahdon. Soveltuu erinomaisesti k\u00e4ytett\u00e4v\u00e4ksi kovien pintojen puhdistukseen keitti\u00f6iss\u00e4, kylpyhuoneissa, toimistoissa, tuotantotiloissa ja teollisuudessa.\" \/>\n<meta property=\"og:url\" content=\"https:\/\/www.hitech.fi\/hitech\/product\/teho-sitrus-vaahto-rasvanpoistaja\/\" \/>\n<meta property=\"og:site_name\" content=\"Hitech Chemicals\" \/>\n<meta property=\"article:publisher\" content=\"https:\/\/www.facebook.com\/hitechfinland\" \/>\n<meta property=\"article:modified_time\" content=\"2024-05-10T11:07:49+00:00\" \/>\n<meta property=\"og:image\" content=\"https:\/\/www.hitech.fi\/hitech\/wp-content\/uploads\/2020\/03\/hires_TEHO_Sitrus_Vaahto_v2_600.jpg\" \/>\n\t<meta property=\"og:image:width\" content=\"1024\" \/>\n\t<meta property=\"og:image:height\" content=\"1024\" \/>\n\t<meta property=\"og:image:type\" content=\"image\/jpeg\" \/>\n<meta name=\"twitter:card\" content=\"summary_large_image\" \/>\n<meta name=\"twitter:label1\" content=\"Arvioitu lukuaika\" \/>\n\t<meta name=\"twitter:data1\" content=\"1 minuutti\" \/>\n<script type=\"application\/ld+json\" class=\"yoast-schema-graph\">{\"@context\":\"https:\/\/schema.org\",\"@graph\":[{\"@type\":\"WebPage\",\"@id\":\"https:\/\/www.hitech.fi\/hitech\/product\/teho-sitrus-vaahto-rasvanpoistaja\/\",\"url\":\"https:\/\/www.hitech.fi\/hitech\/product\/teho-sitrus-vaahto-rasvanpoistaja\/\",\"name\":\"TEHO Sitrus Vaahto -rasvanpoistaja | Hitech Chemicals\",\"isPartOf\":{\"@id\":\"https:\/\/www.hitech.fi\/hitech\/#website\"},\"primaryImageOfPage\":{\"@id\":\"https:\/\/www.hitech.fi\/hitech\/product\/teho-sitrus-vaahto-rasvanpoistaja\/#primaryimage\"},\"image\":{\"@id\":\"https:\/\/www.hitech.fi\/hitech\/product\/teho-sitrus-vaahto-rasvanpoistaja\/#primaryimage\"},\"thumbnailUrl\":\"https:\/\/www.hitech.fi\/hitech\/wp-content\/uploads\/2020\/03\/hires_TEHO_Sitrus_Vaahto_v2_600.jpg\",\"datePublished\":\"2023-10-18T07:32:36+00:00\",\"dateModified\":\"2024-05-10T11:07:49+00:00\",\"breadcrumb\":{\"@id\":\"https:\/\/www.hitech.fi\/hitech\/product\/teho-sitrus-vaahto-rasvanpoistaja\/#breadcrumb\"},\"inLanguage\":\"fi\",\"potentialAction\":[{\"@type\":\"ReadAction\",\"target\":[\"https:\/\/www.hitech.fi\/hitech\/product\/teho-sitrus-vaahto-rasvanpoistaja\/\"]}]},{\"@type\":\"ImageObject\",\"inLanguage\":\"fi\",\"@id\":\"https:\/\/www.hitech.fi\/hitech\/product\/teho-sitrus-vaahto-rasvanpoistaja\/#primaryimage\",\"url\":\"https:\/\/www.hitech.fi\/hitech\/wp-content\/uploads\/2020\/03\/hires_TEHO_Sitrus_Vaahto_v2_600.jpg\",\"contentUrl\":\"https:\/\/www.hitech.fi\/hitech\/wp-content\/uploads\/2020\/03\/hires_TEHO_Sitrus_Vaahto_v2_600.jpg\",\"width\":1024,\"height\":1024,\"caption\":\"TEHO Sitrus Vaahto -rasvanpoistoaine koville pinnoille\"},{\"@type\":\"BreadcrumbList\",\"@id\":\"https:\/\/www.hitech.fi\/hitech\/product\/teho-sitrus-vaahto-rasvanpoistaja\/#breadcrumb\",\"itemListElement\":[{\"@type\":\"ListItem\",\"position\":1,\"name\":\"Etusivu\",\"item\":\"https:\/\/www.hitech.fi\/hitech\/\"},{\"@type\":\"ListItem\",\"position\":2,\"name\":\"Katalogi\",\"item\":\"https:\/\/www.hitech.fi\/hitech\/katalogi\/\"},{\"@type\":\"ListItem\",\"position\":3,\"name\":\"TEHO Sitrus Vaahto -rasvanpoistaja\"}]},{\"@type\":\"WebSite\",\"@id\":\"https:\/\/www.hitech.fi\/hitech\/#website\",\"url\":\"https:\/\/www.hitech.fi\/hitech\/\",\"name\":\"Hitech Chemicals\",\"description\":\"Puhdistusaineet ja huoltotuotteet\",\"publisher\":{\"@id\":\"https:\/\/www.hitech.fi\/hitech\/#organization\"},\"potentialAction\":[{\"@type\":\"SearchAction\",\"target\":{\"@type\":\"EntryPoint\",\"urlTemplate\":\"https:\/\/www.hitech.fi\/hitech\/?s={search_term_string}\"},\"query-input\":{\"@type\":\"PropertyValueSpecification\",\"valueRequired\":true,\"valueName\":\"search_term_string\"}}],\"inLanguage\":\"fi\"},{\"@type\":\"Organization\",\"@id\":\"https:\/\/www.hitech.fi\/hitech\/#organization\",\"name\":\"Hitech Chemicals\",\"alternateName\":\"Hitech\",\"url\":\"https:\/\/www.hitech.fi\/hitech\/\",\"logo\":{\"@type\":\"ImageObject\",\"inLanguage\":\"fi\",\"@id\":\"https:\/\/www.hitech.fi\/hitech\/#\/schema\/logo\/image\/\",\"url\":\"https:\/\/www.hitech.fi\/hitech\/wp-content\/uploads\/2023\/06\/cropped-hitech_logo_600x600.png\",\"contentUrl\":\"https:\/\/www.hitech.fi\/hitech\/wp-content\/uploads\/2023\/06\/cropped-hitech_logo_600x600.png\",\"width\":512,\"height\":512,\"caption\":\"Hitech Chemicals\"},\"image\":{\"@id\":\"https:\/\/www.hitech.fi\/hitech\/#\/schema\/logo\/image\/\"},\"sameAs\":[\"https:\/\/www.facebook.com\/hitechfinland\"]}]}<\/script>\n<!-- \/ Yoast SEO plugin. -->","yoast_head_json":{"title":"TEHO Sitrus Vaahto -rasvanpoistaja | Hitech Chemicals","robots":{"index":"index","follow":"follow","max-snippet":"max-snippet:-1","max-image-preview":"max-image-preview:large","max-video-preview":"max-video-preview:-1"},"canonical":"https:\/\/www.hitech.fi\/hitech\/product\/teho-sitrus-vaahto-rasvanpoistaja\/","og_locale":"fi_FI","og_type":"article","og_title":"TEHO Sitrus Vaahto -rasvanpoistaja | Hitech Chemicals","og_description":"Eritt\u00e4in tehokas ja monik\u00e4ytt\u00f6inen kovien pintojen puhdistusvaahto. TEHO Sitrus Vaahto poistaa nopeasti rasvaa ja likaa ja pyyhkiytyy tai huuhtoutuu t\u00e4ydellisesti. Se muodostaa valkoisen eritt\u00e4in peitt\u00e4v\u00e4n vaahdon. Soveltuu erinomaisesti k\u00e4ytett\u00e4v\u00e4ksi kovien pintojen puhdistukseen keitti\u00f6iss\u00e4, kylpyhuoneissa, toimistoissa, tuotantotiloissa ja teollisuudessa.","og_url":"https:\/\/www.hitech.fi\/hitech\/product\/teho-sitrus-vaahto-rasvanpoistaja\/","og_site_name":"Hitech Chemicals","article_publisher":"https:\/\/www.facebook.com\/hitechfinland","article_modified_time":"2024-05-10T11:07:49+00:00","og_image":[{"width":1024,"height":1024,"url":"https:\/\/www.hitech.fi\/hitech\/wp-content\/uploads\/2020\/03\/hires_TEHO_Sitrus_Vaahto_v2_600.jpg","type":"image\/jpeg"}],"twitter_card":"summary_large_image","twitter_misc":{"Arvioitu lukuaika":"1 minuutti"},"schema":{"@context":"https:\/\/schema.org","@graph":[{"@type":"WebPage","@id":"https:\/\/www.hitech.fi\/hitech\/product\/teho-sitrus-vaahto-rasvanpoistaja\/","url":"https:\/\/www.hitech.fi\/hitech\/product\/teho-sitrus-vaahto-rasvanpoistaja\/","name":"TEHO Sitrus Vaahto -rasvanpoistaja | Hitech Chemicals","isPartOf":{"@id":"https:\/\/www.hitech.fi\/hitech\/#website"},"primaryImageOfPage":{"@id":"https:\/\/www.hitech.fi\/hitech\/product\/teho-sitrus-vaahto-rasvanpoistaja\/#primaryimage"},"image":{"@id":"https:\/\/www.hitech.fi\/hitech\/product\/teho-sitrus-vaahto-rasvanpoistaja\/#primaryimage"},"thumbnailUrl":"https:\/\/www.hitech.fi\/hitech\/wp-content\/uploads\/2020\/03\/hires_TEHO_Sitrus_Vaahto_v2_600.jpg","datePublished":"2023-10-18T07:32:36+00:00","dateModified":"2024-05-10T11:07:49+00:00","breadcrumb":{"@id":"https:\/\/www.hitech.fi\/hitech\/product\/teho-sitrus-vaahto-rasvanpoistaja\/#breadcrumb"},"inLanguage":"fi","potentialAction":[{"@type":"ReadAction","target":["https:\/\/www.hitech.fi\/hitech\/product\/teho-sitrus-vaahto-rasvanpoistaja\/"]}]},{"@type":"ImageObject","inLanguage":"fi","@id":"https:\/\/www.hitech.fi\/hitech\/product\/teho-sitrus-vaahto-rasvanpoistaja\/#primaryimage","url":"https:\/\/www.hitech.fi\/hitech\/wp-content\/uploads\/2020\/03\/hires_TEHO_Sitrus_Vaahto_v2_600.jpg","contentUrl":"https:\/\/www.hitech.fi\/hitech\/wp-content\/uploads\/2020\/03\/hires_TEHO_Sitrus_Vaahto_v2_600.jpg","width":1024,"height":1024,"caption":"TEHO Sitrus Vaahto -rasvanpoistoaine koville pinnoille"},{"@type":"BreadcrumbList","@id":"https:\/\/www.hitech.fi\/hitech\/product\/teho-sitrus-vaahto-rasvanpoistaja\/#breadcrumb","itemListElement":[{"@type":"ListItem","position":1,"name":"Etusivu","item":"https:\/\/www.hitech.fi\/hitech\/"},{"@type":"ListItem","position":2,"name":"Katalogi","item":"https:\/\/www.hitech.fi\/hitech\/katalogi\/"},{"@type":"ListItem","position":3,"name":"TEHO Sitrus Vaahto -rasvanpoistaja"}]},{"@type":"WebSite","@id":"https:\/\/www.hitech.fi\/hitech\/#website","url":"https:\/\/www.hitech.fi\/hitech\/","name":"Hitech Chemicals","description":"Puhdistusaineet ja huoltotuotteet","publisher":{"@id":"https:\/\/www.hitech.fi\/hitech\/#organization"},"potentialAction":[{"@type":"SearchAction","target":{"@type":"EntryPoint","urlTemplate":"https:\/\/www.hitech.fi\/hitech\/?s={search_term_string}"},"query-input":{"@type":"PropertyValueSpecification","valueRequired":true,"valueName":"search_term_string"}}],"inLanguage":"fi"},{"@type":"Organization","@id":"https:\/\/www.hitech.fi\/hitech\/#organization","name":"Hitech Chemicals","alternateName":"Hitech","url":"https:\/\/www.hitech.fi\/hitech\/","logo":{"@type":"ImageObject","inLanguage":"fi","@id":"https:\/\/www.hitech.fi\/hitech\/#\/schema\/logo\/image\/","url":"https:\/\/www.hitech.fi\/hitech\/wp-content\/uploads\/2023\/06\/cropped-hitech_logo_600x600.png","contentUrl":"https:\/\/www.hitech.fi\/hitech\/wp-content\/uploads\/2023\/06\/cropped-hitech_logo_600x600.png","width":512,"height":512,"caption":"Hitech Chemicals"},"image":{"@id":"https:\/\/www.hitech.fi\/hitech\/#\/schema\/logo\/image\/"},"sameAs":["https:\/\/www.facebook.com\/hitechfinland"]}]}},"_links":{"self":[{"href":"https:\/\/www.hitech.fi\/hitech\/wp-json\/wp\/v2\/product\/815","targetHints":{"allow":["GET"]}}],"collection":[{"href":"https:\/\/www.hitech.fi\/hitech\/wp-json\/wp\/v2\/product"}],"about":[{"href":"https:\/\/www.hitech.fi\/hitech\/wp-json\/wp\/v2\/types\/product"}],"replies":[{"embeddable":true,"href":"https:\/\/www.hitech.fi\/hitech\/wp-json\/wp\/v2\/comments?post=815"}],"wp:featuredmedia":[{"embeddable":true,"href":"https:\/\/www.hitech.fi\/hitech\/wp-json\/wp\/v2\/media\/504"}],"wp:attachment":[{"href":"https:\/\/www.hitech.fi\/hitech\/wp-json\/wp\/v2\/media?parent=815"}],"wp:term":[{"taxonomy":"product_brand","embeddable":true,"href":"https:\/\/www.hitech.fi\/hitech\/wp-json\/wp\/v2\/product_brand?post=815"},{"taxonomy":"product_cat","embeddable":true,"href":"https:\/\/www.hitech.fi\/hitech\/wp-json\/wp\/v2\/product_cat?post=815"},{"taxonomy":"product_tag","embeddable":true,"href":"https:\/\/www.hitech.fi\/hitech\/wp-json\/wp\/v2\/product_tag?post=815"}],"curies":[{"name":"wp","href":"https:\/\/api.w.org\/{rel}","templated":true}]}}