{"id":813,"date":"2023-10-18T10:25:59","date_gmt":"2023-10-18T07:25:59","guid":{"rendered":"https:\/\/www.hitech.fi\/hitech\/?post_type=product&#038;p=813"},"modified":"2024-05-10T14:08:25","modified_gmt":"2024-05-10T11:08:25","slug":"teho-saniclip-ilmanraikastaja","status":"publish","type":"product","link":"https:\/\/www.hitech.fi\/hitech\/product\/teho-saniclip-ilmanraikastaja\/","title":{"rendered":"TEHO Saniclip -ilmanraikastaja"},"content":{"rendered":"<p><strong>Saniclip<\/strong> on eritt\u00e4in tehokas saniteettitilojen ja pukuhuoneiden ilmanraikastaja ja ep\u00e4miellytt\u00e4vien hajujen neutraloija. Takana olevan koukun ansiosta se on helppo asentaa minne tahansa huonetilaan.<\/p>\n<p>Saniclip on pitk\u00e4kestoinen ilmanraikastaja, kest\u00e4\u00e4 v\u00e4hint\u00e4\u00e4n 30 p\u00e4iv\u00e4\u00e4. Sis\u00e4lt\u00e4\u00e4 15-20 kertaa enemm\u00e4n hajustetta kuin perinteiset ilmanraikastajat.<\/p>\n<ul>\n<li>Ymp\u00e4rist\u00f6yst\u00e4v\u00e4llinen<\/li>\n<li>100% kierr\u00e4tett\u00e4v\u00e4<\/li>\n<li>Ei saastuta, eik\u00e4 liukene veteen.<\/li>\n<\/ul>\n<p><strong>\u00a0<\/strong><\/p>\n<p><strong>K\u00c4YTT\u00d6OHJE:<\/strong><\/p>\n<ul>\n<li>Sijoita Saniclip huomaamattomaan paikkaan huonetilassa, esimerkiksi:\n<ul>\n<li>Kaapin tai hyllyn p\u00e4\u00e4lle<\/li>\n<li>Lavuaarin alle<\/li>\n<li>WC-istuimen taakse<\/li>\n<\/ul>\n<\/li>\n<li>Suositeltu vaihtov\u00e4li 30 p\u00e4iv\u00e4\u00e4.<\/li>\n<li><strong>HUOM:<\/strong> Saniclip ilmanraikastajaa ei tule sijoittaa wc-istuimen sis\u00e4puolella, eik\u00e4 kosketuksiin veden kanssa.<\/li>\n<li>Tuote sis\u00e4lt\u00e4\u00e4 tuoksu\u00f6ljytiivistett\u00e4, v\u00e4ltett\u00e4v\u00e4 kontaktia maalattujen, v\u00e4rillisten ja lakattujen pintojen kanssa.<\/li>\n<li>Pidett\u00e4v\u00e4 lasten ulottumattomissa. Haitallista nieltyn\u00e4.<\/li>\n<\/ul>\n<p>&nbsp;<\/p>\n<p>Tuotenumero: 1052ME (Cucumber-Melon)<\/p>\n<p>Tuote on pakattu yksitt\u00e4ispakattuun muovipussiin. Myyntier\u00e4 on yksi (1) laatikko, joka sis\u00e4lt\u00e4\u00e4 10 kpl Saniclip ilmanraikastajia. Ammattik\u00e4ytt\u00f6\u00f6n.<\/p>\n","protected":false},"excerpt":{"rendered":"<p><strong>Saniclip<\/strong> on eritt\u00e4in tehokas saniteettitilojen ja pukuhuoneiden ilmanraikastaja ja ep\u00e4miellytt\u00e4vien hajujen neutraloija. Takana olevan koukun ansiosta se on helppo asentaa minne tahansa huonetilaan.<\/p>\n[maxbutton id=\"2\" url=\"https:\/\/www.hitech.fi\/hitech\/wp-content\/uploads\/2023\/12\/TEHO_Saniclip_web.pdf\" text=\"Lataa tuotekortti\" window=\"new\" ]\n","protected":false},"featured_media":814,"comment_status":"closed","ping_status":"closed","template":"","meta":[],"product_brand":[],"product_cat":[102,115,138,133],"product_tag":[],"class_list":{"0":"post-813","1":"product","2":"type-product","3":"status-publish","4":"has-post-thumbnail","6":"product_cat-hajunpoisto-ja-ilmanraikastus","7":"product_cat-ilmanraikastajat","8":"product_cat-kiinteistohuolto","9":"product_cat-toimialat","11":"first","12":"instock","13":"shipping-taxable","14":"product-type-simple"},"yoast_head":"<!-- This site is optimized with the Yoast SEO plugin v24.3 - https:\/\/yoast.com\/wordpress\/plugins\/seo\/ -->\n<title>TEHO Saniclip -ilmanraikastaja | Hitech Chemicals<\/title>\n<meta name=\"robots\" content=\"index, follow, max-snippet:-1, max-image-preview:large, max-video-preview:-1\" \/>\n<link rel=\"canonical\" href=\"https:\/\/www.hitech.fi\/hitech\/product\/teho-saniclip-ilmanraikastaja\/\" \/>\n<meta property=\"og:locale\" content=\"fi_FI\" \/>\n<meta property=\"og:type\" content=\"article\" \/>\n<meta property=\"og:title\" content=\"TEHO Saniclip -ilmanraikastaja | Hitech Chemicals\" \/>\n<meta property=\"og:description\" content=\"Saniclip on eritt\u00e4in tehokas saniteettitilojen ja pukuhuoneiden ilmanraikastaja ja ep\u00e4miellytt\u00e4vien hajujen neutraloija. Takana olevan koukun ansiosta se on helppo asentaa minne tahansa huonetilaan.\" \/>\n<meta property=\"og:url\" content=\"https:\/\/www.hitech.fi\/hitech\/product\/teho-saniclip-ilmanraikastaja\/\" \/>\n<meta property=\"og:site_name\" content=\"Hitech Chemicals\" \/>\n<meta property=\"article:publisher\" content=\"https:\/\/www.facebook.com\/hitechfinland\" \/>\n<meta property=\"article:modified_time\" content=\"2024-05-10T11:08:25+00:00\" \/>\n<meta property=\"og:image\" content=\"https:\/\/www.hitech.fi\/hitech\/wp-content\/uploads\/2023\/10\/Hires_TEHO_Saniclip.png\" \/>\n\t<meta property=\"og:image:width\" content=\"600\" \/>\n\t<meta property=\"og:image:height\" content=\"600\" \/>\n\t<meta property=\"og:image:type\" content=\"image\/png\" \/>\n<meta name=\"twitter:card\" content=\"summary_large_image\" \/>\n<meta name=\"twitter:label1\" content=\"Arvioitu lukuaika\" \/>\n\t<meta name=\"twitter:data1\" content=\"1 minuutti\" \/>\n<script type=\"application\/ld+json\" class=\"yoast-schema-graph\">{\"@context\":\"https:\/\/schema.org\",\"@graph\":[{\"@type\":\"WebPage\",\"@id\":\"https:\/\/www.hitech.fi\/hitech\/product\/teho-saniclip-ilmanraikastaja\/\",\"url\":\"https:\/\/www.hitech.fi\/hitech\/product\/teho-saniclip-ilmanraikastaja\/\",\"name\":\"TEHO Saniclip -ilmanraikastaja | Hitech Chemicals\",\"isPartOf\":{\"@id\":\"https:\/\/www.hitech.fi\/hitech\/#website\"},\"primaryImageOfPage\":{\"@id\":\"https:\/\/www.hitech.fi\/hitech\/product\/teho-saniclip-ilmanraikastaja\/#primaryimage\"},\"image\":{\"@id\":\"https:\/\/www.hitech.fi\/hitech\/product\/teho-saniclip-ilmanraikastaja\/#primaryimage\"},\"thumbnailUrl\":\"https:\/\/www.hitech.fi\/hitech\/wp-content\/uploads\/2023\/10\/Hires_TEHO_Saniclip.png\",\"datePublished\":\"2023-10-18T07:25:59+00:00\",\"dateModified\":\"2024-05-10T11:08:25+00:00\",\"breadcrumb\":{\"@id\":\"https:\/\/www.hitech.fi\/hitech\/product\/teho-saniclip-ilmanraikastaja\/#breadcrumb\"},\"inLanguage\":\"fi\",\"potentialAction\":[{\"@type\":\"ReadAction\",\"target\":[\"https:\/\/www.hitech.fi\/hitech\/product\/teho-saniclip-ilmanraikastaja\/\"]}]},{\"@type\":\"ImageObject\",\"inLanguage\":\"fi\",\"@id\":\"https:\/\/www.hitech.fi\/hitech\/product\/teho-saniclip-ilmanraikastaja\/#primaryimage\",\"url\":\"https:\/\/www.hitech.fi\/hitech\/wp-content\/uploads\/2023\/10\/Hires_TEHO_Saniclip.png\",\"contentUrl\":\"https:\/\/www.hitech.fi\/hitech\/wp-content\/uploads\/2023\/10\/Hires_TEHO_Saniclip.png\",\"width\":600,\"height\":600,\"caption\":\"TEHO Saniclip ilmanraikastin\"},{\"@type\":\"BreadcrumbList\",\"@id\":\"https:\/\/www.hitech.fi\/hitech\/product\/teho-saniclip-ilmanraikastaja\/#breadcrumb\",\"itemListElement\":[{\"@type\":\"ListItem\",\"position\":1,\"name\":\"Etusivu\",\"item\":\"https:\/\/www.hitech.fi\/hitech\/\"},{\"@type\":\"ListItem\",\"position\":2,\"name\":\"Katalogi\",\"item\":\"https:\/\/www.hitech.fi\/hitech\/katalogi\/\"},{\"@type\":\"ListItem\",\"position\":3,\"name\":\"TEHO Saniclip -ilmanraikastaja\"}]},{\"@type\":\"WebSite\",\"@id\":\"https:\/\/www.hitech.fi\/hitech\/#website\",\"url\":\"https:\/\/www.hitech.fi\/hitech\/\",\"name\":\"Hitech Chemicals\",\"description\":\"Puhdistusaineet ja huoltotuotteet\",\"publisher\":{\"@id\":\"https:\/\/www.hitech.fi\/hitech\/#organization\"},\"potentialAction\":[{\"@type\":\"SearchAction\",\"target\":{\"@type\":\"EntryPoint\",\"urlTemplate\":\"https:\/\/www.hitech.fi\/hitech\/?s={search_term_string}\"},\"query-input\":{\"@type\":\"PropertyValueSpecification\",\"valueRequired\":true,\"valueName\":\"search_term_string\"}}],\"inLanguage\":\"fi\"},{\"@type\":\"Organization\",\"@id\":\"https:\/\/www.hitech.fi\/hitech\/#organization\",\"name\":\"Hitech Chemicals\",\"alternateName\":\"Hitech\",\"url\":\"https:\/\/www.hitech.fi\/hitech\/\",\"logo\":{\"@type\":\"ImageObject\",\"inLanguage\":\"fi\",\"@id\":\"https:\/\/www.hitech.fi\/hitech\/#\/schema\/logo\/image\/\",\"url\":\"https:\/\/www.hitech.fi\/hitech\/wp-content\/uploads\/2023\/06\/cropped-hitech_logo_600x600.png\",\"contentUrl\":\"https:\/\/www.hitech.fi\/hitech\/wp-content\/uploads\/2023\/06\/cropped-hitech_logo_600x600.png\",\"width\":512,\"height\":512,\"caption\":\"Hitech Chemicals\"},\"image\":{\"@id\":\"https:\/\/www.hitech.fi\/hitech\/#\/schema\/logo\/image\/\"},\"sameAs\":[\"https:\/\/www.facebook.com\/hitechfinland\"]}]}<\/script>\n<!-- \/ Yoast SEO plugin. -->","yoast_head_json":{"title":"TEHO Saniclip -ilmanraikastaja | Hitech Chemicals","robots":{"index":"index","follow":"follow","max-snippet":"max-snippet:-1","max-image-preview":"max-image-preview:large","max-video-preview":"max-video-preview:-1"},"canonical":"https:\/\/www.hitech.fi\/hitech\/product\/teho-saniclip-ilmanraikastaja\/","og_locale":"fi_FI","og_type":"article","og_title":"TEHO Saniclip -ilmanraikastaja | Hitech Chemicals","og_description":"Saniclip on eritt\u00e4in tehokas saniteettitilojen ja pukuhuoneiden ilmanraikastaja ja ep\u00e4miellytt\u00e4vien hajujen neutraloija. Takana olevan koukun ansiosta se on helppo asentaa minne tahansa huonetilaan.","og_url":"https:\/\/www.hitech.fi\/hitech\/product\/teho-saniclip-ilmanraikastaja\/","og_site_name":"Hitech Chemicals","article_publisher":"https:\/\/www.facebook.com\/hitechfinland","article_modified_time":"2024-05-10T11:08:25+00:00","og_image":[{"width":600,"height":600,"url":"https:\/\/www.hitech.fi\/hitech\/wp-content\/uploads\/2023\/10\/Hires_TEHO_Saniclip.png","type":"image\/png"}],"twitter_card":"summary_large_image","twitter_misc":{"Arvioitu lukuaika":"1 minuutti"},"schema":{"@context":"https:\/\/schema.org","@graph":[{"@type":"WebPage","@id":"https:\/\/www.hitech.fi\/hitech\/product\/teho-saniclip-ilmanraikastaja\/","url":"https:\/\/www.hitech.fi\/hitech\/product\/teho-saniclip-ilmanraikastaja\/","name":"TEHO Saniclip -ilmanraikastaja | Hitech Chemicals","isPartOf":{"@id":"https:\/\/www.hitech.fi\/hitech\/#website"},"primaryImageOfPage":{"@id":"https:\/\/www.hitech.fi\/hitech\/product\/teho-saniclip-ilmanraikastaja\/#primaryimage"},"image":{"@id":"https:\/\/www.hitech.fi\/hitech\/product\/teho-saniclip-ilmanraikastaja\/#primaryimage"},"thumbnailUrl":"https:\/\/www.hitech.fi\/hitech\/wp-content\/uploads\/2023\/10\/Hires_TEHO_Saniclip.png","datePublished":"2023-10-18T07:25:59+00:00","dateModified":"2024-05-10T11:08:25+00:00","breadcrumb":{"@id":"https:\/\/www.hitech.fi\/hitech\/product\/teho-saniclip-ilmanraikastaja\/#breadcrumb"},"inLanguage":"fi","potentialAction":[{"@type":"ReadAction","target":["https:\/\/www.hitech.fi\/hitech\/product\/teho-saniclip-ilmanraikastaja\/"]}]},{"@type":"ImageObject","inLanguage":"fi","@id":"https:\/\/www.hitech.fi\/hitech\/product\/teho-saniclip-ilmanraikastaja\/#primaryimage","url":"https:\/\/www.hitech.fi\/hitech\/wp-content\/uploads\/2023\/10\/Hires_TEHO_Saniclip.png","contentUrl":"https:\/\/www.hitech.fi\/hitech\/wp-content\/uploads\/2023\/10\/Hires_TEHO_Saniclip.png","width":600,"height":600,"caption":"TEHO Saniclip ilmanraikastin"},{"@type":"BreadcrumbList","@id":"https:\/\/www.hitech.fi\/hitech\/product\/teho-saniclip-ilmanraikastaja\/#breadcrumb","itemListElement":[{"@type":"ListItem","position":1,"name":"Etusivu","item":"https:\/\/www.hitech.fi\/hitech\/"},{"@type":"ListItem","position":2,"name":"Katalogi","item":"https:\/\/www.hitech.fi\/hitech\/katalogi\/"},{"@type":"ListItem","position":3,"name":"TEHO Saniclip -ilmanraikastaja"}]},{"@type":"WebSite","@id":"https:\/\/www.hitech.fi\/hitech\/#website","url":"https:\/\/www.hitech.fi\/hitech\/","name":"Hitech Chemicals","description":"Puhdistusaineet ja huoltotuotteet","publisher":{"@id":"https:\/\/www.hitech.fi\/hitech\/#organization"},"potentialAction":[{"@type":"SearchAction","target":{"@type":"EntryPoint","urlTemplate":"https:\/\/www.hitech.fi\/hitech\/?s={search_term_string}"},"query-input":{"@type":"PropertyValueSpecification","valueRequired":true,"valueName":"search_term_string"}}],"inLanguage":"fi"},{"@type":"Organization","@id":"https:\/\/www.hitech.fi\/hitech\/#organization","name":"Hitech Chemicals","alternateName":"Hitech","url":"https:\/\/www.hitech.fi\/hitech\/","logo":{"@type":"ImageObject","inLanguage":"fi","@id":"https:\/\/www.hitech.fi\/hitech\/#\/schema\/logo\/image\/","url":"https:\/\/www.hitech.fi\/hitech\/wp-content\/uploads\/2023\/06\/cropped-hitech_logo_600x600.png","contentUrl":"https:\/\/www.hitech.fi\/hitech\/wp-content\/uploads\/2023\/06\/cropped-hitech_logo_600x600.png","width":512,"height":512,"caption":"Hitech Chemicals"},"image":{"@id":"https:\/\/www.hitech.fi\/hitech\/#\/schema\/logo\/image\/"},"sameAs":["https:\/\/www.facebook.com\/hitechfinland"]}]}},"_links":{"self":[{"href":"https:\/\/www.hitech.fi\/hitech\/wp-json\/wp\/v2\/product\/813","targetHints":{"allow":["GET"]}}],"collection":[{"href":"https:\/\/www.hitech.fi\/hitech\/wp-json\/wp\/v2\/product"}],"about":[{"href":"https:\/\/www.hitech.fi\/hitech\/wp-json\/wp\/v2\/types\/product"}],"replies":[{"embeddable":true,"href":"https:\/\/www.hitech.fi\/hitech\/wp-json\/wp\/v2\/comments?post=813"}],"wp:featuredmedia":[{"embeddable":true,"href":"https:\/\/www.hitech.fi\/hitech\/wp-json\/wp\/v2\/media\/814"}],"wp:attachment":[{"href":"https:\/\/www.hitech.fi\/hitech\/wp-json\/wp\/v2\/media?parent=813"}],"wp:term":[{"taxonomy":"product_brand","embeddable":true,"href":"https:\/\/www.hitech.fi\/hitech\/wp-json\/wp\/v2\/product_brand?post=813"},{"taxonomy":"product_cat","embeddable":true,"href":"https:\/\/www.hitech.fi\/hitech\/wp-json\/wp\/v2\/product_cat?post=813"},{"taxonomy":"product_tag","embeddable":true,"href":"https:\/\/www.hitech.fi\/hitech\/wp-json\/wp\/v2\/product_tag?post=813"}],"curies":[{"name":"wp","href":"https:\/\/api.w.org\/{rel}","templated":true}]}}