{"id":812,"date":"2023-10-18T10:21:28","date_gmt":"2023-10-18T07:21:28","guid":{"rendered":"https:\/\/www.hitech.fi\/hitech\/?post_type=product&#038;p=812"},"modified":"2024-05-10T14:09:06","modified_gmt":"2024-05-10T11:09:06","slug":"teho-roadwax-suojavaha-huuhteluvaha","status":"publish","type":"product","link":"https:\/\/www.hitech.fi\/hitech\/product\/teho-roadwax-suojavaha-huuhteluvaha\/","title":{"rendered":"TEHO Roadwax Suojavaha -huuhteluvaha"},"content":{"rendered":"<p><strong>Eritt\u00e4in tehokas huuhteluvaha, joka helpottaa viimeist\u00e4 huuhtelua, suojaa pintaa ja antaa eritt\u00e4in korkean kiillon.<\/strong><\/p>\n<p>TEHO Roadwax Suojavaha on huuhteluvaha, joka sis\u00e4lt\u00e4\u00e4 valikoituja vahoja ja polymeerej\u00e4.\u00a0 Soveltuu k\u00e4ytett\u00e4v\u00e4ksi kaikille ajoneuvon pest\u00e4ville ulkopinnoille. Tuote luo likaa hylkiv\u00e4n pinnan, joka edesauttaa ajoneuvojen s\u00e4\u00e4nn\u00f6llist\u00e4 pesua. Voidaan k\u00e4ytt\u00e4\u00e4 konepesussa tai itsepesussa\u00a0 helpottaen viimeist\u00e4 huuhtelua, edesauttaa pestyjen pintojen kuivumista. Suojaa pintoja likaa, \u00f6ljytahroja, pinnan hapettumista ja UV-s\u00e4teily\u00e4 vastaan.<\/p>\n<p><strong>\u00a0<\/strong><\/p>\n<p><strong>HUOM. AMMATTIK\u00c4YTT\u00d6\u00d6N!<\/strong><\/p>\n<p><strong>K\u00c4YTT\u00d6OHJE:<\/strong><\/p>\n<ol>\n<li>Sekoita tuotteesta 2 \u2013 3% seos esim. painekannuun (\u00e4l\u00e4 k\u00e4yt\u00e4 tuotetta liikaa). Pesuautomaateissa tee esisekoitus oikean seossuuhteen varmistamiseksi (riippuen pesuautomaatin s\u00e4\u00e4d\u00f6ist\u00e4).<\/li>\n<li>Pesun j\u00e4lkeen kun pinta on viel\u00e4 m\u00e4rk\u00e4, suihkuta k\u00e4ytt\u00f6valmis seos ajoneuvon pinnalle. Anna vaikuttaa hetki (0,5 \u2013 2 minuuttia).<\/li>\n<li>Huuhtele pinta kevyesti puhtaalla vedell\u00e4. Painehuuhtelu ei ole tarpeen, vesiletkupaine riitt\u00e4\u00e4.<\/li>\n<li>Annan pinnan kuivua itsest\u00e4\u00e4n tai kuivaa automaattipesussa puhaltimella. Parhaan kiillon saa aikaiseksi kuivaamalla pinta hyv\u00e4laatuisella s\u00e4\u00e4misk\u00e4ll\u00e4 tai kuivaamiseen tarkoitetulla mikrokuituliinalla.<\/li>\n<\/ol>\n<p><strong>\u00a0<\/strong><\/p>\n<p>Tuotenumero: 2023<\/p>\n<p>Tuote on pakattu 5 litran muoviastiaan. Myyntier\u00e4 on yksi (1) laatikko, joka sis\u00e4lt\u00e4\u00e4 4 astiaa. Ammattik\u00e4ytt\u00f6\u00f6n.<\/p>\n","protected":false},"excerpt":{"rendered":"<p><strong>TEHO Roadwax Suojavaha<\/strong> on huuhteluvaha, joka sis\u00e4lt\u00e4\u00e4 valikoituja vahoja ja polymeerej\u00e4.\u00a0 Soveltuu k\u00e4ytett\u00e4v\u00e4ksi kaikille ajoneuvon pest\u00e4ville ulkopinnoille. Tuote luo likaa hylkiv\u00e4n pinnan, joka edesauttaa ajoneuvojen s\u00e4\u00e4nn\u00f6llist\u00e4 pesua.<\/p>\n[maxbutton id=\"2\" url=\"https:\/\/www.hitech.fi\/hitech\/wp-content\/uploads\/2023\/12\/TEHO_Roadwax_Suojavaha_web.pdf\" text=\"Lataa tuotekortti\" window=\"new\" ]\n","protected":false},"featured_media":503,"comment_status":"closed","ping_status":"closed","template":"","meta":[],"product_brand":[],"product_cat":[134,118,96,133,120],"product_tag":[],"class_list":{"0":"post-812","1":"product","2":"type-product","3":"status-publish","4":"has-post-thumbnail","6":"product_cat-kalusto-ja-ajoneuvot","7":"product_cat-kalustonpesu","8":"product_cat-pesuaineet","9":"product_cat-toimialat","10":"product_cat-vahat","12":"first","13":"instock","14":"shipping-taxable","15":"product-type-simple"},"yoast_head":"<!-- This site is optimized with the Yoast SEO plugin v24.3 - https:\/\/yoast.com\/wordpress\/plugins\/seo\/ -->\n<title>TEHO Roadwax Suojavaha -huuhteluvaha | Hitech Chemicals<\/title>\n<meta name=\"robots\" content=\"index, follow, max-snippet:-1, max-image-preview:large, max-video-preview:-1\" \/>\n<link rel=\"canonical\" href=\"https:\/\/www.hitech.fi\/hitech\/product\/teho-roadwax-suojavaha-huuhteluvaha\/\" \/>\n<meta property=\"og:locale\" content=\"fi_FI\" \/>\n<meta property=\"og:type\" content=\"article\" \/>\n<meta property=\"og:title\" content=\"TEHO Roadwax Suojavaha -huuhteluvaha | Hitech Chemicals\" \/>\n<meta property=\"og:description\" content=\"TEHO Roadwax Suojavaha on huuhteluvaha, joka sis\u00e4lt\u00e4\u00e4 valikoituja vahoja ja polymeerej\u00e4.\u00a0 Soveltuu k\u00e4ytett\u00e4v\u00e4ksi kaikille ajoneuvon pest\u00e4ville ulkopinnoille. Tuote luo likaa hylkiv\u00e4n pinnan, joka edesauttaa ajoneuvojen s\u00e4\u00e4nn\u00f6llist\u00e4 pesua.\" \/>\n<meta property=\"og:url\" content=\"https:\/\/www.hitech.fi\/hitech\/product\/teho-roadwax-suojavaha-huuhteluvaha\/\" \/>\n<meta property=\"og:site_name\" content=\"Hitech Chemicals\" \/>\n<meta property=\"article:publisher\" content=\"https:\/\/www.facebook.com\/hitechfinland\" \/>\n<meta property=\"article:modified_time\" content=\"2024-05-10T11:09:06+00:00\" \/>\n<meta property=\"og:image\" content=\"https:\/\/www.hitech.fi\/hitech\/wp-content\/uploads\/2020\/03\/hires_TEHO_Roadwax_Suojavaha_v2.jpg\" \/>\n\t<meta property=\"og:image:width\" content=\"1024\" \/>\n\t<meta property=\"og:image:height\" content=\"1024\" \/>\n\t<meta property=\"og:image:type\" content=\"image\/jpeg\" \/>\n<meta name=\"twitter:card\" content=\"summary_large_image\" \/>\n<meta name=\"twitter:label1\" content=\"Arvioitu lukuaika\" \/>\n\t<meta name=\"twitter:data1\" content=\"1 minuutti\" \/>\n<script type=\"application\/ld+json\" class=\"yoast-schema-graph\">{\"@context\":\"https:\/\/schema.org\",\"@graph\":[{\"@type\":\"WebPage\",\"@id\":\"https:\/\/www.hitech.fi\/hitech\/product\/teho-roadwax-suojavaha-huuhteluvaha\/\",\"url\":\"https:\/\/www.hitech.fi\/hitech\/product\/teho-roadwax-suojavaha-huuhteluvaha\/\",\"name\":\"TEHO Roadwax Suojavaha -huuhteluvaha | Hitech Chemicals\",\"isPartOf\":{\"@id\":\"https:\/\/www.hitech.fi\/hitech\/#website\"},\"primaryImageOfPage\":{\"@id\":\"https:\/\/www.hitech.fi\/hitech\/product\/teho-roadwax-suojavaha-huuhteluvaha\/#primaryimage\"},\"image\":{\"@id\":\"https:\/\/www.hitech.fi\/hitech\/product\/teho-roadwax-suojavaha-huuhteluvaha\/#primaryimage\"},\"thumbnailUrl\":\"https:\/\/www.hitech.fi\/hitech\/wp-content\/uploads\/2020\/03\/hires_TEHO_Roadwax_Suojavaha_v2.jpg\",\"datePublished\":\"2023-10-18T07:21:28+00:00\",\"dateModified\":\"2024-05-10T11:09:06+00:00\",\"breadcrumb\":{\"@id\":\"https:\/\/www.hitech.fi\/hitech\/product\/teho-roadwax-suojavaha-huuhteluvaha\/#breadcrumb\"},\"inLanguage\":\"fi\",\"potentialAction\":[{\"@type\":\"ReadAction\",\"target\":[\"https:\/\/www.hitech.fi\/hitech\/product\/teho-roadwax-suojavaha-huuhteluvaha\/\"]}]},{\"@type\":\"ImageObject\",\"inLanguage\":\"fi\",\"@id\":\"https:\/\/www.hitech.fi\/hitech\/product\/teho-roadwax-suojavaha-huuhteluvaha\/#primaryimage\",\"url\":\"https:\/\/www.hitech.fi\/hitech\/wp-content\/uploads\/2020\/03\/hires_TEHO_Roadwax_Suojavaha_v2.jpg\",\"contentUrl\":\"https:\/\/www.hitech.fi\/hitech\/wp-content\/uploads\/2020\/03\/hires_TEHO_Roadwax_Suojavaha_v2.jpg\",\"width\":1024,\"height\":1024,\"caption\":\"TEHO Roadwax Suojavaha kalustolle\"},{\"@type\":\"BreadcrumbList\",\"@id\":\"https:\/\/www.hitech.fi\/hitech\/product\/teho-roadwax-suojavaha-huuhteluvaha\/#breadcrumb\",\"itemListElement\":[{\"@type\":\"ListItem\",\"position\":1,\"name\":\"Etusivu\",\"item\":\"https:\/\/www.hitech.fi\/hitech\/\"},{\"@type\":\"ListItem\",\"position\":2,\"name\":\"Katalogi\",\"item\":\"https:\/\/www.hitech.fi\/hitech\/katalogi\/\"},{\"@type\":\"ListItem\",\"position\":3,\"name\":\"TEHO Roadwax Suojavaha -huuhteluvaha\"}]},{\"@type\":\"WebSite\",\"@id\":\"https:\/\/www.hitech.fi\/hitech\/#website\",\"url\":\"https:\/\/www.hitech.fi\/hitech\/\",\"name\":\"Hitech Chemicals\",\"description\":\"Puhdistusaineet ja huoltotuotteet\",\"publisher\":{\"@id\":\"https:\/\/www.hitech.fi\/hitech\/#organization\"},\"potentialAction\":[{\"@type\":\"SearchAction\",\"target\":{\"@type\":\"EntryPoint\",\"urlTemplate\":\"https:\/\/www.hitech.fi\/hitech\/?s={search_term_string}\"},\"query-input\":{\"@type\":\"PropertyValueSpecification\",\"valueRequired\":true,\"valueName\":\"search_term_string\"}}],\"inLanguage\":\"fi\"},{\"@type\":\"Organization\",\"@id\":\"https:\/\/www.hitech.fi\/hitech\/#organization\",\"name\":\"Hitech Chemicals\",\"alternateName\":\"Hitech\",\"url\":\"https:\/\/www.hitech.fi\/hitech\/\",\"logo\":{\"@type\":\"ImageObject\",\"inLanguage\":\"fi\",\"@id\":\"https:\/\/www.hitech.fi\/hitech\/#\/schema\/logo\/image\/\",\"url\":\"https:\/\/www.hitech.fi\/hitech\/wp-content\/uploads\/2023\/06\/cropped-hitech_logo_600x600.png\",\"contentUrl\":\"https:\/\/www.hitech.fi\/hitech\/wp-content\/uploads\/2023\/06\/cropped-hitech_logo_600x600.png\",\"width\":512,\"height\":512,\"caption\":\"Hitech Chemicals\"},\"image\":{\"@id\":\"https:\/\/www.hitech.fi\/hitech\/#\/schema\/logo\/image\/\"},\"sameAs\":[\"https:\/\/www.facebook.com\/hitechfinland\"]}]}<\/script>\n<!-- \/ Yoast SEO plugin. -->","yoast_head_json":{"title":"TEHO Roadwax Suojavaha -huuhteluvaha | Hitech Chemicals","robots":{"index":"index","follow":"follow","max-snippet":"max-snippet:-1","max-image-preview":"max-image-preview:large","max-video-preview":"max-video-preview:-1"},"canonical":"https:\/\/www.hitech.fi\/hitech\/product\/teho-roadwax-suojavaha-huuhteluvaha\/","og_locale":"fi_FI","og_type":"article","og_title":"TEHO Roadwax Suojavaha -huuhteluvaha | Hitech Chemicals","og_description":"TEHO Roadwax Suojavaha on huuhteluvaha, joka sis\u00e4lt\u00e4\u00e4 valikoituja vahoja ja polymeerej\u00e4.\u00a0 Soveltuu k\u00e4ytett\u00e4v\u00e4ksi kaikille ajoneuvon pest\u00e4ville ulkopinnoille. Tuote luo likaa hylkiv\u00e4n pinnan, joka edesauttaa ajoneuvojen s\u00e4\u00e4nn\u00f6llist\u00e4 pesua.","og_url":"https:\/\/www.hitech.fi\/hitech\/product\/teho-roadwax-suojavaha-huuhteluvaha\/","og_site_name":"Hitech Chemicals","article_publisher":"https:\/\/www.facebook.com\/hitechfinland","article_modified_time":"2024-05-10T11:09:06+00:00","og_image":[{"width":1024,"height":1024,"url":"https:\/\/www.hitech.fi\/hitech\/wp-content\/uploads\/2020\/03\/hires_TEHO_Roadwax_Suojavaha_v2.jpg","type":"image\/jpeg"}],"twitter_card":"summary_large_image","twitter_misc":{"Arvioitu lukuaika":"1 minuutti"},"schema":{"@context":"https:\/\/schema.org","@graph":[{"@type":"WebPage","@id":"https:\/\/www.hitech.fi\/hitech\/product\/teho-roadwax-suojavaha-huuhteluvaha\/","url":"https:\/\/www.hitech.fi\/hitech\/product\/teho-roadwax-suojavaha-huuhteluvaha\/","name":"TEHO Roadwax Suojavaha -huuhteluvaha | Hitech Chemicals","isPartOf":{"@id":"https:\/\/www.hitech.fi\/hitech\/#website"},"primaryImageOfPage":{"@id":"https:\/\/www.hitech.fi\/hitech\/product\/teho-roadwax-suojavaha-huuhteluvaha\/#primaryimage"},"image":{"@id":"https:\/\/www.hitech.fi\/hitech\/product\/teho-roadwax-suojavaha-huuhteluvaha\/#primaryimage"},"thumbnailUrl":"https:\/\/www.hitech.fi\/hitech\/wp-content\/uploads\/2020\/03\/hires_TEHO_Roadwax_Suojavaha_v2.jpg","datePublished":"2023-10-18T07:21:28+00:00","dateModified":"2024-05-10T11:09:06+00:00","breadcrumb":{"@id":"https:\/\/www.hitech.fi\/hitech\/product\/teho-roadwax-suojavaha-huuhteluvaha\/#breadcrumb"},"inLanguage":"fi","potentialAction":[{"@type":"ReadAction","target":["https:\/\/www.hitech.fi\/hitech\/product\/teho-roadwax-suojavaha-huuhteluvaha\/"]}]},{"@type":"ImageObject","inLanguage":"fi","@id":"https:\/\/www.hitech.fi\/hitech\/product\/teho-roadwax-suojavaha-huuhteluvaha\/#primaryimage","url":"https:\/\/www.hitech.fi\/hitech\/wp-content\/uploads\/2020\/03\/hires_TEHO_Roadwax_Suojavaha_v2.jpg","contentUrl":"https:\/\/www.hitech.fi\/hitech\/wp-content\/uploads\/2020\/03\/hires_TEHO_Roadwax_Suojavaha_v2.jpg","width":1024,"height":1024,"caption":"TEHO Roadwax Suojavaha kalustolle"},{"@type":"BreadcrumbList","@id":"https:\/\/www.hitech.fi\/hitech\/product\/teho-roadwax-suojavaha-huuhteluvaha\/#breadcrumb","itemListElement":[{"@type":"ListItem","position":1,"name":"Etusivu","item":"https:\/\/www.hitech.fi\/hitech\/"},{"@type":"ListItem","position":2,"name":"Katalogi","item":"https:\/\/www.hitech.fi\/hitech\/katalogi\/"},{"@type":"ListItem","position":3,"name":"TEHO Roadwax Suojavaha -huuhteluvaha"}]},{"@type":"WebSite","@id":"https:\/\/www.hitech.fi\/hitech\/#website","url":"https:\/\/www.hitech.fi\/hitech\/","name":"Hitech Chemicals","description":"Puhdistusaineet ja huoltotuotteet","publisher":{"@id":"https:\/\/www.hitech.fi\/hitech\/#organization"},"potentialAction":[{"@type":"SearchAction","target":{"@type":"EntryPoint","urlTemplate":"https:\/\/www.hitech.fi\/hitech\/?s={search_term_string}"},"query-input":{"@type":"PropertyValueSpecification","valueRequired":true,"valueName":"search_term_string"}}],"inLanguage":"fi"},{"@type":"Organization","@id":"https:\/\/www.hitech.fi\/hitech\/#organization","name":"Hitech Chemicals","alternateName":"Hitech","url":"https:\/\/www.hitech.fi\/hitech\/","logo":{"@type":"ImageObject","inLanguage":"fi","@id":"https:\/\/www.hitech.fi\/hitech\/#\/schema\/logo\/image\/","url":"https:\/\/www.hitech.fi\/hitech\/wp-content\/uploads\/2023\/06\/cropped-hitech_logo_600x600.png","contentUrl":"https:\/\/www.hitech.fi\/hitech\/wp-content\/uploads\/2023\/06\/cropped-hitech_logo_600x600.png","width":512,"height":512,"caption":"Hitech Chemicals"},"image":{"@id":"https:\/\/www.hitech.fi\/hitech\/#\/schema\/logo\/image\/"},"sameAs":["https:\/\/www.facebook.com\/hitechfinland"]}]}},"_links":{"self":[{"href":"https:\/\/www.hitech.fi\/hitech\/wp-json\/wp\/v2\/product\/812","targetHints":{"allow":["GET"]}}],"collection":[{"href":"https:\/\/www.hitech.fi\/hitech\/wp-json\/wp\/v2\/product"}],"about":[{"href":"https:\/\/www.hitech.fi\/hitech\/wp-json\/wp\/v2\/types\/product"}],"replies":[{"embeddable":true,"href":"https:\/\/www.hitech.fi\/hitech\/wp-json\/wp\/v2\/comments?post=812"}],"wp:featuredmedia":[{"embeddable":true,"href":"https:\/\/www.hitech.fi\/hitech\/wp-json\/wp\/v2\/media\/503"}],"wp:attachment":[{"href":"https:\/\/www.hitech.fi\/hitech\/wp-json\/wp\/v2\/media?parent=812"}],"wp:term":[{"taxonomy":"product_brand","embeddable":true,"href":"https:\/\/www.hitech.fi\/hitech\/wp-json\/wp\/v2\/product_brand?post=812"},{"taxonomy":"product_cat","embeddable":true,"href":"https:\/\/www.hitech.fi\/hitech\/wp-json\/wp\/v2\/product_cat?post=812"},{"taxonomy":"product_tag","embeddable":true,"href":"https:\/\/www.hitech.fi\/hitech\/wp-json\/wp\/v2\/product_tag?post=812"}],"curies":[{"name":"wp","href":"https:\/\/api.w.org\/{rel}","templated":true}]}}