{"id":807,"date":"2023-10-18T10:13:00","date_gmt":"2023-10-18T07:13:00","guid":{"rendered":"https:\/\/www.hitech.fi\/hitech\/?post_type=product&#038;p=807"},"modified":"2024-05-10T14:10:22","modified_gmt":"2024-05-10T11:10:22","slug":"teho-roadex-kalustopesu-pesuainetiiviste","status":"publish","type":"product","link":"https:\/\/www.hitech.fi\/hitech\/product\/teho-roadex-kalustopesu-pesuainetiiviste\/","title":{"rendered":"TEHO Roadex Kalustopesu -pesuainetiiviste"},"content":{"rendered":"<p><strong>Eritt\u00e4in tehokas ajoneuvojen ja raskaankaluston pesuainetiiviste ymp\u00e4rivuotiseen k\u00e4ytt\u00f6\u00f6n, joka j\u00e4tt\u00e4\u00e4 kiilt\u00e4v\u00e4n pesutuloksen.<\/strong><\/p>\n<p>Soveltuu erinomaisesti autojen, koneiden, rekkojen, pressujen, vanteiden ja s\u00e4ili\u00f6iden pesuun. Voidaan k\u00e4ytt\u00e4\u00e4 harjallisissa ja harjattomissa pesuautomaateissa, painepesuripesussa, sek\u00e4 k\u00e4sinpesussa. Soveltuu my\u00f6s lattioiden ja ty\u00f6tilojen pesuun.<\/p>\n<p>TEHO Roadex Kalustopesu irroittaa tehokkaasti maantielt\u00e4 kertyv\u00e4\u00e4 likaa, \u00f6ljy\u00e4, diesel ja hy\u00f6nteisten j\u00e4\u00e4mi\u00e4. Vaahdotinta k\u00e4ytett\u00e4ess\u00e4 muodostaa paksun vaahdon, joka huuhtuu helposti. Normaalik\u00e4yt\u00f6ss\u00e4 ei vahingoita maalattuja pintoja. Tuote on biohajoava.<\/p>\n<p><strong>\u00a0<\/strong><\/p>\n<p><strong>HUOM. AMMATTIK\u00c4YTT\u00d6\u00d6N!<\/strong><\/p>\n<p><strong>K\u00c4YTT\u00d6OHJE:<\/strong><\/p>\n<ol>\n<li>K\u00e4ytet\u00e4\u00e4n normaaleissa pesukohteissa 1-5% k\u00e4ytt\u00f6liuoksena, ongelmallisessa liassa 5-10% seossuhteella.<\/li>\n<li>Levitet\u00e4\u00e4n ruiskuttamalla tai vaahdottamalla pest\u00e4v\u00e4lle pinnalle alhaalta yl\u00f6sp\u00e4in.<\/li>\n<li>Annetaan vaikuttaa 1-5 minuuttia.<\/li>\n<li>Huuhdotaan painepesurilla (120 bar) tai harjakoneella pesun yhteydess\u00e4.<\/li>\n<li>HUOM! \u00c4l\u00e4 anna pesuaineen kuivaa pest\u00e4v\u00e4\u00e4n pintaan. Ei suositella levitt\u00e4v\u00e4ksi pinnoille joiden l\u00e4mp\u00f6tila on yli +35\u00b0C tai kontaktiaikaa tulee lyhent\u00e4\u00e4.<\/li>\n<li>K\u00e4sinpesussa sekoita 10-20 litran \u00e4mp\u00e4riin pesuainetta 1 &#8211; 4 korkillista tuotetta. K\u00e4yt\u00e4 sient\u00e4 tai pesukinnasta, huuhtele lopuksi painepesurilla tai vesiletkulla runsaalla vedell\u00e4.<\/li>\n<\/ol>\n<p><strong><br \/>\npH: <\/strong>13,5 (Tiiviste\/Koncentrat\/Concentrate)<\/p>\n<p>Tuotenumero: 7186<\/p>\n<p>Tuote on pakattu 10 litran muoviastiaan. <strong>Saatavilla<\/strong> tehdastilauksena my\u00f6s 1000 L kontissa, <strong>sek\u00e4<\/strong> 2 x 220 litran tynnyreiss\u00e4. Ammattik\u00e4ytt\u00f6\u00f6n.<\/p>\n","protected":false},"excerpt":{"rendered":"<p><strong>TEHO Roadex Kalustopesu<\/strong> on eritt\u00e4in tehokas ajoneuvojen ja raskaankaluston pesuainetiiviste ymp\u00e4rivuotiseen k\u00e4ytt\u00f6\u00f6n, joka j\u00e4tt\u00e4\u00e4 kiilt\u00e4v\u00e4n pesutuloksen.<\/p>\n[maxbutton id=\"2\" url=\"https:\/\/www.hitech.fi\/hitech\/wp-content\/uploads\/2023\/12\/TEHO_Roadex_Kalustonpesu_web.pdf\" text=\"Lataa tuotekortti\" window=\"new\" ]\n","protected":false},"featured_media":364,"comment_status":"closed","ping_status":"closed","template":"","meta":[],"product_brand":[],"product_cat":[134,118,96,133],"product_tag":[],"class_list":{"0":"post-807","1":"product","2":"type-product","3":"status-publish","4":"has-post-thumbnail","6":"product_cat-kalusto-ja-ajoneuvot","7":"product_cat-kalustonpesu","8":"product_cat-pesuaineet","9":"product_cat-toimialat","11":"first","12":"instock","13":"shipping-taxable","14":"product-type-simple"},"yoast_head":"<!-- This site is optimized with the Yoast SEO plugin v24.3 - https:\/\/yoast.com\/wordpress\/plugins\/seo\/ -->\n<title>TEHO Roadex Kalustopesu -pesuainetiiviste | Hitech Chemicals<\/title>\n<meta name=\"robots\" content=\"index, follow, max-snippet:-1, max-image-preview:large, max-video-preview:-1\" \/>\n<link rel=\"canonical\" href=\"https:\/\/www.hitech.fi\/hitech\/product\/teho-roadex-kalustopesu-pesuainetiiviste\/\" \/>\n<meta property=\"og:locale\" content=\"fi_FI\" \/>\n<meta property=\"og:type\" content=\"article\" \/>\n<meta property=\"og:title\" content=\"TEHO Roadex Kalustopesu -pesuainetiiviste | Hitech Chemicals\" \/>\n<meta property=\"og:description\" content=\"TEHO Roadex Kalustopesu on eritt\u00e4in tehokas ajoneuvojen ja raskaankaluston pesuainetiiviste ymp\u00e4rivuotiseen k\u00e4ytt\u00f6\u00f6n, joka j\u00e4tt\u00e4\u00e4 kiilt\u00e4v\u00e4n pesutuloksen.\" \/>\n<meta property=\"og:url\" content=\"https:\/\/www.hitech.fi\/hitech\/product\/teho-roadex-kalustopesu-pesuainetiiviste\/\" \/>\n<meta property=\"og:site_name\" content=\"Hitech Chemicals\" \/>\n<meta property=\"article:publisher\" content=\"https:\/\/www.facebook.com\/hitechfinland\" \/>\n<meta property=\"article:modified_time\" content=\"2024-05-10T11:10:22+00:00\" \/>\n<meta property=\"og:image\" content=\"https:\/\/www.hitech.fi\/hitech\/wp-content\/uploads\/2017\/08\/Hires_TEHO_Roadex_Kalustopesu_uusi.jpg\" \/>\n\t<meta property=\"og:image:width\" content=\"1024\" \/>\n\t<meta property=\"og:image:height\" content=\"1024\" \/>\n\t<meta property=\"og:image:type\" content=\"image\/jpeg\" \/>\n<meta name=\"twitter:card\" content=\"summary_large_image\" \/>\n<meta name=\"twitter:label1\" content=\"Arvioitu lukuaika\" \/>\n\t<meta name=\"twitter:data1\" content=\"2 minuuttia\" \/>\n<script type=\"application\/ld+json\" class=\"yoast-schema-graph\">{\"@context\":\"https:\/\/schema.org\",\"@graph\":[{\"@type\":\"WebPage\",\"@id\":\"https:\/\/www.hitech.fi\/hitech\/product\/teho-roadex-kalustopesu-pesuainetiiviste\/\",\"url\":\"https:\/\/www.hitech.fi\/hitech\/product\/teho-roadex-kalustopesu-pesuainetiiviste\/\",\"name\":\"TEHO Roadex Kalustopesu -pesuainetiiviste | Hitech Chemicals\",\"isPartOf\":{\"@id\":\"https:\/\/www.hitech.fi\/hitech\/#website\"},\"primaryImageOfPage\":{\"@id\":\"https:\/\/www.hitech.fi\/hitech\/product\/teho-roadex-kalustopesu-pesuainetiiviste\/#primaryimage\"},\"image\":{\"@id\":\"https:\/\/www.hitech.fi\/hitech\/product\/teho-roadex-kalustopesu-pesuainetiiviste\/#primaryimage\"},\"thumbnailUrl\":\"https:\/\/www.hitech.fi\/hitech\/wp-content\/uploads\/2017\/08\/Hires_TEHO_Roadex_Kalustopesu_uusi.jpg\",\"datePublished\":\"2023-10-18T07:13:00+00:00\",\"dateModified\":\"2024-05-10T11:10:22+00:00\",\"breadcrumb\":{\"@id\":\"https:\/\/www.hitech.fi\/hitech\/product\/teho-roadex-kalustopesu-pesuainetiiviste\/#breadcrumb\"},\"inLanguage\":\"fi\",\"potentialAction\":[{\"@type\":\"ReadAction\",\"target\":[\"https:\/\/www.hitech.fi\/hitech\/product\/teho-roadex-kalustopesu-pesuainetiiviste\/\"]}]},{\"@type\":\"ImageObject\",\"inLanguage\":\"fi\",\"@id\":\"https:\/\/www.hitech.fi\/hitech\/product\/teho-roadex-kalustopesu-pesuainetiiviste\/#primaryimage\",\"url\":\"https:\/\/www.hitech.fi\/hitech\/wp-content\/uploads\/2017\/08\/Hires_TEHO_Roadex_Kalustopesu_uusi.jpg\",\"contentUrl\":\"https:\/\/www.hitech.fi\/hitech\/wp-content\/uploads\/2017\/08\/Hires_TEHO_Roadex_Kalustopesu_uusi.jpg\",\"width\":1024,\"height\":1024,\"caption\":\"TEHO Roadex Kalustopesu pesuainetiiviste\"},{\"@type\":\"BreadcrumbList\",\"@id\":\"https:\/\/www.hitech.fi\/hitech\/product\/teho-roadex-kalustopesu-pesuainetiiviste\/#breadcrumb\",\"itemListElement\":[{\"@type\":\"ListItem\",\"position\":1,\"name\":\"Etusivu\",\"item\":\"https:\/\/www.hitech.fi\/hitech\/\"},{\"@type\":\"ListItem\",\"position\":2,\"name\":\"Katalogi\",\"item\":\"https:\/\/www.hitech.fi\/hitech\/katalogi\/\"},{\"@type\":\"ListItem\",\"position\":3,\"name\":\"TEHO Roadex Kalustopesu -pesuainetiiviste\"}]},{\"@type\":\"WebSite\",\"@id\":\"https:\/\/www.hitech.fi\/hitech\/#website\",\"url\":\"https:\/\/www.hitech.fi\/hitech\/\",\"name\":\"Hitech Chemicals\",\"description\":\"Puhdistusaineet ja huoltotuotteet\",\"publisher\":{\"@id\":\"https:\/\/www.hitech.fi\/hitech\/#organization\"},\"potentialAction\":[{\"@type\":\"SearchAction\",\"target\":{\"@type\":\"EntryPoint\",\"urlTemplate\":\"https:\/\/www.hitech.fi\/hitech\/?s={search_term_string}\"},\"query-input\":{\"@type\":\"PropertyValueSpecification\",\"valueRequired\":true,\"valueName\":\"search_term_string\"}}],\"inLanguage\":\"fi\"},{\"@type\":\"Organization\",\"@id\":\"https:\/\/www.hitech.fi\/hitech\/#organization\",\"name\":\"Hitech Chemicals\",\"alternateName\":\"Hitech\",\"url\":\"https:\/\/www.hitech.fi\/hitech\/\",\"logo\":{\"@type\":\"ImageObject\",\"inLanguage\":\"fi\",\"@id\":\"https:\/\/www.hitech.fi\/hitech\/#\/schema\/logo\/image\/\",\"url\":\"https:\/\/www.hitech.fi\/hitech\/wp-content\/uploads\/2023\/06\/cropped-hitech_logo_600x600.png\",\"contentUrl\":\"https:\/\/www.hitech.fi\/hitech\/wp-content\/uploads\/2023\/06\/cropped-hitech_logo_600x600.png\",\"width\":512,\"height\":512,\"caption\":\"Hitech Chemicals\"},\"image\":{\"@id\":\"https:\/\/www.hitech.fi\/hitech\/#\/schema\/logo\/image\/\"},\"sameAs\":[\"https:\/\/www.facebook.com\/hitechfinland\"]}]}<\/script>\n<!-- \/ Yoast SEO plugin. -->","yoast_head_json":{"title":"TEHO Roadex Kalustopesu -pesuainetiiviste | Hitech Chemicals","robots":{"index":"index","follow":"follow","max-snippet":"max-snippet:-1","max-image-preview":"max-image-preview:large","max-video-preview":"max-video-preview:-1"},"canonical":"https:\/\/www.hitech.fi\/hitech\/product\/teho-roadex-kalustopesu-pesuainetiiviste\/","og_locale":"fi_FI","og_type":"article","og_title":"TEHO Roadex Kalustopesu -pesuainetiiviste | Hitech Chemicals","og_description":"TEHO Roadex Kalustopesu on eritt\u00e4in tehokas ajoneuvojen ja raskaankaluston pesuainetiiviste ymp\u00e4rivuotiseen k\u00e4ytt\u00f6\u00f6n, joka j\u00e4tt\u00e4\u00e4 kiilt\u00e4v\u00e4n pesutuloksen.","og_url":"https:\/\/www.hitech.fi\/hitech\/product\/teho-roadex-kalustopesu-pesuainetiiviste\/","og_site_name":"Hitech Chemicals","article_publisher":"https:\/\/www.facebook.com\/hitechfinland","article_modified_time":"2024-05-10T11:10:22+00:00","og_image":[{"width":1024,"height":1024,"url":"https:\/\/www.hitech.fi\/hitech\/wp-content\/uploads\/2017\/08\/Hires_TEHO_Roadex_Kalustopesu_uusi.jpg","type":"image\/jpeg"}],"twitter_card":"summary_large_image","twitter_misc":{"Arvioitu lukuaika":"2 minuuttia"},"schema":{"@context":"https:\/\/schema.org","@graph":[{"@type":"WebPage","@id":"https:\/\/www.hitech.fi\/hitech\/product\/teho-roadex-kalustopesu-pesuainetiiviste\/","url":"https:\/\/www.hitech.fi\/hitech\/product\/teho-roadex-kalustopesu-pesuainetiiviste\/","name":"TEHO Roadex Kalustopesu -pesuainetiiviste | Hitech Chemicals","isPartOf":{"@id":"https:\/\/www.hitech.fi\/hitech\/#website"},"primaryImageOfPage":{"@id":"https:\/\/www.hitech.fi\/hitech\/product\/teho-roadex-kalustopesu-pesuainetiiviste\/#primaryimage"},"image":{"@id":"https:\/\/www.hitech.fi\/hitech\/product\/teho-roadex-kalustopesu-pesuainetiiviste\/#primaryimage"},"thumbnailUrl":"https:\/\/www.hitech.fi\/hitech\/wp-content\/uploads\/2017\/08\/Hires_TEHO_Roadex_Kalustopesu_uusi.jpg","datePublished":"2023-10-18T07:13:00+00:00","dateModified":"2024-05-10T11:10:22+00:00","breadcrumb":{"@id":"https:\/\/www.hitech.fi\/hitech\/product\/teho-roadex-kalustopesu-pesuainetiiviste\/#breadcrumb"},"inLanguage":"fi","potentialAction":[{"@type":"ReadAction","target":["https:\/\/www.hitech.fi\/hitech\/product\/teho-roadex-kalustopesu-pesuainetiiviste\/"]}]},{"@type":"ImageObject","inLanguage":"fi","@id":"https:\/\/www.hitech.fi\/hitech\/product\/teho-roadex-kalustopesu-pesuainetiiviste\/#primaryimage","url":"https:\/\/www.hitech.fi\/hitech\/wp-content\/uploads\/2017\/08\/Hires_TEHO_Roadex_Kalustopesu_uusi.jpg","contentUrl":"https:\/\/www.hitech.fi\/hitech\/wp-content\/uploads\/2017\/08\/Hires_TEHO_Roadex_Kalustopesu_uusi.jpg","width":1024,"height":1024,"caption":"TEHO Roadex Kalustopesu pesuainetiiviste"},{"@type":"BreadcrumbList","@id":"https:\/\/www.hitech.fi\/hitech\/product\/teho-roadex-kalustopesu-pesuainetiiviste\/#breadcrumb","itemListElement":[{"@type":"ListItem","position":1,"name":"Etusivu","item":"https:\/\/www.hitech.fi\/hitech\/"},{"@type":"ListItem","position":2,"name":"Katalogi","item":"https:\/\/www.hitech.fi\/hitech\/katalogi\/"},{"@type":"ListItem","position":3,"name":"TEHO Roadex Kalustopesu -pesuainetiiviste"}]},{"@type":"WebSite","@id":"https:\/\/www.hitech.fi\/hitech\/#website","url":"https:\/\/www.hitech.fi\/hitech\/","name":"Hitech Chemicals","description":"Puhdistusaineet ja huoltotuotteet","publisher":{"@id":"https:\/\/www.hitech.fi\/hitech\/#organization"},"potentialAction":[{"@type":"SearchAction","target":{"@type":"EntryPoint","urlTemplate":"https:\/\/www.hitech.fi\/hitech\/?s={search_term_string}"},"query-input":{"@type":"PropertyValueSpecification","valueRequired":true,"valueName":"search_term_string"}}],"inLanguage":"fi"},{"@type":"Organization","@id":"https:\/\/www.hitech.fi\/hitech\/#organization","name":"Hitech Chemicals","alternateName":"Hitech","url":"https:\/\/www.hitech.fi\/hitech\/","logo":{"@type":"ImageObject","inLanguage":"fi","@id":"https:\/\/www.hitech.fi\/hitech\/#\/schema\/logo\/image\/","url":"https:\/\/www.hitech.fi\/hitech\/wp-content\/uploads\/2023\/06\/cropped-hitech_logo_600x600.png","contentUrl":"https:\/\/www.hitech.fi\/hitech\/wp-content\/uploads\/2023\/06\/cropped-hitech_logo_600x600.png","width":512,"height":512,"caption":"Hitech Chemicals"},"image":{"@id":"https:\/\/www.hitech.fi\/hitech\/#\/schema\/logo\/image\/"},"sameAs":["https:\/\/www.facebook.com\/hitechfinland"]}]}},"_links":{"self":[{"href":"https:\/\/www.hitech.fi\/hitech\/wp-json\/wp\/v2\/product\/807","targetHints":{"allow":["GET"]}}],"collection":[{"href":"https:\/\/www.hitech.fi\/hitech\/wp-json\/wp\/v2\/product"}],"about":[{"href":"https:\/\/www.hitech.fi\/hitech\/wp-json\/wp\/v2\/types\/product"}],"replies":[{"embeddable":true,"href":"https:\/\/www.hitech.fi\/hitech\/wp-json\/wp\/v2\/comments?post=807"}],"wp:featuredmedia":[{"embeddable":true,"href":"https:\/\/www.hitech.fi\/hitech\/wp-json\/wp\/v2\/media\/364"}],"wp:attachment":[{"href":"https:\/\/www.hitech.fi\/hitech\/wp-json\/wp\/v2\/media?parent=807"}],"wp:term":[{"taxonomy":"product_brand","embeddable":true,"href":"https:\/\/www.hitech.fi\/hitech\/wp-json\/wp\/v2\/product_brand?post=807"},{"taxonomy":"product_cat","embeddable":true,"href":"https:\/\/www.hitech.fi\/hitech\/wp-json\/wp\/v2\/product_cat?post=807"},{"taxonomy":"product_tag","embeddable":true,"href":"https:\/\/www.hitech.fi\/hitech\/wp-json\/wp\/v2\/product_tag?post=807"}],"curies":[{"name":"wp","href":"https:\/\/api.w.org\/{rel}","templated":true}]}}