{"id":805,"date":"2023-10-18T08:37:17","date_gmt":"2023-10-18T05:37:17","guid":{"rendered":"https:\/\/www.hitech.fi\/hitech\/?post_type=product&#038;p=805"},"modified":"2024-05-10T14:12:25","modified_gmt":"2024-05-10T11:12:25","slug":"teho-putkenavaaja-1l","status":"publish","type":"product","link":"https:\/\/www.hitech.fi\/hitech\/product\/teho-putkenavaaja-1l\/","title":{"rendered":"TEHO PutkenAvaaja 1L"},"content":{"rendered":"<p><strong>TEHO PutkenAvaaja on eritt\u00e4in tehokas nestem\u00e4inen viem\u00e4rinavaushappo, jota voidaan k\u00e4ytt\u00e4\u00e4 sek\u00e4 ennaltaehk\u00e4isev\u00e4\u00e4n viem\u00e4reiden kunnossapitoon, ett\u00e4 tukkeutuneiden putkien aukaisuun. <\/strong><\/p>\n<p>Tuotteen sis\u00e4lt\u00e4m\u00e4 happo sulattaa nopeasti viem\u00e4riin kertyneet rasvat ja tukkeumia aiheuttavat kiinte\u00e4t aineet. Se poistaa ruosteesta, saippuasta, pesuaineista, hiuksista, paperista, terveyssiteist\u00e4, lietteest\u00e4, kahvinporoista ja muista orgaanisista aineista aiheutuvat tukokset.<\/p>\n<p>&nbsp;<\/p>\n<p><strong>HUOM.\u00a0 VAIN AMMATTIK\u00c4YTT\u00d6\u00d6N!<\/strong><\/p>\n<p><strong>K\u00c4YTT\u00d6OHJE:<\/strong><strong>\u00a0<\/strong><\/p>\n<ol>\n<li>Kaada TEHO PutkenAvaajaa varovasti, pieni\u00e4 m\u00e4\u00e4ri\u00e4 kerrallaan, tukkeutuneeseen kohteeseen<\/li>\n<li>Anna vaikuttaa n. 5 minuuttia<\/li>\n<li>Huuhtele huolellisesti kylm\u00e4ll\u00e4 vedell\u00e4<\/li>\n<\/ol>\n<p>&nbsp;<\/p>\n<p>HUOM! Reagoidessaan veden kanssa TEHO PutkenAvaaja tuottaa huomattavan m\u00e4\u00e4r\u00e4n l\u00e4mp\u00f6\u00e4.<\/p>\n<p>HUOM! TEHO PutkenAvaajaa EI SAA k\u00e4ytt\u00e4\u00e4 yhdess\u00e4 mink\u00e4\u00e4n muun aineen kanssa!<\/p>\n<p>HUOM! V\u00e4lt\u00e4 kosketusta kromin, alumiinin, sinkin ja lejeerinkien kanssa. Mik\u00e4li n\u00e4in tapahtuu huuhtele runsaalla vedell\u00e4.<\/p>\n<p>HUOM! TEHO PutkenAvaaja sy\u00f6vytt\u00e4\u00e4 ns. \u201daminomuoveja\u201d.<\/p>\n<p><strong>\u00a0<\/strong><\/p>\n<p>Tuotenumero: 4050<\/p>\n<p>LVI-numero: 3280831<\/p>\n<p>Tuote on pakattu 1 l muovipulloon. Myyntier\u00e4 on yksi (1) laatikko, joka sis\u00e4lt\u00e4\u00e4 12 pulloa. <strong>K\u00e4yt\u00e4 aina asianmukaisia silm\u00e4- ja kasvosuojaimia, sek\u00e4 suojak\u00e4sineit\u00e4.<\/strong> Vain ammattik\u00e4ytt\u00f6\u00f6n.<\/p>\n","protected":false},"excerpt":{"rendered":"<p><strong>TEHO PutkenAvaaja <\/strong>on eritt\u00e4in tehokas nestem\u00e4inen viem\u00e4rinavaushappo, jota voidaan k\u00e4ytt\u00e4\u00e4 sek\u00e4 ennaltaehk\u00e4isev\u00e4\u00e4n viem\u00e4reiden kunnossapitoon, ett\u00e4 tukkeutuneiden putkien aukaisuun.<\/p>\n[maxbutton id=\"2\" url=\"https:\/\/www.hitech.fi\/hitech\/wp-content\/uploads\/2023\/12\/TEHO_Putkenavaaja_1L_web.pdf\" text=\"Lataa tuotekortti\" window=\"new\" ]\n","protected":false},"featured_media":528,"comment_status":"closed","ping_status":"closed","template":"","meta":[],"product_brand":[],"product_cat":[97,136,138,133,128],"product_tag":[],"class_list":{"0":"post-805","1":"product","2":"type-product","3":"status-publish","4":"has-post-thumbnail","6":"product_cat-huoltokemikaalit","7":"product_cat-keittio-ja-elintarviketeollisuus","8":"product_cat-kiinteistohuolto","9":"product_cat-toimialat","10":"product_cat-viemareiden-putkien-avaus-ja-hoito","12":"first","13":"instock","14":"featured","15":"shipping-taxable","16":"product-type-simple"},"yoast_head":"<!-- This site is optimized with the Yoast SEO plugin v24.3 - https:\/\/yoast.com\/wordpress\/plugins\/seo\/ -->\n<title>TEHO PutkenAvaaja 1L | Hitech Chemicals<\/title>\n<meta name=\"robots\" content=\"index, follow, max-snippet:-1, max-image-preview:large, max-video-preview:-1\" \/>\n<link rel=\"canonical\" href=\"https:\/\/www.hitech.fi\/hitech\/product\/teho-putkenavaaja-1l\/\" \/>\n<meta property=\"og:locale\" content=\"fi_FI\" \/>\n<meta property=\"og:type\" content=\"article\" \/>\n<meta property=\"og:title\" content=\"TEHO PutkenAvaaja 1L | Hitech Chemicals\" \/>\n<meta property=\"og:description\" content=\"TEHO PutkenAvaaja on eritt\u00e4in tehokas nestem\u00e4inen viem\u00e4rinavaushappo, jota voidaan k\u00e4ytt\u00e4\u00e4 sek\u00e4 ennaltaehk\u00e4isev\u00e4\u00e4n viem\u00e4reiden kunnossapitoon, ett\u00e4 tukkeutuneiden putkien aukaisuun.\" \/>\n<meta property=\"og:url\" content=\"https:\/\/www.hitech.fi\/hitech\/product\/teho-putkenavaaja-1l\/\" \/>\n<meta property=\"og:site_name\" content=\"Hitech Chemicals\" \/>\n<meta property=\"article:publisher\" content=\"https:\/\/www.facebook.com\/hitechfinland\" \/>\n<meta property=\"article:modified_time\" content=\"2024-05-10T11:12:25+00:00\" \/>\n<meta property=\"og:image\" content=\"https:\/\/www.hitech.fi\/hitech\/wp-content\/uploads\/2020\/03\/Hires_TEHO_Putken_Avaaja_1L_v2.jpg\" \/>\n\t<meta property=\"og:image:width\" content=\"1024\" \/>\n\t<meta property=\"og:image:height\" content=\"1024\" \/>\n\t<meta property=\"og:image:type\" content=\"image\/jpeg\" \/>\n<meta name=\"twitter:card\" content=\"summary_large_image\" \/>\n<meta name=\"twitter:label1\" content=\"Arvioitu lukuaika\" \/>\n\t<meta name=\"twitter:data1\" content=\"1 minuutti\" \/>\n<script type=\"application\/ld+json\" class=\"yoast-schema-graph\">{\"@context\":\"https:\/\/schema.org\",\"@graph\":[{\"@type\":\"WebPage\",\"@id\":\"https:\/\/www.hitech.fi\/hitech\/product\/teho-putkenavaaja-1l\/\",\"url\":\"https:\/\/www.hitech.fi\/hitech\/product\/teho-putkenavaaja-1l\/\",\"name\":\"TEHO PutkenAvaaja 1L | Hitech Chemicals\",\"isPartOf\":{\"@id\":\"https:\/\/www.hitech.fi\/hitech\/#website\"},\"primaryImageOfPage\":{\"@id\":\"https:\/\/www.hitech.fi\/hitech\/product\/teho-putkenavaaja-1l\/#primaryimage\"},\"image\":{\"@id\":\"https:\/\/www.hitech.fi\/hitech\/product\/teho-putkenavaaja-1l\/#primaryimage\"},\"thumbnailUrl\":\"https:\/\/www.hitech.fi\/hitech\/wp-content\/uploads\/2020\/03\/Hires_TEHO_Putken_Avaaja_1L_v2.jpg\",\"datePublished\":\"2023-10-18T05:37:17+00:00\",\"dateModified\":\"2024-05-10T11:12:25+00:00\",\"breadcrumb\":{\"@id\":\"https:\/\/www.hitech.fi\/hitech\/product\/teho-putkenavaaja-1l\/#breadcrumb\"},\"inLanguage\":\"fi\",\"potentialAction\":[{\"@type\":\"ReadAction\",\"target\":[\"https:\/\/www.hitech.fi\/hitech\/product\/teho-putkenavaaja-1l\/\"]}]},{\"@type\":\"ImageObject\",\"inLanguage\":\"fi\",\"@id\":\"https:\/\/www.hitech.fi\/hitech\/product\/teho-putkenavaaja-1l\/#primaryimage\",\"url\":\"https:\/\/www.hitech.fi\/hitech\/wp-content\/uploads\/2020\/03\/Hires_TEHO_Putken_Avaaja_1L_v2.jpg\",\"contentUrl\":\"https:\/\/www.hitech.fi\/hitech\/wp-content\/uploads\/2020\/03\/Hires_TEHO_Putken_Avaaja_1L_v2.jpg\",\"width\":1024,\"height\":1024,\"caption\":\"TEHO PutkenAvaaja\"},{\"@type\":\"BreadcrumbList\",\"@id\":\"https:\/\/www.hitech.fi\/hitech\/product\/teho-putkenavaaja-1l\/#breadcrumb\",\"itemListElement\":[{\"@type\":\"ListItem\",\"position\":1,\"name\":\"Etusivu\",\"item\":\"https:\/\/www.hitech.fi\/hitech\/\"},{\"@type\":\"ListItem\",\"position\":2,\"name\":\"Katalogi\",\"item\":\"https:\/\/www.hitech.fi\/hitech\/katalogi\/\"},{\"@type\":\"ListItem\",\"position\":3,\"name\":\"TEHO PutkenAvaaja 1L\"}]},{\"@type\":\"WebSite\",\"@id\":\"https:\/\/www.hitech.fi\/hitech\/#website\",\"url\":\"https:\/\/www.hitech.fi\/hitech\/\",\"name\":\"Hitech Chemicals\",\"description\":\"Puhdistusaineet ja huoltotuotteet\",\"publisher\":{\"@id\":\"https:\/\/www.hitech.fi\/hitech\/#organization\"},\"potentialAction\":[{\"@type\":\"SearchAction\",\"target\":{\"@type\":\"EntryPoint\",\"urlTemplate\":\"https:\/\/www.hitech.fi\/hitech\/?s={search_term_string}\"},\"query-input\":{\"@type\":\"PropertyValueSpecification\",\"valueRequired\":true,\"valueName\":\"search_term_string\"}}],\"inLanguage\":\"fi\"},{\"@type\":\"Organization\",\"@id\":\"https:\/\/www.hitech.fi\/hitech\/#organization\",\"name\":\"Hitech Chemicals\",\"alternateName\":\"Hitech\",\"url\":\"https:\/\/www.hitech.fi\/hitech\/\",\"logo\":{\"@type\":\"ImageObject\",\"inLanguage\":\"fi\",\"@id\":\"https:\/\/www.hitech.fi\/hitech\/#\/schema\/logo\/image\/\",\"url\":\"https:\/\/www.hitech.fi\/hitech\/wp-content\/uploads\/2023\/06\/cropped-hitech_logo_600x600.png\",\"contentUrl\":\"https:\/\/www.hitech.fi\/hitech\/wp-content\/uploads\/2023\/06\/cropped-hitech_logo_600x600.png\",\"width\":512,\"height\":512,\"caption\":\"Hitech Chemicals\"},\"image\":{\"@id\":\"https:\/\/www.hitech.fi\/hitech\/#\/schema\/logo\/image\/\"},\"sameAs\":[\"https:\/\/www.facebook.com\/hitechfinland\"]}]}<\/script>\n<!-- \/ Yoast SEO plugin. -->","yoast_head_json":{"title":"TEHO PutkenAvaaja 1L | Hitech Chemicals","robots":{"index":"index","follow":"follow","max-snippet":"max-snippet:-1","max-image-preview":"max-image-preview:large","max-video-preview":"max-video-preview:-1"},"canonical":"https:\/\/www.hitech.fi\/hitech\/product\/teho-putkenavaaja-1l\/","og_locale":"fi_FI","og_type":"article","og_title":"TEHO PutkenAvaaja 1L | Hitech Chemicals","og_description":"TEHO PutkenAvaaja on eritt\u00e4in tehokas nestem\u00e4inen viem\u00e4rinavaushappo, jota voidaan k\u00e4ytt\u00e4\u00e4 sek\u00e4 ennaltaehk\u00e4isev\u00e4\u00e4n viem\u00e4reiden kunnossapitoon, ett\u00e4 tukkeutuneiden putkien aukaisuun.","og_url":"https:\/\/www.hitech.fi\/hitech\/product\/teho-putkenavaaja-1l\/","og_site_name":"Hitech Chemicals","article_publisher":"https:\/\/www.facebook.com\/hitechfinland","article_modified_time":"2024-05-10T11:12:25+00:00","og_image":[{"width":1024,"height":1024,"url":"https:\/\/www.hitech.fi\/hitech\/wp-content\/uploads\/2020\/03\/Hires_TEHO_Putken_Avaaja_1L_v2.jpg","type":"image\/jpeg"}],"twitter_card":"summary_large_image","twitter_misc":{"Arvioitu lukuaika":"1 minuutti"},"schema":{"@context":"https:\/\/schema.org","@graph":[{"@type":"WebPage","@id":"https:\/\/www.hitech.fi\/hitech\/product\/teho-putkenavaaja-1l\/","url":"https:\/\/www.hitech.fi\/hitech\/product\/teho-putkenavaaja-1l\/","name":"TEHO PutkenAvaaja 1L | Hitech Chemicals","isPartOf":{"@id":"https:\/\/www.hitech.fi\/hitech\/#website"},"primaryImageOfPage":{"@id":"https:\/\/www.hitech.fi\/hitech\/product\/teho-putkenavaaja-1l\/#primaryimage"},"image":{"@id":"https:\/\/www.hitech.fi\/hitech\/product\/teho-putkenavaaja-1l\/#primaryimage"},"thumbnailUrl":"https:\/\/www.hitech.fi\/hitech\/wp-content\/uploads\/2020\/03\/Hires_TEHO_Putken_Avaaja_1L_v2.jpg","datePublished":"2023-10-18T05:37:17+00:00","dateModified":"2024-05-10T11:12:25+00:00","breadcrumb":{"@id":"https:\/\/www.hitech.fi\/hitech\/product\/teho-putkenavaaja-1l\/#breadcrumb"},"inLanguage":"fi","potentialAction":[{"@type":"ReadAction","target":["https:\/\/www.hitech.fi\/hitech\/product\/teho-putkenavaaja-1l\/"]}]},{"@type":"ImageObject","inLanguage":"fi","@id":"https:\/\/www.hitech.fi\/hitech\/product\/teho-putkenavaaja-1l\/#primaryimage","url":"https:\/\/www.hitech.fi\/hitech\/wp-content\/uploads\/2020\/03\/Hires_TEHO_Putken_Avaaja_1L_v2.jpg","contentUrl":"https:\/\/www.hitech.fi\/hitech\/wp-content\/uploads\/2020\/03\/Hires_TEHO_Putken_Avaaja_1L_v2.jpg","width":1024,"height":1024,"caption":"TEHO PutkenAvaaja"},{"@type":"BreadcrumbList","@id":"https:\/\/www.hitech.fi\/hitech\/product\/teho-putkenavaaja-1l\/#breadcrumb","itemListElement":[{"@type":"ListItem","position":1,"name":"Etusivu","item":"https:\/\/www.hitech.fi\/hitech\/"},{"@type":"ListItem","position":2,"name":"Katalogi","item":"https:\/\/www.hitech.fi\/hitech\/katalogi\/"},{"@type":"ListItem","position":3,"name":"TEHO PutkenAvaaja 1L"}]},{"@type":"WebSite","@id":"https:\/\/www.hitech.fi\/hitech\/#website","url":"https:\/\/www.hitech.fi\/hitech\/","name":"Hitech Chemicals","description":"Puhdistusaineet ja huoltotuotteet","publisher":{"@id":"https:\/\/www.hitech.fi\/hitech\/#organization"},"potentialAction":[{"@type":"SearchAction","target":{"@type":"EntryPoint","urlTemplate":"https:\/\/www.hitech.fi\/hitech\/?s={search_term_string}"},"query-input":{"@type":"PropertyValueSpecification","valueRequired":true,"valueName":"search_term_string"}}],"inLanguage":"fi"},{"@type":"Organization","@id":"https:\/\/www.hitech.fi\/hitech\/#organization","name":"Hitech Chemicals","alternateName":"Hitech","url":"https:\/\/www.hitech.fi\/hitech\/","logo":{"@type":"ImageObject","inLanguage":"fi","@id":"https:\/\/www.hitech.fi\/hitech\/#\/schema\/logo\/image\/","url":"https:\/\/www.hitech.fi\/hitech\/wp-content\/uploads\/2023\/06\/cropped-hitech_logo_600x600.png","contentUrl":"https:\/\/www.hitech.fi\/hitech\/wp-content\/uploads\/2023\/06\/cropped-hitech_logo_600x600.png","width":512,"height":512,"caption":"Hitech Chemicals"},"image":{"@id":"https:\/\/www.hitech.fi\/hitech\/#\/schema\/logo\/image\/"},"sameAs":["https:\/\/www.facebook.com\/hitechfinland"]}]}},"_links":{"self":[{"href":"https:\/\/www.hitech.fi\/hitech\/wp-json\/wp\/v2\/product\/805","targetHints":{"allow":["GET"]}}],"collection":[{"href":"https:\/\/www.hitech.fi\/hitech\/wp-json\/wp\/v2\/product"}],"about":[{"href":"https:\/\/www.hitech.fi\/hitech\/wp-json\/wp\/v2\/types\/product"}],"replies":[{"embeddable":true,"href":"https:\/\/www.hitech.fi\/hitech\/wp-json\/wp\/v2\/comments?post=805"}],"wp:featuredmedia":[{"embeddable":true,"href":"https:\/\/www.hitech.fi\/hitech\/wp-json\/wp\/v2\/media\/528"}],"wp:attachment":[{"href":"https:\/\/www.hitech.fi\/hitech\/wp-json\/wp\/v2\/media?parent=805"}],"wp:term":[{"taxonomy":"product_brand","embeddable":true,"href":"https:\/\/www.hitech.fi\/hitech\/wp-json\/wp\/v2\/product_brand?post=805"},{"taxonomy":"product_cat","embeddable":true,"href":"https:\/\/www.hitech.fi\/hitech\/wp-json\/wp\/v2\/product_cat?post=805"},{"taxonomy":"product_tag","embeddable":true,"href":"https:\/\/www.hitech.fi\/hitech\/wp-json\/wp\/v2\/product_tag?post=805"}],"curies":[{"name":"wp","href":"https:\/\/api.w.org\/{rel}","templated":true}]}}