{"id":804,"date":"2023-10-18T08:29:27","date_gmt":"2023-10-18T05:29:27","guid":{"rendered":"https:\/\/www.hitech.fi\/hitech\/?post_type=product&#038;p=804"},"modified":"2024-05-10T14:13:00","modified_gmt":"2024-05-10T11:13:00","slug":"teho-jaansulatusneste-51c","status":"publish","type":"product","link":"https:\/\/www.hitech.fi\/hitech\/product\/teho-jaansulatusneste-51c\/","title":{"rendered":"TEHO J\u00e4\u00e4nsulatusneste -51\u00b0C"},"content":{"rendered":"<p>Eritt\u00e4in tehokas biohajoava nestem\u00e4inen j\u00e4\u00e4nsulatusaine.<\/p>\n<p>&nbsp;<\/p>\n<p><strong>HUOM. AMMATTIK\u00c4YTT\u00d6\u00d6N!<\/strong><\/p>\n<p><strong>K\u00c4YTT\u00d6OHJE:<\/strong><\/p>\n<ol>\n<li>Poista ylim\u00e4\u00e4r\u00e4inen lumi k\u00e4sitelt\u00e4v\u00e4lt\u00e4 alueelta.<\/li>\n<li>Levitet\u00e4\u00e4n ruiskuttamalla.<\/li>\n<\/ol>\n<ul>\n<li>Ennaltaehk\u00e4isyys: Levit\u00e4 10-30g\/m2<\/li>\n<li>Mustan j\u00e4\u00e4n poistoon: 40-60 g\/m2<\/li>\n<li>J\u00e4\u00e4n poistoon: 150 g\/m2<\/li>\n<li>Lumen sulatukseen: 80-120 g\/m2<\/li>\n<li>Tampatun lumen sulatukseen: 150-250 g\/m2<\/li>\n<\/ul>\n<p>&nbsp;<\/p>\n<p>Anna vaikuttaa, j\u00e4\u00e4 irtoaa nopeasti ja on helppo poistaa petkeleell\u00e4 tai lapiolla.<\/p>\n<p>TEHO J\u00e4\u00e4nsulatusneste -51 \u00b0C on biohajoava ja sis\u00e4lt\u00e4\u00e4 korroosionestoainetta.<\/p>\n<p>Suositellaan k\u00e4ytett\u00e4v\u00e4ksi kaikkialla, miss\u00e4 vaaditaan eritt\u00e4in nopeatoimista j\u00e4\u00e4nsulatusainetta, joka on biohajoava ja sis\u00e4lt\u00e4\u00e4 korroosionsuoja-ainetta.<\/p>\n<p><strong>\u00a0<\/strong><\/p>\n<p>Sis\u00e4lt\u00e4\u00e4: Kalsiumkloridia<\/p>\n<p>Tuotenumero: 8041<\/p>\n<p>Tuote on pakattu 20 litran muoviastiaan. Saatavilla my\u00f6s suuremmissa pakkauskoossa, kuten 1000 L kontissa. Ammattik\u00e4ytt\u00f6\u00f6n.<\/p>\n","protected":false},"excerpt":{"rendered":"<p><strong>TEHO J\u00e4\u00e4nsulatusneste<\/strong> on eritt\u00e4in tehokas biohajoava nestem\u00e4inen j\u00e4\u00e4nsulatusaine.<\/p>\n[maxbutton id=\"2\" url=\"https:\/\/www.hitech.fi\/hitech\/wp-content\/uploads\/2023\/12\/TEHO_Jaansulatusneste_51C_web.pdf\" text=\"Lataa tuotekortti\" window=\"new\" ]\n","protected":false},"featured_media":438,"comment_status":"closed","ping_status":"closed","template":"","meta":[],"product_brand":[],"product_cat":[97,127,138,133],"product_tag":[],"class_list":{"0":"post-804","1":"product","2":"type-product","3":"status-publish","4":"has-post-thumbnail","6":"product_cat-huoltokemikaalit","7":"product_cat-jaansulatus-ja-ehkaisy","8":"product_cat-kiinteistohuolto","9":"product_cat-toimialat","11":"first","12":"instock","13":"shipping-taxable","14":"product-type-simple"},"yoast_head":"<!-- This site is optimized with the Yoast SEO plugin v24.3 - https:\/\/yoast.com\/wordpress\/plugins\/seo\/ -->\n<title>TEHO J\u00e4\u00e4nsulatusneste -51\u00b0C | Hitech Chemicals<\/title>\n<meta name=\"robots\" content=\"index, follow, max-snippet:-1, max-image-preview:large, max-video-preview:-1\" \/>\n<link rel=\"canonical\" href=\"https:\/\/www.hitech.fi\/hitech\/product\/teho-jaansulatusneste-51c\/\" \/>\n<meta property=\"og:locale\" content=\"fi_FI\" \/>\n<meta property=\"og:type\" content=\"article\" \/>\n<meta property=\"og:title\" content=\"TEHO J\u00e4\u00e4nsulatusneste -51\u00b0C | Hitech Chemicals\" \/>\n<meta property=\"og:description\" content=\"TEHO J\u00e4\u00e4nsulatusneste on eritt\u00e4in tehokas biohajoava nestem\u00e4inen j\u00e4\u00e4nsulatusaine.\" \/>\n<meta property=\"og:url\" content=\"https:\/\/www.hitech.fi\/hitech\/product\/teho-jaansulatusneste-51c\/\" \/>\n<meta property=\"og:site_name\" content=\"Hitech Chemicals\" \/>\n<meta property=\"article:publisher\" content=\"https:\/\/www.facebook.com\/hitechfinland\" \/>\n<meta property=\"article:modified_time\" content=\"2024-05-10T11:13:00+00:00\" \/>\n<meta property=\"og:image\" content=\"https:\/\/www.hitech.fi\/hitech\/wp-content\/uploads\/2018\/01\/Hires_TEHO_J\u00e4\u00e4nsulatusneste_51C.jpg\" \/>\n\t<meta property=\"og:image:width\" content=\"1024\" \/>\n\t<meta property=\"og:image:height\" content=\"1024\" \/>\n\t<meta property=\"og:image:type\" content=\"image\/jpeg\" \/>\n<meta name=\"twitter:card\" content=\"summary_large_image\" \/>\n<meta name=\"twitter:label1\" content=\"Arvioitu lukuaika\" \/>\n\t<meta name=\"twitter:data1\" content=\"1 minuutti\" \/>\n<script type=\"application\/ld+json\" class=\"yoast-schema-graph\">{\"@context\":\"https:\/\/schema.org\",\"@graph\":[{\"@type\":\"WebPage\",\"@id\":\"https:\/\/www.hitech.fi\/hitech\/product\/teho-jaansulatusneste-51c\/\",\"url\":\"https:\/\/www.hitech.fi\/hitech\/product\/teho-jaansulatusneste-51c\/\",\"name\":\"TEHO J\u00e4\u00e4nsulatusneste -51\u00b0C | Hitech Chemicals\",\"isPartOf\":{\"@id\":\"https:\/\/www.hitech.fi\/hitech\/#website\"},\"primaryImageOfPage\":{\"@id\":\"https:\/\/www.hitech.fi\/hitech\/product\/teho-jaansulatusneste-51c\/#primaryimage\"},\"image\":{\"@id\":\"https:\/\/www.hitech.fi\/hitech\/product\/teho-jaansulatusneste-51c\/#primaryimage\"},\"thumbnailUrl\":\"https:\/\/www.hitech.fi\/hitech\/wp-content\/uploads\/2018\/01\/Hires_TEHO_J\u00e4\u00e4nsulatusneste_51C.jpg\",\"datePublished\":\"2023-10-18T05:29:27+00:00\",\"dateModified\":\"2024-05-10T11:13:00+00:00\",\"breadcrumb\":{\"@id\":\"https:\/\/www.hitech.fi\/hitech\/product\/teho-jaansulatusneste-51c\/#breadcrumb\"},\"inLanguage\":\"fi\",\"potentialAction\":[{\"@type\":\"ReadAction\",\"target\":[\"https:\/\/www.hitech.fi\/hitech\/product\/teho-jaansulatusneste-51c\/\"]}]},{\"@type\":\"ImageObject\",\"inLanguage\":\"fi\",\"@id\":\"https:\/\/www.hitech.fi\/hitech\/product\/teho-jaansulatusneste-51c\/#primaryimage\",\"url\":\"https:\/\/www.hitech.fi\/hitech\/wp-content\/uploads\/2018\/01\/Hires_TEHO_J\u00e4\u00e4nsulatusneste_51C.jpg\",\"contentUrl\":\"https:\/\/www.hitech.fi\/hitech\/wp-content\/uploads\/2018\/01\/Hires_TEHO_J\u00e4\u00e4nsulatusneste_51C.jpg\",\"width\":1024,\"height\":1024,\"caption\":\"TEHO J\u00e4\u00e4nsulatusneste -51 asteeseen saakka\"},{\"@type\":\"BreadcrumbList\",\"@id\":\"https:\/\/www.hitech.fi\/hitech\/product\/teho-jaansulatusneste-51c\/#breadcrumb\",\"itemListElement\":[{\"@type\":\"ListItem\",\"position\":1,\"name\":\"Etusivu\",\"item\":\"https:\/\/www.hitech.fi\/hitech\/\"},{\"@type\":\"ListItem\",\"position\":2,\"name\":\"Katalogi\",\"item\":\"https:\/\/www.hitech.fi\/hitech\/katalogi\/\"},{\"@type\":\"ListItem\",\"position\":3,\"name\":\"TEHO J\u00e4\u00e4nsulatusneste -51\u00b0C\"}]},{\"@type\":\"WebSite\",\"@id\":\"https:\/\/www.hitech.fi\/hitech\/#website\",\"url\":\"https:\/\/www.hitech.fi\/hitech\/\",\"name\":\"Hitech Chemicals\",\"description\":\"Puhdistusaineet ja huoltotuotteet\",\"publisher\":{\"@id\":\"https:\/\/www.hitech.fi\/hitech\/#organization\"},\"potentialAction\":[{\"@type\":\"SearchAction\",\"target\":{\"@type\":\"EntryPoint\",\"urlTemplate\":\"https:\/\/www.hitech.fi\/hitech\/?s={search_term_string}\"},\"query-input\":{\"@type\":\"PropertyValueSpecification\",\"valueRequired\":true,\"valueName\":\"search_term_string\"}}],\"inLanguage\":\"fi\"},{\"@type\":\"Organization\",\"@id\":\"https:\/\/www.hitech.fi\/hitech\/#organization\",\"name\":\"Hitech Chemicals\",\"alternateName\":\"Hitech\",\"url\":\"https:\/\/www.hitech.fi\/hitech\/\",\"logo\":{\"@type\":\"ImageObject\",\"inLanguage\":\"fi\",\"@id\":\"https:\/\/www.hitech.fi\/hitech\/#\/schema\/logo\/image\/\",\"url\":\"https:\/\/www.hitech.fi\/hitech\/wp-content\/uploads\/2023\/06\/cropped-hitech_logo_600x600.png\",\"contentUrl\":\"https:\/\/www.hitech.fi\/hitech\/wp-content\/uploads\/2023\/06\/cropped-hitech_logo_600x600.png\",\"width\":512,\"height\":512,\"caption\":\"Hitech Chemicals\"},\"image\":{\"@id\":\"https:\/\/www.hitech.fi\/hitech\/#\/schema\/logo\/image\/\"},\"sameAs\":[\"https:\/\/www.facebook.com\/hitechfinland\"]}]}<\/script>\n<!-- \/ Yoast SEO plugin. -->","yoast_head_json":{"title":"TEHO J\u00e4\u00e4nsulatusneste -51\u00b0C | Hitech Chemicals","robots":{"index":"index","follow":"follow","max-snippet":"max-snippet:-1","max-image-preview":"max-image-preview:large","max-video-preview":"max-video-preview:-1"},"canonical":"https:\/\/www.hitech.fi\/hitech\/product\/teho-jaansulatusneste-51c\/","og_locale":"fi_FI","og_type":"article","og_title":"TEHO J\u00e4\u00e4nsulatusneste -51\u00b0C | Hitech Chemicals","og_description":"TEHO J\u00e4\u00e4nsulatusneste on eritt\u00e4in tehokas biohajoava nestem\u00e4inen j\u00e4\u00e4nsulatusaine.","og_url":"https:\/\/www.hitech.fi\/hitech\/product\/teho-jaansulatusneste-51c\/","og_site_name":"Hitech Chemicals","article_publisher":"https:\/\/www.facebook.com\/hitechfinland","article_modified_time":"2024-05-10T11:13:00+00:00","og_image":[{"width":1024,"height":1024,"url":"https:\/\/www.hitech.fi\/hitech\/wp-content\/uploads\/2018\/01\/Hires_TEHO_J\u00e4\u00e4nsulatusneste_51C.jpg","type":"image\/jpeg"}],"twitter_card":"summary_large_image","twitter_misc":{"Arvioitu lukuaika":"1 minuutti"},"schema":{"@context":"https:\/\/schema.org","@graph":[{"@type":"WebPage","@id":"https:\/\/www.hitech.fi\/hitech\/product\/teho-jaansulatusneste-51c\/","url":"https:\/\/www.hitech.fi\/hitech\/product\/teho-jaansulatusneste-51c\/","name":"TEHO J\u00e4\u00e4nsulatusneste -51\u00b0C | Hitech Chemicals","isPartOf":{"@id":"https:\/\/www.hitech.fi\/hitech\/#website"},"primaryImageOfPage":{"@id":"https:\/\/www.hitech.fi\/hitech\/product\/teho-jaansulatusneste-51c\/#primaryimage"},"image":{"@id":"https:\/\/www.hitech.fi\/hitech\/product\/teho-jaansulatusneste-51c\/#primaryimage"},"thumbnailUrl":"https:\/\/www.hitech.fi\/hitech\/wp-content\/uploads\/2018\/01\/Hires_TEHO_J\u00e4\u00e4nsulatusneste_51C.jpg","datePublished":"2023-10-18T05:29:27+00:00","dateModified":"2024-05-10T11:13:00+00:00","breadcrumb":{"@id":"https:\/\/www.hitech.fi\/hitech\/product\/teho-jaansulatusneste-51c\/#breadcrumb"},"inLanguage":"fi","potentialAction":[{"@type":"ReadAction","target":["https:\/\/www.hitech.fi\/hitech\/product\/teho-jaansulatusneste-51c\/"]}]},{"@type":"ImageObject","inLanguage":"fi","@id":"https:\/\/www.hitech.fi\/hitech\/product\/teho-jaansulatusneste-51c\/#primaryimage","url":"https:\/\/www.hitech.fi\/hitech\/wp-content\/uploads\/2018\/01\/Hires_TEHO_J\u00e4\u00e4nsulatusneste_51C.jpg","contentUrl":"https:\/\/www.hitech.fi\/hitech\/wp-content\/uploads\/2018\/01\/Hires_TEHO_J\u00e4\u00e4nsulatusneste_51C.jpg","width":1024,"height":1024,"caption":"TEHO J\u00e4\u00e4nsulatusneste -51 asteeseen saakka"},{"@type":"BreadcrumbList","@id":"https:\/\/www.hitech.fi\/hitech\/product\/teho-jaansulatusneste-51c\/#breadcrumb","itemListElement":[{"@type":"ListItem","position":1,"name":"Etusivu","item":"https:\/\/www.hitech.fi\/hitech\/"},{"@type":"ListItem","position":2,"name":"Katalogi","item":"https:\/\/www.hitech.fi\/hitech\/katalogi\/"},{"@type":"ListItem","position":3,"name":"TEHO J\u00e4\u00e4nsulatusneste -51\u00b0C"}]},{"@type":"WebSite","@id":"https:\/\/www.hitech.fi\/hitech\/#website","url":"https:\/\/www.hitech.fi\/hitech\/","name":"Hitech Chemicals","description":"Puhdistusaineet ja huoltotuotteet","publisher":{"@id":"https:\/\/www.hitech.fi\/hitech\/#organization"},"potentialAction":[{"@type":"SearchAction","target":{"@type":"EntryPoint","urlTemplate":"https:\/\/www.hitech.fi\/hitech\/?s={search_term_string}"},"query-input":{"@type":"PropertyValueSpecification","valueRequired":true,"valueName":"search_term_string"}}],"inLanguage":"fi"},{"@type":"Organization","@id":"https:\/\/www.hitech.fi\/hitech\/#organization","name":"Hitech Chemicals","alternateName":"Hitech","url":"https:\/\/www.hitech.fi\/hitech\/","logo":{"@type":"ImageObject","inLanguage":"fi","@id":"https:\/\/www.hitech.fi\/hitech\/#\/schema\/logo\/image\/","url":"https:\/\/www.hitech.fi\/hitech\/wp-content\/uploads\/2023\/06\/cropped-hitech_logo_600x600.png","contentUrl":"https:\/\/www.hitech.fi\/hitech\/wp-content\/uploads\/2023\/06\/cropped-hitech_logo_600x600.png","width":512,"height":512,"caption":"Hitech Chemicals"},"image":{"@id":"https:\/\/www.hitech.fi\/hitech\/#\/schema\/logo\/image\/"},"sameAs":["https:\/\/www.facebook.com\/hitechfinland"]}]}},"_links":{"self":[{"href":"https:\/\/www.hitech.fi\/hitech\/wp-json\/wp\/v2\/product\/804","targetHints":{"allow":["GET"]}}],"collection":[{"href":"https:\/\/www.hitech.fi\/hitech\/wp-json\/wp\/v2\/product"}],"about":[{"href":"https:\/\/www.hitech.fi\/hitech\/wp-json\/wp\/v2\/types\/product"}],"replies":[{"embeddable":true,"href":"https:\/\/www.hitech.fi\/hitech\/wp-json\/wp\/v2\/comments?post=804"}],"wp:featuredmedia":[{"embeddable":true,"href":"https:\/\/www.hitech.fi\/hitech\/wp-json\/wp\/v2\/media\/438"}],"wp:attachment":[{"href":"https:\/\/www.hitech.fi\/hitech\/wp-json\/wp\/v2\/media?parent=804"}],"wp:term":[{"taxonomy":"product_brand","embeddable":true,"href":"https:\/\/www.hitech.fi\/hitech\/wp-json\/wp\/v2\/product_brand?post=804"},{"taxonomy":"product_cat","embeddable":true,"href":"https:\/\/www.hitech.fi\/hitech\/wp-json\/wp\/v2\/product_cat?post=804"},{"taxonomy":"product_tag","embeddable":true,"href":"https:\/\/www.hitech.fi\/hitech\/wp-json\/wp\/v2\/product_tag?post=804"}],"curies":[{"name":"wp","href":"https:\/\/api.w.org\/{rel}","templated":true}]}}