{"id":803,"date":"2023-10-18T08:23:30","date_gmt":"2023-10-18T05:23:30","guid":{"rendered":"https:\/\/www.hitech.fi\/hitech\/?post_type=product&#038;p=803"},"modified":"2024-05-10T14:14:05","modified_gmt":"2024-05-10T11:14:05","slug":"teho-coil-ex-ilmastointilaitteiden-puhdistusaine","status":"publish","type":"product","link":"https:\/\/www.hitech.fi\/hitech\/product\/teho-coil-ex-ilmastointilaitteiden-puhdistusaine\/","title":{"rendered":"TEHO Coil EX -ilmastointilaitteiden puhdistusaine"},"content":{"rendered":"<p><strong>TEHO Coil EX on l\u00e4mm\u00f6nsiirtopintojen, lauhduttimien, kennojen, suodattimien, ilmastointikanavien ja ilmastointilaitteiden puhdistukseen tarkoitettu tuote. <\/strong>Se sis\u00e4lt\u00e4\u00e4 alkaalisia pinta-aktiivisia yhdisteit\u00e4, pehmitinaineita ja veden pehmittimi\u00e4, joiden avulla lika, rasva ja niihin tarttuneet ep\u00e4puhtaudet saadaan irrotettua.<\/p>\n<p>Ilmastointi- ja l\u00e4mm\u00f6nsiirtolaitteiden suodattimet voidaan puhdistaa TEHO Coil EX \u2013tuotteella, sek\u00e4 soveltuu erinomaisesti my\u00f6s rasvasuodattimien puhdistukseen.<\/p>\n<p>TEHO Coil EX on helppok\u00e4ytt\u00f6inen ja s\u00e4\u00e4st\u00e4\u00e4 aikaa, voidaan ruiskuttaa kohteisiin, joihin muuten on l\u00e4hes mahdoton p\u00e4\u00e4st\u00e4. Vaikutusajan j\u00e4lkeen kohde voidaan huuhdella vedell\u00e4. Tyypillisess\u00e4 tapauksessa TEHO Coil EX laimennetaan vedell\u00e4 suhteess\u00e4 1:3 ja vaikutusaika on n. 5 minuuttia. Erityisen hankalissa tilanteissa tuotetta voidaan k\u00e4ytt\u00e4\u00e4 laimentamattomana ja vaikutusaikaa pident\u00e4\u00e4.<\/p>\n<p>&nbsp;<\/p>\n<p><strong>HUOM. AMMATTIK\u00c4YTT\u00d6\u00d6N!<\/strong><\/p>\n<p><strong>K\u00c4YTT\u00d6OHJE:<\/strong><\/p>\n<ol>\n<li>Sekoita 1 osa TEHO Coil EX ja 3 osaan vett\u00e4 ja suihkuta kennoihin tai puhdistettavalle pinnalle varmistaen, ett\u00e4 se peitt\u00e4\u00e4 kaikki pinnat. Helpoissa kohteissa voidaan k\u00e4ytt\u00e4\u00e4 5-10% seoksena.<\/li>\n<li>K\u00e4ynnist\u00e4 ilmastointilaite, jotta kondenssi-ilmi\u00f6 alkaa. Kondenssivesi huuhtelee, itsest\u00e4\u00e4n ja poistunut lika, sek\u00e4 aine kulkeutuu kondenssi\/tyhjennysastiaan.<\/li>\n<li>Nopeampaan puhdistukseen: Anna vaikuttaa n. 5 minuuttia. Harjaa ritil\u00f6ist\u00e4 ja verkoista, sek\u00e4 huuhtele vedell\u00e4. (N\u00e4in menetell\u00e4\u00e4n my\u00f6s kohteissa, joissa kondenssivett\u00e4 ei muodostu)<\/li>\n<li>Kiinte\u00e4n suodattimen puhdistus: Sekoita 1 osa TEHO Coil EX ja 3 osaan vett\u00e4, upota suodatin sekoitukseen ja huuhtele t\u00e4m\u00e4n j\u00e4lkeen puhtaalla vedell\u00e4.<\/li>\n<li>Pinttyneen lian poistaminen suodattimista: upota tai suihkuta suodattimet laimentamattomaan TEHO Coil EX \u2013liuokseen. T\u00e4m\u00e4 my\u00f6s suojaa metalliosat korroosiolta.<\/li>\n<\/ol>\n<p>&nbsp;<\/p>\n<p>Tuotenumero: 2046<\/p>\n<p>Tuote on pakattu 5 litran muoviastiaan. Myyntier\u00e4 on yksi (1) laatikko, joka sis\u00e4lt\u00e4\u00e4 4 astiaa. Vain Ammattik\u00e4ytt\u00f6\u00f6n.<\/p>\n","protected":false},"excerpt":{"rendered":"<p><strong>TEHO Coil EX <\/strong>on l\u00e4mm\u00f6nsiirtopintojen, lauhduttimien, kennojen, suodattimien, ilmastointikanavien ja ilmastointilaitteiden puhdistukseen tarkoitettu tuote. Se sis\u00e4lt\u00e4\u00e4 alkaalisia pinta-aktiivisia yhdisteit\u00e4, pehmitinaineita ja veden pehmittimi\u00e4, joiden avulla lika, rasva ja niihin tarttuneet ep\u00e4puhtaudet saadaan irrotettua.<\/p>\n[maxbutton id=\"2\" url=\"https:\/\/www.hitech.fi\/hitech\/wp-content\/uploads\/2023\/12\/TEHO_Coil_Ex_web.pdf\" text=\"Lataa tuotekortti\" window=\"new\" ]\n","protected":false},"featured_media":246,"comment_status":"closed","ping_status":"closed","template":"","meta":[],"product_brand":[],"product_cat":[97,138,129,133],"product_tag":[],"class_list":{"0":"post-803","1":"product","2":"type-product","3":"status-publish","4":"has-post-thumbnail","6":"product_cat-huoltokemikaalit","7":"product_cat-kiinteistohuolto","8":"product_cat-kiinteistot-ja-ulkopinnat","9":"product_cat-toimialat","11":"first","12":"instock","13":"shipping-taxable","14":"product-type-simple"},"yoast_head":"<!-- This site is optimized with the Yoast SEO plugin v24.3 - https:\/\/yoast.com\/wordpress\/plugins\/seo\/ -->\n<title>TEHO Coil EX -ilmastointilaitteiden puhdistusaine | Hitech Chemicals<\/title>\n<meta name=\"robots\" content=\"index, follow, max-snippet:-1, max-image-preview:large, max-video-preview:-1\" \/>\n<link rel=\"canonical\" href=\"https:\/\/www.hitech.fi\/hitech\/product\/teho-coil-ex-ilmastointilaitteiden-puhdistusaine\/\" \/>\n<meta property=\"og:locale\" content=\"fi_FI\" \/>\n<meta property=\"og:type\" content=\"article\" \/>\n<meta property=\"og:title\" content=\"TEHO Coil EX -ilmastointilaitteiden puhdistusaine | Hitech Chemicals\" \/>\n<meta property=\"og:description\" content=\"TEHO Coil EX on l\u00e4mm\u00f6nsiirtopintojen, lauhduttimien, kennojen, suodattimien, ilmastointikanavien ja ilmastointilaitteiden puhdistukseen tarkoitettu tuote. Se sis\u00e4lt\u00e4\u00e4 alkaalisia pinta-aktiivisia yhdisteit\u00e4, pehmitinaineita ja veden pehmittimi\u00e4, joiden avulla lika, rasva ja niihin tarttuneet ep\u00e4puhtaudet saadaan irrotettua.\" \/>\n<meta property=\"og:url\" content=\"https:\/\/www.hitech.fi\/hitech\/product\/teho-coil-ex-ilmastointilaitteiden-puhdistusaine\/\" \/>\n<meta property=\"og:site_name\" content=\"Hitech Chemicals\" \/>\n<meta property=\"article:publisher\" content=\"https:\/\/www.facebook.com\/hitechfinland\" \/>\n<meta property=\"article:modified_time\" content=\"2024-05-10T11:14:05+00:00\" \/>\n<meta property=\"og:image\" content=\"https:\/\/www.hitech.fi\/hitech\/wp-content\/uploads\/2014\/02\/Hires_TEHO_Coil_EX.jpg\" \/>\n\t<meta property=\"og:image:width\" content=\"1024\" \/>\n\t<meta property=\"og:image:height\" content=\"1024\" \/>\n\t<meta property=\"og:image:type\" content=\"image\/jpeg\" \/>\n<meta name=\"twitter:card\" content=\"summary_large_image\" \/>\n<meta name=\"twitter:label1\" content=\"Arvioitu lukuaika\" \/>\n\t<meta name=\"twitter:data1\" content=\"2 minuuttia\" \/>\n<script type=\"application\/ld+json\" class=\"yoast-schema-graph\">{\"@context\":\"https:\/\/schema.org\",\"@graph\":[{\"@type\":\"WebPage\",\"@id\":\"https:\/\/www.hitech.fi\/hitech\/product\/teho-coil-ex-ilmastointilaitteiden-puhdistusaine\/\",\"url\":\"https:\/\/www.hitech.fi\/hitech\/product\/teho-coil-ex-ilmastointilaitteiden-puhdistusaine\/\",\"name\":\"TEHO Coil EX -ilmastointilaitteiden puhdistusaine | Hitech Chemicals\",\"isPartOf\":{\"@id\":\"https:\/\/www.hitech.fi\/hitech\/#website\"},\"primaryImageOfPage\":{\"@id\":\"https:\/\/www.hitech.fi\/hitech\/product\/teho-coil-ex-ilmastointilaitteiden-puhdistusaine\/#primaryimage\"},\"image\":{\"@id\":\"https:\/\/www.hitech.fi\/hitech\/product\/teho-coil-ex-ilmastointilaitteiden-puhdistusaine\/#primaryimage\"},\"thumbnailUrl\":\"https:\/\/www.hitech.fi\/hitech\/wp-content\/uploads\/2014\/02\/Hires_TEHO_Coil_EX.jpg\",\"datePublished\":\"2023-10-18T05:23:30+00:00\",\"dateModified\":\"2024-05-10T11:14:05+00:00\",\"breadcrumb\":{\"@id\":\"https:\/\/www.hitech.fi\/hitech\/product\/teho-coil-ex-ilmastointilaitteiden-puhdistusaine\/#breadcrumb\"},\"inLanguage\":\"fi\",\"potentialAction\":[{\"@type\":\"ReadAction\",\"target\":[\"https:\/\/www.hitech.fi\/hitech\/product\/teho-coil-ex-ilmastointilaitteiden-puhdistusaine\/\"]}]},{\"@type\":\"ImageObject\",\"inLanguage\":\"fi\",\"@id\":\"https:\/\/www.hitech.fi\/hitech\/product\/teho-coil-ex-ilmastointilaitteiden-puhdistusaine\/#primaryimage\",\"url\":\"https:\/\/www.hitech.fi\/hitech\/wp-content\/uploads\/2014\/02\/Hires_TEHO_Coil_EX.jpg\",\"contentUrl\":\"https:\/\/www.hitech.fi\/hitech\/wp-content\/uploads\/2014\/02\/Hires_TEHO_Coil_EX.jpg\",\"width\":1024,\"height\":1024,\"caption\":\"TEHO Coil EX -puhdistusaine ilmastointilaitteille, -kennoille ja lauhduttimille\"},{\"@type\":\"BreadcrumbList\",\"@id\":\"https:\/\/www.hitech.fi\/hitech\/product\/teho-coil-ex-ilmastointilaitteiden-puhdistusaine\/#breadcrumb\",\"itemListElement\":[{\"@type\":\"ListItem\",\"position\":1,\"name\":\"Etusivu\",\"item\":\"https:\/\/www.hitech.fi\/hitech\/\"},{\"@type\":\"ListItem\",\"position\":2,\"name\":\"Katalogi\",\"item\":\"https:\/\/www.hitech.fi\/hitech\/katalogi\/\"},{\"@type\":\"ListItem\",\"position\":3,\"name\":\"TEHO Coil EX -ilmastointilaitteiden puhdistusaine\"}]},{\"@type\":\"WebSite\",\"@id\":\"https:\/\/www.hitech.fi\/hitech\/#website\",\"url\":\"https:\/\/www.hitech.fi\/hitech\/\",\"name\":\"Hitech Chemicals\",\"description\":\"Puhdistusaineet ja huoltotuotteet\",\"publisher\":{\"@id\":\"https:\/\/www.hitech.fi\/hitech\/#organization\"},\"potentialAction\":[{\"@type\":\"SearchAction\",\"target\":{\"@type\":\"EntryPoint\",\"urlTemplate\":\"https:\/\/www.hitech.fi\/hitech\/?s={search_term_string}\"},\"query-input\":{\"@type\":\"PropertyValueSpecification\",\"valueRequired\":true,\"valueName\":\"search_term_string\"}}],\"inLanguage\":\"fi\"},{\"@type\":\"Organization\",\"@id\":\"https:\/\/www.hitech.fi\/hitech\/#organization\",\"name\":\"Hitech Chemicals\",\"alternateName\":\"Hitech\",\"url\":\"https:\/\/www.hitech.fi\/hitech\/\",\"logo\":{\"@type\":\"ImageObject\",\"inLanguage\":\"fi\",\"@id\":\"https:\/\/www.hitech.fi\/hitech\/#\/schema\/logo\/image\/\",\"url\":\"https:\/\/www.hitech.fi\/hitech\/wp-content\/uploads\/2023\/06\/cropped-hitech_logo_600x600.png\",\"contentUrl\":\"https:\/\/www.hitech.fi\/hitech\/wp-content\/uploads\/2023\/06\/cropped-hitech_logo_600x600.png\",\"width\":512,\"height\":512,\"caption\":\"Hitech Chemicals\"},\"image\":{\"@id\":\"https:\/\/www.hitech.fi\/hitech\/#\/schema\/logo\/image\/\"},\"sameAs\":[\"https:\/\/www.facebook.com\/hitechfinland\"]}]}<\/script>\n<!-- \/ Yoast SEO plugin. -->","yoast_head_json":{"title":"TEHO Coil EX -ilmastointilaitteiden puhdistusaine | Hitech Chemicals","robots":{"index":"index","follow":"follow","max-snippet":"max-snippet:-1","max-image-preview":"max-image-preview:large","max-video-preview":"max-video-preview:-1"},"canonical":"https:\/\/www.hitech.fi\/hitech\/product\/teho-coil-ex-ilmastointilaitteiden-puhdistusaine\/","og_locale":"fi_FI","og_type":"article","og_title":"TEHO Coil EX -ilmastointilaitteiden puhdistusaine | Hitech Chemicals","og_description":"TEHO Coil EX on l\u00e4mm\u00f6nsiirtopintojen, lauhduttimien, kennojen, suodattimien, ilmastointikanavien ja ilmastointilaitteiden puhdistukseen tarkoitettu tuote. Se sis\u00e4lt\u00e4\u00e4 alkaalisia pinta-aktiivisia yhdisteit\u00e4, pehmitinaineita ja veden pehmittimi\u00e4, joiden avulla lika, rasva ja niihin tarttuneet ep\u00e4puhtaudet saadaan irrotettua.","og_url":"https:\/\/www.hitech.fi\/hitech\/product\/teho-coil-ex-ilmastointilaitteiden-puhdistusaine\/","og_site_name":"Hitech Chemicals","article_publisher":"https:\/\/www.facebook.com\/hitechfinland","article_modified_time":"2024-05-10T11:14:05+00:00","og_image":[{"width":1024,"height":1024,"url":"https:\/\/www.hitech.fi\/hitech\/wp-content\/uploads\/2014\/02\/Hires_TEHO_Coil_EX.jpg","type":"image\/jpeg"}],"twitter_card":"summary_large_image","twitter_misc":{"Arvioitu lukuaika":"2 minuuttia"},"schema":{"@context":"https:\/\/schema.org","@graph":[{"@type":"WebPage","@id":"https:\/\/www.hitech.fi\/hitech\/product\/teho-coil-ex-ilmastointilaitteiden-puhdistusaine\/","url":"https:\/\/www.hitech.fi\/hitech\/product\/teho-coil-ex-ilmastointilaitteiden-puhdistusaine\/","name":"TEHO Coil EX -ilmastointilaitteiden puhdistusaine | Hitech Chemicals","isPartOf":{"@id":"https:\/\/www.hitech.fi\/hitech\/#website"},"primaryImageOfPage":{"@id":"https:\/\/www.hitech.fi\/hitech\/product\/teho-coil-ex-ilmastointilaitteiden-puhdistusaine\/#primaryimage"},"image":{"@id":"https:\/\/www.hitech.fi\/hitech\/product\/teho-coil-ex-ilmastointilaitteiden-puhdistusaine\/#primaryimage"},"thumbnailUrl":"https:\/\/www.hitech.fi\/hitech\/wp-content\/uploads\/2014\/02\/Hires_TEHO_Coil_EX.jpg","datePublished":"2023-10-18T05:23:30+00:00","dateModified":"2024-05-10T11:14:05+00:00","breadcrumb":{"@id":"https:\/\/www.hitech.fi\/hitech\/product\/teho-coil-ex-ilmastointilaitteiden-puhdistusaine\/#breadcrumb"},"inLanguage":"fi","potentialAction":[{"@type":"ReadAction","target":["https:\/\/www.hitech.fi\/hitech\/product\/teho-coil-ex-ilmastointilaitteiden-puhdistusaine\/"]}]},{"@type":"ImageObject","inLanguage":"fi","@id":"https:\/\/www.hitech.fi\/hitech\/product\/teho-coil-ex-ilmastointilaitteiden-puhdistusaine\/#primaryimage","url":"https:\/\/www.hitech.fi\/hitech\/wp-content\/uploads\/2014\/02\/Hires_TEHO_Coil_EX.jpg","contentUrl":"https:\/\/www.hitech.fi\/hitech\/wp-content\/uploads\/2014\/02\/Hires_TEHO_Coil_EX.jpg","width":1024,"height":1024,"caption":"TEHO Coil EX -puhdistusaine ilmastointilaitteille, -kennoille ja lauhduttimille"},{"@type":"BreadcrumbList","@id":"https:\/\/www.hitech.fi\/hitech\/product\/teho-coil-ex-ilmastointilaitteiden-puhdistusaine\/#breadcrumb","itemListElement":[{"@type":"ListItem","position":1,"name":"Etusivu","item":"https:\/\/www.hitech.fi\/hitech\/"},{"@type":"ListItem","position":2,"name":"Katalogi","item":"https:\/\/www.hitech.fi\/hitech\/katalogi\/"},{"@type":"ListItem","position":3,"name":"TEHO Coil EX -ilmastointilaitteiden puhdistusaine"}]},{"@type":"WebSite","@id":"https:\/\/www.hitech.fi\/hitech\/#website","url":"https:\/\/www.hitech.fi\/hitech\/","name":"Hitech Chemicals","description":"Puhdistusaineet ja huoltotuotteet","publisher":{"@id":"https:\/\/www.hitech.fi\/hitech\/#organization"},"potentialAction":[{"@type":"SearchAction","target":{"@type":"EntryPoint","urlTemplate":"https:\/\/www.hitech.fi\/hitech\/?s={search_term_string}"},"query-input":{"@type":"PropertyValueSpecification","valueRequired":true,"valueName":"search_term_string"}}],"inLanguage":"fi"},{"@type":"Organization","@id":"https:\/\/www.hitech.fi\/hitech\/#organization","name":"Hitech Chemicals","alternateName":"Hitech","url":"https:\/\/www.hitech.fi\/hitech\/","logo":{"@type":"ImageObject","inLanguage":"fi","@id":"https:\/\/www.hitech.fi\/hitech\/#\/schema\/logo\/image\/","url":"https:\/\/www.hitech.fi\/hitech\/wp-content\/uploads\/2023\/06\/cropped-hitech_logo_600x600.png","contentUrl":"https:\/\/www.hitech.fi\/hitech\/wp-content\/uploads\/2023\/06\/cropped-hitech_logo_600x600.png","width":512,"height":512,"caption":"Hitech Chemicals"},"image":{"@id":"https:\/\/www.hitech.fi\/hitech\/#\/schema\/logo\/image\/"},"sameAs":["https:\/\/www.facebook.com\/hitechfinland"]}]}},"_links":{"self":[{"href":"https:\/\/www.hitech.fi\/hitech\/wp-json\/wp\/v2\/product\/803","targetHints":{"allow":["GET"]}}],"collection":[{"href":"https:\/\/www.hitech.fi\/hitech\/wp-json\/wp\/v2\/product"}],"about":[{"href":"https:\/\/www.hitech.fi\/hitech\/wp-json\/wp\/v2\/types\/product"}],"replies":[{"embeddable":true,"href":"https:\/\/www.hitech.fi\/hitech\/wp-json\/wp\/v2\/comments?post=803"}],"wp:featuredmedia":[{"embeddable":true,"href":"https:\/\/www.hitech.fi\/hitech\/wp-json\/wp\/v2\/media\/246"}],"wp:attachment":[{"href":"https:\/\/www.hitech.fi\/hitech\/wp-json\/wp\/v2\/media?parent=803"}],"wp:term":[{"taxonomy":"product_brand","embeddable":true,"href":"https:\/\/www.hitech.fi\/hitech\/wp-json\/wp\/v2\/product_brand?post=803"},{"taxonomy":"product_cat","embeddable":true,"href":"https:\/\/www.hitech.fi\/hitech\/wp-json\/wp\/v2\/product_cat?post=803"},{"taxonomy":"product_tag","embeddable":true,"href":"https:\/\/www.hitech.fi\/hitech\/wp-json\/wp\/v2\/product_tag?post=803"}],"curies":[{"name":"wp","href":"https:\/\/api.w.org\/{rel}","templated":true}]}}