{"id":802,"date":"2023-10-18T08:11:08","date_gmt":"2023-10-18T05:11:08","guid":{"rendered":"https:\/\/www.hitech.fi\/hitech\/?post_type=product&#038;p=802"},"modified":"2024-05-10T14:15:47","modified_gmt":"2024-05-10T11:15:47","slug":"teho-ceranet-puhdistus-ja-kiillotusaine-emalille-ja-metalleille","status":"publish","type":"product","link":"https:\/\/www.hitech.fi\/hitech\/product\/teho-ceranet-puhdistus-ja-kiillotusaine-emalille-ja-metalleille\/","title":{"rendered":"TEHO Ceranet -puhdistus- ja kiillotusaine emalille ja metalleille"},"content":{"rendered":"<p><strong>TEHO Ceranet on eritt\u00e4in tehokas hankaava, voidemainen ammattik\u00e4ytt\u00f6\u00f6n suunniteltu emalin, ter\u00e4ksen, alumiinin, kuparin, messingin, pronssin, lasikuidun ja muovien puhdistus- ja kiillotusaine. <\/strong><\/p>\n<p>Puhdistaa ja kiillottaa tuoden esiin pintojen alkuper\u00e4isen ulkon\u00e4\u00f6n: lavuaarit\/pesualtaat, keraamiset laatat, kylpyammeet, wc:t, pisoaarit, kattilat\/pannut, juomahanat, keraamiset liesitasot, jne.<\/p>\n<ul>\n<li>Ei naarmuta.<\/li>\n<li>Poistaa tehokkaasti kattilakivi- ja kalkkisaostumia kaikilta pinnoilta.<\/li>\n<li>Soveltuu my\u00f6s alumiinille, joita k\u00e4ytet\u00e4\u00e4n keitti\u00f6iss\u00e4.<\/li>\n<li>J\u00e4tt\u00e4\u00e4 ohuen suojaavan kalvon, joka est\u00e4\u00e4 lian, sormenj\u00e4lkien yms. tarttumisen pintoihin.<\/li>\n<\/ul>\n<p>&nbsp;<\/p>\n<p><strong>HUOM. AMMATTIK\u00c4YTT\u00d6\u00d6N!<\/strong><\/p>\n<p><strong>K\u00c4YTT\u00d6OHJE:<\/strong><\/p>\n<ul>\n<li>Kaada voidemaista tuotetta sieneen, r\u00e4ttiin tai puhdistettavalle pinnalle.<\/li>\n<li>Hankaa pintaa.<\/li>\n<li>Huuhtele lopuksi m\u00e4r\u00e4ll\u00e4 sienell\u00e4 tai r\u00e4till\u00e4.<strong>\u00a0<\/strong><\/li>\n<\/ul>\n<p><strong>HUOM:<\/strong> \u00c4l\u00e4 k\u00e4yt\u00e4 marmorille, kalkkikivi pinnoille tai pinnoitetuille kevyt metalleille.<\/p>\n<p>&nbsp;<\/p>\n<p>Nestem\u00e4inen\/voidemainen, vaalea, <strong>pH:<\/strong> 10.5<\/p>\n<p>Tuotenumero: 2170<\/p>\n<p>Tuote on pakattu muovipulloon, jonka tilavuus on 500ml. Myyntier\u00e4 on yksi (1) laatikko, joka sis\u00e4lt\u00e4\u00e4 24 pulloa. Ammattik\u00e4ytt\u00f6\u00f6n.<\/p>\n","protected":false},"excerpt":{"rendered":"<p><strong>TEHO Ceranet <\/strong>on eritt\u00e4in tehokas hankaava, voidemainen ammattik\u00e4ytt\u00f6\u00f6n suunniteltu emalin, ter\u00e4ksen, alumiinin, kuparin, messingin, pronssin, lasikuidun ja muovien puhdistus- ja kiillotusaine.<\/p>\n<p>Puhdistaa ja kiillottaa tuoden esiin pintojen alkuper\u00e4isen ulkon\u00e4\u00f6n: lavuaarit\/pesualtaat, keraamiset laatat, kylpyammeet, wc:t, pisoaarit, kattilat\/pannut, juomahanat, keraamiset liesitasot, jne.<\/p>\n[maxbutton id=\"2\" url=\"https:\/\/www.hitech.fi\/hitech\/wp-content\/uploads\/2023\/12\/TEHO_Ceranet_web.pdf\" text=\"Lataa tuotekortti\" window=\"new\" ]\n","protected":false},"featured_media":280,"comment_status":"closed","ping_status":"closed","template":"","meta":[],"product_brand":[],"product_cat":[136,138,96,133,121],"product_tag":[],"class_list":{"0":"post-802","1":"product","2":"type-product","3":"status-publish","4":"has-post-thumbnail","6":"product_cat-keittio-ja-elintarviketeollisuus","7":"product_cat-kiinteistohuolto","8":"product_cat-pesuaineet","9":"product_cat-toimialat","10":"product_cat-yleispesuaineet","12":"first","13":"instock","14":"shipping-taxable","15":"product-type-simple"},"yoast_head":"<!-- This site is optimized with the Yoast SEO plugin v24.3 - https:\/\/yoast.com\/wordpress\/plugins\/seo\/ -->\n<title>TEHO Ceranet -puhdistus- ja kiillotusaine emalille ja metalleille | Hitech Chemicals<\/title>\n<meta name=\"robots\" content=\"index, follow, max-snippet:-1, max-image-preview:large, max-video-preview:-1\" \/>\n<link rel=\"canonical\" href=\"https:\/\/www.hitech.fi\/hitech\/product\/teho-ceranet-puhdistus-ja-kiillotusaine-emalille-ja-metalleille\/\" \/>\n<meta property=\"og:locale\" content=\"fi_FI\" \/>\n<meta property=\"og:type\" content=\"article\" \/>\n<meta property=\"og:title\" content=\"TEHO Ceranet -puhdistus- ja kiillotusaine emalille ja metalleille | Hitech Chemicals\" \/>\n<meta property=\"og:description\" content=\"TEHO Ceranet on eritt\u00e4in tehokas hankaava, voidemainen ammattik\u00e4ytt\u00f6\u00f6n suunniteltu emalin, ter\u00e4ksen, alumiinin, kuparin, messingin, pronssin, lasikuidun ja muovien puhdistus- ja kiillotusaine.  Puhdistaa ja kiillottaa tuoden esiin pintojen alkuper\u00e4isen ulkon\u00e4\u00f6n: lavuaarit\/pesualtaat, keraamiset laatat, kylpyammeet, wc:t, pisoaarit, kattilat\/pannut, juomahanat, keraamiset liesitasot, jne.\" \/>\n<meta property=\"og:url\" content=\"https:\/\/www.hitech.fi\/hitech\/product\/teho-ceranet-puhdistus-ja-kiillotusaine-emalille-ja-metalleille\/\" \/>\n<meta property=\"og:site_name\" content=\"Hitech Chemicals\" \/>\n<meta property=\"article:publisher\" content=\"https:\/\/www.facebook.com\/hitechfinland\" \/>\n<meta property=\"article:modified_time\" content=\"2024-05-10T11:15:47+00:00\" \/>\n<meta property=\"og:image\" content=\"https:\/\/www.hitech.fi\/hitech\/wp-content\/uploads\/2014\/03\/Hires_TEHO_Ceranet.jpg\" \/>\n\t<meta property=\"og:image:width\" content=\"1024\" \/>\n\t<meta property=\"og:image:height\" content=\"1024\" \/>\n\t<meta property=\"og:image:type\" content=\"image\/jpeg\" \/>\n<meta name=\"twitter:card\" content=\"summary_large_image\" \/>\n<meta name=\"twitter:label1\" content=\"Arvioitu lukuaika\" \/>\n\t<meta name=\"twitter:data1\" content=\"1 minuutti\" \/>\n<script type=\"application\/ld+json\" class=\"yoast-schema-graph\">{\"@context\":\"https:\/\/schema.org\",\"@graph\":[{\"@type\":\"WebPage\",\"@id\":\"https:\/\/www.hitech.fi\/hitech\/product\/teho-ceranet-puhdistus-ja-kiillotusaine-emalille-ja-metalleille\/\",\"url\":\"https:\/\/www.hitech.fi\/hitech\/product\/teho-ceranet-puhdistus-ja-kiillotusaine-emalille-ja-metalleille\/\",\"name\":\"TEHO Ceranet -puhdistus- ja kiillotusaine emalille ja metalleille | Hitech Chemicals\",\"isPartOf\":{\"@id\":\"https:\/\/www.hitech.fi\/hitech\/#website\"},\"primaryImageOfPage\":{\"@id\":\"https:\/\/www.hitech.fi\/hitech\/product\/teho-ceranet-puhdistus-ja-kiillotusaine-emalille-ja-metalleille\/#primaryimage\"},\"image\":{\"@id\":\"https:\/\/www.hitech.fi\/hitech\/product\/teho-ceranet-puhdistus-ja-kiillotusaine-emalille-ja-metalleille\/#primaryimage\"},\"thumbnailUrl\":\"https:\/\/www.hitech.fi\/hitech\/wp-content\/uploads\/2014\/03\/Hires_TEHO_Ceranet.jpg\",\"datePublished\":\"2023-10-18T05:11:08+00:00\",\"dateModified\":\"2024-05-10T11:15:47+00:00\",\"breadcrumb\":{\"@id\":\"https:\/\/www.hitech.fi\/hitech\/product\/teho-ceranet-puhdistus-ja-kiillotusaine-emalille-ja-metalleille\/#breadcrumb\"},\"inLanguage\":\"fi\",\"potentialAction\":[{\"@type\":\"ReadAction\",\"target\":[\"https:\/\/www.hitech.fi\/hitech\/product\/teho-ceranet-puhdistus-ja-kiillotusaine-emalille-ja-metalleille\/\"]}]},{\"@type\":\"ImageObject\",\"inLanguage\":\"fi\",\"@id\":\"https:\/\/www.hitech.fi\/hitech\/product\/teho-ceranet-puhdistus-ja-kiillotusaine-emalille-ja-metalleille\/#primaryimage\",\"url\":\"https:\/\/www.hitech.fi\/hitech\/wp-content\/uploads\/2014\/03\/Hires_TEHO_Ceranet.jpg\",\"contentUrl\":\"https:\/\/www.hitech.fi\/hitech\/wp-content\/uploads\/2014\/03\/Hires_TEHO_Ceranet.jpg\",\"width\":1024,\"height\":1024,\"caption\":\"TEHO Ceranet puhdistus- ja kiillotusaine emalille ja metalleille\"},{\"@type\":\"BreadcrumbList\",\"@id\":\"https:\/\/www.hitech.fi\/hitech\/product\/teho-ceranet-puhdistus-ja-kiillotusaine-emalille-ja-metalleille\/#breadcrumb\",\"itemListElement\":[{\"@type\":\"ListItem\",\"position\":1,\"name\":\"Etusivu\",\"item\":\"https:\/\/www.hitech.fi\/hitech\/\"},{\"@type\":\"ListItem\",\"position\":2,\"name\":\"Katalogi\",\"item\":\"https:\/\/www.hitech.fi\/hitech\/katalogi\/\"},{\"@type\":\"ListItem\",\"position\":3,\"name\":\"TEHO Ceranet -puhdistus- ja kiillotusaine emalille ja metalleille\"}]},{\"@type\":\"WebSite\",\"@id\":\"https:\/\/www.hitech.fi\/hitech\/#website\",\"url\":\"https:\/\/www.hitech.fi\/hitech\/\",\"name\":\"Hitech Chemicals\",\"description\":\"Puhdistusaineet ja huoltotuotteet\",\"publisher\":{\"@id\":\"https:\/\/www.hitech.fi\/hitech\/#organization\"},\"potentialAction\":[{\"@type\":\"SearchAction\",\"target\":{\"@type\":\"EntryPoint\",\"urlTemplate\":\"https:\/\/www.hitech.fi\/hitech\/?s={search_term_string}\"},\"query-input\":{\"@type\":\"PropertyValueSpecification\",\"valueRequired\":true,\"valueName\":\"search_term_string\"}}],\"inLanguage\":\"fi\"},{\"@type\":\"Organization\",\"@id\":\"https:\/\/www.hitech.fi\/hitech\/#organization\",\"name\":\"Hitech Chemicals\",\"alternateName\":\"Hitech\",\"url\":\"https:\/\/www.hitech.fi\/hitech\/\",\"logo\":{\"@type\":\"ImageObject\",\"inLanguage\":\"fi\",\"@id\":\"https:\/\/www.hitech.fi\/hitech\/#\/schema\/logo\/image\/\",\"url\":\"https:\/\/www.hitech.fi\/hitech\/wp-content\/uploads\/2023\/06\/cropped-hitech_logo_600x600.png\",\"contentUrl\":\"https:\/\/www.hitech.fi\/hitech\/wp-content\/uploads\/2023\/06\/cropped-hitech_logo_600x600.png\",\"width\":512,\"height\":512,\"caption\":\"Hitech Chemicals\"},\"image\":{\"@id\":\"https:\/\/www.hitech.fi\/hitech\/#\/schema\/logo\/image\/\"},\"sameAs\":[\"https:\/\/www.facebook.com\/hitechfinland\"]}]}<\/script>\n<!-- \/ Yoast SEO plugin. -->","yoast_head_json":{"title":"TEHO Ceranet -puhdistus- ja kiillotusaine emalille ja metalleille | Hitech Chemicals","robots":{"index":"index","follow":"follow","max-snippet":"max-snippet:-1","max-image-preview":"max-image-preview:large","max-video-preview":"max-video-preview:-1"},"canonical":"https:\/\/www.hitech.fi\/hitech\/product\/teho-ceranet-puhdistus-ja-kiillotusaine-emalille-ja-metalleille\/","og_locale":"fi_FI","og_type":"article","og_title":"TEHO Ceranet -puhdistus- ja kiillotusaine emalille ja metalleille | Hitech Chemicals","og_description":"TEHO Ceranet on eritt\u00e4in tehokas hankaava, voidemainen ammattik\u00e4ytt\u00f6\u00f6n suunniteltu emalin, ter\u00e4ksen, alumiinin, kuparin, messingin, pronssin, lasikuidun ja muovien puhdistus- ja kiillotusaine.  Puhdistaa ja kiillottaa tuoden esiin pintojen alkuper\u00e4isen ulkon\u00e4\u00f6n: lavuaarit\/pesualtaat, keraamiset laatat, kylpyammeet, wc:t, pisoaarit, kattilat\/pannut, juomahanat, keraamiset liesitasot, jne.","og_url":"https:\/\/www.hitech.fi\/hitech\/product\/teho-ceranet-puhdistus-ja-kiillotusaine-emalille-ja-metalleille\/","og_site_name":"Hitech Chemicals","article_publisher":"https:\/\/www.facebook.com\/hitechfinland","article_modified_time":"2024-05-10T11:15:47+00:00","og_image":[{"width":1024,"height":1024,"url":"https:\/\/www.hitech.fi\/hitech\/wp-content\/uploads\/2014\/03\/Hires_TEHO_Ceranet.jpg","type":"image\/jpeg"}],"twitter_card":"summary_large_image","twitter_misc":{"Arvioitu lukuaika":"1 minuutti"},"schema":{"@context":"https:\/\/schema.org","@graph":[{"@type":"WebPage","@id":"https:\/\/www.hitech.fi\/hitech\/product\/teho-ceranet-puhdistus-ja-kiillotusaine-emalille-ja-metalleille\/","url":"https:\/\/www.hitech.fi\/hitech\/product\/teho-ceranet-puhdistus-ja-kiillotusaine-emalille-ja-metalleille\/","name":"TEHO Ceranet -puhdistus- ja kiillotusaine emalille ja metalleille | Hitech Chemicals","isPartOf":{"@id":"https:\/\/www.hitech.fi\/hitech\/#website"},"primaryImageOfPage":{"@id":"https:\/\/www.hitech.fi\/hitech\/product\/teho-ceranet-puhdistus-ja-kiillotusaine-emalille-ja-metalleille\/#primaryimage"},"image":{"@id":"https:\/\/www.hitech.fi\/hitech\/product\/teho-ceranet-puhdistus-ja-kiillotusaine-emalille-ja-metalleille\/#primaryimage"},"thumbnailUrl":"https:\/\/www.hitech.fi\/hitech\/wp-content\/uploads\/2014\/03\/Hires_TEHO_Ceranet.jpg","datePublished":"2023-10-18T05:11:08+00:00","dateModified":"2024-05-10T11:15:47+00:00","breadcrumb":{"@id":"https:\/\/www.hitech.fi\/hitech\/product\/teho-ceranet-puhdistus-ja-kiillotusaine-emalille-ja-metalleille\/#breadcrumb"},"inLanguage":"fi","potentialAction":[{"@type":"ReadAction","target":["https:\/\/www.hitech.fi\/hitech\/product\/teho-ceranet-puhdistus-ja-kiillotusaine-emalille-ja-metalleille\/"]}]},{"@type":"ImageObject","inLanguage":"fi","@id":"https:\/\/www.hitech.fi\/hitech\/product\/teho-ceranet-puhdistus-ja-kiillotusaine-emalille-ja-metalleille\/#primaryimage","url":"https:\/\/www.hitech.fi\/hitech\/wp-content\/uploads\/2014\/03\/Hires_TEHO_Ceranet.jpg","contentUrl":"https:\/\/www.hitech.fi\/hitech\/wp-content\/uploads\/2014\/03\/Hires_TEHO_Ceranet.jpg","width":1024,"height":1024,"caption":"TEHO Ceranet puhdistus- ja kiillotusaine emalille ja metalleille"},{"@type":"BreadcrumbList","@id":"https:\/\/www.hitech.fi\/hitech\/product\/teho-ceranet-puhdistus-ja-kiillotusaine-emalille-ja-metalleille\/#breadcrumb","itemListElement":[{"@type":"ListItem","position":1,"name":"Etusivu","item":"https:\/\/www.hitech.fi\/hitech\/"},{"@type":"ListItem","position":2,"name":"Katalogi","item":"https:\/\/www.hitech.fi\/hitech\/katalogi\/"},{"@type":"ListItem","position":3,"name":"TEHO Ceranet -puhdistus- ja kiillotusaine emalille ja metalleille"}]},{"@type":"WebSite","@id":"https:\/\/www.hitech.fi\/hitech\/#website","url":"https:\/\/www.hitech.fi\/hitech\/","name":"Hitech Chemicals","description":"Puhdistusaineet ja huoltotuotteet","publisher":{"@id":"https:\/\/www.hitech.fi\/hitech\/#organization"},"potentialAction":[{"@type":"SearchAction","target":{"@type":"EntryPoint","urlTemplate":"https:\/\/www.hitech.fi\/hitech\/?s={search_term_string}"},"query-input":{"@type":"PropertyValueSpecification","valueRequired":true,"valueName":"search_term_string"}}],"inLanguage":"fi"},{"@type":"Organization","@id":"https:\/\/www.hitech.fi\/hitech\/#organization","name":"Hitech Chemicals","alternateName":"Hitech","url":"https:\/\/www.hitech.fi\/hitech\/","logo":{"@type":"ImageObject","inLanguage":"fi","@id":"https:\/\/www.hitech.fi\/hitech\/#\/schema\/logo\/image\/","url":"https:\/\/www.hitech.fi\/hitech\/wp-content\/uploads\/2023\/06\/cropped-hitech_logo_600x600.png","contentUrl":"https:\/\/www.hitech.fi\/hitech\/wp-content\/uploads\/2023\/06\/cropped-hitech_logo_600x600.png","width":512,"height":512,"caption":"Hitech Chemicals"},"image":{"@id":"https:\/\/www.hitech.fi\/hitech\/#\/schema\/logo\/image\/"},"sameAs":["https:\/\/www.facebook.com\/hitechfinland"]}]}},"_links":{"self":[{"href":"https:\/\/www.hitech.fi\/hitech\/wp-json\/wp\/v2\/product\/802","targetHints":{"allow":["GET"]}}],"collection":[{"href":"https:\/\/www.hitech.fi\/hitech\/wp-json\/wp\/v2\/product"}],"about":[{"href":"https:\/\/www.hitech.fi\/hitech\/wp-json\/wp\/v2\/types\/product"}],"replies":[{"embeddable":true,"href":"https:\/\/www.hitech.fi\/hitech\/wp-json\/wp\/v2\/comments?post=802"}],"wp:featuredmedia":[{"embeddable":true,"href":"https:\/\/www.hitech.fi\/hitech\/wp-json\/wp\/v2\/media\/280"}],"wp:attachment":[{"href":"https:\/\/www.hitech.fi\/hitech\/wp-json\/wp\/v2\/media?parent=802"}],"wp:term":[{"taxonomy":"product_brand","embeddable":true,"href":"https:\/\/www.hitech.fi\/hitech\/wp-json\/wp\/v2\/product_brand?post=802"},{"taxonomy":"product_cat","embeddable":true,"href":"https:\/\/www.hitech.fi\/hitech\/wp-json\/wp\/v2\/product_cat?post=802"},{"taxonomy":"product_tag","embeddable":true,"href":"https:\/\/www.hitech.fi\/hitech\/wp-json\/wp\/v2\/product_tag?post=802"}],"curies":[{"name":"wp","href":"https:\/\/api.w.org\/{rel}","templated":true}]}}