{"id":801,"date":"2023-10-18T08:04:58","date_gmt":"2023-10-18T05:04:58","guid":{"rendered":"https:\/\/www.hitech.fi\/hitech\/?post_type=product&#038;p=801"},"modified":"2024-05-10T14:16:38","modified_gmt":"2024-05-10T11:16:38","slug":"teho-cemvex-sementinpoistoaine","status":"publish","type":"product","link":"https:\/\/www.hitech.fi\/hitech\/product\/teho-cemvex-sementinpoistoaine\/","title":{"rendered":"TEHO CemVex -sementinpoistoaine"},"content":{"rendered":"<p><strong>TEHO CemVex on tehokas aine sementin, kalkin ja ruosteen poistoon kovilta pinnoilta, kuten rauta, tiili, laatta ja kivi. Tunkeutuu syv\u00e4lle ja liuottaa sementin nopeasti. TEHO CemVex poistaa ruosteen kemiallisesti.<\/strong><\/p>\n<p>Suositellaan k\u00e4ytett\u00e4v\u00e4ksi rakennuksilla, saneerauskohteissa, konevuokraamoissa, jne.<\/p>\n<p><strong>\u00a0<\/strong><\/p>\n<p><strong>K\u00c4YTT\u00d6OHJE: <\/strong><\/p>\n<ol>\n<li>Helpoissa kohteissa sekoita veteen suhteessa 1:6. Vaikeissa kohteissa suhteessa 1:2.<\/li>\n<li>Poista ensin suurimmat j\u00e4\u00e4m\u00e4t mekaanisesti.<\/li>\n<li>Sumuta tai levit\u00e4 puhdistettavalle pinnalle ja anna vaikuttaa n. 5 minuuttia.<\/li>\n<li>Harjaa tai k\u00e4yt\u00e4 ter\u00e4svillaa<\/li>\n<li>Huuhtele huolellisesti puhtaalla vedell\u00e4.<\/li>\n<li>Suojaa v\u00e4rimetallit roiskeilta.<\/li>\n<\/ol>\n<p><strong><br \/>\nHUOM!<\/strong> TEHO CemVex ei sovellu magnesium-, alumiini-, sinkityille-, eik\u00e4 ruostumatonter\u00e4spinnoille.<\/p>\n<p><strong>HUOM!<\/strong> K\u00e4ytett\u00e4v\u00e4 aina suojak\u00e4sineit\u00e4 ja suojattava kasvot ja silm\u00e4t roiskeilta.<\/p>\n<p>&nbsp;<\/p>\n<p>Tuotenumero: 4910<\/p>\n<p>Tuote on pakattu 5 litran muoviastiaan. Myyntier\u00e4 on yksi (1) laatikko, joka sis\u00e4lt\u00e4\u00e4 4 astiaa. Vain ammattik\u00e4ytt\u00f6\u00f6n.<\/p>\n","protected":false},"excerpt":{"rendered":"<p><strong>TEHO CemVex <\/strong>on tehokas aine sementin, kalkin ja ruosteen poistoon kovilta pinnoilta, kuten rauta, tiili, laatta ja kivi. Tunkeutuu syv\u00e4lle ja liuottaa sementin nopeasti. TEHO CemVex poistaa ruosteen kemiallisesti.<\/p>\n[maxbutton id=\"2\" url=\"https:\/\/www.hitech.fi\/hitech\/wp-content\/uploads\/2023\/12\/TEHO_Cemvex_web.pdf\" text=\"Lataa tuotekortti\" window=\"new\" ]\n","protected":false},"featured_media":313,"comment_status":"closed","ping_status":"closed","template":"","meta":[],"product_brand":[],"product_cat":[119,97,134,138,129,96,135,133],"product_tag":[],"class_list":{"0":"post-801","1":"product","2":"type-product","3":"status-publish","4":"has-post-thumbnail","6":"product_cat-happopesu","7":"product_cat-huoltokemikaalit","8":"product_cat-kalusto-ja-ajoneuvot","9":"product_cat-kiinteistohuolto","10":"product_cat-kiinteistot-ja-ulkopinnat","11":"product_cat-pesuaineet","12":"product_cat-teollisuus","13":"product_cat-toimialat","15":"first","16":"instock","17":"shipping-taxable","18":"product-type-simple"},"yoast_head":"<!-- This site is optimized with the Yoast SEO plugin v24.3 - https:\/\/yoast.com\/wordpress\/plugins\/seo\/ -->\n<title>TEHO CemVex -sementinpoistoaine | Hitech Chemicals<\/title>\n<meta name=\"robots\" content=\"index, follow, max-snippet:-1, max-image-preview:large, max-video-preview:-1\" \/>\n<link rel=\"canonical\" href=\"https:\/\/www.hitech.fi\/hitech\/product\/teho-cemvex-sementinpoistoaine\/\" \/>\n<meta property=\"og:locale\" content=\"fi_FI\" \/>\n<meta property=\"og:type\" content=\"article\" \/>\n<meta property=\"og:title\" content=\"TEHO CemVex -sementinpoistoaine | Hitech Chemicals\" \/>\n<meta property=\"og:description\" content=\"TEHO CemVex on tehokas aine sementin, kalkin ja ruosteen poistoon kovilta pinnoilta, kuten rauta, tiili, laatta ja kivi. Tunkeutuu syv\u00e4lle ja liuottaa sementin nopeasti. TEHO CemVex poistaa ruosteen kemiallisesti.\" \/>\n<meta property=\"og:url\" content=\"https:\/\/www.hitech.fi\/hitech\/product\/teho-cemvex-sementinpoistoaine\/\" \/>\n<meta property=\"og:site_name\" content=\"Hitech Chemicals\" \/>\n<meta property=\"article:publisher\" content=\"https:\/\/www.facebook.com\/hitechfinland\" \/>\n<meta property=\"article:modified_time\" content=\"2024-05-10T11:16:38+00:00\" \/>\n<meta property=\"og:image\" content=\"https:\/\/www.hitech.fi\/hitech\/wp-content\/uploads\/2014\/06\/Hires_TEHO_Cem_Vex.jpg\" \/>\n\t<meta property=\"og:image:width\" content=\"1024\" \/>\n\t<meta property=\"og:image:height\" content=\"1024\" \/>\n\t<meta property=\"og:image:type\" content=\"image\/jpeg\" \/>\n<meta name=\"twitter:card\" content=\"summary_large_image\" \/>\n<meta name=\"twitter:label1\" content=\"Arvioitu lukuaika\" \/>\n\t<meta name=\"twitter:data1\" content=\"1 minuutti\" \/>\n<script type=\"application\/ld+json\" class=\"yoast-schema-graph\">{\"@context\":\"https:\/\/schema.org\",\"@graph\":[{\"@type\":\"WebPage\",\"@id\":\"https:\/\/www.hitech.fi\/hitech\/product\/teho-cemvex-sementinpoistoaine\/\",\"url\":\"https:\/\/www.hitech.fi\/hitech\/product\/teho-cemvex-sementinpoistoaine\/\",\"name\":\"TEHO CemVex -sementinpoistoaine | Hitech Chemicals\",\"isPartOf\":{\"@id\":\"https:\/\/www.hitech.fi\/hitech\/#website\"},\"primaryImageOfPage\":{\"@id\":\"https:\/\/www.hitech.fi\/hitech\/product\/teho-cemvex-sementinpoistoaine\/#primaryimage\"},\"image\":{\"@id\":\"https:\/\/www.hitech.fi\/hitech\/product\/teho-cemvex-sementinpoistoaine\/#primaryimage\"},\"thumbnailUrl\":\"https:\/\/www.hitech.fi\/hitech\/wp-content\/uploads\/2014\/06\/Hires_TEHO_Cem_Vex.jpg\",\"datePublished\":\"2023-10-18T05:04:58+00:00\",\"dateModified\":\"2024-05-10T11:16:38+00:00\",\"breadcrumb\":{\"@id\":\"https:\/\/www.hitech.fi\/hitech\/product\/teho-cemvex-sementinpoistoaine\/#breadcrumb\"},\"inLanguage\":\"fi\",\"potentialAction\":[{\"@type\":\"ReadAction\",\"target\":[\"https:\/\/www.hitech.fi\/hitech\/product\/teho-cemvex-sementinpoistoaine\/\"]}]},{\"@type\":\"ImageObject\",\"inLanguage\":\"fi\",\"@id\":\"https:\/\/www.hitech.fi\/hitech\/product\/teho-cemvex-sementinpoistoaine\/#primaryimage\",\"url\":\"https:\/\/www.hitech.fi\/hitech\/wp-content\/uploads\/2014\/06\/Hires_TEHO_Cem_Vex.jpg\",\"contentUrl\":\"https:\/\/www.hitech.fi\/hitech\/wp-content\/uploads\/2014\/06\/Hires_TEHO_Cem_Vex.jpg\",\"width\":1024,\"height\":1024,\"caption\":\"TEHO CemVex sementinpoistoaine kovilta pinnoilta\"},{\"@type\":\"BreadcrumbList\",\"@id\":\"https:\/\/www.hitech.fi\/hitech\/product\/teho-cemvex-sementinpoistoaine\/#breadcrumb\",\"itemListElement\":[{\"@type\":\"ListItem\",\"position\":1,\"name\":\"Etusivu\",\"item\":\"https:\/\/www.hitech.fi\/hitech\/\"},{\"@type\":\"ListItem\",\"position\":2,\"name\":\"Katalogi\",\"item\":\"https:\/\/www.hitech.fi\/hitech\/katalogi\/\"},{\"@type\":\"ListItem\",\"position\":3,\"name\":\"TEHO CemVex -sementinpoistoaine\"}]},{\"@type\":\"WebSite\",\"@id\":\"https:\/\/www.hitech.fi\/hitech\/#website\",\"url\":\"https:\/\/www.hitech.fi\/hitech\/\",\"name\":\"Hitech Chemicals\",\"description\":\"Puhdistusaineet ja huoltotuotteet\",\"publisher\":{\"@id\":\"https:\/\/www.hitech.fi\/hitech\/#organization\"},\"potentialAction\":[{\"@type\":\"SearchAction\",\"target\":{\"@type\":\"EntryPoint\",\"urlTemplate\":\"https:\/\/www.hitech.fi\/hitech\/?s={search_term_string}\"},\"query-input\":{\"@type\":\"PropertyValueSpecification\",\"valueRequired\":true,\"valueName\":\"search_term_string\"}}],\"inLanguage\":\"fi\"},{\"@type\":\"Organization\",\"@id\":\"https:\/\/www.hitech.fi\/hitech\/#organization\",\"name\":\"Hitech Chemicals\",\"alternateName\":\"Hitech\",\"url\":\"https:\/\/www.hitech.fi\/hitech\/\",\"logo\":{\"@type\":\"ImageObject\",\"inLanguage\":\"fi\",\"@id\":\"https:\/\/www.hitech.fi\/hitech\/#\/schema\/logo\/image\/\",\"url\":\"https:\/\/www.hitech.fi\/hitech\/wp-content\/uploads\/2023\/06\/cropped-hitech_logo_600x600.png\",\"contentUrl\":\"https:\/\/www.hitech.fi\/hitech\/wp-content\/uploads\/2023\/06\/cropped-hitech_logo_600x600.png\",\"width\":512,\"height\":512,\"caption\":\"Hitech Chemicals\"},\"image\":{\"@id\":\"https:\/\/www.hitech.fi\/hitech\/#\/schema\/logo\/image\/\"},\"sameAs\":[\"https:\/\/www.facebook.com\/hitechfinland\"]}]}<\/script>\n<!-- \/ Yoast SEO plugin. -->","yoast_head_json":{"title":"TEHO CemVex -sementinpoistoaine | Hitech Chemicals","robots":{"index":"index","follow":"follow","max-snippet":"max-snippet:-1","max-image-preview":"max-image-preview:large","max-video-preview":"max-video-preview:-1"},"canonical":"https:\/\/www.hitech.fi\/hitech\/product\/teho-cemvex-sementinpoistoaine\/","og_locale":"fi_FI","og_type":"article","og_title":"TEHO CemVex -sementinpoistoaine | Hitech Chemicals","og_description":"TEHO CemVex on tehokas aine sementin, kalkin ja ruosteen poistoon kovilta pinnoilta, kuten rauta, tiili, laatta ja kivi. Tunkeutuu syv\u00e4lle ja liuottaa sementin nopeasti. TEHO CemVex poistaa ruosteen kemiallisesti.","og_url":"https:\/\/www.hitech.fi\/hitech\/product\/teho-cemvex-sementinpoistoaine\/","og_site_name":"Hitech Chemicals","article_publisher":"https:\/\/www.facebook.com\/hitechfinland","article_modified_time":"2024-05-10T11:16:38+00:00","og_image":[{"width":1024,"height":1024,"url":"https:\/\/www.hitech.fi\/hitech\/wp-content\/uploads\/2014\/06\/Hires_TEHO_Cem_Vex.jpg","type":"image\/jpeg"}],"twitter_card":"summary_large_image","twitter_misc":{"Arvioitu lukuaika":"1 minuutti"},"schema":{"@context":"https:\/\/schema.org","@graph":[{"@type":"WebPage","@id":"https:\/\/www.hitech.fi\/hitech\/product\/teho-cemvex-sementinpoistoaine\/","url":"https:\/\/www.hitech.fi\/hitech\/product\/teho-cemvex-sementinpoistoaine\/","name":"TEHO CemVex -sementinpoistoaine | Hitech Chemicals","isPartOf":{"@id":"https:\/\/www.hitech.fi\/hitech\/#website"},"primaryImageOfPage":{"@id":"https:\/\/www.hitech.fi\/hitech\/product\/teho-cemvex-sementinpoistoaine\/#primaryimage"},"image":{"@id":"https:\/\/www.hitech.fi\/hitech\/product\/teho-cemvex-sementinpoistoaine\/#primaryimage"},"thumbnailUrl":"https:\/\/www.hitech.fi\/hitech\/wp-content\/uploads\/2014\/06\/Hires_TEHO_Cem_Vex.jpg","datePublished":"2023-10-18T05:04:58+00:00","dateModified":"2024-05-10T11:16:38+00:00","breadcrumb":{"@id":"https:\/\/www.hitech.fi\/hitech\/product\/teho-cemvex-sementinpoistoaine\/#breadcrumb"},"inLanguage":"fi","potentialAction":[{"@type":"ReadAction","target":["https:\/\/www.hitech.fi\/hitech\/product\/teho-cemvex-sementinpoistoaine\/"]}]},{"@type":"ImageObject","inLanguage":"fi","@id":"https:\/\/www.hitech.fi\/hitech\/product\/teho-cemvex-sementinpoistoaine\/#primaryimage","url":"https:\/\/www.hitech.fi\/hitech\/wp-content\/uploads\/2014\/06\/Hires_TEHO_Cem_Vex.jpg","contentUrl":"https:\/\/www.hitech.fi\/hitech\/wp-content\/uploads\/2014\/06\/Hires_TEHO_Cem_Vex.jpg","width":1024,"height":1024,"caption":"TEHO CemVex sementinpoistoaine kovilta pinnoilta"},{"@type":"BreadcrumbList","@id":"https:\/\/www.hitech.fi\/hitech\/product\/teho-cemvex-sementinpoistoaine\/#breadcrumb","itemListElement":[{"@type":"ListItem","position":1,"name":"Etusivu","item":"https:\/\/www.hitech.fi\/hitech\/"},{"@type":"ListItem","position":2,"name":"Katalogi","item":"https:\/\/www.hitech.fi\/hitech\/katalogi\/"},{"@type":"ListItem","position":3,"name":"TEHO CemVex -sementinpoistoaine"}]},{"@type":"WebSite","@id":"https:\/\/www.hitech.fi\/hitech\/#website","url":"https:\/\/www.hitech.fi\/hitech\/","name":"Hitech Chemicals","description":"Puhdistusaineet ja huoltotuotteet","publisher":{"@id":"https:\/\/www.hitech.fi\/hitech\/#organization"},"potentialAction":[{"@type":"SearchAction","target":{"@type":"EntryPoint","urlTemplate":"https:\/\/www.hitech.fi\/hitech\/?s={search_term_string}"},"query-input":{"@type":"PropertyValueSpecification","valueRequired":true,"valueName":"search_term_string"}}],"inLanguage":"fi"},{"@type":"Organization","@id":"https:\/\/www.hitech.fi\/hitech\/#organization","name":"Hitech Chemicals","alternateName":"Hitech","url":"https:\/\/www.hitech.fi\/hitech\/","logo":{"@type":"ImageObject","inLanguage":"fi","@id":"https:\/\/www.hitech.fi\/hitech\/#\/schema\/logo\/image\/","url":"https:\/\/www.hitech.fi\/hitech\/wp-content\/uploads\/2023\/06\/cropped-hitech_logo_600x600.png","contentUrl":"https:\/\/www.hitech.fi\/hitech\/wp-content\/uploads\/2023\/06\/cropped-hitech_logo_600x600.png","width":512,"height":512,"caption":"Hitech Chemicals"},"image":{"@id":"https:\/\/www.hitech.fi\/hitech\/#\/schema\/logo\/image\/"},"sameAs":["https:\/\/www.facebook.com\/hitechfinland"]}]}},"_links":{"self":[{"href":"https:\/\/www.hitech.fi\/hitech\/wp-json\/wp\/v2\/product\/801","targetHints":{"allow":["GET"]}}],"collection":[{"href":"https:\/\/www.hitech.fi\/hitech\/wp-json\/wp\/v2\/product"}],"about":[{"href":"https:\/\/www.hitech.fi\/hitech\/wp-json\/wp\/v2\/types\/product"}],"replies":[{"embeddable":true,"href":"https:\/\/www.hitech.fi\/hitech\/wp-json\/wp\/v2\/comments?post=801"}],"wp:featuredmedia":[{"embeddable":true,"href":"https:\/\/www.hitech.fi\/hitech\/wp-json\/wp\/v2\/media\/313"}],"wp:attachment":[{"href":"https:\/\/www.hitech.fi\/hitech\/wp-json\/wp\/v2\/media?parent=801"}],"wp:term":[{"taxonomy":"product_brand","embeddable":true,"href":"https:\/\/www.hitech.fi\/hitech\/wp-json\/wp\/v2\/product_brand?post=801"},{"taxonomy":"product_cat","embeddable":true,"href":"https:\/\/www.hitech.fi\/hitech\/wp-json\/wp\/v2\/product_cat?post=801"},{"taxonomy":"product_tag","embeddable":true,"href":"https:\/\/www.hitech.fi\/hitech\/wp-json\/wp\/v2\/product_tag?post=801"}],"curies":[{"name":"wp","href":"https:\/\/api.w.org\/{rel}","templated":true}]}}