{"id":796,"date":"2023-10-18T07:37:58","date_gmt":"2023-10-18T04:37:58","guid":{"rendered":"https:\/\/www.hitech.fi\/hitech\/?post_type=product&#038;p=796"},"modified":"2024-05-10T14:18:37","modified_gmt":"2024-05-10T11:18:37","slug":"teho-autopesu-all-in-one-autoshampoo","status":"publish","type":"product","link":"https:\/\/www.hitech.fi\/hitech\/product\/teho-autopesu-all-in-one-autoshampoo\/","title":{"rendered":"TEHO Autopesu All-in-One -autoshampoo"},"content":{"rendered":"<p><strong>Eritt\u00e4in tehokas autoshampoo ja painepesuaine, joka lis\u00e4\u00e4 pintojen kiiltoa.<\/strong><\/p>\n<p>Tuote on eritt\u00e4in tehokas akryylipohjainen autoshampoo, joka j\u00e4tt\u00e4\u00e4 suojaavan molekyylikerroksen ja lis\u00e4\u00e4 pinnan kiiltoa. Tuote on suunniteltu ammattik\u00e4ytt\u00f6\u00f6n Suomen olosuhteisiin.<\/p>\n<p><strong>Voidaan k\u00e4ytt\u00e4\u00e4 ajoneuvojen esipesussa\/painepesussa, sek\u00e4 k\u00e4sinpesussa sienell\u00e4 tai pesukintaalla.<\/strong> Voidaan k\u00e4ytt\u00e4\u00e4 henkil\u00f6autojen, pakettiautojen, rekkojen ja kaluston pesussa. Poistaa tehokkaasti maantielikaa, ilmansaasteita, polttoainej\u00e4\u00e4mi\u00e4, lintujen j\u00e4t\u00f6ksi\u00e4 sek\u00e4 hy\u00f6nteisten j\u00e4lki\u00e4. Tuote muodostaa runsaasti aktiivista vaahtoa, mutta huuhtoutuu helposti.<\/p>\n<p><strong>Edullinen k\u00e4ytt\u00e4\u00e4:<\/strong> k\u00e4ytt\u00f6liuos normaalipesussa painepesurilla 1-5%, ja k\u00e4sinpesussa sienell\u00e4 tai pesukintaalla riitt\u00e4\u00e4 10-20 litran \u00e4mp\u00e4riin 1 &#8211; 4 korkillinen pesuainetta. Tuote on \u201cvahaturvallinen\u201d k\u00e4ytett\u00e4ess\u00e4 enint\u00e4\u00e4n 5% seoksena, eik\u00e4 vaurioita maali, kromi, lasi tai lakkapintoja. Biohajoava.<\/p>\n<p><strong>\u00a0<\/strong><\/p>\n<p><strong>HUOM. AMMATTIK\u00c4YTT\u00d6\u00d6N!<\/strong><\/p>\n<p><strong>K\u00c4YTT\u00d6OHJE:<\/strong><\/p>\n<p>\u00c4l\u00e4 anna pesuaineen kuivua pest\u00e4v\u00e4lle pinnalle. V\u00e4lt\u00e4 ajoneuvon pesua suorassa auringonpaisteessa tai pintojen ollessa kuumat.<\/p>\n<p><strong>Esipesu ja painepesu:<\/strong><\/p>\n<ol>\n<li>Ruiskuta pest\u00e4v\u00e4lle pinnalle alhaalta yl\u00f6s seoksena 1-5%. Paras tulos saavutetaan painepesurin vaahdottajaa k\u00e4ytt\u00e4m\u00e4ll\u00e4, jolloin pinnalle muodostuu pesua tehostava aktiivinen paksu vaahtokerros eli snow foam.<\/li>\n<li>Anna vaikuttaa muutama minuutti, \u00e4l\u00e4 anna pesuaineen kuivua pest\u00e4v\u00e4lle pinnalle.<\/li>\n<li>Huuhtele painepesurilla kylm\u00e4ll\u00e4 tai l\u00e4mpim\u00e4ll\u00e4 vedell\u00e4 ylh\u00e4\u00e4lt\u00e4 alas.<\/li>\n<\/ol>\n<p>&nbsp;<\/p>\n<p><strong>K\u00e4sinpesu:<\/strong><\/p>\n<ol>\n<li>Sekoita 10-20 litran \u00e4mp\u00e4riin pesuainetta 1 &#8211; 4 korkillinen tuotetta.<\/li>\n<li>Pese ajoneuvo k\u00e4ytt\u00e4en hyv\u00e4laatuista pesusient\u00e4 tai \u2013kinnasta.<\/li>\n<li>\u00c4l\u00e4 anna pesuaineen kuivua pest\u00e4v\u00e4lle pinnalle. V\u00e4lt\u00e4 ajoneuvon pesua suorassa auringonpaisteessa tai pintojen ollessa kuumat.<\/li>\n<li>Huuhtele painepesurilla tai mieluummin vesiletkulla.<\/li>\n<li>Pinnat voidaan lopuksi kuivata hyv\u00e4laatuisella s\u00e4\u00e4misk\u00e4ll\u00e4 tai mikrokuitukuivausliinalla, joka viel\u00e4 tehostaa pestyjen pintojen kiiltoa.<\/li>\n<\/ol>\n<p>&nbsp;<\/p>\n<p>Tuotenumero: 2131<\/p>\n<p>Tuote on pakattu 5 litran muoviastiaan. Myyntier\u00e4 on yksi (1) laatikko, joka sis\u00e4lt\u00e4\u00e4 4 astiaa. Ammattik\u00e4ytt\u00f6\u00f6n.<\/p>\n","protected":false},"excerpt":{"rendered":"<p><strong>TEHO Autopesu All-in-One <\/strong>on eritt\u00e4in tehokas autoshampoo ja painepesuaine, joka lis\u00e4\u00e4 pintojen kiiltoa. Tuote on eritt\u00e4in tehokas akryylipohjainen autoshampoo, joka j\u00e4tt\u00e4\u00e4 suojaavan molekyylikerroksen ja lis\u00e4\u00e4 pinnan kiiltoa. Tuote on suunniteltu ammattik\u00e4ytt\u00f6\u00f6n Suomen olosuhteisiin. Voidaan k\u00e4ytt\u00e4\u00e4 ajoneuvojen esipesussa\/painepesussa, sek\u00e4 k\u00e4sinpesussa sienell\u00e4 tai pesukintaalla.<\/p>\n[maxbutton id=\"2\" url=\"https:\/\/www.hitech.fi\/hitech\/wp-content\/uploads\/2023\/12\/TEHO_Autopesu_All_In_One_web.pdf\" text=\"Lataa tuotekortti\" window=\"new\" ]\n","protected":false},"featured_media":367,"comment_status":"closed","ping_status":"closed","template":"","meta":[],"product_brand":[],"product_cat":[134,118,96,133],"product_tag":[],"class_list":{"0":"post-796","1":"product","2":"type-product","3":"status-publish","4":"has-post-thumbnail","6":"product_cat-kalusto-ja-ajoneuvot","7":"product_cat-kalustonpesu","8":"product_cat-pesuaineet","9":"product_cat-toimialat","11":"first","12":"instock","13":"shipping-taxable","14":"product-type-simple"},"yoast_head":"<!-- This site is optimized with the Yoast SEO plugin v24.3 - https:\/\/yoast.com\/wordpress\/plugins\/seo\/ -->\n<title>TEHO Autopesu All-in-One -autoshampoo | Hitech Chemicals<\/title>\n<meta name=\"robots\" content=\"index, follow, max-snippet:-1, max-image-preview:large, max-video-preview:-1\" \/>\n<link rel=\"canonical\" href=\"https:\/\/www.hitech.fi\/hitech\/product\/teho-autopesu-all-in-one-autoshampoo\/\" \/>\n<meta property=\"og:locale\" content=\"fi_FI\" \/>\n<meta property=\"og:type\" content=\"article\" \/>\n<meta property=\"og:title\" content=\"TEHO Autopesu All-in-One -autoshampoo | Hitech Chemicals\" \/>\n<meta property=\"og:description\" content=\"TEHO Autopesu All-in-One on eritt\u00e4in tehokas autoshampoo ja painepesuaine, joka lis\u00e4\u00e4 pintojen kiiltoa. Tuote on eritt\u00e4in tehokas akryylipohjainen autoshampoo, joka j\u00e4tt\u00e4\u00e4 suojaavan molekyylikerroksen ja lis\u00e4\u00e4 pinnan kiiltoa. Tuote on suunniteltu ammattik\u00e4ytt\u00f6\u00f6n Suomen olosuhteisiin. Voidaan k\u00e4ytt\u00e4\u00e4 ajoneuvojen esipesussa\/painepesussa, sek\u00e4 k\u00e4sinpesussa sienell\u00e4 tai pesukintaalla.\" \/>\n<meta property=\"og:url\" content=\"https:\/\/www.hitech.fi\/hitech\/product\/teho-autopesu-all-in-one-autoshampoo\/\" \/>\n<meta property=\"og:site_name\" content=\"Hitech Chemicals\" \/>\n<meta property=\"article:publisher\" content=\"https:\/\/www.facebook.com\/hitechfinland\" \/>\n<meta property=\"article:modified_time\" content=\"2024-05-10T11:18:37+00:00\" \/>\n<meta property=\"og:image\" content=\"https:\/\/www.hitech.fi\/hitech\/wp-content\/uploads\/2017\/08\/Hires_Teho_Autopesu_AIO.jpg\" \/>\n\t<meta property=\"og:image:width\" content=\"1024\" \/>\n\t<meta property=\"og:image:height\" content=\"1024\" \/>\n\t<meta property=\"og:image:type\" content=\"image\/jpeg\" \/>\n<meta name=\"twitter:card\" content=\"summary_large_image\" \/>\n<meta name=\"twitter:label1\" content=\"Arvioitu lukuaika\" \/>\n\t<meta name=\"twitter:data1\" content=\"2 minuuttia\" \/>\n<script type=\"application\/ld+json\" class=\"yoast-schema-graph\">{\"@context\":\"https:\/\/schema.org\",\"@graph\":[{\"@type\":\"WebPage\",\"@id\":\"https:\/\/www.hitech.fi\/hitech\/product\/teho-autopesu-all-in-one-autoshampoo\/\",\"url\":\"https:\/\/www.hitech.fi\/hitech\/product\/teho-autopesu-all-in-one-autoshampoo\/\",\"name\":\"TEHO Autopesu All-in-One -autoshampoo | Hitech Chemicals\",\"isPartOf\":{\"@id\":\"https:\/\/www.hitech.fi\/hitech\/#website\"},\"primaryImageOfPage\":{\"@id\":\"https:\/\/www.hitech.fi\/hitech\/product\/teho-autopesu-all-in-one-autoshampoo\/#primaryimage\"},\"image\":{\"@id\":\"https:\/\/www.hitech.fi\/hitech\/product\/teho-autopesu-all-in-one-autoshampoo\/#primaryimage\"},\"thumbnailUrl\":\"https:\/\/www.hitech.fi\/hitech\/wp-content\/uploads\/2017\/08\/Hires_Teho_Autopesu_AIO.jpg\",\"datePublished\":\"2023-10-18T04:37:58+00:00\",\"dateModified\":\"2024-05-10T11:18:37+00:00\",\"breadcrumb\":{\"@id\":\"https:\/\/www.hitech.fi\/hitech\/product\/teho-autopesu-all-in-one-autoshampoo\/#breadcrumb\"},\"inLanguage\":\"fi\",\"potentialAction\":[{\"@type\":\"ReadAction\",\"target\":[\"https:\/\/www.hitech.fi\/hitech\/product\/teho-autopesu-all-in-one-autoshampoo\/\"]}]},{\"@type\":\"ImageObject\",\"inLanguage\":\"fi\",\"@id\":\"https:\/\/www.hitech.fi\/hitech\/product\/teho-autopesu-all-in-one-autoshampoo\/#primaryimage\",\"url\":\"https:\/\/www.hitech.fi\/hitech\/wp-content\/uploads\/2017\/08\/Hires_Teho_Autopesu_AIO.jpg\",\"contentUrl\":\"https:\/\/www.hitech.fi\/hitech\/wp-content\/uploads\/2017\/08\/Hires_Teho_Autopesu_AIO.jpg\",\"width\":1024,\"height\":1024,\"caption\":\"TEHO Autopesu all-in-one autoshampoo ja painepesuaine\"},{\"@type\":\"BreadcrumbList\",\"@id\":\"https:\/\/www.hitech.fi\/hitech\/product\/teho-autopesu-all-in-one-autoshampoo\/#breadcrumb\",\"itemListElement\":[{\"@type\":\"ListItem\",\"position\":1,\"name\":\"Etusivu\",\"item\":\"https:\/\/www.hitech.fi\/hitech\/\"},{\"@type\":\"ListItem\",\"position\":2,\"name\":\"Katalogi\",\"item\":\"https:\/\/www.hitech.fi\/hitech\/katalogi\/\"},{\"@type\":\"ListItem\",\"position\":3,\"name\":\"TEHO Autopesu All-in-One -autoshampoo\"}]},{\"@type\":\"WebSite\",\"@id\":\"https:\/\/www.hitech.fi\/hitech\/#website\",\"url\":\"https:\/\/www.hitech.fi\/hitech\/\",\"name\":\"Hitech Chemicals\",\"description\":\"Puhdistusaineet ja huoltotuotteet\",\"publisher\":{\"@id\":\"https:\/\/www.hitech.fi\/hitech\/#organization\"},\"potentialAction\":[{\"@type\":\"SearchAction\",\"target\":{\"@type\":\"EntryPoint\",\"urlTemplate\":\"https:\/\/www.hitech.fi\/hitech\/?s={search_term_string}\"},\"query-input\":{\"@type\":\"PropertyValueSpecification\",\"valueRequired\":true,\"valueName\":\"search_term_string\"}}],\"inLanguage\":\"fi\"},{\"@type\":\"Organization\",\"@id\":\"https:\/\/www.hitech.fi\/hitech\/#organization\",\"name\":\"Hitech Chemicals\",\"alternateName\":\"Hitech\",\"url\":\"https:\/\/www.hitech.fi\/hitech\/\",\"logo\":{\"@type\":\"ImageObject\",\"inLanguage\":\"fi\",\"@id\":\"https:\/\/www.hitech.fi\/hitech\/#\/schema\/logo\/image\/\",\"url\":\"https:\/\/www.hitech.fi\/hitech\/wp-content\/uploads\/2023\/06\/cropped-hitech_logo_600x600.png\",\"contentUrl\":\"https:\/\/www.hitech.fi\/hitech\/wp-content\/uploads\/2023\/06\/cropped-hitech_logo_600x600.png\",\"width\":512,\"height\":512,\"caption\":\"Hitech Chemicals\"},\"image\":{\"@id\":\"https:\/\/www.hitech.fi\/hitech\/#\/schema\/logo\/image\/\"},\"sameAs\":[\"https:\/\/www.facebook.com\/hitechfinland\"]}]}<\/script>\n<!-- \/ Yoast SEO plugin. -->","yoast_head_json":{"title":"TEHO Autopesu All-in-One -autoshampoo | Hitech Chemicals","robots":{"index":"index","follow":"follow","max-snippet":"max-snippet:-1","max-image-preview":"max-image-preview:large","max-video-preview":"max-video-preview:-1"},"canonical":"https:\/\/www.hitech.fi\/hitech\/product\/teho-autopesu-all-in-one-autoshampoo\/","og_locale":"fi_FI","og_type":"article","og_title":"TEHO Autopesu All-in-One -autoshampoo | Hitech Chemicals","og_description":"TEHO Autopesu All-in-One on eritt\u00e4in tehokas autoshampoo ja painepesuaine, joka lis\u00e4\u00e4 pintojen kiiltoa. Tuote on eritt\u00e4in tehokas akryylipohjainen autoshampoo, joka j\u00e4tt\u00e4\u00e4 suojaavan molekyylikerroksen ja lis\u00e4\u00e4 pinnan kiiltoa. Tuote on suunniteltu ammattik\u00e4ytt\u00f6\u00f6n Suomen olosuhteisiin. Voidaan k\u00e4ytt\u00e4\u00e4 ajoneuvojen esipesussa\/painepesussa, sek\u00e4 k\u00e4sinpesussa sienell\u00e4 tai pesukintaalla.","og_url":"https:\/\/www.hitech.fi\/hitech\/product\/teho-autopesu-all-in-one-autoshampoo\/","og_site_name":"Hitech Chemicals","article_publisher":"https:\/\/www.facebook.com\/hitechfinland","article_modified_time":"2024-05-10T11:18:37+00:00","og_image":[{"width":1024,"height":1024,"url":"https:\/\/www.hitech.fi\/hitech\/wp-content\/uploads\/2017\/08\/Hires_Teho_Autopesu_AIO.jpg","type":"image\/jpeg"}],"twitter_card":"summary_large_image","twitter_misc":{"Arvioitu lukuaika":"2 minuuttia"},"schema":{"@context":"https:\/\/schema.org","@graph":[{"@type":"WebPage","@id":"https:\/\/www.hitech.fi\/hitech\/product\/teho-autopesu-all-in-one-autoshampoo\/","url":"https:\/\/www.hitech.fi\/hitech\/product\/teho-autopesu-all-in-one-autoshampoo\/","name":"TEHO Autopesu All-in-One -autoshampoo | Hitech Chemicals","isPartOf":{"@id":"https:\/\/www.hitech.fi\/hitech\/#website"},"primaryImageOfPage":{"@id":"https:\/\/www.hitech.fi\/hitech\/product\/teho-autopesu-all-in-one-autoshampoo\/#primaryimage"},"image":{"@id":"https:\/\/www.hitech.fi\/hitech\/product\/teho-autopesu-all-in-one-autoshampoo\/#primaryimage"},"thumbnailUrl":"https:\/\/www.hitech.fi\/hitech\/wp-content\/uploads\/2017\/08\/Hires_Teho_Autopesu_AIO.jpg","datePublished":"2023-10-18T04:37:58+00:00","dateModified":"2024-05-10T11:18:37+00:00","breadcrumb":{"@id":"https:\/\/www.hitech.fi\/hitech\/product\/teho-autopesu-all-in-one-autoshampoo\/#breadcrumb"},"inLanguage":"fi","potentialAction":[{"@type":"ReadAction","target":["https:\/\/www.hitech.fi\/hitech\/product\/teho-autopesu-all-in-one-autoshampoo\/"]}]},{"@type":"ImageObject","inLanguage":"fi","@id":"https:\/\/www.hitech.fi\/hitech\/product\/teho-autopesu-all-in-one-autoshampoo\/#primaryimage","url":"https:\/\/www.hitech.fi\/hitech\/wp-content\/uploads\/2017\/08\/Hires_Teho_Autopesu_AIO.jpg","contentUrl":"https:\/\/www.hitech.fi\/hitech\/wp-content\/uploads\/2017\/08\/Hires_Teho_Autopesu_AIO.jpg","width":1024,"height":1024,"caption":"TEHO Autopesu all-in-one autoshampoo ja painepesuaine"},{"@type":"BreadcrumbList","@id":"https:\/\/www.hitech.fi\/hitech\/product\/teho-autopesu-all-in-one-autoshampoo\/#breadcrumb","itemListElement":[{"@type":"ListItem","position":1,"name":"Etusivu","item":"https:\/\/www.hitech.fi\/hitech\/"},{"@type":"ListItem","position":2,"name":"Katalogi","item":"https:\/\/www.hitech.fi\/hitech\/katalogi\/"},{"@type":"ListItem","position":3,"name":"TEHO Autopesu All-in-One -autoshampoo"}]},{"@type":"WebSite","@id":"https:\/\/www.hitech.fi\/hitech\/#website","url":"https:\/\/www.hitech.fi\/hitech\/","name":"Hitech Chemicals","description":"Puhdistusaineet ja huoltotuotteet","publisher":{"@id":"https:\/\/www.hitech.fi\/hitech\/#organization"},"potentialAction":[{"@type":"SearchAction","target":{"@type":"EntryPoint","urlTemplate":"https:\/\/www.hitech.fi\/hitech\/?s={search_term_string}"},"query-input":{"@type":"PropertyValueSpecification","valueRequired":true,"valueName":"search_term_string"}}],"inLanguage":"fi"},{"@type":"Organization","@id":"https:\/\/www.hitech.fi\/hitech\/#organization","name":"Hitech Chemicals","alternateName":"Hitech","url":"https:\/\/www.hitech.fi\/hitech\/","logo":{"@type":"ImageObject","inLanguage":"fi","@id":"https:\/\/www.hitech.fi\/hitech\/#\/schema\/logo\/image\/","url":"https:\/\/www.hitech.fi\/hitech\/wp-content\/uploads\/2023\/06\/cropped-hitech_logo_600x600.png","contentUrl":"https:\/\/www.hitech.fi\/hitech\/wp-content\/uploads\/2023\/06\/cropped-hitech_logo_600x600.png","width":512,"height":512,"caption":"Hitech Chemicals"},"image":{"@id":"https:\/\/www.hitech.fi\/hitech\/#\/schema\/logo\/image\/"},"sameAs":["https:\/\/www.facebook.com\/hitechfinland"]}]}},"_links":{"self":[{"href":"https:\/\/www.hitech.fi\/hitech\/wp-json\/wp\/v2\/product\/796","targetHints":{"allow":["GET"]}}],"collection":[{"href":"https:\/\/www.hitech.fi\/hitech\/wp-json\/wp\/v2\/product"}],"about":[{"href":"https:\/\/www.hitech.fi\/hitech\/wp-json\/wp\/v2\/types\/product"}],"replies":[{"embeddable":true,"href":"https:\/\/www.hitech.fi\/hitech\/wp-json\/wp\/v2\/comments?post=796"}],"wp:featuredmedia":[{"embeddable":true,"href":"https:\/\/www.hitech.fi\/hitech\/wp-json\/wp\/v2\/media\/367"}],"wp:attachment":[{"href":"https:\/\/www.hitech.fi\/hitech\/wp-json\/wp\/v2\/media?parent=796"}],"wp:term":[{"taxonomy":"product_brand","embeddable":true,"href":"https:\/\/www.hitech.fi\/hitech\/wp-json\/wp\/v2\/product_brand?post=796"},{"taxonomy":"product_cat","embeddable":true,"href":"https:\/\/www.hitech.fi\/hitech\/wp-json\/wp\/v2\/product_cat?post=796"},{"taxonomy":"product_tag","embeddable":true,"href":"https:\/\/www.hitech.fi\/hitech\/wp-json\/wp\/v2\/product_tag?post=796"}],"curies":[{"name":"wp","href":"https:\/\/api.w.org\/{rel}","templated":true}]}}