{"id":794,"date":"2023-10-18T07:33:29","date_gmt":"2023-10-18T04:33:29","guid":{"rendered":"https:\/\/www.hitech.fi\/hitech\/?post_type=product&#038;p=794"},"modified":"2024-05-10T14:19:18","modified_gmt":"2024-05-10T11:19:18","slug":"teho-anti-graffiti-protect-graffitinsuoja-aine","status":"publish","type":"product","link":"https:\/\/www.hitech.fi\/hitech\/product\/teho-anti-graffiti-protect-graffitinsuoja-aine\/","title":{"rendered":"TEHO Anti-Graffiti Protect -graffitinsuoja-aine"},"content":{"rendered":"<p><strong>Eritt\u00e4in tehokas kovien ja huokoisten pintojen graffitien ja t\u00f6hryjen suoja-aine. Tuote on vesipohjainen suoja-aine, joka muodostaa pitk\u00e4kestoisen suojan koville ja huokoisille pinnoille graffiteja, t\u00f6hryj\u00e4, s\u00e4\u00e4olosuhteita ja ilmansaasteita vastaan. <\/strong><\/p>\n<p>Voidaan k\u00e4ytt\u00e4\u00e4 sek\u00e4 sis\u00e4- ett\u00e4 ulkotiloissa mm. betoni-, tiili-, kivi, ym. \u2013pintojen suojaukseen. Tuote muodostaa l\u00e4pin\u00e4kyv\u00e4n yleens\u00e4 l\u00e4hes huomaamattoman suojakalvon, joka est\u00e4\u00e4 graffitien ja t\u00f6hryjen p\u00e4\u00e4syn itse k\u00e4sitelt\u00e4v\u00e4\u00e4n pintaan.<\/p>\n<p>Pesun yhteydess\u00e4 suojakalvoon tarttunut graffiti tai t\u00f6hry irtoaa helposti k\u00e4ytett\u00e4ess\u00e4 esim. Hitech Chemicals TEHO-tuotesarjan maalin, graffitien ja t\u00f6hryjen poistoaineita.<\/p>\n<p><strong>HUOM. AMMATTIK\u00c4YTT\u00d6\u00d6N!<\/strong><\/p>\n<p><strong>K\u00c4YTT\u00d6OHJE:<\/strong><\/p>\n<ol>\n<li>Esivalmistelut: Poista graffiti, t\u00f6hryt, maali, lika, vaha tai \u00f6ljy k\u00e4sitelt\u00e4v\u00e4lt\u00e4 pinnalta.<\/li>\n<li>Levitet\u00e4\u00e4n suoja-aine pinnalle harjalla, telalla tai ruiskuttamalla. Tuote levitet\u00e4\u00e4n raakana. Lis\u00e4\u00e4 v\u00e4hint\u00e4\u00e4n 2 kerrosta, betonipinnoille mieluiten 3 kerrosta. K\u00e4sittely l\u00e4mp\u00f6tila +5\u00b0C \u2013 40\u00b0C.<\/li>\n<li>Kontaktiaika: T\u00e4ysin veden ja graffitinpit\u00e4v\u00e4 suoja 2 tuntia k\u00e4sittelyst\u00e4. Kuivumisaika normaalisti 4 tuntia. Optimaalinen suoja saavutetaan 72 tunnin j\u00e4lkeen.<\/li>\n<li>Tuotteen kulutus riippuu k\u00e4sitelt\u00e4v\u00e4n pinnan huokoisuudesta. Kulutus keskim\u00e4\u00e4rin 0,125 \u2013 0,25 litraa\/m2.<\/li>\n<li>Pinnan puhdistus graffien tai t\u00f6hryjen j\u00e4lkeen: Suositellaan k\u00e4ytett\u00e4v\u00e4ksi Hitech Chemicals TEHO-tuotesarjan maalin, graffitien ja t\u00f6hryjen poistoaineita. Osa suojakalvosta irtoaa pesussa, joka on sen tarkoitus; graffiti tai t\u00f6hryt irtoavat suojakalvon mukana.<\/li>\n<li>Uudelleen suojaus: Aiemmin k\u00e4sitellyt pinnat suositellaan suojattavaksi jokaisen t\u00f6hryn poiston j\u00e4lkeen 1-3 k\u00e4sittelykertaa.<\/li>\n<\/ol>\n<p>&nbsp;<\/p>\n<p>Tuotenumero: 304105<\/p>\n<p>Tuote on pakattu 5 litran muoviastiaan. Myyntier\u00e4 on yksi (1) laatikko, joka sis\u00e4lt\u00e4\u00e4 4 astiaa. Ammattik\u00e4ytt\u00f6\u00f6n.<\/p>\n","protected":false},"excerpt":{"rendered":"<p><strong>THO Anti-Graffiti <\/strong>on eritt\u00e4in tehokas kovien ja huokoisten pintojen graffitien ja t\u00f6hryjen suoja-aine. Tuote on vesipohjainen suoja-aine, joka muodostaa pitk\u00e4kestoisen suojan koville ja huokoisille pinnoille graffiteja, t\u00f6hryj\u00e4, s\u00e4\u00e4olosuhteita ja ilmansaasteita vastaan.<\/p>\n[maxbutton id=\"2\" url=\"https:\/\/www.hitech.fi\/hitech\/wp-content\/uploads\/2023\/12\/TEHO_Anti-Grafitti_Protect_web.pdf\" text=\"Lataa tuotekortti\" window=\"new\" ]\n","protected":false},"featured_media":537,"comment_status":"closed","ping_status":"closed","template":"","meta":[],"product_brand":[],"product_cat":[97,134,138,129,133],"product_tag":[],"class_list":{"0":"post-794","1":"product","2":"type-product","3":"status-publish","4":"has-post-thumbnail","6":"product_cat-huoltokemikaalit","7":"product_cat-kalusto-ja-ajoneuvot","8":"product_cat-kiinteistohuolto","9":"product_cat-kiinteistot-ja-ulkopinnat","10":"product_cat-toimialat","12":"first","13":"instock","14":"shipping-taxable","15":"product-type-simple"},"yoast_head":"<!-- This site is optimized with the Yoast SEO plugin v24.3 - https:\/\/yoast.com\/wordpress\/plugins\/seo\/ -->\n<title>TEHO Anti-Graffiti Protect -graffitinsuoja-aine | Hitech Chemicals<\/title>\n<meta name=\"robots\" content=\"index, follow, max-snippet:-1, max-image-preview:large, max-video-preview:-1\" \/>\n<link rel=\"canonical\" href=\"https:\/\/www.hitech.fi\/hitech\/product\/teho-anti-graffiti-protect-graffitinsuoja-aine\/\" \/>\n<meta property=\"og:locale\" content=\"fi_FI\" \/>\n<meta property=\"og:type\" content=\"article\" \/>\n<meta property=\"og:title\" content=\"TEHO Anti-Graffiti Protect -graffitinsuoja-aine | Hitech Chemicals\" \/>\n<meta property=\"og:description\" content=\"THO Anti-Graffiti on eritt\u00e4in tehokas kovien ja huokoisten pintojen graffitien ja t\u00f6hryjen suoja-aine. Tuote on vesipohjainen suoja-aine, joka muodostaa pitk\u00e4kestoisen suojan koville ja huokoisille pinnoille graffiteja, t\u00f6hryj\u00e4, s\u00e4\u00e4olosuhteita ja ilmansaasteita vastaan.\" \/>\n<meta property=\"og:url\" content=\"https:\/\/www.hitech.fi\/hitech\/product\/teho-anti-graffiti-protect-graffitinsuoja-aine\/\" \/>\n<meta property=\"og:site_name\" content=\"Hitech Chemicals\" \/>\n<meta property=\"article:publisher\" content=\"https:\/\/www.facebook.com\/hitechfinland\" \/>\n<meta property=\"article:modified_time\" content=\"2024-05-10T11:19:18+00:00\" \/>\n<meta property=\"og:image\" content=\"https:\/\/www.hitech.fi\/hitech\/wp-content\/uploads\/2020\/03\/hires_TEHO_Anti-Graffiti_Protect.jpg\" \/>\n\t<meta property=\"og:image:width\" content=\"1024\" \/>\n\t<meta property=\"og:image:height\" content=\"1024\" \/>\n\t<meta property=\"og:image:type\" content=\"image\/jpeg\" \/>\n<meta name=\"twitter:card\" content=\"summary_large_image\" \/>\n<meta name=\"twitter:label1\" content=\"Arvioitu lukuaika\" \/>\n\t<meta name=\"twitter:data1\" content=\"2 minuuttia\" \/>\n<script type=\"application\/ld+json\" class=\"yoast-schema-graph\">{\"@context\":\"https:\/\/schema.org\",\"@graph\":[{\"@type\":\"WebPage\",\"@id\":\"https:\/\/www.hitech.fi\/hitech\/product\/teho-anti-graffiti-protect-graffitinsuoja-aine\/\",\"url\":\"https:\/\/www.hitech.fi\/hitech\/product\/teho-anti-graffiti-protect-graffitinsuoja-aine\/\",\"name\":\"TEHO Anti-Graffiti Protect -graffitinsuoja-aine | Hitech Chemicals\",\"isPartOf\":{\"@id\":\"https:\/\/www.hitech.fi\/hitech\/#website\"},\"primaryImageOfPage\":{\"@id\":\"https:\/\/www.hitech.fi\/hitech\/product\/teho-anti-graffiti-protect-graffitinsuoja-aine\/#primaryimage\"},\"image\":{\"@id\":\"https:\/\/www.hitech.fi\/hitech\/product\/teho-anti-graffiti-protect-graffitinsuoja-aine\/#primaryimage\"},\"thumbnailUrl\":\"https:\/\/www.hitech.fi\/hitech\/wp-content\/uploads\/2020\/03\/hires_TEHO_Anti-Graffiti_Protect.jpg\",\"datePublished\":\"2023-10-18T04:33:29+00:00\",\"dateModified\":\"2024-05-10T11:19:18+00:00\",\"breadcrumb\":{\"@id\":\"https:\/\/www.hitech.fi\/hitech\/product\/teho-anti-graffiti-protect-graffitinsuoja-aine\/#breadcrumb\"},\"inLanguage\":\"fi\",\"potentialAction\":[{\"@type\":\"ReadAction\",\"target\":[\"https:\/\/www.hitech.fi\/hitech\/product\/teho-anti-graffiti-protect-graffitinsuoja-aine\/\"]}]},{\"@type\":\"ImageObject\",\"inLanguage\":\"fi\",\"@id\":\"https:\/\/www.hitech.fi\/hitech\/product\/teho-anti-graffiti-protect-graffitinsuoja-aine\/#primaryimage\",\"url\":\"https:\/\/www.hitech.fi\/hitech\/wp-content\/uploads\/2020\/03\/hires_TEHO_Anti-Graffiti_Protect.jpg\",\"contentUrl\":\"https:\/\/www.hitech.fi\/hitech\/wp-content\/uploads\/2020\/03\/hires_TEHO_Anti-Graffiti_Protect.jpg\",\"width\":1024,\"height\":1024,\"caption\":\"TEHO Anti-Graffiti graffitien ja t\u00f6hryjen suoja-aine\"},{\"@type\":\"BreadcrumbList\",\"@id\":\"https:\/\/www.hitech.fi\/hitech\/product\/teho-anti-graffiti-protect-graffitinsuoja-aine\/#breadcrumb\",\"itemListElement\":[{\"@type\":\"ListItem\",\"position\":1,\"name\":\"Etusivu\",\"item\":\"https:\/\/www.hitech.fi\/hitech\/\"},{\"@type\":\"ListItem\",\"position\":2,\"name\":\"Katalogi\",\"item\":\"https:\/\/www.hitech.fi\/hitech\/katalogi\/\"},{\"@type\":\"ListItem\",\"position\":3,\"name\":\"TEHO Anti-Graffiti Protect -graffitinsuoja-aine\"}]},{\"@type\":\"WebSite\",\"@id\":\"https:\/\/www.hitech.fi\/hitech\/#website\",\"url\":\"https:\/\/www.hitech.fi\/hitech\/\",\"name\":\"Hitech Chemicals\",\"description\":\"Puhdistusaineet ja huoltotuotteet\",\"publisher\":{\"@id\":\"https:\/\/www.hitech.fi\/hitech\/#organization\"},\"potentialAction\":[{\"@type\":\"SearchAction\",\"target\":{\"@type\":\"EntryPoint\",\"urlTemplate\":\"https:\/\/www.hitech.fi\/hitech\/?s={search_term_string}\"},\"query-input\":{\"@type\":\"PropertyValueSpecification\",\"valueRequired\":true,\"valueName\":\"search_term_string\"}}],\"inLanguage\":\"fi\"},{\"@type\":\"Organization\",\"@id\":\"https:\/\/www.hitech.fi\/hitech\/#organization\",\"name\":\"Hitech Chemicals\",\"alternateName\":\"Hitech\",\"url\":\"https:\/\/www.hitech.fi\/hitech\/\",\"logo\":{\"@type\":\"ImageObject\",\"inLanguage\":\"fi\",\"@id\":\"https:\/\/www.hitech.fi\/hitech\/#\/schema\/logo\/image\/\",\"url\":\"https:\/\/www.hitech.fi\/hitech\/wp-content\/uploads\/2023\/06\/cropped-hitech_logo_600x600.png\",\"contentUrl\":\"https:\/\/www.hitech.fi\/hitech\/wp-content\/uploads\/2023\/06\/cropped-hitech_logo_600x600.png\",\"width\":512,\"height\":512,\"caption\":\"Hitech Chemicals\"},\"image\":{\"@id\":\"https:\/\/www.hitech.fi\/hitech\/#\/schema\/logo\/image\/\"},\"sameAs\":[\"https:\/\/www.facebook.com\/hitechfinland\"]}]}<\/script>\n<!-- \/ Yoast SEO plugin. -->","yoast_head_json":{"title":"TEHO Anti-Graffiti Protect -graffitinsuoja-aine | Hitech Chemicals","robots":{"index":"index","follow":"follow","max-snippet":"max-snippet:-1","max-image-preview":"max-image-preview:large","max-video-preview":"max-video-preview:-1"},"canonical":"https:\/\/www.hitech.fi\/hitech\/product\/teho-anti-graffiti-protect-graffitinsuoja-aine\/","og_locale":"fi_FI","og_type":"article","og_title":"TEHO Anti-Graffiti Protect -graffitinsuoja-aine | Hitech Chemicals","og_description":"THO Anti-Graffiti on eritt\u00e4in tehokas kovien ja huokoisten pintojen graffitien ja t\u00f6hryjen suoja-aine. Tuote on vesipohjainen suoja-aine, joka muodostaa pitk\u00e4kestoisen suojan koville ja huokoisille pinnoille graffiteja, t\u00f6hryj\u00e4, s\u00e4\u00e4olosuhteita ja ilmansaasteita vastaan.","og_url":"https:\/\/www.hitech.fi\/hitech\/product\/teho-anti-graffiti-protect-graffitinsuoja-aine\/","og_site_name":"Hitech Chemicals","article_publisher":"https:\/\/www.facebook.com\/hitechfinland","article_modified_time":"2024-05-10T11:19:18+00:00","og_image":[{"width":1024,"height":1024,"url":"https:\/\/www.hitech.fi\/hitech\/wp-content\/uploads\/2020\/03\/hires_TEHO_Anti-Graffiti_Protect.jpg","type":"image\/jpeg"}],"twitter_card":"summary_large_image","twitter_misc":{"Arvioitu lukuaika":"2 minuuttia"},"schema":{"@context":"https:\/\/schema.org","@graph":[{"@type":"WebPage","@id":"https:\/\/www.hitech.fi\/hitech\/product\/teho-anti-graffiti-protect-graffitinsuoja-aine\/","url":"https:\/\/www.hitech.fi\/hitech\/product\/teho-anti-graffiti-protect-graffitinsuoja-aine\/","name":"TEHO Anti-Graffiti Protect -graffitinsuoja-aine | Hitech Chemicals","isPartOf":{"@id":"https:\/\/www.hitech.fi\/hitech\/#website"},"primaryImageOfPage":{"@id":"https:\/\/www.hitech.fi\/hitech\/product\/teho-anti-graffiti-protect-graffitinsuoja-aine\/#primaryimage"},"image":{"@id":"https:\/\/www.hitech.fi\/hitech\/product\/teho-anti-graffiti-protect-graffitinsuoja-aine\/#primaryimage"},"thumbnailUrl":"https:\/\/www.hitech.fi\/hitech\/wp-content\/uploads\/2020\/03\/hires_TEHO_Anti-Graffiti_Protect.jpg","datePublished":"2023-10-18T04:33:29+00:00","dateModified":"2024-05-10T11:19:18+00:00","breadcrumb":{"@id":"https:\/\/www.hitech.fi\/hitech\/product\/teho-anti-graffiti-protect-graffitinsuoja-aine\/#breadcrumb"},"inLanguage":"fi","potentialAction":[{"@type":"ReadAction","target":["https:\/\/www.hitech.fi\/hitech\/product\/teho-anti-graffiti-protect-graffitinsuoja-aine\/"]}]},{"@type":"ImageObject","inLanguage":"fi","@id":"https:\/\/www.hitech.fi\/hitech\/product\/teho-anti-graffiti-protect-graffitinsuoja-aine\/#primaryimage","url":"https:\/\/www.hitech.fi\/hitech\/wp-content\/uploads\/2020\/03\/hires_TEHO_Anti-Graffiti_Protect.jpg","contentUrl":"https:\/\/www.hitech.fi\/hitech\/wp-content\/uploads\/2020\/03\/hires_TEHO_Anti-Graffiti_Protect.jpg","width":1024,"height":1024,"caption":"TEHO Anti-Graffiti graffitien ja t\u00f6hryjen suoja-aine"},{"@type":"BreadcrumbList","@id":"https:\/\/www.hitech.fi\/hitech\/product\/teho-anti-graffiti-protect-graffitinsuoja-aine\/#breadcrumb","itemListElement":[{"@type":"ListItem","position":1,"name":"Etusivu","item":"https:\/\/www.hitech.fi\/hitech\/"},{"@type":"ListItem","position":2,"name":"Katalogi","item":"https:\/\/www.hitech.fi\/hitech\/katalogi\/"},{"@type":"ListItem","position":3,"name":"TEHO Anti-Graffiti Protect -graffitinsuoja-aine"}]},{"@type":"WebSite","@id":"https:\/\/www.hitech.fi\/hitech\/#website","url":"https:\/\/www.hitech.fi\/hitech\/","name":"Hitech Chemicals","description":"Puhdistusaineet ja huoltotuotteet","publisher":{"@id":"https:\/\/www.hitech.fi\/hitech\/#organization"},"potentialAction":[{"@type":"SearchAction","target":{"@type":"EntryPoint","urlTemplate":"https:\/\/www.hitech.fi\/hitech\/?s={search_term_string}"},"query-input":{"@type":"PropertyValueSpecification","valueRequired":true,"valueName":"search_term_string"}}],"inLanguage":"fi"},{"@type":"Organization","@id":"https:\/\/www.hitech.fi\/hitech\/#organization","name":"Hitech Chemicals","alternateName":"Hitech","url":"https:\/\/www.hitech.fi\/hitech\/","logo":{"@type":"ImageObject","inLanguage":"fi","@id":"https:\/\/www.hitech.fi\/hitech\/#\/schema\/logo\/image\/","url":"https:\/\/www.hitech.fi\/hitech\/wp-content\/uploads\/2023\/06\/cropped-hitech_logo_600x600.png","contentUrl":"https:\/\/www.hitech.fi\/hitech\/wp-content\/uploads\/2023\/06\/cropped-hitech_logo_600x600.png","width":512,"height":512,"caption":"Hitech Chemicals"},"image":{"@id":"https:\/\/www.hitech.fi\/hitech\/#\/schema\/logo\/image\/"},"sameAs":["https:\/\/www.facebook.com\/hitechfinland"]}]}},"_links":{"self":[{"href":"https:\/\/www.hitech.fi\/hitech\/wp-json\/wp\/v2\/product\/794","targetHints":{"allow":["GET"]}}],"collection":[{"href":"https:\/\/www.hitech.fi\/hitech\/wp-json\/wp\/v2\/product"}],"about":[{"href":"https:\/\/www.hitech.fi\/hitech\/wp-json\/wp\/v2\/types\/product"}],"replies":[{"embeddable":true,"href":"https:\/\/www.hitech.fi\/hitech\/wp-json\/wp\/v2\/comments?post=794"}],"wp:featuredmedia":[{"embeddable":true,"href":"https:\/\/www.hitech.fi\/hitech\/wp-json\/wp\/v2\/media\/537"}],"wp:attachment":[{"href":"https:\/\/www.hitech.fi\/hitech\/wp-json\/wp\/v2\/media?parent=794"}],"wp:term":[{"taxonomy":"product_brand","embeddable":true,"href":"https:\/\/www.hitech.fi\/hitech\/wp-json\/wp\/v2\/product_brand?post=794"},{"taxonomy":"product_cat","embeddable":true,"href":"https:\/\/www.hitech.fi\/hitech\/wp-json\/wp\/v2\/product_cat?post=794"},{"taxonomy":"product_tag","embeddable":true,"href":"https:\/\/www.hitech.fi\/hitech\/wp-json\/wp\/v2\/product_tag?post=794"}],"curies":[{"name":"wp","href":"https:\/\/api.w.org\/{rel}","templated":true}]}}