{"id":789,"date":"2023-10-17T13:56:38","date_gmt":"2023-10-17T10:56:38","guid":{"rendered":"https:\/\/www.hitech.fi\/hitech\/?post_type=product&#038;p=789"},"modified":"2024-05-10T14:21:08","modified_gmt":"2024-05-10T11:21:08","slug":"teho-puhdistusliina-arctic","status":"publish","type":"product","link":"https:\/\/www.hitech.fi\/hitech\/product\/teho-puhdistusliina-arctic\/","title":{"rendered":"TEHO Puhdistusliina Arctic"},"content":{"rendered":"<p><strong>Eritt\u00e4in tehokas ja j\u00e4\u00e4tym\u00e4t\u00f6n puhdistusliina, joka soveltuu ymp\u00e4rivuotiseen k\u00e4ytt\u00f6\u00f6n.<\/strong><\/p>\n<p><strong>TEHO Puhdistusliina Arctic on kehitetty Pohjoismaisiin olosuhteisiin. <\/strong>Tuote on eritt\u00e4in tehokas puhdistusliina, joka puhdistaa kovilta pinnoilta rasvaa, painov\u00e4ri\u00e4, tarraliimoja, \u00f6ljy\u00e4, nokea, maalitahroja, tussij\u00e4lki\u00e4, yms. Puhdistaa k\u00e4det ilman vett\u00e4. Soveltuu erinomaisesti liikkuvien huoltomiesten k\u00e4ytt\u00f6\u00f6n ja k\u00e4ytt\u00f6kohteisiin, joissa vett\u00e4 ei ole saatavilla tai vett\u00e4 ei voida k\u00e4ytt\u00e4\u00e4. Soveltuu my\u00f6s lasipintojen puhdistukseen.<\/p>\n<p>TEHO Puhdistusliina Arctic on alkoholipohjainen tuote, joka my\u00f6s desinfioi pintoja.<\/p>\n<p><strong>\u00a0<\/strong><\/p>\n<p><strong>Varastointil\u00e4mp\u00f6tila -35\u00b0C \u2013 +40\u00b0C, suositeltava k\u00e4ytt\u00f6l\u00e4mp\u00f6tila -25\u00b0C &#8211; +40\u00b0C. Pakkaus sis\u00e4lt\u00e4\u00e4 150 kpl k\u00e4ytt\u00f6valmiita puhdistusliinoja.<\/strong><\/p>\n<p><strong>\u00a0HUOM. AMMATTIK\u00c4YTT\u00d6\u00d6N!<\/strong><\/p>\n<p><strong>K\u00c4YTT\u00d6OHJE:<\/strong><\/p>\n<ol>\n<li>Avaa kannen korkki ja ota pakkauksesta puhdistusliina.<\/li>\n<li>Sulje korkki huolellisesti v\u00e4litt\u00f6m\u00e4sti k\u00e4yt\u00f6n j\u00e4lkeen, jotta tuotteen sis\u00e4lt\u00e4m\u00e4 alkoholi ei haihdu pakkauksesta.<\/li>\n<li>Pyyhi puhdistettavat pinnat tai k\u00e4det.<\/li>\n<li>HUOM! Ei suositella herkille muovipinnoille (esim. tietokoneiden LCD- tai vastaavat n\u00e4yt\u00f6t). Jos ep\u00e4ilet puhdistettavan pinnan kest\u00e4vyytt\u00e4, testaa ensin pienelle alueelle.<\/li>\n<\/ol>\n<p>Tuotenumero: 1073<\/p>\n<p>Tuote on pakattu kannelliseen muoviastiaan, jossa on 150 puhdistusliinaa. Myyntier\u00e4 on yksi (1) laatikko, joka sis\u00e4lt\u00e4\u00e4 4 muoviastiaa. Ammattik\u00e4ytt\u00f6\u00f6n.<\/p>\n","protected":false},"excerpt":{"rendered":"<p><strong>TEHO Puhdistusliina Arctic on kehitetty Pohjoismaisiin olosuhteisiin. <\/strong>Tuote on eritt\u00e4in tehokas puhdistusliina, joka puhdistaa kovilta pinnoilta rasvaa, painov\u00e4ri\u00e4, tarraliimoja, \u00f6ljy\u00e4, nokea, maalitahroja, tussij\u00e4lki\u00e4, yms. Puhdistaa k\u00e4det ilman vett\u00e4. Soveltuu erinomaisesti liikkuvien huoltomiesten k\u00e4ytt\u00f6\u00f6n ja k\u00e4ytt\u00f6kohteisiin, joissa vett\u00e4 ei ole saatavilla tai vett\u00e4 ei voida k\u00e4ytt\u00e4\u00e4. Soveltuu my\u00f6s lasipintojen puhdistukseen.<\/p>\n[maxbutton id=\"2\" url=\"https:\/\/www.hitech.fi\/hitech\/wp-content\/uploads\/2023\/12\/TEHO_Puhdistusliina_Arctic_web.pdf\" text=\"Lataa tuotekortti\" window=\"new\" ]\n","protected":false},"featured_media":539,"comment_status":"closed","ping_status":"closed","template":"","meta":[],"product_brand":[],"product_cat":[147,134,122,136,138,137,139,106,96,100,135,133],"product_tag":[],"class_list":{"0":"post-789","1":"product","2":"type-product","3":"status-publish","4":"has-post-thumbnail","6":"product_cat-huolto-ja-korjaus","7":"product_cat-kalusto-ja-ajoneuvot","8":"product_cat-kasienpuhdistus","9":"product_cat-keittio-ja-elintarviketeollisuus","10":"product_cat-kiinteistohuolto","11":"product_cat-maatalous","12":"product_cat-metsatalous","13":"product_cat-paperit","14":"product_cat-pesuaineet","15":"product_cat-tarvikkeet","16":"product_cat-teollisuus","17":"product_cat-toimialat","19":"first","20":"instock","21":"shipping-taxable","22":"product-type-simple"},"yoast_head":"<!-- This site is optimized with the Yoast SEO plugin v24.3 - https:\/\/yoast.com\/wordpress\/plugins\/seo\/ -->\n<title>TEHO Puhdistusliina Arctic | Hitech Chemicals<\/title>\n<meta name=\"robots\" content=\"index, follow, max-snippet:-1, max-image-preview:large, max-video-preview:-1\" \/>\n<link rel=\"canonical\" href=\"https:\/\/www.hitech.fi\/hitech\/product\/teho-puhdistusliina-arctic\/\" \/>\n<meta property=\"og:locale\" content=\"fi_FI\" \/>\n<meta property=\"og:type\" content=\"article\" \/>\n<meta property=\"og:title\" content=\"TEHO Puhdistusliina Arctic | Hitech Chemicals\" \/>\n<meta property=\"og:description\" content=\"TEHO Puhdistusliina Arctic on kehitetty Pohjoismaisiin olosuhteisiin. Tuote on eritt\u00e4in tehokas puhdistusliina, joka puhdistaa kovilta pinnoilta rasvaa, painov\u00e4ri\u00e4, tarraliimoja, \u00f6ljy\u00e4, nokea, maalitahroja, tussij\u00e4lki\u00e4, yms. Puhdistaa k\u00e4det ilman vett\u00e4. Soveltuu erinomaisesti liikkuvien huoltomiesten k\u00e4ytt\u00f6\u00f6n ja k\u00e4ytt\u00f6kohteisiin, joissa vett\u00e4 ei ole saatavilla tai vett\u00e4 ei voida k\u00e4ytt\u00e4\u00e4. Soveltuu my\u00f6s lasipintojen puhdistukseen.\" \/>\n<meta property=\"og:url\" content=\"https:\/\/www.hitech.fi\/hitech\/product\/teho-puhdistusliina-arctic\/\" \/>\n<meta property=\"og:site_name\" content=\"Hitech Chemicals\" \/>\n<meta property=\"article:publisher\" content=\"https:\/\/www.facebook.com\/hitechfinland\" \/>\n<meta property=\"article:modified_time\" content=\"2024-05-10T11:21:08+00:00\" \/>\n<meta property=\"og:image\" content=\"https:\/\/www.hitech.fi\/hitech\/wp-content\/uploads\/2020\/03\/hires_TEHO_Puhdistusliina_Arctic_v2.jpg\" \/>\n\t<meta property=\"og:image:width\" content=\"1024\" \/>\n\t<meta property=\"og:image:height\" content=\"1024\" \/>\n\t<meta property=\"og:image:type\" content=\"image\/jpeg\" \/>\n<meta name=\"twitter:card\" content=\"summary_large_image\" \/>\n<meta name=\"twitter:label1\" content=\"Arvioitu lukuaika\" \/>\n\t<meta name=\"twitter:data1\" content=\"1 minuutti\" \/>\n<script type=\"application\/ld+json\" class=\"yoast-schema-graph\">{\"@context\":\"https:\/\/schema.org\",\"@graph\":[{\"@type\":\"WebPage\",\"@id\":\"https:\/\/www.hitech.fi\/hitech\/product\/teho-puhdistusliina-arctic\/\",\"url\":\"https:\/\/www.hitech.fi\/hitech\/product\/teho-puhdistusliina-arctic\/\",\"name\":\"TEHO Puhdistusliina Arctic | Hitech Chemicals\",\"isPartOf\":{\"@id\":\"https:\/\/www.hitech.fi\/hitech\/#website\"},\"primaryImageOfPage\":{\"@id\":\"https:\/\/www.hitech.fi\/hitech\/product\/teho-puhdistusliina-arctic\/#primaryimage\"},\"image\":{\"@id\":\"https:\/\/www.hitech.fi\/hitech\/product\/teho-puhdistusliina-arctic\/#primaryimage\"},\"thumbnailUrl\":\"https:\/\/www.hitech.fi\/hitech\/wp-content\/uploads\/2020\/03\/hires_TEHO_Puhdistusliina_Arctic_v2.jpg\",\"datePublished\":\"2023-10-17T10:56:38+00:00\",\"dateModified\":\"2024-05-10T11:21:08+00:00\",\"breadcrumb\":{\"@id\":\"https:\/\/www.hitech.fi\/hitech\/product\/teho-puhdistusliina-arctic\/#breadcrumb\"},\"inLanguage\":\"fi\",\"potentialAction\":[{\"@type\":\"ReadAction\",\"target\":[\"https:\/\/www.hitech.fi\/hitech\/product\/teho-puhdistusliina-arctic\/\"]}]},{\"@type\":\"ImageObject\",\"inLanguage\":\"fi\",\"@id\":\"https:\/\/www.hitech.fi\/hitech\/product\/teho-puhdistusliina-arctic\/#primaryimage\",\"url\":\"https:\/\/www.hitech.fi\/hitech\/wp-content\/uploads\/2020\/03\/hires_TEHO_Puhdistusliina_Arctic_v2.jpg\",\"contentUrl\":\"https:\/\/www.hitech.fi\/hitech\/wp-content\/uploads\/2020\/03\/hires_TEHO_Puhdistusliina_Arctic_v2.jpg\",\"width\":1024,\"height\":1024,\"caption\":\"TEHO Puhdistusliina Arctic j\u00e4\u00e4tym\u00e4t\u00f6n liina\"},{\"@type\":\"BreadcrumbList\",\"@id\":\"https:\/\/www.hitech.fi\/hitech\/product\/teho-puhdistusliina-arctic\/#breadcrumb\",\"itemListElement\":[{\"@type\":\"ListItem\",\"position\":1,\"name\":\"Etusivu\",\"item\":\"https:\/\/www.hitech.fi\/hitech\/\"},{\"@type\":\"ListItem\",\"position\":2,\"name\":\"Katalogi\",\"item\":\"https:\/\/www.hitech.fi\/hitech\/katalogi\/\"},{\"@type\":\"ListItem\",\"position\":3,\"name\":\"TEHO Puhdistusliina Arctic\"}]},{\"@type\":\"WebSite\",\"@id\":\"https:\/\/www.hitech.fi\/hitech\/#website\",\"url\":\"https:\/\/www.hitech.fi\/hitech\/\",\"name\":\"Hitech Chemicals\",\"description\":\"Puhdistusaineet ja huoltotuotteet\",\"publisher\":{\"@id\":\"https:\/\/www.hitech.fi\/hitech\/#organization\"},\"potentialAction\":[{\"@type\":\"SearchAction\",\"target\":{\"@type\":\"EntryPoint\",\"urlTemplate\":\"https:\/\/www.hitech.fi\/hitech\/?s={search_term_string}\"},\"query-input\":{\"@type\":\"PropertyValueSpecification\",\"valueRequired\":true,\"valueName\":\"search_term_string\"}}],\"inLanguage\":\"fi\"},{\"@type\":\"Organization\",\"@id\":\"https:\/\/www.hitech.fi\/hitech\/#organization\",\"name\":\"Hitech Chemicals\",\"alternateName\":\"Hitech\",\"url\":\"https:\/\/www.hitech.fi\/hitech\/\",\"logo\":{\"@type\":\"ImageObject\",\"inLanguage\":\"fi\",\"@id\":\"https:\/\/www.hitech.fi\/hitech\/#\/schema\/logo\/image\/\",\"url\":\"https:\/\/www.hitech.fi\/hitech\/wp-content\/uploads\/2023\/06\/cropped-hitech_logo_600x600.png\",\"contentUrl\":\"https:\/\/www.hitech.fi\/hitech\/wp-content\/uploads\/2023\/06\/cropped-hitech_logo_600x600.png\",\"width\":512,\"height\":512,\"caption\":\"Hitech Chemicals\"},\"image\":{\"@id\":\"https:\/\/www.hitech.fi\/hitech\/#\/schema\/logo\/image\/\"},\"sameAs\":[\"https:\/\/www.facebook.com\/hitechfinland\"]}]}<\/script>\n<!-- \/ Yoast SEO plugin. -->","yoast_head_json":{"title":"TEHO Puhdistusliina Arctic | Hitech Chemicals","robots":{"index":"index","follow":"follow","max-snippet":"max-snippet:-1","max-image-preview":"max-image-preview:large","max-video-preview":"max-video-preview:-1"},"canonical":"https:\/\/www.hitech.fi\/hitech\/product\/teho-puhdistusliina-arctic\/","og_locale":"fi_FI","og_type":"article","og_title":"TEHO Puhdistusliina Arctic | Hitech Chemicals","og_description":"TEHO Puhdistusliina Arctic on kehitetty Pohjoismaisiin olosuhteisiin. Tuote on eritt\u00e4in tehokas puhdistusliina, joka puhdistaa kovilta pinnoilta rasvaa, painov\u00e4ri\u00e4, tarraliimoja, \u00f6ljy\u00e4, nokea, maalitahroja, tussij\u00e4lki\u00e4, yms. Puhdistaa k\u00e4det ilman vett\u00e4. Soveltuu erinomaisesti liikkuvien huoltomiesten k\u00e4ytt\u00f6\u00f6n ja k\u00e4ytt\u00f6kohteisiin, joissa vett\u00e4 ei ole saatavilla tai vett\u00e4 ei voida k\u00e4ytt\u00e4\u00e4. Soveltuu my\u00f6s lasipintojen puhdistukseen.","og_url":"https:\/\/www.hitech.fi\/hitech\/product\/teho-puhdistusliina-arctic\/","og_site_name":"Hitech Chemicals","article_publisher":"https:\/\/www.facebook.com\/hitechfinland","article_modified_time":"2024-05-10T11:21:08+00:00","og_image":[{"width":1024,"height":1024,"url":"https:\/\/www.hitech.fi\/hitech\/wp-content\/uploads\/2020\/03\/hires_TEHO_Puhdistusliina_Arctic_v2.jpg","type":"image\/jpeg"}],"twitter_card":"summary_large_image","twitter_misc":{"Arvioitu lukuaika":"1 minuutti"},"schema":{"@context":"https:\/\/schema.org","@graph":[{"@type":"WebPage","@id":"https:\/\/www.hitech.fi\/hitech\/product\/teho-puhdistusliina-arctic\/","url":"https:\/\/www.hitech.fi\/hitech\/product\/teho-puhdistusliina-arctic\/","name":"TEHO Puhdistusliina Arctic | Hitech Chemicals","isPartOf":{"@id":"https:\/\/www.hitech.fi\/hitech\/#website"},"primaryImageOfPage":{"@id":"https:\/\/www.hitech.fi\/hitech\/product\/teho-puhdistusliina-arctic\/#primaryimage"},"image":{"@id":"https:\/\/www.hitech.fi\/hitech\/product\/teho-puhdistusliina-arctic\/#primaryimage"},"thumbnailUrl":"https:\/\/www.hitech.fi\/hitech\/wp-content\/uploads\/2020\/03\/hires_TEHO_Puhdistusliina_Arctic_v2.jpg","datePublished":"2023-10-17T10:56:38+00:00","dateModified":"2024-05-10T11:21:08+00:00","breadcrumb":{"@id":"https:\/\/www.hitech.fi\/hitech\/product\/teho-puhdistusliina-arctic\/#breadcrumb"},"inLanguage":"fi","potentialAction":[{"@type":"ReadAction","target":["https:\/\/www.hitech.fi\/hitech\/product\/teho-puhdistusliina-arctic\/"]}]},{"@type":"ImageObject","inLanguage":"fi","@id":"https:\/\/www.hitech.fi\/hitech\/product\/teho-puhdistusliina-arctic\/#primaryimage","url":"https:\/\/www.hitech.fi\/hitech\/wp-content\/uploads\/2020\/03\/hires_TEHO_Puhdistusliina_Arctic_v2.jpg","contentUrl":"https:\/\/www.hitech.fi\/hitech\/wp-content\/uploads\/2020\/03\/hires_TEHO_Puhdistusliina_Arctic_v2.jpg","width":1024,"height":1024,"caption":"TEHO Puhdistusliina Arctic j\u00e4\u00e4tym\u00e4t\u00f6n liina"},{"@type":"BreadcrumbList","@id":"https:\/\/www.hitech.fi\/hitech\/product\/teho-puhdistusliina-arctic\/#breadcrumb","itemListElement":[{"@type":"ListItem","position":1,"name":"Etusivu","item":"https:\/\/www.hitech.fi\/hitech\/"},{"@type":"ListItem","position":2,"name":"Katalogi","item":"https:\/\/www.hitech.fi\/hitech\/katalogi\/"},{"@type":"ListItem","position":3,"name":"TEHO Puhdistusliina Arctic"}]},{"@type":"WebSite","@id":"https:\/\/www.hitech.fi\/hitech\/#website","url":"https:\/\/www.hitech.fi\/hitech\/","name":"Hitech Chemicals","description":"Puhdistusaineet ja huoltotuotteet","publisher":{"@id":"https:\/\/www.hitech.fi\/hitech\/#organization"},"potentialAction":[{"@type":"SearchAction","target":{"@type":"EntryPoint","urlTemplate":"https:\/\/www.hitech.fi\/hitech\/?s={search_term_string}"},"query-input":{"@type":"PropertyValueSpecification","valueRequired":true,"valueName":"search_term_string"}}],"inLanguage":"fi"},{"@type":"Organization","@id":"https:\/\/www.hitech.fi\/hitech\/#organization","name":"Hitech Chemicals","alternateName":"Hitech","url":"https:\/\/www.hitech.fi\/hitech\/","logo":{"@type":"ImageObject","inLanguage":"fi","@id":"https:\/\/www.hitech.fi\/hitech\/#\/schema\/logo\/image\/","url":"https:\/\/www.hitech.fi\/hitech\/wp-content\/uploads\/2023\/06\/cropped-hitech_logo_600x600.png","contentUrl":"https:\/\/www.hitech.fi\/hitech\/wp-content\/uploads\/2023\/06\/cropped-hitech_logo_600x600.png","width":512,"height":512,"caption":"Hitech Chemicals"},"image":{"@id":"https:\/\/www.hitech.fi\/hitech\/#\/schema\/logo\/image\/"},"sameAs":["https:\/\/www.facebook.com\/hitechfinland"]}]}},"_links":{"self":[{"href":"https:\/\/www.hitech.fi\/hitech\/wp-json\/wp\/v2\/product\/789","targetHints":{"allow":["GET"]}}],"collection":[{"href":"https:\/\/www.hitech.fi\/hitech\/wp-json\/wp\/v2\/product"}],"about":[{"href":"https:\/\/www.hitech.fi\/hitech\/wp-json\/wp\/v2\/types\/product"}],"replies":[{"embeddable":true,"href":"https:\/\/www.hitech.fi\/hitech\/wp-json\/wp\/v2\/comments?post=789"}],"wp:featuredmedia":[{"embeddable":true,"href":"https:\/\/www.hitech.fi\/hitech\/wp-json\/wp\/v2\/media\/539"}],"wp:attachment":[{"href":"https:\/\/www.hitech.fi\/hitech\/wp-json\/wp\/v2\/media?parent=789"}],"wp:term":[{"taxonomy":"product_brand","embeddable":true,"href":"https:\/\/www.hitech.fi\/hitech\/wp-json\/wp\/v2\/product_brand?post=789"},{"taxonomy":"product_cat","embeddable":true,"href":"https:\/\/www.hitech.fi\/hitech\/wp-json\/wp\/v2\/product_cat?post=789"},{"taxonomy":"product_tag","embeddable":true,"href":"https:\/\/www.hitech.fi\/hitech\/wp-json\/wp\/v2\/product_tag?post=789"}],"curies":[{"name":"wp","href":"https:\/\/api.w.org\/{rel}","templated":true}]}}