{"id":788,"date":"2023-10-17T13:36:08","date_gmt":"2023-10-17T10:36:08","guid":{"rendered":"https:\/\/www.hitech.fi\/hitech\/?post_type=product&#038;p=788"},"modified":"2024-05-10T14:28:26","modified_gmt":"2024-05-10T11:28:26","slug":"teho-ptfe-painerasva","status":"publish","type":"product","link":"https:\/\/www.hitech.fi\/hitech\/product\/teho-ptfe-painerasva\/","title":{"rendered":"TEHO PTFE Painerasva"},"content":{"rendered":"<p><strong>Eritt\u00e4in liukas ja pitk\u00e4kestoinen PTFE korkeapainerasva:<\/strong><\/p>\n<ul>\n<li>Puomien, liukupintojen ja laakereiden voiteluun<\/li>\n<li>Hyv\u00e4\u00e4 voitelevuus ja s\u00e4\u00e4nkesto<\/li>\n<li>Suojaa osia kiinnileikkautumiselta<strong><br \/>\n<\/strong><strong>\u00a0<\/strong><\/li>\n<\/ul>\n<p><strong>TEHO PTFE Painerasva<\/strong> on eritt\u00e4in tehokas korkeapainevoiteluaine ja -rasva, joka pureutuu tehokkaasti vanhan rasvan ja lian l\u00e4pi. Tarttuu eritt\u00e4in lujasti voideltaville pinnoille ja takaa kest\u00e4v\u00e4t voiteluominaisuudet \u00e4\u00e4rimm\u00e4isiss\u00e4 olosuhteissa. Ei tipu.<\/p>\n<p>Voitelee tehokkaasti l\u00e4mp\u00f6tiloissa -20 \u00b0C\u00a0 \u2013 +180 \u00b0C (hetkellisesti +200\u00b0C, j\u00e4\u00e4tymispiste -25\u00b0C). Sis\u00e4lt\u00e4\u00e4 ainutlaatuisen yhdistelm\u00e4n luonnollisia ja synteettisi\u00e4 voiteluaineita. PTFE parantaa voitelukyky\u00e4 ja v\u00e4hent\u00e4\u00e4 merkitt\u00e4v\u00e4sti kitkaa.<\/p>\n<p>Tuote on vett\u00e4hylkiv\u00e4, suojaa korroosiolta ja soveltuu meriolosuhteisiin. Tehokas kiinnileikkautumisen esto ruostumattomalle ter\u00e4kselle, alumiinille ja muille metallipinnoille. V\u00e4rilt\u00e4\u00e4n vaalea.<\/p>\n<p>Voitelee tehokkaasti puomit ja liukupinnat, nivelet, laakerit, ketjut, johteet \/liukukiskot, hammaspy\u00f6r\u00e4t, venttiilit, jne.<\/p>\n<p>Soveltuu k\u00e4ytett\u00e4v\u00e4ksi ajoneuvoissa, koneissa, laivoissa, teollisuudessa ja maataloudessa.<\/p>\n<p><strong><br \/>\nHUOM. AMMATTIK\u00c4YTT\u00d6\u00d6N!<\/strong><\/p>\n<p><strong>K\u00c4YTT\u00d6OHJE: <\/strong><\/p>\n<ol>\n<li>Ravista pulloa hyvin (yli 7 sekuntia) ennen k\u00e4ytt\u00f6\u00e4.<\/li>\n<li>Varmista, ett\u00e4 voideltavan kohteen mahdolliset liikkuvat osat on kytketty pois k\u00e4yt\u00f6st\u00e4.<\/li>\n<li>Suihkuta voitelurasvaa kauttaaltaan voideltavaan kohteeseen.<\/li>\n<li>Anna voitelurasvan tunkeutua ja tarttua voideltavaan kohteeseen sek\u00e4 odota tunkeutuvien aineosien haihtumista ennen kohteen\/koneen\/laitteen k\u00e4ytt\u00f6\u00e4.<\/li>\n<li>Liuottimen haihduttua muodostaa kest\u00e4v\u00e4n voitelupinnan.<\/li>\n<\/ol>\n<p>Tuotenumero: 5084<\/p>\n<p>Tuote on pakattu aerosolipulloon, jonka nettotilavuus on 600ml. Myyntier\u00e4 on yksi (1) laatikko, joka sis\u00e4lt\u00e4\u00e4 12 pulloa. Ammattik\u00e4ytt\u00f6\u00f6n.<\/p>\n","protected":false},"excerpt":{"rendered":"<p><strong>TEHO PTFE Painerasva<\/strong> on eritt\u00e4in tehokas korkeapainevoiteluaine ja -rasva, joka pureutuu tehokkaasti vanhan rasvan ja lian l\u00e4pi. Tarttuu eritt\u00e4in lujasti voideltaville pinnoille ja takaa kest\u00e4v\u00e4t voiteluominaisuudet \u00e4\u00e4rimm\u00e4isiss\u00e4 olosuhteissa. Ei valu.<\/p>\n[maxbutton id=\"2\" url=\"https:\/\/www.hitech.fi\/hitech\/wp-content\/uploads\/2023\/12\/TEHO_PTFE_Painerasva_web.pdf\" text=\"Lataa tuotekortti\" window=\"new\" ]\n","protected":false},"featured_media":582,"comment_status":"closed","ping_status":"closed","template":"","meta":[],"product_brand":[],"product_cat":[110,95,147,134,135,133,111,98],"product_tag":[],"class_list":{"0":"post-788","1":"product","2":"type-product","3":"status-publish","4":"has-post-thumbnail","6":"product_cat-aerosolit","7":"product_cat-aerosolit-ja-sprayt","8":"product_cat-huolto-ja-korjaus","9":"product_cat-kalusto-ja-ajoneuvot","10":"product_cat-teollisuus","11":"product_cat-toimialat","12":"product_cat-voitelu","13":"product_cat-voiteluaineet","15":"first","16":"instock","17":"shipping-taxable","18":"product-type-simple"},"yoast_head":"<!-- This site is optimized with the Yoast SEO plugin v24.3 - https:\/\/yoast.com\/wordpress\/plugins\/seo\/ -->\n<title>TEHO PTFE Painerasva | Hitech Chemicals<\/title>\n<meta name=\"robots\" content=\"index, follow, max-snippet:-1, max-image-preview:large, max-video-preview:-1\" \/>\n<link rel=\"canonical\" href=\"https:\/\/www.hitech.fi\/hitech\/product\/teho-ptfe-painerasva\/\" \/>\n<meta property=\"og:locale\" content=\"fi_FI\" \/>\n<meta property=\"og:type\" content=\"article\" \/>\n<meta property=\"og:title\" content=\"TEHO PTFE Painerasva | Hitech Chemicals\" \/>\n<meta property=\"og:description\" content=\"TEHO PTFE Painerasva on eritt\u00e4in tehokas korkeapainevoiteluaine ja -rasva, joka pureutuu tehokkaasti vanhan rasvan ja lian l\u00e4pi. Tarttuu eritt\u00e4in lujasti voideltaville pinnoille ja takaa kest\u00e4v\u00e4t voiteluominaisuudet \u00e4\u00e4rimm\u00e4isiss\u00e4 olosuhteissa. Ei valu.\" \/>\n<meta property=\"og:url\" content=\"https:\/\/www.hitech.fi\/hitech\/product\/teho-ptfe-painerasva\/\" \/>\n<meta property=\"og:site_name\" content=\"Hitech Chemicals\" \/>\n<meta property=\"article:publisher\" content=\"https:\/\/www.facebook.com\/hitechfinland\" \/>\n<meta property=\"article:modified_time\" content=\"2024-05-10T11:28:26+00:00\" \/>\n<meta property=\"og:image\" content=\"https:\/\/www.hitech.fi\/hitech\/wp-content\/uploads\/2022\/03\/Hires_TEHO_PTFE_Painerasva_v1.jpg\" \/>\n\t<meta property=\"og:image:width\" content=\"1024\" \/>\n\t<meta property=\"og:image:height\" content=\"1024\" \/>\n\t<meta property=\"og:image:type\" content=\"image\/jpeg\" \/>\n<meta name=\"twitter:card\" content=\"summary_large_image\" \/>\n<meta name=\"twitter:label1\" content=\"Arvioitu lukuaika\" \/>\n\t<meta name=\"twitter:data1\" content=\"2 minuuttia\" \/>\n<script type=\"application\/ld+json\" class=\"yoast-schema-graph\">{\"@context\":\"https:\/\/schema.org\",\"@graph\":[{\"@type\":\"WebPage\",\"@id\":\"https:\/\/www.hitech.fi\/hitech\/product\/teho-ptfe-painerasva\/\",\"url\":\"https:\/\/www.hitech.fi\/hitech\/product\/teho-ptfe-painerasva\/\",\"name\":\"TEHO PTFE Painerasva | Hitech Chemicals\",\"isPartOf\":{\"@id\":\"https:\/\/www.hitech.fi\/hitech\/#website\"},\"primaryImageOfPage\":{\"@id\":\"https:\/\/www.hitech.fi\/hitech\/product\/teho-ptfe-painerasva\/#primaryimage\"},\"image\":{\"@id\":\"https:\/\/www.hitech.fi\/hitech\/product\/teho-ptfe-painerasva\/#primaryimage\"},\"thumbnailUrl\":\"https:\/\/www.hitech.fi\/hitech\/wp-content\/uploads\/2022\/03\/Hires_TEHO_PTFE_Painerasva_v1.jpg\",\"datePublished\":\"2023-10-17T10:36:08+00:00\",\"dateModified\":\"2024-05-10T11:28:26+00:00\",\"breadcrumb\":{\"@id\":\"https:\/\/www.hitech.fi\/hitech\/product\/teho-ptfe-painerasva\/#breadcrumb\"},\"inLanguage\":\"fi\",\"potentialAction\":[{\"@type\":\"ReadAction\",\"target\":[\"https:\/\/www.hitech.fi\/hitech\/product\/teho-ptfe-painerasva\/\"]}]},{\"@type\":\"ImageObject\",\"inLanguage\":\"fi\",\"@id\":\"https:\/\/www.hitech.fi\/hitech\/product\/teho-ptfe-painerasva\/#primaryimage\",\"url\":\"https:\/\/www.hitech.fi\/hitech\/wp-content\/uploads\/2022\/03\/Hires_TEHO_PTFE_Painerasva_v1.jpg\",\"contentUrl\":\"https:\/\/www.hitech.fi\/hitech\/wp-content\/uploads\/2022\/03\/Hires_TEHO_PTFE_Painerasva_v1.jpg\",\"width\":1024,\"height\":1024,\"caption\":\"TEHO PTFE Painerasva\"},{\"@type\":\"BreadcrumbList\",\"@id\":\"https:\/\/www.hitech.fi\/hitech\/product\/teho-ptfe-painerasva\/#breadcrumb\",\"itemListElement\":[{\"@type\":\"ListItem\",\"position\":1,\"name\":\"Etusivu\",\"item\":\"https:\/\/www.hitech.fi\/hitech\/\"},{\"@type\":\"ListItem\",\"position\":2,\"name\":\"Katalogi\",\"item\":\"https:\/\/www.hitech.fi\/hitech\/katalogi\/\"},{\"@type\":\"ListItem\",\"position\":3,\"name\":\"TEHO PTFE Painerasva\"}]},{\"@type\":\"WebSite\",\"@id\":\"https:\/\/www.hitech.fi\/hitech\/#website\",\"url\":\"https:\/\/www.hitech.fi\/hitech\/\",\"name\":\"Hitech Chemicals\",\"description\":\"Puhdistusaineet ja huoltotuotteet\",\"publisher\":{\"@id\":\"https:\/\/www.hitech.fi\/hitech\/#organization\"},\"potentialAction\":[{\"@type\":\"SearchAction\",\"target\":{\"@type\":\"EntryPoint\",\"urlTemplate\":\"https:\/\/www.hitech.fi\/hitech\/?s={search_term_string}\"},\"query-input\":{\"@type\":\"PropertyValueSpecification\",\"valueRequired\":true,\"valueName\":\"search_term_string\"}}],\"inLanguage\":\"fi\"},{\"@type\":\"Organization\",\"@id\":\"https:\/\/www.hitech.fi\/hitech\/#organization\",\"name\":\"Hitech Chemicals\",\"alternateName\":\"Hitech\",\"url\":\"https:\/\/www.hitech.fi\/hitech\/\",\"logo\":{\"@type\":\"ImageObject\",\"inLanguage\":\"fi\",\"@id\":\"https:\/\/www.hitech.fi\/hitech\/#\/schema\/logo\/image\/\",\"url\":\"https:\/\/www.hitech.fi\/hitech\/wp-content\/uploads\/2023\/06\/cropped-hitech_logo_600x600.png\",\"contentUrl\":\"https:\/\/www.hitech.fi\/hitech\/wp-content\/uploads\/2023\/06\/cropped-hitech_logo_600x600.png\",\"width\":512,\"height\":512,\"caption\":\"Hitech Chemicals\"},\"image\":{\"@id\":\"https:\/\/www.hitech.fi\/hitech\/#\/schema\/logo\/image\/\"},\"sameAs\":[\"https:\/\/www.facebook.com\/hitechfinland\"]}]}<\/script>\n<!-- \/ Yoast SEO plugin. -->","yoast_head_json":{"title":"TEHO PTFE Painerasva | Hitech Chemicals","robots":{"index":"index","follow":"follow","max-snippet":"max-snippet:-1","max-image-preview":"max-image-preview:large","max-video-preview":"max-video-preview:-1"},"canonical":"https:\/\/www.hitech.fi\/hitech\/product\/teho-ptfe-painerasva\/","og_locale":"fi_FI","og_type":"article","og_title":"TEHO PTFE Painerasva | Hitech Chemicals","og_description":"TEHO PTFE Painerasva on eritt\u00e4in tehokas korkeapainevoiteluaine ja -rasva, joka pureutuu tehokkaasti vanhan rasvan ja lian l\u00e4pi. Tarttuu eritt\u00e4in lujasti voideltaville pinnoille ja takaa kest\u00e4v\u00e4t voiteluominaisuudet \u00e4\u00e4rimm\u00e4isiss\u00e4 olosuhteissa. Ei valu.","og_url":"https:\/\/www.hitech.fi\/hitech\/product\/teho-ptfe-painerasva\/","og_site_name":"Hitech Chemicals","article_publisher":"https:\/\/www.facebook.com\/hitechfinland","article_modified_time":"2024-05-10T11:28:26+00:00","og_image":[{"width":1024,"height":1024,"url":"https:\/\/www.hitech.fi\/hitech\/wp-content\/uploads\/2022\/03\/Hires_TEHO_PTFE_Painerasva_v1.jpg","type":"image\/jpeg"}],"twitter_card":"summary_large_image","twitter_misc":{"Arvioitu lukuaika":"2 minuuttia"},"schema":{"@context":"https:\/\/schema.org","@graph":[{"@type":"WebPage","@id":"https:\/\/www.hitech.fi\/hitech\/product\/teho-ptfe-painerasva\/","url":"https:\/\/www.hitech.fi\/hitech\/product\/teho-ptfe-painerasva\/","name":"TEHO PTFE Painerasva | Hitech Chemicals","isPartOf":{"@id":"https:\/\/www.hitech.fi\/hitech\/#website"},"primaryImageOfPage":{"@id":"https:\/\/www.hitech.fi\/hitech\/product\/teho-ptfe-painerasva\/#primaryimage"},"image":{"@id":"https:\/\/www.hitech.fi\/hitech\/product\/teho-ptfe-painerasva\/#primaryimage"},"thumbnailUrl":"https:\/\/www.hitech.fi\/hitech\/wp-content\/uploads\/2022\/03\/Hires_TEHO_PTFE_Painerasva_v1.jpg","datePublished":"2023-10-17T10:36:08+00:00","dateModified":"2024-05-10T11:28:26+00:00","breadcrumb":{"@id":"https:\/\/www.hitech.fi\/hitech\/product\/teho-ptfe-painerasva\/#breadcrumb"},"inLanguage":"fi","potentialAction":[{"@type":"ReadAction","target":["https:\/\/www.hitech.fi\/hitech\/product\/teho-ptfe-painerasva\/"]}]},{"@type":"ImageObject","inLanguage":"fi","@id":"https:\/\/www.hitech.fi\/hitech\/product\/teho-ptfe-painerasva\/#primaryimage","url":"https:\/\/www.hitech.fi\/hitech\/wp-content\/uploads\/2022\/03\/Hires_TEHO_PTFE_Painerasva_v1.jpg","contentUrl":"https:\/\/www.hitech.fi\/hitech\/wp-content\/uploads\/2022\/03\/Hires_TEHO_PTFE_Painerasva_v1.jpg","width":1024,"height":1024,"caption":"TEHO PTFE Painerasva"},{"@type":"BreadcrumbList","@id":"https:\/\/www.hitech.fi\/hitech\/product\/teho-ptfe-painerasva\/#breadcrumb","itemListElement":[{"@type":"ListItem","position":1,"name":"Etusivu","item":"https:\/\/www.hitech.fi\/hitech\/"},{"@type":"ListItem","position":2,"name":"Katalogi","item":"https:\/\/www.hitech.fi\/hitech\/katalogi\/"},{"@type":"ListItem","position":3,"name":"TEHO PTFE Painerasva"}]},{"@type":"WebSite","@id":"https:\/\/www.hitech.fi\/hitech\/#website","url":"https:\/\/www.hitech.fi\/hitech\/","name":"Hitech Chemicals","description":"Puhdistusaineet ja huoltotuotteet","publisher":{"@id":"https:\/\/www.hitech.fi\/hitech\/#organization"},"potentialAction":[{"@type":"SearchAction","target":{"@type":"EntryPoint","urlTemplate":"https:\/\/www.hitech.fi\/hitech\/?s={search_term_string}"},"query-input":{"@type":"PropertyValueSpecification","valueRequired":true,"valueName":"search_term_string"}}],"inLanguage":"fi"},{"@type":"Organization","@id":"https:\/\/www.hitech.fi\/hitech\/#organization","name":"Hitech Chemicals","alternateName":"Hitech","url":"https:\/\/www.hitech.fi\/hitech\/","logo":{"@type":"ImageObject","inLanguage":"fi","@id":"https:\/\/www.hitech.fi\/hitech\/#\/schema\/logo\/image\/","url":"https:\/\/www.hitech.fi\/hitech\/wp-content\/uploads\/2023\/06\/cropped-hitech_logo_600x600.png","contentUrl":"https:\/\/www.hitech.fi\/hitech\/wp-content\/uploads\/2023\/06\/cropped-hitech_logo_600x600.png","width":512,"height":512,"caption":"Hitech Chemicals"},"image":{"@id":"https:\/\/www.hitech.fi\/hitech\/#\/schema\/logo\/image\/"},"sameAs":["https:\/\/www.facebook.com\/hitechfinland"]}]}},"_links":{"self":[{"href":"https:\/\/www.hitech.fi\/hitech\/wp-json\/wp\/v2\/product\/788","targetHints":{"allow":["GET"]}}],"collection":[{"href":"https:\/\/www.hitech.fi\/hitech\/wp-json\/wp\/v2\/product"}],"about":[{"href":"https:\/\/www.hitech.fi\/hitech\/wp-json\/wp\/v2\/types\/product"}],"replies":[{"embeddable":true,"href":"https:\/\/www.hitech.fi\/hitech\/wp-json\/wp\/v2\/comments?post=788"}],"wp:featuredmedia":[{"embeddable":true,"href":"https:\/\/www.hitech.fi\/hitech\/wp-json\/wp\/v2\/media\/582"}],"wp:attachment":[{"href":"https:\/\/www.hitech.fi\/hitech\/wp-json\/wp\/v2\/media?parent=788"}],"wp:term":[{"taxonomy":"product_brand","embeddable":true,"href":"https:\/\/www.hitech.fi\/hitech\/wp-json\/wp\/v2\/product_brand?post=788"},{"taxonomy":"product_cat","embeddable":true,"href":"https:\/\/www.hitech.fi\/hitech\/wp-json\/wp\/v2\/product_cat?post=788"},{"taxonomy":"product_tag","embeddable":true,"href":"https:\/\/www.hitech.fi\/hitech\/wp-json\/wp\/v2\/product_tag?post=788"}],"curies":[{"name":"wp","href":"https:\/\/api.w.org\/{rel}","templated":true}]}}