{"id":786,"date":"2023-10-17T13:24:59","date_gmt":"2023-10-17T10:24:59","guid":{"rendered":"https:\/\/www.hitech.fi\/hitech\/?post_type=product&#038;p=786"},"modified":"2024-05-10T14:22:56","modified_gmt":"2024-05-10T11:22:56","slug":"teho-orange-cleaner-puhdistusaerosoli","status":"publish","type":"product","link":"https:\/\/www.hitech.fi\/hitech\/product\/teho-orange-cleaner-puhdistusaerosoli\/","title":{"rendered":"TEHO Orange Cleaner+ -puhdistusaerosoli"},"content":{"rendered":"<p>TEHO Orange Cleaner + on orgaaninen, sitrus tuoksuinen, ei-\u00f6ljypohjainen puhdistus- ja rasvanpoistoaerosoli. Se soveltuu erinomaisesti my\u00f6s graffitien ja t\u00f6hryjen poistoon.<\/p>\n<p><strong>TEHO Orange Cleaner + on suunniteltu poistamaan rasva ja lika moottoreista, koneen osista, muoteista, ja muista teollisuuden koneista ja laitteista. Se irrottaa tehokkaasti my\u00f6s pien, asfaltin, pihkan, useat teolliset liimat sek\u00e4 suojarasvat.\u00a0\u00a0\u00a0 <\/strong><\/p>\n<ul>\n<li><strong>TEHO Orange Cleaner +<\/strong> on ymp\u00e4rist\u00f6yst\u00e4v\u00e4llinen<\/li>\n<li>Ei sis\u00e4ll\u00e4 otsonikerrosta vahingoittavia ponneaineita<\/li>\n<li><strong>TEHO Orange Cleaner +<\/strong> tehoaa rasvaan paremmin kuin perinteiset liuottimet ja on yksi markkinoiden tehokkaimpia rasvanpoistoaineista.<\/li>\n<li>Miellytt\u00e4v\u00e4 sitrushedelm\u00e4inen tuoksu<\/li>\n<li>Kaikki tuotteen aineosat ovat biologisesti hajoavia<\/li>\n<\/ul>\n<p><strong>HUOM. AMMATTIK\u00c4YTT\u00d6\u00d6N!<\/strong><\/p>\n<p><strong>K\u00c4YTT\u00d6OHJE:<\/strong><\/p>\n<ul>\n<li>Ravista hyvin<\/li>\n<li>Suihkuta puhdistettavalle pinnalle n. 20 cm et\u00e4isyydelt\u00e4<\/li>\n<li>Anna vaikuttaa hetki ja pyyhi puhtaalla liinalla tai huuhtele vedell\u00e4<\/li>\n<li>Toista k\u00e4sittely tarvittaessa<\/li>\n<li>HUOM! Voi vahingoittaa tiettyj\u00e4 muoveja tai maalattuja pintoja. Testaa ensin pienell\u00e4 alueella.<\/li>\n<\/ul>\n<p>Tuotenumero: 5114<\/p>\n<p>Tuote on pakattu aerosolipulloon, jonka nettotilavuus on 600 ml. Myyntier\u00e4 on yksi (1) laatikko, joka sis\u00e4lt\u00e4\u00e4 12 pulloa. Ammattik\u00e4ytt\u00f6\u00f6n.<\/p>\n","protected":false},"excerpt":{"rendered":"<p><strong>TEHO Orange Cleaner +<\/strong> on orgaaninen, sitrustuoksuinen, ei-\u00f6ljypohjainen puhdistus- ja rasvanpoistoaerosoli. Se soveltuu erinomaisesti my\u00f6s graffitien ja t\u00f6hryjen poistoon. Tuote on suunniteltu poistamaan rasva ja lika moottoreista, koneen osista, muoteista, ja muista teollisuuden koneista ja laitteista. Se irrottaa tehokkaasti my\u00f6s pien, asfaltin, pihkan, useat teolliset liimat sek\u00e4 suojarasvat.<\/p>\n[maxbutton id=\"2\" url=\"https:\/\/www.hitech.fi\/hitech\/wp-content\/uploads\/2023\/12\/TEHO_Orange_Cleaner_web.pdf\" text=\"Lataa tuotekortti\" window=\"new\" ]\n","protected":false},"featured_media":502,"comment_status":"closed","ping_status":"closed","template":"","meta":[],"product_brand":[],"product_cat":[95,147,112,113,135,133],"product_tag":[],"class_list":{"0":"post-786","1":"product","2":"type-product","3":"status-publish","4":"has-post-thumbnail","6":"product_cat-aerosolit-ja-sprayt","7":"product_cat-huolto-ja-korjaus","8":"product_cat-puhdistus","9":"product_cat-rasvanpoistajat","10":"product_cat-teollisuus","11":"product_cat-toimialat","13":"first","14":"instock","15":"shipping-taxable","16":"product-type-simple"},"yoast_head":"<!-- This site is optimized with the Yoast SEO plugin v24.3 - https:\/\/yoast.com\/wordpress\/plugins\/seo\/ -->\n<title>TEHO Orange Cleaner+ -puhdistusaerosoli | Hitech Chemicals<\/title>\n<meta name=\"robots\" content=\"index, follow, max-snippet:-1, max-image-preview:large, max-video-preview:-1\" \/>\n<link rel=\"canonical\" href=\"https:\/\/www.hitech.fi\/hitech\/product\/teho-orange-cleaner-puhdistusaerosoli\/\" \/>\n<meta property=\"og:locale\" content=\"fi_FI\" \/>\n<meta property=\"og:type\" content=\"article\" \/>\n<meta property=\"og:title\" content=\"TEHO Orange Cleaner+ -puhdistusaerosoli | Hitech Chemicals\" \/>\n<meta property=\"og:description\" content=\"TEHO Orange Cleaner + on orgaaninen, sitrustuoksuinen, ei-\u00f6ljypohjainen puhdistus- ja rasvanpoistoaerosoli. Se soveltuu erinomaisesti my\u00f6s graffitien ja t\u00f6hryjen poistoon. Tuote on suunniteltu poistamaan rasva ja lika moottoreista, koneen osista, muoteista, ja muista teollisuuden koneista ja laitteista. Se irrottaa tehokkaasti my\u00f6s pien, asfaltin, pihkan, useat teolliset liimat sek\u00e4 suojarasvat.\" \/>\n<meta property=\"og:url\" content=\"https:\/\/www.hitech.fi\/hitech\/product\/teho-orange-cleaner-puhdistusaerosoli\/\" \/>\n<meta property=\"og:site_name\" content=\"Hitech Chemicals\" \/>\n<meta property=\"article:publisher\" content=\"https:\/\/www.facebook.com\/hitechfinland\" \/>\n<meta property=\"article:modified_time\" content=\"2024-05-10T11:22:56+00:00\" \/>\n<meta property=\"og:image\" content=\"https:\/\/www.hitech.fi\/hitech\/wp-content\/uploads\/2020\/03\/hires_TEHO_Orange_Cleaner_plus_v3.jpg\" \/>\n\t<meta property=\"og:image:width\" content=\"1024\" \/>\n\t<meta property=\"og:image:height\" content=\"1024\" \/>\n\t<meta property=\"og:image:type\" content=\"image\/jpeg\" \/>\n<meta name=\"twitter:card\" content=\"summary_large_image\" \/>\n<meta name=\"twitter:label1\" content=\"Arvioitu lukuaika\" \/>\n\t<meta name=\"twitter:data1\" content=\"1 minuutti\" \/>\n<script type=\"application\/ld+json\" class=\"yoast-schema-graph\">{\"@context\":\"https:\/\/schema.org\",\"@graph\":[{\"@type\":\"WebPage\",\"@id\":\"https:\/\/www.hitech.fi\/hitech\/product\/teho-orange-cleaner-puhdistusaerosoli\/\",\"url\":\"https:\/\/www.hitech.fi\/hitech\/product\/teho-orange-cleaner-puhdistusaerosoli\/\",\"name\":\"TEHO Orange Cleaner+ -puhdistusaerosoli | Hitech Chemicals\",\"isPartOf\":{\"@id\":\"https:\/\/www.hitech.fi\/hitech\/#website\"},\"primaryImageOfPage\":{\"@id\":\"https:\/\/www.hitech.fi\/hitech\/product\/teho-orange-cleaner-puhdistusaerosoli\/#primaryimage\"},\"image\":{\"@id\":\"https:\/\/www.hitech.fi\/hitech\/product\/teho-orange-cleaner-puhdistusaerosoli\/#primaryimage\"},\"thumbnailUrl\":\"https:\/\/www.hitech.fi\/hitech\/wp-content\/uploads\/2020\/03\/hires_TEHO_Orange_Cleaner_plus_v3.jpg\",\"datePublished\":\"2023-10-17T10:24:59+00:00\",\"dateModified\":\"2024-05-10T11:22:56+00:00\",\"breadcrumb\":{\"@id\":\"https:\/\/www.hitech.fi\/hitech\/product\/teho-orange-cleaner-puhdistusaerosoli\/#breadcrumb\"},\"inLanguage\":\"fi\",\"potentialAction\":[{\"@type\":\"ReadAction\",\"target\":[\"https:\/\/www.hitech.fi\/hitech\/product\/teho-orange-cleaner-puhdistusaerosoli\/\"]}]},{\"@type\":\"ImageObject\",\"inLanguage\":\"fi\",\"@id\":\"https:\/\/www.hitech.fi\/hitech\/product\/teho-orange-cleaner-puhdistusaerosoli\/#primaryimage\",\"url\":\"https:\/\/www.hitech.fi\/hitech\/wp-content\/uploads\/2020\/03\/hires_TEHO_Orange_Cleaner_plus_v3.jpg\",\"contentUrl\":\"https:\/\/www.hitech.fi\/hitech\/wp-content\/uploads\/2020\/03\/hires_TEHO_Orange_Cleaner_plus_v3.jpg\",\"width\":1024,\"height\":1024,\"caption\":\"TEHO Orange Cleaner + -puhdistusaerosoli ja rasvanpoistoaine\"},{\"@type\":\"BreadcrumbList\",\"@id\":\"https:\/\/www.hitech.fi\/hitech\/product\/teho-orange-cleaner-puhdistusaerosoli\/#breadcrumb\",\"itemListElement\":[{\"@type\":\"ListItem\",\"position\":1,\"name\":\"Etusivu\",\"item\":\"https:\/\/www.hitech.fi\/hitech\/\"},{\"@type\":\"ListItem\",\"position\":2,\"name\":\"Katalogi\",\"item\":\"https:\/\/www.hitech.fi\/hitech\/katalogi\/\"},{\"@type\":\"ListItem\",\"position\":3,\"name\":\"TEHO Orange Cleaner+ -puhdistusaerosoli\"}]},{\"@type\":\"WebSite\",\"@id\":\"https:\/\/www.hitech.fi\/hitech\/#website\",\"url\":\"https:\/\/www.hitech.fi\/hitech\/\",\"name\":\"Hitech Chemicals\",\"description\":\"Puhdistusaineet ja huoltotuotteet\",\"publisher\":{\"@id\":\"https:\/\/www.hitech.fi\/hitech\/#organization\"},\"potentialAction\":[{\"@type\":\"SearchAction\",\"target\":{\"@type\":\"EntryPoint\",\"urlTemplate\":\"https:\/\/www.hitech.fi\/hitech\/?s={search_term_string}\"},\"query-input\":{\"@type\":\"PropertyValueSpecification\",\"valueRequired\":true,\"valueName\":\"search_term_string\"}}],\"inLanguage\":\"fi\"},{\"@type\":\"Organization\",\"@id\":\"https:\/\/www.hitech.fi\/hitech\/#organization\",\"name\":\"Hitech Chemicals\",\"alternateName\":\"Hitech\",\"url\":\"https:\/\/www.hitech.fi\/hitech\/\",\"logo\":{\"@type\":\"ImageObject\",\"inLanguage\":\"fi\",\"@id\":\"https:\/\/www.hitech.fi\/hitech\/#\/schema\/logo\/image\/\",\"url\":\"https:\/\/www.hitech.fi\/hitech\/wp-content\/uploads\/2023\/06\/cropped-hitech_logo_600x600.png\",\"contentUrl\":\"https:\/\/www.hitech.fi\/hitech\/wp-content\/uploads\/2023\/06\/cropped-hitech_logo_600x600.png\",\"width\":512,\"height\":512,\"caption\":\"Hitech Chemicals\"},\"image\":{\"@id\":\"https:\/\/www.hitech.fi\/hitech\/#\/schema\/logo\/image\/\"},\"sameAs\":[\"https:\/\/www.facebook.com\/hitechfinland\"]}]}<\/script>\n<!-- \/ Yoast SEO plugin. -->","yoast_head_json":{"title":"TEHO Orange Cleaner+ -puhdistusaerosoli | Hitech Chemicals","robots":{"index":"index","follow":"follow","max-snippet":"max-snippet:-1","max-image-preview":"max-image-preview:large","max-video-preview":"max-video-preview:-1"},"canonical":"https:\/\/www.hitech.fi\/hitech\/product\/teho-orange-cleaner-puhdistusaerosoli\/","og_locale":"fi_FI","og_type":"article","og_title":"TEHO Orange Cleaner+ -puhdistusaerosoli | Hitech Chemicals","og_description":"TEHO Orange Cleaner + on orgaaninen, sitrustuoksuinen, ei-\u00f6ljypohjainen puhdistus- ja rasvanpoistoaerosoli. Se soveltuu erinomaisesti my\u00f6s graffitien ja t\u00f6hryjen poistoon. Tuote on suunniteltu poistamaan rasva ja lika moottoreista, koneen osista, muoteista, ja muista teollisuuden koneista ja laitteista. Se irrottaa tehokkaasti my\u00f6s pien, asfaltin, pihkan, useat teolliset liimat sek\u00e4 suojarasvat.","og_url":"https:\/\/www.hitech.fi\/hitech\/product\/teho-orange-cleaner-puhdistusaerosoli\/","og_site_name":"Hitech Chemicals","article_publisher":"https:\/\/www.facebook.com\/hitechfinland","article_modified_time":"2024-05-10T11:22:56+00:00","og_image":[{"width":1024,"height":1024,"url":"https:\/\/www.hitech.fi\/hitech\/wp-content\/uploads\/2020\/03\/hires_TEHO_Orange_Cleaner_plus_v3.jpg","type":"image\/jpeg"}],"twitter_card":"summary_large_image","twitter_misc":{"Arvioitu lukuaika":"1 minuutti"},"schema":{"@context":"https:\/\/schema.org","@graph":[{"@type":"WebPage","@id":"https:\/\/www.hitech.fi\/hitech\/product\/teho-orange-cleaner-puhdistusaerosoli\/","url":"https:\/\/www.hitech.fi\/hitech\/product\/teho-orange-cleaner-puhdistusaerosoli\/","name":"TEHO Orange Cleaner+ -puhdistusaerosoli | Hitech Chemicals","isPartOf":{"@id":"https:\/\/www.hitech.fi\/hitech\/#website"},"primaryImageOfPage":{"@id":"https:\/\/www.hitech.fi\/hitech\/product\/teho-orange-cleaner-puhdistusaerosoli\/#primaryimage"},"image":{"@id":"https:\/\/www.hitech.fi\/hitech\/product\/teho-orange-cleaner-puhdistusaerosoli\/#primaryimage"},"thumbnailUrl":"https:\/\/www.hitech.fi\/hitech\/wp-content\/uploads\/2020\/03\/hires_TEHO_Orange_Cleaner_plus_v3.jpg","datePublished":"2023-10-17T10:24:59+00:00","dateModified":"2024-05-10T11:22:56+00:00","breadcrumb":{"@id":"https:\/\/www.hitech.fi\/hitech\/product\/teho-orange-cleaner-puhdistusaerosoli\/#breadcrumb"},"inLanguage":"fi","potentialAction":[{"@type":"ReadAction","target":["https:\/\/www.hitech.fi\/hitech\/product\/teho-orange-cleaner-puhdistusaerosoli\/"]}]},{"@type":"ImageObject","inLanguage":"fi","@id":"https:\/\/www.hitech.fi\/hitech\/product\/teho-orange-cleaner-puhdistusaerosoli\/#primaryimage","url":"https:\/\/www.hitech.fi\/hitech\/wp-content\/uploads\/2020\/03\/hires_TEHO_Orange_Cleaner_plus_v3.jpg","contentUrl":"https:\/\/www.hitech.fi\/hitech\/wp-content\/uploads\/2020\/03\/hires_TEHO_Orange_Cleaner_plus_v3.jpg","width":1024,"height":1024,"caption":"TEHO Orange Cleaner + -puhdistusaerosoli ja rasvanpoistoaine"},{"@type":"BreadcrumbList","@id":"https:\/\/www.hitech.fi\/hitech\/product\/teho-orange-cleaner-puhdistusaerosoli\/#breadcrumb","itemListElement":[{"@type":"ListItem","position":1,"name":"Etusivu","item":"https:\/\/www.hitech.fi\/hitech\/"},{"@type":"ListItem","position":2,"name":"Katalogi","item":"https:\/\/www.hitech.fi\/hitech\/katalogi\/"},{"@type":"ListItem","position":3,"name":"TEHO Orange Cleaner+ -puhdistusaerosoli"}]},{"@type":"WebSite","@id":"https:\/\/www.hitech.fi\/hitech\/#website","url":"https:\/\/www.hitech.fi\/hitech\/","name":"Hitech Chemicals","description":"Puhdistusaineet ja huoltotuotteet","publisher":{"@id":"https:\/\/www.hitech.fi\/hitech\/#organization"},"potentialAction":[{"@type":"SearchAction","target":{"@type":"EntryPoint","urlTemplate":"https:\/\/www.hitech.fi\/hitech\/?s={search_term_string}"},"query-input":{"@type":"PropertyValueSpecification","valueRequired":true,"valueName":"search_term_string"}}],"inLanguage":"fi"},{"@type":"Organization","@id":"https:\/\/www.hitech.fi\/hitech\/#organization","name":"Hitech Chemicals","alternateName":"Hitech","url":"https:\/\/www.hitech.fi\/hitech\/","logo":{"@type":"ImageObject","inLanguage":"fi","@id":"https:\/\/www.hitech.fi\/hitech\/#\/schema\/logo\/image\/","url":"https:\/\/www.hitech.fi\/hitech\/wp-content\/uploads\/2023\/06\/cropped-hitech_logo_600x600.png","contentUrl":"https:\/\/www.hitech.fi\/hitech\/wp-content\/uploads\/2023\/06\/cropped-hitech_logo_600x600.png","width":512,"height":512,"caption":"Hitech Chemicals"},"image":{"@id":"https:\/\/www.hitech.fi\/hitech\/#\/schema\/logo\/image\/"},"sameAs":["https:\/\/www.facebook.com\/hitechfinland"]}]}},"_links":{"self":[{"href":"https:\/\/www.hitech.fi\/hitech\/wp-json\/wp\/v2\/product\/786","targetHints":{"allow":["GET"]}}],"collection":[{"href":"https:\/\/www.hitech.fi\/hitech\/wp-json\/wp\/v2\/product"}],"about":[{"href":"https:\/\/www.hitech.fi\/hitech\/wp-json\/wp\/v2\/types\/product"}],"replies":[{"embeddable":true,"href":"https:\/\/www.hitech.fi\/hitech\/wp-json\/wp\/v2\/comments?post=786"}],"wp:featuredmedia":[{"embeddable":true,"href":"https:\/\/www.hitech.fi\/hitech\/wp-json\/wp\/v2\/media\/502"}],"wp:attachment":[{"href":"https:\/\/www.hitech.fi\/hitech\/wp-json\/wp\/v2\/media?parent=786"}],"wp:term":[{"taxonomy":"product_brand","embeddable":true,"href":"https:\/\/www.hitech.fi\/hitech\/wp-json\/wp\/v2\/product_brand?post=786"},{"taxonomy":"product_cat","embeddable":true,"href":"https:\/\/www.hitech.fi\/hitech\/wp-json\/wp\/v2\/product_cat?post=786"},{"taxonomy":"product_tag","embeddable":true,"href":"https:\/\/www.hitech.fi\/hitech\/wp-json\/wp\/v2\/product_tag?post=786"}],"curies":[{"name":"wp","href":"https:\/\/api.w.org\/{rel}","templated":true}]}}