{"id":783,"date":"2023-10-17T13:11:53","date_gmt":"2023-10-17T10:11:53","guid":{"rendered":"https:\/\/www.hitech.fi\/hitech\/?post_type=product&#038;p=783"},"modified":"2024-05-10T14:56:41","modified_gmt":"2024-05-10T11:56:41","slug":"teho-moottoripesu-liuotinvaahto","status":"publish","type":"product","link":"https:\/\/www.hitech.fi\/hitech\/product\/teho-moottoripesu-liuotinvaahto\/","title":{"rendered":"TEHO Moottoripesu -liuotinvaahto"},"content":{"rendered":"<p><strong>Eritt\u00e4in tehokas ammattik\u00e4ytt\u00f6\u00f6n suunniteltu moottorinpesu- ja rasvanpoistovaahto, jonka paksu vaahto tarttuu hyvin my\u00f6s pystysuorille pinnoille. Se huuhtoutuu helposti vedell\u00e4 tai h\u00f6yryll\u00e4 ja j\u00e4tt\u00e4\u00e4 miellytt\u00e4v\u00e4n tuoksun.<\/strong><\/p>\n<p>&nbsp;<\/p>\n<p>TEHO Moottoripesu poistaa my\u00f6s rasva- ja \u00f6ljyl\u00e4ik\u00e4t betonilattioista, sek\u00e4 jarrup\u00f6lyn vanteista.<\/p>\n<ul>\n<li>TEHO Moottoripesu on k\u00e4ytt\u00f6valmis aerosoli<\/li>\n<li>Sis\u00e4lt\u00e4\u00e4 liuottimia ja emulsioita, jotka poistavat tehokkaasti pinttyneimm\u00e4t ja vaikeimmat rasvat ja liat<\/li>\n<li>Sen paksu vaahto tarttuu hyvin my\u00f6s pystysuoriin pintoihin ja takaa n\u00e4in pitk\u00e4n vaikutusajan<\/li>\n<li>Mieto tuoksu, ei voimakasta liuottimille ominaista hajua<\/li>\n<li>Tehokas likaa vastaan, mutta hell\u00e4varainen tiivisteille<\/li>\n<\/ul>\n<p>&nbsp;<\/p>\n<p><strong>HUOM. AMMATTIK\u00c4YTT\u00d6\u00d6N!<\/strong><\/p>\n<p><strong>K\u00c4YTT\u00d6OHJE:<\/strong><strong>\u00a0<\/strong><\/p>\n<ul>\n<li>K\u00e4yt\u00e4 moottori l\u00e4mpim\u00e4ksi ja sammuta moottori. Ei kuitenkaan \u201dtulikuumalle\u201d moottorille.<\/li>\n<li>Ravista purkkia hyvin<\/li>\n<li>Sumuta puhdistettaville pinnoille ja anna vaikuttaa n. 10 minuuttia (v\u00e4lt\u00e4 kuivumista).<\/li>\n<li>Huuhtele korkeapainepesurilla tai h\u00f6yryll\u00e4. Toista k\u00e4sittely tarvittaessa<\/li>\n<li>K\u00e4ynnist\u00e4 moottori ja anna k\u00e4yd\u00e4 n. 10 minuuttia, jotta moottori kuivuu<\/li>\n<li>HUOM! V\u00e4lt\u00e4 kosketusta maalattujen pintojen ja tiettyjen muovien (polystyreeni) kanssa. Mik\u00e4li joutuu kosketukseen, huuhtele runsaalla vedell\u00e4.<\/li>\n<\/ul>\n<p>Tuotenumero: 5211<\/p>\n<p>Tuote on pakattu aerosolipulloon, jonka nettotilavuus on 500ml. Myyntier\u00e4 on yksi (1) laatikko, joka sis\u00e4lt\u00e4\u00e4 12 pulloa. Ammattik\u00e4ytt\u00f6\u00f6n.<\/p>\n","protected":false},"excerpt":{"rendered":"<p><strong>TEHO Moottoripesu<\/strong> on eritt\u00e4in tehokas ammattik\u00e4ytt\u00f6\u00f6n suunniteltu moottorinpesu- ja rasvanpoistovaahto, jonka paksu vaahto tarttuu hyvin my\u00f6s pystysuorille pinnoille. Se huuhtoutuu helposti vedell\u00e4 tai h\u00f6yryll\u00e4 ja j\u00e4tt\u00e4\u00e4 miellytt\u00e4v\u00e4n tuoksun.<\/p>\n[maxbutton id=\"2\" url=\"https:\/\/www.hitech.fi\/hitech\/wp-content\/uploads\/2023\/12\/TEHO_Moottoripesu_web.pdf\" text=\"Lataa tuotekortti\" window=\"new\" ]\n","protected":false},"featured_media":501,"comment_status":"closed","ping_status":"closed","template":"","meta":[],"product_brand":[],"product_cat":[95,147,134,112,133],"product_tag":[],"class_list":{"0":"post-783","1":"product","2":"type-product","3":"status-publish","4":"has-post-thumbnail","6":"product_cat-aerosolit-ja-sprayt","7":"product_cat-huolto-ja-korjaus","8":"product_cat-kalusto-ja-ajoneuvot","9":"product_cat-puhdistus","10":"product_cat-toimialat","12":"first","13":"instock","14":"shipping-taxable","15":"product-type-simple"},"yoast_head":"<!-- This site is optimized with the Yoast SEO plugin v24.3 - https:\/\/yoast.com\/wordpress\/plugins\/seo\/ -->\n<title>TEHO Moottoripesu -liuotinvaahto | Hitech Chemicals<\/title>\n<meta name=\"robots\" content=\"index, follow, max-snippet:-1, max-image-preview:large, max-video-preview:-1\" \/>\n<link rel=\"canonical\" href=\"https:\/\/www.hitech.fi\/hitech\/product\/teho-moottoripesu-liuotinvaahto\/\" \/>\n<meta property=\"og:locale\" content=\"fi_FI\" \/>\n<meta property=\"og:type\" content=\"article\" \/>\n<meta property=\"og:title\" content=\"TEHO Moottoripesu -liuotinvaahto | Hitech Chemicals\" \/>\n<meta property=\"og:description\" content=\"TEHO Moottoripesu on eritt\u00e4in tehokas ammattik\u00e4ytt\u00f6\u00f6n suunniteltu moottorinpesu- ja rasvanpoistovaahto, jonka paksu vaahto tarttuu hyvin my\u00f6s pystysuorille pinnoille. Se huuhtoutuu helposti vedell\u00e4 tai h\u00f6yryll\u00e4 ja j\u00e4tt\u00e4\u00e4 miellytt\u00e4v\u00e4n tuoksun.\" \/>\n<meta property=\"og:url\" content=\"https:\/\/www.hitech.fi\/hitech\/product\/teho-moottoripesu-liuotinvaahto\/\" \/>\n<meta property=\"og:site_name\" content=\"Hitech Chemicals\" \/>\n<meta property=\"article:publisher\" content=\"https:\/\/www.facebook.com\/hitechfinland\" \/>\n<meta property=\"article:modified_time\" content=\"2024-05-10T11:56:41+00:00\" \/>\n<meta property=\"og:image\" content=\"https:\/\/www.hitech.fi\/hitech\/wp-content\/uploads\/2020\/03\/hires_TEHO_Moottoripesu_v2.jpg\" \/>\n\t<meta property=\"og:image:width\" content=\"1024\" \/>\n\t<meta property=\"og:image:height\" content=\"1024\" \/>\n\t<meta property=\"og:image:type\" content=\"image\/jpeg\" \/>\n<meta name=\"twitter:card\" content=\"summary_large_image\" \/>\n<meta name=\"twitter:label1\" content=\"Arvioitu lukuaika\" \/>\n\t<meta name=\"twitter:data1\" content=\"1 minuutti\" \/>\n<script type=\"application\/ld+json\" class=\"yoast-schema-graph\">{\"@context\":\"https:\/\/schema.org\",\"@graph\":[{\"@type\":\"WebPage\",\"@id\":\"https:\/\/www.hitech.fi\/hitech\/product\/teho-moottoripesu-liuotinvaahto\/\",\"url\":\"https:\/\/www.hitech.fi\/hitech\/product\/teho-moottoripesu-liuotinvaahto\/\",\"name\":\"TEHO Moottoripesu -liuotinvaahto | Hitech Chemicals\",\"isPartOf\":{\"@id\":\"https:\/\/www.hitech.fi\/hitech\/#website\"},\"primaryImageOfPage\":{\"@id\":\"https:\/\/www.hitech.fi\/hitech\/product\/teho-moottoripesu-liuotinvaahto\/#primaryimage\"},\"image\":{\"@id\":\"https:\/\/www.hitech.fi\/hitech\/product\/teho-moottoripesu-liuotinvaahto\/#primaryimage\"},\"thumbnailUrl\":\"https:\/\/www.hitech.fi\/hitech\/wp-content\/uploads\/2020\/03\/hires_TEHO_Moottoripesu_v2.jpg\",\"datePublished\":\"2023-10-17T10:11:53+00:00\",\"dateModified\":\"2024-05-10T11:56:41+00:00\",\"breadcrumb\":{\"@id\":\"https:\/\/www.hitech.fi\/hitech\/product\/teho-moottoripesu-liuotinvaahto\/#breadcrumb\"},\"inLanguage\":\"fi\",\"potentialAction\":[{\"@type\":\"ReadAction\",\"target\":[\"https:\/\/www.hitech.fi\/hitech\/product\/teho-moottoripesu-liuotinvaahto\/\"]}]},{\"@type\":\"ImageObject\",\"inLanguage\":\"fi\",\"@id\":\"https:\/\/www.hitech.fi\/hitech\/product\/teho-moottoripesu-liuotinvaahto\/#primaryimage\",\"url\":\"https:\/\/www.hitech.fi\/hitech\/wp-content\/uploads\/2020\/03\/hires_TEHO_Moottoripesu_v2.jpg\",\"contentUrl\":\"https:\/\/www.hitech.fi\/hitech\/wp-content\/uploads\/2020\/03\/hires_TEHO_Moottoripesu_v2.jpg\",\"width\":1024,\"height\":1024,\"caption\":\"TEHO Moottoripesu -liuotinvaahto\"},{\"@type\":\"BreadcrumbList\",\"@id\":\"https:\/\/www.hitech.fi\/hitech\/product\/teho-moottoripesu-liuotinvaahto\/#breadcrumb\",\"itemListElement\":[{\"@type\":\"ListItem\",\"position\":1,\"name\":\"Etusivu\",\"item\":\"https:\/\/www.hitech.fi\/hitech\/\"},{\"@type\":\"ListItem\",\"position\":2,\"name\":\"Katalogi\",\"item\":\"https:\/\/www.hitech.fi\/hitech\/katalogi\/\"},{\"@type\":\"ListItem\",\"position\":3,\"name\":\"TEHO Moottoripesu -liuotinvaahto\"}]},{\"@type\":\"WebSite\",\"@id\":\"https:\/\/www.hitech.fi\/hitech\/#website\",\"url\":\"https:\/\/www.hitech.fi\/hitech\/\",\"name\":\"Hitech Chemicals\",\"description\":\"Puhdistusaineet ja huoltotuotteet\",\"publisher\":{\"@id\":\"https:\/\/www.hitech.fi\/hitech\/#organization\"},\"potentialAction\":[{\"@type\":\"SearchAction\",\"target\":{\"@type\":\"EntryPoint\",\"urlTemplate\":\"https:\/\/www.hitech.fi\/hitech\/?s={search_term_string}\"},\"query-input\":{\"@type\":\"PropertyValueSpecification\",\"valueRequired\":true,\"valueName\":\"search_term_string\"}}],\"inLanguage\":\"fi\"},{\"@type\":\"Organization\",\"@id\":\"https:\/\/www.hitech.fi\/hitech\/#organization\",\"name\":\"Hitech Chemicals\",\"alternateName\":\"Hitech\",\"url\":\"https:\/\/www.hitech.fi\/hitech\/\",\"logo\":{\"@type\":\"ImageObject\",\"inLanguage\":\"fi\",\"@id\":\"https:\/\/www.hitech.fi\/hitech\/#\/schema\/logo\/image\/\",\"url\":\"https:\/\/www.hitech.fi\/hitech\/wp-content\/uploads\/2023\/06\/cropped-hitech_logo_600x600.png\",\"contentUrl\":\"https:\/\/www.hitech.fi\/hitech\/wp-content\/uploads\/2023\/06\/cropped-hitech_logo_600x600.png\",\"width\":512,\"height\":512,\"caption\":\"Hitech Chemicals\"},\"image\":{\"@id\":\"https:\/\/www.hitech.fi\/hitech\/#\/schema\/logo\/image\/\"},\"sameAs\":[\"https:\/\/www.facebook.com\/hitechfinland\"]}]}<\/script>\n<!-- \/ Yoast SEO plugin. -->","yoast_head_json":{"title":"TEHO Moottoripesu -liuotinvaahto | Hitech Chemicals","robots":{"index":"index","follow":"follow","max-snippet":"max-snippet:-1","max-image-preview":"max-image-preview:large","max-video-preview":"max-video-preview:-1"},"canonical":"https:\/\/www.hitech.fi\/hitech\/product\/teho-moottoripesu-liuotinvaahto\/","og_locale":"fi_FI","og_type":"article","og_title":"TEHO Moottoripesu -liuotinvaahto | Hitech Chemicals","og_description":"TEHO Moottoripesu on eritt\u00e4in tehokas ammattik\u00e4ytt\u00f6\u00f6n suunniteltu moottorinpesu- ja rasvanpoistovaahto, jonka paksu vaahto tarttuu hyvin my\u00f6s pystysuorille pinnoille. Se huuhtoutuu helposti vedell\u00e4 tai h\u00f6yryll\u00e4 ja j\u00e4tt\u00e4\u00e4 miellytt\u00e4v\u00e4n tuoksun.","og_url":"https:\/\/www.hitech.fi\/hitech\/product\/teho-moottoripesu-liuotinvaahto\/","og_site_name":"Hitech Chemicals","article_publisher":"https:\/\/www.facebook.com\/hitechfinland","article_modified_time":"2024-05-10T11:56:41+00:00","og_image":[{"width":1024,"height":1024,"url":"https:\/\/www.hitech.fi\/hitech\/wp-content\/uploads\/2020\/03\/hires_TEHO_Moottoripesu_v2.jpg","type":"image\/jpeg"}],"twitter_card":"summary_large_image","twitter_misc":{"Arvioitu lukuaika":"1 minuutti"},"schema":{"@context":"https:\/\/schema.org","@graph":[{"@type":"WebPage","@id":"https:\/\/www.hitech.fi\/hitech\/product\/teho-moottoripesu-liuotinvaahto\/","url":"https:\/\/www.hitech.fi\/hitech\/product\/teho-moottoripesu-liuotinvaahto\/","name":"TEHO Moottoripesu -liuotinvaahto | Hitech Chemicals","isPartOf":{"@id":"https:\/\/www.hitech.fi\/hitech\/#website"},"primaryImageOfPage":{"@id":"https:\/\/www.hitech.fi\/hitech\/product\/teho-moottoripesu-liuotinvaahto\/#primaryimage"},"image":{"@id":"https:\/\/www.hitech.fi\/hitech\/product\/teho-moottoripesu-liuotinvaahto\/#primaryimage"},"thumbnailUrl":"https:\/\/www.hitech.fi\/hitech\/wp-content\/uploads\/2020\/03\/hires_TEHO_Moottoripesu_v2.jpg","datePublished":"2023-10-17T10:11:53+00:00","dateModified":"2024-05-10T11:56:41+00:00","breadcrumb":{"@id":"https:\/\/www.hitech.fi\/hitech\/product\/teho-moottoripesu-liuotinvaahto\/#breadcrumb"},"inLanguage":"fi","potentialAction":[{"@type":"ReadAction","target":["https:\/\/www.hitech.fi\/hitech\/product\/teho-moottoripesu-liuotinvaahto\/"]}]},{"@type":"ImageObject","inLanguage":"fi","@id":"https:\/\/www.hitech.fi\/hitech\/product\/teho-moottoripesu-liuotinvaahto\/#primaryimage","url":"https:\/\/www.hitech.fi\/hitech\/wp-content\/uploads\/2020\/03\/hires_TEHO_Moottoripesu_v2.jpg","contentUrl":"https:\/\/www.hitech.fi\/hitech\/wp-content\/uploads\/2020\/03\/hires_TEHO_Moottoripesu_v2.jpg","width":1024,"height":1024,"caption":"TEHO Moottoripesu -liuotinvaahto"},{"@type":"BreadcrumbList","@id":"https:\/\/www.hitech.fi\/hitech\/product\/teho-moottoripesu-liuotinvaahto\/#breadcrumb","itemListElement":[{"@type":"ListItem","position":1,"name":"Etusivu","item":"https:\/\/www.hitech.fi\/hitech\/"},{"@type":"ListItem","position":2,"name":"Katalogi","item":"https:\/\/www.hitech.fi\/hitech\/katalogi\/"},{"@type":"ListItem","position":3,"name":"TEHO Moottoripesu -liuotinvaahto"}]},{"@type":"WebSite","@id":"https:\/\/www.hitech.fi\/hitech\/#website","url":"https:\/\/www.hitech.fi\/hitech\/","name":"Hitech Chemicals","description":"Puhdistusaineet ja huoltotuotteet","publisher":{"@id":"https:\/\/www.hitech.fi\/hitech\/#organization"},"potentialAction":[{"@type":"SearchAction","target":{"@type":"EntryPoint","urlTemplate":"https:\/\/www.hitech.fi\/hitech\/?s={search_term_string}"},"query-input":{"@type":"PropertyValueSpecification","valueRequired":true,"valueName":"search_term_string"}}],"inLanguage":"fi"},{"@type":"Organization","@id":"https:\/\/www.hitech.fi\/hitech\/#organization","name":"Hitech Chemicals","alternateName":"Hitech","url":"https:\/\/www.hitech.fi\/hitech\/","logo":{"@type":"ImageObject","inLanguage":"fi","@id":"https:\/\/www.hitech.fi\/hitech\/#\/schema\/logo\/image\/","url":"https:\/\/www.hitech.fi\/hitech\/wp-content\/uploads\/2023\/06\/cropped-hitech_logo_600x600.png","contentUrl":"https:\/\/www.hitech.fi\/hitech\/wp-content\/uploads\/2023\/06\/cropped-hitech_logo_600x600.png","width":512,"height":512,"caption":"Hitech Chemicals"},"image":{"@id":"https:\/\/www.hitech.fi\/hitech\/#\/schema\/logo\/image\/"},"sameAs":["https:\/\/www.facebook.com\/hitechfinland"]}]}},"_links":{"self":[{"href":"https:\/\/www.hitech.fi\/hitech\/wp-json\/wp\/v2\/product\/783","targetHints":{"allow":["GET"]}}],"collection":[{"href":"https:\/\/www.hitech.fi\/hitech\/wp-json\/wp\/v2\/product"}],"about":[{"href":"https:\/\/www.hitech.fi\/hitech\/wp-json\/wp\/v2\/types\/product"}],"replies":[{"embeddable":true,"href":"https:\/\/www.hitech.fi\/hitech\/wp-json\/wp\/v2\/comments?post=783"}],"wp:featuredmedia":[{"embeddable":true,"href":"https:\/\/www.hitech.fi\/hitech\/wp-json\/wp\/v2\/media\/501"}],"wp:attachment":[{"href":"https:\/\/www.hitech.fi\/hitech\/wp-json\/wp\/v2\/media?parent=783"}],"wp:term":[{"taxonomy":"product_brand","embeddable":true,"href":"https:\/\/www.hitech.fi\/hitech\/wp-json\/wp\/v2\/product_brand?post=783"},{"taxonomy":"product_cat","embeddable":true,"href":"https:\/\/www.hitech.fi\/hitech\/wp-json\/wp\/v2\/product_cat?post=783"},{"taxonomy":"product_tag","embeddable":true,"href":"https:\/\/www.hitech.fi\/hitech\/wp-json\/wp\/v2\/product_tag?post=783"}],"curies":[{"name":"wp","href":"https:\/\/api.w.org\/{rel}","templated":true}]}}