{"id":781,"date":"2023-10-17T13:04:41","date_gmt":"2023-10-17T10:04:41","guid":{"rendered":"https:\/\/www.hitech.fi\/hitech\/?post_type=product&#038;p=781"},"modified":"2024-05-10T14:27:37","modified_gmt":"2024-05-10T11:27:37","slug":"teho-liquidry-imeytysaine","status":"publish","type":"product","link":"https:\/\/www.hitech.fi\/hitech\/product\/teho-liquidry-imeytysaine\/","title":{"rendered":"TEHO Liquidry -imeytysaine"},"content":{"rendered":"<p><strong>Eritt\u00e4in tehokas vesipohjaisten nesteiden imeytysaine, joka imeytt\u00e4\u00e4 nopeasti\u00a0 \u201cvahingot\u201d kuten virtsan, oksennuksen, veren, virvoitusjuomat, jne. puoli-kiinte\u00e4ksi geeliksi. Imeytt\u00e4\u00e4 50-120 kertaisesti oman painonsa verran nestett\u00e4. <\/strong><\/p>\n<p>Sulkee v\u00e4litt\u00f6m\u00e4sti pahat hajut ja j\u00e4tt\u00e4\u00e4 j\u00e4lkeens\u00e4 raikkaan tuoksun. K\u00e4yt\u00e4nn\u00f6llinen ja helppok\u00e4ytt\u00f6inen; sirottele jauhetta, anna vaikuttaa, poista harjalla ja rikkalapiolla. Ei j\u00e4t\u00e4 tahroja, voidaan k\u00e4ytt\u00e4\u00e4 kaikilla pinnoilla. Helppo h\u00e4vitt\u00e4\u00e4 ilman riski\u00e4 putkistojen tukkeutumisesta. T\u00e4ysin biohajoava.<\/p>\n<p>&nbsp;<\/p>\n<p><strong>HUOM. AMMATTIK\u00c4YTT\u00d6\u00d6N!<\/strong><\/p>\n<p><strong>K\u00c4YTT\u00d6OHJE:<\/strong><\/p>\n<ol>\n<li>Sirottele jauhetta k\u00e4sitelt\u00e4v\u00e4\u00e4n kohteeseen ja anna vaikuttaa, kunnes aine muuttuu puolikiinte\u00e4ksi geeliksi\/hyytel\u00f6m\u00e4iseksi. Paksumpien nesteiden osalta imeytymist\u00e4 voidaan nopeuttaa sekoittamalla nestett\u00e4 ja TEHO Liquidry jauhetta esim. harjalla.<\/li>\n<li>Poista harjalla ja rikkalapiolla. Suositellaan h\u00e4vitett\u00e4v\u00e4n sekaj\u00e4tteen mukana.<\/li>\n<li>Sulje korkki huolellisesti aina k\u00e4yt\u00f6n j\u00e4lkeen.<\/li>\n<\/ol>\n<p><strong>Suositellaan k\u00e4ytett\u00e4v\u00e4ksi kaikilla pinnoilla nesteen imeytykseen: <\/strong><\/p>\n<ul>\n<li>Ravintoloissa, hotelleissa,<\/li>\n<li>Sairaaloissa, vanhainkodeissa,<\/li>\n<li>El\u00e4inhoitoloissa<\/li>\n<li>Ambulansseissa, takseissa, linja-autoissa, junissa, lentokoneissa, jne.<\/li>\n<\/ul>\n<p>Tuotenumero: 1087<\/p>\n<p>Tuote on pakattu muovipulloon, jonka nettopaino on 600g. Myyntier\u00e4 on yksi (1) laatikko, joka sis\u00e4lt\u00e4\u00e4 12 pulloa. Ammattik\u00e4ytt\u00f6\u00f6n.<\/p>\n","protected":false},"excerpt":{"rendered":"<p><strong>TEHO Liquidry<\/strong> on eritt\u00e4in tehokas vesipohjaisten nesteiden imeytysaine, joka imeytt\u00e4\u00e4 nopeasti\u00a0 \u201cvahingot\u201d kuten virtsan, oksennuksen, veren, virvoitusjuomat, jne. puoli-kiinte\u00e4ksi geeliksi. Imeytt\u00e4\u00e4 50-120 kertaisesti oman painonsa verran nestett\u00e4.<\/p>\n[maxbutton id=\"2\" url=\"https:\/\/www.hitech.fi\/hitech\/wp-content\/uploads\/2023\/12\/TEHO_Liquidry_web.pdf\" text=\"Lataa tuotekortti\" window=\"new\" ]\n","protected":false},"featured_media":250,"comment_status":"closed","ping_status":"closed","template":"","meta":[],"product_brand":[],"product_cat":[97,130,138,135,133],"product_tag":[],"class_list":{"0":"post-781","1":"product","2":"type-product","3":"status-publish","4":"has-post-thumbnail","6":"product_cat-huoltokemikaalit","7":"product_cat-imeytysaineet-huoltokemikaalit","8":"product_cat-kiinteistohuolto","9":"product_cat-teollisuus","10":"product_cat-toimialat","12":"first","13":"instock","14":"shipping-taxable","15":"product-type-simple"},"yoast_head":"<!-- This site is optimized with the Yoast SEO plugin v24.3 - https:\/\/yoast.com\/wordpress\/plugins\/seo\/ -->\n<title>TEHO Liquidry -imeytysaine | Hitech Chemicals<\/title>\n<meta name=\"robots\" content=\"index, follow, max-snippet:-1, max-image-preview:large, max-video-preview:-1\" \/>\n<link rel=\"canonical\" href=\"https:\/\/www.hitech.fi\/hitech\/product\/teho-liquidry-imeytysaine\/\" \/>\n<meta property=\"og:locale\" content=\"fi_FI\" \/>\n<meta property=\"og:type\" content=\"article\" \/>\n<meta property=\"og:title\" content=\"TEHO Liquidry -imeytysaine | Hitech Chemicals\" \/>\n<meta property=\"og:description\" content=\"TEHO Liquidry on eritt\u00e4in tehokas vesipohjaisten nesteiden imeytysaine, joka imeytt\u00e4\u00e4 nopeasti\u00a0 \u201cvahingot\u201d kuten virtsan, oksennuksen, veren, virvoitusjuomat, jne. puoli-kiinte\u00e4ksi geeliksi. Imeytt\u00e4\u00e4 50-120 kertaisesti oman painonsa verran nestett\u00e4.\" \/>\n<meta property=\"og:url\" content=\"https:\/\/www.hitech.fi\/hitech\/product\/teho-liquidry-imeytysaine\/\" \/>\n<meta property=\"og:site_name\" content=\"Hitech Chemicals\" \/>\n<meta property=\"article:publisher\" content=\"https:\/\/www.facebook.com\/hitechfinland\" \/>\n<meta property=\"article:modified_time\" content=\"2024-05-10T11:27:37+00:00\" \/>\n<meta property=\"og:image\" content=\"https:\/\/www.hitech.fi\/hitech\/wp-content\/uploads\/2014\/02\/Hires_Teho_Liquidry.jpg\" \/>\n\t<meta property=\"og:image:width\" content=\"1024\" \/>\n\t<meta property=\"og:image:height\" content=\"1024\" \/>\n\t<meta property=\"og:image:type\" content=\"image\/jpeg\" \/>\n<meta name=\"twitter:card\" content=\"summary_large_image\" \/>\n<meta name=\"twitter:label1\" content=\"Arvioitu lukuaika\" \/>\n\t<meta name=\"twitter:data1\" content=\"1 minuutti\" \/>\n<script type=\"application\/ld+json\" class=\"yoast-schema-graph\">{\"@context\":\"https:\/\/schema.org\",\"@graph\":[{\"@type\":\"WebPage\",\"@id\":\"https:\/\/www.hitech.fi\/hitech\/product\/teho-liquidry-imeytysaine\/\",\"url\":\"https:\/\/www.hitech.fi\/hitech\/product\/teho-liquidry-imeytysaine\/\",\"name\":\"TEHO Liquidry -imeytysaine | Hitech Chemicals\",\"isPartOf\":{\"@id\":\"https:\/\/www.hitech.fi\/hitech\/#website\"},\"primaryImageOfPage\":{\"@id\":\"https:\/\/www.hitech.fi\/hitech\/product\/teho-liquidry-imeytysaine\/#primaryimage\"},\"image\":{\"@id\":\"https:\/\/www.hitech.fi\/hitech\/product\/teho-liquidry-imeytysaine\/#primaryimage\"},\"thumbnailUrl\":\"https:\/\/www.hitech.fi\/hitech\/wp-content\/uploads\/2014\/02\/Hires_Teho_Liquidry.jpg\",\"datePublished\":\"2023-10-17T10:04:41+00:00\",\"dateModified\":\"2024-05-10T11:27:37+00:00\",\"breadcrumb\":{\"@id\":\"https:\/\/www.hitech.fi\/hitech\/product\/teho-liquidry-imeytysaine\/#breadcrumb\"},\"inLanguage\":\"fi\",\"potentialAction\":[{\"@type\":\"ReadAction\",\"target\":[\"https:\/\/www.hitech.fi\/hitech\/product\/teho-liquidry-imeytysaine\/\"]}]},{\"@type\":\"ImageObject\",\"inLanguage\":\"fi\",\"@id\":\"https:\/\/www.hitech.fi\/hitech\/product\/teho-liquidry-imeytysaine\/#primaryimage\",\"url\":\"https:\/\/www.hitech.fi\/hitech\/wp-content\/uploads\/2014\/02\/Hires_Teho_Liquidry.jpg\",\"contentUrl\":\"https:\/\/www.hitech.fi\/hitech\/wp-content\/uploads\/2014\/02\/Hires_Teho_Liquidry.jpg\",\"width\":1024,\"height\":1024,\"caption\":\"TEHO Liquidry -imeytysaine nesteille\"},{\"@type\":\"BreadcrumbList\",\"@id\":\"https:\/\/www.hitech.fi\/hitech\/product\/teho-liquidry-imeytysaine\/#breadcrumb\",\"itemListElement\":[{\"@type\":\"ListItem\",\"position\":1,\"name\":\"Etusivu\",\"item\":\"https:\/\/www.hitech.fi\/hitech\/\"},{\"@type\":\"ListItem\",\"position\":2,\"name\":\"Katalogi\",\"item\":\"https:\/\/www.hitech.fi\/hitech\/katalogi\/\"},{\"@type\":\"ListItem\",\"position\":3,\"name\":\"TEHO Liquidry -imeytysaine\"}]},{\"@type\":\"WebSite\",\"@id\":\"https:\/\/www.hitech.fi\/hitech\/#website\",\"url\":\"https:\/\/www.hitech.fi\/hitech\/\",\"name\":\"Hitech Chemicals\",\"description\":\"Puhdistusaineet ja huoltotuotteet\",\"publisher\":{\"@id\":\"https:\/\/www.hitech.fi\/hitech\/#organization\"},\"potentialAction\":[{\"@type\":\"SearchAction\",\"target\":{\"@type\":\"EntryPoint\",\"urlTemplate\":\"https:\/\/www.hitech.fi\/hitech\/?s={search_term_string}\"},\"query-input\":{\"@type\":\"PropertyValueSpecification\",\"valueRequired\":true,\"valueName\":\"search_term_string\"}}],\"inLanguage\":\"fi\"},{\"@type\":\"Organization\",\"@id\":\"https:\/\/www.hitech.fi\/hitech\/#organization\",\"name\":\"Hitech Chemicals\",\"alternateName\":\"Hitech\",\"url\":\"https:\/\/www.hitech.fi\/hitech\/\",\"logo\":{\"@type\":\"ImageObject\",\"inLanguage\":\"fi\",\"@id\":\"https:\/\/www.hitech.fi\/hitech\/#\/schema\/logo\/image\/\",\"url\":\"https:\/\/www.hitech.fi\/hitech\/wp-content\/uploads\/2023\/06\/cropped-hitech_logo_600x600.png\",\"contentUrl\":\"https:\/\/www.hitech.fi\/hitech\/wp-content\/uploads\/2023\/06\/cropped-hitech_logo_600x600.png\",\"width\":512,\"height\":512,\"caption\":\"Hitech Chemicals\"},\"image\":{\"@id\":\"https:\/\/www.hitech.fi\/hitech\/#\/schema\/logo\/image\/\"},\"sameAs\":[\"https:\/\/www.facebook.com\/hitechfinland\"]}]}<\/script>\n<!-- \/ Yoast SEO plugin. -->","yoast_head_json":{"title":"TEHO Liquidry -imeytysaine | Hitech Chemicals","robots":{"index":"index","follow":"follow","max-snippet":"max-snippet:-1","max-image-preview":"max-image-preview:large","max-video-preview":"max-video-preview:-1"},"canonical":"https:\/\/www.hitech.fi\/hitech\/product\/teho-liquidry-imeytysaine\/","og_locale":"fi_FI","og_type":"article","og_title":"TEHO Liquidry -imeytysaine | Hitech Chemicals","og_description":"TEHO Liquidry on eritt\u00e4in tehokas vesipohjaisten nesteiden imeytysaine, joka imeytt\u00e4\u00e4 nopeasti\u00a0 \u201cvahingot\u201d kuten virtsan, oksennuksen, veren, virvoitusjuomat, jne. puoli-kiinte\u00e4ksi geeliksi. Imeytt\u00e4\u00e4 50-120 kertaisesti oman painonsa verran nestett\u00e4.","og_url":"https:\/\/www.hitech.fi\/hitech\/product\/teho-liquidry-imeytysaine\/","og_site_name":"Hitech Chemicals","article_publisher":"https:\/\/www.facebook.com\/hitechfinland","article_modified_time":"2024-05-10T11:27:37+00:00","og_image":[{"width":1024,"height":1024,"url":"https:\/\/www.hitech.fi\/hitech\/wp-content\/uploads\/2014\/02\/Hires_Teho_Liquidry.jpg","type":"image\/jpeg"}],"twitter_card":"summary_large_image","twitter_misc":{"Arvioitu lukuaika":"1 minuutti"},"schema":{"@context":"https:\/\/schema.org","@graph":[{"@type":"WebPage","@id":"https:\/\/www.hitech.fi\/hitech\/product\/teho-liquidry-imeytysaine\/","url":"https:\/\/www.hitech.fi\/hitech\/product\/teho-liquidry-imeytysaine\/","name":"TEHO Liquidry -imeytysaine | Hitech Chemicals","isPartOf":{"@id":"https:\/\/www.hitech.fi\/hitech\/#website"},"primaryImageOfPage":{"@id":"https:\/\/www.hitech.fi\/hitech\/product\/teho-liquidry-imeytysaine\/#primaryimage"},"image":{"@id":"https:\/\/www.hitech.fi\/hitech\/product\/teho-liquidry-imeytysaine\/#primaryimage"},"thumbnailUrl":"https:\/\/www.hitech.fi\/hitech\/wp-content\/uploads\/2014\/02\/Hires_Teho_Liquidry.jpg","datePublished":"2023-10-17T10:04:41+00:00","dateModified":"2024-05-10T11:27:37+00:00","breadcrumb":{"@id":"https:\/\/www.hitech.fi\/hitech\/product\/teho-liquidry-imeytysaine\/#breadcrumb"},"inLanguage":"fi","potentialAction":[{"@type":"ReadAction","target":["https:\/\/www.hitech.fi\/hitech\/product\/teho-liquidry-imeytysaine\/"]}]},{"@type":"ImageObject","inLanguage":"fi","@id":"https:\/\/www.hitech.fi\/hitech\/product\/teho-liquidry-imeytysaine\/#primaryimage","url":"https:\/\/www.hitech.fi\/hitech\/wp-content\/uploads\/2014\/02\/Hires_Teho_Liquidry.jpg","contentUrl":"https:\/\/www.hitech.fi\/hitech\/wp-content\/uploads\/2014\/02\/Hires_Teho_Liquidry.jpg","width":1024,"height":1024,"caption":"TEHO Liquidry -imeytysaine nesteille"},{"@type":"BreadcrumbList","@id":"https:\/\/www.hitech.fi\/hitech\/product\/teho-liquidry-imeytysaine\/#breadcrumb","itemListElement":[{"@type":"ListItem","position":1,"name":"Etusivu","item":"https:\/\/www.hitech.fi\/hitech\/"},{"@type":"ListItem","position":2,"name":"Katalogi","item":"https:\/\/www.hitech.fi\/hitech\/katalogi\/"},{"@type":"ListItem","position":3,"name":"TEHO Liquidry -imeytysaine"}]},{"@type":"WebSite","@id":"https:\/\/www.hitech.fi\/hitech\/#website","url":"https:\/\/www.hitech.fi\/hitech\/","name":"Hitech Chemicals","description":"Puhdistusaineet ja huoltotuotteet","publisher":{"@id":"https:\/\/www.hitech.fi\/hitech\/#organization"},"potentialAction":[{"@type":"SearchAction","target":{"@type":"EntryPoint","urlTemplate":"https:\/\/www.hitech.fi\/hitech\/?s={search_term_string}"},"query-input":{"@type":"PropertyValueSpecification","valueRequired":true,"valueName":"search_term_string"}}],"inLanguage":"fi"},{"@type":"Organization","@id":"https:\/\/www.hitech.fi\/hitech\/#organization","name":"Hitech Chemicals","alternateName":"Hitech","url":"https:\/\/www.hitech.fi\/hitech\/","logo":{"@type":"ImageObject","inLanguage":"fi","@id":"https:\/\/www.hitech.fi\/hitech\/#\/schema\/logo\/image\/","url":"https:\/\/www.hitech.fi\/hitech\/wp-content\/uploads\/2023\/06\/cropped-hitech_logo_600x600.png","contentUrl":"https:\/\/www.hitech.fi\/hitech\/wp-content\/uploads\/2023\/06\/cropped-hitech_logo_600x600.png","width":512,"height":512,"caption":"Hitech Chemicals"},"image":{"@id":"https:\/\/www.hitech.fi\/hitech\/#\/schema\/logo\/image\/"},"sameAs":["https:\/\/www.facebook.com\/hitechfinland"]}]}},"_links":{"self":[{"href":"https:\/\/www.hitech.fi\/hitech\/wp-json\/wp\/v2\/product\/781","targetHints":{"allow":["GET"]}}],"collection":[{"href":"https:\/\/www.hitech.fi\/hitech\/wp-json\/wp\/v2\/product"}],"about":[{"href":"https:\/\/www.hitech.fi\/hitech\/wp-json\/wp\/v2\/types\/product"}],"replies":[{"embeddable":true,"href":"https:\/\/www.hitech.fi\/hitech\/wp-json\/wp\/v2\/comments?post=781"}],"wp:featuredmedia":[{"embeddable":true,"href":"https:\/\/www.hitech.fi\/hitech\/wp-json\/wp\/v2\/media\/250"}],"wp:attachment":[{"href":"https:\/\/www.hitech.fi\/hitech\/wp-json\/wp\/v2\/media?parent=781"}],"wp:term":[{"taxonomy":"product_brand","embeddable":true,"href":"https:\/\/www.hitech.fi\/hitech\/wp-json\/wp\/v2\/product_brand?post=781"},{"taxonomy":"product_cat","embeddable":true,"href":"https:\/\/www.hitech.fi\/hitech\/wp-json\/wp\/v2\/product_cat?post=781"},{"taxonomy":"product_tag","embeddable":true,"href":"https:\/\/www.hitech.fi\/hitech\/wp-json\/wp\/v2\/product_tag?post=781"}],"curies":[{"name":"wp","href":"https:\/\/api.w.org\/{rel}","templated":true}]}}