{"id":780,"date":"2023-10-17T13:00:18","date_gmt":"2023-10-17T10:00:18","guid":{"rendered":"https:\/\/www.hitech.fi\/hitech\/?post_type=product&#038;p=780"},"modified":"2024-05-10T14:28:09","modified_gmt":"2024-05-10T11:28:09","slug":"teho-kasisuojavoide-2-in-1","status":"publish","type":"product","link":"https:\/\/www.hitech.fi\/hitech\/product\/teho-kasisuojavoide-2-in-1\/","title":{"rendered":"TEHO K\u00e4sisuojavoide 2-in-1"},"content":{"rendered":"<p><strong>TEHO K\u00e4sisuojavoide on eritt\u00e4in tehokas ihoa suojaava voide, joka muodostaa \u201cn\u00e4kym\u00e4tt\u00f6m\u00e4n hansikkaan\u201d ja hoitaa ihoa.<\/strong><\/p>\n<p>TEHO K\u00e4sisuojavoide on k\u00e4ytt\u00f6valmis ihoa suojaava voide. Tuote on vesipohjainen, eik\u00e4 j\u00e4t\u00e4 ihoa rasvaiseksi ja tahmeaksi. L\u00e4pip\u00e4\u00e4sem\u00e4t\u00f6n suojakerros suojaa ihoa likaa, rasvaa, mustetta, \u00f6ljy\u00e4, liuottimia, jne. vastaan. Tuote my\u00f6s suojaa ihoa\u00a0 eri kemikaalien aiheuttamalta iho\u00e4rsytykselt\u00e4.<\/p>\n<p>TEHO K\u00e4sisuojavoide sis\u00e4lt\u00e4\u00e4 ainutlaatuisen yhdistelm\u00e4n ihoa hoitavia- ja suoja-aineita. Tuote ravitsee ja virkist\u00e4\u00e4 ihoa; antaa v\u00e4litt\u00f6m\u00e4sti raikkaan tunteen. Suojaa ihoa kuivumiselta ja est\u00e4\u00e4 halkeamia. Helppok\u00e4ytt\u00f6inen. Muodostaa \u201cn\u00e4kym\u00e4tt\u00f6m\u00e4n hansikkaan\u201d.<\/p>\n<p><strong>SUOSITELLAAN K\u00c4YTETT\u00c4V\u00c4KSI: <\/strong>Suojavoiteena ennen ihoa likaavaan ty\u00f6h\u00f6n ryhtymist\u00e4, sek\u00e4 k\u00e4sienpesun j\u00e4lkeen k\u00e4si\u00e4 hoitavana voiteena (2 in 1).<\/p>\n<p><strong>\u00a0<\/strong><\/p>\n<p><strong>K\u00c4YTT\u00d6OHJE:<\/strong><\/p>\n<ol>\n<li>Pese k\u00e4det ja anna kuivua ennen voiteen levitt\u00e4mist\u00e4.<\/li>\n<li>Ota pieni m\u00e4\u00e4r\u00e4 voidetta k\u00e4siin ja levit\u00e4 tasaisesti (\u00e4l\u00e4 unohda sormien v\u00e4lej\u00e4, kynsien alusia ja reunoja).<\/li>\n<li>Anna k\u00e4sien kuivua hetken.<\/li>\n<li>Suositellaan k\u00e4ytett\u00e4v\u00e4ksi pesun j\u00e4lkeen ja ty\u00f6p\u00e4iv\u00e4n p\u00e4\u00e4tteeksi k\u00e4si\u00e4 hoitavana voiteena.<\/li>\n<li>HUOM! Tuote ei vapauta suojak\u00e4sineiden k\u00e4yt\u00f6lt\u00e4 niiss\u00e4 teht\u00e4viss\u00e4, miss\u00e4 s\u00e4\u00e4d\u00f6sten mukaan niit\u00e4 vaaditaan. pH: 7-8,0<\/li>\n<\/ol>\n<p><strong>HUOM. AMMATTIK\u00c4YTT\u00d6\u00d6N!<\/p>\n<p><\/strong><\/p>\n<p><strong>Sis\u00e4lt\u00e4\u00e4:<\/strong> Anioniset pinta-aktiiviset aineet 5% &#8211; 15%, saippua &lt; 5%, hajuvedet, s\u00e4il\u00f6nt\u00e4aine (Ethylhexyl Glycerin, Phenoxyethanol)<\/p>\n<p><strong>pH:<\/strong> 7 &#8211; 8,0<\/p>\n<p>Tuotenumero: 1086<\/p>\n<p>Tuote on pakattu 500ml muovipulloon. Myyntier\u00e4 on yksi (1) laatikko, joka sis\u00e4lt\u00e4\u00e4 24 pulloa. Ammattik\u00e4ytt\u00f6\u00f6n.<\/p>\n","protected":false},"excerpt":{"rendered":"<p><strong>TEHO K\u00e4sisuojavoide 2-in-1<\/strong>\u00a0on k\u00e4ytt\u00f6valmis ihoa suojaava voide. Tuote on vesipohjainen, eik\u00e4 j\u00e4t\u00e4 ihoa rasvaiseksi ja tahmeaksi. L\u00e4pip\u00e4\u00e4sem\u00e4t\u00f6n suojakerros suojaa ihoa likaa, rasvaa, mustetta, \u00f6ljy\u00e4, liuottimia, jne. vastaan. Tuote my\u00f6s suojaa ihoa\u00a0 eri kemikaalien aiheuttamalta iho\u00e4rsytykselt\u00e4.<\/p>\n[maxbutton id=\"2\" url=\"https:\/\/www.hitech.fi\/hitech\/wp-content\/uploads\/2023\/12\/TEHO_Kasisuojavoide_2in1_web.pdf\" text=\"Lataa tuotekortti\" window=\"new\" ]\n","protected":false},"featured_media":581,"comment_status":"closed","ping_status":"closed","template":"","meta":[],"product_brand":[],"product_cat":[147,134,122,136,138,137,139,96,135,133],"product_tag":[],"class_list":{"0":"post-780","1":"product","2":"type-product","3":"status-publish","4":"has-post-thumbnail","6":"product_cat-huolto-ja-korjaus","7":"product_cat-kalusto-ja-ajoneuvot","8":"product_cat-kasienpuhdistus","9":"product_cat-keittio-ja-elintarviketeollisuus","10":"product_cat-kiinteistohuolto","11":"product_cat-maatalous","12":"product_cat-metsatalous","13":"product_cat-pesuaineet","14":"product_cat-teollisuus","15":"product_cat-toimialat","17":"first","18":"instock","19":"shipping-taxable","20":"product-type-simple"},"yoast_head":"<!-- This site is optimized with the Yoast SEO plugin v24.3 - https:\/\/yoast.com\/wordpress\/plugins\/seo\/ -->\n<title>TEHO K\u00e4sisuojavoide 2-in-1 | Hitech Chemicals<\/title>\n<meta name=\"robots\" content=\"index, follow, max-snippet:-1, max-image-preview:large, max-video-preview:-1\" \/>\n<link rel=\"canonical\" href=\"https:\/\/www.hitech.fi\/hitech\/product\/teho-kasisuojavoide-2-in-1\/\" \/>\n<meta property=\"og:locale\" content=\"fi_FI\" \/>\n<meta property=\"og:type\" content=\"article\" \/>\n<meta property=\"og:title\" content=\"TEHO K\u00e4sisuojavoide 2-in-1 | Hitech Chemicals\" \/>\n<meta property=\"og:description\" content=\"TEHO K\u00e4sisuojavoide 2-in-1\u00a0on k\u00e4ytt\u00f6valmis ihoa suojaava voide. Tuote on vesipohjainen, eik\u00e4 j\u00e4t\u00e4 ihoa rasvaiseksi ja tahmeaksi. L\u00e4pip\u00e4\u00e4sem\u00e4t\u00f6n suojakerros suojaa ihoa likaa, rasvaa, mustetta, \u00f6ljy\u00e4, liuottimia, jne. vastaan. Tuote my\u00f6s suojaa ihoa\u00a0 eri kemikaalien aiheuttamalta iho\u00e4rsytykselt\u00e4.\" \/>\n<meta property=\"og:url\" content=\"https:\/\/www.hitech.fi\/hitech\/product\/teho-kasisuojavoide-2-in-1\/\" \/>\n<meta property=\"og:site_name\" content=\"Hitech Chemicals\" \/>\n<meta property=\"article:publisher\" content=\"https:\/\/www.facebook.com\/hitechfinland\" \/>\n<meta property=\"article:modified_time\" content=\"2024-05-10T11:28:09+00:00\" \/>\n<meta property=\"og:image\" content=\"https:\/\/www.hitech.fi\/hitech\/wp-content\/uploads\/2022\/03\/Hires_TEHO_Kasisuojavoide_2-in-1_v1.png\" \/>\n\t<meta property=\"og:image:width\" content=\"1024\" \/>\n\t<meta property=\"og:image:height\" content=\"1024\" \/>\n\t<meta property=\"og:image:type\" content=\"image\/png\" \/>\n<meta name=\"twitter:card\" content=\"summary_large_image\" \/>\n<meta name=\"twitter:label1\" content=\"Arvioitu lukuaika\" \/>\n\t<meta name=\"twitter:data1\" content=\"2 minuuttia\" \/>\n<script type=\"application\/ld+json\" class=\"yoast-schema-graph\">{\"@context\":\"https:\/\/schema.org\",\"@graph\":[{\"@type\":\"WebPage\",\"@id\":\"https:\/\/www.hitech.fi\/hitech\/product\/teho-kasisuojavoide-2-in-1\/\",\"url\":\"https:\/\/www.hitech.fi\/hitech\/product\/teho-kasisuojavoide-2-in-1\/\",\"name\":\"TEHO K\u00e4sisuojavoide 2-in-1 | Hitech Chemicals\",\"isPartOf\":{\"@id\":\"https:\/\/www.hitech.fi\/hitech\/#website\"},\"primaryImageOfPage\":{\"@id\":\"https:\/\/www.hitech.fi\/hitech\/product\/teho-kasisuojavoide-2-in-1\/#primaryimage\"},\"image\":{\"@id\":\"https:\/\/www.hitech.fi\/hitech\/product\/teho-kasisuojavoide-2-in-1\/#primaryimage\"},\"thumbnailUrl\":\"https:\/\/www.hitech.fi\/hitech\/wp-content\/uploads\/2022\/03\/Hires_TEHO_Kasisuojavoide_2-in-1_v1.png\",\"datePublished\":\"2023-10-17T10:00:18+00:00\",\"dateModified\":\"2024-05-10T11:28:09+00:00\",\"breadcrumb\":{\"@id\":\"https:\/\/www.hitech.fi\/hitech\/product\/teho-kasisuojavoide-2-in-1\/#breadcrumb\"},\"inLanguage\":\"fi\",\"potentialAction\":[{\"@type\":\"ReadAction\",\"target\":[\"https:\/\/www.hitech.fi\/hitech\/product\/teho-kasisuojavoide-2-in-1\/\"]}]},{\"@type\":\"ImageObject\",\"inLanguage\":\"fi\",\"@id\":\"https:\/\/www.hitech.fi\/hitech\/product\/teho-kasisuojavoide-2-in-1\/#primaryimage\",\"url\":\"https:\/\/www.hitech.fi\/hitech\/wp-content\/uploads\/2022\/03\/Hires_TEHO_Kasisuojavoide_2-in-1_v1.png\",\"contentUrl\":\"https:\/\/www.hitech.fi\/hitech\/wp-content\/uploads\/2022\/03\/Hires_TEHO_Kasisuojavoide_2-in-1_v1.png\",\"width\":1024,\"height\":1024,\"caption\":\"TEHO K\u00e4sisuojavoide \\\"n\u00e4kym\u00e4t\u00f6n hansikas\\\"\"},{\"@type\":\"BreadcrumbList\",\"@id\":\"https:\/\/www.hitech.fi\/hitech\/product\/teho-kasisuojavoide-2-in-1\/#breadcrumb\",\"itemListElement\":[{\"@type\":\"ListItem\",\"position\":1,\"name\":\"Etusivu\",\"item\":\"https:\/\/www.hitech.fi\/hitech\/\"},{\"@type\":\"ListItem\",\"position\":2,\"name\":\"Katalogi\",\"item\":\"https:\/\/www.hitech.fi\/hitech\/katalogi\/\"},{\"@type\":\"ListItem\",\"position\":3,\"name\":\"TEHO K\u00e4sisuojavoide 2-in-1\"}]},{\"@type\":\"WebSite\",\"@id\":\"https:\/\/www.hitech.fi\/hitech\/#website\",\"url\":\"https:\/\/www.hitech.fi\/hitech\/\",\"name\":\"Hitech Chemicals\",\"description\":\"Puhdistusaineet ja huoltotuotteet\",\"publisher\":{\"@id\":\"https:\/\/www.hitech.fi\/hitech\/#organization\"},\"potentialAction\":[{\"@type\":\"SearchAction\",\"target\":{\"@type\":\"EntryPoint\",\"urlTemplate\":\"https:\/\/www.hitech.fi\/hitech\/?s={search_term_string}\"},\"query-input\":{\"@type\":\"PropertyValueSpecification\",\"valueRequired\":true,\"valueName\":\"search_term_string\"}}],\"inLanguage\":\"fi\"},{\"@type\":\"Organization\",\"@id\":\"https:\/\/www.hitech.fi\/hitech\/#organization\",\"name\":\"Hitech Chemicals\",\"alternateName\":\"Hitech\",\"url\":\"https:\/\/www.hitech.fi\/hitech\/\",\"logo\":{\"@type\":\"ImageObject\",\"inLanguage\":\"fi\",\"@id\":\"https:\/\/www.hitech.fi\/hitech\/#\/schema\/logo\/image\/\",\"url\":\"https:\/\/www.hitech.fi\/hitech\/wp-content\/uploads\/2023\/06\/cropped-hitech_logo_600x600.png\",\"contentUrl\":\"https:\/\/www.hitech.fi\/hitech\/wp-content\/uploads\/2023\/06\/cropped-hitech_logo_600x600.png\",\"width\":512,\"height\":512,\"caption\":\"Hitech Chemicals\"},\"image\":{\"@id\":\"https:\/\/www.hitech.fi\/hitech\/#\/schema\/logo\/image\/\"},\"sameAs\":[\"https:\/\/www.facebook.com\/hitechfinland\"]}]}<\/script>\n<!-- \/ Yoast SEO plugin. -->","yoast_head_json":{"title":"TEHO K\u00e4sisuojavoide 2-in-1 | Hitech Chemicals","robots":{"index":"index","follow":"follow","max-snippet":"max-snippet:-1","max-image-preview":"max-image-preview:large","max-video-preview":"max-video-preview:-1"},"canonical":"https:\/\/www.hitech.fi\/hitech\/product\/teho-kasisuojavoide-2-in-1\/","og_locale":"fi_FI","og_type":"article","og_title":"TEHO K\u00e4sisuojavoide 2-in-1 | Hitech Chemicals","og_description":"TEHO K\u00e4sisuojavoide 2-in-1\u00a0on k\u00e4ytt\u00f6valmis ihoa suojaava voide. Tuote on vesipohjainen, eik\u00e4 j\u00e4t\u00e4 ihoa rasvaiseksi ja tahmeaksi. L\u00e4pip\u00e4\u00e4sem\u00e4t\u00f6n suojakerros suojaa ihoa likaa, rasvaa, mustetta, \u00f6ljy\u00e4, liuottimia, jne. vastaan. Tuote my\u00f6s suojaa ihoa\u00a0 eri kemikaalien aiheuttamalta iho\u00e4rsytykselt\u00e4.","og_url":"https:\/\/www.hitech.fi\/hitech\/product\/teho-kasisuojavoide-2-in-1\/","og_site_name":"Hitech Chemicals","article_publisher":"https:\/\/www.facebook.com\/hitechfinland","article_modified_time":"2024-05-10T11:28:09+00:00","og_image":[{"width":1024,"height":1024,"url":"https:\/\/www.hitech.fi\/hitech\/wp-content\/uploads\/2022\/03\/Hires_TEHO_Kasisuojavoide_2-in-1_v1.png","type":"image\/png"}],"twitter_card":"summary_large_image","twitter_misc":{"Arvioitu lukuaika":"2 minuuttia"},"schema":{"@context":"https:\/\/schema.org","@graph":[{"@type":"WebPage","@id":"https:\/\/www.hitech.fi\/hitech\/product\/teho-kasisuojavoide-2-in-1\/","url":"https:\/\/www.hitech.fi\/hitech\/product\/teho-kasisuojavoide-2-in-1\/","name":"TEHO K\u00e4sisuojavoide 2-in-1 | Hitech Chemicals","isPartOf":{"@id":"https:\/\/www.hitech.fi\/hitech\/#website"},"primaryImageOfPage":{"@id":"https:\/\/www.hitech.fi\/hitech\/product\/teho-kasisuojavoide-2-in-1\/#primaryimage"},"image":{"@id":"https:\/\/www.hitech.fi\/hitech\/product\/teho-kasisuojavoide-2-in-1\/#primaryimage"},"thumbnailUrl":"https:\/\/www.hitech.fi\/hitech\/wp-content\/uploads\/2022\/03\/Hires_TEHO_Kasisuojavoide_2-in-1_v1.png","datePublished":"2023-10-17T10:00:18+00:00","dateModified":"2024-05-10T11:28:09+00:00","breadcrumb":{"@id":"https:\/\/www.hitech.fi\/hitech\/product\/teho-kasisuojavoide-2-in-1\/#breadcrumb"},"inLanguage":"fi","potentialAction":[{"@type":"ReadAction","target":["https:\/\/www.hitech.fi\/hitech\/product\/teho-kasisuojavoide-2-in-1\/"]}]},{"@type":"ImageObject","inLanguage":"fi","@id":"https:\/\/www.hitech.fi\/hitech\/product\/teho-kasisuojavoide-2-in-1\/#primaryimage","url":"https:\/\/www.hitech.fi\/hitech\/wp-content\/uploads\/2022\/03\/Hires_TEHO_Kasisuojavoide_2-in-1_v1.png","contentUrl":"https:\/\/www.hitech.fi\/hitech\/wp-content\/uploads\/2022\/03\/Hires_TEHO_Kasisuojavoide_2-in-1_v1.png","width":1024,"height":1024,"caption":"TEHO K\u00e4sisuojavoide \"n\u00e4kym\u00e4t\u00f6n hansikas\""},{"@type":"BreadcrumbList","@id":"https:\/\/www.hitech.fi\/hitech\/product\/teho-kasisuojavoide-2-in-1\/#breadcrumb","itemListElement":[{"@type":"ListItem","position":1,"name":"Etusivu","item":"https:\/\/www.hitech.fi\/hitech\/"},{"@type":"ListItem","position":2,"name":"Katalogi","item":"https:\/\/www.hitech.fi\/hitech\/katalogi\/"},{"@type":"ListItem","position":3,"name":"TEHO K\u00e4sisuojavoide 2-in-1"}]},{"@type":"WebSite","@id":"https:\/\/www.hitech.fi\/hitech\/#website","url":"https:\/\/www.hitech.fi\/hitech\/","name":"Hitech Chemicals","description":"Puhdistusaineet ja huoltotuotteet","publisher":{"@id":"https:\/\/www.hitech.fi\/hitech\/#organization"},"potentialAction":[{"@type":"SearchAction","target":{"@type":"EntryPoint","urlTemplate":"https:\/\/www.hitech.fi\/hitech\/?s={search_term_string}"},"query-input":{"@type":"PropertyValueSpecification","valueRequired":true,"valueName":"search_term_string"}}],"inLanguage":"fi"},{"@type":"Organization","@id":"https:\/\/www.hitech.fi\/hitech\/#organization","name":"Hitech Chemicals","alternateName":"Hitech","url":"https:\/\/www.hitech.fi\/hitech\/","logo":{"@type":"ImageObject","inLanguage":"fi","@id":"https:\/\/www.hitech.fi\/hitech\/#\/schema\/logo\/image\/","url":"https:\/\/www.hitech.fi\/hitech\/wp-content\/uploads\/2023\/06\/cropped-hitech_logo_600x600.png","contentUrl":"https:\/\/www.hitech.fi\/hitech\/wp-content\/uploads\/2023\/06\/cropped-hitech_logo_600x600.png","width":512,"height":512,"caption":"Hitech Chemicals"},"image":{"@id":"https:\/\/www.hitech.fi\/hitech\/#\/schema\/logo\/image\/"},"sameAs":["https:\/\/www.facebook.com\/hitechfinland"]}]}},"_links":{"self":[{"href":"https:\/\/www.hitech.fi\/hitech\/wp-json\/wp\/v2\/product\/780","targetHints":{"allow":["GET"]}}],"collection":[{"href":"https:\/\/www.hitech.fi\/hitech\/wp-json\/wp\/v2\/product"}],"about":[{"href":"https:\/\/www.hitech.fi\/hitech\/wp-json\/wp\/v2\/types\/product"}],"replies":[{"embeddable":true,"href":"https:\/\/www.hitech.fi\/hitech\/wp-json\/wp\/v2\/comments?post=780"}],"wp:featuredmedia":[{"embeddable":true,"href":"https:\/\/www.hitech.fi\/hitech\/wp-json\/wp\/v2\/media\/581"}],"wp:attachment":[{"href":"https:\/\/www.hitech.fi\/hitech\/wp-json\/wp\/v2\/media?parent=780"}],"wp:term":[{"taxonomy":"product_brand","embeddable":true,"href":"https:\/\/www.hitech.fi\/hitech\/wp-json\/wp\/v2\/product_brand?post=780"},{"taxonomy":"product_cat","embeddable":true,"href":"https:\/\/www.hitech.fi\/hitech\/wp-json\/wp\/v2\/product_cat?post=780"},{"taxonomy":"product_tag","embeddable":true,"href":"https:\/\/www.hitech.fi\/hitech\/wp-json\/wp\/v2\/product_tag?post=780"}],"curies":[{"name":"wp","href":"https:\/\/api.w.org\/{rel}","templated":true}]}}