{"id":775,"date":"2023-10-17T12:25:39","date_gmt":"2023-10-17T09:25:39","guid":{"rendered":"https:\/\/www.hitech.fi\/hitech\/?post_type=product&#038;p=775"},"modified":"2026-01-08T11:33:46","modified_gmt":"2026-01-08T09:33:46","slug":"teho-jaansulatusrae-51c","status":"publish","type":"product","link":"https:\/\/www.hitech.fi\/hitech\/product\/teho-jaansulatusrae-51c\/","title":{"rendered":"TEHO J\u00e4\u00e4nsulatusrae -51\u00b0C"},"content":{"rendered":"<p><strong>TEHO J\u00e4\u00e4nsulatusrae \u2013 51 \u00b0C <\/strong>on eritt\u00e4in tehokas lumen ja j\u00e4\u00e4n sulattaja.<\/p>\n<p>Tuote on olomuodoltaan <strong>rae<\/strong>, joka joutuessaan kosketuksiin lumen ja j\u00e4\u00e4n kanssa muodostaa kemiallisen rektion ja toimii pitk\u00e4\u00e4n. Toimii jopa \u2013 51 \u00b0 C l\u00e4mp\u00f6tilaan asti. Est\u00e4\u00e4 tehokkaasti j\u00e4\u00e4n tuomaa liukkauden vaaraa. Ei sis\u00e4ll\u00e4 suolaa.<strong><br \/>\n<\/strong><\/p>\n<p><strong>K\u00c4YTT\u00d6KOHTEET:<\/strong> Ajoluiskat, jalkak\u00e4yt\u00e4v\u00e4t, lastaussillat, ovien edustat, sadevesikaivojen kannet, r\u00e4nnit, portaat, jne.<\/p>\n<p><strong>HUOM. AMMATTIK\u00c4YTT\u00d6\u00d6N!\u00a0<\/strong><\/p>\n<p><strong>K\u00c4YTT\u00d6OHJE:<\/strong><\/p>\n<ol>\n<li>J\u00e4\u00e4nsulatusrakeita levitet\u00e4\u00e4n tasaisesti k\u00e4sitelt\u00e4v\u00e4lle alueelle.Ainetta annostellaan tarpeen mukaan: pieni m\u00e4\u00e4r\u00e4 karhentaa pintaa ja sulattaa ohuen j\u00e4\u00e4n. Suurempi m\u00e4\u00e4r\u00e4 porautuu j\u00e4\u00e4n l\u00e4pi ja irrottaa j\u00e4\u00e4kerroksen.<\/li>\n<li>Hetken kuluttua osittain sulanut ja irronnut lumi ja j\u00e4\u00e4 on helppo poistaa.<\/li>\n<li>Voidaan k\u00e4ytt\u00e4\u00e4 my\u00f6s ennaltaehk\u00e4isev\u00e4sti est\u00e4m\u00e4\u00e4n \u201cmustaa j\u00e4\u00e4t\u00e4\u201d levitt\u00e4m\u00e4ll\u00e4 pieni m\u00e4\u00e4r\u00e4 ainetta alueelle ennen lumentuloa\/pakastumista.<\/li>\n<li><strong>HUOM!<\/strong> Sulje muovipakkauksen kansi huolellisesti k\u00e4yt\u00f6n j\u00e4lkeen.<\/li>\n<\/ol>\n<p>&nbsp;<\/p>\n<p><strong>OMINAISUUDET:<\/strong><strong>\u00a0<\/strong><\/p>\n<ul>\n<li><strong>K\u00e4ytt\u00f6:<\/strong> Lumen ja j\u00e4\u00e4n sulattaja, tarpeen mukaan 5-125g\/m2<\/li>\n<li><strong>Olomuoto:<\/strong> Rae, v\u00e4rit\u00f6n, hajuton<\/li>\n<li>Sis\u00e4lt\u00e4\u00e4 Kalsiumkloridia<\/li>\n<\/ul>\n<p>Tuotenumero: 8040<\/p>\n<p>Tuote on pakattu muoviastiaan, joka sis\u00e4lt\u00e4\u00e4 j\u00e4\u00e4nsulatusrakeita 15L. Myyntier\u00e4 on yksi (1) muoviastia 15L. Ammattik\u00e4ytt\u00f6\u00f6n.<\/p>\n","protected":false},"excerpt":{"rendered":"<p><strong>TEHO J\u00e4\u00e4nsulatusrae \u2013 51 \u00b0C <\/strong>on eritt\u00e4in tehokas lumen ja j\u00e4\u00e4n sulattaja.<br \/>\nTuote on olomuodoltaan rae, joka joutuessaan kosketuksiin lumen ja j\u00e4\u00e4n kanssa muodostaa kemiallisen rektion ja toimii pitk\u00e4\u00e4n. Toimii jopa \u2013 51 \u00b0Celsius l\u00e4mp\u00f6tilaan asti. Est\u00e4\u00e4 tehokkaasti j\u00e4\u00e4n tuomaa liukkauden vaaraa. Ei sis\u00e4ll\u00e4 suolaa.<\/p>\n[maxbutton id=\"2\" url=\"https:\/\/www.hitech.fi\/hitech\/wp-content\/uploads\/2026\/01\/Tuote-esite_TEHO_Jaansulatusrae_-51C_15L_v1.pdf\" text=\"Lataa tuotekortti\" window=\"new\" ]\n","protected":false},"featured_media":3743,"comment_status":"closed","ping_status":"closed","template":"","meta":[],"product_brand":[],"product_cat":[97,127,138,133],"product_tag":[],"class_list":{"0":"post-775","1":"product","2":"type-product","3":"status-publish","4":"has-post-thumbnail","6":"product_cat-huoltokemikaalit","7":"product_cat-jaansulatus-ja-ehkaisy","8":"product_cat-kiinteistohuolto","9":"product_cat-toimialat","11":"first","12":"instock","13":"shipping-taxable","14":"product-type-simple"},"yoast_head":"<!-- This site is optimized with the Yoast SEO plugin v24.3 - https:\/\/yoast.com\/wordpress\/plugins\/seo\/ -->\n<title>TEHO J\u00e4\u00e4nsulatusrae -51\u00b0C | Hitech Chemicals<\/title>\n<meta name=\"robots\" content=\"index, follow, max-snippet:-1, max-image-preview:large, max-video-preview:-1\" \/>\n<link rel=\"canonical\" href=\"https:\/\/www.hitech.fi\/hitech\/product\/teho-jaansulatusrae-51c\/\" \/>\n<meta property=\"og:locale\" content=\"fi_FI\" \/>\n<meta property=\"og:type\" content=\"article\" \/>\n<meta property=\"og:title\" content=\"TEHO J\u00e4\u00e4nsulatusrae -51\u00b0C | Hitech Chemicals\" \/>\n<meta property=\"og:description\" content=\"TEHO J\u00e4\u00e4nsulatusrae \u2013 51 \u00b0C on eritt\u00e4in tehokas lumen ja j\u00e4\u00e4n sulattaja. Tuote on olomuodoltaan rae, joka joutuessaan kosketuksiin lumen ja j\u00e4\u00e4n kanssa muodostaa kemiallisen rektion ja toimii pitk\u00e4\u00e4n. Toimii jopa \u2013 51 \u00b0Celsius l\u00e4mp\u00f6tilaan asti. Est\u00e4\u00e4 tehokkaasti j\u00e4\u00e4n tuomaa liukkauden vaaraa. Ei sis\u00e4ll\u00e4 suolaa.\" \/>\n<meta property=\"og:url\" content=\"https:\/\/www.hitech.fi\/hitech\/product\/teho-jaansulatusrae-51c\/\" \/>\n<meta property=\"og:site_name\" content=\"Hitech Chemicals\" \/>\n<meta property=\"article:publisher\" content=\"https:\/\/www.facebook.com\/hitechfinland\" \/>\n<meta property=\"article:modified_time\" content=\"2026-01-08T09:33:46+00:00\" \/>\n<meta property=\"og:image\" content=\"https:\/\/www.hitech.fi\/hitech\/wp-content\/uploads\/2026\/01\/Jaansula_rae_raaka_1_syvatty-768x1024.png\" \/>\n\t<meta property=\"og:image:width\" content=\"768\" \/>\n\t<meta property=\"og:image:height\" content=\"1024\" \/>\n\t<meta property=\"og:image:type\" content=\"image\/png\" \/>\n<meta name=\"twitter:card\" content=\"summary_large_image\" \/>\n<meta name=\"twitter:label1\" content=\"Arvioitu lukuaika\" \/>\n\t<meta name=\"twitter:data1\" content=\"2 minuuttia\" \/>\n<script type=\"application\/ld+json\" class=\"yoast-schema-graph\">{\"@context\":\"https:\/\/schema.org\",\"@graph\":[{\"@type\":\"WebPage\",\"@id\":\"https:\/\/www.hitech.fi\/hitech\/product\/teho-jaansulatusrae-51c\/\",\"url\":\"https:\/\/www.hitech.fi\/hitech\/product\/teho-jaansulatusrae-51c\/\",\"name\":\"TEHO J\u00e4\u00e4nsulatusrae -51\u00b0C | Hitech Chemicals\",\"isPartOf\":{\"@id\":\"https:\/\/www.hitech.fi\/hitech\/#website\"},\"primaryImageOfPage\":{\"@id\":\"https:\/\/www.hitech.fi\/hitech\/product\/teho-jaansulatusrae-51c\/#primaryimage\"},\"image\":{\"@id\":\"https:\/\/www.hitech.fi\/hitech\/product\/teho-jaansulatusrae-51c\/#primaryimage\"},\"thumbnailUrl\":\"https:\/\/www.hitech.fi\/hitech\/wp-content\/uploads\/2026\/01\/Jaansula_rae_raaka_1_syvatty.png\",\"datePublished\":\"2023-10-17T09:25:39+00:00\",\"dateModified\":\"2026-01-08T09:33:46+00:00\",\"breadcrumb\":{\"@id\":\"https:\/\/www.hitech.fi\/hitech\/product\/teho-jaansulatusrae-51c\/#breadcrumb\"},\"inLanguage\":\"fi\",\"potentialAction\":[{\"@type\":\"ReadAction\",\"target\":[\"https:\/\/www.hitech.fi\/hitech\/product\/teho-jaansulatusrae-51c\/\"]}]},{\"@type\":\"ImageObject\",\"inLanguage\":\"fi\",\"@id\":\"https:\/\/www.hitech.fi\/hitech\/product\/teho-jaansulatusrae-51c\/#primaryimage\",\"url\":\"https:\/\/www.hitech.fi\/hitech\/wp-content\/uploads\/2026\/01\/Jaansula_rae_raaka_1_syvatty.png\",\"contentUrl\":\"https:\/\/www.hitech.fi\/hitech\/wp-content\/uploads\/2026\/01\/Jaansula_rae_raaka_1_syvatty.png\",\"width\":3024,\"height\":4032},{\"@type\":\"BreadcrumbList\",\"@id\":\"https:\/\/www.hitech.fi\/hitech\/product\/teho-jaansulatusrae-51c\/#breadcrumb\",\"itemListElement\":[{\"@type\":\"ListItem\",\"position\":1,\"name\":\"Etusivu\",\"item\":\"https:\/\/www.hitech.fi\/hitech\/\"},{\"@type\":\"ListItem\",\"position\":2,\"name\":\"Katalogi\",\"item\":\"https:\/\/www.hitech.fi\/hitech\/katalogi\/\"},{\"@type\":\"ListItem\",\"position\":3,\"name\":\"TEHO J\u00e4\u00e4nsulatusrae -51\u00b0C\"}]},{\"@type\":\"WebSite\",\"@id\":\"https:\/\/www.hitech.fi\/hitech\/#website\",\"url\":\"https:\/\/www.hitech.fi\/hitech\/\",\"name\":\"Hitech Chemicals\",\"description\":\"Puhdistusaineet ja huoltotuotteet\",\"publisher\":{\"@id\":\"https:\/\/www.hitech.fi\/hitech\/#organization\"},\"potentialAction\":[{\"@type\":\"SearchAction\",\"target\":{\"@type\":\"EntryPoint\",\"urlTemplate\":\"https:\/\/www.hitech.fi\/hitech\/?s={search_term_string}\"},\"query-input\":{\"@type\":\"PropertyValueSpecification\",\"valueRequired\":true,\"valueName\":\"search_term_string\"}}],\"inLanguage\":\"fi\"},{\"@type\":\"Organization\",\"@id\":\"https:\/\/www.hitech.fi\/hitech\/#organization\",\"name\":\"Hitech Chemicals\",\"alternateName\":\"Hitech\",\"url\":\"https:\/\/www.hitech.fi\/hitech\/\",\"logo\":{\"@type\":\"ImageObject\",\"inLanguage\":\"fi\",\"@id\":\"https:\/\/www.hitech.fi\/hitech\/#\/schema\/logo\/image\/\",\"url\":\"https:\/\/www.hitech.fi\/hitech\/wp-content\/uploads\/2023\/06\/cropped-hitech_logo_600x600.png\",\"contentUrl\":\"https:\/\/www.hitech.fi\/hitech\/wp-content\/uploads\/2023\/06\/cropped-hitech_logo_600x600.png\",\"width\":512,\"height\":512,\"caption\":\"Hitech Chemicals\"},\"image\":{\"@id\":\"https:\/\/www.hitech.fi\/hitech\/#\/schema\/logo\/image\/\"},\"sameAs\":[\"https:\/\/www.facebook.com\/hitechfinland\"]}]}<\/script>\n<!-- \/ Yoast SEO plugin. -->","yoast_head_json":{"title":"TEHO J\u00e4\u00e4nsulatusrae -51\u00b0C | Hitech Chemicals","robots":{"index":"index","follow":"follow","max-snippet":"max-snippet:-1","max-image-preview":"max-image-preview:large","max-video-preview":"max-video-preview:-1"},"canonical":"https:\/\/www.hitech.fi\/hitech\/product\/teho-jaansulatusrae-51c\/","og_locale":"fi_FI","og_type":"article","og_title":"TEHO J\u00e4\u00e4nsulatusrae -51\u00b0C | Hitech Chemicals","og_description":"TEHO J\u00e4\u00e4nsulatusrae \u2013 51 \u00b0C on eritt\u00e4in tehokas lumen ja j\u00e4\u00e4n sulattaja. Tuote on olomuodoltaan rae, joka joutuessaan kosketuksiin lumen ja j\u00e4\u00e4n kanssa muodostaa kemiallisen rektion ja toimii pitk\u00e4\u00e4n. Toimii jopa \u2013 51 \u00b0Celsius l\u00e4mp\u00f6tilaan asti. Est\u00e4\u00e4 tehokkaasti j\u00e4\u00e4n tuomaa liukkauden vaaraa. Ei sis\u00e4ll\u00e4 suolaa.","og_url":"https:\/\/www.hitech.fi\/hitech\/product\/teho-jaansulatusrae-51c\/","og_site_name":"Hitech Chemicals","article_publisher":"https:\/\/www.facebook.com\/hitechfinland","article_modified_time":"2026-01-08T09:33:46+00:00","og_image":[{"width":768,"height":1024,"url":"https:\/\/www.hitech.fi\/hitech\/wp-content\/uploads\/2026\/01\/Jaansula_rae_raaka_1_syvatty-768x1024.png","type":"image\/png"}],"twitter_card":"summary_large_image","twitter_misc":{"Arvioitu lukuaika":"2 minuuttia"},"schema":{"@context":"https:\/\/schema.org","@graph":[{"@type":"WebPage","@id":"https:\/\/www.hitech.fi\/hitech\/product\/teho-jaansulatusrae-51c\/","url":"https:\/\/www.hitech.fi\/hitech\/product\/teho-jaansulatusrae-51c\/","name":"TEHO J\u00e4\u00e4nsulatusrae -51\u00b0C | Hitech Chemicals","isPartOf":{"@id":"https:\/\/www.hitech.fi\/hitech\/#website"},"primaryImageOfPage":{"@id":"https:\/\/www.hitech.fi\/hitech\/product\/teho-jaansulatusrae-51c\/#primaryimage"},"image":{"@id":"https:\/\/www.hitech.fi\/hitech\/product\/teho-jaansulatusrae-51c\/#primaryimage"},"thumbnailUrl":"https:\/\/www.hitech.fi\/hitech\/wp-content\/uploads\/2026\/01\/Jaansula_rae_raaka_1_syvatty.png","datePublished":"2023-10-17T09:25:39+00:00","dateModified":"2026-01-08T09:33:46+00:00","breadcrumb":{"@id":"https:\/\/www.hitech.fi\/hitech\/product\/teho-jaansulatusrae-51c\/#breadcrumb"},"inLanguage":"fi","potentialAction":[{"@type":"ReadAction","target":["https:\/\/www.hitech.fi\/hitech\/product\/teho-jaansulatusrae-51c\/"]}]},{"@type":"ImageObject","inLanguage":"fi","@id":"https:\/\/www.hitech.fi\/hitech\/product\/teho-jaansulatusrae-51c\/#primaryimage","url":"https:\/\/www.hitech.fi\/hitech\/wp-content\/uploads\/2026\/01\/Jaansula_rae_raaka_1_syvatty.png","contentUrl":"https:\/\/www.hitech.fi\/hitech\/wp-content\/uploads\/2026\/01\/Jaansula_rae_raaka_1_syvatty.png","width":3024,"height":4032},{"@type":"BreadcrumbList","@id":"https:\/\/www.hitech.fi\/hitech\/product\/teho-jaansulatusrae-51c\/#breadcrumb","itemListElement":[{"@type":"ListItem","position":1,"name":"Etusivu","item":"https:\/\/www.hitech.fi\/hitech\/"},{"@type":"ListItem","position":2,"name":"Katalogi","item":"https:\/\/www.hitech.fi\/hitech\/katalogi\/"},{"@type":"ListItem","position":3,"name":"TEHO J\u00e4\u00e4nsulatusrae -51\u00b0C"}]},{"@type":"WebSite","@id":"https:\/\/www.hitech.fi\/hitech\/#website","url":"https:\/\/www.hitech.fi\/hitech\/","name":"Hitech Chemicals","description":"Puhdistusaineet ja huoltotuotteet","publisher":{"@id":"https:\/\/www.hitech.fi\/hitech\/#organization"},"potentialAction":[{"@type":"SearchAction","target":{"@type":"EntryPoint","urlTemplate":"https:\/\/www.hitech.fi\/hitech\/?s={search_term_string}"},"query-input":{"@type":"PropertyValueSpecification","valueRequired":true,"valueName":"search_term_string"}}],"inLanguage":"fi"},{"@type":"Organization","@id":"https:\/\/www.hitech.fi\/hitech\/#organization","name":"Hitech Chemicals","alternateName":"Hitech","url":"https:\/\/www.hitech.fi\/hitech\/","logo":{"@type":"ImageObject","inLanguage":"fi","@id":"https:\/\/www.hitech.fi\/hitech\/#\/schema\/logo\/image\/","url":"https:\/\/www.hitech.fi\/hitech\/wp-content\/uploads\/2023\/06\/cropped-hitech_logo_600x600.png","contentUrl":"https:\/\/www.hitech.fi\/hitech\/wp-content\/uploads\/2023\/06\/cropped-hitech_logo_600x600.png","width":512,"height":512,"caption":"Hitech Chemicals"},"image":{"@id":"https:\/\/www.hitech.fi\/hitech\/#\/schema\/logo\/image\/"},"sameAs":["https:\/\/www.facebook.com\/hitechfinland"]}]}},"_links":{"self":[{"href":"https:\/\/www.hitech.fi\/hitech\/wp-json\/wp\/v2\/product\/775","targetHints":{"allow":["GET"]}}],"collection":[{"href":"https:\/\/www.hitech.fi\/hitech\/wp-json\/wp\/v2\/product"}],"about":[{"href":"https:\/\/www.hitech.fi\/hitech\/wp-json\/wp\/v2\/types\/product"}],"replies":[{"embeddable":true,"href":"https:\/\/www.hitech.fi\/hitech\/wp-json\/wp\/v2\/comments?post=775"}],"wp:featuredmedia":[{"embeddable":true,"href":"https:\/\/www.hitech.fi\/hitech\/wp-json\/wp\/v2\/media\/3743"}],"wp:attachment":[{"href":"https:\/\/www.hitech.fi\/hitech\/wp-json\/wp\/v2\/media?parent=775"}],"wp:term":[{"taxonomy":"product_brand","embeddable":true,"href":"https:\/\/www.hitech.fi\/hitech\/wp-json\/wp\/v2\/product_brand?post=775"},{"taxonomy":"product_cat","embeddable":true,"href":"https:\/\/www.hitech.fi\/hitech\/wp-json\/wp\/v2\/product_cat?post=775"},{"taxonomy":"product_tag","embeddable":true,"href":"https:\/\/www.hitech.fi\/hitech\/wp-json\/wp\/v2\/product_tag?post=775"}],"curies":[{"name":"wp","href":"https:\/\/api.w.org\/{rel}","templated":true}]}}