{"id":771,"date":"2023-10-17T12:09:06","date_gmt":"2023-10-17T09:09:06","guid":{"rendered":"https:\/\/www.hitech.fi\/hitech\/?post_type=product&#038;p=771"},"modified":"2024-05-10T14:32:46","modified_gmt":"2024-05-10T11:32:46","slug":"teho-green-remover-sammaleen-sienen-ja-levan-poistaja","status":"publish","type":"product","link":"https:\/\/www.hitech.fi\/hitech\/product\/teho-green-remover-sammaleen-sienen-ja-levan-poistaja\/","title":{"rendered":"TEHO Green Remover -sammaleen, sienen ja lev\u00e4n poistaja"},"content":{"rendered":"<p><strong>TEHO Green Remover <\/strong>on eritt\u00e4in tehokas sammaleen, sienen ja lev\u00e4n poistaja kaikilta kovilta pinnoilta, kuten puu, betoni, tiili, laatat, lasi, muovi, jne.<\/p>\n<p>Tuote on taloudellinen k\u00e4ytt\u00e4\u00e4, 5 litran astiasta 100 &#8211; 166 litraa valmista k\u00e4ytt\u00f6liuosta.<strong><\/p>\n<p><\/strong><\/p>\n<p><strong>HUOM. AMMATTIK\u00c4YTT\u00d6\u00d6N!<\/strong><\/p>\n<p><strong>K\u00c4YTT\u00d6OHJE:<\/strong><\/p>\n<p><strong>Poistettaessa vihreit\u00e4 j\u00e4\u00e4mi\u00e4 laseista ja kasvihuoneen rakenteista:<\/strong><\/p>\n<ul>\n<li>Kastele\/sumuta ja harjaa huolellisesti ka\u0308sitelta\u0308va\u0308t pinnat 5% liuoksella. (1 litra 20 litraan vetta\u0308).<\/li>\n<li>Muutaman pa\u0308iva\u0308n kuluttua poista ja\u0308a\u0308ma\u0308t painepesurilla ja harjalla, jos tarpeen.<\/li>\n<li>Va\u0308lito\u0308n huuhtelu ei ole tarpeen, koska tuote ei aiheuta toissijaisia vaikutuksia eika\u0308 muodosta vaarallisia ho\u0308yryja\u0308. Siksi ka\u0308sittely voidaan suorittaa joitain pa\u0308ivia\u0308 ennen istutuksia.<\/li>\n<li>Na\u0308in ka\u0308sitellyt lasit pysyva\u0308t puhtaina useita kuukausia.<\/li>\n<li>Ikkunoiden ka\u0308sin pesussa ka\u0308yteta\u0308a\u0308n 3% liuosta. (3 dl 10 litraan vetta\u0308).<\/li>\n<\/ul>\n<p><strong>Poistettaessa sammalta ja lev\u00e4\u00e4 seinist\u00e4, katoista, lattioista, pihoilta, laatoituksista, puutarha kalusteista jne.:<\/strong><\/p>\n<ul>\n<li>Poista irtolika ja kasvusto huuhtelemalla painepesurilla ja\/tai harjaa huolellisesti.<\/li>\n<li>Ruiskuta pinta 5% liuoksella (1 litra 20 litraan vetta\u0308). Anna tuotteen imeytya\u0308. A\u0308la\u0308 huuhtele.<\/li>\n<li>Muutaman pa\u0308iva\u0308n kuluttua poista ja\u0308a\u0308ma\u0308t painepesurilla ja harjalla, jos tarpeen.<\/li>\n<li>A\u0308la\u0308 sumuta tai la\u0308ikyta\u0308 suoraan kasveille.<\/li>\n<li>HUOM! Aine menetta\u0308a\u0308 tehonsa joutuessaan kosketuksiin saippuan tai muiden puhdistusaineiden kanssa.<\/li>\n<\/ul>\n<p>Tuotenumero: 1017<\/p>\n<p>Tuote on pakattu 5 litran muoviastiaan. Myyntier\u00e4 on yksi (1) laatikko, joka sis\u00e4lt\u00e4\u00e4 4 astiaa. Vain ammattik\u00e4ytt\u00f6\u00f6n.<\/p>\n","protected":false},"excerpt":{"rendered":"<p><strong>TEHO Green Remover <\/strong>on eritt\u00e4in tehokas sammaleen, sienen ja lev\u00e4n poistaja kaikilta kovilta pinnoilta, kuten puu, betoni, tiili, laatat, lasi, muovi, jne.<\/p>\n<p>Tuote on taloudellinen k\u00e4ytt\u00e4\u00e4, 5 litran astiasta 100 &#8211; 166 litraa valmista k\u00e4ytt\u00f6liuosta.<\/p>\n[maxbutton id=\"2\" url=\"https:\/\/www.hitech.fi\/hitech\/wp-content\/uploads\/2023\/12\/TEHO_Green_Remover_web.pdf\" text=\"Lataa tuotekortti\" window=\"new\" ]\n","protected":false},"featured_media":596,"comment_status":"closed","ping_status":"closed","template":"","meta":[],"product_brand":[],"product_cat":[97,138,129,133],"product_tag":[],"class_list":{"0":"post-771","1":"product","2":"type-product","3":"status-publish","4":"has-post-thumbnail","6":"product_cat-huoltokemikaalit","7":"product_cat-kiinteistohuolto","8":"product_cat-kiinteistot-ja-ulkopinnat","9":"product_cat-toimialat","11":"first","12":"instock","13":"shipping-taxable","14":"product-type-simple"},"yoast_head":"<!-- This site is optimized with the Yoast SEO plugin v24.3 - https:\/\/yoast.com\/wordpress\/plugins\/seo\/ -->\n<title>TEHO Green Remover -sammaleen, sienen ja lev\u00e4n poistaja | Hitech Chemicals<\/title>\n<meta name=\"robots\" content=\"index, follow, max-snippet:-1, max-image-preview:large, max-video-preview:-1\" \/>\n<link rel=\"canonical\" href=\"https:\/\/www.hitech.fi\/hitech\/product\/teho-green-remover-sammaleen-sienen-ja-levan-poistaja\/\" \/>\n<meta property=\"og:locale\" content=\"fi_FI\" \/>\n<meta property=\"og:type\" content=\"article\" \/>\n<meta property=\"og:title\" content=\"TEHO Green Remover -sammaleen, sienen ja lev\u00e4n poistaja | Hitech Chemicals\" \/>\n<meta property=\"og:description\" content=\"TEHO Green Remover on eritt\u00e4in tehokas sammaleen, sienen ja lev\u00e4n poistaja kaikilta kovilta pinnoilta, kuten puu, betoni, tiili, laatat, lasi, muovi, jne.  Tuote on taloudellinen k\u00e4ytt\u00e4\u00e4, 5 litran astiasta 100 - 166 litraa valmista k\u00e4ytt\u00f6liuosta.\" \/>\n<meta property=\"og:url\" content=\"https:\/\/www.hitech.fi\/hitech\/product\/teho-green-remover-sammaleen-sienen-ja-levan-poistaja\/\" \/>\n<meta property=\"og:site_name\" content=\"Hitech Chemicals\" \/>\n<meta property=\"article:publisher\" content=\"https:\/\/www.facebook.com\/hitechfinland\" \/>\n<meta property=\"article:modified_time\" content=\"2024-05-10T11:32:46+00:00\" \/>\n<meta property=\"og:image\" content=\"https:\/\/www.hitech.fi\/hitech\/wp-content\/uploads\/2022\/03\/hires_TEHO_Green_Remover_v2.jpg\" \/>\n\t<meta property=\"og:image:width\" content=\"1024\" \/>\n\t<meta property=\"og:image:height\" content=\"1024\" \/>\n\t<meta property=\"og:image:type\" content=\"image\/jpeg\" \/>\n<meta name=\"twitter:card\" content=\"summary_large_image\" \/>\n<meta name=\"twitter:label1\" content=\"Arvioitu lukuaika\" \/>\n\t<meta name=\"twitter:data1\" content=\"2 minuuttia\" \/>\n<script type=\"application\/ld+json\" class=\"yoast-schema-graph\">{\"@context\":\"https:\/\/schema.org\",\"@graph\":[{\"@type\":\"WebPage\",\"@id\":\"https:\/\/www.hitech.fi\/hitech\/product\/teho-green-remover-sammaleen-sienen-ja-levan-poistaja\/\",\"url\":\"https:\/\/www.hitech.fi\/hitech\/product\/teho-green-remover-sammaleen-sienen-ja-levan-poistaja\/\",\"name\":\"TEHO Green Remover -sammaleen, sienen ja lev\u00e4n poistaja | Hitech Chemicals\",\"isPartOf\":{\"@id\":\"https:\/\/www.hitech.fi\/hitech\/#website\"},\"primaryImageOfPage\":{\"@id\":\"https:\/\/www.hitech.fi\/hitech\/product\/teho-green-remover-sammaleen-sienen-ja-levan-poistaja\/#primaryimage\"},\"image\":{\"@id\":\"https:\/\/www.hitech.fi\/hitech\/product\/teho-green-remover-sammaleen-sienen-ja-levan-poistaja\/#primaryimage\"},\"thumbnailUrl\":\"https:\/\/www.hitech.fi\/hitech\/wp-content\/uploads\/2022\/03\/hires_TEHO_Green_Remover_v2.jpg\",\"datePublished\":\"2023-10-17T09:09:06+00:00\",\"dateModified\":\"2024-05-10T11:32:46+00:00\",\"breadcrumb\":{\"@id\":\"https:\/\/www.hitech.fi\/hitech\/product\/teho-green-remover-sammaleen-sienen-ja-levan-poistaja\/#breadcrumb\"},\"inLanguage\":\"fi\",\"potentialAction\":[{\"@type\":\"ReadAction\",\"target\":[\"https:\/\/www.hitech.fi\/hitech\/product\/teho-green-remover-sammaleen-sienen-ja-levan-poistaja\/\"]}]},{\"@type\":\"ImageObject\",\"inLanguage\":\"fi\",\"@id\":\"https:\/\/www.hitech.fi\/hitech\/product\/teho-green-remover-sammaleen-sienen-ja-levan-poistaja\/#primaryimage\",\"url\":\"https:\/\/www.hitech.fi\/hitech\/wp-content\/uploads\/2022\/03\/hires_TEHO_Green_Remover_v2.jpg\",\"contentUrl\":\"https:\/\/www.hitech.fi\/hitech\/wp-content\/uploads\/2022\/03\/hires_TEHO_Green_Remover_v2.jpg\",\"width\":1024,\"height\":1024,\"caption\":\"TEHO Green Remover- lev\u00e4n, sammaleen ja sienten poistaja-aine\"},{\"@type\":\"BreadcrumbList\",\"@id\":\"https:\/\/www.hitech.fi\/hitech\/product\/teho-green-remover-sammaleen-sienen-ja-levan-poistaja\/#breadcrumb\",\"itemListElement\":[{\"@type\":\"ListItem\",\"position\":1,\"name\":\"Etusivu\",\"item\":\"https:\/\/www.hitech.fi\/hitech\/\"},{\"@type\":\"ListItem\",\"position\":2,\"name\":\"Katalogi\",\"item\":\"https:\/\/www.hitech.fi\/hitech\/katalogi\/\"},{\"@type\":\"ListItem\",\"position\":3,\"name\":\"TEHO Green Remover -sammaleen, sienen ja lev\u00e4n poistaja\"}]},{\"@type\":\"WebSite\",\"@id\":\"https:\/\/www.hitech.fi\/hitech\/#website\",\"url\":\"https:\/\/www.hitech.fi\/hitech\/\",\"name\":\"Hitech Chemicals\",\"description\":\"Puhdistusaineet ja huoltotuotteet\",\"publisher\":{\"@id\":\"https:\/\/www.hitech.fi\/hitech\/#organization\"},\"potentialAction\":[{\"@type\":\"SearchAction\",\"target\":{\"@type\":\"EntryPoint\",\"urlTemplate\":\"https:\/\/www.hitech.fi\/hitech\/?s={search_term_string}\"},\"query-input\":{\"@type\":\"PropertyValueSpecification\",\"valueRequired\":true,\"valueName\":\"search_term_string\"}}],\"inLanguage\":\"fi\"},{\"@type\":\"Organization\",\"@id\":\"https:\/\/www.hitech.fi\/hitech\/#organization\",\"name\":\"Hitech Chemicals\",\"alternateName\":\"Hitech\",\"url\":\"https:\/\/www.hitech.fi\/hitech\/\",\"logo\":{\"@type\":\"ImageObject\",\"inLanguage\":\"fi\",\"@id\":\"https:\/\/www.hitech.fi\/hitech\/#\/schema\/logo\/image\/\",\"url\":\"https:\/\/www.hitech.fi\/hitech\/wp-content\/uploads\/2023\/06\/cropped-hitech_logo_600x600.png\",\"contentUrl\":\"https:\/\/www.hitech.fi\/hitech\/wp-content\/uploads\/2023\/06\/cropped-hitech_logo_600x600.png\",\"width\":512,\"height\":512,\"caption\":\"Hitech Chemicals\"},\"image\":{\"@id\":\"https:\/\/www.hitech.fi\/hitech\/#\/schema\/logo\/image\/\"},\"sameAs\":[\"https:\/\/www.facebook.com\/hitechfinland\"]}]}<\/script>\n<!-- \/ Yoast SEO plugin. -->","yoast_head_json":{"title":"TEHO Green Remover -sammaleen, sienen ja lev\u00e4n poistaja | Hitech Chemicals","robots":{"index":"index","follow":"follow","max-snippet":"max-snippet:-1","max-image-preview":"max-image-preview:large","max-video-preview":"max-video-preview:-1"},"canonical":"https:\/\/www.hitech.fi\/hitech\/product\/teho-green-remover-sammaleen-sienen-ja-levan-poistaja\/","og_locale":"fi_FI","og_type":"article","og_title":"TEHO Green Remover -sammaleen, sienen ja lev\u00e4n poistaja | Hitech Chemicals","og_description":"TEHO Green Remover on eritt\u00e4in tehokas sammaleen, sienen ja lev\u00e4n poistaja kaikilta kovilta pinnoilta, kuten puu, betoni, tiili, laatat, lasi, muovi, jne.  Tuote on taloudellinen k\u00e4ytt\u00e4\u00e4, 5 litran astiasta 100 - 166 litraa valmista k\u00e4ytt\u00f6liuosta.","og_url":"https:\/\/www.hitech.fi\/hitech\/product\/teho-green-remover-sammaleen-sienen-ja-levan-poistaja\/","og_site_name":"Hitech Chemicals","article_publisher":"https:\/\/www.facebook.com\/hitechfinland","article_modified_time":"2024-05-10T11:32:46+00:00","og_image":[{"width":1024,"height":1024,"url":"https:\/\/www.hitech.fi\/hitech\/wp-content\/uploads\/2022\/03\/hires_TEHO_Green_Remover_v2.jpg","type":"image\/jpeg"}],"twitter_card":"summary_large_image","twitter_misc":{"Arvioitu lukuaika":"2 minuuttia"},"schema":{"@context":"https:\/\/schema.org","@graph":[{"@type":"WebPage","@id":"https:\/\/www.hitech.fi\/hitech\/product\/teho-green-remover-sammaleen-sienen-ja-levan-poistaja\/","url":"https:\/\/www.hitech.fi\/hitech\/product\/teho-green-remover-sammaleen-sienen-ja-levan-poistaja\/","name":"TEHO Green Remover -sammaleen, sienen ja lev\u00e4n poistaja | Hitech Chemicals","isPartOf":{"@id":"https:\/\/www.hitech.fi\/hitech\/#website"},"primaryImageOfPage":{"@id":"https:\/\/www.hitech.fi\/hitech\/product\/teho-green-remover-sammaleen-sienen-ja-levan-poistaja\/#primaryimage"},"image":{"@id":"https:\/\/www.hitech.fi\/hitech\/product\/teho-green-remover-sammaleen-sienen-ja-levan-poistaja\/#primaryimage"},"thumbnailUrl":"https:\/\/www.hitech.fi\/hitech\/wp-content\/uploads\/2022\/03\/hires_TEHO_Green_Remover_v2.jpg","datePublished":"2023-10-17T09:09:06+00:00","dateModified":"2024-05-10T11:32:46+00:00","breadcrumb":{"@id":"https:\/\/www.hitech.fi\/hitech\/product\/teho-green-remover-sammaleen-sienen-ja-levan-poistaja\/#breadcrumb"},"inLanguage":"fi","potentialAction":[{"@type":"ReadAction","target":["https:\/\/www.hitech.fi\/hitech\/product\/teho-green-remover-sammaleen-sienen-ja-levan-poistaja\/"]}]},{"@type":"ImageObject","inLanguage":"fi","@id":"https:\/\/www.hitech.fi\/hitech\/product\/teho-green-remover-sammaleen-sienen-ja-levan-poistaja\/#primaryimage","url":"https:\/\/www.hitech.fi\/hitech\/wp-content\/uploads\/2022\/03\/hires_TEHO_Green_Remover_v2.jpg","contentUrl":"https:\/\/www.hitech.fi\/hitech\/wp-content\/uploads\/2022\/03\/hires_TEHO_Green_Remover_v2.jpg","width":1024,"height":1024,"caption":"TEHO Green Remover- lev\u00e4n, sammaleen ja sienten poistaja-aine"},{"@type":"BreadcrumbList","@id":"https:\/\/www.hitech.fi\/hitech\/product\/teho-green-remover-sammaleen-sienen-ja-levan-poistaja\/#breadcrumb","itemListElement":[{"@type":"ListItem","position":1,"name":"Etusivu","item":"https:\/\/www.hitech.fi\/hitech\/"},{"@type":"ListItem","position":2,"name":"Katalogi","item":"https:\/\/www.hitech.fi\/hitech\/katalogi\/"},{"@type":"ListItem","position":3,"name":"TEHO Green Remover -sammaleen, sienen ja lev\u00e4n poistaja"}]},{"@type":"WebSite","@id":"https:\/\/www.hitech.fi\/hitech\/#website","url":"https:\/\/www.hitech.fi\/hitech\/","name":"Hitech Chemicals","description":"Puhdistusaineet ja huoltotuotteet","publisher":{"@id":"https:\/\/www.hitech.fi\/hitech\/#organization"},"potentialAction":[{"@type":"SearchAction","target":{"@type":"EntryPoint","urlTemplate":"https:\/\/www.hitech.fi\/hitech\/?s={search_term_string}"},"query-input":{"@type":"PropertyValueSpecification","valueRequired":true,"valueName":"search_term_string"}}],"inLanguage":"fi"},{"@type":"Organization","@id":"https:\/\/www.hitech.fi\/hitech\/#organization","name":"Hitech Chemicals","alternateName":"Hitech","url":"https:\/\/www.hitech.fi\/hitech\/","logo":{"@type":"ImageObject","inLanguage":"fi","@id":"https:\/\/www.hitech.fi\/hitech\/#\/schema\/logo\/image\/","url":"https:\/\/www.hitech.fi\/hitech\/wp-content\/uploads\/2023\/06\/cropped-hitech_logo_600x600.png","contentUrl":"https:\/\/www.hitech.fi\/hitech\/wp-content\/uploads\/2023\/06\/cropped-hitech_logo_600x600.png","width":512,"height":512,"caption":"Hitech Chemicals"},"image":{"@id":"https:\/\/www.hitech.fi\/hitech\/#\/schema\/logo\/image\/"},"sameAs":["https:\/\/www.facebook.com\/hitechfinland"]}]}},"_links":{"self":[{"href":"https:\/\/www.hitech.fi\/hitech\/wp-json\/wp\/v2\/product\/771","targetHints":{"allow":["GET"]}}],"collection":[{"href":"https:\/\/www.hitech.fi\/hitech\/wp-json\/wp\/v2\/product"}],"about":[{"href":"https:\/\/www.hitech.fi\/hitech\/wp-json\/wp\/v2\/types\/product"}],"replies":[{"embeddable":true,"href":"https:\/\/www.hitech.fi\/hitech\/wp-json\/wp\/v2\/comments?post=771"}],"wp:featuredmedia":[{"embeddable":true,"href":"https:\/\/www.hitech.fi\/hitech\/wp-json\/wp\/v2\/media\/596"}],"wp:attachment":[{"href":"https:\/\/www.hitech.fi\/hitech\/wp-json\/wp\/v2\/media?parent=771"}],"wp:term":[{"taxonomy":"product_brand","embeddable":true,"href":"https:\/\/www.hitech.fi\/hitech\/wp-json\/wp\/v2\/product_brand?post=771"},{"taxonomy":"product_cat","embeddable":true,"href":"https:\/\/www.hitech.fi\/hitech\/wp-json\/wp\/v2\/product_cat?post=771"},{"taxonomy":"product_tag","embeddable":true,"href":"https:\/\/www.hitech.fi\/hitech\/wp-json\/wp\/v2\/product_tag?post=771"}],"curies":[{"name":"wp","href":"https:\/\/api.w.org\/{rel}","templated":true}]}}