{"id":769,"date":"2023-10-17T11:59:02","date_gmt":"2023-10-17T08:59:02","guid":{"rendered":"https:\/\/www.hitech.fi\/hitech\/?post_type=product&#038;p=769"},"modified":"2024-05-10T14:34:11","modified_gmt":"2024-05-10T11:34:11","slug":"teho-formula-500-erikoispuhdistusaine-tiiviste","status":"publish","type":"product","link":"https:\/\/www.hitech.fi\/hitech\/product\/teho-formula-500-erikoispuhdistusaine-tiiviste\/","title":{"rendered":"TEHO Formula 500 -erikoispuhdistusaine (tiiviste)"},"content":{"rendered":"<p><strong>TEHO Formula 500 <\/strong>on ammattika\u0308ytto\u0308o\u0308n suunniteltu monien pintojen puhdistus- ja rasvanpoistoaine. TEHO Formula 500 tiiviste sisa\u0308lta\u0308a\u0308 hyva\u0308ksi havaitun yhdistelma\u0308n synteettisia\u0308 pesuaineita, veden pehmittimia\u0308, korroosion esta\u0308jia\u0308 ja vesiliukoisia liuottimia.<\/p>\n<p>&nbsp;<\/p>\n<ul>\n<li>TEHO Formula 500 on monika\u0308ytto\u0308inen. Se soveltuu lattioiden pesuun, vahan poistoon, moottoreiden pesuun, renkaan ja\u0308lkien poistoon betonipinnoilta, saniteettitilojen pesuun, desinfiointiin jne.<\/li>\n<li>Ohjeen mukaan ka\u0308ytettyna\u0308 se ei vahingoita metalleja eika\u0308 alumiinia<\/li>\n<li>TEHO Formula 500 ei aiheuta korroosiota<\/li>\n<\/ul>\n<p><strong>HUOM. AMMATTIK\u00c4YTT\u00d6\u00d6N!<\/strong><\/p>\n<p><strong>K\u00c4YTT\u00d6OHJE:<\/strong><\/p>\n<ol>\n<li>Puhdistettavan pinnan likaisuudesta riippuen sekoita TEHO Formula 500 veteen suhteessa 25 % (eritta\u0308in vaikea lika) 1-10 % ( keskivaikea\/helppo kohde)<\/li>\n<li>Sumuta puhdistettavalle pinnalle<\/li>\n<li>Anna vaikuttaa n. 3-5 minuuttia<\/li>\n<li>Harjaa tarvittaessa<\/li>\n<li>Huuhtele huolellisesti vedella\u0308.<\/li>\n<\/ol>\n<p><strong>Suositellaan k\u00e4ytett\u00e4v\u00e4ksi:<br \/>\n<\/strong><\/p>\n<ul>\n<li>Ravintoloissa ja hotelleissa<\/li>\n<li>Tavarataloissa ja kaupoissa<\/li>\n<li>Auto \u2013 ja konekorjaamoissa.<\/li>\n<li>Siivousliikkeissa\u0308<\/li>\n<li>Kiinteisto\u0308nhuollossa<\/li>\n<\/ul>\n<p>Tuotenumero: 2052<\/p>\n<p>Tuote on pakattu 5 Litran muoviastiaan. Myyntier\u00e4 on yksi (1) laatikko, joka sis\u00e4lt\u00e4\u00e4 4 astiaa. Vain Ammattik\u00e4ytt\u00f6\u00f6n.<\/p>\n","protected":false},"excerpt":{"rendered":"<p><strong>TEHO Formula 500 <\/strong>on ammattika\u0308ytto\u0308o\u0308n suunniteltu monien pintojen puhdistus- ja rasvanpoistoaine. TEHO Formula 500 tiiviste sisa\u0308lta\u0308a\u0308 hyva\u0308ksi havaitun yhdistelma\u0308n synteettisia\u0308 pesuaineita, veden pehmittimia\u0308, korroosion esta\u0308jia\u0308 ja vesiliukoisia liuottimia. Sopii niin lattioiden pesuun, vahan poistoon, renkaanj\u00e4lkien poistoon jne.<\/p>\n[maxbutton id=\"2\" url=\"https:\/\/www.hitech.fi\/hitech\/wp-content\/uploads\/2023\/12\/TEHO_Formula_500_web.pdf\" text=\"Lataa tuotekortti\" window=\"new\" ]\n","protected":false},"featured_media":598,"comment_status":"closed","ping_status":"closed","template":"","meta":[],"product_brand":[],"product_cat":[147,136,138,96,135,133,121],"product_tag":[],"class_list":{"0":"post-769","1":"product","2":"type-product","3":"status-publish","4":"has-post-thumbnail","6":"product_cat-huolto-ja-korjaus","7":"product_cat-keittio-ja-elintarviketeollisuus","8":"product_cat-kiinteistohuolto","9":"product_cat-pesuaineet","10":"product_cat-teollisuus","11":"product_cat-toimialat","12":"product_cat-yleispesuaineet","14":"first","15":"instock","16":"shipping-taxable","17":"product-type-simple"},"yoast_head":"<!-- This site is optimized with the Yoast SEO plugin v24.3 - https:\/\/yoast.com\/wordpress\/plugins\/seo\/ -->\n<title>TEHO Formula 500 -erikoispuhdistusaine (tiiviste) | Hitech Chemicals<\/title>\n<meta name=\"robots\" content=\"index, follow, max-snippet:-1, max-image-preview:large, max-video-preview:-1\" \/>\n<link rel=\"canonical\" href=\"https:\/\/www.hitech.fi\/hitech\/product\/teho-formula-500-erikoispuhdistusaine-tiiviste\/\" \/>\n<meta property=\"og:locale\" content=\"fi_FI\" \/>\n<meta property=\"og:type\" content=\"article\" \/>\n<meta property=\"og:title\" content=\"TEHO Formula 500 -erikoispuhdistusaine (tiiviste) | Hitech Chemicals\" \/>\n<meta property=\"og:description\" content=\"TEHO Formula 500 on ammattika\u0308ytto\u0308o\u0308n suunniteltu monien pintojen puhdistus- ja rasvanpoistoaine. TEHO Formula 500 tiiviste sisa\u0308lta\u0308a\u0308 hyva\u0308ksi havaitun yhdistelma\u0308n synteettisia\u0308 pesuaineita, veden pehmittimia\u0308, korroosion esta\u0308jia\u0308 ja vesiliukoisia liuottimia. Sopii niin lattioiden pesuun, vahan poistoon, renkaanj\u00e4lkien poistoon jne.\" \/>\n<meta property=\"og:url\" content=\"https:\/\/www.hitech.fi\/hitech\/product\/teho-formula-500-erikoispuhdistusaine-tiiviste\/\" \/>\n<meta property=\"og:site_name\" content=\"Hitech Chemicals\" \/>\n<meta property=\"article:publisher\" content=\"https:\/\/www.facebook.com\/hitechfinland\" \/>\n<meta property=\"article:modified_time\" content=\"2024-05-10T11:34:11+00:00\" \/>\n<meta property=\"og:image\" content=\"https:\/\/www.hitech.fi\/hitech\/wp-content\/uploads\/2022\/03\/hires_TEHO_Formula_500_v3.jpg\" \/>\n\t<meta property=\"og:image:width\" content=\"1024\" \/>\n\t<meta property=\"og:image:height\" content=\"1024\" \/>\n\t<meta property=\"og:image:type\" content=\"image\/jpeg\" \/>\n<meta name=\"twitter:card\" content=\"summary_large_image\" \/>\n<meta name=\"twitter:label1\" content=\"Arvioitu lukuaika\" \/>\n\t<meta name=\"twitter:data1\" content=\"1 minuutti\" \/>\n<script type=\"application\/ld+json\" class=\"yoast-schema-graph\">{\"@context\":\"https:\/\/schema.org\",\"@graph\":[{\"@type\":\"WebPage\",\"@id\":\"https:\/\/www.hitech.fi\/hitech\/product\/teho-formula-500-erikoispuhdistusaine-tiiviste\/\",\"url\":\"https:\/\/www.hitech.fi\/hitech\/product\/teho-formula-500-erikoispuhdistusaine-tiiviste\/\",\"name\":\"TEHO Formula 500 -erikoispuhdistusaine (tiiviste) | Hitech Chemicals\",\"isPartOf\":{\"@id\":\"https:\/\/www.hitech.fi\/hitech\/#website\"},\"primaryImageOfPage\":{\"@id\":\"https:\/\/www.hitech.fi\/hitech\/product\/teho-formula-500-erikoispuhdistusaine-tiiviste\/#primaryimage\"},\"image\":{\"@id\":\"https:\/\/www.hitech.fi\/hitech\/product\/teho-formula-500-erikoispuhdistusaine-tiiviste\/#primaryimage\"},\"thumbnailUrl\":\"https:\/\/www.hitech.fi\/hitech\/wp-content\/uploads\/2022\/03\/hires_TEHO_Formula_500_v3.jpg\",\"datePublished\":\"2023-10-17T08:59:02+00:00\",\"dateModified\":\"2024-05-10T11:34:11+00:00\",\"breadcrumb\":{\"@id\":\"https:\/\/www.hitech.fi\/hitech\/product\/teho-formula-500-erikoispuhdistusaine-tiiviste\/#breadcrumb\"},\"inLanguage\":\"fi\",\"potentialAction\":[{\"@type\":\"ReadAction\",\"target\":[\"https:\/\/www.hitech.fi\/hitech\/product\/teho-formula-500-erikoispuhdistusaine-tiiviste\/\"]}]},{\"@type\":\"ImageObject\",\"inLanguage\":\"fi\",\"@id\":\"https:\/\/www.hitech.fi\/hitech\/product\/teho-formula-500-erikoispuhdistusaine-tiiviste\/#primaryimage\",\"url\":\"https:\/\/www.hitech.fi\/hitech\/wp-content\/uploads\/2022\/03\/hires_TEHO_Formula_500_v3.jpg\",\"contentUrl\":\"https:\/\/www.hitech.fi\/hitech\/wp-content\/uploads\/2022\/03\/hires_TEHO_Formula_500_v3.jpg\",\"width\":1024,\"height\":1024,\"caption\":\"TEHO Formula 500 -erikoispuhdistusaine ammattik\u00e4ytt\u00f6\u00f6n\"},{\"@type\":\"BreadcrumbList\",\"@id\":\"https:\/\/www.hitech.fi\/hitech\/product\/teho-formula-500-erikoispuhdistusaine-tiiviste\/#breadcrumb\",\"itemListElement\":[{\"@type\":\"ListItem\",\"position\":1,\"name\":\"Etusivu\",\"item\":\"https:\/\/www.hitech.fi\/hitech\/\"},{\"@type\":\"ListItem\",\"position\":2,\"name\":\"Katalogi\",\"item\":\"https:\/\/www.hitech.fi\/hitech\/katalogi\/\"},{\"@type\":\"ListItem\",\"position\":3,\"name\":\"TEHO Formula 500 -erikoispuhdistusaine (tiiviste)\"}]},{\"@type\":\"WebSite\",\"@id\":\"https:\/\/www.hitech.fi\/hitech\/#website\",\"url\":\"https:\/\/www.hitech.fi\/hitech\/\",\"name\":\"Hitech Chemicals\",\"description\":\"Puhdistusaineet ja huoltotuotteet\",\"publisher\":{\"@id\":\"https:\/\/www.hitech.fi\/hitech\/#organization\"},\"potentialAction\":[{\"@type\":\"SearchAction\",\"target\":{\"@type\":\"EntryPoint\",\"urlTemplate\":\"https:\/\/www.hitech.fi\/hitech\/?s={search_term_string}\"},\"query-input\":{\"@type\":\"PropertyValueSpecification\",\"valueRequired\":true,\"valueName\":\"search_term_string\"}}],\"inLanguage\":\"fi\"},{\"@type\":\"Organization\",\"@id\":\"https:\/\/www.hitech.fi\/hitech\/#organization\",\"name\":\"Hitech Chemicals\",\"alternateName\":\"Hitech\",\"url\":\"https:\/\/www.hitech.fi\/hitech\/\",\"logo\":{\"@type\":\"ImageObject\",\"inLanguage\":\"fi\",\"@id\":\"https:\/\/www.hitech.fi\/hitech\/#\/schema\/logo\/image\/\",\"url\":\"https:\/\/www.hitech.fi\/hitech\/wp-content\/uploads\/2023\/06\/cropped-hitech_logo_600x600.png\",\"contentUrl\":\"https:\/\/www.hitech.fi\/hitech\/wp-content\/uploads\/2023\/06\/cropped-hitech_logo_600x600.png\",\"width\":512,\"height\":512,\"caption\":\"Hitech Chemicals\"},\"image\":{\"@id\":\"https:\/\/www.hitech.fi\/hitech\/#\/schema\/logo\/image\/\"},\"sameAs\":[\"https:\/\/www.facebook.com\/hitechfinland\"]}]}<\/script>\n<!-- \/ Yoast SEO plugin. -->","yoast_head_json":{"title":"TEHO Formula 500 -erikoispuhdistusaine (tiiviste) | Hitech Chemicals","robots":{"index":"index","follow":"follow","max-snippet":"max-snippet:-1","max-image-preview":"max-image-preview:large","max-video-preview":"max-video-preview:-1"},"canonical":"https:\/\/www.hitech.fi\/hitech\/product\/teho-formula-500-erikoispuhdistusaine-tiiviste\/","og_locale":"fi_FI","og_type":"article","og_title":"TEHO Formula 500 -erikoispuhdistusaine (tiiviste) | Hitech Chemicals","og_description":"TEHO Formula 500 on ammattika\u0308ytto\u0308o\u0308n suunniteltu monien pintojen puhdistus- ja rasvanpoistoaine. TEHO Formula 500 tiiviste sisa\u0308lta\u0308a\u0308 hyva\u0308ksi havaitun yhdistelma\u0308n synteettisia\u0308 pesuaineita, veden pehmittimia\u0308, korroosion esta\u0308jia\u0308 ja vesiliukoisia liuottimia. Sopii niin lattioiden pesuun, vahan poistoon, renkaanj\u00e4lkien poistoon jne.","og_url":"https:\/\/www.hitech.fi\/hitech\/product\/teho-formula-500-erikoispuhdistusaine-tiiviste\/","og_site_name":"Hitech Chemicals","article_publisher":"https:\/\/www.facebook.com\/hitechfinland","article_modified_time":"2024-05-10T11:34:11+00:00","og_image":[{"width":1024,"height":1024,"url":"https:\/\/www.hitech.fi\/hitech\/wp-content\/uploads\/2022\/03\/hires_TEHO_Formula_500_v3.jpg","type":"image\/jpeg"}],"twitter_card":"summary_large_image","twitter_misc":{"Arvioitu lukuaika":"1 minuutti"},"schema":{"@context":"https:\/\/schema.org","@graph":[{"@type":"WebPage","@id":"https:\/\/www.hitech.fi\/hitech\/product\/teho-formula-500-erikoispuhdistusaine-tiiviste\/","url":"https:\/\/www.hitech.fi\/hitech\/product\/teho-formula-500-erikoispuhdistusaine-tiiviste\/","name":"TEHO Formula 500 -erikoispuhdistusaine (tiiviste) | Hitech Chemicals","isPartOf":{"@id":"https:\/\/www.hitech.fi\/hitech\/#website"},"primaryImageOfPage":{"@id":"https:\/\/www.hitech.fi\/hitech\/product\/teho-formula-500-erikoispuhdistusaine-tiiviste\/#primaryimage"},"image":{"@id":"https:\/\/www.hitech.fi\/hitech\/product\/teho-formula-500-erikoispuhdistusaine-tiiviste\/#primaryimage"},"thumbnailUrl":"https:\/\/www.hitech.fi\/hitech\/wp-content\/uploads\/2022\/03\/hires_TEHO_Formula_500_v3.jpg","datePublished":"2023-10-17T08:59:02+00:00","dateModified":"2024-05-10T11:34:11+00:00","breadcrumb":{"@id":"https:\/\/www.hitech.fi\/hitech\/product\/teho-formula-500-erikoispuhdistusaine-tiiviste\/#breadcrumb"},"inLanguage":"fi","potentialAction":[{"@type":"ReadAction","target":["https:\/\/www.hitech.fi\/hitech\/product\/teho-formula-500-erikoispuhdistusaine-tiiviste\/"]}]},{"@type":"ImageObject","inLanguage":"fi","@id":"https:\/\/www.hitech.fi\/hitech\/product\/teho-formula-500-erikoispuhdistusaine-tiiviste\/#primaryimage","url":"https:\/\/www.hitech.fi\/hitech\/wp-content\/uploads\/2022\/03\/hires_TEHO_Formula_500_v3.jpg","contentUrl":"https:\/\/www.hitech.fi\/hitech\/wp-content\/uploads\/2022\/03\/hires_TEHO_Formula_500_v3.jpg","width":1024,"height":1024,"caption":"TEHO Formula 500 -erikoispuhdistusaine ammattik\u00e4ytt\u00f6\u00f6n"},{"@type":"BreadcrumbList","@id":"https:\/\/www.hitech.fi\/hitech\/product\/teho-formula-500-erikoispuhdistusaine-tiiviste\/#breadcrumb","itemListElement":[{"@type":"ListItem","position":1,"name":"Etusivu","item":"https:\/\/www.hitech.fi\/hitech\/"},{"@type":"ListItem","position":2,"name":"Katalogi","item":"https:\/\/www.hitech.fi\/hitech\/katalogi\/"},{"@type":"ListItem","position":3,"name":"TEHO Formula 500 -erikoispuhdistusaine (tiiviste)"}]},{"@type":"WebSite","@id":"https:\/\/www.hitech.fi\/hitech\/#website","url":"https:\/\/www.hitech.fi\/hitech\/","name":"Hitech Chemicals","description":"Puhdistusaineet ja huoltotuotteet","publisher":{"@id":"https:\/\/www.hitech.fi\/hitech\/#organization"},"potentialAction":[{"@type":"SearchAction","target":{"@type":"EntryPoint","urlTemplate":"https:\/\/www.hitech.fi\/hitech\/?s={search_term_string}"},"query-input":{"@type":"PropertyValueSpecification","valueRequired":true,"valueName":"search_term_string"}}],"inLanguage":"fi"},{"@type":"Organization","@id":"https:\/\/www.hitech.fi\/hitech\/#organization","name":"Hitech Chemicals","alternateName":"Hitech","url":"https:\/\/www.hitech.fi\/hitech\/","logo":{"@type":"ImageObject","inLanguage":"fi","@id":"https:\/\/www.hitech.fi\/hitech\/#\/schema\/logo\/image\/","url":"https:\/\/www.hitech.fi\/hitech\/wp-content\/uploads\/2023\/06\/cropped-hitech_logo_600x600.png","contentUrl":"https:\/\/www.hitech.fi\/hitech\/wp-content\/uploads\/2023\/06\/cropped-hitech_logo_600x600.png","width":512,"height":512,"caption":"Hitech Chemicals"},"image":{"@id":"https:\/\/www.hitech.fi\/hitech\/#\/schema\/logo\/image\/"},"sameAs":["https:\/\/www.facebook.com\/hitechfinland"]}]}},"_links":{"self":[{"href":"https:\/\/www.hitech.fi\/hitech\/wp-json\/wp\/v2\/product\/769","targetHints":{"allow":["GET"]}}],"collection":[{"href":"https:\/\/www.hitech.fi\/hitech\/wp-json\/wp\/v2\/product"}],"about":[{"href":"https:\/\/www.hitech.fi\/hitech\/wp-json\/wp\/v2\/types\/product"}],"replies":[{"embeddable":true,"href":"https:\/\/www.hitech.fi\/hitech\/wp-json\/wp\/v2\/comments?post=769"}],"wp:featuredmedia":[{"embeddable":true,"href":"https:\/\/www.hitech.fi\/hitech\/wp-json\/wp\/v2\/media\/598"}],"wp:attachment":[{"href":"https:\/\/www.hitech.fi\/hitech\/wp-json\/wp\/v2\/media?parent=769"}],"wp:term":[{"taxonomy":"product_brand","embeddable":true,"href":"https:\/\/www.hitech.fi\/hitech\/wp-json\/wp\/v2\/product_brand?post=769"},{"taxonomy":"product_cat","embeddable":true,"href":"https:\/\/www.hitech.fi\/hitech\/wp-json\/wp\/v2\/product_cat?post=769"},{"taxonomy":"product_tag","embeddable":true,"href":"https:\/\/www.hitech.fi\/hitech\/wp-json\/wp\/v2\/product_tag?post=769"}],"curies":[{"name":"wp","href":"https:\/\/api.w.org\/{rel}","templated":true}]}}