{"id":768,"date":"2023-10-17T11:55:03","date_gmt":"2023-10-17T08:55:03","guid":{"rendered":"https:\/\/www.hitech.fi\/hitech\/?post_type=product&#038;p=768"},"modified":"2024-05-10T14:34:54","modified_gmt":"2024-05-10T11:34:54","slug":"teho-food-spray-lubricant-spray-voiteluaine","status":"publish","type":"product","link":"https:\/\/www.hitech.fi\/hitech\/product\/teho-food-spray-lubricant-spray-voiteluaine\/","title":{"rendered":"TEHO Food Spray Lubricant -spray-voiteluaine"},"content":{"rendered":"<p><strong>TEHO Food Spray Lubricant <\/strong>on erinomainen elintarviketeollisuuden koneiden ja laitteiden voiteluaine, joka voitelee, suojaa ja hylkii vett\u00e4.<\/p>\n<p>&nbsp;<\/p>\n<p><strong>Suositellaan k\u00e4ytett\u00e4v\u00e4ksi <\/strong>koneen osien, kuljettimien\/hihnojen, liukukiskojen, rullien, pumppujen, m\u00e4ntien, jne. voiteluun keitti\u00f6ss\u00e4 ja elintarviketeollisuudessa.<\/p>\n<p><strong>H1 luokiteltu elintarviketeollisuuden k\u00e4ytt\u00f6\u00f6n <\/strong>(tuote voi olla satunnaisessa kontaktissa elintarvikkeisiin).<\/p>\n<p>Voidaan k\u00e4ytt\u00e4\u00e4 -20 \u2013 200 \u00b0C l\u00e4mp\u00f6tiloissa. Ainesosat ovat hajuttomia, mauttomia ja v\u00e4ritt\u00f6mi\u00e4. Ei sis\u00e4ll\u00e4 tyydyttym\u00e4tt\u00f6mi\u00e4-, aromaattisia- tai silikoniyhdisteit\u00e4. Ei h\u00e4rskiinny. Muodostaa l\u00e4hes n\u00e4kym\u00e4tt\u00f6m\u00e4n suojakalvon, jolla on erinomaiset voiteluominaisuudet ja on vett\u00e4 hylkiv\u00e4.<\/p>\n<p><strong>HUOM. AMMATTIK\u00c4YTT\u00d6\u00d6N!<\/strong><\/p>\n<p><strong>K\u00c4YTT\u00d6OHJE:<\/strong><\/p>\n<ul>\n<li>Ravista hyvin ennen k\u00e4ytt\u00f6\u00e4.<\/li>\n<li>Suihkutetaan kohteeseen noin 20-25 cm et\u00e4isyydelt\u00e4.<\/li>\n<li>Poista ylim\u00e4\u00e4r\u00e4inen aine v\u00e4ltt\u00e4en sen siirtymist\u00e4 elintarvikkeisiin.<\/li>\n<\/ul>\n<p>Tuotenumero: 5081<\/p>\n<p>Tuote on pakattu aerosolipulloon, jonka nettotilavuus on 500ml (650ml brutto). Myyntier\u00e4 on yksi (1) laatikko, joka sis\u00e4lt\u00e4\u00e4 12 pulloa. Vain ammattik\u00e4ytt\u00f6\u00f6n.<\/p>\n","protected":false},"excerpt":{"rendered":"<p><strong>TEHO Food Spray Lubricant <\/strong>on erinomainen elintarviketeollisuuden koneiden ja laitteiden voiteluaine, joka voitelee, suojaa ja hylkii vett\u00e4.<strong><br \/>\n<\/strong><\/p>\n[maxbutton id=\"2\" url=\"https:\/\/www.hitech.fi\/hitech\/wp-content\/uploads\/2023\/12\/TEHO_Food_Spray_Lubricant_web.pdf\" text=\"Lataa tuotekortti\" window=\"new\" ]\n","protected":false},"featured_media":282,"comment_status":"closed","ping_status":"closed","template":"","meta":[],"product_brand":[],"product_cat":[110,95,136,133,111,98],"product_tag":[],"class_list":{"0":"post-768","1":"product","2":"type-product","3":"status-publish","4":"has-post-thumbnail","6":"product_cat-aerosolit","7":"product_cat-aerosolit-ja-sprayt","8":"product_cat-keittio-ja-elintarviketeollisuus","9":"product_cat-toimialat","10":"product_cat-voitelu","11":"product_cat-voiteluaineet","13":"first","14":"instock","15":"shipping-taxable","16":"product-type-simple"},"yoast_head":"<!-- This site is optimized with the Yoast SEO plugin v24.3 - https:\/\/yoast.com\/wordpress\/plugins\/seo\/ -->\n<title>TEHO Food Spray Lubricant -spray-voiteluaine | Hitech Chemicals<\/title>\n<meta name=\"robots\" content=\"index, follow, max-snippet:-1, max-image-preview:large, max-video-preview:-1\" \/>\n<link rel=\"canonical\" href=\"https:\/\/www.hitech.fi\/hitech\/product\/teho-food-spray-lubricant-spray-voiteluaine\/\" \/>\n<meta property=\"og:locale\" content=\"fi_FI\" \/>\n<meta property=\"og:type\" content=\"article\" \/>\n<meta property=\"og:title\" content=\"TEHO Food Spray Lubricant -spray-voiteluaine | Hitech Chemicals\" \/>\n<meta property=\"og:description\" content=\"TEHO Food Spray Lubricant on erinomainen elintarviketeollisuuden koneiden ja laitteiden voiteluaine, joka voitelee, suojaa ja hylkii vett\u00e4.\" \/>\n<meta property=\"og:url\" content=\"https:\/\/www.hitech.fi\/hitech\/product\/teho-food-spray-lubricant-spray-voiteluaine\/\" \/>\n<meta property=\"og:site_name\" content=\"Hitech Chemicals\" \/>\n<meta property=\"article:publisher\" content=\"https:\/\/www.facebook.com\/hitechfinland\" \/>\n<meta property=\"article:modified_time\" content=\"2024-05-10T11:34:54+00:00\" \/>\n<meta property=\"og:image\" content=\"https:\/\/www.hitech.fi\/hitech\/wp-content\/uploads\/2014\/03\/Hires_TEHO_Food_Spray_Lubricant.jpg\" \/>\n\t<meta property=\"og:image:width\" content=\"1024\" \/>\n\t<meta property=\"og:image:height\" content=\"1024\" \/>\n\t<meta property=\"og:image:type\" content=\"image\/jpeg\" \/>\n<meta name=\"twitter:card\" content=\"summary_large_image\" \/>\n<meta name=\"twitter:label1\" content=\"Arvioitu lukuaika\" \/>\n\t<meta name=\"twitter:data1\" content=\"1 minuutti\" \/>\n<script type=\"application\/ld+json\" class=\"yoast-schema-graph\">{\"@context\":\"https:\/\/schema.org\",\"@graph\":[{\"@type\":\"WebPage\",\"@id\":\"https:\/\/www.hitech.fi\/hitech\/product\/teho-food-spray-lubricant-spray-voiteluaine\/\",\"url\":\"https:\/\/www.hitech.fi\/hitech\/product\/teho-food-spray-lubricant-spray-voiteluaine\/\",\"name\":\"TEHO Food Spray Lubricant -spray-voiteluaine | Hitech Chemicals\",\"isPartOf\":{\"@id\":\"https:\/\/www.hitech.fi\/hitech\/#website\"},\"primaryImageOfPage\":{\"@id\":\"https:\/\/www.hitech.fi\/hitech\/product\/teho-food-spray-lubricant-spray-voiteluaine\/#primaryimage\"},\"image\":{\"@id\":\"https:\/\/www.hitech.fi\/hitech\/product\/teho-food-spray-lubricant-spray-voiteluaine\/#primaryimage\"},\"thumbnailUrl\":\"https:\/\/www.hitech.fi\/hitech\/wp-content\/uploads\/2014\/03\/Hires_TEHO_Food_Spray_Lubricant.jpg\",\"datePublished\":\"2023-10-17T08:55:03+00:00\",\"dateModified\":\"2024-05-10T11:34:54+00:00\",\"breadcrumb\":{\"@id\":\"https:\/\/www.hitech.fi\/hitech\/product\/teho-food-spray-lubricant-spray-voiteluaine\/#breadcrumb\"},\"inLanguage\":\"fi\",\"potentialAction\":[{\"@type\":\"ReadAction\",\"target\":[\"https:\/\/www.hitech.fi\/hitech\/product\/teho-food-spray-lubricant-spray-voiteluaine\/\"]}]},{\"@type\":\"ImageObject\",\"inLanguage\":\"fi\",\"@id\":\"https:\/\/www.hitech.fi\/hitech\/product\/teho-food-spray-lubricant-spray-voiteluaine\/#primaryimage\",\"url\":\"https:\/\/www.hitech.fi\/hitech\/wp-content\/uploads\/2014\/03\/Hires_TEHO_Food_Spray_Lubricant.jpg\",\"contentUrl\":\"https:\/\/www.hitech.fi\/hitech\/wp-content\/uploads\/2014\/03\/Hires_TEHO_Food_Spray_Lubricant.jpg\",\"width\":1024,\"height\":1024,\"caption\":\"TEHO Food Spray Lubricant -voiteluaine spray elintarviketeollisuuteen\"},{\"@type\":\"BreadcrumbList\",\"@id\":\"https:\/\/www.hitech.fi\/hitech\/product\/teho-food-spray-lubricant-spray-voiteluaine\/#breadcrumb\",\"itemListElement\":[{\"@type\":\"ListItem\",\"position\":1,\"name\":\"Etusivu\",\"item\":\"https:\/\/www.hitech.fi\/hitech\/\"},{\"@type\":\"ListItem\",\"position\":2,\"name\":\"Katalogi\",\"item\":\"https:\/\/www.hitech.fi\/hitech\/katalogi\/\"},{\"@type\":\"ListItem\",\"position\":3,\"name\":\"TEHO Food Spray Lubricant -spray-voiteluaine\"}]},{\"@type\":\"WebSite\",\"@id\":\"https:\/\/www.hitech.fi\/hitech\/#website\",\"url\":\"https:\/\/www.hitech.fi\/hitech\/\",\"name\":\"Hitech Chemicals\",\"description\":\"Puhdistusaineet ja huoltotuotteet\",\"publisher\":{\"@id\":\"https:\/\/www.hitech.fi\/hitech\/#organization\"},\"potentialAction\":[{\"@type\":\"SearchAction\",\"target\":{\"@type\":\"EntryPoint\",\"urlTemplate\":\"https:\/\/www.hitech.fi\/hitech\/?s={search_term_string}\"},\"query-input\":{\"@type\":\"PropertyValueSpecification\",\"valueRequired\":true,\"valueName\":\"search_term_string\"}}],\"inLanguage\":\"fi\"},{\"@type\":\"Organization\",\"@id\":\"https:\/\/www.hitech.fi\/hitech\/#organization\",\"name\":\"Hitech Chemicals\",\"alternateName\":\"Hitech\",\"url\":\"https:\/\/www.hitech.fi\/hitech\/\",\"logo\":{\"@type\":\"ImageObject\",\"inLanguage\":\"fi\",\"@id\":\"https:\/\/www.hitech.fi\/hitech\/#\/schema\/logo\/image\/\",\"url\":\"https:\/\/www.hitech.fi\/hitech\/wp-content\/uploads\/2023\/06\/cropped-hitech_logo_600x600.png\",\"contentUrl\":\"https:\/\/www.hitech.fi\/hitech\/wp-content\/uploads\/2023\/06\/cropped-hitech_logo_600x600.png\",\"width\":512,\"height\":512,\"caption\":\"Hitech Chemicals\"},\"image\":{\"@id\":\"https:\/\/www.hitech.fi\/hitech\/#\/schema\/logo\/image\/\"},\"sameAs\":[\"https:\/\/www.facebook.com\/hitechfinland\"]}]}<\/script>\n<!-- \/ Yoast SEO plugin. -->","yoast_head_json":{"title":"TEHO Food Spray Lubricant -spray-voiteluaine | Hitech Chemicals","robots":{"index":"index","follow":"follow","max-snippet":"max-snippet:-1","max-image-preview":"max-image-preview:large","max-video-preview":"max-video-preview:-1"},"canonical":"https:\/\/www.hitech.fi\/hitech\/product\/teho-food-spray-lubricant-spray-voiteluaine\/","og_locale":"fi_FI","og_type":"article","og_title":"TEHO Food Spray Lubricant -spray-voiteluaine | Hitech Chemicals","og_description":"TEHO Food Spray Lubricant on erinomainen elintarviketeollisuuden koneiden ja laitteiden voiteluaine, joka voitelee, suojaa ja hylkii vett\u00e4.","og_url":"https:\/\/www.hitech.fi\/hitech\/product\/teho-food-spray-lubricant-spray-voiteluaine\/","og_site_name":"Hitech Chemicals","article_publisher":"https:\/\/www.facebook.com\/hitechfinland","article_modified_time":"2024-05-10T11:34:54+00:00","og_image":[{"width":1024,"height":1024,"url":"https:\/\/www.hitech.fi\/hitech\/wp-content\/uploads\/2014\/03\/Hires_TEHO_Food_Spray_Lubricant.jpg","type":"image\/jpeg"}],"twitter_card":"summary_large_image","twitter_misc":{"Arvioitu lukuaika":"1 minuutti"},"schema":{"@context":"https:\/\/schema.org","@graph":[{"@type":"WebPage","@id":"https:\/\/www.hitech.fi\/hitech\/product\/teho-food-spray-lubricant-spray-voiteluaine\/","url":"https:\/\/www.hitech.fi\/hitech\/product\/teho-food-spray-lubricant-spray-voiteluaine\/","name":"TEHO Food Spray Lubricant -spray-voiteluaine | Hitech Chemicals","isPartOf":{"@id":"https:\/\/www.hitech.fi\/hitech\/#website"},"primaryImageOfPage":{"@id":"https:\/\/www.hitech.fi\/hitech\/product\/teho-food-spray-lubricant-spray-voiteluaine\/#primaryimage"},"image":{"@id":"https:\/\/www.hitech.fi\/hitech\/product\/teho-food-spray-lubricant-spray-voiteluaine\/#primaryimage"},"thumbnailUrl":"https:\/\/www.hitech.fi\/hitech\/wp-content\/uploads\/2014\/03\/Hires_TEHO_Food_Spray_Lubricant.jpg","datePublished":"2023-10-17T08:55:03+00:00","dateModified":"2024-05-10T11:34:54+00:00","breadcrumb":{"@id":"https:\/\/www.hitech.fi\/hitech\/product\/teho-food-spray-lubricant-spray-voiteluaine\/#breadcrumb"},"inLanguage":"fi","potentialAction":[{"@type":"ReadAction","target":["https:\/\/www.hitech.fi\/hitech\/product\/teho-food-spray-lubricant-spray-voiteluaine\/"]}]},{"@type":"ImageObject","inLanguage":"fi","@id":"https:\/\/www.hitech.fi\/hitech\/product\/teho-food-spray-lubricant-spray-voiteluaine\/#primaryimage","url":"https:\/\/www.hitech.fi\/hitech\/wp-content\/uploads\/2014\/03\/Hires_TEHO_Food_Spray_Lubricant.jpg","contentUrl":"https:\/\/www.hitech.fi\/hitech\/wp-content\/uploads\/2014\/03\/Hires_TEHO_Food_Spray_Lubricant.jpg","width":1024,"height":1024,"caption":"TEHO Food Spray Lubricant -voiteluaine spray elintarviketeollisuuteen"},{"@type":"BreadcrumbList","@id":"https:\/\/www.hitech.fi\/hitech\/product\/teho-food-spray-lubricant-spray-voiteluaine\/#breadcrumb","itemListElement":[{"@type":"ListItem","position":1,"name":"Etusivu","item":"https:\/\/www.hitech.fi\/hitech\/"},{"@type":"ListItem","position":2,"name":"Katalogi","item":"https:\/\/www.hitech.fi\/hitech\/katalogi\/"},{"@type":"ListItem","position":3,"name":"TEHO Food Spray Lubricant -spray-voiteluaine"}]},{"@type":"WebSite","@id":"https:\/\/www.hitech.fi\/hitech\/#website","url":"https:\/\/www.hitech.fi\/hitech\/","name":"Hitech Chemicals","description":"Puhdistusaineet ja huoltotuotteet","publisher":{"@id":"https:\/\/www.hitech.fi\/hitech\/#organization"},"potentialAction":[{"@type":"SearchAction","target":{"@type":"EntryPoint","urlTemplate":"https:\/\/www.hitech.fi\/hitech\/?s={search_term_string}"},"query-input":{"@type":"PropertyValueSpecification","valueRequired":true,"valueName":"search_term_string"}}],"inLanguage":"fi"},{"@type":"Organization","@id":"https:\/\/www.hitech.fi\/hitech\/#organization","name":"Hitech Chemicals","alternateName":"Hitech","url":"https:\/\/www.hitech.fi\/hitech\/","logo":{"@type":"ImageObject","inLanguage":"fi","@id":"https:\/\/www.hitech.fi\/hitech\/#\/schema\/logo\/image\/","url":"https:\/\/www.hitech.fi\/hitech\/wp-content\/uploads\/2023\/06\/cropped-hitech_logo_600x600.png","contentUrl":"https:\/\/www.hitech.fi\/hitech\/wp-content\/uploads\/2023\/06\/cropped-hitech_logo_600x600.png","width":512,"height":512,"caption":"Hitech Chemicals"},"image":{"@id":"https:\/\/www.hitech.fi\/hitech\/#\/schema\/logo\/image\/"},"sameAs":["https:\/\/www.facebook.com\/hitechfinland"]}]}},"_links":{"self":[{"href":"https:\/\/www.hitech.fi\/hitech\/wp-json\/wp\/v2\/product\/768","targetHints":{"allow":["GET"]}}],"collection":[{"href":"https:\/\/www.hitech.fi\/hitech\/wp-json\/wp\/v2\/product"}],"about":[{"href":"https:\/\/www.hitech.fi\/hitech\/wp-json\/wp\/v2\/types\/product"}],"replies":[{"embeddable":true,"href":"https:\/\/www.hitech.fi\/hitech\/wp-json\/wp\/v2\/comments?post=768"}],"wp:featuredmedia":[{"embeddable":true,"href":"https:\/\/www.hitech.fi\/hitech\/wp-json\/wp\/v2\/media\/282"}],"wp:attachment":[{"href":"https:\/\/www.hitech.fi\/hitech\/wp-json\/wp\/v2\/media?parent=768"}],"wp:term":[{"taxonomy":"product_brand","embeddable":true,"href":"https:\/\/www.hitech.fi\/hitech\/wp-json\/wp\/v2\/product_brand?post=768"},{"taxonomy":"product_cat","embeddable":true,"href":"https:\/\/www.hitech.fi\/hitech\/wp-json\/wp\/v2\/product_cat?post=768"},{"taxonomy":"product_tag","embeddable":true,"href":"https:\/\/www.hitech.fi\/hitech\/wp-json\/wp\/v2\/product_tag?post=768"}],"curies":[{"name":"wp","href":"https:\/\/api.w.org\/{rel}","templated":true}]}}