{"id":759,"date":"2023-10-17T08:48:06","date_gmt":"2023-10-17T05:48:06","guid":{"rendered":"https:\/\/www.hitech.fi\/hitech\/?post_type=product&#038;p=759"},"modified":"2024-05-10T14:39:13","modified_gmt":"2024-05-10T11:39:13","slug":"teho-bio-solv-strong-liuotinpesuaine-ja-rasvanpoistaja","status":"publish","type":"product","link":"https:\/\/www.hitech.fi\/hitech\/product\/teho-bio-solv-strong-liuotinpesuaine-ja-rasvanpoistaja\/","title":{"rendered":"TEHO Bio-Solv Strong -liuotinpesuaine ja rasvanpoistaja"},"content":{"rendered":"<p><strong>TEHO Bio-Solv Strong<\/strong> on eritt\u00e4in tehokas uusimman sukupolven orgaanisiin, kasviper\u00e4isiin liuottimiin perustuva liuotin ja rasvanpoistaja.<\/p>\n<p>Erinomainen poistamaan rasvoja ja \u00f6ljyj\u00e4, sek\u00e4 pinttynytt\u00e4 pike\u00e4, tervaa ja asfalttia. Soveltuu useiden eri tyyppisten liimojen poistoon. Erinomainen pinttyneen lian ja pien poistaja autojen maalatuilta pinnoilta, kuten helmat.<\/p>\n<p>Voidaan k\u00e4ytt\u00e4\u00e4 useimmilla metallipinnoilla, kuten alumiini, sinkki ja galvanoidut metallit. Soveltuu my\u00f6s useiden maalattujen, muovi ja kumipintojen puhdistukseen. HUOM! Testaa aina ensin pienell\u00e4 alueella puhdistettavan pinnan kest\u00e4vyys.<\/p>\n<p>Tuote on 100% biohajoava ja turvallinen k\u00e4ytt\u00e4\u00e4; vaaraton ihmisille ja ymp\u00e4rist\u00f6lle. Voidaan k\u00e4ytt\u00e4\u00e4 my\u00f6s melko kuumilla pinnoilla , koska tuotteen syttymispiste on 150 \u00b0C. Tuote ei sekoitu veteen, joten se on tarvittaessa helppo ottaa talteen esim. pestyn j\u00e4te\u00f6ljyn kanssa \u00f6ljynerottimesta.<\/p>\n<p><strong>K\u00c4YTT\u00d6KOHTEET:<\/strong><\/p>\n<p>Ajoneuvot, ty\u00f6koneet, teollisuus, autotallit, asfalttiurakointi, tekninen yll\u00e4pito, kiinteist\u00f6huolto<\/p>\n<p><strong>K\u00c4YTT\u00d6OHJE:<\/strong><\/p>\n<p>1. Ruiskutetaan laimentamattomana puhdistettavalle pinnalle. Voidaan k\u00e4ytt\u00e4\u00e4 my\u00f6s osienpesussa osien liottamiseen.<br \/>\n2. Annetaan vaikuttaa hetken tai muutamia minuutteja.<br \/>\n3. Lian irrottamista voidaan tehostaa esim. harjalla, liinalla tai painepesurilla kuumalla vedell\u00e4.<br \/>\n4. Tarvittaessa pese lopuksi pesuaineella (esim. kalustonpesuaine) liuotin j\u00e4\u00e4mien poistamiseksi pinnoilta.<br \/>\n5. HUOM: Poistettaessa pinttynytt\u00e4 likaa ja pike\u00e4 autojen maalatuilta pinnoilta, tulee t\u00e4m\u00e4n j\u00e4lkeen aina suorittaa lopuksi pesu kalustonpesuaineella ja\/tai autoshampoolla ainej\u00e4\u00e4\u00e4mien poistamiseksi.<\/p>\n<p><strong>HUOM:<\/strong> Jos levitykseen k\u00e4ytet\u00e4\u00e4n matalapaineruiskua, tulee siin\u00e4 olla FPM\/VITON \u2013tiivisteet.<\/p>\n<p><strong>AMMATTIK\u00c4YTT\u00d6\u00d6N<\/strong><\/p>\n<p>Tuotenumero: 7921<\/p>\n<p>Tuote on pakattu 10 Litran muoviastiaan. Myyntier\u00e4 on yksi (1) 10 litran astia. Ammattik\u00e4ytt\u00f6\u00f6n.<\/p>\n","protected":false},"excerpt":{"rendered":"<p><strong>TEHO Bio-Solv Strong<\/strong> on eritt\u00e4in tehokas uusimman sukupolven orgaanisiin, kasviper\u00e4isiin liuottimiin perustuva liuotin ja rasvanpoistaja. Erinomainen poistamaan rasvoja ja \u00f6ljyj\u00e4, sek\u00e4 pinttynytt\u00e4 pike\u00e4, tervaa ja asfalttia. Soveltuu useiden eri tyyppisten liimojen poistoon. Erinomainen pinttyneen lian ja pien poistaja autojen maalatuilta pinnoilta, kuten helmat.<\/p>\n[maxbutton id=\"2\" url=\"https:\/\/www.hitech.fi\/hitech\/wp-content\/uploads\/2023\/12\/TEHO_Bio-Solv_Strong_web.pdf\" text=\"Lataa tuotekortti\" window=\"new\" ]\n","protected":false},"featured_media":472,"comment_status":"closed","ping_status":"closed","template":"","meta":[],"product_brand":[],"product_cat":[134,138,123,96,135,133],"product_tag":[],"class_list":{"0":"post-759","1":"product","2":"type-product","3":"status-publish","4":"has-post-thumbnail","6":"product_cat-kalusto-ja-ajoneuvot","7":"product_cat-kiinteistohuolto","8":"product_cat-oljyn-ja-rasvanpoistajat","9":"product_cat-pesuaineet","10":"product_cat-teollisuus","11":"product_cat-toimialat","13":"first","14":"instock","15":"shipping-taxable","16":"product-type-simple"},"yoast_head":"<!-- This site is optimized with the Yoast SEO plugin v24.3 - https:\/\/yoast.com\/wordpress\/plugins\/seo\/ -->\n<title>TEHO Bio-Solv Strong -liuotinpesuaine ja rasvanpoistaja | Hitech Chemicals<\/title>\n<meta name=\"robots\" content=\"index, follow, max-snippet:-1, max-image-preview:large, max-video-preview:-1\" \/>\n<link rel=\"canonical\" href=\"https:\/\/www.hitech.fi\/hitech\/product\/teho-bio-solv-strong-liuotinpesuaine-ja-rasvanpoistaja\/\" \/>\n<meta property=\"og:locale\" content=\"fi_FI\" \/>\n<meta property=\"og:type\" content=\"article\" \/>\n<meta property=\"og:title\" content=\"TEHO Bio-Solv Strong -liuotinpesuaine ja rasvanpoistaja | Hitech Chemicals\" \/>\n<meta property=\"og:description\" content=\"TEHO Bio-Solv Strong on eritt\u00e4in tehokas uusimman sukupolven orgaanisiin, kasviper\u00e4isiin liuottimiin perustuva liuotin ja rasvanpoistaja. Erinomainen poistamaan rasvoja ja \u00f6ljyj\u00e4, sek\u00e4 pinttynytt\u00e4 pike\u00e4, tervaa ja asfalttia. Soveltuu useiden eri tyyppisten liimojen poistoon. Erinomainen pinttyneen lian ja pien poistaja autojen maalatuilta pinnoilta, kuten helmat.\" \/>\n<meta property=\"og:url\" content=\"https:\/\/www.hitech.fi\/hitech\/product\/teho-bio-solv-strong-liuotinpesuaine-ja-rasvanpoistaja\/\" \/>\n<meta property=\"og:site_name\" content=\"Hitech Chemicals\" \/>\n<meta property=\"article:publisher\" content=\"https:\/\/www.facebook.com\/hitechfinland\" \/>\n<meta property=\"article:modified_time\" content=\"2024-05-10T11:39:13+00:00\" \/>\n<meta property=\"og:image\" content=\"https:\/\/www.hitech.fi\/hitech\/wp-content\/uploads\/2018\/05\/Hires_TEHO_Bio-Solv_Strong.jpg\" \/>\n\t<meta property=\"og:image:width\" content=\"1024\" \/>\n\t<meta property=\"og:image:height\" content=\"1024\" \/>\n\t<meta property=\"og:image:type\" content=\"image\/jpeg\" \/>\n<meta name=\"twitter:card\" content=\"summary_large_image\" \/>\n<meta name=\"twitter:label1\" content=\"Arvioitu lukuaika\" \/>\n\t<meta name=\"twitter:data1\" content=\"2 minuuttia\" \/>\n<script type=\"application\/ld+json\" class=\"yoast-schema-graph\">{\"@context\":\"https:\/\/schema.org\",\"@graph\":[{\"@type\":\"WebPage\",\"@id\":\"https:\/\/www.hitech.fi\/hitech\/product\/teho-bio-solv-strong-liuotinpesuaine-ja-rasvanpoistaja\/\",\"url\":\"https:\/\/www.hitech.fi\/hitech\/product\/teho-bio-solv-strong-liuotinpesuaine-ja-rasvanpoistaja\/\",\"name\":\"TEHO Bio-Solv Strong -liuotinpesuaine ja rasvanpoistaja | Hitech Chemicals\",\"isPartOf\":{\"@id\":\"https:\/\/www.hitech.fi\/hitech\/#website\"},\"primaryImageOfPage\":{\"@id\":\"https:\/\/www.hitech.fi\/hitech\/product\/teho-bio-solv-strong-liuotinpesuaine-ja-rasvanpoistaja\/#primaryimage\"},\"image\":{\"@id\":\"https:\/\/www.hitech.fi\/hitech\/product\/teho-bio-solv-strong-liuotinpesuaine-ja-rasvanpoistaja\/#primaryimage\"},\"thumbnailUrl\":\"https:\/\/www.hitech.fi\/hitech\/wp-content\/uploads\/2018\/05\/Hires_TEHO_Bio-Solv_Strong.jpg\",\"datePublished\":\"2023-10-17T05:48:06+00:00\",\"dateModified\":\"2024-05-10T11:39:13+00:00\",\"breadcrumb\":{\"@id\":\"https:\/\/www.hitech.fi\/hitech\/product\/teho-bio-solv-strong-liuotinpesuaine-ja-rasvanpoistaja\/#breadcrumb\"},\"inLanguage\":\"fi\",\"potentialAction\":[{\"@type\":\"ReadAction\",\"target\":[\"https:\/\/www.hitech.fi\/hitech\/product\/teho-bio-solv-strong-liuotinpesuaine-ja-rasvanpoistaja\/\"]}]},{\"@type\":\"ImageObject\",\"inLanguage\":\"fi\",\"@id\":\"https:\/\/www.hitech.fi\/hitech\/product\/teho-bio-solv-strong-liuotinpesuaine-ja-rasvanpoistaja\/#primaryimage\",\"url\":\"https:\/\/www.hitech.fi\/hitech\/wp-content\/uploads\/2018\/05\/Hires_TEHO_Bio-Solv_Strong.jpg\",\"contentUrl\":\"https:\/\/www.hitech.fi\/hitech\/wp-content\/uploads\/2018\/05\/Hires_TEHO_Bio-Solv_Strong.jpg\",\"width\":1024,\"height\":1024,\"caption\":\"TEHO BIO-SOLV STRONG -liuotinpesuaine teollisuuteen\"},{\"@type\":\"BreadcrumbList\",\"@id\":\"https:\/\/www.hitech.fi\/hitech\/product\/teho-bio-solv-strong-liuotinpesuaine-ja-rasvanpoistaja\/#breadcrumb\",\"itemListElement\":[{\"@type\":\"ListItem\",\"position\":1,\"name\":\"Etusivu\",\"item\":\"https:\/\/www.hitech.fi\/hitech\/\"},{\"@type\":\"ListItem\",\"position\":2,\"name\":\"Katalogi\",\"item\":\"https:\/\/www.hitech.fi\/hitech\/katalogi\/\"},{\"@type\":\"ListItem\",\"position\":3,\"name\":\"TEHO Bio-Solv Strong -liuotinpesuaine ja rasvanpoistaja\"}]},{\"@type\":\"WebSite\",\"@id\":\"https:\/\/www.hitech.fi\/hitech\/#website\",\"url\":\"https:\/\/www.hitech.fi\/hitech\/\",\"name\":\"Hitech Chemicals\",\"description\":\"Puhdistusaineet ja huoltotuotteet\",\"publisher\":{\"@id\":\"https:\/\/www.hitech.fi\/hitech\/#organization\"},\"potentialAction\":[{\"@type\":\"SearchAction\",\"target\":{\"@type\":\"EntryPoint\",\"urlTemplate\":\"https:\/\/www.hitech.fi\/hitech\/?s={search_term_string}\"},\"query-input\":{\"@type\":\"PropertyValueSpecification\",\"valueRequired\":true,\"valueName\":\"search_term_string\"}}],\"inLanguage\":\"fi\"},{\"@type\":\"Organization\",\"@id\":\"https:\/\/www.hitech.fi\/hitech\/#organization\",\"name\":\"Hitech Chemicals\",\"alternateName\":\"Hitech\",\"url\":\"https:\/\/www.hitech.fi\/hitech\/\",\"logo\":{\"@type\":\"ImageObject\",\"inLanguage\":\"fi\",\"@id\":\"https:\/\/www.hitech.fi\/hitech\/#\/schema\/logo\/image\/\",\"url\":\"https:\/\/www.hitech.fi\/hitech\/wp-content\/uploads\/2023\/06\/cropped-hitech_logo_600x600.png\",\"contentUrl\":\"https:\/\/www.hitech.fi\/hitech\/wp-content\/uploads\/2023\/06\/cropped-hitech_logo_600x600.png\",\"width\":512,\"height\":512,\"caption\":\"Hitech Chemicals\"},\"image\":{\"@id\":\"https:\/\/www.hitech.fi\/hitech\/#\/schema\/logo\/image\/\"},\"sameAs\":[\"https:\/\/www.facebook.com\/hitechfinland\"]}]}<\/script>\n<!-- \/ Yoast SEO plugin. -->","yoast_head_json":{"title":"TEHO Bio-Solv Strong -liuotinpesuaine ja rasvanpoistaja | Hitech Chemicals","robots":{"index":"index","follow":"follow","max-snippet":"max-snippet:-1","max-image-preview":"max-image-preview:large","max-video-preview":"max-video-preview:-1"},"canonical":"https:\/\/www.hitech.fi\/hitech\/product\/teho-bio-solv-strong-liuotinpesuaine-ja-rasvanpoistaja\/","og_locale":"fi_FI","og_type":"article","og_title":"TEHO Bio-Solv Strong -liuotinpesuaine ja rasvanpoistaja | Hitech Chemicals","og_description":"TEHO Bio-Solv Strong on eritt\u00e4in tehokas uusimman sukupolven orgaanisiin, kasviper\u00e4isiin liuottimiin perustuva liuotin ja rasvanpoistaja. Erinomainen poistamaan rasvoja ja \u00f6ljyj\u00e4, sek\u00e4 pinttynytt\u00e4 pike\u00e4, tervaa ja asfalttia. Soveltuu useiden eri tyyppisten liimojen poistoon. Erinomainen pinttyneen lian ja pien poistaja autojen maalatuilta pinnoilta, kuten helmat.","og_url":"https:\/\/www.hitech.fi\/hitech\/product\/teho-bio-solv-strong-liuotinpesuaine-ja-rasvanpoistaja\/","og_site_name":"Hitech Chemicals","article_publisher":"https:\/\/www.facebook.com\/hitechfinland","article_modified_time":"2024-05-10T11:39:13+00:00","og_image":[{"width":1024,"height":1024,"url":"https:\/\/www.hitech.fi\/hitech\/wp-content\/uploads\/2018\/05\/Hires_TEHO_Bio-Solv_Strong.jpg","type":"image\/jpeg"}],"twitter_card":"summary_large_image","twitter_misc":{"Arvioitu lukuaika":"2 minuuttia"},"schema":{"@context":"https:\/\/schema.org","@graph":[{"@type":"WebPage","@id":"https:\/\/www.hitech.fi\/hitech\/product\/teho-bio-solv-strong-liuotinpesuaine-ja-rasvanpoistaja\/","url":"https:\/\/www.hitech.fi\/hitech\/product\/teho-bio-solv-strong-liuotinpesuaine-ja-rasvanpoistaja\/","name":"TEHO Bio-Solv Strong -liuotinpesuaine ja rasvanpoistaja | Hitech Chemicals","isPartOf":{"@id":"https:\/\/www.hitech.fi\/hitech\/#website"},"primaryImageOfPage":{"@id":"https:\/\/www.hitech.fi\/hitech\/product\/teho-bio-solv-strong-liuotinpesuaine-ja-rasvanpoistaja\/#primaryimage"},"image":{"@id":"https:\/\/www.hitech.fi\/hitech\/product\/teho-bio-solv-strong-liuotinpesuaine-ja-rasvanpoistaja\/#primaryimage"},"thumbnailUrl":"https:\/\/www.hitech.fi\/hitech\/wp-content\/uploads\/2018\/05\/Hires_TEHO_Bio-Solv_Strong.jpg","datePublished":"2023-10-17T05:48:06+00:00","dateModified":"2024-05-10T11:39:13+00:00","breadcrumb":{"@id":"https:\/\/www.hitech.fi\/hitech\/product\/teho-bio-solv-strong-liuotinpesuaine-ja-rasvanpoistaja\/#breadcrumb"},"inLanguage":"fi","potentialAction":[{"@type":"ReadAction","target":["https:\/\/www.hitech.fi\/hitech\/product\/teho-bio-solv-strong-liuotinpesuaine-ja-rasvanpoistaja\/"]}]},{"@type":"ImageObject","inLanguage":"fi","@id":"https:\/\/www.hitech.fi\/hitech\/product\/teho-bio-solv-strong-liuotinpesuaine-ja-rasvanpoistaja\/#primaryimage","url":"https:\/\/www.hitech.fi\/hitech\/wp-content\/uploads\/2018\/05\/Hires_TEHO_Bio-Solv_Strong.jpg","contentUrl":"https:\/\/www.hitech.fi\/hitech\/wp-content\/uploads\/2018\/05\/Hires_TEHO_Bio-Solv_Strong.jpg","width":1024,"height":1024,"caption":"TEHO BIO-SOLV STRONG -liuotinpesuaine teollisuuteen"},{"@type":"BreadcrumbList","@id":"https:\/\/www.hitech.fi\/hitech\/product\/teho-bio-solv-strong-liuotinpesuaine-ja-rasvanpoistaja\/#breadcrumb","itemListElement":[{"@type":"ListItem","position":1,"name":"Etusivu","item":"https:\/\/www.hitech.fi\/hitech\/"},{"@type":"ListItem","position":2,"name":"Katalogi","item":"https:\/\/www.hitech.fi\/hitech\/katalogi\/"},{"@type":"ListItem","position":3,"name":"TEHO Bio-Solv Strong -liuotinpesuaine ja rasvanpoistaja"}]},{"@type":"WebSite","@id":"https:\/\/www.hitech.fi\/hitech\/#website","url":"https:\/\/www.hitech.fi\/hitech\/","name":"Hitech Chemicals","description":"Puhdistusaineet ja huoltotuotteet","publisher":{"@id":"https:\/\/www.hitech.fi\/hitech\/#organization"},"potentialAction":[{"@type":"SearchAction","target":{"@type":"EntryPoint","urlTemplate":"https:\/\/www.hitech.fi\/hitech\/?s={search_term_string}"},"query-input":{"@type":"PropertyValueSpecification","valueRequired":true,"valueName":"search_term_string"}}],"inLanguage":"fi"},{"@type":"Organization","@id":"https:\/\/www.hitech.fi\/hitech\/#organization","name":"Hitech Chemicals","alternateName":"Hitech","url":"https:\/\/www.hitech.fi\/hitech\/","logo":{"@type":"ImageObject","inLanguage":"fi","@id":"https:\/\/www.hitech.fi\/hitech\/#\/schema\/logo\/image\/","url":"https:\/\/www.hitech.fi\/hitech\/wp-content\/uploads\/2023\/06\/cropped-hitech_logo_600x600.png","contentUrl":"https:\/\/www.hitech.fi\/hitech\/wp-content\/uploads\/2023\/06\/cropped-hitech_logo_600x600.png","width":512,"height":512,"caption":"Hitech Chemicals"},"image":{"@id":"https:\/\/www.hitech.fi\/hitech\/#\/schema\/logo\/image\/"},"sameAs":["https:\/\/www.facebook.com\/hitechfinland"]}]}},"_links":{"self":[{"href":"https:\/\/www.hitech.fi\/hitech\/wp-json\/wp\/v2\/product\/759","targetHints":{"allow":["GET"]}}],"collection":[{"href":"https:\/\/www.hitech.fi\/hitech\/wp-json\/wp\/v2\/product"}],"about":[{"href":"https:\/\/www.hitech.fi\/hitech\/wp-json\/wp\/v2\/types\/product"}],"replies":[{"embeddable":true,"href":"https:\/\/www.hitech.fi\/hitech\/wp-json\/wp\/v2\/comments?post=759"}],"wp:featuredmedia":[{"embeddable":true,"href":"https:\/\/www.hitech.fi\/hitech\/wp-json\/wp\/v2\/media\/472"}],"wp:attachment":[{"href":"https:\/\/www.hitech.fi\/hitech\/wp-json\/wp\/v2\/media?parent=759"}],"wp:term":[{"taxonomy":"product_brand","embeddable":true,"href":"https:\/\/www.hitech.fi\/hitech\/wp-json\/wp\/v2\/product_brand?post=759"},{"taxonomy":"product_cat","embeddable":true,"href":"https:\/\/www.hitech.fi\/hitech\/wp-json\/wp\/v2\/product_cat?post=759"},{"taxonomy":"product_tag","embeddable":true,"href":"https:\/\/www.hitech.fi\/hitech\/wp-json\/wp\/v2\/product_tag?post=759"}],"curies":[{"name":"wp","href":"https:\/\/api.w.org\/{rel}","templated":true}]}}