{"id":758,"date":"2023-10-17T08:44:08","date_gmt":"2023-10-17T05:44:08","guid":{"rendered":"https:\/\/www.hitech.fi\/hitech\/?post_type=product&#038;p=758"},"modified":"2024-05-10T14:39:52","modified_gmt":"2024-05-10T11:39:52","slug":"teho-biofloor-mop-5l-lattianpesuaine-ja-rasvansyoja","status":"publish","type":"product","link":"https:\/\/www.hitech.fi\/hitech\/product\/teho-biofloor-mop-5l-lattianpesuaine-ja-rasvansyoja\/","title":{"rendered":"TEHO BioFloor Mop 5L -lattianpesuaine ja rasvansy\u00f6j\u00e4"},"content":{"rendered":"<p><strong>TEHO BioFloor Mop on eritt\u00e4in tehokas lattianpesuaine, hajunpoistaja ja rasvansy\u00f6j\u00e4, jota suositellaan k\u00e4ytett\u00e4v\u00e4ksi kaikkialla miss\u00e4 ruokaa valmistetaan teollisesti. <\/strong>TEHO BioFloor Mop sis\u00e4lt\u00e4\u00e4 pesu- ja emulgointiaineita sek\u00e4 tauteja aiheuttamattomia bakteereja, jotka suunniteltu sy\u00f6m\u00e4\u00e4n rasvoja, proteiineja ja t\u00e4rkkelyst\u00e4.<\/p>\n<p>Tuotteen ainutlaatuinen bakteerikanta jatkaa toimintaansa siivousten v\u00e4liss\u00e4kin siten, ett\u00e4 rasvan kertyminen lattiapinnoille v\u00e4henee ratkaisevasti. TEHO BioFloor Mop on erityisen tehokas vaikeasti saavutettavien alueiden, kuten lattiakaivojen, keitti\u00f6koneiden alustojen jne. puhtaanapidossa.<\/p>\n<ul>\n<li>S\u00e4\u00e4st\u00e4\u00e4 aikaa ja ty\u00f6t\u00e4. Huuhtelu ei ole v\u00e4ltt\u00e4m\u00e4t\u00f6nt\u00e4<\/li>\n<li>Ennen n\u00e4kem\u00e4t\u00f6n ja nopea rasvanpoistoteho lis\u00e4\u00e4 ty\u00f6turvallisuutta ja v\u00e4hent\u00e4\u00e4 liukastumisriski\u00e4<\/li>\n<li>Ymp\u00e4rist\u00f6yst\u00e4v\u00e4llinen ja t\u00e4ysin biohajoava. V\u00e4hent\u00e4\u00e4 ymp\u00e4rist\u00f6\u00e4 kuormittavien kemikaalien k\u00e4ytt\u00f6tarvetta<\/li>\n<li>Edullinen k\u00e4ytt\u00e4\u00e4: k\u00e4ytt\u00f6liuos 1-3% lattioiden likaisuudesta riippuen<\/li>\n<\/ul>\n<p><strong>HUOM. VAIN AMMATTIK\u00c4YTT\u00d6\u00d6N!<\/strong><\/p>\n<p><strong>Suositellaan k\u00e4ytett\u00e4v\u00e4ksi:<br \/>\n<\/strong><br \/>\n\u2022 Ravintoloissa ja hotelleissa<br \/>\n\u2022 Suurtalouskeitti\u00f6iss\u00e4<br \/>\n\u2022 Kouluissa ja p\u00e4iv\u00e4kodeissa<br \/>\n\u2022 Huoltoasemilla<br \/>\n\u2022 Supermarketeissa<\/p>\n<p><strong>K\u00c4YTT\u00d6OHJE:<\/strong><\/p>\n<ul>\n<li>Sekoita 1-3% TEHO BioFloor Moppia haaleaan veteen (max. 50\u00b0C)<\/li>\n<li>Levit\u00e4 k\u00e4ytt\u00f6liuos lattialle. Pese. Kuivaa lastalla, sienell\u00e4 tai mopilla. J\u00e4t\u00e4 lattialle mahdollisimman v\u00e4h\u00e4n nestett\u00e4<\/li>\n<li>TEHO BioFloor Mop ei vaadi huuhtelua. Puhdistettuasi alueen ohjaa TEHO BioFloor Mop seos lattiakaivoon. P\u00e4ivitt\u00e4inen k\u00e4ytt\u00f6 auttaa pit\u00e4m\u00e4\u00e4n putkiston ja rasvanerottimen kunnossa<\/li>\n<li>HUOM: TEHO BioFloor Moppia ei saa k\u00e4ytt\u00e4\u00e4 yhdess\u00e4 happoja, em\u00e4ksi\u00e4 eik\u00e4 kloriittia sis\u00e4lt\u00e4vien aineiden kanssa. Vain lattiapinnoille. V\u00e4lt\u00e4 kontaktia elintarvikkeiden kanssa. Varastoi kuivassa l\u00e4mpim\u00e4ss\u00e4 tilassa (4-52\u00b0C)<\/li>\n<\/ul>\n<p><strong>Tuotenumero: 1100<\/strong><\/p>\n<p>Tuote on pakattu 5 Litran muoviastiaan. Myyntier\u00e4 on yksi (1) laatikko, joka sis\u00e4lt\u00e4\u00e4 4 astiaa. Vain Ammattik\u00e4ytt\u00f6\u00f6n.<\/p>\n","protected":false},"excerpt":{"rendered":"<p><strong>TEHO BioFloor Mop on eritt\u00e4in tehokas lattianpesuaine, hajunpoistaja ja rasvansy\u00f6j\u00e4, jota suositellaan k\u00e4ytett\u00e4v\u00e4ksi kaikkialla miss\u00e4 ruokaa valmistetaan teollisesti. <\/strong>TEHO BioFloor Mop sis\u00e4lt\u00e4\u00e4 pesu- ja emulgointiaineita sek\u00e4 tauteja aiheuttamattomia bakteereja, jotka suunniteltu sy\u00f6m\u00e4\u00e4n rasvoja, proteiineja ja t\u00e4rkkelyst\u00e4.<\/p>\n[maxbutton id=\"2\" url=\"https:\/\/www.hitech.fi\/hitech\/wp-content\/uploads\/2023\/12\/TEHO_Biofloor_Mop_web.pdf\" text=\"Lataa tuotekortti\" window=\"new\" ]\n","protected":false},"featured_media":244,"comment_status":"closed","ping_status":"closed","template":"","meta":[],"product_brand":[],"product_cat":[97,136,138,129,124,96,133],"product_tag":[],"class_list":{"0":"post-758","1":"product","2":"type-product","3":"status-publish","4":"has-post-thumbnail","6":"product_cat-huoltokemikaalit","7":"product_cat-keittio-ja-elintarviketeollisuus","8":"product_cat-kiinteistohuolto","9":"product_cat-kiinteistot-ja-ulkopinnat","10":"product_cat-lattiapesu","11":"product_cat-pesuaineet","12":"product_cat-toimialat","14":"first","15":"instock","16":"shipping-taxable","17":"product-type-simple"},"yoast_head":"<!-- This site is optimized with the Yoast SEO plugin v24.3 - https:\/\/yoast.com\/wordpress\/plugins\/seo\/ -->\n<title>TEHO BioFloor Mop 5L -lattianpesuaine ja rasvansy\u00f6j\u00e4 | Hitech Chemicals<\/title>\n<meta name=\"robots\" content=\"index, follow, max-snippet:-1, max-image-preview:large, max-video-preview:-1\" \/>\n<link rel=\"canonical\" href=\"https:\/\/www.hitech.fi\/hitech\/product\/teho-biofloor-mop-5l-lattianpesuaine-ja-rasvansyoja\/\" \/>\n<meta property=\"og:locale\" content=\"fi_FI\" \/>\n<meta property=\"og:type\" content=\"article\" \/>\n<meta property=\"og:title\" content=\"TEHO BioFloor Mop 5L -lattianpesuaine ja rasvansy\u00f6j\u00e4 | Hitech Chemicals\" \/>\n<meta property=\"og:description\" content=\"TEHO BioFloor Mop on eritt\u00e4in tehokas lattianpesuaine, hajunpoistaja ja rasvansy\u00f6j\u00e4, jota suositellaan k\u00e4ytett\u00e4v\u00e4ksi kaikkialla miss\u00e4 ruokaa valmistetaan teollisesti. TEHO BioFloor Mop sis\u00e4lt\u00e4\u00e4 pesu- ja emulgointiaineita sek\u00e4 tauteja aiheuttamattomia bakteereja, jotka suunniteltu sy\u00f6m\u00e4\u00e4n rasvoja, proteiineja ja t\u00e4rkkelyst\u00e4.\" \/>\n<meta property=\"og:url\" content=\"https:\/\/www.hitech.fi\/hitech\/product\/teho-biofloor-mop-5l-lattianpesuaine-ja-rasvansyoja\/\" \/>\n<meta property=\"og:site_name\" content=\"Hitech Chemicals\" \/>\n<meta property=\"article:publisher\" content=\"https:\/\/www.facebook.com\/hitechfinland\" \/>\n<meta property=\"article:modified_time\" content=\"2024-05-10T11:39:52+00:00\" \/>\n<meta property=\"og:image\" content=\"https:\/\/www.hitech.fi\/hitech\/wp-content\/uploads\/2014\/02\/Hires_TEHO_Bio_Floor_Mop.jpg\" \/>\n\t<meta property=\"og:image:width\" content=\"1024\" \/>\n\t<meta property=\"og:image:height\" content=\"1024\" \/>\n\t<meta property=\"og:image:type\" content=\"image\/jpeg\" \/>\n<meta name=\"twitter:card\" content=\"summary_large_image\" \/>\n<meta name=\"twitter:label1\" content=\"Arvioitu lukuaika\" \/>\n\t<meta name=\"twitter:data1\" content=\"2 minuuttia\" \/>\n<script type=\"application\/ld+json\" class=\"yoast-schema-graph\">{\"@context\":\"https:\/\/schema.org\",\"@graph\":[{\"@type\":\"WebPage\",\"@id\":\"https:\/\/www.hitech.fi\/hitech\/product\/teho-biofloor-mop-5l-lattianpesuaine-ja-rasvansyoja\/\",\"url\":\"https:\/\/www.hitech.fi\/hitech\/product\/teho-biofloor-mop-5l-lattianpesuaine-ja-rasvansyoja\/\",\"name\":\"TEHO BioFloor Mop 5L -lattianpesuaine ja rasvansy\u00f6j\u00e4 | Hitech Chemicals\",\"isPartOf\":{\"@id\":\"https:\/\/www.hitech.fi\/hitech\/#website\"},\"primaryImageOfPage\":{\"@id\":\"https:\/\/www.hitech.fi\/hitech\/product\/teho-biofloor-mop-5l-lattianpesuaine-ja-rasvansyoja\/#primaryimage\"},\"image\":{\"@id\":\"https:\/\/www.hitech.fi\/hitech\/product\/teho-biofloor-mop-5l-lattianpesuaine-ja-rasvansyoja\/#primaryimage\"},\"thumbnailUrl\":\"https:\/\/www.hitech.fi\/hitech\/wp-content\/uploads\/2014\/02\/Hires_TEHO_Bio_Floor_Mop.jpg\",\"datePublished\":\"2023-10-17T05:44:08+00:00\",\"dateModified\":\"2024-05-10T11:39:52+00:00\",\"breadcrumb\":{\"@id\":\"https:\/\/www.hitech.fi\/hitech\/product\/teho-biofloor-mop-5l-lattianpesuaine-ja-rasvansyoja\/#breadcrumb\"},\"inLanguage\":\"fi\",\"potentialAction\":[{\"@type\":\"ReadAction\",\"target\":[\"https:\/\/www.hitech.fi\/hitech\/product\/teho-biofloor-mop-5l-lattianpesuaine-ja-rasvansyoja\/\"]}]},{\"@type\":\"ImageObject\",\"inLanguage\":\"fi\",\"@id\":\"https:\/\/www.hitech.fi\/hitech\/product\/teho-biofloor-mop-5l-lattianpesuaine-ja-rasvansyoja\/#primaryimage\",\"url\":\"https:\/\/www.hitech.fi\/hitech\/wp-content\/uploads\/2014\/02\/Hires_TEHO_Bio_Floor_Mop.jpg\",\"contentUrl\":\"https:\/\/www.hitech.fi\/hitech\/wp-content\/uploads\/2014\/02\/Hires_TEHO_Bio_Floor_Mop.jpg\",\"width\":1024,\"height\":1024,\"caption\":\"TEHO Biofloor Mop -lattianpesuaine, hajunpoistaja ja rasvansy\u00f6j\u00e4\"},{\"@type\":\"BreadcrumbList\",\"@id\":\"https:\/\/www.hitech.fi\/hitech\/product\/teho-biofloor-mop-5l-lattianpesuaine-ja-rasvansyoja\/#breadcrumb\",\"itemListElement\":[{\"@type\":\"ListItem\",\"position\":1,\"name\":\"Etusivu\",\"item\":\"https:\/\/www.hitech.fi\/hitech\/\"},{\"@type\":\"ListItem\",\"position\":2,\"name\":\"Katalogi\",\"item\":\"https:\/\/www.hitech.fi\/hitech\/katalogi\/\"},{\"@type\":\"ListItem\",\"position\":3,\"name\":\"TEHO BioFloor Mop 5L -lattianpesuaine ja rasvansy\u00f6j\u00e4\"}]},{\"@type\":\"WebSite\",\"@id\":\"https:\/\/www.hitech.fi\/hitech\/#website\",\"url\":\"https:\/\/www.hitech.fi\/hitech\/\",\"name\":\"Hitech Chemicals\",\"description\":\"Puhdistusaineet ja huoltotuotteet\",\"publisher\":{\"@id\":\"https:\/\/www.hitech.fi\/hitech\/#organization\"},\"potentialAction\":[{\"@type\":\"SearchAction\",\"target\":{\"@type\":\"EntryPoint\",\"urlTemplate\":\"https:\/\/www.hitech.fi\/hitech\/?s={search_term_string}\"},\"query-input\":{\"@type\":\"PropertyValueSpecification\",\"valueRequired\":true,\"valueName\":\"search_term_string\"}}],\"inLanguage\":\"fi\"},{\"@type\":\"Organization\",\"@id\":\"https:\/\/www.hitech.fi\/hitech\/#organization\",\"name\":\"Hitech Chemicals\",\"alternateName\":\"Hitech\",\"url\":\"https:\/\/www.hitech.fi\/hitech\/\",\"logo\":{\"@type\":\"ImageObject\",\"inLanguage\":\"fi\",\"@id\":\"https:\/\/www.hitech.fi\/hitech\/#\/schema\/logo\/image\/\",\"url\":\"https:\/\/www.hitech.fi\/hitech\/wp-content\/uploads\/2023\/06\/cropped-hitech_logo_600x600.png\",\"contentUrl\":\"https:\/\/www.hitech.fi\/hitech\/wp-content\/uploads\/2023\/06\/cropped-hitech_logo_600x600.png\",\"width\":512,\"height\":512,\"caption\":\"Hitech Chemicals\"},\"image\":{\"@id\":\"https:\/\/www.hitech.fi\/hitech\/#\/schema\/logo\/image\/\"},\"sameAs\":[\"https:\/\/www.facebook.com\/hitechfinland\"]}]}<\/script>\n<!-- \/ Yoast SEO plugin. -->","yoast_head_json":{"title":"TEHO BioFloor Mop 5L -lattianpesuaine ja rasvansy\u00f6j\u00e4 | Hitech Chemicals","robots":{"index":"index","follow":"follow","max-snippet":"max-snippet:-1","max-image-preview":"max-image-preview:large","max-video-preview":"max-video-preview:-1"},"canonical":"https:\/\/www.hitech.fi\/hitech\/product\/teho-biofloor-mop-5l-lattianpesuaine-ja-rasvansyoja\/","og_locale":"fi_FI","og_type":"article","og_title":"TEHO BioFloor Mop 5L -lattianpesuaine ja rasvansy\u00f6j\u00e4 | Hitech Chemicals","og_description":"TEHO BioFloor Mop on eritt\u00e4in tehokas lattianpesuaine, hajunpoistaja ja rasvansy\u00f6j\u00e4, jota suositellaan k\u00e4ytett\u00e4v\u00e4ksi kaikkialla miss\u00e4 ruokaa valmistetaan teollisesti. TEHO BioFloor Mop sis\u00e4lt\u00e4\u00e4 pesu- ja emulgointiaineita sek\u00e4 tauteja aiheuttamattomia bakteereja, jotka suunniteltu sy\u00f6m\u00e4\u00e4n rasvoja, proteiineja ja t\u00e4rkkelyst\u00e4.","og_url":"https:\/\/www.hitech.fi\/hitech\/product\/teho-biofloor-mop-5l-lattianpesuaine-ja-rasvansyoja\/","og_site_name":"Hitech Chemicals","article_publisher":"https:\/\/www.facebook.com\/hitechfinland","article_modified_time":"2024-05-10T11:39:52+00:00","og_image":[{"width":1024,"height":1024,"url":"https:\/\/www.hitech.fi\/hitech\/wp-content\/uploads\/2014\/02\/Hires_TEHO_Bio_Floor_Mop.jpg","type":"image\/jpeg"}],"twitter_card":"summary_large_image","twitter_misc":{"Arvioitu lukuaika":"2 minuuttia"},"schema":{"@context":"https:\/\/schema.org","@graph":[{"@type":"WebPage","@id":"https:\/\/www.hitech.fi\/hitech\/product\/teho-biofloor-mop-5l-lattianpesuaine-ja-rasvansyoja\/","url":"https:\/\/www.hitech.fi\/hitech\/product\/teho-biofloor-mop-5l-lattianpesuaine-ja-rasvansyoja\/","name":"TEHO BioFloor Mop 5L -lattianpesuaine ja rasvansy\u00f6j\u00e4 | Hitech Chemicals","isPartOf":{"@id":"https:\/\/www.hitech.fi\/hitech\/#website"},"primaryImageOfPage":{"@id":"https:\/\/www.hitech.fi\/hitech\/product\/teho-biofloor-mop-5l-lattianpesuaine-ja-rasvansyoja\/#primaryimage"},"image":{"@id":"https:\/\/www.hitech.fi\/hitech\/product\/teho-biofloor-mop-5l-lattianpesuaine-ja-rasvansyoja\/#primaryimage"},"thumbnailUrl":"https:\/\/www.hitech.fi\/hitech\/wp-content\/uploads\/2014\/02\/Hires_TEHO_Bio_Floor_Mop.jpg","datePublished":"2023-10-17T05:44:08+00:00","dateModified":"2024-05-10T11:39:52+00:00","breadcrumb":{"@id":"https:\/\/www.hitech.fi\/hitech\/product\/teho-biofloor-mop-5l-lattianpesuaine-ja-rasvansyoja\/#breadcrumb"},"inLanguage":"fi","potentialAction":[{"@type":"ReadAction","target":["https:\/\/www.hitech.fi\/hitech\/product\/teho-biofloor-mop-5l-lattianpesuaine-ja-rasvansyoja\/"]}]},{"@type":"ImageObject","inLanguage":"fi","@id":"https:\/\/www.hitech.fi\/hitech\/product\/teho-biofloor-mop-5l-lattianpesuaine-ja-rasvansyoja\/#primaryimage","url":"https:\/\/www.hitech.fi\/hitech\/wp-content\/uploads\/2014\/02\/Hires_TEHO_Bio_Floor_Mop.jpg","contentUrl":"https:\/\/www.hitech.fi\/hitech\/wp-content\/uploads\/2014\/02\/Hires_TEHO_Bio_Floor_Mop.jpg","width":1024,"height":1024,"caption":"TEHO Biofloor Mop -lattianpesuaine, hajunpoistaja ja rasvansy\u00f6j\u00e4"},{"@type":"BreadcrumbList","@id":"https:\/\/www.hitech.fi\/hitech\/product\/teho-biofloor-mop-5l-lattianpesuaine-ja-rasvansyoja\/#breadcrumb","itemListElement":[{"@type":"ListItem","position":1,"name":"Etusivu","item":"https:\/\/www.hitech.fi\/hitech\/"},{"@type":"ListItem","position":2,"name":"Katalogi","item":"https:\/\/www.hitech.fi\/hitech\/katalogi\/"},{"@type":"ListItem","position":3,"name":"TEHO BioFloor Mop 5L -lattianpesuaine ja rasvansy\u00f6j\u00e4"}]},{"@type":"WebSite","@id":"https:\/\/www.hitech.fi\/hitech\/#website","url":"https:\/\/www.hitech.fi\/hitech\/","name":"Hitech Chemicals","description":"Puhdistusaineet ja huoltotuotteet","publisher":{"@id":"https:\/\/www.hitech.fi\/hitech\/#organization"},"potentialAction":[{"@type":"SearchAction","target":{"@type":"EntryPoint","urlTemplate":"https:\/\/www.hitech.fi\/hitech\/?s={search_term_string}"},"query-input":{"@type":"PropertyValueSpecification","valueRequired":true,"valueName":"search_term_string"}}],"inLanguage":"fi"},{"@type":"Organization","@id":"https:\/\/www.hitech.fi\/hitech\/#organization","name":"Hitech Chemicals","alternateName":"Hitech","url":"https:\/\/www.hitech.fi\/hitech\/","logo":{"@type":"ImageObject","inLanguage":"fi","@id":"https:\/\/www.hitech.fi\/hitech\/#\/schema\/logo\/image\/","url":"https:\/\/www.hitech.fi\/hitech\/wp-content\/uploads\/2023\/06\/cropped-hitech_logo_600x600.png","contentUrl":"https:\/\/www.hitech.fi\/hitech\/wp-content\/uploads\/2023\/06\/cropped-hitech_logo_600x600.png","width":512,"height":512,"caption":"Hitech Chemicals"},"image":{"@id":"https:\/\/www.hitech.fi\/hitech\/#\/schema\/logo\/image\/"},"sameAs":["https:\/\/www.facebook.com\/hitechfinland"]}]}},"_links":{"self":[{"href":"https:\/\/www.hitech.fi\/hitech\/wp-json\/wp\/v2\/product\/758","targetHints":{"allow":["GET"]}}],"collection":[{"href":"https:\/\/www.hitech.fi\/hitech\/wp-json\/wp\/v2\/product"}],"about":[{"href":"https:\/\/www.hitech.fi\/hitech\/wp-json\/wp\/v2\/types\/product"}],"replies":[{"embeddable":true,"href":"https:\/\/www.hitech.fi\/hitech\/wp-json\/wp\/v2\/comments?post=758"}],"wp:featuredmedia":[{"embeddable":true,"href":"https:\/\/www.hitech.fi\/hitech\/wp-json\/wp\/v2\/media\/244"}],"wp:attachment":[{"href":"https:\/\/www.hitech.fi\/hitech\/wp-json\/wp\/v2\/media?parent=758"}],"wp:term":[{"taxonomy":"product_brand","embeddable":true,"href":"https:\/\/www.hitech.fi\/hitech\/wp-json\/wp\/v2\/product_brand?post=758"},{"taxonomy":"product_cat","embeddable":true,"href":"https:\/\/www.hitech.fi\/hitech\/wp-json\/wp\/v2\/product_cat?post=758"},{"taxonomy":"product_tag","embeddable":true,"href":"https:\/\/www.hitech.fi\/hitech\/wp-json\/wp\/v2\/product_tag?post=758"}],"curies":[{"name":"wp","href":"https:\/\/api.w.org\/{rel}","templated":true}]}}