{"id":751,"date":"2023-10-17T08:29:32","date_gmt":"2023-10-17T05:29:32","guid":{"rendered":"https:\/\/www.hitech.fi\/hitech\/?post_type=product&#038;p=751"},"modified":"2024-05-10T14:42:22","modified_gmt":"2024-05-10T11:42:22","slug":"teho-air-max-ilmanraikastin","status":"publish","type":"product","link":"https:\/\/www.hitech.fi\/hitech\/product\/teho-air-max-ilmanraikastin\/","title":{"rendered":"TEHO Air Max -ilmanraikastin (omena, mandariini, passion)"},"content":{"rendered":"<p>Raikastuoksuinen <strong>hajujen neutralointiaine ja ilmanraikastin<\/strong>. Saatavilla Omenan, Mandariinin ja Passionin tuoksuisina.<\/p>\n<p><strong>TEHO Air Max<\/strong> on hajujen neutralointiaine ja ilmanraikastin, joka neutraloi ja sitoo ep\u00e4miellytt\u00e4v\u00e4t hajut. Tuotteen raikas tuoksu raikastaa ilman v\u00e4litt\u00f6m\u00e4sti pahoista hajuista, ja samanaikaisesti sen sis\u00e4lt\u00e4m\u00e4t molekyylit tekev\u00e4t ty\u00f6t\u00e4\u00e4n ja neutraloivat hajujen aiheuttajat. Aerosolipullossa on tehosuutin, joka levitt\u00e4\u00e4 tuotetta lyhyell\u00e4kin painalluksella laajalle alueelle.<\/p>\n<p>Suositellaan k\u00e4ytett\u00e4v\u00e4ksi toimistoissa, neuvotteluhuoneissa, ravintoloissa, keitti\u00f6iss\u00e4, tupakointitiloissa, j\u00e4tehuoneissa, palvelutaloissa, kuntosaleilla, jne.<\/p>\n<p><strong>K\u00c4YTT\u00d6OHJE:<\/strong><\/p>\n<p>Yleist\u00e4 sis\u00e4ilman neutraloinnista\/raikastuksesta: Esimerkiksi kokoushuoneissa, ravintolasaleissa ja tupakointitiloissa suositellaan k\u00e4ytett\u00e4v\u00e4ksi, kun ihmiset ovat poistuneet tilasta. Tuotetta sumutetaan lyhyt sumutus, joka riitt\u00e4\u00e4 isollekin alueelle (jopa 100-200m2).<\/p>\n<p>1. Sumuta suoraan hajunl\u00e4hteeseen, huoneilmaan tai haisevalle pinnalle.<br \/>\n2. Anna tuotteen vaikuttaa. Tuotteen raikas omenan tuoksu katoaa yleens\u00e4 alle vuorokaudessa ja j\u00e4tt\u00e4\u00e4 j\u00e4lkeens\u00e4 neutraalin raikkaan ilman.<br \/>\n3. Ilman neutraloinnissa\/raikastuksessa k\u00e4sitelty\u00e4 huonetilaa voidaan k\u00e4ytt\u00e4\u00e4 muutaman minuutin kuluttua, paras lopputulos saavutetaan kun annetaan vaikuttaa y\u00f6n yli.<\/p>\n<p><strong>HUOM. AMMATTIK\u00c4YTT\u00d6\u00d6N!<\/strong><\/p>\n<p>Tuotenumero: 5325 Omena<br \/>\n5325M Mandarin<br \/>\n5325P Passion<\/p>\n<p>&nbsp;<\/p>\n","protected":false},"excerpt":{"rendered":"<p><strong>TEHO Air Max<\/strong> on hajujen neutralointiaine ja ilmanraikastin, joka neutraloi ja sitoo ep\u00e4miellytt\u00e4v\u00e4t hajut. Aerosolipullo tehosuuttimella. Saatavilla Omenan, Mandariinin ja Passionin tuoksuisina.<\/p>\n[maxbutton id=\"2\" url=\"https:\/\/www.hitech.fi\/hitech\/wp-content\/uploads\/2023\/12\/TEHO_Air_Max_web.pdf\" text=\"Lataa tuotekortti\" window=\"new\" ]\n","protected":false},"featured_media":242,"comment_status":"closed","ping_status":"closed","template":"","meta":[],"product_brand":[],"product_cat":[95,114,102,147,115,134,136,138,137,139,135,133],"product_tag":[],"class_list":{"0":"post-751","1":"product","2":"type-product","3":"status-publish","4":"has-post-thumbnail","6":"product_cat-aerosolit-ja-sprayt","7":"product_cat-hajunpoistajat","8":"product_cat-hajunpoisto-ja-ilmanraikastus","9":"product_cat-huolto-ja-korjaus","10":"product_cat-ilmanraikastajat","11":"product_cat-kalusto-ja-ajoneuvot","12":"product_cat-keittio-ja-elintarviketeollisuus","13":"product_cat-kiinteistohuolto","14":"product_cat-maatalous","15":"product_cat-metsatalous","16":"product_cat-teollisuus","17":"product_cat-toimialat","19":"first","20":"instock","21":"shipping-taxable","22":"product-type-simple"},"yoast_head":"<!-- This site is optimized with the Yoast SEO plugin v24.3 - https:\/\/yoast.com\/wordpress\/plugins\/seo\/ -->\n<title>TEHO Air Max -ilmanraikastin (omena, mandariini, passion) | Hitech Chemicals<\/title>\n<meta name=\"robots\" content=\"index, follow, max-snippet:-1, max-image-preview:large, max-video-preview:-1\" \/>\n<link rel=\"canonical\" href=\"https:\/\/www.hitech.fi\/hitech\/product\/teho-air-max-ilmanraikastin\/\" \/>\n<meta property=\"og:locale\" content=\"fi_FI\" \/>\n<meta property=\"og:type\" content=\"article\" \/>\n<meta property=\"og:title\" content=\"TEHO Air Max -ilmanraikastin (omena, mandariini, passion) | Hitech Chemicals\" \/>\n<meta property=\"og:description\" content=\"TEHO Air Max on hajujen neutralointiaine ja ilmanraikastin, joka neutraloi ja sitoo ep\u00e4miellytt\u00e4v\u00e4t hajut. Aerosolipullo tehosuuttimella. Saatavilla Omenan, Mandariinin ja Passionin tuoksuisina.\" \/>\n<meta property=\"og:url\" content=\"https:\/\/www.hitech.fi\/hitech\/product\/teho-air-max-ilmanraikastin\/\" \/>\n<meta property=\"og:site_name\" content=\"Hitech Chemicals\" \/>\n<meta property=\"article:publisher\" content=\"https:\/\/www.facebook.com\/hitechfinland\" \/>\n<meta property=\"article:modified_time\" content=\"2024-05-10T11:42:22+00:00\" \/>\n<meta property=\"og:image\" content=\"https:\/\/www.hitech.fi\/hitech\/wp-content\/uploads\/2014\/02\/Hires_TEHO_Air_Max.jpg\" \/>\n\t<meta property=\"og:image:width\" content=\"1024\" \/>\n\t<meta property=\"og:image:height\" content=\"1024\" \/>\n\t<meta property=\"og:image:type\" content=\"image\/jpeg\" \/>\n<meta name=\"twitter:card\" content=\"summary_large_image\" \/>\n<meta name=\"twitter:label1\" content=\"Arvioitu lukuaika\" \/>\n\t<meta name=\"twitter:data1\" content=\"2 minuuttia\" \/>\n<script type=\"application\/ld+json\" class=\"yoast-schema-graph\">{\"@context\":\"https:\/\/schema.org\",\"@graph\":[{\"@type\":\"WebPage\",\"@id\":\"https:\/\/www.hitech.fi\/hitech\/product\/teho-air-max-ilmanraikastin\/\",\"url\":\"https:\/\/www.hitech.fi\/hitech\/product\/teho-air-max-ilmanraikastin\/\",\"name\":\"TEHO Air Max -ilmanraikastin (omena, mandariini, passion) | Hitech Chemicals\",\"isPartOf\":{\"@id\":\"https:\/\/www.hitech.fi\/hitech\/#website\"},\"primaryImageOfPage\":{\"@id\":\"https:\/\/www.hitech.fi\/hitech\/product\/teho-air-max-ilmanraikastin\/#primaryimage\"},\"image\":{\"@id\":\"https:\/\/www.hitech.fi\/hitech\/product\/teho-air-max-ilmanraikastin\/#primaryimage\"},\"thumbnailUrl\":\"https:\/\/www.hitech.fi\/hitech\/wp-content\/uploads\/2014\/02\/Hires_TEHO_Air_Max.jpg\",\"datePublished\":\"2023-10-17T05:29:32+00:00\",\"dateModified\":\"2024-05-10T11:42:22+00:00\",\"breadcrumb\":{\"@id\":\"https:\/\/www.hitech.fi\/hitech\/product\/teho-air-max-ilmanraikastin\/#breadcrumb\"},\"inLanguage\":\"fi\",\"potentialAction\":[{\"@type\":\"ReadAction\",\"target\":[\"https:\/\/www.hitech.fi\/hitech\/product\/teho-air-max-ilmanraikastin\/\"]}]},{\"@type\":\"ImageObject\",\"inLanguage\":\"fi\",\"@id\":\"https:\/\/www.hitech.fi\/hitech\/product\/teho-air-max-ilmanraikastin\/#primaryimage\",\"url\":\"https:\/\/www.hitech.fi\/hitech\/wp-content\/uploads\/2014\/02\/Hires_TEHO_Air_Max.jpg\",\"contentUrl\":\"https:\/\/www.hitech.fi\/hitech\/wp-content\/uploads\/2014\/02\/Hires_TEHO_Air_Max.jpg\",\"width\":1024,\"height\":1024,\"caption\":\"TEHO Air Max Omenan tuoksuinen hajunpoistaja ja ilmanraikastaja\"},{\"@type\":\"BreadcrumbList\",\"@id\":\"https:\/\/www.hitech.fi\/hitech\/product\/teho-air-max-ilmanraikastin\/#breadcrumb\",\"itemListElement\":[{\"@type\":\"ListItem\",\"position\":1,\"name\":\"Etusivu\",\"item\":\"https:\/\/www.hitech.fi\/hitech\/\"},{\"@type\":\"ListItem\",\"position\":2,\"name\":\"Katalogi\",\"item\":\"https:\/\/www.hitech.fi\/hitech\/katalogi\/\"},{\"@type\":\"ListItem\",\"position\":3,\"name\":\"TEHO Air Max -ilmanraikastin (omena, mandariini, passion)\"}]},{\"@type\":\"WebSite\",\"@id\":\"https:\/\/www.hitech.fi\/hitech\/#website\",\"url\":\"https:\/\/www.hitech.fi\/hitech\/\",\"name\":\"Hitech Chemicals\",\"description\":\"Puhdistusaineet ja huoltotuotteet\",\"publisher\":{\"@id\":\"https:\/\/www.hitech.fi\/hitech\/#organization\"},\"potentialAction\":[{\"@type\":\"SearchAction\",\"target\":{\"@type\":\"EntryPoint\",\"urlTemplate\":\"https:\/\/www.hitech.fi\/hitech\/?s={search_term_string}\"},\"query-input\":{\"@type\":\"PropertyValueSpecification\",\"valueRequired\":true,\"valueName\":\"search_term_string\"}}],\"inLanguage\":\"fi\"},{\"@type\":\"Organization\",\"@id\":\"https:\/\/www.hitech.fi\/hitech\/#organization\",\"name\":\"Hitech Chemicals\",\"alternateName\":\"Hitech\",\"url\":\"https:\/\/www.hitech.fi\/hitech\/\",\"logo\":{\"@type\":\"ImageObject\",\"inLanguage\":\"fi\",\"@id\":\"https:\/\/www.hitech.fi\/hitech\/#\/schema\/logo\/image\/\",\"url\":\"https:\/\/www.hitech.fi\/hitech\/wp-content\/uploads\/2023\/06\/cropped-hitech_logo_600x600.png\",\"contentUrl\":\"https:\/\/www.hitech.fi\/hitech\/wp-content\/uploads\/2023\/06\/cropped-hitech_logo_600x600.png\",\"width\":512,\"height\":512,\"caption\":\"Hitech Chemicals\"},\"image\":{\"@id\":\"https:\/\/www.hitech.fi\/hitech\/#\/schema\/logo\/image\/\"},\"sameAs\":[\"https:\/\/www.facebook.com\/hitechfinland\"]}]}<\/script>\n<!-- \/ Yoast SEO plugin. -->","yoast_head_json":{"title":"TEHO Air Max -ilmanraikastin (omena, mandariini, passion) | Hitech Chemicals","robots":{"index":"index","follow":"follow","max-snippet":"max-snippet:-1","max-image-preview":"max-image-preview:large","max-video-preview":"max-video-preview:-1"},"canonical":"https:\/\/www.hitech.fi\/hitech\/product\/teho-air-max-ilmanraikastin\/","og_locale":"fi_FI","og_type":"article","og_title":"TEHO Air Max -ilmanraikastin (omena, mandariini, passion) | Hitech Chemicals","og_description":"TEHO Air Max on hajujen neutralointiaine ja ilmanraikastin, joka neutraloi ja sitoo ep\u00e4miellytt\u00e4v\u00e4t hajut. Aerosolipullo tehosuuttimella. Saatavilla Omenan, Mandariinin ja Passionin tuoksuisina.","og_url":"https:\/\/www.hitech.fi\/hitech\/product\/teho-air-max-ilmanraikastin\/","og_site_name":"Hitech Chemicals","article_publisher":"https:\/\/www.facebook.com\/hitechfinland","article_modified_time":"2024-05-10T11:42:22+00:00","og_image":[{"width":1024,"height":1024,"url":"https:\/\/www.hitech.fi\/hitech\/wp-content\/uploads\/2014\/02\/Hires_TEHO_Air_Max.jpg","type":"image\/jpeg"}],"twitter_card":"summary_large_image","twitter_misc":{"Arvioitu lukuaika":"2 minuuttia"},"schema":{"@context":"https:\/\/schema.org","@graph":[{"@type":"WebPage","@id":"https:\/\/www.hitech.fi\/hitech\/product\/teho-air-max-ilmanraikastin\/","url":"https:\/\/www.hitech.fi\/hitech\/product\/teho-air-max-ilmanraikastin\/","name":"TEHO Air Max -ilmanraikastin (omena, mandariini, passion) | Hitech Chemicals","isPartOf":{"@id":"https:\/\/www.hitech.fi\/hitech\/#website"},"primaryImageOfPage":{"@id":"https:\/\/www.hitech.fi\/hitech\/product\/teho-air-max-ilmanraikastin\/#primaryimage"},"image":{"@id":"https:\/\/www.hitech.fi\/hitech\/product\/teho-air-max-ilmanraikastin\/#primaryimage"},"thumbnailUrl":"https:\/\/www.hitech.fi\/hitech\/wp-content\/uploads\/2014\/02\/Hires_TEHO_Air_Max.jpg","datePublished":"2023-10-17T05:29:32+00:00","dateModified":"2024-05-10T11:42:22+00:00","breadcrumb":{"@id":"https:\/\/www.hitech.fi\/hitech\/product\/teho-air-max-ilmanraikastin\/#breadcrumb"},"inLanguage":"fi","potentialAction":[{"@type":"ReadAction","target":["https:\/\/www.hitech.fi\/hitech\/product\/teho-air-max-ilmanraikastin\/"]}]},{"@type":"ImageObject","inLanguage":"fi","@id":"https:\/\/www.hitech.fi\/hitech\/product\/teho-air-max-ilmanraikastin\/#primaryimage","url":"https:\/\/www.hitech.fi\/hitech\/wp-content\/uploads\/2014\/02\/Hires_TEHO_Air_Max.jpg","contentUrl":"https:\/\/www.hitech.fi\/hitech\/wp-content\/uploads\/2014\/02\/Hires_TEHO_Air_Max.jpg","width":1024,"height":1024,"caption":"TEHO Air Max Omenan tuoksuinen hajunpoistaja ja ilmanraikastaja"},{"@type":"BreadcrumbList","@id":"https:\/\/www.hitech.fi\/hitech\/product\/teho-air-max-ilmanraikastin\/#breadcrumb","itemListElement":[{"@type":"ListItem","position":1,"name":"Etusivu","item":"https:\/\/www.hitech.fi\/hitech\/"},{"@type":"ListItem","position":2,"name":"Katalogi","item":"https:\/\/www.hitech.fi\/hitech\/katalogi\/"},{"@type":"ListItem","position":3,"name":"TEHO Air Max -ilmanraikastin (omena, mandariini, passion)"}]},{"@type":"WebSite","@id":"https:\/\/www.hitech.fi\/hitech\/#website","url":"https:\/\/www.hitech.fi\/hitech\/","name":"Hitech Chemicals","description":"Puhdistusaineet ja huoltotuotteet","publisher":{"@id":"https:\/\/www.hitech.fi\/hitech\/#organization"},"potentialAction":[{"@type":"SearchAction","target":{"@type":"EntryPoint","urlTemplate":"https:\/\/www.hitech.fi\/hitech\/?s={search_term_string}"},"query-input":{"@type":"PropertyValueSpecification","valueRequired":true,"valueName":"search_term_string"}}],"inLanguage":"fi"},{"@type":"Organization","@id":"https:\/\/www.hitech.fi\/hitech\/#organization","name":"Hitech Chemicals","alternateName":"Hitech","url":"https:\/\/www.hitech.fi\/hitech\/","logo":{"@type":"ImageObject","inLanguage":"fi","@id":"https:\/\/www.hitech.fi\/hitech\/#\/schema\/logo\/image\/","url":"https:\/\/www.hitech.fi\/hitech\/wp-content\/uploads\/2023\/06\/cropped-hitech_logo_600x600.png","contentUrl":"https:\/\/www.hitech.fi\/hitech\/wp-content\/uploads\/2023\/06\/cropped-hitech_logo_600x600.png","width":512,"height":512,"caption":"Hitech Chemicals"},"image":{"@id":"https:\/\/www.hitech.fi\/hitech\/#\/schema\/logo\/image\/"},"sameAs":["https:\/\/www.facebook.com\/hitechfinland"]}]}},"_links":{"self":[{"href":"https:\/\/www.hitech.fi\/hitech\/wp-json\/wp\/v2\/product\/751","targetHints":{"allow":["GET"]}}],"collection":[{"href":"https:\/\/www.hitech.fi\/hitech\/wp-json\/wp\/v2\/product"}],"about":[{"href":"https:\/\/www.hitech.fi\/hitech\/wp-json\/wp\/v2\/types\/product"}],"replies":[{"embeddable":true,"href":"https:\/\/www.hitech.fi\/hitech\/wp-json\/wp\/v2\/comments?post=751"}],"wp:featuredmedia":[{"embeddable":true,"href":"https:\/\/www.hitech.fi\/hitech\/wp-json\/wp\/v2\/media\/242"}],"wp:attachment":[{"href":"https:\/\/www.hitech.fi\/hitech\/wp-json\/wp\/v2\/media?parent=751"}],"wp:term":[{"taxonomy":"product_brand","embeddable":true,"href":"https:\/\/www.hitech.fi\/hitech\/wp-json\/wp\/v2\/product_brand?post=751"},{"taxonomy":"product_cat","embeddable":true,"href":"https:\/\/www.hitech.fi\/hitech\/wp-json\/wp\/v2\/product_cat?post=751"},{"taxonomy":"product_tag","embeddable":true,"href":"https:\/\/www.hitech.fi\/hitech\/wp-json\/wp\/v2\/product_tag?post=751"}],"curies":[{"name":"wp","href":"https:\/\/api.w.org\/{rel}","templated":true}]}}