{"id":749,"date":"2023-10-17T08:18:46","date_gmt":"2023-10-17T05:18:46","guid":{"rendered":"https:\/\/www.hitech.fi\/hitech\/?post_type=product&#038;p=749"},"modified":"2024-05-10T14:43:47","modified_gmt":"2024-05-10T11:43:47","slug":"teho-bio-raikas-viemari-hoitoaine-ja-hajunpoistaja","status":"publish","type":"product","link":"https:\/\/www.hitech.fi\/hitech\/product\/teho-bio-raikas-viemari-hoitoaine-ja-hajunpoistaja\/","title":{"rendered":"TEHO Bio Raikas Viem\u00e4ri -hoitoaine ja hajunpoistaja"},"content":{"rendered":"<p>Eritt\u00e4in tehokas <strong>biologinen viem\u00e4reiden hoitoaine ja hajunpoistaja<\/strong><\/p>\n<p>\u2022 Poistaa ep\u00e4miellytt\u00e4v\u00e4t hajut<br \/>\n\u2022 J\u00e4tt\u00e4\u00e4 raikkaan tuoksun<br \/>\n\u2022 Hoitaa viem\u00e4reit\u00e4<\/p>\n<p>TEHO Bio Raikas Viem\u00e4ri on uuden sukupolven biologinen viem\u00e4reiden hoitoaine ja hajunpoistaja. Tuote perustuu valikoituihin mikrobikantoihin ja biologisiin pinta-aktiivisiin aineisiin, jotka tuhoavat ep\u00e4miellytt\u00e4v\u00e4t hajujen aiheuttajat biologisesti. Se j\u00e4tt\u00e4\u00e4 v\u00e4litt\u00f6m\u00e4sti raikkaan tuoksun. TEHO Bio Raikas Viem\u00e4ri on vesist\u00f6lle vaaraton ja biohajoava.<\/p>\n<p><strong>Hoitaa tehokkaasti viem\u00e4reit\u00e4<\/strong> (saniteettitiloissa, keitti\u00f6iss\u00e4, kodinhoitohuoneissa, jne.), lietes\u00e4ili\u00f6it\u00e4, septitankkeja, rasvanerottimia, panospuhdistamoita ja muita j\u00e4tevesij\u00e4rjestelmi\u00e4.<\/p>\n<p><strong>K\u00c4YTT\u00d6OHJE:<\/strong><\/p>\n<p>\u2022 Ravista huolella ennen k\u00e4ytt\u00f6\u00e4.<br \/>\n\u2022 WC-istuimet ja pisuaarit: Annostele 50ml 2-3 kertaa viikossa.<br \/>\n\u2022 Lattiakaivot, pesualtaat ja putkistot: Annostele 50-100ml 1-3 kertaa viikossa, tai tarpeen mukaan.<br \/>\n\u2022 Septitankit ja lietes\u00e4ili\u00f6t: S\u00e4ili\u00f6n tyhjennyksen j\u00e4lkeen kaada tyhj\u00e4\u00e4n s\u00e4ili\u00f6\u00f6n 100ml per 100 L s\u00e4ili\u00f6n tilavuudesta (1000 litran s\u00e4ili\u00f6 = 1000ml). Yll\u00e4pidossa 50-100ml 1-3 kertaa viikossa tai tarpeen mukaan.<br \/>\n\u2022 Annostele tuotetta mieluiten illalla tai kun vett\u00e4 k\u00e4ytet\u00e4\u00e4n v\u00e4hiten. Anna tuotteen vaikuttaa.<\/p>\n<p><strong><br \/>\nHUOM. AMMATTIK\u00c4YTT\u00d6\u00d6N!<\/strong><\/p>\n<p>pH: 4<\/p>\n<p>Tuotenumero: 2017<\/p>\n<p>Tuote on pakattu 1 litran muovipulloon. Myyntier\u00e4 on yksi (1) laatikko, joka sis\u00e4lt\u00e4\u00e4 12 pulloa.<\/p>\n","protected":false},"excerpt":{"rendered":"<p><strong>TEHO Bio Raikas Viem\u00e4ri<\/strong> on uuden sukupolven biologinen viem\u00e4reiden hoitoaine ja hajunpoistaja. Tuote perustuu valikoituihin mikrobikantoihin ja biologisiin pinta-aktiivisiin aineisiin, jotka tuhoavat ep\u00e4miellytt\u00e4v\u00e4t hajujen aiheuttajat biologisesti. Se j\u00e4tt\u00e4\u00e4 v\u00e4litt\u00f6m\u00e4sti raikkaan tuoksun. TEHO Bio Raikas Viem\u00e4ri on vesist\u00f6lle vaaraton ja biohajoava.<\/p>\n[maxbutton id=\"2\" url=\"https:\/\/www.hitech.fi\/hitech\/wp-content\/uploads\/2023\/12\/TEHO_Bio_Raikas_Viemari_web.pdf\" text=\"Lataa tuotekortti\" window=\"new\" ]\n","protected":false},"featured_media":580,"comment_status":"closed","ping_status":"closed","template":"","meta":[],"product_brand":[],"product_cat":[102,97,138,133,117,128],"product_tag":[],"class_list":{"0":"post-749","1":"product","2":"type-product","3":"status-publish","4":"has-post-thumbnail","6":"product_cat-hajunpoisto-ja-ilmanraikastus","7":"product_cat-huoltokemikaalit","8":"product_cat-kiinteistohuolto","9":"product_cat-toimialat","10":"product_cat-viemareiden-hajunpoisto","11":"product_cat-viemareiden-putkien-avaus-ja-hoito","13":"first","14":"instock","15":"shipping-taxable","16":"product-type-simple"},"yoast_head":"<!-- This site is optimized with the Yoast SEO plugin v24.3 - https:\/\/yoast.com\/wordpress\/plugins\/seo\/ -->\n<title>TEHO Bio Raikas Viem\u00e4ri -hoitoaine ja hajunpoistaja | Hitech Chemicals<\/title>\n<meta name=\"robots\" content=\"index, follow, max-snippet:-1, max-image-preview:large, max-video-preview:-1\" \/>\n<link rel=\"canonical\" href=\"https:\/\/www.hitech.fi\/hitech\/product\/teho-bio-raikas-viemari-hoitoaine-ja-hajunpoistaja\/\" \/>\n<meta property=\"og:locale\" content=\"fi_FI\" \/>\n<meta property=\"og:type\" content=\"article\" \/>\n<meta property=\"og:title\" content=\"TEHO Bio Raikas Viem\u00e4ri -hoitoaine ja hajunpoistaja | Hitech Chemicals\" \/>\n<meta property=\"og:description\" content=\"TEHO Bio Raikas Viem\u00e4ri on uuden sukupolven biologinen viem\u00e4reiden hoitoaine ja hajunpoistaja. Tuote perustuu valikoituihin mikrobikantoihin ja biologisiin pinta-aktiivisiin aineisiin, jotka tuhoavat ep\u00e4miellytt\u00e4v\u00e4t hajujen aiheuttajat biologisesti. Se j\u00e4tt\u00e4\u00e4 v\u00e4litt\u00f6m\u00e4sti raikkaan tuoksun. TEHO Bio Raikas Viem\u00e4ri on vesist\u00f6lle vaaraton ja biohajoava.\" \/>\n<meta property=\"og:url\" content=\"https:\/\/www.hitech.fi\/hitech\/product\/teho-bio-raikas-viemari-hoitoaine-ja-hajunpoistaja\/\" \/>\n<meta property=\"og:site_name\" content=\"Hitech Chemicals\" \/>\n<meta property=\"article:publisher\" content=\"https:\/\/www.facebook.com\/hitechfinland\" \/>\n<meta property=\"article:modified_time\" content=\"2024-05-10T11:43:47+00:00\" \/>\n<meta property=\"og:image\" content=\"https:\/\/www.hitech.fi\/hitech\/wp-content\/uploads\/2022\/03\/Hires_TEHO_Bio_Raikas_Viemari1L_v1.jpeg\" \/>\n\t<meta property=\"og:image:width\" content=\"1024\" \/>\n\t<meta property=\"og:image:height\" content=\"1024\" \/>\n\t<meta property=\"og:image:type\" content=\"image\/jpeg\" \/>\n<meta name=\"twitter:card\" content=\"summary_large_image\" \/>\n<meta name=\"twitter:label1\" content=\"Arvioitu lukuaika\" \/>\n\t<meta name=\"twitter:data1\" content=\"2 minuuttia\" \/>\n<script type=\"application\/ld+json\" class=\"yoast-schema-graph\">{\"@context\":\"https:\/\/schema.org\",\"@graph\":[{\"@type\":\"WebPage\",\"@id\":\"https:\/\/www.hitech.fi\/hitech\/product\/teho-bio-raikas-viemari-hoitoaine-ja-hajunpoistaja\/\",\"url\":\"https:\/\/www.hitech.fi\/hitech\/product\/teho-bio-raikas-viemari-hoitoaine-ja-hajunpoistaja\/\",\"name\":\"TEHO Bio Raikas Viem\u00e4ri -hoitoaine ja hajunpoistaja | Hitech Chemicals\",\"isPartOf\":{\"@id\":\"https:\/\/www.hitech.fi\/hitech\/#website\"},\"primaryImageOfPage\":{\"@id\":\"https:\/\/www.hitech.fi\/hitech\/product\/teho-bio-raikas-viemari-hoitoaine-ja-hajunpoistaja\/#primaryimage\"},\"image\":{\"@id\":\"https:\/\/www.hitech.fi\/hitech\/product\/teho-bio-raikas-viemari-hoitoaine-ja-hajunpoistaja\/#primaryimage\"},\"thumbnailUrl\":\"https:\/\/www.hitech.fi\/hitech\/wp-content\/uploads\/2022\/03\/Hires_TEHO_Bio_Raikas_Viemari1L_v1.jpeg\",\"datePublished\":\"2023-10-17T05:18:46+00:00\",\"dateModified\":\"2024-05-10T11:43:47+00:00\",\"breadcrumb\":{\"@id\":\"https:\/\/www.hitech.fi\/hitech\/product\/teho-bio-raikas-viemari-hoitoaine-ja-hajunpoistaja\/#breadcrumb\"},\"inLanguage\":\"fi\",\"potentialAction\":[{\"@type\":\"ReadAction\",\"target\":[\"https:\/\/www.hitech.fi\/hitech\/product\/teho-bio-raikas-viemari-hoitoaine-ja-hajunpoistaja\/\"]}]},{\"@type\":\"ImageObject\",\"inLanguage\":\"fi\",\"@id\":\"https:\/\/www.hitech.fi\/hitech\/product\/teho-bio-raikas-viemari-hoitoaine-ja-hajunpoistaja\/#primaryimage\",\"url\":\"https:\/\/www.hitech.fi\/hitech\/wp-content\/uploads\/2022\/03\/Hires_TEHO_Bio_Raikas_Viemari1L_v1.jpeg\",\"contentUrl\":\"https:\/\/www.hitech.fi\/hitech\/wp-content\/uploads\/2022\/03\/Hires_TEHO_Bio_Raikas_Viemari1L_v1.jpeg\",\"width\":1024,\"height\":1024,\"caption\":\"TEHO Bio Raikas Viem\u00e4ri -hoitoaine ja hajunpoistaja\"},{\"@type\":\"BreadcrumbList\",\"@id\":\"https:\/\/www.hitech.fi\/hitech\/product\/teho-bio-raikas-viemari-hoitoaine-ja-hajunpoistaja\/#breadcrumb\",\"itemListElement\":[{\"@type\":\"ListItem\",\"position\":1,\"name\":\"Etusivu\",\"item\":\"https:\/\/www.hitech.fi\/hitech\/\"},{\"@type\":\"ListItem\",\"position\":2,\"name\":\"Katalogi\",\"item\":\"https:\/\/www.hitech.fi\/hitech\/katalogi\/\"},{\"@type\":\"ListItem\",\"position\":3,\"name\":\"TEHO Bio Raikas Viem\u00e4ri -hoitoaine ja hajunpoistaja\"}]},{\"@type\":\"WebSite\",\"@id\":\"https:\/\/www.hitech.fi\/hitech\/#website\",\"url\":\"https:\/\/www.hitech.fi\/hitech\/\",\"name\":\"Hitech Chemicals\",\"description\":\"Puhdistusaineet ja huoltotuotteet\",\"publisher\":{\"@id\":\"https:\/\/www.hitech.fi\/hitech\/#organization\"},\"potentialAction\":[{\"@type\":\"SearchAction\",\"target\":{\"@type\":\"EntryPoint\",\"urlTemplate\":\"https:\/\/www.hitech.fi\/hitech\/?s={search_term_string}\"},\"query-input\":{\"@type\":\"PropertyValueSpecification\",\"valueRequired\":true,\"valueName\":\"search_term_string\"}}],\"inLanguage\":\"fi\"},{\"@type\":\"Organization\",\"@id\":\"https:\/\/www.hitech.fi\/hitech\/#organization\",\"name\":\"Hitech Chemicals\",\"alternateName\":\"Hitech\",\"url\":\"https:\/\/www.hitech.fi\/hitech\/\",\"logo\":{\"@type\":\"ImageObject\",\"inLanguage\":\"fi\",\"@id\":\"https:\/\/www.hitech.fi\/hitech\/#\/schema\/logo\/image\/\",\"url\":\"https:\/\/www.hitech.fi\/hitech\/wp-content\/uploads\/2023\/06\/cropped-hitech_logo_600x600.png\",\"contentUrl\":\"https:\/\/www.hitech.fi\/hitech\/wp-content\/uploads\/2023\/06\/cropped-hitech_logo_600x600.png\",\"width\":512,\"height\":512,\"caption\":\"Hitech Chemicals\"},\"image\":{\"@id\":\"https:\/\/www.hitech.fi\/hitech\/#\/schema\/logo\/image\/\"},\"sameAs\":[\"https:\/\/www.facebook.com\/hitechfinland\"]}]}<\/script>\n<!-- \/ Yoast SEO plugin. -->","yoast_head_json":{"title":"TEHO Bio Raikas Viem\u00e4ri -hoitoaine ja hajunpoistaja | Hitech Chemicals","robots":{"index":"index","follow":"follow","max-snippet":"max-snippet:-1","max-image-preview":"max-image-preview:large","max-video-preview":"max-video-preview:-1"},"canonical":"https:\/\/www.hitech.fi\/hitech\/product\/teho-bio-raikas-viemari-hoitoaine-ja-hajunpoistaja\/","og_locale":"fi_FI","og_type":"article","og_title":"TEHO Bio Raikas Viem\u00e4ri -hoitoaine ja hajunpoistaja | Hitech Chemicals","og_description":"TEHO Bio Raikas Viem\u00e4ri on uuden sukupolven biologinen viem\u00e4reiden hoitoaine ja hajunpoistaja. Tuote perustuu valikoituihin mikrobikantoihin ja biologisiin pinta-aktiivisiin aineisiin, jotka tuhoavat ep\u00e4miellytt\u00e4v\u00e4t hajujen aiheuttajat biologisesti. Se j\u00e4tt\u00e4\u00e4 v\u00e4litt\u00f6m\u00e4sti raikkaan tuoksun. TEHO Bio Raikas Viem\u00e4ri on vesist\u00f6lle vaaraton ja biohajoava.","og_url":"https:\/\/www.hitech.fi\/hitech\/product\/teho-bio-raikas-viemari-hoitoaine-ja-hajunpoistaja\/","og_site_name":"Hitech Chemicals","article_publisher":"https:\/\/www.facebook.com\/hitechfinland","article_modified_time":"2024-05-10T11:43:47+00:00","og_image":[{"width":1024,"height":1024,"url":"https:\/\/www.hitech.fi\/hitech\/wp-content\/uploads\/2022\/03\/Hires_TEHO_Bio_Raikas_Viemari1L_v1.jpeg","type":"image\/jpeg"}],"twitter_card":"summary_large_image","twitter_misc":{"Arvioitu lukuaika":"2 minuuttia"},"schema":{"@context":"https:\/\/schema.org","@graph":[{"@type":"WebPage","@id":"https:\/\/www.hitech.fi\/hitech\/product\/teho-bio-raikas-viemari-hoitoaine-ja-hajunpoistaja\/","url":"https:\/\/www.hitech.fi\/hitech\/product\/teho-bio-raikas-viemari-hoitoaine-ja-hajunpoistaja\/","name":"TEHO Bio Raikas Viem\u00e4ri -hoitoaine ja hajunpoistaja | Hitech Chemicals","isPartOf":{"@id":"https:\/\/www.hitech.fi\/hitech\/#website"},"primaryImageOfPage":{"@id":"https:\/\/www.hitech.fi\/hitech\/product\/teho-bio-raikas-viemari-hoitoaine-ja-hajunpoistaja\/#primaryimage"},"image":{"@id":"https:\/\/www.hitech.fi\/hitech\/product\/teho-bio-raikas-viemari-hoitoaine-ja-hajunpoistaja\/#primaryimage"},"thumbnailUrl":"https:\/\/www.hitech.fi\/hitech\/wp-content\/uploads\/2022\/03\/Hires_TEHO_Bio_Raikas_Viemari1L_v1.jpeg","datePublished":"2023-10-17T05:18:46+00:00","dateModified":"2024-05-10T11:43:47+00:00","breadcrumb":{"@id":"https:\/\/www.hitech.fi\/hitech\/product\/teho-bio-raikas-viemari-hoitoaine-ja-hajunpoistaja\/#breadcrumb"},"inLanguage":"fi","potentialAction":[{"@type":"ReadAction","target":["https:\/\/www.hitech.fi\/hitech\/product\/teho-bio-raikas-viemari-hoitoaine-ja-hajunpoistaja\/"]}]},{"@type":"ImageObject","inLanguage":"fi","@id":"https:\/\/www.hitech.fi\/hitech\/product\/teho-bio-raikas-viemari-hoitoaine-ja-hajunpoistaja\/#primaryimage","url":"https:\/\/www.hitech.fi\/hitech\/wp-content\/uploads\/2022\/03\/Hires_TEHO_Bio_Raikas_Viemari1L_v1.jpeg","contentUrl":"https:\/\/www.hitech.fi\/hitech\/wp-content\/uploads\/2022\/03\/Hires_TEHO_Bio_Raikas_Viemari1L_v1.jpeg","width":1024,"height":1024,"caption":"TEHO Bio Raikas Viem\u00e4ri -hoitoaine ja hajunpoistaja"},{"@type":"BreadcrumbList","@id":"https:\/\/www.hitech.fi\/hitech\/product\/teho-bio-raikas-viemari-hoitoaine-ja-hajunpoistaja\/#breadcrumb","itemListElement":[{"@type":"ListItem","position":1,"name":"Etusivu","item":"https:\/\/www.hitech.fi\/hitech\/"},{"@type":"ListItem","position":2,"name":"Katalogi","item":"https:\/\/www.hitech.fi\/hitech\/katalogi\/"},{"@type":"ListItem","position":3,"name":"TEHO Bio Raikas Viem\u00e4ri -hoitoaine ja hajunpoistaja"}]},{"@type":"WebSite","@id":"https:\/\/www.hitech.fi\/hitech\/#website","url":"https:\/\/www.hitech.fi\/hitech\/","name":"Hitech Chemicals","description":"Puhdistusaineet ja huoltotuotteet","publisher":{"@id":"https:\/\/www.hitech.fi\/hitech\/#organization"},"potentialAction":[{"@type":"SearchAction","target":{"@type":"EntryPoint","urlTemplate":"https:\/\/www.hitech.fi\/hitech\/?s={search_term_string}"},"query-input":{"@type":"PropertyValueSpecification","valueRequired":true,"valueName":"search_term_string"}}],"inLanguage":"fi"},{"@type":"Organization","@id":"https:\/\/www.hitech.fi\/hitech\/#organization","name":"Hitech Chemicals","alternateName":"Hitech","url":"https:\/\/www.hitech.fi\/hitech\/","logo":{"@type":"ImageObject","inLanguage":"fi","@id":"https:\/\/www.hitech.fi\/hitech\/#\/schema\/logo\/image\/","url":"https:\/\/www.hitech.fi\/hitech\/wp-content\/uploads\/2023\/06\/cropped-hitech_logo_600x600.png","contentUrl":"https:\/\/www.hitech.fi\/hitech\/wp-content\/uploads\/2023\/06\/cropped-hitech_logo_600x600.png","width":512,"height":512,"caption":"Hitech Chemicals"},"image":{"@id":"https:\/\/www.hitech.fi\/hitech\/#\/schema\/logo\/image\/"},"sameAs":["https:\/\/www.facebook.com\/hitechfinland"]}]}},"_links":{"self":[{"href":"https:\/\/www.hitech.fi\/hitech\/wp-json\/wp\/v2\/product\/749","targetHints":{"allow":["GET"]}}],"collection":[{"href":"https:\/\/www.hitech.fi\/hitech\/wp-json\/wp\/v2\/product"}],"about":[{"href":"https:\/\/www.hitech.fi\/hitech\/wp-json\/wp\/v2\/types\/product"}],"replies":[{"embeddable":true,"href":"https:\/\/www.hitech.fi\/hitech\/wp-json\/wp\/v2\/comments?post=749"}],"wp:featuredmedia":[{"embeddable":true,"href":"https:\/\/www.hitech.fi\/hitech\/wp-json\/wp\/v2\/media\/580"}],"wp:attachment":[{"href":"https:\/\/www.hitech.fi\/hitech\/wp-json\/wp\/v2\/media?parent=749"}],"wp:term":[{"taxonomy":"product_brand","embeddable":true,"href":"https:\/\/www.hitech.fi\/hitech\/wp-json\/wp\/v2\/product_brand?post=749"},{"taxonomy":"product_cat","embeddable":true,"href":"https:\/\/www.hitech.fi\/hitech\/wp-json\/wp\/v2\/product_cat?post=749"},{"taxonomy":"product_tag","embeddable":true,"href":"https:\/\/www.hitech.fi\/hitech\/wp-json\/wp\/v2\/product_tag?post=749"}],"curies":[{"name":"wp","href":"https:\/\/api.w.org\/{rel}","templated":true}]}}