{"id":748,"date":"2023-10-17T08:13:04","date_gmt":"2023-10-17T05:13:04","guid":{"rendered":"https:\/\/www.hitech.fi\/hitech\/?post_type=product&#038;p=748"},"modified":"2024-05-10T14:44:40","modified_gmt":"2024-05-10T11:44:40","slug":"teho-sani-cleaner-saniteettitilojen-puhdistusaine-ja-kalkinpoistaja","status":"publish","type":"product","link":"https:\/\/www.hitech.fi\/hitech\/product\/teho-sani-cleaner-saniteettitilojen-puhdistusaine-ja-kalkinpoistaja\/","title":{"rendered":"TEHO Sani Cleaner -saniteettitilojen puhdistusaine ja kalkinpoistaja"},"content":{"rendered":"<p>TEHO Sani Cleaner on eritt\u00e4in tehokas k\u00e4ytt\u00f6valmis saniteettitilojen puhdistusaine ja kalkinpoistaja p\u00e4ivitt\u00e4iseen k\u00e4ytt\u00f6\u00f6n. Tuote on pakattu k\u00e4tev\u00e4\u00e4n 750ml sumutinpulloon.<\/p>\n<p>Poistaa tehokkaasti lian ja kalkin kaikilta vett\u00e4 hylkivilt\u00e4 pinnoilta. Kuivuu nopeasti j\u00e4tt\u00e4m\u00e4tt\u00e4 raitoja.<\/p>\n<p>K\u00e4yt\u00e4 tuotetta WC:ss\u00e4, suihkuissa, suihkuseiniss\u00e4, pesualtaissa, kylpyammeissa, laatoissa, jne. Biohajoava.<\/p>\n<p><strong><br \/>\nK\u00c4YTT\u00d6OHJE:<\/strong><\/p>\n<p>1. Suihkuta TEHO Sani Cleaneri\u00e4 n. 30 cm k\u00e4sitelt\u00e4v\u00e4st\u00e4 pinnasta.<br \/>\n2. Anna vaikuttaa 1-2 minuuttia (likaisuudesta riippuen).<br \/>\n3. Pyyhi pois kostealla sienell\u00e4 tai liinalla ja huuhtele puhtaalla vedell\u00e4.<\/p>\n<p><strong>HUOM. AMMATTIK\u00c4YTT\u00d6\u00d6N!<\/strong><\/p>\n<p>pH: &lt; 1<\/p>\n<p>Tuotenumero: 5006750<\/p>\n<p>Sis\u00e4lt\u00e4\u00e4: Fosforihappoa<\/p>\n","protected":false},"excerpt":{"rendered":"<p><strong>TEHO Sani Cleaner<\/strong> on eritt\u00e4in tehokas k\u00e4ytt\u00f6valmis saniteettitilojen puhdistusaine ja kalkinpoistaja p\u00e4ivitt\u00e4iseen k\u00e4ytt\u00f6\u00f6n. Tuote on pakattu k\u00e4tev\u00e4\u00e4n 750ml sumutinpulloon.<\/p>\n<p>Poistaa tehokkaasti lian ja kalkin kaikilta vett\u00e4 hylkivilt\u00e4 pinnoilta. Kuivuu nopeasti j\u00e4tt\u00e4m\u00e4tt\u00e4 raitoja.<\/p>\n[maxbutton id=\"2\" url=\"https:\/\/www.hitech.fi\/hitech\/wp-content\/uploads\/2023\/12\/TEHO_Sani_Cleaner_web.pdf\" text=\"Lataa tuotekortti\" window=\"new\" ]\n","protected":false},"featured_media":583,"comment_status":"closed","ping_status":"closed","template":"","meta":[],"product_brand":[],"product_cat":[95,138,112,133],"product_tag":[],"class_list":{"0":"post-748","1":"product","2":"type-product","3":"status-publish","4":"has-post-thumbnail","6":"product_cat-aerosolit-ja-sprayt","7":"product_cat-kiinteistohuolto","8":"product_cat-puhdistus","9":"product_cat-toimialat","11":"first","12":"instock","13":"shipping-taxable","14":"product-type-simple"},"yoast_head":"<!-- This site is optimized with the Yoast SEO plugin v24.3 - https:\/\/yoast.com\/wordpress\/plugins\/seo\/ -->\n<title>TEHO Sani Cleaner -saniteettitilojen puhdistusaine ja kalkinpoistaja | Hitech Chemicals<\/title>\n<meta name=\"robots\" content=\"index, follow, max-snippet:-1, max-image-preview:large, max-video-preview:-1\" \/>\n<link rel=\"canonical\" href=\"https:\/\/www.hitech.fi\/hitech\/product\/teho-sani-cleaner-saniteettitilojen-puhdistusaine-ja-kalkinpoistaja\/\" \/>\n<meta property=\"og:locale\" content=\"fi_FI\" \/>\n<meta property=\"og:type\" content=\"article\" \/>\n<meta property=\"og:title\" content=\"TEHO Sani Cleaner -saniteettitilojen puhdistusaine ja kalkinpoistaja | Hitech Chemicals\" \/>\n<meta property=\"og:description\" content=\"TEHO Sani Cleaner on eritt\u00e4in tehokas k\u00e4ytt\u00f6valmis saniteettitilojen puhdistusaine ja kalkinpoistaja p\u00e4ivitt\u00e4iseen k\u00e4ytt\u00f6\u00f6n. Tuote on pakattu k\u00e4tev\u00e4\u00e4n 750ml sumutinpulloon.  Poistaa tehokkaasti lian ja kalkin kaikilta vett\u00e4 hylkivilt\u00e4 pinnoilta. Kuivuu nopeasti j\u00e4tt\u00e4m\u00e4tt\u00e4 raitoja.\" \/>\n<meta property=\"og:url\" content=\"https:\/\/www.hitech.fi\/hitech\/product\/teho-sani-cleaner-saniteettitilojen-puhdistusaine-ja-kalkinpoistaja\/\" \/>\n<meta property=\"og:site_name\" content=\"Hitech Chemicals\" \/>\n<meta property=\"article:publisher\" content=\"https:\/\/www.facebook.com\/hitechfinland\" \/>\n<meta property=\"article:modified_time\" content=\"2024-05-10T11:44:40+00:00\" \/>\n<meta property=\"og:image\" content=\"https:\/\/www.hitech.fi\/hitech\/wp-content\/uploads\/2022\/03\/Hires_TEHO_Sani_Cleaner_v1.jpg\" \/>\n\t<meta property=\"og:image:width\" content=\"1024\" \/>\n\t<meta property=\"og:image:height\" content=\"1024\" \/>\n\t<meta property=\"og:image:type\" content=\"image\/jpeg\" \/>\n<meta name=\"twitter:card\" content=\"summary_large_image\" \/>\n<meta name=\"twitter:label1\" content=\"Arvioitu lukuaika\" \/>\n\t<meta name=\"twitter:data1\" content=\"1 minuutti\" \/>\n<script type=\"application\/ld+json\" class=\"yoast-schema-graph\">{\"@context\":\"https:\/\/schema.org\",\"@graph\":[{\"@type\":\"WebPage\",\"@id\":\"https:\/\/www.hitech.fi\/hitech\/product\/teho-sani-cleaner-saniteettitilojen-puhdistusaine-ja-kalkinpoistaja\/\",\"url\":\"https:\/\/www.hitech.fi\/hitech\/product\/teho-sani-cleaner-saniteettitilojen-puhdistusaine-ja-kalkinpoistaja\/\",\"name\":\"TEHO Sani Cleaner -saniteettitilojen puhdistusaine ja kalkinpoistaja | Hitech Chemicals\",\"isPartOf\":{\"@id\":\"https:\/\/www.hitech.fi\/hitech\/#website\"},\"primaryImageOfPage\":{\"@id\":\"https:\/\/www.hitech.fi\/hitech\/product\/teho-sani-cleaner-saniteettitilojen-puhdistusaine-ja-kalkinpoistaja\/#primaryimage\"},\"image\":{\"@id\":\"https:\/\/www.hitech.fi\/hitech\/product\/teho-sani-cleaner-saniteettitilojen-puhdistusaine-ja-kalkinpoistaja\/#primaryimage\"},\"thumbnailUrl\":\"https:\/\/www.hitech.fi\/hitech\/wp-content\/uploads\/2022\/03\/Hires_TEHO_Sani_Cleaner_v1.jpg\",\"datePublished\":\"2023-10-17T05:13:04+00:00\",\"dateModified\":\"2024-05-10T11:44:40+00:00\",\"breadcrumb\":{\"@id\":\"https:\/\/www.hitech.fi\/hitech\/product\/teho-sani-cleaner-saniteettitilojen-puhdistusaine-ja-kalkinpoistaja\/#breadcrumb\"},\"inLanguage\":\"fi\",\"potentialAction\":[{\"@type\":\"ReadAction\",\"target\":[\"https:\/\/www.hitech.fi\/hitech\/product\/teho-sani-cleaner-saniteettitilojen-puhdistusaine-ja-kalkinpoistaja\/\"]}]},{\"@type\":\"ImageObject\",\"inLanguage\":\"fi\",\"@id\":\"https:\/\/www.hitech.fi\/hitech\/product\/teho-sani-cleaner-saniteettitilojen-puhdistusaine-ja-kalkinpoistaja\/#primaryimage\",\"url\":\"https:\/\/www.hitech.fi\/hitech\/wp-content\/uploads\/2022\/03\/Hires_TEHO_Sani_Cleaner_v1.jpg\",\"contentUrl\":\"https:\/\/www.hitech.fi\/hitech\/wp-content\/uploads\/2022\/03\/Hires_TEHO_Sani_Cleaner_v1.jpg\",\"width\":1024,\"height\":1024,\"caption\":\"TEHO Sani Cleaner saniteettitilojen puhdistusaine\"},{\"@type\":\"BreadcrumbList\",\"@id\":\"https:\/\/www.hitech.fi\/hitech\/product\/teho-sani-cleaner-saniteettitilojen-puhdistusaine-ja-kalkinpoistaja\/#breadcrumb\",\"itemListElement\":[{\"@type\":\"ListItem\",\"position\":1,\"name\":\"Etusivu\",\"item\":\"https:\/\/www.hitech.fi\/hitech\/\"},{\"@type\":\"ListItem\",\"position\":2,\"name\":\"Katalogi\",\"item\":\"https:\/\/www.hitech.fi\/hitech\/katalogi\/\"},{\"@type\":\"ListItem\",\"position\":3,\"name\":\"TEHO Sani Cleaner -saniteettitilojen puhdistusaine ja kalkinpoistaja\"}]},{\"@type\":\"WebSite\",\"@id\":\"https:\/\/www.hitech.fi\/hitech\/#website\",\"url\":\"https:\/\/www.hitech.fi\/hitech\/\",\"name\":\"Hitech Chemicals\",\"description\":\"Puhdistusaineet ja huoltotuotteet\",\"publisher\":{\"@id\":\"https:\/\/www.hitech.fi\/hitech\/#organization\"},\"potentialAction\":[{\"@type\":\"SearchAction\",\"target\":{\"@type\":\"EntryPoint\",\"urlTemplate\":\"https:\/\/www.hitech.fi\/hitech\/?s={search_term_string}\"},\"query-input\":{\"@type\":\"PropertyValueSpecification\",\"valueRequired\":true,\"valueName\":\"search_term_string\"}}],\"inLanguage\":\"fi\"},{\"@type\":\"Organization\",\"@id\":\"https:\/\/www.hitech.fi\/hitech\/#organization\",\"name\":\"Hitech Chemicals\",\"alternateName\":\"Hitech\",\"url\":\"https:\/\/www.hitech.fi\/hitech\/\",\"logo\":{\"@type\":\"ImageObject\",\"inLanguage\":\"fi\",\"@id\":\"https:\/\/www.hitech.fi\/hitech\/#\/schema\/logo\/image\/\",\"url\":\"https:\/\/www.hitech.fi\/hitech\/wp-content\/uploads\/2023\/06\/cropped-hitech_logo_600x600.png\",\"contentUrl\":\"https:\/\/www.hitech.fi\/hitech\/wp-content\/uploads\/2023\/06\/cropped-hitech_logo_600x600.png\",\"width\":512,\"height\":512,\"caption\":\"Hitech Chemicals\"},\"image\":{\"@id\":\"https:\/\/www.hitech.fi\/hitech\/#\/schema\/logo\/image\/\"},\"sameAs\":[\"https:\/\/www.facebook.com\/hitechfinland\"]}]}<\/script>\n<!-- \/ Yoast SEO plugin. -->","yoast_head_json":{"title":"TEHO Sani Cleaner -saniteettitilojen puhdistusaine ja kalkinpoistaja | Hitech Chemicals","robots":{"index":"index","follow":"follow","max-snippet":"max-snippet:-1","max-image-preview":"max-image-preview:large","max-video-preview":"max-video-preview:-1"},"canonical":"https:\/\/www.hitech.fi\/hitech\/product\/teho-sani-cleaner-saniteettitilojen-puhdistusaine-ja-kalkinpoistaja\/","og_locale":"fi_FI","og_type":"article","og_title":"TEHO Sani Cleaner -saniteettitilojen puhdistusaine ja kalkinpoistaja | Hitech Chemicals","og_description":"TEHO Sani Cleaner on eritt\u00e4in tehokas k\u00e4ytt\u00f6valmis saniteettitilojen puhdistusaine ja kalkinpoistaja p\u00e4ivitt\u00e4iseen k\u00e4ytt\u00f6\u00f6n. Tuote on pakattu k\u00e4tev\u00e4\u00e4n 750ml sumutinpulloon.  Poistaa tehokkaasti lian ja kalkin kaikilta vett\u00e4 hylkivilt\u00e4 pinnoilta. Kuivuu nopeasti j\u00e4tt\u00e4m\u00e4tt\u00e4 raitoja.","og_url":"https:\/\/www.hitech.fi\/hitech\/product\/teho-sani-cleaner-saniteettitilojen-puhdistusaine-ja-kalkinpoistaja\/","og_site_name":"Hitech Chemicals","article_publisher":"https:\/\/www.facebook.com\/hitechfinland","article_modified_time":"2024-05-10T11:44:40+00:00","og_image":[{"width":1024,"height":1024,"url":"https:\/\/www.hitech.fi\/hitech\/wp-content\/uploads\/2022\/03\/Hires_TEHO_Sani_Cleaner_v1.jpg","type":"image\/jpeg"}],"twitter_card":"summary_large_image","twitter_misc":{"Arvioitu lukuaika":"1 minuutti"},"schema":{"@context":"https:\/\/schema.org","@graph":[{"@type":"WebPage","@id":"https:\/\/www.hitech.fi\/hitech\/product\/teho-sani-cleaner-saniteettitilojen-puhdistusaine-ja-kalkinpoistaja\/","url":"https:\/\/www.hitech.fi\/hitech\/product\/teho-sani-cleaner-saniteettitilojen-puhdistusaine-ja-kalkinpoistaja\/","name":"TEHO Sani Cleaner -saniteettitilojen puhdistusaine ja kalkinpoistaja | Hitech Chemicals","isPartOf":{"@id":"https:\/\/www.hitech.fi\/hitech\/#website"},"primaryImageOfPage":{"@id":"https:\/\/www.hitech.fi\/hitech\/product\/teho-sani-cleaner-saniteettitilojen-puhdistusaine-ja-kalkinpoistaja\/#primaryimage"},"image":{"@id":"https:\/\/www.hitech.fi\/hitech\/product\/teho-sani-cleaner-saniteettitilojen-puhdistusaine-ja-kalkinpoistaja\/#primaryimage"},"thumbnailUrl":"https:\/\/www.hitech.fi\/hitech\/wp-content\/uploads\/2022\/03\/Hires_TEHO_Sani_Cleaner_v1.jpg","datePublished":"2023-10-17T05:13:04+00:00","dateModified":"2024-05-10T11:44:40+00:00","breadcrumb":{"@id":"https:\/\/www.hitech.fi\/hitech\/product\/teho-sani-cleaner-saniteettitilojen-puhdistusaine-ja-kalkinpoistaja\/#breadcrumb"},"inLanguage":"fi","potentialAction":[{"@type":"ReadAction","target":["https:\/\/www.hitech.fi\/hitech\/product\/teho-sani-cleaner-saniteettitilojen-puhdistusaine-ja-kalkinpoistaja\/"]}]},{"@type":"ImageObject","inLanguage":"fi","@id":"https:\/\/www.hitech.fi\/hitech\/product\/teho-sani-cleaner-saniteettitilojen-puhdistusaine-ja-kalkinpoistaja\/#primaryimage","url":"https:\/\/www.hitech.fi\/hitech\/wp-content\/uploads\/2022\/03\/Hires_TEHO_Sani_Cleaner_v1.jpg","contentUrl":"https:\/\/www.hitech.fi\/hitech\/wp-content\/uploads\/2022\/03\/Hires_TEHO_Sani_Cleaner_v1.jpg","width":1024,"height":1024,"caption":"TEHO Sani Cleaner saniteettitilojen puhdistusaine"},{"@type":"BreadcrumbList","@id":"https:\/\/www.hitech.fi\/hitech\/product\/teho-sani-cleaner-saniteettitilojen-puhdistusaine-ja-kalkinpoistaja\/#breadcrumb","itemListElement":[{"@type":"ListItem","position":1,"name":"Etusivu","item":"https:\/\/www.hitech.fi\/hitech\/"},{"@type":"ListItem","position":2,"name":"Katalogi","item":"https:\/\/www.hitech.fi\/hitech\/katalogi\/"},{"@type":"ListItem","position":3,"name":"TEHO Sani Cleaner -saniteettitilojen puhdistusaine ja kalkinpoistaja"}]},{"@type":"WebSite","@id":"https:\/\/www.hitech.fi\/hitech\/#website","url":"https:\/\/www.hitech.fi\/hitech\/","name":"Hitech Chemicals","description":"Puhdistusaineet ja huoltotuotteet","publisher":{"@id":"https:\/\/www.hitech.fi\/hitech\/#organization"},"potentialAction":[{"@type":"SearchAction","target":{"@type":"EntryPoint","urlTemplate":"https:\/\/www.hitech.fi\/hitech\/?s={search_term_string}"},"query-input":{"@type":"PropertyValueSpecification","valueRequired":true,"valueName":"search_term_string"}}],"inLanguage":"fi"},{"@type":"Organization","@id":"https:\/\/www.hitech.fi\/hitech\/#organization","name":"Hitech Chemicals","alternateName":"Hitech","url":"https:\/\/www.hitech.fi\/hitech\/","logo":{"@type":"ImageObject","inLanguage":"fi","@id":"https:\/\/www.hitech.fi\/hitech\/#\/schema\/logo\/image\/","url":"https:\/\/www.hitech.fi\/hitech\/wp-content\/uploads\/2023\/06\/cropped-hitech_logo_600x600.png","contentUrl":"https:\/\/www.hitech.fi\/hitech\/wp-content\/uploads\/2023\/06\/cropped-hitech_logo_600x600.png","width":512,"height":512,"caption":"Hitech Chemicals"},"image":{"@id":"https:\/\/www.hitech.fi\/hitech\/#\/schema\/logo\/image\/"},"sameAs":["https:\/\/www.facebook.com\/hitechfinland"]}]}},"_links":{"self":[{"href":"https:\/\/www.hitech.fi\/hitech\/wp-json\/wp\/v2\/product\/748","targetHints":{"allow":["GET"]}}],"collection":[{"href":"https:\/\/www.hitech.fi\/hitech\/wp-json\/wp\/v2\/product"}],"about":[{"href":"https:\/\/www.hitech.fi\/hitech\/wp-json\/wp\/v2\/types\/product"}],"replies":[{"embeddable":true,"href":"https:\/\/www.hitech.fi\/hitech\/wp-json\/wp\/v2\/comments?post=748"}],"wp:featuredmedia":[{"embeddable":true,"href":"https:\/\/www.hitech.fi\/hitech\/wp-json\/wp\/v2\/media\/583"}],"wp:attachment":[{"href":"https:\/\/www.hitech.fi\/hitech\/wp-json\/wp\/v2\/media?parent=748"}],"wp:term":[{"taxonomy":"product_brand","embeddable":true,"href":"https:\/\/www.hitech.fi\/hitech\/wp-json\/wp\/v2\/product_brand?post=748"},{"taxonomy":"product_cat","embeddable":true,"href":"https:\/\/www.hitech.fi\/hitech\/wp-json\/wp\/v2\/product_cat?post=748"},{"taxonomy":"product_tag","embeddable":true,"href":"https:\/\/www.hitech.fi\/hitech\/wp-json\/wp\/v2\/product_tag?post=748"}],"curies":[{"name":"wp","href":"https:\/\/api.w.org\/{rel}","templated":true}]}}