{"id":743,"date":"2023-10-17T06:28:24","date_gmt":"2023-10-17T04:28:24","guid":{"rendered":"https:\/\/www.hitech.fi\/hitech\/?post_type=product&#038;p=743"},"modified":"2024-05-10T14:45:12","modified_gmt":"2024-05-10T11:45:12","slug":"putkibioplus-1l-viemarinhoitoaine-ja-hajunpoistaja","status":"publish","type":"product","link":"https:\/\/www.hitech.fi\/hitech\/product\/putkibioplus-1l-viemarinhoitoaine-ja-hajunpoistaja\/","title":{"rendered":"PutkiBioPlus 1L -viem\u00e4rinhoitoaine ja hajunpoistaja"},"content":{"rendered":"<p>PutkiBioPlus on 100 % Luonnonmukainen biologinen menetelm\u00e4 viem\u00e4reiden ja rasvanerottimien haju- ja rasvaongelmien ratkaisuun.<\/p>\n<p>Ennaltaehk\u00e4isee putkistojen tukkeutumisia, v\u00e4hent\u00e4\u00e4 hajuhaittojen syntymist\u00e4 ja pident\u00e4\u00e4 rasva-, liete-, ja pumppukaivojen tyhjennys- ja hoitotarvetta.<\/p>\n<p>PutkiBioPlus hajoittaa luonnonmukaisesti orgaaniset j\u00e4tteet ja poistaa ep\u00e4miellytt\u00e4v\u00e4t hajut.<\/p>\n<p><strong><br \/>\nSUOSITELLAAN K\u00c4YTETT\u00c4V\u00c4KSI:<\/strong><\/p>\n<p>\u2022 Ravintoloissa, hotelleissa, kylpyl\u00f6iss\u00e4<br \/>\n\u2022 Kauppakeskuksissa<br \/>\n\u2022 Leipomoissa<br \/>\n\u2022 Lihank\u00e4sittelylaitoksissa ja muualla elintarviketeollisuudessa<br \/>\n\u2022 Sairaaloissa<br \/>\n\u2022 Kouluissa<br \/>\n\u2022 P\u00e4iv\u00e4kodeissa<br \/>\n\u2022 Laivoilla<br \/>\n\u2022 Ja kaikkialla miss\u00e4 valmistetaan teollisesti ruokaa<br \/>\n\u2022 Asuinkiinteist\u00f6iss\u00e4 (omakotitalot, kerrostalot, jne.) viem\u00e4reiden hajuongelmien poistoon ja j\u00e4vesij\u00e4rjestelmien toiminnan tehostamiseen.<\/p>\n<p>Tuotteesta on saatavilla my\u00f6s 20 litran pakkaus automaattipumppu annosteluun. Kysy lis\u00e4\u00e4 myynnist\u00e4mme.<\/p>\n<p>Tuotenumero: 08331<\/p>\n","protected":false},"excerpt":{"rendered":"<p>PutkiBioPlus on <strong>el\u00e4viin mikrobikantoihin perustuva j\u00e4tevesien hoitoaine<\/strong>.<\/p>\n<p>PutkiBioPlus on uuden sukupolven biologinen putkistojen, rasvanerottimien, lietekaivojen ja panospuhdistamoiden puhdistusj\u00e4rjestelm\u00e4, joka on syntynyt vuosien tuotekehityksen tuloksena. Tuotteen teho on ylivoimainen aikaisemmin markkinoilla olleisiin tuotteisiin verrattuna.<\/p>\n<p>Tuote on pakattu muovipulloon, jonka tilavuus on 1 Litra. Myyntier\u00e4 on yksi (1) laatikko, joka sis\u00e4lt\u00e4\u00e4 12 pulloa. <strong>Ammattik\u00e4ytt\u00f6\u00f6n<\/strong>.<\/p>\n[maxbutton id=\"2\" url=\"https:\/\/www.hitech.fi\/hitech\/wp-content\/uploads\/2023\/12\/TEHO_Putkibioplus_web.pdf\" text=\"Lataa tuotekortti\" window=\"new\" ]\n","protected":false},"featured_media":279,"comment_status":"closed","ping_status":"closed","template":"","meta":[],"product_brand":[],"product_cat":[102,97,138,133,117,128],"product_tag":[],"class_list":{"0":"post-743","1":"product","2":"type-product","3":"status-publish","4":"has-post-thumbnail","6":"product_cat-hajunpoisto-ja-ilmanraikastus","7":"product_cat-huoltokemikaalit","8":"product_cat-kiinteistohuolto","9":"product_cat-toimialat","10":"product_cat-viemareiden-hajunpoisto","11":"product_cat-viemareiden-putkien-avaus-ja-hoito","13":"first","14":"instock","15":"shipping-taxable","16":"product-type-simple"},"yoast_head":"<!-- This site is optimized with the Yoast SEO plugin v24.3 - https:\/\/yoast.com\/wordpress\/plugins\/seo\/ -->\n<title>PutkiBioPlus 1L -viem\u00e4rinhoitoaine ja hajunpoistaja | Hitech Chemicals<\/title>\n<meta name=\"robots\" content=\"index, follow, max-snippet:-1, max-image-preview:large, max-video-preview:-1\" \/>\n<link rel=\"canonical\" href=\"https:\/\/www.hitech.fi\/hitech\/product\/putkibioplus-1l-viemarinhoitoaine-ja-hajunpoistaja\/\" \/>\n<meta property=\"og:locale\" content=\"fi_FI\" \/>\n<meta property=\"og:type\" content=\"article\" \/>\n<meta property=\"og:title\" content=\"PutkiBioPlus 1L -viem\u00e4rinhoitoaine ja hajunpoistaja | Hitech Chemicals\" \/>\n<meta property=\"og:description\" content=\"PutkiBioPlus on el\u00e4viin mikrobikantoihin perustuva j\u00e4tevesien hoitoaine.  PutkiBioPlus on uuden sukupolven biologinen putkistojen, rasvanerottimien, lietekaivojen ja panospuhdistamoiden puhdistusj\u00e4rjestelm\u00e4, joka on syntynyt vuosien tuotekehityksen tuloksena. Tuotteen teho on ylivoimainen aikaisemmin markkinoilla olleisiin tuotteisiin verrattuna.  Tuote on pakattu muovipulloon, jonka tilavuus on 1 Litra. Myyntier\u00e4 on yksi (1) laatikko, joka sis\u00e4lt\u00e4\u00e4 12 pulloa. Ammattik\u00e4ytt\u00f6\u00f6n.\" \/>\n<meta property=\"og:url\" content=\"https:\/\/www.hitech.fi\/hitech\/product\/putkibioplus-1l-viemarinhoitoaine-ja-hajunpoistaja\/\" \/>\n<meta property=\"og:site_name\" content=\"Hitech Chemicals\" \/>\n<meta property=\"article:publisher\" content=\"https:\/\/www.facebook.com\/hitechfinland\" \/>\n<meta property=\"article:modified_time\" content=\"2024-05-10T11:45:12+00:00\" \/>\n<meta property=\"og:image\" content=\"https:\/\/www.hitech.fi\/hitech\/wp-content\/uploads\/2014\/03\/Hires_Putkibioplus_1L.jpg\" \/>\n\t<meta property=\"og:image:width\" content=\"1024\" \/>\n\t<meta property=\"og:image:height\" content=\"1024\" \/>\n\t<meta property=\"og:image:type\" content=\"image\/jpeg\" \/>\n<meta name=\"twitter:card\" content=\"summary_large_image\" \/>\n<meta name=\"twitter:label1\" content=\"Arvioitu lukuaika\" \/>\n\t<meta name=\"twitter:data1\" content=\"1 minuutti\" \/>\n<script type=\"application\/ld+json\" class=\"yoast-schema-graph\">{\"@context\":\"https:\/\/schema.org\",\"@graph\":[{\"@type\":\"WebPage\",\"@id\":\"https:\/\/www.hitech.fi\/hitech\/product\/putkibioplus-1l-viemarinhoitoaine-ja-hajunpoistaja\/\",\"url\":\"https:\/\/www.hitech.fi\/hitech\/product\/putkibioplus-1l-viemarinhoitoaine-ja-hajunpoistaja\/\",\"name\":\"PutkiBioPlus 1L -viem\u00e4rinhoitoaine ja hajunpoistaja | Hitech Chemicals\",\"isPartOf\":{\"@id\":\"https:\/\/www.hitech.fi\/hitech\/#website\"},\"primaryImageOfPage\":{\"@id\":\"https:\/\/www.hitech.fi\/hitech\/product\/putkibioplus-1l-viemarinhoitoaine-ja-hajunpoistaja\/#primaryimage\"},\"image\":{\"@id\":\"https:\/\/www.hitech.fi\/hitech\/product\/putkibioplus-1l-viemarinhoitoaine-ja-hajunpoistaja\/#primaryimage\"},\"thumbnailUrl\":\"https:\/\/www.hitech.fi\/hitech\/wp-content\/uploads\/2014\/03\/Hires_Putkibioplus_1L.jpg\",\"datePublished\":\"2023-10-17T04:28:24+00:00\",\"dateModified\":\"2024-05-10T11:45:12+00:00\",\"breadcrumb\":{\"@id\":\"https:\/\/www.hitech.fi\/hitech\/product\/putkibioplus-1l-viemarinhoitoaine-ja-hajunpoistaja\/#breadcrumb\"},\"inLanguage\":\"fi\",\"potentialAction\":[{\"@type\":\"ReadAction\",\"target\":[\"https:\/\/www.hitech.fi\/hitech\/product\/putkibioplus-1l-viemarinhoitoaine-ja-hajunpoistaja\/\"]}]},{\"@type\":\"ImageObject\",\"inLanguage\":\"fi\",\"@id\":\"https:\/\/www.hitech.fi\/hitech\/product\/putkibioplus-1l-viemarinhoitoaine-ja-hajunpoistaja\/#primaryimage\",\"url\":\"https:\/\/www.hitech.fi\/hitech\/wp-content\/uploads\/2014\/03\/Hires_Putkibioplus_1L.jpg\",\"contentUrl\":\"https:\/\/www.hitech.fi\/hitech\/wp-content\/uploads\/2014\/03\/Hires_Putkibioplus_1L.jpg\",\"width\":1024,\"height\":1024,\"caption\":\"Putki Bio Plus\"},{\"@type\":\"BreadcrumbList\",\"@id\":\"https:\/\/www.hitech.fi\/hitech\/product\/putkibioplus-1l-viemarinhoitoaine-ja-hajunpoistaja\/#breadcrumb\",\"itemListElement\":[{\"@type\":\"ListItem\",\"position\":1,\"name\":\"Etusivu\",\"item\":\"https:\/\/www.hitech.fi\/hitech\/\"},{\"@type\":\"ListItem\",\"position\":2,\"name\":\"Katalogi\",\"item\":\"https:\/\/www.hitech.fi\/hitech\/katalogi\/\"},{\"@type\":\"ListItem\",\"position\":3,\"name\":\"PutkiBioPlus 1L -viem\u00e4rinhoitoaine ja hajunpoistaja\"}]},{\"@type\":\"WebSite\",\"@id\":\"https:\/\/www.hitech.fi\/hitech\/#website\",\"url\":\"https:\/\/www.hitech.fi\/hitech\/\",\"name\":\"Hitech Chemicals\",\"description\":\"Puhdistusaineet ja huoltotuotteet\",\"publisher\":{\"@id\":\"https:\/\/www.hitech.fi\/hitech\/#organization\"},\"potentialAction\":[{\"@type\":\"SearchAction\",\"target\":{\"@type\":\"EntryPoint\",\"urlTemplate\":\"https:\/\/www.hitech.fi\/hitech\/?s={search_term_string}\"},\"query-input\":{\"@type\":\"PropertyValueSpecification\",\"valueRequired\":true,\"valueName\":\"search_term_string\"}}],\"inLanguage\":\"fi\"},{\"@type\":\"Organization\",\"@id\":\"https:\/\/www.hitech.fi\/hitech\/#organization\",\"name\":\"Hitech Chemicals\",\"alternateName\":\"Hitech\",\"url\":\"https:\/\/www.hitech.fi\/hitech\/\",\"logo\":{\"@type\":\"ImageObject\",\"inLanguage\":\"fi\",\"@id\":\"https:\/\/www.hitech.fi\/hitech\/#\/schema\/logo\/image\/\",\"url\":\"https:\/\/www.hitech.fi\/hitech\/wp-content\/uploads\/2023\/06\/cropped-hitech_logo_600x600.png\",\"contentUrl\":\"https:\/\/www.hitech.fi\/hitech\/wp-content\/uploads\/2023\/06\/cropped-hitech_logo_600x600.png\",\"width\":512,\"height\":512,\"caption\":\"Hitech Chemicals\"},\"image\":{\"@id\":\"https:\/\/www.hitech.fi\/hitech\/#\/schema\/logo\/image\/\"},\"sameAs\":[\"https:\/\/www.facebook.com\/hitechfinland\"]}]}<\/script>\n<!-- \/ Yoast SEO plugin. -->","yoast_head_json":{"title":"PutkiBioPlus 1L -viem\u00e4rinhoitoaine ja hajunpoistaja | Hitech Chemicals","robots":{"index":"index","follow":"follow","max-snippet":"max-snippet:-1","max-image-preview":"max-image-preview:large","max-video-preview":"max-video-preview:-1"},"canonical":"https:\/\/www.hitech.fi\/hitech\/product\/putkibioplus-1l-viemarinhoitoaine-ja-hajunpoistaja\/","og_locale":"fi_FI","og_type":"article","og_title":"PutkiBioPlus 1L -viem\u00e4rinhoitoaine ja hajunpoistaja | Hitech Chemicals","og_description":"PutkiBioPlus on el\u00e4viin mikrobikantoihin perustuva j\u00e4tevesien hoitoaine.  PutkiBioPlus on uuden sukupolven biologinen putkistojen, rasvanerottimien, lietekaivojen ja panospuhdistamoiden puhdistusj\u00e4rjestelm\u00e4, joka on syntynyt vuosien tuotekehityksen tuloksena. Tuotteen teho on ylivoimainen aikaisemmin markkinoilla olleisiin tuotteisiin verrattuna.  Tuote on pakattu muovipulloon, jonka tilavuus on 1 Litra. Myyntier\u00e4 on yksi (1) laatikko, joka sis\u00e4lt\u00e4\u00e4 12 pulloa. Ammattik\u00e4ytt\u00f6\u00f6n.","og_url":"https:\/\/www.hitech.fi\/hitech\/product\/putkibioplus-1l-viemarinhoitoaine-ja-hajunpoistaja\/","og_site_name":"Hitech Chemicals","article_publisher":"https:\/\/www.facebook.com\/hitechfinland","article_modified_time":"2024-05-10T11:45:12+00:00","og_image":[{"width":1024,"height":1024,"url":"https:\/\/www.hitech.fi\/hitech\/wp-content\/uploads\/2014\/03\/Hires_Putkibioplus_1L.jpg","type":"image\/jpeg"}],"twitter_card":"summary_large_image","twitter_misc":{"Arvioitu lukuaika":"1 minuutti"},"schema":{"@context":"https:\/\/schema.org","@graph":[{"@type":"WebPage","@id":"https:\/\/www.hitech.fi\/hitech\/product\/putkibioplus-1l-viemarinhoitoaine-ja-hajunpoistaja\/","url":"https:\/\/www.hitech.fi\/hitech\/product\/putkibioplus-1l-viemarinhoitoaine-ja-hajunpoistaja\/","name":"PutkiBioPlus 1L -viem\u00e4rinhoitoaine ja hajunpoistaja | Hitech Chemicals","isPartOf":{"@id":"https:\/\/www.hitech.fi\/hitech\/#website"},"primaryImageOfPage":{"@id":"https:\/\/www.hitech.fi\/hitech\/product\/putkibioplus-1l-viemarinhoitoaine-ja-hajunpoistaja\/#primaryimage"},"image":{"@id":"https:\/\/www.hitech.fi\/hitech\/product\/putkibioplus-1l-viemarinhoitoaine-ja-hajunpoistaja\/#primaryimage"},"thumbnailUrl":"https:\/\/www.hitech.fi\/hitech\/wp-content\/uploads\/2014\/03\/Hires_Putkibioplus_1L.jpg","datePublished":"2023-10-17T04:28:24+00:00","dateModified":"2024-05-10T11:45:12+00:00","breadcrumb":{"@id":"https:\/\/www.hitech.fi\/hitech\/product\/putkibioplus-1l-viemarinhoitoaine-ja-hajunpoistaja\/#breadcrumb"},"inLanguage":"fi","potentialAction":[{"@type":"ReadAction","target":["https:\/\/www.hitech.fi\/hitech\/product\/putkibioplus-1l-viemarinhoitoaine-ja-hajunpoistaja\/"]}]},{"@type":"ImageObject","inLanguage":"fi","@id":"https:\/\/www.hitech.fi\/hitech\/product\/putkibioplus-1l-viemarinhoitoaine-ja-hajunpoistaja\/#primaryimage","url":"https:\/\/www.hitech.fi\/hitech\/wp-content\/uploads\/2014\/03\/Hires_Putkibioplus_1L.jpg","contentUrl":"https:\/\/www.hitech.fi\/hitech\/wp-content\/uploads\/2014\/03\/Hires_Putkibioplus_1L.jpg","width":1024,"height":1024,"caption":"Putki Bio Plus"},{"@type":"BreadcrumbList","@id":"https:\/\/www.hitech.fi\/hitech\/product\/putkibioplus-1l-viemarinhoitoaine-ja-hajunpoistaja\/#breadcrumb","itemListElement":[{"@type":"ListItem","position":1,"name":"Etusivu","item":"https:\/\/www.hitech.fi\/hitech\/"},{"@type":"ListItem","position":2,"name":"Katalogi","item":"https:\/\/www.hitech.fi\/hitech\/katalogi\/"},{"@type":"ListItem","position":3,"name":"PutkiBioPlus 1L -viem\u00e4rinhoitoaine ja hajunpoistaja"}]},{"@type":"WebSite","@id":"https:\/\/www.hitech.fi\/hitech\/#website","url":"https:\/\/www.hitech.fi\/hitech\/","name":"Hitech Chemicals","description":"Puhdistusaineet ja huoltotuotteet","publisher":{"@id":"https:\/\/www.hitech.fi\/hitech\/#organization"},"potentialAction":[{"@type":"SearchAction","target":{"@type":"EntryPoint","urlTemplate":"https:\/\/www.hitech.fi\/hitech\/?s={search_term_string}"},"query-input":{"@type":"PropertyValueSpecification","valueRequired":true,"valueName":"search_term_string"}}],"inLanguage":"fi"},{"@type":"Organization","@id":"https:\/\/www.hitech.fi\/hitech\/#organization","name":"Hitech Chemicals","alternateName":"Hitech","url":"https:\/\/www.hitech.fi\/hitech\/","logo":{"@type":"ImageObject","inLanguage":"fi","@id":"https:\/\/www.hitech.fi\/hitech\/#\/schema\/logo\/image\/","url":"https:\/\/www.hitech.fi\/hitech\/wp-content\/uploads\/2023\/06\/cropped-hitech_logo_600x600.png","contentUrl":"https:\/\/www.hitech.fi\/hitech\/wp-content\/uploads\/2023\/06\/cropped-hitech_logo_600x600.png","width":512,"height":512,"caption":"Hitech Chemicals"},"image":{"@id":"https:\/\/www.hitech.fi\/hitech\/#\/schema\/logo\/image\/"},"sameAs":["https:\/\/www.facebook.com\/hitechfinland"]}]}},"_links":{"self":[{"href":"https:\/\/www.hitech.fi\/hitech\/wp-json\/wp\/v2\/product\/743","targetHints":{"allow":["GET"]}}],"collection":[{"href":"https:\/\/www.hitech.fi\/hitech\/wp-json\/wp\/v2\/product"}],"about":[{"href":"https:\/\/www.hitech.fi\/hitech\/wp-json\/wp\/v2\/types\/product"}],"replies":[{"embeddable":true,"href":"https:\/\/www.hitech.fi\/hitech\/wp-json\/wp\/v2\/comments?post=743"}],"wp:featuredmedia":[{"embeddable":true,"href":"https:\/\/www.hitech.fi\/hitech\/wp-json\/wp\/v2\/media\/279"}],"wp:attachment":[{"href":"https:\/\/www.hitech.fi\/hitech\/wp-json\/wp\/v2\/media?parent=743"}],"wp:term":[{"taxonomy":"product_brand","embeddable":true,"href":"https:\/\/www.hitech.fi\/hitech\/wp-json\/wp\/v2\/product_brand?post=743"},{"taxonomy":"product_cat","embeddable":true,"href":"https:\/\/www.hitech.fi\/hitech\/wp-json\/wp\/v2\/product_cat?post=743"},{"taxonomy":"product_tag","embeddable":true,"href":"https:\/\/www.hitech.fi\/hitech\/wp-json\/wp\/v2\/product_tag?post=743"}],"curies":[{"name":"wp","href":"https:\/\/api.w.org\/{rel}","templated":true}]}}