{"id":3679,"date":"2024-06-13T08:01:24","date_gmt":"2024-06-13T05:01:24","guid":{"rendered":"https:\/\/www.hitech.fi\/hitech\/?post_type=product&#038;p=3679"},"modified":"2024-06-13T08:15:17","modified_gmt":"2024-06-13T05:15:17","slug":"pemco-330-5w-30-kevyenkaluston-moottorioljy","status":"publish","type":"product","link":"https:\/\/www.hitech.fi\/hitech\/product\/pemco-330-5w-30-kevyenkaluston-moottorioljy\/","title":{"rendered":"Pemco 330 5W-30 kevyenkaluston moottori\u00f6ljy"},"content":{"rendered":"<p>Esteri\u00e4 sis\u00e4lt\u00e4v\u00e4 innovatiivinen synteettinen moottori\u00f6ljy nykyaikaisille bensiini- ja dieselmoottoreille. Suunnittelun l\u00e4ht\u00f6kohtana on ollut eurooppalaisten autonvalimistajien asettamat vaatimukset moottori\u00f6ljylle.<\/p>\n<p><strong>Tuotteen ominaisuudet:<\/strong><br \/>\n<img fetchpriority=\"high\" decoding=\"async\" src=\"https:\/\/www.hitech.fi\/hitech\/wp-content\/uploads\/2024\/06\/PM_0330_ominaisuudet.jpg\" alt=\"\" width=\"726\" height=\"228\" class=\"alignnone size-full wp-image-3670\" srcset=\"https:\/\/www.hitech.fi\/hitech\/wp-content\/uploads\/2024\/06\/PM_0330_ominaisuudet.jpg 726w, https:\/\/www.hitech.fi\/hitech\/wp-content\/uploads\/2024\/06\/PM_0330_ominaisuudet-300x94.jpg 300w, https:\/\/www.hitech.fi\/hitech\/wp-content\/uploads\/2024\/06\/PM_0330_ominaisuudet-600x188.jpg 600w\" sizes=\"(max-width: 726px) 100vw, 726px\" \/><\/p>\n","protected":false},"excerpt":{"rendered":"<p><strong>T\u00e4ytt\u00e4\u00e4 seuraavat vaatimukset:<\/strong><br \/>\nSAE 5W-30<br \/>\nAPI SN\/CH-4<br \/>\nACEA A3\/B4<br \/>\nVW 502 00<br \/>\nVW 505 00<br \/>\nVW 503 01<br \/>\nVW 501 01<br \/>\nMB 229.3<br \/>\nMB 229.5<br \/>\nBMW Longlife-98<br \/>\nRENAULT RN0700<br \/>\nRENAULT RN0710<br \/>\nFORD WSS-M2C913-B<\/p>\n<p><strong>Pakkauskoot:<\/strong><br \/>\n208L<\/p>\n[maxbutton id=\"1\" url=\"https:\/\/www.hitech.fi\/hitech\/wp-content\/uploads\/2024\/06\/Pemco_330_5W-30_PM0330FIN.pdf\" text=\"Lataa tuotekortti\" window=\"new\" ]\n","protected":false},"featured_media":3674,"comment_status":"closed","ping_status":"closed","template":"","meta":[],"product_brand":[],"product_cat":[147,134,83,78,133],"product_tag":[],"class_list":{"0":"post-3679","1":"product","2":"type-product","3":"status-publish","4":"has-post-thumbnail","6":"product_cat-huolto-ja-korjaus","7":"product_cat-kalusto-ja-ajoneuvot","8":"product_cat-kevyen-kaluston-moottorioljyt","9":"product_cat-pemco","10":"product_cat-toimialat","12":"first","13":"instock","14":"shipping-taxable","15":"product-type-simple"},"yoast_head":"<!-- This site is optimized with the Yoast SEO plugin v24.3 - https:\/\/yoast.com\/wordpress\/plugins\/seo\/ -->\n<title>Pemco 330 5W-30 kevyenkaluston moottori\u00f6ljy | Hitech Chemicals<\/title>\n<meta name=\"robots\" content=\"index, follow, max-snippet:-1, max-image-preview:large, max-video-preview:-1\" \/>\n<link rel=\"canonical\" href=\"https:\/\/www.hitech.fi\/hitech\/product\/pemco-330-5w-30-kevyenkaluston-moottorioljy\/\" \/>\n<meta property=\"og:locale\" content=\"fi_FI\" \/>\n<meta property=\"og:type\" content=\"article\" \/>\n<meta property=\"og:title\" content=\"Pemco 330 5W-30 kevyenkaluston moottori\u00f6ljy | Hitech Chemicals\" \/>\n<meta property=\"og:description\" content=\"T\u00e4ytt\u00e4\u00e4 seuraavat vaatimukset: SAE 5W-30 API SN\/CH-4 ACEA A3\/B4 VW 502 00 VW 505 00 VW 503 01 VW 501 01 MB 229.3 MB 229.5 BMW Longlife-98 RENAULT RN0700 RENAULT RN0710 FORD WSS-M2C913-B  Pakkauskoot: 208L\" \/>\n<meta property=\"og:url\" content=\"https:\/\/www.hitech.fi\/hitech\/product\/pemco-330-5w-30-kevyenkaluston-moottorioljy\/\" \/>\n<meta property=\"og:site_name\" content=\"Hitech Chemicals\" \/>\n<meta property=\"article:publisher\" content=\"https:\/\/www.facebook.com\/hitechfinland\" \/>\n<meta property=\"article:modified_time\" content=\"2024-06-13T05:15:17+00:00\" \/>\n<meta property=\"og:image\" content=\"https:\/\/www.hitech.fi\/hitech\/wp-content\/uploads\/2024\/06\/PM_0330_20L.jpeg\" \/>\n\t<meta property=\"og:image:width\" content=\"1040\" \/>\n\t<meta property=\"og:image:height\" content=\"1200\" \/>\n\t<meta property=\"og:image:type\" content=\"image\/jpeg\" \/>\n<meta name=\"twitter:card\" content=\"summary_large_image\" \/>\n<meta name=\"twitter:label1\" content=\"Arvioitu lukuaika\" \/>\n\t<meta name=\"twitter:data1\" content=\"1 minuutti\" \/>\n<script type=\"application\/ld+json\" class=\"yoast-schema-graph\">{\"@context\":\"https:\/\/schema.org\",\"@graph\":[{\"@type\":\"WebPage\",\"@id\":\"https:\/\/www.hitech.fi\/hitech\/product\/pemco-330-5w-30-kevyenkaluston-moottorioljy\/\",\"url\":\"https:\/\/www.hitech.fi\/hitech\/product\/pemco-330-5w-30-kevyenkaluston-moottorioljy\/\",\"name\":\"Pemco 330 5W-30 kevyenkaluston moottori\u00f6ljy | Hitech Chemicals\",\"isPartOf\":{\"@id\":\"https:\/\/www.hitech.fi\/hitech\/#website\"},\"primaryImageOfPage\":{\"@id\":\"https:\/\/www.hitech.fi\/hitech\/product\/pemco-330-5w-30-kevyenkaluston-moottorioljy\/#primaryimage\"},\"image\":{\"@id\":\"https:\/\/www.hitech.fi\/hitech\/product\/pemco-330-5w-30-kevyenkaluston-moottorioljy\/#primaryimage\"},\"thumbnailUrl\":\"https:\/\/www.hitech.fi\/hitech\/wp-content\/uploads\/2024\/06\/PM_0330_20L.jpeg\",\"datePublished\":\"2024-06-13T05:01:24+00:00\",\"dateModified\":\"2024-06-13T05:15:17+00:00\",\"breadcrumb\":{\"@id\":\"https:\/\/www.hitech.fi\/hitech\/product\/pemco-330-5w-30-kevyenkaluston-moottorioljy\/#breadcrumb\"},\"inLanguage\":\"fi\",\"potentialAction\":[{\"@type\":\"ReadAction\",\"target\":[\"https:\/\/www.hitech.fi\/hitech\/product\/pemco-330-5w-30-kevyenkaluston-moottorioljy\/\"]}]},{\"@type\":\"ImageObject\",\"inLanguage\":\"fi\",\"@id\":\"https:\/\/www.hitech.fi\/hitech\/product\/pemco-330-5w-30-kevyenkaluston-moottorioljy\/#primaryimage\",\"url\":\"https:\/\/www.hitech.fi\/hitech\/wp-content\/uploads\/2024\/06\/PM_0330_20L.jpeg\",\"contentUrl\":\"https:\/\/www.hitech.fi\/hitech\/wp-content\/uploads\/2024\/06\/PM_0330_20L.jpeg\",\"width\":1040,\"height\":1200},{\"@type\":\"BreadcrumbList\",\"@id\":\"https:\/\/www.hitech.fi\/hitech\/product\/pemco-330-5w-30-kevyenkaluston-moottorioljy\/#breadcrumb\",\"itemListElement\":[{\"@type\":\"ListItem\",\"position\":1,\"name\":\"Etusivu\",\"item\":\"https:\/\/www.hitech.fi\/hitech\/\"},{\"@type\":\"ListItem\",\"position\":2,\"name\":\"Katalogi\",\"item\":\"https:\/\/www.hitech.fi\/hitech\/katalogi\/\"},{\"@type\":\"ListItem\",\"position\":3,\"name\":\"Pemco 330 5W-30 kevyenkaluston moottori\u00f6ljy\"}]},{\"@type\":\"WebSite\",\"@id\":\"https:\/\/www.hitech.fi\/hitech\/#website\",\"url\":\"https:\/\/www.hitech.fi\/hitech\/\",\"name\":\"Hitech Chemicals\",\"description\":\"Puhdistusaineet ja huoltotuotteet\",\"publisher\":{\"@id\":\"https:\/\/www.hitech.fi\/hitech\/#organization\"},\"potentialAction\":[{\"@type\":\"SearchAction\",\"target\":{\"@type\":\"EntryPoint\",\"urlTemplate\":\"https:\/\/www.hitech.fi\/hitech\/?s={search_term_string}\"},\"query-input\":{\"@type\":\"PropertyValueSpecification\",\"valueRequired\":true,\"valueName\":\"search_term_string\"}}],\"inLanguage\":\"fi\"},{\"@type\":\"Organization\",\"@id\":\"https:\/\/www.hitech.fi\/hitech\/#organization\",\"name\":\"Hitech Chemicals\",\"alternateName\":\"Hitech\",\"url\":\"https:\/\/www.hitech.fi\/hitech\/\",\"logo\":{\"@type\":\"ImageObject\",\"inLanguage\":\"fi\",\"@id\":\"https:\/\/www.hitech.fi\/hitech\/#\/schema\/logo\/image\/\",\"url\":\"https:\/\/www.hitech.fi\/hitech\/wp-content\/uploads\/2023\/06\/cropped-hitech_logo_600x600.png\",\"contentUrl\":\"https:\/\/www.hitech.fi\/hitech\/wp-content\/uploads\/2023\/06\/cropped-hitech_logo_600x600.png\",\"width\":512,\"height\":512,\"caption\":\"Hitech Chemicals\"},\"image\":{\"@id\":\"https:\/\/www.hitech.fi\/hitech\/#\/schema\/logo\/image\/\"},\"sameAs\":[\"https:\/\/www.facebook.com\/hitechfinland\"]}]}<\/script>\n<!-- \/ Yoast SEO plugin. -->","yoast_head_json":{"title":"Pemco 330 5W-30 kevyenkaluston moottori\u00f6ljy | Hitech Chemicals","robots":{"index":"index","follow":"follow","max-snippet":"max-snippet:-1","max-image-preview":"max-image-preview:large","max-video-preview":"max-video-preview:-1"},"canonical":"https:\/\/www.hitech.fi\/hitech\/product\/pemco-330-5w-30-kevyenkaluston-moottorioljy\/","og_locale":"fi_FI","og_type":"article","og_title":"Pemco 330 5W-30 kevyenkaluston moottori\u00f6ljy | Hitech Chemicals","og_description":"T\u00e4ytt\u00e4\u00e4 seuraavat vaatimukset: SAE 5W-30 API SN\/CH-4 ACEA A3\/B4 VW 502 00 VW 505 00 VW 503 01 VW 501 01 MB 229.3 MB 229.5 BMW Longlife-98 RENAULT RN0700 RENAULT RN0710 FORD WSS-M2C913-B  Pakkauskoot: 208L","og_url":"https:\/\/www.hitech.fi\/hitech\/product\/pemco-330-5w-30-kevyenkaluston-moottorioljy\/","og_site_name":"Hitech Chemicals","article_publisher":"https:\/\/www.facebook.com\/hitechfinland","article_modified_time":"2024-06-13T05:15:17+00:00","og_image":[{"width":1040,"height":1200,"url":"https:\/\/www.hitech.fi\/hitech\/wp-content\/uploads\/2024\/06\/PM_0330_20L.jpeg","type":"image\/jpeg"}],"twitter_card":"summary_large_image","twitter_misc":{"Arvioitu lukuaika":"1 minuutti"},"schema":{"@context":"https:\/\/schema.org","@graph":[{"@type":"WebPage","@id":"https:\/\/www.hitech.fi\/hitech\/product\/pemco-330-5w-30-kevyenkaluston-moottorioljy\/","url":"https:\/\/www.hitech.fi\/hitech\/product\/pemco-330-5w-30-kevyenkaluston-moottorioljy\/","name":"Pemco 330 5W-30 kevyenkaluston moottori\u00f6ljy | Hitech Chemicals","isPartOf":{"@id":"https:\/\/www.hitech.fi\/hitech\/#website"},"primaryImageOfPage":{"@id":"https:\/\/www.hitech.fi\/hitech\/product\/pemco-330-5w-30-kevyenkaluston-moottorioljy\/#primaryimage"},"image":{"@id":"https:\/\/www.hitech.fi\/hitech\/product\/pemco-330-5w-30-kevyenkaluston-moottorioljy\/#primaryimage"},"thumbnailUrl":"https:\/\/www.hitech.fi\/hitech\/wp-content\/uploads\/2024\/06\/PM_0330_20L.jpeg","datePublished":"2024-06-13T05:01:24+00:00","dateModified":"2024-06-13T05:15:17+00:00","breadcrumb":{"@id":"https:\/\/www.hitech.fi\/hitech\/product\/pemco-330-5w-30-kevyenkaluston-moottorioljy\/#breadcrumb"},"inLanguage":"fi","potentialAction":[{"@type":"ReadAction","target":["https:\/\/www.hitech.fi\/hitech\/product\/pemco-330-5w-30-kevyenkaluston-moottorioljy\/"]}]},{"@type":"ImageObject","inLanguage":"fi","@id":"https:\/\/www.hitech.fi\/hitech\/product\/pemco-330-5w-30-kevyenkaluston-moottorioljy\/#primaryimage","url":"https:\/\/www.hitech.fi\/hitech\/wp-content\/uploads\/2024\/06\/PM_0330_20L.jpeg","contentUrl":"https:\/\/www.hitech.fi\/hitech\/wp-content\/uploads\/2024\/06\/PM_0330_20L.jpeg","width":1040,"height":1200},{"@type":"BreadcrumbList","@id":"https:\/\/www.hitech.fi\/hitech\/product\/pemco-330-5w-30-kevyenkaluston-moottorioljy\/#breadcrumb","itemListElement":[{"@type":"ListItem","position":1,"name":"Etusivu","item":"https:\/\/www.hitech.fi\/hitech\/"},{"@type":"ListItem","position":2,"name":"Katalogi","item":"https:\/\/www.hitech.fi\/hitech\/katalogi\/"},{"@type":"ListItem","position":3,"name":"Pemco 330 5W-30 kevyenkaluston moottori\u00f6ljy"}]},{"@type":"WebSite","@id":"https:\/\/www.hitech.fi\/hitech\/#website","url":"https:\/\/www.hitech.fi\/hitech\/","name":"Hitech Chemicals","description":"Puhdistusaineet ja huoltotuotteet","publisher":{"@id":"https:\/\/www.hitech.fi\/hitech\/#organization"},"potentialAction":[{"@type":"SearchAction","target":{"@type":"EntryPoint","urlTemplate":"https:\/\/www.hitech.fi\/hitech\/?s={search_term_string}"},"query-input":{"@type":"PropertyValueSpecification","valueRequired":true,"valueName":"search_term_string"}}],"inLanguage":"fi"},{"@type":"Organization","@id":"https:\/\/www.hitech.fi\/hitech\/#organization","name":"Hitech Chemicals","alternateName":"Hitech","url":"https:\/\/www.hitech.fi\/hitech\/","logo":{"@type":"ImageObject","inLanguage":"fi","@id":"https:\/\/www.hitech.fi\/hitech\/#\/schema\/logo\/image\/","url":"https:\/\/www.hitech.fi\/hitech\/wp-content\/uploads\/2023\/06\/cropped-hitech_logo_600x600.png","contentUrl":"https:\/\/www.hitech.fi\/hitech\/wp-content\/uploads\/2023\/06\/cropped-hitech_logo_600x600.png","width":512,"height":512,"caption":"Hitech Chemicals"},"image":{"@id":"https:\/\/www.hitech.fi\/hitech\/#\/schema\/logo\/image\/"},"sameAs":["https:\/\/www.facebook.com\/hitechfinland"]}]}},"_links":{"self":[{"href":"https:\/\/www.hitech.fi\/hitech\/wp-json\/wp\/v2\/product\/3679","targetHints":{"allow":["GET"]}}],"collection":[{"href":"https:\/\/www.hitech.fi\/hitech\/wp-json\/wp\/v2\/product"}],"about":[{"href":"https:\/\/www.hitech.fi\/hitech\/wp-json\/wp\/v2\/types\/product"}],"replies":[{"embeddable":true,"href":"https:\/\/www.hitech.fi\/hitech\/wp-json\/wp\/v2\/comments?post=3679"}],"wp:featuredmedia":[{"embeddable":true,"href":"https:\/\/www.hitech.fi\/hitech\/wp-json\/wp\/v2\/media\/3674"}],"wp:attachment":[{"href":"https:\/\/www.hitech.fi\/hitech\/wp-json\/wp\/v2\/media?parent=3679"}],"wp:term":[{"taxonomy":"product_brand","embeddable":true,"href":"https:\/\/www.hitech.fi\/hitech\/wp-json\/wp\/v2\/product_brand?post=3679"},{"taxonomy":"product_cat","embeddable":true,"href":"https:\/\/www.hitech.fi\/hitech\/wp-json\/wp\/v2\/product_cat?post=3679"},{"taxonomy":"product_tag","embeddable":true,"href":"https:\/\/www.hitech.fi\/hitech\/wp-json\/wp\/v2\/product_tag?post=3679"}],"curies":[{"name":"wp","href":"https:\/\/api.w.org\/{rel}","templated":true}]}}