{"id":3638,"date":"2024-06-04T14:36:06","date_gmt":"2024-06-04T11:36:06","guid":{"rendered":"https:\/\/www.hitech.fi\/hitech\/?post_type=product&#038;p=3638"},"modified":"2024-06-04T14:42:59","modified_gmt":"2024-06-04T11:42:59","slug":"elite-raakaliuotin-voimakas-esipesuliuotin","status":"publish","type":"product","link":"https:\/\/www.hitech.fi\/hitech\/product\/elite-raakaliuotin-voimakas-esipesuliuotin\/","title":{"rendered":"ELITE Raakaliuotin voimakas esipesuliuotin"},"content":{"rendered":"<p><strong>K\u00e4ytt\u00f6-ohje:<\/strong><br \/>\nK\u00e4ytet\u00e4\u00e4n laimentamattomana. Levit\u00e4 matalapaineruiskulla kuivalle pinnalle. Anna vaikuttaa 1 \u2013 3 min. Levit\u00e4 p\u00e4\u00e4lle kalustonpesuaine ja anna vaikuttaa viel\u00e4 5 min. Huuhtele lopuksi runsaalla vesim\u00e4\u00e4rill\u00e4. Ei saa levitt\u00e4\u00e4 yli 35 \u00b0C (k\u00e4denl\u00e4mp\u00f6iselle) pinnalle.<\/p>\n","protected":false},"excerpt":{"rendered":"<p>Elite Raakaliuotin on eritt\u00e4in tehokas esipesuaine likaiselle kalustolle. Puhdistaa tehokkaasti rasvaiset osat, pien, polttoaine roiskeet maalinpinnoilta ja vaikean maantielian. Huuhtoutuu helposti tuotteen sis\u00e4lt\u00e4m\u00e4n emulgointiaineen ansiosta. <\/p>\n<p>Ei vahingoita maali- eik\u00e4 lakkapintoja, metalleja, alumiinia eik\u00e4 lasia. Korroosio inhibiittorin ansioista ei my\u00f6sk\u00e4\u00e4n vahingoita kevytmetalleja esimerkiksi moottorin pesussa. Toimii erinomaisesti my\u00f6s kylmiss\u00e4 olosuhteissa. Soveltuu my\u00f6s harjakoneiden harjojen perusteelliseen puhdistukseen sek\u00e4 osien puhdistukseen.<br \/>\nJ\u00e4\u00e4tymispiste -12 \u00b0C.<\/p>\n[maxbutton id=\"2\" url=\"https:\/\/www.hitech.fi\/hitech\/wp-content\/uploads\/2024\/06\/ELITE_Raakaliuotin_web.pdf\" text=\"Lataa tuotekortti\" window=\"new\" ]\n<p><strong>Pakkauskoot:<\/strong><br \/>\n20L, 200L, 1000L IBC<\/p>\n","protected":false},"featured_media":3636,"comment_status":"closed","ping_status":"closed","template":"","meta":[],"product_brand":[],"product_cat":[134,118,137,139,123,96,133],"product_tag":[],"class_list":{"0":"post-3638","1":"product","2":"type-product","3":"status-publish","4":"has-post-thumbnail","6":"product_cat-kalusto-ja-ajoneuvot","7":"product_cat-kalustonpesu","8":"product_cat-maatalous","9":"product_cat-metsatalous","10":"product_cat-oljyn-ja-rasvanpoistajat","11":"product_cat-pesuaineet","12":"product_cat-toimialat","14":"first","15":"instock","16":"shipping-taxable","17":"product-type-simple"},"yoast_head":"<!-- This site is optimized with the Yoast SEO plugin v24.3 - https:\/\/yoast.com\/wordpress\/plugins\/seo\/ -->\n<title>ELITE Raakaliuotin voimakas esipesuliuotin | Hitech Chemicals<\/title>\n<meta name=\"robots\" content=\"index, follow, max-snippet:-1, max-image-preview:large, max-video-preview:-1\" \/>\n<link rel=\"canonical\" href=\"https:\/\/www.hitech.fi\/hitech\/product\/elite-raakaliuotin-voimakas-esipesuliuotin\/\" \/>\n<meta property=\"og:locale\" content=\"fi_FI\" \/>\n<meta property=\"og:type\" content=\"article\" \/>\n<meta property=\"og:title\" content=\"ELITE Raakaliuotin voimakas esipesuliuotin | Hitech Chemicals\" \/>\n<meta property=\"og:description\" content=\"Elite Raakaliuotin on eritt\u00e4in tehokas esipesuaine likaiselle kalustolle. Puhdistaa tehokkaasti rasvaiset osat, pien, polttoaine roiskeet maalinpinnoilta ja vaikean maantielian. Huuhtoutuu helposti tuotteen sis\u00e4lt\u00e4m\u00e4n emulgointiaineen ansiosta.   Ei vahingoita maali- eik\u00e4 lakkapintoja, metalleja, alumiinia eik\u00e4 lasia. Korroosio inhibiittorin ansioista ei my\u00f6sk\u00e4\u00e4n vahingoita kevytmetalleja esimerkiksi moottorin pesussa. Toimii erinomaisesti my\u00f6s kylmiss\u00e4 olosuhteissa. Soveltuu my\u00f6s harjakoneiden harjojen perusteelliseen puhdistukseen sek\u00e4 osien puhdistukseen. J\u00e4\u00e4tymispiste -12 \u00b0C.     Pakkauskoot: 20L, 200L, 1000L IBC\" \/>\n<meta property=\"og:url\" content=\"https:\/\/www.hitech.fi\/hitech\/product\/elite-raakaliuotin-voimakas-esipesuliuotin\/\" \/>\n<meta property=\"og:site_name\" content=\"Hitech Chemicals\" \/>\n<meta property=\"article:publisher\" content=\"https:\/\/www.facebook.com\/hitechfinland\" \/>\n<meta property=\"article:modified_time\" content=\"2024-06-04T11:42:59+00:00\" \/>\n<meta property=\"og:image\" content=\"https:\/\/www.hitech.fi\/hitech\/wp-content\/uploads\/2024\/06\/Elite_raakaluiotin_efect_kannu_.jpg\" \/>\n\t<meta property=\"og:image:width\" content=\"1024\" \/>\n\t<meta property=\"og:image:height\" content=\"1024\" \/>\n\t<meta property=\"og:image:type\" content=\"image\/jpeg\" \/>\n<meta name=\"twitter:card\" content=\"summary_large_image\" \/>\n<meta name=\"twitter:label1\" content=\"Arvioitu lukuaika\" \/>\n\t<meta name=\"twitter:data1\" content=\"1 minuutti\" \/>\n<script type=\"application\/ld+json\" class=\"yoast-schema-graph\">{\"@context\":\"https:\/\/schema.org\",\"@graph\":[{\"@type\":\"WebPage\",\"@id\":\"https:\/\/www.hitech.fi\/hitech\/product\/elite-raakaliuotin-voimakas-esipesuliuotin\/\",\"url\":\"https:\/\/www.hitech.fi\/hitech\/product\/elite-raakaliuotin-voimakas-esipesuliuotin\/\",\"name\":\"ELITE Raakaliuotin voimakas esipesuliuotin | Hitech Chemicals\",\"isPartOf\":{\"@id\":\"https:\/\/www.hitech.fi\/hitech\/#website\"},\"primaryImageOfPage\":{\"@id\":\"https:\/\/www.hitech.fi\/hitech\/product\/elite-raakaliuotin-voimakas-esipesuliuotin\/#primaryimage\"},\"image\":{\"@id\":\"https:\/\/www.hitech.fi\/hitech\/product\/elite-raakaliuotin-voimakas-esipesuliuotin\/#primaryimage\"},\"thumbnailUrl\":\"https:\/\/www.hitech.fi\/hitech\/wp-content\/uploads\/2024\/06\/Elite_raakaluiotin_efect_kannu_.jpg\",\"datePublished\":\"2024-06-04T11:36:06+00:00\",\"dateModified\":\"2024-06-04T11:42:59+00:00\",\"breadcrumb\":{\"@id\":\"https:\/\/www.hitech.fi\/hitech\/product\/elite-raakaliuotin-voimakas-esipesuliuotin\/#breadcrumb\"},\"inLanguage\":\"fi\",\"potentialAction\":[{\"@type\":\"ReadAction\",\"target\":[\"https:\/\/www.hitech.fi\/hitech\/product\/elite-raakaliuotin-voimakas-esipesuliuotin\/\"]}]},{\"@type\":\"ImageObject\",\"inLanguage\":\"fi\",\"@id\":\"https:\/\/www.hitech.fi\/hitech\/product\/elite-raakaliuotin-voimakas-esipesuliuotin\/#primaryimage\",\"url\":\"https:\/\/www.hitech.fi\/hitech\/wp-content\/uploads\/2024\/06\/Elite_raakaluiotin_efect_kannu_.jpg\",\"contentUrl\":\"https:\/\/www.hitech.fi\/hitech\/wp-content\/uploads\/2024\/06\/Elite_raakaluiotin_efect_kannu_.jpg\",\"width\":1024,\"height\":1024},{\"@type\":\"BreadcrumbList\",\"@id\":\"https:\/\/www.hitech.fi\/hitech\/product\/elite-raakaliuotin-voimakas-esipesuliuotin\/#breadcrumb\",\"itemListElement\":[{\"@type\":\"ListItem\",\"position\":1,\"name\":\"Etusivu\",\"item\":\"https:\/\/www.hitech.fi\/hitech\/\"},{\"@type\":\"ListItem\",\"position\":2,\"name\":\"Katalogi\",\"item\":\"https:\/\/www.hitech.fi\/hitech\/katalogi\/\"},{\"@type\":\"ListItem\",\"position\":3,\"name\":\"ELITE Raakaliuotin voimakas esipesuliuotin\"}]},{\"@type\":\"WebSite\",\"@id\":\"https:\/\/www.hitech.fi\/hitech\/#website\",\"url\":\"https:\/\/www.hitech.fi\/hitech\/\",\"name\":\"Hitech Chemicals\",\"description\":\"Puhdistusaineet ja huoltotuotteet\",\"publisher\":{\"@id\":\"https:\/\/www.hitech.fi\/hitech\/#organization\"},\"potentialAction\":[{\"@type\":\"SearchAction\",\"target\":{\"@type\":\"EntryPoint\",\"urlTemplate\":\"https:\/\/www.hitech.fi\/hitech\/?s={search_term_string}\"},\"query-input\":{\"@type\":\"PropertyValueSpecification\",\"valueRequired\":true,\"valueName\":\"search_term_string\"}}],\"inLanguage\":\"fi\"},{\"@type\":\"Organization\",\"@id\":\"https:\/\/www.hitech.fi\/hitech\/#organization\",\"name\":\"Hitech Chemicals\",\"alternateName\":\"Hitech\",\"url\":\"https:\/\/www.hitech.fi\/hitech\/\",\"logo\":{\"@type\":\"ImageObject\",\"inLanguage\":\"fi\",\"@id\":\"https:\/\/www.hitech.fi\/hitech\/#\/schema\/logo\/image\/\",\"url\":\"https:\/\/www.hitech.fi\/hitech\/wp-content\/uploads\/2023\/06\/cropped-hitech_logo_600x600.png\",\"contentUrl\":\"https:\/\/www.hitech.fi\/hitech\/wp-content\/uploads\/2023\/06\/cropped-hitech_logo_600x600.png\",\"width\":512,\"height\":512,\"caption\":\"Hitech Chemicals\"},\"image\":{\"@id\":\"https:\/\/www.hitech.fi\/hitech\/#\/schema\/logo\/image\/\"},\"sameAs\":[\"https:\/\/www.facebook.com\/hitechfinland\"]}]}<\/script>\n<!-- \/ Yoast SEO plugin. -->","yoast_head_json":{"title":"ELITE Raakaliuotin voimakas esipesuliuotin | Hitech Chemicals","robots":{"index":"index","follow":"follow","max-snippet":"max-snippet:-1","max-image-preview":"max-image-preview:large","max-video-preview":"max-video-preview:-1"},"canonical":"https:\/\/www.hitech.fi\/hitech\/product\/elite-raakaliuotin-voimakas-esipesuliuotin\/","og_locale":"fi_FI","og_type":"article","og_title":"ELITE Raakaliuotin voimakas esipesuliuotin | Hitech Chemicals","og_description":"Elite Raakaliuotin on eritt\u00e4in tehokas esipesuaine likaiselle kalustolle. Puhdistaa tehokkaasti rasvaiset osat, pien, polttoaine roiskeet maalinpinnoilta ja vaikean maantielian. Huuhtoutuu helposti tuotteen sis\u00e4lt\u00e4m\u00e4n emulgointiaineen ansiosta.   Ei vahingoita maali- eik\u00e4 lakkapintoja, metalleja, alumiinia eik\u00e4 lasia. Korroosio inhibiittorin ansioista ei my\u00f6sk\u00e4\u00e4n vahingoita kevytmetalleja esimerkiksi moottorin pesussa. Toimii erinomaisesti my\u00f6s kylmiss\u00e4 olosuhteissa. Soveltuu my\u00f6s harjakoneiden harjojen perusteelliseen puhdistukseen sek\u00e4 osien puhdistukseen. J\u00e4\u00e4tymispiste -12 \u00b0C.     Pakkauskoot: 20L, 200L, 1000L IBC","og_url":"https:\/\/www.hitech.fi\/hitech\/product\/elite-raakaliuotin-voimakas-esipesuliuotin\/","og_site_name":"Hitech Chemicals","article_publisher":"https:\/\/www.facebook.com\/hitechfinland","article_modified_time":"2024-06-04T11:42:59+00:00","og_image":[{"width":1024,"height":1024,"url":"https:\/\/www.hitech.fi\/hitech\/wp-content\/uploads\/2024\/06\/Elite_raakaluiotin_efect_kannu_.jpg","type":"image\/jpeg"}],"twitter_card":"summary_large_image","twitter_misc":{"Arvioitu lukuaika":"1 minuutti"},"schema":{"@context":"https:\/\/schema.org","@graph":[{"@type":"WebPage","@id":"https:\/\/www.hitech.fi\/hitech\/product\/elite-raakaliuotin-voimakas-esipesuliuotin\/","url":"https:\/\/www.hitech.fi\/hitech\/product\/elite-raakaliuotin-voimakas-esipesuliuotin\/","name":"ELITE Raakaliuotin voimakas esipesuliuotin | Hitech Chemicals","isPartOf":{"@id":"https:\/\/www.hitech.fi\/hitech\/#website"},"primaryImageOfPage":{"@id":"https:\/\/www.hitech.fi\/hitech\/product\/elite-raakaliuotin-voimakas-esipesuliuotin\/#primaryimage"},"image":{"@id":"https:\/\/www.hitech.fi\/hitech\/product\/elite-raakaliuotin-voimakas-esipesuliuotin\/#primaryimage"},"thumbnailUrl":"https:\/\/www.hitech.fi\/hitech\/wp-content\/uploads\/2024\/06\/Elite_raakaluiotin_efect_kannu_.jpg","datePublished":"2024-06-04T11:36:06+00:00","dateModified":"2024-06-04T11:42:59+00:00","breadcrumb":{"@id":"https:\/\/www.hitech.fi\/hitech\/product\/elite-raakaliuotin-voimakas-esipesuliuotin\/#breadcrumb"},"inLanguage":"fi","potentialAction":[{"@type":"ReadAction","target":["https:\/\/www.hitech.fi\/hitech\/product\/elite-raakaliuotin-voimakas-esipesuliuotin\/"]}]},{"@type":"ImageObject","inLanguage":"fi","@id":"https:\/\/www.hitech.fi\/hitech\/product\/elite-raakaliuotin-voimakas-esipesuliuotin\/#primaryimage","url":"https:\/\/www.hitech.fi\/hitech\/wp-content\/uploads\/2024\/06\/Elite_raakaluiotin_efect_kannu_.jpg","contentUrl":"https:\/\/www.hitech.fi\/hitech\/wp-content\/uploads\/2024\/06\/Elite_raakaluiotin_efect_kannu_.jpg","width":1024,"height":1024},{"@type":"BreadcrumbList","@id":"https:\/\/www.hitech.fi\/hitech\/product\/elite-raakaliuotin-voimakas-esipesuliuotin\/#breadcrumb","itemListElement":[{"@type":"ListItem","position":1,"name":"Etusivu","item":"https:\/\/www.hitech.fi\/hitech\/"},{"@type":"ListItem","position":2,"name":"Katalogi","item":"https:\/\/www.hitech.fi\/hitech\/katalogi\/"},{"@type":"ListItem","position":3,"name":"ELITE Raakaliuotin voimakas esipesuliuotin"}]},{"@type":"WebSite","@id":"https:\/\/www.hitech.fi\/hitech\/#website","url":"https:\/\/www.hitech.fi\/hitech\/","name":"Hitech Chemicals","description":"Puhdistusaineet ja huoltotuotteet","publisher":{"@id":"https:\/\/www.hitech.fi\/hitech\/#organization"},"potentialAction":[{"@type":"SearchAction","target":{"@type":"EntryPoint","urlTemplate":"https:\/\/www.hitech.fi\/hitech\/?s={search_term_string}"},"query-input":{"@type":"PropertyValueSpecification","valueRequired":true,"valueName":"search_term_string"}}],"inLanguage":"fi"},{"@type":"Organization","@id":"https:\/\/www.hitech.fi\/hitech\/#organization","name":"Hitech Chemicals","alternateName":"Hitech","url":"https:\/\/www.hitech.fi\/hitech\/","logo":{"@type":"ImageObject","inLanguage":"fi","@id":"https:\/\/www.hitech.fi\/hitech\/#\/schema\/logo\/image\/","url":"https:\/\/www.hitech.fi\/hitech\/wp-content\/uploads\/2023\/06\/cropped-hitech_logo_600x600.png","contentUrl":"https:\/\/www.hitech.fi\/hitech\/wp-content\/uploads\/2023\/06\/cropped-hitech_logo_600x600.png","width":512,"height":512,"caption":"Hitech Chemicals"},"image":{"@id":"https:\/\/www.hitech.fi\/hitech\/#\/schema\/logo\/image\/"},"sameAs":["https:\/\/www.facebook.com\/hitechfinland"]}]}},"_links":{"self":[{"href":"https:\/\/www.hitech.fi\/hitech\/wp-json\/wp\/v2\/product\/3638","targetHints":{"allow":["GET"]}}],"collection":[{"href":"https:\/\/www.hitech.fi\/hitech\/wp-json\/wp\/v2\/product"}],"about":[{"href":"https:\/\/www.hitech.fi\/hitech\/wp-json\/wp\/v2\/types\/product"}],"replies":[{"embeddable":true,"href":"https:\/\/www.hitech.fi\/hitech\/wp-json\/wp\/v2\/comments?post=3638"}],"wp:featuredmedia":[{"embeddable":true,"href":"https:\/\/www.hitech.fi\/hitech\/wp-json\/wp\/v2\/media\/3636"}],"wp:attachment":[{"href":"https:\/\/www.hitech.fi\/hitech\/wp-json\/wp\/v2\/media?parent=3638"}],"wp:term":[{"taxonomy":"product_brand","embeddable":true,"href":"https:\/\/www.hitech.fi\/hitech\/wp-json\/wp\/v2\/product_brand?post=3638"},{"taxonomy":"product_cat","embeddable":true,"href":"https:\/\/www.hitech.fi\/hitech\/wp-json\/wp\/v2\/product_cat?post=3638"},{"taxonomy":"product_tag","embeddable":true,"href":"https:\/\/www.hitech.fi\/hitech\/wp-json\/wp\/v2\/product_tag?post=3638"}],"curies":[{"name":"wp","href":"https:\/\/api.w.org\/{rel}","templated":true}]}}