{"id":2745,"date":"2024-04-29T17:19:14","date_gmt":"2024-04-29T14:19:14","guid":{"rendered":"https:\/\/www.hitech.fi\/hitech\/?post_type=product&#038;p=2745"},"modified":"2024-05-10T13:26:22","modified_gmt":"2024-05-10T10:26:22","slug":"stardust-dbs-diesel-booster-serum","status":"publish","type":"product","link":"https:\/\/www.hitech.fi\/hitech\/product\/stardust-dbs-diesel-booster-serum\/","title":{"rendered":"Stardust DBS Diesel Booster Serum"},"content":{"rendered":"<p>\u25cf Parantaa polttoaineen laatua, palamista ja nostaa moottorin tehoa<br \/>\n\u25cf Nostaa polttoaineen setaanilukua<br \/>\n\u25cf Puhdistaa ja voitelee polttoainej\u00e4rjestelm\u00e4\u00e4<br \/>\n\u25cf Parantaa ruiskusuuttimien, turbon, EGR-venttiilin ja DPF hiukkassuodattimen toimintaa<br \/>\n\u25cf V\u00e4hent\u00e4\u00e4 polttoaineen kulutusta ja p\u00e4\u00e4st\u00f6j\u00e4<br \/>\n\u25cf Pienent\u00e4\u00e4 huolto- ja korjauskustannuksia<br \/>\n\u25cf Poistaa vett\u00e4 tankista ja polttoainejarjestelm\u00e4st\u00e4, sek\u00e4 est\u00e4\u00e4 bakteerikasvustojen syntymisen<\/p>\n<p><strong>Suositellaan k\u00e4ytett\u00e4v\u00e4ksi kaikissa dieselmoottoreissa ja kaikkien diesel laatujen kanssa:<\/strong><br \/>\n\u25cf Kuorma-autot<br \/>\n\u25cf Ty\u00f6koneet ja traktorit<br \/>\n\u25cf Henkil\u00f6- ja pakettiautot<br \/>\n\u25cf Diesel ja poltto\u00f6ljy l\u00e4mmittimet<\/p>\n<p><strong>K\u00e4ytt\u00f6-ohje:<\/strong><br \/>\n1. Lis\u00e4\u00e4 tankkiin\/s\u00e4ili\u00f6\u00f6n ennen tankkausta.<br \/>\n2. Annostelu:<br \/>\n\u2022 Suositus jatkuvassa k\u00e4yt\u00f6ss\u00e4 1:2000 eli 1 l DBS:\u00e4\u00e4 2000 l polttoainetta (voidaan laimentaa aina 1:4000 asti)<br \/>\n\u2022 Tehok\u00e4sittely ja puhdistus 1:1000 eli 1 l DBS:\u00e4\u00e4 1000 polttoainetta (1-2 tankillisen ajan)<br \/>\n\u2022 Ei suositella k\u00e4ytett\u00e4v\u00e4ksi vahvempana kuin 1:500 seoksena<\/p>\n","protected":false},"excerpt":{"rendered":"<p>DBS Diesel Booster Serum on korkealaatuinen vahva dieselin ja poltto\u00f6ljyn lis\u00e4ainetiiviste, joka parantaa polttoaineen palotapahtumaa, voitelee, puhdistaa ja suojaa moottoria. Turvallinen k\u00e4ytt\u00e4\u00e4 uusissa ja vanhoissa diesel moottoreissa. Suositellaan s\u00e4\u00e4nn\u00f6lliseen k\u00e4ytt\u00f6\u00f6n.<\/p>\n<p><strong>Pakkauskoko:<\/strong><br \/>\n5L kanisteri<\/p>\n[maxbutton id=\"2\" url=\"https:\/\/www.hitech.fi\/hitech\/wp-content\/uploads\/2024\/04\/Stardust_DBS_Final.pdf\" text=\"Lataa tuotekortti\" window=\"new\" ]\n","protected":false},"featured_media":1835,"comment_status":"closed","ping_status":"closed","template":"","meta":[],"product_brand":[],"product_cat":[104,147,134,99,137,139,133],"product_tag":[],"class_list":{"0":"post-2745","1":"product","2":"type-product","3":"status-publish","4":"has-post-thumbnail","6":"product_cat-boosterit","7":"product_cat-huolto-ja-korjaus","8":"product_cat-kalusto-ja-ajoneuvot","9":"product_cat-lisaaineet","10":"product_cat-maatalous","11":"product_cat-metsatalous","12":"product_cat-toimialat","14":"first","15":"instock","16":"featured","17":"shipping-taxable","18":"product-type-simple"},"yoast_head":"<!-- This site is optimized with the Yoast SEO plugin v24.3 - https:\/\/yoast.com\/wordpress\/plugins\/seo\/ -->\n<title>Stardust DBS Diesel Booster Serum | Hitech Chemicals<\/title>\n<meta name=\"robots\" content=\"index, follow, max-snippet:-1, max-image-preview:large, max-video-preview:-1\" \/>\n<link rel=\"canonical\" href=\"https:\/\/www.hitech.fi\/hitech\/product\/stardust-dbs-diesel-booster-serum\/\" \/>\n<meta property=\"og:locale\" content=\"fi_FI\" \/>\n<meta property=\"og:type\" content=\"article\" \/>\n<meta property=\"og:title\" content=\"Stardust DBS Diesel Booster Serum | Hitech Chemicals\" \/>\n<meta property=\"og:description\" content=\"DBS Diesel Booster Serum on korkealaatuinen vahva dieselin ja poltto\u00f6ljyn lis\u00e4ainetiiviste, joka parantaa polttoaineen palotapahtumaa, voitelee, puhdistaa ja suojaa moottoria. Turvallinen k\u00e4ytt\u00e4\u00e4 uusissa ja vanhoissa diesel moottoreissa. Suositellaan s\u00e4\u00e4nn\u00f6lliseen k\u00e4ytt\u00f6\u00f6n.  Pakkauskoko: 5L kanisteri\" \/>\n<meta property=\"og:url\" content=\"https:\/\/www.hitech.fi\/hitech\/product\/stardust-dbs-diesel-booster-serum\/\" \/>\n<meta property=\"og:site_name\" content=\"Hitech Chemicals\" \/>\n<meta property=\"article:publisher\" content=\"https:\/\/www.facebook.com\/hitechfinland\" \/>\n<meta property=\"article:modified_time\" content=\"2024-05-10T10:26:22+00:00\" \/>\n<meta property=\"og:image\" content=\"https:\/\/www.hitech.fi\/hitech\/wp-content\/uploads\/2024\/04\/Stardust_DBS_efect.jpg\" \/>\n\t<meta property=\"og:image:width\" content=\"1024\" \/>\n\t<meta property=\"og:image:height\" content=\"1024\" \/>\n\t<meta property=\"og:image:type\" content=\"image\/jpeg\" \/>\n<meta name=\"twitter:card\" content=\"summary_large_image\" \/>\n<meta name=\"twitter:label1\" content=\"Arvioitu lukuaika\" \/>\n\t<meta name=\"twitter:data1\" content=\"1 minuutti\" \/>\n<script type=\"application\/ld+json\" class=\"yoast-schema-graph\">{\"@context\":\"https:\/\/schema.org\",\"@graph\":[{\"@type\":\"WebPage\",\"@id\":\"https:\/\/www.hitech.fi\/hitech\/product\/stardust-dbs-diesel-booster-serum\/\",\"url\":\"https:\/\/www.hitech.fi\/hitech\/product\/stardust-dbs-diesel-booster-serum\/\",\"name\":\"Stardust DBS Diesel Booster Serum | Hitech Chemicals\",\"isPartOf\":{\"@id\":\"https:\/\/www.hitech.fi\/hitech\/#website\"},\"primaryImageOfPage\":{\"@id\":\"https:\/\/www.hitech.fi\/hitech\/product\/stardust-dbs-diesel-booster-serum\/#primaryimage\"},\"image\":{\"@id\":\"https:\/\/www.hitech.fi\/hitech\/product\/stardust-dbs-diesel-booster-serum\/#primaryimage\"},\"thumbnailUrl\":\"https:\/\/www.hitech.fi\/hitech\/wp-content\/uploads\/2024\/04\/Stardust_DBS_efect.jpg\",\"datePublished\":\"2024-04-29T14:19:14+00:00\",\"dateModified\":\"2024-05-10T10:26:22+00:00\",\"breadcrumb\":{\"@id\":\"https:\/\/www.hitech.fi\/hitech\/product\/stardust-dbs-diesel-booster-serum\/#breadcrumb\"},\"inLanguage\":\"fi\",\"potentialAction\":[{\"@type\":\"ReadAction\",\"target\":[\"https:\/\/www.hitech.fi\/hitech\/product\/stardust-dbs-diesel-booster-serum\/\"]}]},{\"@type\":\"ImageObject\",\"inLanguage\":\"fi\",\"@id\":\"https:\/\/www.hitech.fi\/hitech\/product\/stardust-dbs-diesel-booster-serum\/#primaryimage\",\"url\":\"https:\/\/www.hitech.fi\/hitech\/wp-content\/uploads\/2024\/04\/Stardust_DBS_efect.jpg\",\"contentUrl\":\"https:\/\/www.hitech.fi\/hitech\/wp-content\/uploads\/2024\/04\/Stardust_DBS_efect.jpg\",\"width\":1024,\"height\":1024},{\"@type\":\"BreadcrumbList\",\"@id\":\"https:\/\/www.hitech.fi\/hitech\/product\/stardust-dbs-diesel-booster-serum\/#breadcrumb\",\"itemListElement\":[{\"@type\":\"ListItem\",\"position\":1,\"name\":\"Etusivu\",\"item\":\"https:\/\/www.hitech.fi\/hitech\/\"},{\"@type\":\"ListItem\",\"position\":2,\"name\":\"Katalogi\",\"item\":\"https:\/\/www.hitech.fi\/hitech\/katalogi\/\"},{\"@type\":\"ListItem\",\"position\":3,\"name\":\"Stardust DBS Diesel Booster Serum\"}]},{\"@type\":\"WebSite\",\"@id\":\"https:\/\/www.hitech.fi\/hitech\/#website\",\"url\":\"https:\/\/www.hitech.fi\/hitech\/\",\"name\":\"Hitech Chemicals\",\"description\":\"Puhdistusaineet ja huoltotuotteet\",\"publisher\":{\"@id\":\"https:\/\/www.hitech.fi\/hitech\/#organization\"},\"potentialAction\":[{\"@type\":\"SearchAction\",\"target\":{\"@type\":\"EntryPoint\",\"urlTemplate\":\"https:\/\/www.hitech.fi\/hitech\/?s={search_term_string}\"},\"query-input\":{\"@type\":\"PropertyValueSpecification\",\"valueRequired\":true,\"valueName\":\"search_term_string\"}}],\"inLanguage\":\"fi\"},{\"@type\":\"Organization\",\"@id\":\"https:\/\/www.hitech.fi\/hitech\/#organization\",\"name\":\"Hitech Chemicals\",\"alternateName\":\"Hitech\",\"url\":\"https:\/\/www.hitech.fi\/hitech\/\",\"logo\":{\"@type\":\"ImageObject\",\"inLanguage\":\"fi\",\"@id\":\"https:\/\/www.hitech.fi\/hitech\/#\/schema\/logo\/image\/\",\"url\":\"https:\/\/www.hitech.fi\/hitech\/wp-content\/uploads\/2023\/06\/cropped-hitech_logo_600x600.png\",\"contentUrl\":\"https:\/\/www.hitech.fi\/hitech\/wp-content\/uploads\/2023\/06\/cropped-hitech_logo_600x600.png\",\"width\":512,\"height\":512,\"caption\":\"Hitech Chemicals\"},\"image\":{\"@id\":\"https:\/\/www.hitech.fi\/hitech\/#\/schema\/logo\/image\/\"},\"sameAs\":[\"https:\/\/www.facebook.com\/hitechfinland\"]}]}<\/script>\n<!-- \/ Yoast SEO plugin. -->","yoast_head_json":{"title":"Stardust DBS Diesel Booster Serum | Hitech Chemicals","robots":{"index":"index","follow":"follow","max-snippet":"max-snippet:-1","max-image-preview":"max-image-preview:large","max-video-preview":"max-video-preview:-1"},"canonical":"https:\/\/www.hitech.fi\/hitech\/product\/stardust-dbs-diesel-booster-serum\/","og_locale":"fi_FI","og_type":"article","og_title":"Stardust DBS Diesel Booster Serum | Hitech Chemicals","og_description":"DBS Diesel Booster Serum on korkealaatuinen vahva dieselin ja poltto\u00f6ljyn lis\u00e4ainetiiviste, joka parantaa polttoaineen palotapahtumaa, voitelee, puhdistaa ja suojaa moottoria. Turvallinen k\u00e4ytt\u00e4\u00e4 uusissa ja vanhoissa diesel moottoreissa. Suositellaan s\u00e4\u00e4nn\u00f6lliseen k\u00e4ytt\u00f6\u00f6n.  Pakkauskoko: 5L kanisteri","og_url":"https:\/\/www.hitech.fi\/hitech\/product\/stardust-dbs-diesel-booster-serum\/","og_site_name":"Hitech Chemicals","article_publisher":"https:\/\/www.facebook.com\/hitechfinland","article_modified_time":"2024-05-10T10:26:22+00:00","og_image":[{"width":1024,"height":1024,"url":"https:\/\/www.hitech.fi\/hitech\/wp-content\/uploads\/2024\/04\/Stardust_DBS_efect.jpg","type":"image\/jpeg"}],"twitter_card":"summary_large_image","twitter_misc":{"Arvioitu lukuaika":"1 minuutti"},"schema":{"@context":"https:\/\/schema.org","@graph":[{"@type":"WebPage","@id":"https:\/\/www.hitech.fi\/hitech\/product\/stardust-dbs-diesel-booster-serum\/","url":"https:\/\/www.hitech.fi\/hitech\/product\/stardust-dbs-diesel-booster-serum\/","name":"Stardust DBS Diesel Booster Serum | Hitech Chemicals","isPartOf":{"@id":"https:\/\/www.hitech.fi\/hitech\/#website"},"primaryImageOfPage":{"@id":"https:\/\/www.hitech.fi\/hitech\/product\/stardust-dbs-diesel-booster-serum\/#primaryimage"},"image":{"@id":"https:\/\/www.hitech.fi\/hitech\/product\/stardust-dbs-diesel-booster-serum\/#primaryimage"},"thumbnailUrl":"https:\/\/www.hitech.fi\/hitech\/wp-content\/uploads\/2024\/04\/Stardust_DBS_efect.jpg","datePublished":"2024-04-29T14:19:14+00:00","dateModified":"2024-05-10T10:26:22+00:00","breadcrumb":{"@id":"https:\/\/www.hitech.fi\/hitech\/product\/stardust-dbs-diesel-booster-serum\/#breadcrumb"},"inLanguage":"fi","potentialAction":[{"@type":"ReadAction","target":["https:\/\/www.hitech.fi\/hitech\/product\/stardust-dbs-diesel-booster-serum\/"]}]},{"@type":"ImageObject","inLanguage":"fi","@id":"https:\/\/www.hitech.fi\/hitech\/product\/stardust-dbs-diesel-booster-serum\/#primaryimage","url":"https:\/\/www.hitech.fi\/hitech\/wp-content\/uploads\/2024\/04\/Stardust_DBS_efect.jpg","contentUrl":"https:\/\/www.hitech.fi\/hitech\/wp-content\/uploads\/2024\/04\/Stardust_DBS_efect.jpg","width":1024,"height":1024},{"@type":"BreadcrumbList","@id":"https:\/\/www.hitech.fi\/hitech\/product\/stardust-dbs-diesel-booster-serum\/#breadcrumb","itemListElement":[{"@type":"ListItem","position":1,"name":"Etusivu","item":"https:\/\/www.hitech.fi\/hitech\/"},{"@type":"ListItem","position":2,"name":"Katalogi","item":"https:\/\/www.hitech.fi\/hitech\/katalogi\/"},{"@type":"ListItem","position":3,"name":"Stardust DBS Diesel Booster Serum"}]},{"@type":"WebSite","@id":"https:\/\/www.hitech.fi\/hitech\/#website","url":"https:\/\/www.hitech.fi\/hitech\/","name":"Hitech Chemicals","description":"Puhdistusaineet ja huoltotuotteet","publisher":{"@id":"https:\/\/www.hitech.fi\/hitech\/#organization"},"potentialAction":[{"@type":"SearchAction","target":{"@type":"EntryPoint","urlTemplate":"https:\/\/www.hitech.fi\/hitech\/?s={search_term_string}"},"query-input":{"@type":"PropertyValueSpecification","valueRequired":true,"valueName":"search_term_string"}}],"inLanguage":"fi"},{"@type":"Organization","@id":"https:\/\/www.hitech.fi\/hitech\/#organization","name":"Hitech Chemicals","alternateName":"Hitech","url":"https:\/\/www.hitech.fi\/hitech\/","logo":{"@type":"ImageObject","inLanguage":"fi","@id":"https:\/\/www.hitech.fi\/hitech\/#\/schema\/logo\/image\/","url":"https:\/\/www.hitech.fi\/hitech\/wp-content\/uploads\/2023\/06\/cropped-hitech_logo_600x600.png","contentUrl":"https:\/\/www.hitech.fi\/hitech\/wp-content\/uploads\/2023\/06\/cropped-hitech_logo_600x600.png","width":512,"height":512,"caption":"Hitech Chemicals"},"image":{"@id":"https:\/\/www.hitech.fi\/hitech\/#\/schema\/logo\/image\/"},"sameAs":["https:\/\/www.facebook.com\/hitechfinland"]}]}},"_links":{"self":[{"href":"https:\/\/www.hitech.fi\/hitech\/wp-json\/wp\/v2\/product\/2745","targetHints":{"allow":["GET"]}}],"collection":[{"href":"https:\/\/www.hitech.fi\/hitech\/wp-json\/wp\/v2\/product"}],"about":[{"href":"https:\/\/www.hitech.fi\/hitech\/wp-json\/wp\/v2\/types\/product"}],"replies":[{"embeddable":true,"href":"https:\/\/www.hitech.fi\/hitech\/wp-json\/wp\/v2\/comments?post=2745"}],"wp:featuredmedia":[{"embeddable":true,"href":"https:\/\/www.hitech.fi\/hitech\/wp-json\/wp\/v2\/media\/1835"}],"wp:attachment":[{"href":"https:\/\/www.hitech.fi\/hitech\/wp-json\/wp\/v2\/media?parent=2745"}],"wp:term":[{"taxonomy":"product_brand","embeddable":true,"href":"https:\/\/www.hitech.fi\/hitech\/wp-json\/wp\/v2\/product_brand?post=2745"},{"taxonomy":"product_cat","embeddable":true,"href":"https:\/\/www.hitech.fi\/hitech\/wp-json\/wp\/v2\/product_cat?post=2745"},{"taxonomy":"product_tag","embeddable":true,"href":"https:\/\/www.hitech.fi\/hitech\/wp-json\/wp\/v2\/product_tag?post=2745"}],"curies":[{"name":"wp","href":"https:\/\/api.w.org\/{rel}","templated":true}]}}