{"id":1846,"date":"2024-04-12T11:32:51","date_gmt":"2024-04-12T08:32:51","guid":{"rendered":"https:\/\/www.hitech.fi\/hitech\/?post_type=product&#038;p=1846"},"modified":"2024-05-10T13:34:12","modified_gmt":"2024-05-10T10:34:12","slug":"elite-ice-stop-jaansulatus-ja-jaatymisenestoaine","status":"publish","type":"product","link":"https:\/\/www.hitech.fi\/hitech\/product\/elite-ice-stop-jaansulatus-ja-jaatymisenestoaine\/","title":{"rendered":"Elite Ice-Stop j\u00e4\u00e4nsulatus- ja j\u00e4\u00e4tymisenestoaine"},"content":{"rendered":"<p><strong>K\u00e4ytt\u00f6kohteet: <\/strong><\/p>\n<p>Kuorma-autojenlavat, Katot ja r\u00e4nnit, Viem\u00e4reiden kannet, Sillat, Parkkialueet, Lastausalueet, Portaat, Laivat ja satama-alueet, jne&#8230;<\/p>\n","protected":false},"excerpt":{"rendered":"<p><strong>Eritt\u00e4in tehokas nestem\u00e4inen, biohajoava j\u00e4\u00e4nsulatus- ja j\u00e4\u00e4tymisenestoaine.<\/strong><\/p>\n<p>Eritt\u00e4in tehokas nestem\u00e4inen j\u00e4\u00e4nsulatusaine ja ennaltaehk\u00e4isev\u00e4 j\u00e4\u00e4tymisen estoaine kohteisiin, joissa ei voida k\u00e4ytt\u00e4\u00e4 perinteisi\u00e4 j\u00e4\u00e4nsulatusrakeita.<\/p>\n<p>Tuote on vaaraton luonnolle ja se on biohajoava, eik\u00e4 vahingoita pohjavesi\u00e4. Sulattaa ja ennalta ehk\u00e4isee j\u00e4\u00e4tymisen, sek\u00e4 hylkii likaa. Turvallinen k\u00e4ytt\u00e4\u00e4 kaikilla pinnoilla, ei ruostuta metallia eik\u00e4 sy\u00f6vyt\u00e4 betonia. Suunniteltu Pohjoismaisiin olosuhteisiin ja toimii kaikissa pakkas l\u00e4mp\u00f6tiloissa.<\/p>\n<p><strong>Pakkauskoot: <\/strong><br \/>\n20L, 200L, 1000L IBC<\/p>\n","protected":false},"featured_media":1847,"comment_status":"closed","ping_status":"closed","template":"","meta":[],"product_brand":[],"product_cat":[97,127,134,138,137,139,135,133],"product_tag":[],"class_list":{"0":"post-1846","1":"product","2":"type-product","3":"status-publish","4":"has-post-thumbnail","6":"product_cat-huoltokemikaalit","7":"product_cat-jaansulatus-ja-ehkaisy","8":"product_cat-kalusto-ja-ajoneuvot","9":"product_cat-kiinteistohuolto","10":"product_cat-maatalous","11":"product_cat-metsatalous","12":"product_cat-teollisuus","13":"product_cat-toimialat","15":"first","16":"instock","17":"shipping-taxable","18":"product-type-simple"},"yoast_head":"<!-- This site is optimized with the Yoast SEO plugin v24.3 - https:\/\/yoast.com\/wordpress\/plugins\/seo\/ -->\n<title>Elite Ice-Stop j\u00e4\u00e4nsulatus- ja j\u00e4\u00e4tymisenestoaine | Hitech Chemicals<\/title>\n<meta name=\"robots\" content=\"index, follow, max-snippet:-1, max-image-preview:large, max-video-preview:-1\" \/>\n<link rel=\"canonical\" href=\"https:\/\/www.hitech.fi\/hitech\/product\/elite-ice-stop-jaansulatus-ja-jaatymisenestoaine\/\" \/>\n<meta property=\"og:locale\" content=\"fi_FI\" \/>\n<meta property=\"og:type\" content=\"article\" \/>\n<meta property=\"og:title\" content=\"Elite Ice-Stop j\u00e4\u00e4nsulatus- ja j\u00e4\u00e4tymisenestoaine | Hitech Chemicals\" \/>\n<meta property=\"og:description\" content=\"Eritt\u00e4in tehokas nestem\u00e4inen, biohajoava j\u00e4\u00e4nsulatus- ja j\u00e4\u00e4tymisenestoaine.  Eritt\u00e4in tehokas nestem\u00e4inen j\u00e4\u00e4nsulatusaine ja ennaltaehk\u00e4isev\u00e4 j\u00e4\u00e4tymisen estoaine kohteisiin, joissa ei voida k\u00e4ytt\u00e4\u00e4 perinteisi\u00e4 j\u00e4\u00e4nsulatusrakeita.  Tuote on vaaraton luonnolle ja se on biohajoava, eik\u00e4 vahingoita pohjavesi\u00e4. Sulattaa ja ennalta ehk\u00e4isee j\u00e4\u00e4tymisen, sek\u00e4 hylkii likaa. Turvallinen k\u00e4ytt\u00e4\u00e4 kaikilla pinnoilla, ei ruostuta metallia eik\u00e4 sy\u00f6vyt\u00e4 betonia. Suunniteltu Pohjoismaisiin olosuhteisiin ja toimii kaikissa pakkas l\u00e4mp\u00f6tiloissa.  Pakkauskoot:  20L, 200L, 1000L IBC\" \/>\n<meta property=\"og:url\" content=\"https:\/\/www.hitech.fi\/hitech\/product\/elite-ice-stop-jaansulatus-ja-jaatymisenestoaine\/\" \/>\n<meta property=\"og:site_name\" content=\"Hitech Chemicals\" \/>\n<meta property=\"article:publisher\" content=\"https:\/\/www.facebook.com\/hitechfinland\" \/>\n<meta property=\"article:modified_time\" content=\"2024-05-10T10:34:12+00:00\" \/>\n<meta property=\"og:image\" content=\"https:\/\/www.hitech.fi\/hitech\/wp-content\/uploads\/2024\/04\/Elite_Ice_Stop_kannu_efect-copy.jpg\" \/>\n\t<meta property=\"og:image:width\" content=\"1024\" \/>\n\t<meta property=\"og:image:height\" content=\"1024\" \/>\n\t<meta property=\"og:image:type\" content=\"image\/jpeg\" \/>\n<meta name=\"twitter:card\" content=\"summary_large_image\" \/>\n<meta name=\"twitter:label1\" content=\"Arvioitu lukuaika\" \/>\n\t<meta name=\"twitter:data1\" content=\"1 minuutti\" \/>\n<script type=\"application\/ld+json\" class=\"yoast-schema-graph\">{\"@context\":\"https:\/\/schema.org\",\"@graph\":[{\"@type\":\"WebPage\",\"@id\":\"https:\/\/www.hitech.fi\/hitech\/product\/elite-ice-stop-jaansulatus-ja-jaatymisenestoaine\/\",\"url\":\"https:\/\/www.hitech.fi\/hitech\/product\/elite-ice-stop-jaansulatus-ja-jaatymisenestoaine\/\",\"name\":\"Elite Ice-Stop j\u00e4\u00e4nsulatus- ja j\u00e4\u00e4tymisenestoaine | Hitech Chemicals\",\"isPartOf\":{\"@id\":\"https:\/\/www.hitech.fi\/hitech\/#website\"},\"primaryImageOfPage\":{\"@id\":\"https:\/\/www.hitech.fi\/hitech\/product\/elite-ice-stop-jaansulatus-ja-jaatymisenestoaine\/#primaryimage\"},\"image\":{\"@id\":\"https:\/\/www.hitech.fi\/hitech\/product\/elite-ice-stop-jaansulatus-ja-jaatymisenestoaine\/#primaryimage\"},\"thumbnailUrl\":\"https:\/\/www.hitech.fi\/hitech\/wp-content\/uploads\/2024\/04\/Elite_Ice_Stop_kannu_efect-copy.jpg\",\"datePublished\":\"2024-04-12T08:32:51+00:00\",\"dateModified\":\"2024-05-10T10:34:12+00:00\",\"breadcrumb\":{\"@id\":\"https:\/\/www.hitech.fi\/hitech\/product\/elite-ice-stop-jaansulatus-ja-jaatymisenestoaine\/#breadcrumb\"},\"inLanguage\":\"fi\",\"potentialAction\":[{\"@type\":\"ReadAction\",\"target\":[\"https:\/\/www.hitech.fi\/hitech\/product\/elite-ice-stop-jaansulatus-ja-jaatymisenestoaine\/\"]}]},{\"@type\":\"ImageObject\",\"inLanguage\":\"fi\",\"@id\":\"https:\/\/www.hitech.fi\/hitech\/product\/elite-ice-stop-jaansulatus-ja-jaatymisenestoaine\/#primaryimage\",\"url\":\"https:\/\/www.hitech.fi\/hitech\/wp-content\/uploads\/2024\/04\/Elite_Ice_Stop_kannu_efect-copy.jpg\",\"contentUrl\":\"https:\/\/www.hitech.fi\/hitech\/wp-content\/uploads\/2024\/04\/Elite_Ice_Stop_kannu_efect-copy.jpg\",\"width\":1024,\"height\":1024},{\"@type\":\"BreadcrumbList\",\"@id\":\"https:\/\/www.hitech.fi\/hitech\/product\/elite-ice-stop-jaansulatus-ja-jaatymisenestoaine\/#breadcrumb\",\"itemListElement\":[{\"@type\":\"ListItem\",\"position\":1,\"name\":\"Etusivu\",\"item\":\"https:\/\/www.hitech.fi\/hitech\/\"},{\"@type\":\"ListItem\",\"position\":2,\"name\":\"Katalogi\",\"item\":\"https:\/\/www.hitech.fi\/hitech\/katalogi\/\"},{\"@type\":\"ListItem\",\"position\":3,\"name\":\"Elite Ice-Stop j\u00e4\u00e4nsulatus- ja j\u00e4\u00e4tymisenestoaine\"}]},{\"@type\":\"WebSite\",\"@id\":\"https:\/\/www.hitech.fi\/hitech\/#website\",\"url\":\"https:\/\/www.hitech.fi\/hitech\/\",\"name\":\"Hitech Chemicals\",\"description\":\"Puhdistusaineet ja huoltotuotteet\",\"publisher\":{\"@id\":\"https:\/\/www.hitech.fi\/hitech\/#organization\"},\"potentialAction\":[{\"@type\":\"SearchAction\",\"target\":{\"@type\":\"EntryPoint\",\"urlTemplate\":\"https:\/\/www.hitech.fi\/hitech\/?s={search_term_string}\"},\"query-input\":{\"@type\":\"PropertyValueSpecification\",\"valueRequired\":true,\"valueName\":\"search_term_string\"}}],\"inLanguage\":\"fi\"},{\"@type\":\"Organization\",\"@id\":\"https:\/\/www.hitech.fi\/hitech\/#organization\",\"name\":\"Hitech Chemicals\",\"alternateName\":\"Hitech\",\"url\":\"https:\/\/www.hitech.fi\/hitech\/\",\"logo\":{\"@type\":\"ImageObject\",\"inLanguage\":\"fi\",\"@id\":\"https:\/\/www.hitech.fi\/hitech\/#\/schema\/logo\/image\/\",\"url\":\"https:\/\/www.hitech.fi\/hitech\/wp-content\/uploads\/2023\/06\/cropped-hitech_logo_600x600.png\",\"contentUrl\":\"https:\/\/www.hitech.fi\/hitech\/wp-content\/uploads\/2023\/06\/cropped-hitech_logo_600x600.png\",\"width\":512,\"height\":512,\"caption\":\"Hitech Chemicals\"},\"image\":{\"@id\":\"https:\/\/www.hitech.fi\/hitech\/#\/schema\/logo\/image\/\"},\"sameAs\":[\"https:\/\/www.facebook.com\/hitechfinland\"]}]}<\/script>\n<!-- \/ Yoast SEO plugin. -->","yoast_head_json":{"title":"Elite Ice-Stop j\u00e4\u00e4nsulatus- ja j\u00e4\u00e4tymisenestoaine | Hitech Chemicals","robots":{"index":"index","follow":"follow","max-snippet":"max-snippet:-1","max-image-preview":"max-image-preview:large","max-video-preview":"max-video-preview:-1"},"canonical":"https:\/\/www.hitech.fi\/hitech\/product\/elite-ice-stop-jaansulatus-ja-jaatymisenestoaine\/","og_locale":"fi_FI","og_type":"article","og_title":"Elite Ice-Stop j\u00e4\u00e4nsulatus- ja j\u00e4\u00e4tymisenestoaine | Hitech Chemicals","og_description":"Eritt\u00e4in tehokas nestem\u00e4inen, biohajoava j\u00e4\u00e4nsulatus- ja j\u00e4\u00e4tymisenestoaine.  Eritt\u00e4in tehokas nestem\u00e4inen j\u00e4\u00e4nsulatusaine ja ennaltaehk\u00e4isev\u00e4 j\u00e4\u00e4tymisen estoaine kohteisiin, joissa ei voida k\u00e4ytt\u00e4\u00e4 perinteisi\u00e4 j\u00e4\u00e4nsulatusrakeita.  Tuote on vaaraton luonnolle ja se on biohajoava, eik\u00e4 vahingoita pohjavesi\u00e4. Sulattaa ja ennalta ehk\u00e4isee j\u00e4\u00e4tymisen, sek\u00e4 hylkii likaa. Turvallinen k\u00e4ytt\u00e4\u00e4 kaikilla pinnoilla, ei ruostuta metallia eik\u00e4 sy\u00f6vyt\u00e4 betonia. Suunniteltu Pohjoismaisiin olosuhteisiin ja toimii kaikissa pakkas l\u00e4mp\u00f6tiloissa.  Pakkauskoot:  20L, 200L, 1000L IBC","og_url":"https:\/\/www.hitech.fi\/hitech\/product\/elite-ice-stop-jaansulatus-ja-jaatymisenestoaine\/","og_site_name":"Hitech Chemicals","article_publisher":"https:\/\/www.facebook.com\/hitechfinland","article_modified_time":"2024-05-10T10:34:12+00:00","og_image":[{"width":1024,"height":1024,"url":"https:\/\/www.hitech.fi\/hitech\/wp-content\/uploads\/2024\/04\/Elite_Ice_Stop_kannu_efect-copy.jpg","type":"image\/jpeg"}],"twitter_card":"summary_large_image","twitter_misc":{"Arvioitu lukuaika":"1 minuutti"},"schema":{"@context":"https:\/\/schema.org","@graph":[{"@type":"WebPage","@id":"https:\/\/www.hitech.fi\/hitech\/product\/elite-ice-stop-jaansulatus-ja-jaatymisenestoaine\/","url":"https:\/\/www.hitech.fi\/hitech\/product\/elite-ice-stop-jaansulatus-ja-jaatymisenestoaine\/","name":"Elite Ice-Stop j\u00e4\u00e4nsulatus- ja j\u00e4\u00e4tymisenestoaine | Hitech Chemicals","isPartOf":{"@id":"https:\/\/www.hitech.fi\/hitech\/#website"},"primaryImageOfPage":{"@id":"https:\/\/www.hitech.fi\/hitech\/product\/elite-ice-stop-jaansulatus-ja-jaatymisenestoaine\/#primaryimage"},"image":{"@id":"https:\/\/www.hitech.fi\/hitech\/product\/elite-ice-stop-jaansulatus-ja-jaatymisenestoaine\/#primaryimage"},"thumbnailUrl":"https:\/\/www.hitech.fi\/hitech\/wp-content\/uploads\/2024\/04\/Elite_Ice_Stop_kannu_efect-copy.jpg","datePublished":"2024-04-12T08:32:51+00:00","dateModified":"2024-05-10T10:34:12+00:00","breadcrumb":{"@id":"https:\/\/www.hitech.fi\/hitech\/product\/elite-ice-stop-jaansulatus-ja-jaatymisenestoaine\/#breadcrumb"},"inLanguage":"fi","potentialAction":[{"@type":"ReadAction","target":["https:\/\/www.hitech.fi\/hitech\/product\/elite-ice-stop-jaansulatus-ja-jaatymisenestoaine\/"]}]},{"@type":"ImageObject","inLanguage":"fi","@id":"https:\/\/www.hitech.fi\/hitech\/product\/elite-ice-stop-jaansulatus-ja-jaatymisenestoaine\/#primaryimage","url":"https:\/\/www.hitech.fi\/hitech\/wp-content\/uploads\/2024\/04\/Elite_Ice_Stop_kannu_efect-copy.jpg","contentUrl":"https:\/\/www.hitech.fi\/hitech\/wp-content\/uploads\/2024\/04\/Elite_Ice_Stop_kannu_efect-copy.jpg","width":1024,"height":1024},{"@type":"BreadcrumbList","@id":"https:\/\/www.hitech.fi\/hitech\/product\/elite-ice-stop-jaansulatus-ja-jaatymisenestoaine\/#breadcrumb","itemListElement":[{"@type":"ListItem","position":1,"name":"Etusivu","item":"https:\/\/www.hitech.fi\/hitech\/"},{"@type":"ListItem","position":2,"name":"Katalogi","item":"https:\/\/www.hitech.fi\/hitech\/katalogi\/"},{"@type":"ListItem","position":3,"name":"Elite Ice-Stop j\u00e4\u00e4nsulatus- ja j\u00e4\u00e4tymisenestoaine"}]},{"@type":"WebSite","@id":"https:\/\/www.hitech.fi\/hitech\/#website","url":"https:\/\/www.hitech.fi\/hitech\/","name":"Hitech Chemicals","description":"Puhdistusaineet ja huoltotuotteet","publisher":{"@id":"https:\/\/www.hitech.fi\/hitech\/#organization"},"potentialAction":[{"@type":"SearchAction","target":{"@type":"EntryPoint","urlTemplate":"https:\/\/www.hitech.fi\/hitech\/?s={search_term_string}"},"query-input":{"@type":"PropertyValueSpecification","valueRequired":true,"valueName":"search_term_string"}}],"inLanguage":"fi"},{"@type":"Organization","@id":"https:\/\/www.hitech.fi\/hitech\/#organization","name":"Hitech Chemicals","alternateName":"Hitech","url":"https:\/\/www.hitech.fi\/hitech\/","logo":{"@type":"ImageObject","inLanguage":"fi","@id":"https:\/\/www.hitech.fi\/hitech\/#\/schema\/logo\/image\/","url":"https:\/\/www.hitech.fi\/hitech\/wp-content\/uploads\/2023\/06\/cropped-hitech_logo_600x600.png","contentUrl":"https:\/\/www.hitech.fi\/hitech\/wp-content\/uploads\/2023\/06\/cropped-hitech_logo_600x600.png","width":512,"height":512,"caption":"Hitech Chemicals"},"image":{"@id":"https:\/\/www.hitech.fi\/hitech\/#\/schema\/logo\/image\/"},"sameAs":["https:\/\/www.facebook.com\/hitechfinland"]}]}},"_links":{"self":[{"href":"https:\/\/www.hitech.fi\/hitech\/wp-json\/wp\/v2\/product\/1846","targetHints":{"allow":["GET"]}}],"collection":[{"href":"https:\/\/www.hitech.fi\/hitech\/wp-json\/wp\/v2\/product"}],"about":[{"href":"https:\/\/www.hitech.fi\/hitech\/wp-json\/wp\/v2\/types\/product"}],"replies":[{"embeddable":true,"href":"https:\/\/www.hitech.fi\/hitech\/wp-json\/wp\/v2\/comments?post=1846"}],"wp:featuredmedia":[{"embeddable":true,"href":"https:\/\/www.hitech.fi\/hitech\/wp-json\/wp\/v2\/media\/1847"}],"wp:attachment":[{"href":"https:\/\/www.hitech.fi\/hitech\/wp-json\/wp\/v2\/media?parent=1846"}],"wp:term":[{"taxonomy":"product_brand","embeddable":true,"href":"https:\/\/www.hitech.fi\/hitech\/wp-json\/wp\/v2\/product_brand?post=1846"},{"taxonomy":"product_cat","embeddable":true,"href":"https:\/\/www.hitech.fi\/hitech\/wp-json\/wp\/v2\/product_cat?post=1846"},{"taxonomy":"product_tag","embeddable":true,"href":"https:\/\/www.hitech.fi\/hitech\/wp-json\/wp\/v2\/product_tag?post=1846"}],"curies":[{"name":"wp","href":"https:\/\/api.w.org\/{rel}","templated":true}]}}