{"id":1692,"date":"2024-02-28T14:05:43","date_gmt":"2024-02-28T12:05:43","guid":{"rendered":"https:\/\/www.hitech.fi\/hitech\/?post_type=product&#038;p=1692"},"modified":"2024-05-10T14:46:00","modified_gmt":"2024-05-10T11:46:00","slug":"teho-multi-pro-6-liuotinpohjainen-voiteluaine","status":"publish","type":"product","link":"https:\/\/www.hitech.fi\/hitech\/product\/teho-multi-pro-6-liuotinpohjainen-voiteluaine\/","title":{"rendered":"TEHO Multi Pro 6 Liuotinpohjainen voiteluaine"},"content":{"rendered":"<p><strong>TEHO Multi Pro on eritt\u00e4in tehokas liuotinpohjainen tunkeutuva voiteluaine, joka voitelee ja poistaa kosteuden.<\/strong> Tunkeutuu nopeasti ja auttaa avaamaan sy\u00f6pyneet, ruostuneet ja kiinni juuttuneet osat, kuten mutterit ja pultit, putkiliitokset, venttiilit, lukot jne. Syrj\u00e4ytt\u00e4\u00e4 kosteuden s\u00e4hk\u00f6laitteissa ja on s\u00e4hk\u00f6\u00e4 johtamaton. Suojaa tehokkaasti korroosiolta ja voidaan k\u00e4ytt\u00e4\u00e4 my\u00f6s suoja\u00f6ljyn\u00e4 metallipinnoilla. Ei sis\u00e4ll\u00e4 silikonia.<\/p>\n<p>Suositellaan k\u00e4ytett\u00e4v\u00e4ksi korjaamoissa, teollisuudessa, kiinteist\u00f6huollossa ja kaikkialla, miss\u00e4 tarvitaan tehokasta kiinnijuuttuneiden osien avaajaa, voiteluainetta ja suoja\u00f6ljy\u00e4. Erinomainen tuote s\u00e4hk\u00f6pistokkeiden kosteuden ja hapettumien poistoon.<\/p>\n<p><strong>HUOM. AMMATTIK\u00c4YTT\u00d6\u00d6N!<\/strong><\/p>\n<p><strong>K\u00c4YTT\u00d6OHJE:<\/strong><\/p>\n<p>1. Ravista purkkia<br \/>\n2. Ruiskutetaan runsaasti kohteeseen.<br \/>\n3. Anna vaikuttaa<br \/>\n4. Jumiutuneita osia voidaan kevyesti naputtaa esim. vasaralla.<br \/>\n5. Releiss\u00e4, tulpan johdoissa ja virranjakajissa syrj\u00e4ytt\u00e4\u00e4 tehokkaasti kosteuden.<br \/>\n6. Suojaa kierteiden juuttumista my\u00f6s ennaltaehk\u00e4isev\u00e4sti.<br \/>\nTuotenumero: 5006<\/p>\n<p>Tuote on pakattu aerosolipulloon, jonka nettotilavuus on 600ml. Myyntier\u00e4 on yksi (1) laatikko, joka sis\u00e4lt\u00e4\u00e4 12 pulloa. Ammattik\u00e4ytt\u00f6\u00f6n.<\/p>\n","protected":false},"excerpt":{"rendered":"<p><strong>Eritt\u00e4in tehokas liuotinpohjainen voiteluaine:<\/strong><\/p>\n<p><strong>1.<\/strong> Tunkeutuu<br \/>\n<strong>2.<\/strong> Voitelee<br \/>\n<strong>3.<\/strong> Avaa sy\u00f6pyneet, ruostuneet ja kiinnijuuttuneet osat<br \/>\n<strong>4.<\/strong> Syrj\u00e4ytt\u00e4\u00e4 kosteuden s\u00e4hk\u00f6laitteista<br \/>\n<strong>5.<\/strong> S\u00e4hk\u00f6\u00e4 johtamaton<br \/>\n<strong>6.<\/strong> Suojaa korroosiolta<\/p>\n[maxbutton id=\"2\" url=\"https:\/\/www.hitech.fi\/hitech\/wp-content\/uploads\/2024\/02\/TEHO_Multi_Pro6.pdf\" text=\"Lataa tuotekortti\" window=\"new\" ]\n","protected":false},"featured_media":1693,"comment_status":"closed","ping_status":"closed","template":"","meta":[],"product_brand":[],"product_cat":[110,95,147,134,138,137,139,135,133,111,98],"product_tag":[],"class_list":{"0":"post-1692","1":"product","2":"type-product","3":"status-publish","4":"has-post-thumbnail","6":"product_cat-aerosolit","7":"product_cat-aerosolit-ja-sprayt","8":"product_cat-huolto-ja-korjaus","9":"product_cat-kalusto-ja-ajoneuvot","10":"product_cat-kiinteistohuolto","11":"product_cat-maatalous","12":"product_cat-metsatalous","13":"product_cat-teollisuus","14":"product_cat-toimialat","15":"product_cat-voitelu","16":"product_cat-voiteluaineet","18":"first","19":"instock","20":"shipping-taxable","21":"product-type-simple"},"yoast_head":"<!-- This site is optimized with the Yoast SEO plugin v24.3 - https:\/\/yoast.com\/wordpress\/plugins\/seo\/ -->\n<title>TEHO Multi Pro 6 Liuotinpohjainen voiteluaine | Hitech Chemicals<\/title>\n<meta name=\"robots\" content=\"index, follow, max-snippet:-1, max-image-preview:large, max-video-preview:-1\" \/>\n<link rel=\"canonical\" href=\"https:\/\/www.hitech.fi\/hitech\/product\/teho-multi-pro-6-liuotinpohjainen-voiteluaine\/\" \/>\n<meta property=\"og:locale\" content=\"fi_FI\" \/>\n<meta property=\"og:type\" content=\"article\" \/>\n<meta property=\"og:title\" content=\"TEHO Multi Pro 6 Liuotinpohjainen voiteluaine | Hitech Chemicals\" \/>\n<meta property=\"og:description\" content=\"Eritt\u00e4in tehokas liuotinpohjainen voiteluaine:  1. Tunkeutuu 2. Voitelee  3. Avaa sy\u00f6pyneet, ruostuneet ja kiinnijuuttuneet osat 4. Syrj\u00e4ytt\u00e4\u00e4 kosteuden s\u00e4hk\u00f6laitteista 5. S\u00e4hk\u00f6\u00e4 johtamaton 6. Suojaa korroosiolta\" \/>\n<meta property=\"og:url\" content=\"https:\/\/www.hitech.fi\/hitech\/product\/teho-multi-pro-6-liuotinpohjainen-voiteluaine\/\" \/>\n<meta property=\"og:site_name\" content=\"Hitech Chemicals\" \/>\n<meta property=\"article:publisher\" content=\"https:\/\/www.facebook.com\/hitechfinland\" \/>\n<meta property=\"article:modified_time\" content=\"2024-05-10T11:46:00+00:00\" \/>\n<meta property=\"og:image\" content=\"https:\/\/www.hitech.fi\/hitech\/wp-content\/uploads\/2024\/02\/Hires_TEHO_Multi_Pro_6.jpg\" \/>\n\t<meta property=\"og:image:width\" content=\"1024\" \/>\n\t<meta property=\"og:image:height\" content=\"1024\" \/>\n\t<meta property=\"og:image:type\" content=\"image\/jpeg\" \/>\n<meta name=\"twitter:card\" content=\"summary_large_image\" \/>\n<meta name=\"twitter:label1\" content=\"Arvioitu lukuaika\" \/>\n\t<meta name=\"twitter:data1\" content=\"2 minuuttia\" \/>\n<script type=\"application\/ld+json\" class=\"yoast-schema-graph\">{\"@context\":\"https:\/\/schema.org\",\"@graph\":[{\"@type\":\"WebPage\",\"@id\":\"https:\/\/www.hitech.fi\/hitech\/product\/teho-multi-pro-6-liuotinpohjainen-voiteluaine\/\",\"url\":\"https:\/\/www.hitech.fi\/hitech\/product\/teho-multi-pro-6-liuotinpohjainen-voiteluaine\/\",\"name\":\"TEHO Multi Pro 6 Liuotinpohjainen voiteluaine | Hitech Chemicals\",\"isPartOf\":{\"@id\":\"https:\/\/www.hitech.fi\/hitech\/#website\"},\"primaryImageOfPage\":{\"@id\":\"https:\/\/www.hitech.fi\/hitech\/product\/teho-multi-pro-6-liuotinpohjainen-voiteluaine\/#primaryimage\"},\"image\":{\"@id\":\"https:\/\/www.hitech.fi\/hitech\/product\/teho-multi-pro-6-liuotinpohjainen-voiteluaine\/#primaryimage\"},\"thumbnailUrl\":\"https:\/\/www.hitech.fi\/hitech\/wp-content\/uploads\/2024\/02\/Hires_TEHO_Multi_Pro_6.jpg\",\"datePublished\":\"2024-02-28T12:05:43+00:00\",\"dateModified\":\"2024-05-10T11:46:00+00:00\",\"breadcrumb\":{\"@id\":\"https:\/\/www.hitech.fi\/hitech\/product\/teho-multi-pro-6-liuotinpohjainen-voiteluaine\/#breadcrumb\"},\"inLanguage\":\"fi\",\"potentialAction\":[{\"@type\":\"ReadAction\",\"target\":[\"https:\/\/www.hitech.fi\/hitech\/product\/teho-multi-pro-6-liuotinpohjainen-voiteluaine\/\"]}]},{\"@type\":\"ImageObject\",\"inLanguage\":\"fi\",\"@id\":\"https:\/\/www.hitech.fi\/hitech\/product\/teho-multi-pro-6-liuotinpohjainen-voiteluaine\/#primaryimage\",\"url\":\"https:\/\/www.hitech.fi\/hitech\/wp-content\/uploads\/2024\/02\/Hires_TEHO_Multi_Pro_6.jpg\",\"contentUrl\":\"https:\/\/www.hitech.fi\/hitech\/wp-content\/uploads\/2024\/02\/Hires_TEHO_Multi_Pro_6.jpg\",\"width\":1024,\"height\":1024},{\"@type\":\"BreadcrumbList\",\"@id\":\"https:\/\/www.hitech.fi\/hitech\/product\/teho-multi-pro-6-liuotinpohjainen-voiteluaine\/#breadcrumb\",\"itemListElement\":[{\"@type\":\"ListItem\",\"position\":1,\"name\":\"Etusivu\",\"item\":\"https:\/\/www.hitech.fi\/hitech\/\"},{\"@type\":\"ListItem\",\"position\":2,\"name\":\"Katalogi\",\"item\":\"https:\/\/www.hitech.fi\/hitech\/katalogi\/\"},{\"@type\":\"ListItem\",\"position\":3,\"name\":\"TEHO Multi Pro 6 Liuotinpohjainen voiteluaine\"}]},{\"@type\":\"WebSite\",\"@id\":\"https:\/\/www.hitech.fi\/hitech\/#website\",\"url\":\"https:\/\/www.hitech.fi\/hitech\/\",\"name\":\"Hitech Chemicals\",\"description\":\"Puhdistusaineet ja huoltotuotteet\",\"publisher\":{\"@id\":\"https:\/\/www.hitech.fi\/hitech\/#organization\"},\"potentialAction\":[{\"@type\":\"SearchAction\",\"target\":{\"@type\":\"EntryPoint\",\"urlTemplate\":\"https:\/\/www.hitech.fi\/hitech\/?s={search_term_string}\"},\"query-input\":{\"@type\":\"PropertyValueSpecification\",\"valueRequired\":true,\"valueName\":\"search_term_string\"}}],\"inLanguage\":\"fi\"},{\"@type\":\"Organization\",\"@id\":\"https:\/\/www.hitech.fi\/hitech\/#organization\",\"name\":\"Hitech Chemicals\",\"alternateName\":\"Hitech\",\"url\":\"https:\/\/www.hitech.fi\/hitech\/\",\"logo\":{\"@type\":\"ImageObject\",\"inLanguage\":\"fi\",\"@id\":\"https:\/\/www.hitech.fi\/hitech\/#\/schema\/logo\/image\/\",\"url\":\"https:\/\/www.hitech.fi\/hitech\/wp-content\/uploads\/2023\/06\/cropped-hitech_logo_600x600.png\",\"contentUrl\":\"https:\/\/www.hitech.fi\/hitech\/wp-content\/uploads\/2023\/06\/cropped-hitech_logo_600x600.png\",\"width\":512,\"height\":512,\"caption\":\"Hitech Chemicals\"},\"image\":{\"@id\":\"https:\/\/www.hitech.fi\/hitech\/#\/schema\/logo\/image\/\"},\"sameAs\":[\"https:\/\/www.facebook.com\/hitechfinland\"]}]}<\/script>\n<!-- \/ Yoast SEO plugin. -->","yoast_head_json":{"title":"TEHO Multi Pro 6 Liuotinpohjainen voiteluaine | Hitech Chemicals","robots":{"index":"index","follow":"follow","max-snippet":"max-snippet:-1","max-image-preview":"max-image-preview:large","max-video-preview":"max-video-preview:-1"},"canonical":"https:\/\/www.hitech.fi\/hitech\/product\/teho-multi-pro-6-liuotinpohjainen-voiteluaine\/","og_locale":"fi_FI","og_type":"article","og_title":"TEHO Multi Pro 6 Liuotinpohjainen voiteluaine | Hitech Chemicals","og_description":"Eritt\u00e4in tehokas liuotinpohjainen voiteluaine:  1. Tunkeutuu 2. Voitelee  3. Avaa sy\u00f6pyneet, ruostuneet ja kiinnijuuttuneet osat 4. Syrj\u00e4ytt\u00e4\u00e4 kosteuden s\u00e4hk\u00f6laitteista 5. S\u00e4hk\u00f6\u00e4 johtamaton 6. Suojaa korroosiolta","og_url":"https:\/\/www.hitech.fi\/hitech\/product\/teho-multi-pro-6-liuotinpohjainen-voiteluaine\/","og_site_name":"Hitech Chemicals","article_publisher":"https:\/\/www.facebook.com\/hitechfinland","article_modified_time":"2024-05-10T11:46:00+00:00","og_image":[{"width":1024,"height":1024,"url":"https:\/\/www.hitech.fi\/hitech\/wp-content\/uploads\/2024\/02\/Hires_TEHO_Multi_Pro_6.jpg","type":"image\/jpeg"}],"twitter_card":"summary_large_image","twitter_misc":{"Arvioitu lukuaika":"2 minuuttia"},"schema":{"@context":"https:\/\/schema.org","@graph":[{"@type":"WebPage","@id":"https:\/\/www.hitech.fi\/hitech\/product\/teho-multi-pro-6-liuotinpohjainen-voiteluaine\/","url":"https:\/\/www.hitech.fi\/hitech\/product\/teho-multi-pro-6-liuotinpohjainen-voiteluaine\/","name":"TEHO Multi Pro 6 Liuotinpohjainen voiteluaine | Hitech Chemicals","isPartOf":{"@id":"https:\/\/www.hitech.fi\/hitech\/#website"},"primaryImageOfPage":{"@id":"https:\/\/www.hitech.fi\/hitech\/product\/teho-multi-pro-6-liuotinpohjainen-voiteluaine\/#primaryimage"},"image":{"@id":"https:\/\/www.hitech.fi\/hitech\/product\/teho-multi-pro-6-liuotinpohjainen-voiteluaine\/#primaryimage"},"thumbnailUrl":"https:\/\/www.hitech.fi\/hitech\/wp-content\/uploads\/2024\/02\/Hires_TEHO_Multi_Pro_6.jpg","datePublished":"2024-02-28T12:05:43+00:00","dateModified":"2024-05-10T11:46:00+00:00","breadcrumb":{"@id":"https:\/\/www.hitech.fi\/hitech\/product\/teho-multi-pro-6-liuotinpohjainen-voiteluaine\/#breadcrumb"},"inLanguage":"fi","potentialAction":[{"@type":"ReadAction","target":["https:\/\/www.hitech.fi\/hitech\/product\/teho-multi-pro-6-liuotinpohjainen-voiteluaine\/"]}]},{"@type":"ImageObject","inLanguage":"fi","@id":"https:\/\/www.hitech.fi\/hitech\/product\/teho-multi-pro-6-liuotinpohjainen-voiteluaine\/#primaryimage","url":"https:\/\/www.hitech.fi\/hitech\/wp-content\/uploads\/2024\/02\/Hires_TEHO_Multi_Pro_6.jpg","contentUrl":"https:\/\/www.hitech.fi\/hitech\/wp-content\/uploads\/2024\/02\/Hires_TEHO_Multi_Pro_6.jpg","width":1024,"height":1024},{"@type":"BreadcrumbList","@id":"https:\/\/www.hitech.fi\/hitech\/product\/teho-multi-pro-6-liuotinpohjainen-voiteluaine\/#breadcrumb","itemListElement":[{"@type":"ListItem","position":1,"name":"Etusivu","item":"https:\/\/www.hitech.fi\/hitech\/"},{"@type":"ListItem","position":2,"name":"Katalogi","item":"https:\/\/www.hitech.fi\/hitech\/katalogi\/"},{"@type":"ListItem","position":3,"name":"TEHO Multi Pro 6 Liuotinpohjainen voiteluaine"}]},{"@type":"WebSite","@id":"https:\/\/www.hitech.fi\/hitech\/#website","url":"https:\/\/www.hitech.fi\/hitech\/","name":"Hitech Chemicals","description":"Puhdistusaineet ja huoltotuotteet","publisher":{"@id":"https:\/\/www.hitech.fi\/hitech\/#organization"},"potentialAction":[{"@type":"SearchAction","target":{"@type":"EntryPoint","urlTemplate":"https:\/\/www.hitech.fi\/hitech\/?s={search_term_string}"},"query-input":{"@type":"PropertyValueSpecification","valueRequired":true,"valueName":"search_term_string"}}],"inLanguage":"fi"},{"@type":"Organization","@id":"https:\/\/www.hitech.fi\/hitech\/#organization","name":"Hitech Chemicals","alternateName":"Hitech","url":"https:\/\/www.hitech.fi\/hitech\/","logo":{"@type":"ImageObject","inLanguage":"fi","@id":"https:\/\/www.hitech.fi\/hitech\/#\/schema\/logo\/image\/","url":"https:\/\/www.hitech.fi\/hitech\/wp-content\/uploads\/2023\/06\/cropped-hitech_logo_600x600.png","contentUrl":"https:\/\/www.hitech.fi\/hitech\/wp-content\/uploads\/2023\/06\/cropped-hitech_logo_600x600.png","width":512,"height":512,"caption":"Hitech Chemicals"},"image":{"@id":"https:\/\/www.hitech.fi\/hitech\/#\/schema\/logo\/image\/"},"sameAs":["https:\/\/www.facebook.com\/hitechfinland"]}]}},"_links":{"self":[{"href":"https:\/\/www.hitech.fi\/hitech\/wp-json\/wp\/v2\/product\/1692","targetHints":{"allow":["GET"]}}],"collection":[{"href":"https:\/\/www.hitech.fi\/hitech\/wp-json\/wp\/v2\/product"}],"about":[{"href":"https:\/\/www.hitech.fi\/hitech\/wp-json\/wp\/v2\/types\/product"}],"replies":[{"embeddable":true,"href":"https:\/\/www.hitech.fi\/hitech\/wp-json\/wp\/v2\/comments?post=1692"}],"wp:featuredmedia":[{"embeddable":true,"href":"https:\/\/www.hitech.fi\/hitech\/wp-json\/wp\/v2\/media\/1693"}],"wp:attachment":[{"href":"https:\/\/www.hitech.fi\/hitech\/wp-json\/wp\/v2\/media?parent=1692"}],"wp:term":[{"taxonomy":"product_brand","embeddable":true,"href":"https:\/\/www.hitech.fi\/hitech\/wp-json\/wp\/v2\/product_brand?post=1692"},{"taxonomy":"product_cat","embeddable":true,"href":"https:\/\/www.hitech.fi\/hitech\/wp-json\/wp\/v2\/product_cat?post=1692"},{"taxonomy":"product_tag","embeddable":true,"href":"https:\/\/www.hitech.fi\/hitech\/wp-json\/wp\/v2\/product_tag?post=1692"}],"curies":[{"name":"wp","href":"https:\/\/api.w.org\/{rel}","templated":true}]}}