{"id":1675,"date":"2024-02-09T13:16:51","date_gmt":"2024-02-09T11:16:51","guid":{"rendered":"https:\/\/www.hitech.fi\/hitech\/?post_type=product&#038;p=1675"},"modified":"2024-05-10T13:37:01","modified_gmt":"2024-05-10T10:37:01","slug":"tx-255-kokonaan-pinnoitettu-nitriilisormikas-turvakaulus","status":"publish","type":"product","link":"https:\/\/www.hitech.fi\/hitech\/product\/tx-255-kokonaan-pinnoitettu-nitriilisormikas-turvakaulus\/","title":{"rendered":"TX 255 Kokonaan pinnoitettu nitriilisormikas, turvakaulus"},"content":{"rendered":"","protected":false},"excerpt":{"rendered":"<p>Kokonaan nitriilipinnoitettu pehme\u00e4 puuvillasormikas, kest\u00e4vyytt\u00e4 ja suojaa vaativiin ty\u00f6kohteisiin, turvakaulusmalli. Miellytt\u00e4v\u00e4 puuvillavuoraus sis\u00e4puolella. Nitriili suojaa hyvin kosteudelta ja \u00f6ljyilt\u00e4. Kokonaan dipattu malli tarjoaa eritt\u00e4in hyv\u00e4n suojan my\u00f6s k\u00e4mmenen selk\u00e4puolelle. K\u00e4sineen voi tarvittaessa pest\u00e4. Silikonivapaa. Koot: 10-11. 12 paria nipussa, 120 paria laatikossa.<\/p>\n","protected":false},"featured_media":1659,"comment_status":"closed","ping_status":"closed","template":"","meta":[],"product_brand":[],"product_cat":[147,138,137,139,100,135,133,94],"product_tag":[],"class_list":{"0":"post-1675","1":"product","2":"type-product","3":"status-publish","4":"has-post-thumbnail","6":"product_cat-huolto-ja-korjaus","7":"product_cat-kiinteistohuolto","8":"product_cat-maatalous","9":"product_cat-metsatalous","10":"product_cat-tarvikkeet","11":"product_cat-teollisuus","12":"product_cat-toimialat","13":"product_cat-tyokasineet","15":"first","16":"instock","17":"shipping-taxable","18":"product-type-simple"},"yoast_head":"<!-- This site is optimized with the Yoast SEO plugin v24.3 - https:\/\/yoast.com\/wordpress\/plugins\/seo\/ -->\n<title>TX 255 Kokonaan pinnoitettu nitriilisormikas, turvakaulus | Hitech Chemicals<\/title>\n<meta name=\"robots\" content=\"index, follow, max-snippet:-1, max-image-preview:large, max-video-preview:-1\" \/>\n<link rel=\"canonical\" href=\"https:\/\/www.hitech.fi\/hitech\/product\/tx-255-kokonaan-pinnoitettu-nitriilisormikas-turvakaulus\/\" \/>\n<meta property=\"og:locale\" content=\"fi_FI\" \/>\n<meta property=\"og:type\" content=\"article\" \/>\n<meta property=\"og:title\" content=\"TX 255 Kokonaan pinnoitettu nitriilisormikas, turvakaulus | Hitech Chemicals\" \/>\n<meta property=\"og:description\" content=\"Kokonaan nitriilipinnoitettu pehme\u00e4 puuvillasormikas, kest\u00e4vyytt\u00e4 ja suojaa vaativiin ty\u00f6kohteisiin, turvakaulusmalli. Miellytt\u00e4v\u00e4 puuvillavuoraus sis\u00e4puolella. Nitriili suojaa hyvin kosteudelta ja \u00f6ljyilt\u00e4. Kokonaan dipattu malli tarjoaa eritt\u00e4in hyv\u00e4n suojan my\u00f6s k\u00e4mmenen selk\u00e4puolelle. K\u00e4sineen voi tarvittaessa pest\u00e4. Silikonivapaa. Koot: 10-11. 12 paria nipussa, 120 paria laatikossa.\" \/>\n<meta property=\"og:url\" content=\"https:\/\/www.hitech.fi\/hitech\/product\/tx-255-kokonaan-pinnoitettu-nitriilisormikas-turvakaulus\/\" \/>\n<meta property=\"og:site_name\" content=\"Hitech Chemicals\" \/>\n<meta property=\"article:publisher\" content=\"https:\/\/www.facebook.com\/hitechfinland\" \/>\n<meta property=\"article:modified_time\" content=\"2024-05-10T10:37:01+00:00\" \/>\n<meta property=\"og:image\" content=\"https:\/\/www.hitech.fi\/hitech\/wp-content\/uploads\/2024\/02\/TX_255.jpg\" \/>\n\t<meta property=\"og:image:width\" content=\"510\" \/>\n\t<meta property=\"og:image:height\" content=\"535\" \/>\n\t<meta property=\"og:image:type\" content=\"image\/jpeg\" \/>\n<meta name=\"twitter:card\" content=\"summary_large_image\" \/>\n<meta name=\"twitter:label1\" content=\"Arvioitu lukuaika\" \/>\n\t<meta name=\"twitter:data1\" content=\"1 minuutti\" \/>\n<script type=\"application\/ld+json\" class=\"yoast-schema-graph\">{\"@context\":\"https:\/\/schema.org\",\"@graph\":[{\"@type\":\"WebPage\",\"@id\":\"https:\/\/www.hitech.fi\/hitech\/product\/tx-255-kokonaan-pinnoitettu-nitriilisormikas-turvakaulus\/\",\"url\":\"https:\/\/www.hitech.fi\/hitech\/product\/tx-255-kokonaan-pinnoitettu-nitriilisormikas-turvakaulus\/\",\"name\":\"TX 255 Kokonaan pinnoitettu nitriilisormikas, turvakaulus | Hitech Chemicals\",\"isPartOf\":{\"@id\":\"https:\/\/www.hitech.fi\/hitech\/#website\"},\"primaryImageOfPage\":{\"@id\":\"https:\/\/www.hitech.fi\/hitech\/product\/tx-255-kokonaan-pinnoitettu-nitriilisormikas-turvakaulus\/#primaryimage\"},\"image\":{\"@id\":\"https:\/\/www.hitech.fi\/hitech\/product\/tx-255-kokonaan-pinnoitettu-nitriilisormikas-turvakaulus\/#primaryimage\"},\"thumbnailUrl\":\"https:\/\/www.hitech.fi\/hitech\/wp-content\/uploads\/2024\/02\/TX_255.jpg\",\"datePublished\":\"2024-02-09T11:16:51+00:00\",\"dateModified\":\"2024-05-10T10:37:01+00:00\",\"breadcrumb\":{\"@id\":\"https:\/\/www.hitech.fi\/hitech\/product\/tx-255-kokonaan-pinnoitettu-nitriilisormikas-turvakaulus\/#breadcrumb\"},\"inLanguage\":\"fi\",\"potentialAction\":[{\"@type\":\"ReadAction\",\"target\":[\"https:\/\/www.hitech.fi\/hitech\/product\/tx-255-kokonaan-pinnoitettu-nitriilisormikas-turvakaulus\/\"]}]},{\"@type\":\"ImageObject\",\"inLanguage\":\"fi\",\"@id\":\"https:\/\/www.hitech.fi\/hitech\/product\/tx-255-kokonaan-pinnoitettu-nitriilisormikas-turvakaulus\/#primaryimage\",\"url\":\"https:\/\/www.hitech.fi\/hitech\/wp-content\/uploads\/2024\/02\/TX_255.jpg\",\"contentUrl\":\"https:\/\/www.hitech.fi\/hitech\/wp-content\/uploads\/2024\/02\/TX_255.jpg\",\"width\":510,\"height\":535},{\"@type\":\"BreadcrumbList\",\"@id\":\"https:\/\/www.hitech.fi\/hitech\/product\/tx-255-kokonaan-pinnoitettu-nitriilisormikas-turvakaulus\/#breadcrumb\",\"itemListElement\":[{\"@type\":\"ListItem\",\"position\":1,\"name\":\"Etusivu\",\"item\":\"https:\/\/www.hitech.fi\/hitech\/\"},{\"@type\":\"ListItem\",\"position\":2,\"name\":\"Katalogi\",\"item\":\"https:\/\/www.hitech.fi\/hitech\/katalogi\/\"},{\"@type\":\"ListItem\",\"position\":3,\"name\":\"TX 255 Kokonaan pinnoitettu nitriilisormikas, turvakaulus\"}]},{\"@type\":\"WebSite\",\"@id\":\"https:\/\/www.hitech.fi\/hitech\/#website\",\"url\":\"https:\/\/www.hitech.fi\/hitech\/\",\"name\":\"Hitech Chemicals\",\"description\":\"Puhdistusaineet ja huoltotuotteet\",\"publisher\":{\"@id\":\"https:\/\/www.hitech.fi\/hitech\/#organization\"},\"potentialAction\":[{\"@type\":\"SearchAction\",\"target\":{\"@type\":\"EntryPoint\",\"urlTemplate\":\"https:\/\/www.hitech.fi\/hitech\/?s={search_term_string}\"},\"query-input\":{\"@type\":\"PropertyValueSpecification\",\"valueRequired\":true,\"valueName\":\"search_term_string\"}}],\"inLanguage\":\"fi\"},{\"@type\":\"Organization\",\"@id\":\"https:\/\/www.hitech.fi\/hitech\/#organization\",\"name\":\"Hitech Chemicals\",\"alternateName\":\"Hitech\",\"url\":\"https:\/\/www.hitech.fi\/hitech\/\",\"logo\":{\"@type\":\"ImageObject\",\"inLanguage\":\"fi\",\"@id\":\"https:\/\/www.hitech.fi\/hitech\/#\/schema\/logo\/image\/\",\"url\":\"https:\/\/www.hitech.fi\/hitech\/wp-content\/uploads\/2023\/06\/cropped-hitech_logo_600x600.png\",\"contentUrl\":\"https:\/\/www.hitech.fi\/hitech\/wp-content\/uploads\/2023\/06\/cropped-hitech_logo_600x600.png\",\"width\":512,\"height\":512,\"caption\":\"Hitech Chemicals\"},\"image\":{\"@id\":\"https:\/\/www.hitech.fi\/hitech\/#\/schema\/logo\/image\/\"},\"sameAs\":[\"https:\/\/www.facebook.com\/hitechfinland\"]}]}<\/script>\n<!-- \/ Yoast SEO plugin. -->","yoast_head_json":{"title":"TX 255 Kokonaan pinnoitettu nitriilisormikas, turvakaulus | Hitech Chemicals","robots":{"index":"index","follow":"follow","max-snippet":"max-snippet:-1","max-image-preview":"max-image-preview:large","max-video-preview":"max-video-preview:-1"},"canonical":"https:\/\/www.hitech.fi\/hitech\/product\/tx-255-kokonaan-pinnoitettu-nitriilisormikas-turvakaulus\/","og_locale":"fi_FI","og_type":"article","og_title":"TX 255 Kokonaan pinnoitettu nitriilisormikas, turvakaulus | Hitech Chemicals","og_description":"Kokonaan nitriilipinnoitettu pehme\u00e4 puuvillasormikas, kest\u00e4vyytt\u00e4 ja suojaa vaativiin ty\u00f6kohteisiin, turvakaulusmalli. Miellytt\u00e4v\u00e4 puuvillavuoraus sis\u00e4puolella. Nitriili suojaa hyvin kosteudelta ja \u00f6ljyilt\u00e4. Kokonaan dipattu malli tarjoaa eritt\u00e4in hyv\u00e4n suojan my\u00f6s k\u00e4mmenen selk\u00e4puolelle. K\u00e4sineen voi tarvittaessa pest\u00e4. Silikonivapaa. Koot: 10-11. 12 paria nipussa, 120 paria laatikossa.","og_url":"https:\/\/www.hitech.fi\/hitech\/product\/tx-255-kokonaan-pinnoitettu-nitriilisormikas-turvakaulus\/","og_site_name":"Hitech Chemicals","article_publisher":"https:\/\/www.facebook.com\/hitechfinland","article_modified_time":"2024-05-10T10:37:01+00:00","og_image":[{"width":510,"height":535,"url":"https:\/\/www.hitech.fi\/hitech\/wp-content\/uploads\/2024\/02\/TX_255.jpg","type":"image\/jpeg"}],"twitter_card":"summary_large_image","twitter_misc":{"Arvioitu lukuaika":"1 minuutti"},"schema":{"@context":"https:\/\/schema.org","@graph":[{"@type":"WebPage","@id":"https:\/\/www.hitech.fi\/hitech\/product\/tx-255-kokonaan-pinnoitettu-nitriilisormikas-turvakaulus\/","url":"https:\/\/www.hitech.fi\/hitech\/product\/tx-255-kokonaan-pinnoitettu-nitriilisormikas-turvakaulus\/","name":"TX 255 Kokonaan pinnoitettu nitriilisormikas, turvakaulus | Hitech Chemicals","isPartOf":{"@id":"https:\/\/www.hitech.fi\/hitech\/#website"},"primaryImageOfPage":{"@id":"https:\/\/www.hitech.fi\/hitech\/product\/tx-255-kokonaan-pinnoitettu-nitriilisormikas-turvakaulus\/#primaryimage"},"image":{"@id":"https:\/\/www.hitech.fi\/hitech\/product\/tx-255-kokonaan-pinnoitettu-nitriilisormikas-turvakaulus\/#primaryimage"},"thumbnailUrl":"https:\/\/www.hitech.fi\/hitech\/wp-content\/uploads\/2024\/02\/TX_255.jpg","datePublished":"2024-02-09T11:16:51+00:00","dateModified":"2024-05-10T10:37:01+00:00","breadcrumb":{"@id":"https:\/\/www.hitech.fi\/hitech\/product\/tx-255-kokonaan-pinnoitettu-nitriilisormikas-turvakaulus\/#breadcrumb"},"inLanguage":"fi","potentialAction":[{"@type":"ReadAction","target":["https:\/\/www.hitech.fi\/hitech\/product\/tx-255-kokonaan-pinnoitettu-nitriilisormikas-turvakaulus\/"]}]},{"@type":"ImageObject","inLanguage":"fi","@id":"https:\/\/www.hitech.fi\/hitech\/product\/tx-255-kokonaan-pinnoitettu-nitriilisormikas-turvakaulus\/#primaryimage","url":"https:\/\/www.hitech.fi\/hitech\/wp-content\/uploads\/2024\/02\/TX_255.jpg","contentUrl":"https:\/\/www.hitech.fi\/hitech\/wp-content\/uploads\/2024\/02\/TX_255.jpg","width":510,"height":535},{"@type":"BreadcrumbList","@id":"https:\/\/www.hitech.fi\/hitech\/product\/tx-255-kokonaan-pinnoitettu-nitriilisormikas-turvakaulus\/#breadcrumb","itemListElement":[{"@type":"ListItem","position":1,"name":"Etusivu","item":"https:\/\/www.hitech.fi\/hitech\/"},{"@type":"ListItem","position":2,"name":"Katalogi","item":"https:\/\/www.hitech.fi\/hitech\/katalogi\/"},{"@type":"ListItem","position":3,"name":"TX 255 Kokonaan pinnoitettu nitriilisormikas, turvakaulus"}]},{"@type":"WebSite","@id":"https:\/\/www.hitech.fi\/hitech\/#website","url":"https:\/\/www.hitech.fi\/hitech\/","name":"Hitech Chemicals","description":"Puhdistusaineet ja huoltotuotteet","publisher":{"@id":"https:\/\/www.hitech.fi\/hitech\/#organization"},"potentialAction":[{"@type":"SearchAction","target":{"@type":"EntryPoint","urlTemplate":"https:\/\/www.hitech.fi\/hitech\/?s={search_term_string}"},"query-input":{"@type":"PropertyValueSpecification","valueRequired":true,"valueName":"search_term_string"}}],"inLanguage":"fi"},{"@type":"Organization","@id":"https:\/\/www.hitech.fi\/hitech\/#organization","name":"Hitech Chemicals","alternateName":"Hitech","url":"https:\/\/www.hitech.fi\/hitech\/","logo":{"@type":"ImageObject","inLanguage":"fi","@id":"https:\/\/www.hitech.fi\/hitech\/#\/schema\/logo\/image\/","url":"https:\/\/www.hitech.fi\/hitech\/wp-content\/uploads\/2023\/06\/cropped-hitech_logo_600x600.png","contentUrl":"https:\/\/www.hitech.fi\/hitech\/wp-content\/uploads\/2023\/06\/cropped-hitech_logo_600x600.png","width":512,"height":512,"caption":"Hitech Chemicals"},"image":{"@id":"https:\/\/www.hitech.fi\/hitech\/#\/schema\/logo\/image\/"},"sameAs":["https:\/\/www.facebook.com\/hitechfinland"]}]}},"_links":{"self":[{"href":"https:\/\/www.hitech.fi\/hitech\/wp-json\/wp\/v2\/product\/1675","targetHints":{"allow":["GET"]}}],"collection":[{"href":"https:\/\/www.hitech.fi\/hitech\/wp-json\/wp\/v2\/product"}],"about":[{"href":"https:\/\/www.hitech.fi\/hitech\/wp-json\/wp\/v2\/types\/product"}],"replies":[{"embeddable":true,"href":"https:\/\/www.hitech.fi\/hitech\/wp-json\/wp\/v2\/comments?post=1675"}],"wp:featuredmedia":[{"embeddable":true,"href":"https:\/\/www.hitech.fi\/hitech\/wp-json\/wp\/v2\/media\/1659"}],"wp:attachment":[{"href":"https:\/\/www.hitech.fi\/hitech\/wp-json\/wp\/v2\/media?parent=1675"}],"wp:term":[{"taxonomy":"product_brand","embeddable":true,"href":"https:\/\/www.hitech.fi\/hitech\/wp-json\/wp\/v2\/product_brand?post=1675"},{"taxonomy":"product_cat","embeddable":true,"href":"https:\/\/www.hitech.fi\/hitech\/wp-json\/wp\/v2\/product_cat?post=1675"},{"taxonomy":"product_tag","embeddable":true,"href":"https:\/\/www.hitech.fi\/hitech\/wp-json\/wp\/v2\/product_tag?post=1675"}],"curies":[{"name":"wp","href":"https:\/\/api.w.org\/{rel}","templated":true}]}}