{"id":1672,"date":"2024-02-09T13:11:30","date_gmt":"2024-02-09T11:11:30","guid":{"rendered":"https:\/\/www.hitech.fi\/hitech\/?post_type=product&#038;p=1672"},"modified":"2024-05-10T13:38:43","modified_gmt":"2024-05-10T10:38:43","slug":"t-109-wpb-winterproof-pu-pinnoite-spandex-vettahylkiva-fleecevuori","status":"publish","type":"product","link":"https:\/\/www.hitech.fi\/hitech\/product\/t-109-wpb-winterproof-pu-pinnoite-spandex-vettahylkiva-fleecevuori\/","title":{"rendered":"T 109 WPB Winterproof, PU-pinnoite\/spandex, vett\u00e4hylkiv\u00e4, fleecevuori"},"content":{"rendered":"","protected":false},"excerpt":{"rendered":"<p>Joustava ja kosteutta hylkiv\u00e4 asentajan ty\u00f6sormikas l\u00e4mpim\u00e4ll\u00e4 ja mukavalla fleecevuorella. Kest\u00e4v\u00e4 ja pit\u00e4v\u00e4 synteettinen kuvioitu k\u00e4mmenmateriaali. K\u00e4sineen k\u00e4mmenpuoli hylkii kosteutta ja k\u00e4mmensel\u00e4n joustava spandex taas tarjoaa mukavuutta ja hengitt\u00e4vyytt\u00e4. K\u00e4mmeness\u00e4 lis\u00e4ksi vahvikkeet ja pehmike tuomaan kest\u00e4vyytt\u00e4 ja mukavuutta. K\u00e4mmenen pinnoite tarjoaa my\u00f6s eritt\u00e4in hyv\u00e4n tuntuman ty\u00f6h\u00f6n sek\u00e4 suojaa k\u00e4det rasvoilta ja lialta. Joustava huomio-keltainen spandexselk\u00e4 tuo n\u00e4kyvyytt\u00e4 Suomen talveen. Sormenp\u00e4\u00e4t pinnoitettu tuomaan lis\u00e4suojaa. Erinomainen valinta Suomen talveen!Koot 8-11. 12 paria nipussa, 120 paria laatikossa.<\/p>\n","protected":false},"featured_media":1655,"comment_status":"closed","ping_status":"closed","template":"","meta":[],"product_brand":[],"product_cat":[147,134,138,137,139,100,135,133,94],"product_tag":[],"class_list":{"0":"post-1672","1":"product","2":"type-product","3":"status-publish","4":"has-post-thumbnail","6":"product_cat-huolto-ja-korjaus","7":"product_cat-kalusto-ja-ajoneuvot","8":"product_cat-kiinteistohuolto","9":"product_cat-maatalous","10":"product_cat-metsatalous","11":"product_cat-tarvikkeet","12":"product_cat-teollisuus","13":"product_cat-toimialat","14":"product_cat-tyokasineet","16":"first","17":"instock","18":"shipping-taxable","19":"product-type-simple"},"yoast_head":"<!-- This site is optimized with the Yoast SEO plugin v24.3 - https:\/\/yoast.com\/wordpress\/plugins\/seo\/ -->\n<title>T 109 WPB Winterproof, PU-pinnoite\/spandex, vett\u00e4hylkiv\u00e4, fleecevuori | Hitech Chemicals<\/title>\n<meta name=\"robots\" content=\"index, follow, max-snippet:-1, max-image-preview:large, max-video-preview:-1\" \/>\n<link rel=\"canonical\" href=\"https:\/\/www.hitech.fi\/hitech\/product\/t-109-wpb-winterproof-pu-pinnoite-spandex-vettahylkiva-fleecevuori\/\" \/>\n<meta property=\"og:locale\" content=\"fi_FI\" \/>\n<meta property=\"og:type\" content=\"article\" \/>\n<meta property=\"og:title\" content=\"T 109 WPB Winterproof, PU-pinnoite\/spandex, vett\u00e4hylkiv\u00e4, fleecevuori | Hitech Chemicals\" \/>\n<meta property=\"og:description\" content=\"Joustava ja kosteutta hylkiv\u00e4 asentajan ty\u00f6sormikas l\u00e4mpim\u00e4ll\u00e4 ja mukavalla fleecevuorella. Kest\u00e4v\u00e4 ja pit\u00e4v\u00e4 synteettinen kuvioitu k\u00e4mmenmateriaali. K\u00e4sineen k\u00e4mmenpuoli hylkii kosteutta ja k\u00e4mmensel\u00e4n joustava spandex taas tarjoaa mukavuutta ja hengitt\u00e4vyytt\u00e4. K\u00e4mmeness\u00e4 lis\u00e4ksi vahvikkeet ja pehmike tuomaan kest\u00e4vyytt\u00e4 ja mukavuutta. K\u00e4mmenen pinnoite tarjoaa my\u00f6s eritt\u00e4in hyv\u00e4n tuntuman ty\u00f6h\u00f6n sek\u00e4 suojaa k\u00e4det rasvoilta ja lialta. Joustava huomio-keltainen spandexselk\u00e4 tuo n\u00e4kyvyytt\u00e4 Suomen talveen. Sormenp\u00e4\u00e4t pinnoitettu tuomaan lis\u00e4suojaa. Erinomainen valinta Suomen talveen!Koot 8-11. 12 paria nipussa, 120 paria laatikossa.\" \/>\n<meta property=\"og:url\" content=\"https:\/\/www.hitech.fi\/hitech\/product\/t-109-wpb-winterproof-pu-pinnoite-spandex-vettahylkiva-fleecevuori\/\" \/>\n<meta property=\"og:site_name\" content=\"Hitech Chemicals\" \/>\n<meta property=\"article:publisher\" content=\"https:\/\/www.facebook.com\/hitechfinland\" \/>\n<meta property=\"article:modified_time\" content=\"2024-05-10T10:38:43+00:00\" \/>\n<meta property=\"og:image\" content=\"https:\/\/www.hitech.fi\/hitech\/wp-content\/uploads\/2024\/02\/T_109_WPB.jpeg\" \/>\n\t<meta property=\"og:image:width\" content=\"510\" \/>\n\t<meta property=\"og:image:height\" content=\"532\" \/>\n\t<meta property=\"og:image:type\" content=\"image\/jpeg\" \/>\n<meta name=\"twitter:card\" content=\"summary_large_image\" \/>\n<meta name=\"twitter:label1\" content=\"Arvioitu lukuaika\" \/>\n\t<meta name=\"twitter:data1\" content=\"1 minuutti\" \/>\n<script type=\"application\/ld+json\" class=\"yoast-schema-graph\">{\"@context\":\"https:\/\/schema.org\",\"@graph\":[{\"@type\":\"WebPage\",\"@id\":\"https:\/\/www.hitech.fi\/hitech\/product\/t-109-wpb-winterproof-pu-pinnoite-spandex-vettahylkiva-fleecevuori\/\",\"url\":\"https:\/\/www.hitech.fi\/hitech\/product\/t-109-wpb-winterproof-pu-pinnoite-spandex-vettahylkiva-fleecevuori\/\",\"name\":\"T 109 WPB Winterproof, PU-pinnoite\/spandex, vett\u00e4hylkiv\u00e4, fleecevuori | Hitech Chemicals\",\"isPartOf\":{\"@id\":\"https:\/\/www.hitech.fi\/hitech\/#website\"},\"primaryImageOfPage\":{\"@id\":\"https:\/\/www.hitech.fi\/hitech\/product\/t-109-wpb-winterproof-pu-pinnoite-spandex-vettahylkiva-fleecevuori\/#primaryimage\"},\"image\":{\"@id\":\"https:\/\/www.hitech.fi\/hitech\/product\/t-109-wpb-winterproof-pu-pinnoite-spandex-vettahylkiva-fleecevuori\/#primaryimage\"},\"thumbnailUrl\":\"https:\/\/www.hitech.fi\/hitech\/wp-content\/uploads\/2024\/02\/T_109_WPB.jpeg\",\"datePublished\":\"2024-02-09T11:11:30+00:00\",\"dateModified\":\"2024-05-10T10:38:43+00:00\",\"breadcrumb\":{\"@id\":\"https:\/\/www.hitech.fi\/hitech\/product\/t-109-wpb-winterproof-pu-pinnoite-spandex-vettahylkiva-fleecevuori\/#breadcrumb\"},\"inLanguage\":\"fi\",\"potentialAction\":[{\"@type\":\"ReadAction\",\"target\":[\"https:\/\/www.hitech.fi\/hitech\/product\/t-109-wpb-winterproof-pu-pinnoite-spandex-vettahylkiva-fleecevuori\/\"]}]},{\"@type\":\"ImageObject\",\"inLanguage\":\"fi\",\"@id\":\"https:\/\/www.hitech.fi\/hitech\/product\/t-109-wpb-winterproof-pu-pinnoite-spandex-vettahylkiva-fleecevuori\/#primaryimage\",\"url\":\"https:\/\/www.hitech.fi\/hitech\/wp-content\/uploads\/2024\/02\/T_109_WPB.jpeg\",\"contentUrl\":\"https:\/\/www.hitech.fi\/hitech\/wp-content\/uploads\/2024\/02\/T_109_WPB.jpeg\",\"width\":510,\"height\":532},{\"@type\":\"BreadcrumbList\",\"@id\":\"https:\/\/www.hitech.fi\/hitech\/product\/t-109-wpb-winterproof-pu-pinnoite-spandex-vettahylkiva-fleecevuori\/#breadcrumb\",\"itemListElement\":[{\"@type\":\"ListItem\",\"position\":1,\"name\":\"Etusivu\",\"item\":\"https:\/\/www.hitech.fi\/hitech\/\"},{\"@type\":\"ListItem\",\"position\":2,\"name\":\"Katalogi\",\"item\":\"https:\/\/www.hitech.fi\/hitech\/katalogi\/\"},{\"@type\":\"ListItem\",\"position\":3,\"name\":\"T 109 WPB Winterproof, PU-pinnoite\/spandex, vett\u00e4hylkiv\u00e4, fleecevuori\"}]},{\"@type\":\"WebSite\",\"@id\":\"https:\/\/www.hitech.fi\/hitech\/#website\",\"url\":\"https:\/\/www.hitech.fi\/hitech\/\",\"name\":\"Hitech Chemicals\",\"description\":\"Puhdistusaineet ja huoltotuotteet\",\"publisher\":{\"@id\":\"https:\/\/www.hitech.fi\/hitech\/#organization\"},\"potentialAction\":[{\"@type\":\"SearchAction\",\"target\":{\"@type\":\"EntryPoint\",\"urlTemplate\":\"https:\/\/www.hitech.fi\/hitech\/?s={search_term_string}\"},\"query-input\":{\"@type\":\"PropertyValueSpecification\",\"valueRequired\":true,\"valueName\":\"search_term_string\"}}],\"inLanguage\":\"fi\"},{\"@type\":\"Organization\",\"@id\":\"https:\/\/www.hitech.fi\/hitech\/#organization\",\"name\":\"Hitech Chemicals\",\"alternateName\":\"Hitech\",\"url\":\"https:\/\/www.hitech.fi\/hitech\/\",\"logo\":{\"@type\":\"ImageObject\",\"inLanguage\":\"fi\",\"@id\":\"https:\/\/www.hitech.fi\/hitech\/#\/schema\/logo\/image\/\",\"url\":\"https:\/\/www.hitech.fi\/hitech\/wp-content\/uploads\/2023\/06\/cropped-hitech_logo_600x600.png\",\"contentUrl\":\"https:\/\/www.hitech.fi\/hitech\/wp-content\/uploads\/2023\/06\/cropped-hitech_logo_600x600.png\",\"width\":512,\"height\":512,\"caption\":\"Hitech Chemicals\"},\"image\":{\"@id\":\"https:\/\/www.hitech.fi\/hitech\/#\/schema\/logo\/image\/\"},\"sameAs\":[\"https:\/\/www.facebook.com\/hitechfinland\"]}]}<\/script>\n<!-- \/ Yoast SEO plugin. -->","yoast_head_json":{"title":"T 109 WPB Winterproof, PU-pinnoite\/spandex, vett\u00e4hylkiv\u00e4, fleecevuori | Hitech Chemicals","robots":{"index":"index","follow":"follow","max-snippet":"max-snippet:-1","max-image-preview":"max-image-preview:large","max-video-preview":"max-video-preview:-1"},"canonical":"https:\/\/www.hitech.fi\/hitech\/product\/t-109-wpb-winterproof-pu-pinnoite-spandex-vettahylkiva-fleecevuori\/","og_locale":"fi_FI","og_type":"article","og_title":"T 109 WPB Winterproof, PU-pinnoite\/spandex, vett\u00e4hylkiv\u00e4, fleecevuori | Hitech Chemicals","og_description":"Joustava ja kosteutta hylkiv\u00e4 asentajan ty\u00f6sormikas l\u00e4mpim\u00e4ll\u00e4 ja mukavalla fleecevuorella. Kest\u00e4v\u00e4 ja pit\u00e4v\u00e4 synteettinen kuvioitu k\u00e4mmenmateriaali. K\u00e4sineen k\u00e4mmenpuoli hylkii kosteutta ja k\u00e4mmensel\u00e4n joustava spandex taas tarjoaa mukavuutta ja hengitt\u00e4vyytt\u00e4. K\u00e4mmeness\u00e4 lis\u00e4ksi vahvikkeet ja pehmike tuomaan kest\u00e4vyytt\u00e4 ja mukavuutta. K\u00e4mmenen pinnoite tarjoaa my\u00f6s eritt\u00e4in hyv\u00e4n tuntuman ty\u00f6h\u00f6n sek\u00e4 suojaa k\u00e4det rasvoilta ja lialta. Joustava huomio-keltainen spandexselk\u00e4 tuo n\u00e4kyvyytt\u00e4 Suomen talveen. Sormenp\u00e4\u00e4t pinnoitettu tuomaan lis\u00e4suojaa. Erinomainen valinta Suomen talveen!Koot 8-11. 12 paria nipussa, 120 paria laatikossa.","og_url":"https:\/\/www.hitech.fi\/hitech\/product\/t-109-wpb-winterproof-pu-pinnoite-spandex-vettahylkiva-fleecevuori\/","og_site_name":"Hitech Chemicals","article_publisher":"https:\/\/www.facebook.com\/hitechfinland","article_modified_time":"2024-05-10T10:38:43+00:00","og_image":[{"width":510,"height":532,"url":"https:\/\/www.hitech.fi\/hitech\/wp-content\/uploads\/2024\/02\/T_109_WPB.jpeg","type":"image\/jpeg"}],"twitter_card":"summary_large_image","twitter_misc":{"Arvioitu lukuaika":"1 minuutti"},"schema":{"@context":"https:\/\/schema.org","@graph":[{"@type":"WebPage","@id":"https:\/\/www.hitech.fi\/hitech\/product\/t-109-wpb-winterproof-pu-pinnoite-spandex-vettahylkiva-fleecevuori\/","url":"https:\/\/www.hitech.fi\/hitech\/product\/t-109-wpb-winterproof-pu-pinnoite-spandex-vettahylkiva-fleecevuori\/","name":"T 109 WPB Winterproof, PU-pinnoite\/spandex, vett\u00e4hylkiv\u00e4, fleecevuori | Hitech Chemicals","isPartOf":{"@id":"https:\/\/www.hitech.fi\/hitech\/#website"},"primaryImageOfPage":{"@id":"https:\/\/www.hitech.fi\/hitech\/product\/t-109-wpb-winterproof-pu-pinnoite-spandex-vettahylkiva-fleecevuori\/#primaryimage"},"image":{"@id":"https:\/\/www.hitech.fi\/hitech\/product\/t-109-wpb-winterproof-pu-pinnoite-spandex-vettahylkiva-fleecevuori\/#primaryimage"},"thumbnailUrl":"https:\/\/www.hitech.fi\/hitech\/wp-content\/uploads\/2024\/02\/T_109_WPB.jpeg","datePublished":"2024-02-09T11:11:30+00:00","dateModified":"2024-05-10T10:38:43+00:00","breadcrumb":{"@id":"https:\/\/www.hitech.fi\/hitech\/product\/t-109-wpb-winterproof-pu-pinnoite-spandex-vettahylkiva-fleecevuori\/#breadcrumb"},"inLanguage":"fi","potentialAction":[{"@type":"ReadAction","target":["https:\/\/www.hitech.fi\/hitech\/product\/t-109-wpb-winterproof-pu-pinnoite-spandex-vettahylkiva-fleecevuori\/"]}]},{"@type":"ImageObject","inLanguage":"fi","@id":"https:\/\/www.hitech.fi\/hitech\/product\/t-109-wpb-winterproof-pu-pinnoite-spandex-vettahylkiva-fleecevuori\/#primaryimage","url":"https:\/\/www.hitech.fi\/hitech\/wp-content\/uploads\/2024\/02\/T_109_WPB.jpeg","contentUrl":"https:\/\/www.hitech.fi\/hitech\/wp-content\/uploads\/2024\/02\/T_109_WPB.jpeg","width":510,"height":532},{"@type":"BreadcrumbList","@id":"https:\/\/www.hitech.fi\/hitech\/product\/t-109-wpb-winterproof-pu-pinnoite-spandex-vettahylkiva-fleecevuori\/#breadcrumb","itemListElement":[{"@type":"ListItem","position":1,"name":"Etusivu","item":"https:\/\/www.hitech.fi\/hitech\/"},{"@type":"ListItem","position":2,"name":"Katalogi","item":"https:\/\/www.hitech.fi\/hitech\/katalogi\/"},{"@type":"ListItem","position":3,"name":"T 109 WPB Winterproof, PU-pinnoite\/spandex, vett\u00e4hylkiv\u00e4, fleecevuori"}]},{"@type":"WebSite","@id":"https:\/\/www.hitech.fi\/hitech\/#website","url":"https:\/\/www.hitech.fi\/hitech\/","name":"Hitech Chemicals","description":"Puhdistusaineet ja huoltotuotteet","publisher":{"@id":"https:\/\/www.hitech.fi\/hitech\/#organization"},"potentialAction":[{"@type":"SearchAction","target":{"@type":"EntryPoint","urlTemplate":"https:\/\/www.hitech.fi\/hitech\/?s={search_term_string}"},"query-input":{"@type":"PropertyValueSpecification","valueRequired":true,"valueName":"search_term_string"}}],"inLanguage":"fi"},{"@type":"Organization","@id":"https:\/\/www.hitech.fi\/hitech\/#organization","name":"Hitech Chemicals","alternateName":"Hitech","url":"https:\/\/www.hitech.fi\/hitech\/","logo":{"@type":"ImageObject","inLanguage":"fi","@id":"https:\/\/www.hitech.fi\/hitech\/#\/schema\/logo\/image\/","url":"https:\/\/www.hitech.fi\/hitech\/wp-content\/uploads\/2023\/06\/cropped-hitech_logo_600x600.png","contentUrl":"https:\/\/www.hitech.fi\/hitech\/wp-content\/uploads\/2023\/06\/cropped-hitech_logo_600x600.png","width":512,"height":512,"caption":"Hitech Chemicals"},"image":{"@id":"https:\/\/www.hitech.fi\/hitech\/#\/schema\/logo\/image\/"},"sameAs":["https:\/\/www.facebook.com\/hitechfinland"]}]}},"_links":{"self":[{"href":"https:\/\/www.hitech.fi\/hitech\/wp-json\/wp\/v2\/product\/1672","targetHints":{"allow":["GET"]}}],"collection":[{"href":"https:\/\/www.hitech.fi\/hitech\/wp-json\/wp\/v2\/product"}],"about":[{"href":"https:\/\/www.hitech.fi\/hitech\/wp-json\/wp\/v2\/types\/product"}],"replies":[{"embeddable":true,"href":"https:\/\/www.hitech.fi\/hitech\/wp-json\/wp\/v2\/comments?post=1672"}],"wp:featuredmedia":[{"embeddable":true,"href":"https:\/\/www.hitech.fi\/hitech\/wp-json\/wp\/v2\/media\/1655"}],"wp:attachment":[{"href":"https:\/\/www.hitech.fi\/hitech\/wp-json\/wp\/v2\/media?parent=1672"}],"wp:term":[{"taxonomy":"product_brand","embeddable":true,"href":"https:\/\/www.hitech.fi\/hitech\/wp-json\/wp\/v2\/product_brand?post=1672"},{"taxonomy":"product_cat","embeddable":true,"href":"https:\/\/www.hitech.fi\/hitech\/wp-json\/wp\/v2\/product_cat?post=1672"},{"taxonomy":"product_tag","embeddable":true,"href":"https:\/\/www.hitech.fi\/hitech\/wp-json\/wp\/v2\/product_tag?post=1672"}],"curies":[{"name":"wp","href":"https:\/\/api.w.org\/{rel}","templated":true}]}}