{"id":1653,"date":"2024-02-09T12:34:44","date_gmt":"2024-02-09T10:34:44","guid":{"rendered":"https:\/\/www.hitech.fi\/hitech\/?post_type=product&#038;p=1653"},"modified":"2024-05-10T13:43:13","modified_gmt":"2024-05-10T10:43:13","slug":"teho-orange-d-jalkidesinfiointiaine","status":"publish","type":"product","link":"https:\/\/www.hitech.fi\/hitech\/product\/teho-orange-d-jalkidesinfiointiaine\/","title":{"rendered":"TEHO Orange D j\u00e4lkidesinfiointiaine"},"content":{"rendered":"<p><strong>K\u00e4ytt\u00f6ohje:<\/strong><br \/>\nTEHO Orange D k\u00e4ytet\u00e4\u00e4n desinfiointiin pintojen pesun j\u00e4lkeen (esim. TEHO Blue W vaahtopesu).<br \/>\nLevit\u00e4 TEHO Orange D ruiskulla alhaisella paineella, vaahtona tai sumuttamalla.<br \/>\nEi huuhdella pois.<br \/>\nTEHO Orange D t\u00e4ytt\u00e4\u00e4 m\u00e4\u00e4r\u00e4ykset tuotteista, jotka joutuvat kosketuksiin elintarvikkeiden kanssa.<br \/>\nElintarviketeollisuudessa k\u00e4ytett\u00e4v\u00e4t laitteet on huuhdeltava puhtaalla vedell\u00e4<\/p>\n<p><strong>Annostelu:<\/strong><br \/>\n0,4% vahvuudella tuhoaa bakteerit 30 minuutissa<br \/>\n1 % vahvuudella tuhoaa virukset 30 minuutissa<br \/>\n2% vahvuudella tuhoaa homesienet 30 minuutissa<br \/>\nLevitys matalapaineruiskulla 120-200ml\/ m2<br \/>\nLevitys vaahdotettuna 200-400ml\/m2<br \/>\nIlmatilan sumutus 2,6 ml\/m3 suositeltu kontaktiaika 4 tuntia.<br \/>\nSumutusk\u00e4yt\u00f6n j\u00e4lkeen odotettava 24 t ennen kuin tilaan tai rakennukseen saa tulla ihmisi\u00e4 tai el\u00e4imi\u00e4.<br \/>\nTarkista vaadittavien suojavarusteiden k\u00e4ytt\u00f6 k\u00e4ytt\u00f6turvatiedotteesta<\/p>\n<p><strong>Sis\u00e4lt\u00e4\u00e4:<\/strong><br \/>\nDidekyylimetyylikloridi,<br \/>\nGlutaraldehydi,<br \/>\nkvatern\u00e4\u00e4riset<br \/>\nammoniumyhdisteet,<br \/>\nbentsyyli C12-16<br \/>\nalkyylidimetyylikloridit<\/p>\n","protected":false},"excerpt":{"rendered":"<p>El\u00e4intilojen ja laitteistojen desinfiointiin maataloudessa.<br \/>\nPintojen desinfiointiin elintarviketeollisuudessa. TEHO Orange D ehk\u00e4isee tartuntoja ja niiden levi\u00e4mist\u00e4. El\u00e4intilojen, laitteistojen ja varusteiden desinfiointiin maataloudessa ja pintojen desinfiointiin elintarviketeollisuudessa. Soveltuu ruiskutus- sumutus- ja vaahdotusk\u00e4ytt\u00f6\u00f6n. Tuhoaa bakteereja, viruksia ja hometta, esim. Salmonella, E.coli, staph.aureus ja muita ECBO (naudan enterovirus tyyppi 1) ja Candida albicans.<br \/>\nTEHO Orange D on l\u00e4p\u00e4issyt useita testej\u00e4 certifioiduissa laboratorioissa.<\/p>\n<p><strong>Pakkauskoko:<\/strong><br \/>\n10L kanisteri<\/p>\n[maxbutton id=\"2\" url=\"https:\/\/www.hitech.fi\/hitech\/wp-content\/uploads\/2024\/02\/TEHO_Orange_D_Desinfiontiaine.pdf\" text=\"Lataa tuotekortti\" window=\"new\" ]\n","protected":false},"featured_media":1834,"comment_status":"closed","ping_status":"closed","template":"","meta":[],"product_brand":[],"product_cat":[145,136,137,96,133],"product_tag":[],"class_list":{"0":"post-1653","1":"product","2":"type-product","3":"status-publish","4":"has-post-thumbnail","6":"product_cat-desinfiointi-pesuaineet-ja-vahat","7":"product_cat-keittio-ja-elintarviketeollisuus","8":"product_cat-maatalous","9":"product_cat-pesuaineet","10":"product_cat-toimialat","12":"first","13":"instock","14":"shipping-taxable","15":"product-type-simple"},"yoast_head":"<!-- This site is optimized with the Yoast SEO plugin v24.3 - https:\/\/yoast.com\/wordpress\/plugins\/seo\/ -->\n<title>TEHO Orange D j\u00e4lkidesinfiointiaine | Hitech Chemicals<\/title>\n<meta name=\"robots\" content=\"index, follow, max-snippet:-1, max-image-preview:large, max-video-preview:-1\" \/>\n<link rel=\"canonical\" href=\"https:\/\/www.hitech.fi\/hitech\/product\/teho-orange-d-jalkidesinfiointiaine\/\" \/>\n<meta property=\"og:locale\" content=\"fi_FI\" \/>\n<meta property=\"og:type\" content=\"article\" \/>\n<meta property=\"og:title\" content=\"TEHO Orange D j\u00e4lkidesinfiointiaine | Hitech Chemicals\" \/>\n<meta property=\"og:description\" content=\"El\u00e4intilojen ja laitteistojen desinfiointiin maataloudessa. Pintojen desinfiointiin elintarviketeollisuudessa. TEHO Orange D ehk\u00e4isee tartuntoja ja niiden levi\u00e4mist\u00e4. El\u00e4intilojen, laitteistojen ja varusteiden desinfiointiin maataloudessa ja pintojen desinfiointiin elintarviketeollisuudessa. Soveltuu ruiskutus- sumutus- ja vaahdotusk\u00e4ytt\u00f6\u00f6n. Tuhoaa bakteereja, viruksia ja hometta, esim. Salmonella, E.coli, staph.aureus ja muita ECBO (naudan enterovirus tyyppi 1) ja Candida albicans. TEHO Orange D on l\u00e4p\u00e4issyt useita testej\u00e4 certifioiduissa laboratorioissa.  Pakkauskoko: 10L kanisteri\" \/>\n<meta property=\"og:url\" content=\"https:\/\/www.hitech.fi\/hitech\/product\/teho-orange-d-jalkidesinfiointiaine\/\" \/>\n<meta property=\"og:site_name\" content=\"Hitech Chemicals\" \/>\n<meta property=\"article:publisher\" content=\"https:\/\/www.facebook.com\/hitechfinland\" \/>\n<meta property=\"article:modified_time\" content=\"2024-05-10T10:43:13+00:00\" \/>\n<meta property=\"og:image\" content=\"https:\/\/www.hitech.fi\/hitech\/wp-content\/uploads\/2024\/02\/TEHO_OrangeD_kannu_efect.jpg\" \/>\n\t<meta property=\"og:image:width\" content=\"1024\" \/>\n\t<meta property=\"og:image:height\" content=\"1024\" \/>\n\t<meta property=\"og:image:type\" content=\"image\/jpeg\" \/>\n<meta name=\"twitter:card\" content=\"summary_large_image\" \/>\n<meta name=\"twitter:label1\" content=\"Arvioitu lukuaika\" \/>\n\t<meta name=\"twitter:data1\" content=\"1 minuutti\" \/>\n<script type=\"application\/ld+json\" class=\"yoast-schema-graph\">{\"@context\":\"https:\/\/schema.org\",\"@graph\":[{\"@type\":\"WebPage\",\"@id\":\"https:\/\/www.hitech.fi\/hitech\/product\/teho-orange-d-jalkidesinfiointiaine\/\",\"url\":\"https:\/\/www.hitech.fi\/hitech\/product\/teho-orange-d-jalkidesinfiointiaine\/\",\"name\":\"TEHO Orange D j\u00e4lkidesinfiointiaine | Hitech Chemicals\",\"isPartOf\":{\"@id\":\"https:\/\/www.hitech.fi\/hitech\/#website\"},\"primaryImageOfPage\":{\"@id\":\"https:\/\/www.hitech.fi\/hitech\/product\/teho-orange-d-jalkidesinfiointiaine\/#primaryimage\"},\"image\":{\"@id\":\"https:\/\/www.hitech.fi\/hitech\/product\/teho-orange-d-jalkidesinfiointiaine\/#primaryimage\"},\"thumbnailUrl\":\"https:\/\/www.hitech.fi\/hitech\/wp-content\/uploads\/2024\/02\/TEHO_OrangeD_kannu_efect.jpg\",\"datePublished\":\"2024-02-09T10:34:44+00:00\",\"dateModified\":\"2024-05-10T10:43:13+00:00\",\"breadcrumb\":{\"@id\":\"https:\/\/www.hitech.fi\/hitech\/product\/teho-orange-d-jalkidesinfiointiaine\/#breadcrumb\"},\"inLanguage\":\"fi\",\"potentialAction\":[{\"@type\":\"ReadAction\",\"target\":[\"https:\/\/www.hitech.fi\/hitech\/product\/teho-orange-d-jalkidesinfiointiaine\/\"]}]},{\"@type\":\"ImageObject\",\"inLanguage\":\"fi\",\"@id\":\"https:\/\/www.hitech.fi\/hitech\/product\/teho-orange-d-jalkidesinfiointiaine\/#primaryimage\",\"url\":\"https:\/\/www.hitech.fi\/hitech\/wp-content\/uploads\/2024\/02\/TEHO_OrangeD_kannu_efect.jpg\",\"contentUrl\":\"https:\/\/www.hitech.fi\/hitech\/wp-content\/uploads\/2024\/02\/TEHO_OrangeD_kannu_efect.jpg\",\"width\":1024,\"height\":1024},{\"@type\":\"BreadcrumbList\",\"@id\":\"https:\/\/www.hitech.fi\/hitech\/product\/teho-orange-d-jalkidesinfiointiaine\/#breadcrumb\",\"itemListElement\":[{\"@type\":\"ListItem\",\"position\":1,\"name\":\"Etusivu\",\"item\":\"https:\/\/www.hitech.fi\/hitech\/\"},{\"@type\":\"ListItem\",\"position\":2,\"name\":\"Katalogi\",\"item\":\"https:\/\/www.hitech.fi\/hitech\/katalogi\/\"},{\"@type\":\"ListItem\",\"position\":3,\"name\":\"TEHO Orange D j\u00e4lkidesinfiointiaine\"}]},{\"@type\":\"WebSite\",\"@id\":\"https:\/\/www.hitech.fi\/hitech\/#website\",\"url\":\"https:\/\/www.hitech.fi\/hitech\/\",\"name\":\"Hitech Chemicals\",\"description\":\"Puhdistusaineet ja huoltotuotteet\",\"publisher\":{\"@id\":\"https:\/\/www.hitech.fi\/hitech\/#organization\"},\"potentialAction\":[{\"@type\":\"SearchAction\",\"target\":{\"@type\":\"EntryPoint\",\"urlTemplate\":\"https:\/\/www.hitech.fi\/hitech\/?s={search_term_string}\"},\"query-input\":{\"@type\":\"PropertyValueSpecification\",\"valueRequired\":true,\"valueName\":\"search_term_string\"}}],\"inLanguage\":\"fi\"},{\"@type\":\"Organization\",\"@id\":\"https:\/\/www.hitech.fi\/hitech\/#organization\",\"name\":\"Hitech Chemicals\",\"alternateName\":\"Hitech\",\"url\":\"https:\/\/www.hitech.fi\/hitech\/\",\"logo\":{\"@type\":\"ImageObject\",\"inLanguage\":\"fi\",\"@id\":\"https:\/\/www.hitech.fi\/hitech\/#\/schema\/logo\/image\/\",\"url\":\"https:\/\/www.hitech.fi\/hitech\/wp-content\/uploads\/2023\/06\/cropped-hitech_logo_600x600.png\",\"contentUrl\":\"https:\/\/www.hitech.fi\/hitech\/wp-content\/uploads\/2023\/06\/cropped-hitech_logo_600x600.png\",\"width\":512,\"height\":512,\"caption\":\"Hitech Chemicals\"},\"image\":{\"@id\":\"https:\/\/www.hitech.fi\/hitech\/#\/schema\/logo\/image\/\"},\"sameAs\":[\"https:\/\/www.facebook.com\/hitechfinland\"]}]}<\/script>\n<!-- \/ Yoast SEO plugin. -->","yoast_head_json":{"title":"TEHO Orange D j\u00e4lkidesinfiointiaine | Hitech Chemicals","robots":{"index":"index","follow":"follow","max-snippet":"max-snippet:-1","max-image-preview":"max-image-preview:large","max-video-preview":"max-video-preview:-1"},"canonical":"https:\/\/www.hitech.fi\/hitech\/product\/teho-orange-d-jalkidesinfiointiaine\/","og_locale":"fi_FI","og_type":"article","og_title":"TEHO Orange D j\u00e4lkidesinfiointiaine | Hitech Chemicals","og_description":"El\u00e4intilojen ja laitteistojen desinfiointiin maataloudessa. Pintojen desinfiointiin elintarviketeollisuudessa. TEHO Orange D ehk\u00e4isee tartuntoja ja niiden levi\u00e4mist\u00e4. El\u00e4intilojen, laitteistojen ja varusteiden desinfiointiin maataloudessa ja pintojen desinfiointiin elintarviketeollisuudessa. Soveltuu ruiskutus- sumutus- ja vaahdotusk\u00e4ytt\u00f6\u00f6n. Tuhoaa bakteereja, viruksia ja hometta, esim. Salmonella, E.coli, staph.aureus ja muita ECBO (naudan enterovirus tyyppi 1) ja Candida albicans. TEHO Orange D on l\u00e4p\u00e4issyt useita testej\u00e4 certifioiduissa laboratorioissa.  Pakkauskoko: 10L kanisteri","og_url":"https:\/\/www.hitech.fi\/hitech\/product\/teho-orange-d-jalkidesinfiointiaine\/","og_site_name":"Hitech Chemicals","article_publisher":"https:\/\/www.facebook.com\/hitechfinland","article_modified_time":"2024-05-10T10:43:13+00:00","og_image":[{"width":1024,"height":1024,"url":"https:\/\/www.hitech.fi\/hitech\/wp-content\/uploads\/2024\/02\/TEHO_OrangeD_kannu_efect.jpg","type":"image\/jpeg"}],"twitter_card":"summary_large_image","twitter_misc":{"Arvioitu lukuaika":"1 minuutti"},"schema":{"@context":"https:\/\/schema.org","@graph":[{"@type":"WebPage","@id":"https:\/\/www.hitech.fi\/hitech\/product\/teho-orange-d-jalkidesinfiointiaine\/","url":"https:\/\/www.hitech.fi\/hitech\/product\/teho-orange-d-jalkidesinfiointiaine\/","name":"TEHO Orange D j\u00e4lkidesinfiointiaine | Hitech Chemicals","isPartOf":{"@id":"https:\/\/www.hitech.fi\/hitech\/#website"},"primaryImageOfPage":{"@id":"https:\/\/www.hitech.fi\/hitech\/product\/teho-orange-d-jalkidesinfiointiaine\/#primaryimage"},"image":{"@id":"https:\/\/www.hitech.fi\/hitech\/product\/teho-orange-d-jalkidesinfiointiaine\/#primaryimage"},"thumbnailUrl":"https:\/\/www.hitech.fi\/hitech\/wp-content\/uploads\/2024\/02\/TEHO_OrangeD_kannu_efect.jpg","datePublished":"2024-02-09T10:34:44+00:00","dateModified":"2024-05-10T10:43:13+00:00","breadcrumb":{"@id":"https:\/\/www.hitech.fi\/hitech\/product\/teho-orange-d-jalkidesinfiointiaine\/#breadcrumb"},"inLanguage":"fi","potentialAction":[{"@type":"ReadAction","target":["https:\/\/www.hitech.fi\/hitech\/product\/teho-orange-d-jalkidesinfiointiaine\/"]}]},{"@type":"ImageObject","inLanguage":"fi","@id":"https:\/\/www.hitech.fi\/hitech\/product\/teho-orange-d-jalkidesinfiointiaine\/#primaryimage","url":"https:\/\/www.hitech.fi\/hitech\/wp-content\/uploads\/2024\/02\/TEHO_OrangeD_kannu_efect.jpg","contentUrl":"https:\/\/www.hitech.fi\/hitech\/wp-content\/uploads\/2024\/02\/TEHO_OrangeD_kannu_efect.jpg","width":1024,"height":1024},{"@type":"BreadcrumbList","@id":"https:\/\/www.hitech.fi\/hitech\/product\/teho-orange-d-jalkidesinfiointiaine\/#breadcrumb","itemListElement":[{"@type":"ListItem","position":1,"name":"Etusivu","item":"https:\/\/www.hitech.fi\/hitech\/"},{"@type":"ListItem","position":2,"name":"Katalogi","item":"https:\/\/www.hitech.fi\/hitech\/katalogi\/"},{"@type":"ListItem","position":3,"name":"TEHO Orange D j\u00e4lkidesinfiointiaine"}]},{"@type":"WebSite","@id":"https:\/\/www.hitech.fi\/hitech\/#website","url":"https:\/\/www.hitech.fi\/hitech\/","name":"Hitech Chemicals","description":"Puhdistusaineet ja huoltotuotteet","publisher":{"@id":"https:\/\/www.hitech.fi\/hitech\/#organization"},"potentialAction":[{"@type":"SearchAction","target":{"@type":"EntryPoint","urlTemplate":"https:\/\/www.hitech.fi\/hitech\/?s={search_term_string}"},"query-input":{"@type":"PropertyValueSpecification","valueRequired":true,"valueName":"search_term_string"}}],"inLanguage":"fi"},{"@type":"Organization","@id":"https:\/\/www.hitech.fi\/hitech\/#organization","name":"Hitech Chemicals","alternateName":"Hitech","url":"https:\/\/www.hitech.fi\/hitech\/","logo":{"@type":"ImageObject","inLanguage":"fi","@id":"https:\/\/www.hitech.fi\/hitech\/#\/schema\/logo\/image\/","url":"https:\/\/www.hitech.fi\/hitech\/wp-content\/uploads\/2023\/06\/cropped-hitech_logo_600x600.png","contentUrl":"https:\/\/www.hitech.fi\/hitech\/wp-content\/uploads\/2023\/06\/cropped-hitech_logo_600x600.png","width":512,"height":512,"caption":"Hitech Chemicals"},"image":{"@id":"https:\/\/www.hitech.fi\/hitech\/#\/schema\/logo\/image\/"},"sameAs":["https:\/\/www.facebook.com\/hitechfinland"]}]}},"_links":{"self":[{"href":"https:\/\/www.hitech.fi\/hitech\/wp-json\/wp\/v2\/product\/1653","targetHints":{"allow":["GET"]}}],"collection":[{"href":"https:\/\/www.hitech.fi\/hitech\/wp-json\/wp\/v2\/product"}],"about":[{"href":"https:\/\/www.hitech.fi\/hitech\/wp-json\/wp\/v2\/types\/product"}],"replies":[{"embeddable":true,"href":"https:\/\/www.hitech.fi\/hitech\/wp-json\/wp\/v2\/comments?post=1653"}],"wp:featuredmedia":[{"embeddable":true,"href":"https:\/\/www.hitech.fi\/hitech\/wp-json\/wp\/v2\/media\/1834"}],"wp:attachment":[{"href":"https:\/\/www.hitech.fi\/hitech\/wp-json\/wp\/v2\/media?parent=1653"}],"wp:term":[{"taxonomy":"product_brand","embeddable":true,"href":"https:\/\/www.hitech.fi\/hitech\/wp-json\/wp\/v2\/product_brand?post=1653"},{"taxonomy":"product_cat","embeddable":true,"href":"https:\/\/www.hitech.fi\/hitech\/wp-json\/wp\/v2\/product_cat?post=1653"},{"taxonomy":"product_tag","embeddable":true,"href":"https:\/\/www.hitech.fi\/hitech\/wp-json\/wp\/v2\/product_tag?post=1653"}],"curies":[{"name":"wp","href":"https:\/\/api.w.org\/{rel}","templated":true}]}}