{"id":1512,"date":"2024-01-25T10:37:23","date_gmt":"2024-01-25T08:37:23","guid":{"rendered":"https:\/\/www.hitech.fi\/hitech\/?post_type=product&#038;p=1512"},"modified":"2024-05-13T08:31:35","modified_gmt":"2024-05-13T05:31:35","slug":"pemco-hydro-hv-iso-22-vi245-hydraulioljy","status":"publish","type":"product","link":"https:\/\/www.hitech.fi\/hitech\/product\/pemco-hydro-hv-iso-22-vi245-hydraulioljy\/","title":{"rendered":"Pemco Hydro HV ISO 22 VI245 hydrauli\u00f6ljy"},"content":{"rendered":"<p>HYDRO HV 22 VI245 on eritt\u00e4in korkean viskositeetti-indeksin omaava synteettinen hydrauliikka\u00f6ljy. Se on erityisesti suunniteltu arktisissa olosuhteissa toimiville j\u00e4rjestelmille. Sen erinomaiset kylm\u00e4omiaisuudet yhdistettyn\u00e4 huippuluokan lis\u00e4aineistukseen suojelevat hydraulipumppuja kulumiselta ja takaavat j\u00e4rjestelm\u00e4n toimivuuden k\u00e4ynnistyksest\u00e4 l\u00e4htien. Korkean viskositeettiindeksi ansiosta tuote s\u00e4ilyy ohentumatta my\u00f6s l\u00e4mpimiss\u00e4 olosuhteissa, joissa \u00f6ljyn l\u00e4mp\u00f6tila saatta k\u00e4yt\u00f6ss\u00e4 nousta eritt\u00e4inkin korkeaksi. N\u00e4m\u00e4 ominaisuudet tekev\u00e4t siit\u00e4 erinomaisen tuotteen ymp\u00e4rivuotiseen k\u00e4ytt\u00f6\u00f6n.<\/p>\n<p><strong>Tuotteen ominaisuudet:<\/strong><br \/>\n<img fetchpriority=\"high\" decoding=\"async\" src=\"https:\/\/www.hitech.fi\/hitech\/wp-content\/uploads\/2024\/01\/PM_2204_ominaisuudet_FIN.jpg\" alt=\"\" width=\"730\" height=\"157\" class=\"alignnone size-full wp-image-1517\" srcset=\"https:\/\/www.hitech.fi\/hitech\/wp-content\/uploads\/2024\/01\/PM_2204_ominaisuudet_FIN.jpg 730w, https:\/\/www.hitech.fi\/hitech\/wp-content\/uploads\/2024\/01\/PM_2204_ominaisuudet_FIN-300x65.jpg 300w, https:\/\/www.hitech.fi\/hitech\/wp-content\/uploads\/2024\/01\/PM_2204_ominaisuudet_FIN-600x129.jpg 600w\" sizes=\"(max-width: 730px) 100vw, 730px\" \/><\/p>\n","protected":false},"excerpt":{"rendered":"<p><strong>T\u00e4ytt\u00e4v\u00e4t seuraavat vaatimukset \/ luokitukset:<\/strong><br \/>\nSAE MS 1004<br \/>\nISO Viscosity Grade 22<br \/>\nViskositeetti indeksi min 245<br \/>\nDIN 51524-2 (HM)\/-3 (HV)<br \/>\nISO 11158 (HM, HV)<br \/>\nASTM USA D6158<br \/>\nANSI AGMA 9005-E02-RO<br \/>\nAIST 126\/127<br \/>\nJCMAS P041 HK Hydraulic specification<br \/>\nGERMAN STEEL INDUSTRY SEB<br \/>\n181222 BOSCH REXROTH RE 90220<br \/>\nEATON M-2950-S<br \/>\nEATON I-286-S3<br \/>\nGM LS2<br \/>\nMAG CINCINNATI P-68<br \/>\nPARKER DENISON HF-0\/-1\/-2<br \/>\nSPERRY VICKERS M-2950-S<br \/>\nSPERRY VICKERS I-286-S3<\/p>\n<p><strong>Pakkauskoko:<\/strong><br \/>\n208L<\/p>\n[maxbutton id=\"1\" url=\"https:\/\/www.hitech.fi\/hitech\/wp-content\/uploads\/2024\/01\/HV22VI245FI.pdf\" text=\"Lataa tuotekortti\" window=\"new\" ]\n","protected":false},"featured_media":1513,"comment_status":"closed","ping_status":"closed","template":"","meta":[],"product_brand":[],"product_cat":[147,77,134,137,139,78,133,98],"product_tag":[],"class_list":{"0":"post-1512","1":"product","2":"type-product","3":"status-publish","4":"has-post-thumbnail","6":"product_cat-huolto-ja-korjaus","7":"product_cat-hydraulioljyt","8":"product_cat-kalusto-ja-ajoneuvot","9":"product_cat-maatalous","10":"product_cat-metsatalous","11":"product_cat-pemco","12":"product_cat-toimialat","13":"product_cat-voiteluaineet","15":"first","16":"instock","17":"shipping-taxable","18":"product-type-simple"},"yoast_head":"<!-- This site is optimized with the Yoast SEO plugin v24.3 - https:\/\/yoast.com\/wordpress\/plugins\/seo\/ -->\n<title>Pemco Hydro HV ISO 22 VI245 hydrauli\u00f6ljy | Hitech Chemicals<\/title>\n<meta name=\"robots\" content=\"index, follow, max-snippet:-1, max-image-preview:large, max-video-preview:-1\" \/>\n<link rel=\"canonical\" href=\"https:\/\/www.hitech.fi\/hitech\/product\/pemco-hydro-hv-iso-22-vi245-hydraulioljy\/\" \/>\n<meta property=\"og:locale\" content=\"fi_FI\" \/>\n<meta property=\"og:type\" content=\"article\" \/>\n<meta property=\"og:title\" content=\"Pemco Hydro HV ISO 22 VI245 hydrauli\u00f6ljy | Hitech Chemicals\" \/>\n<meta property=\"og:description\" content=\"T\u00e4ytt\u00e4v\u00e4t seuraavat vaatimukset \/ luokitukset: SAE MS 1004 ISO Viscosity Grade 22 Viskositeetti indeksi min 245 DIN 51524-2 (HM)\/-3 (HV) ISO 11158 (HM, HV) ASTM USA D6158 ANSI AGMA 9005-E02-RO AIST 126\/127 JCMAS P041 HK Hydraulic specification GERMAN STEEL INDUSTRY SEB 181222 BOSCH REXROTH RE 90220 EATON M-2950-S EATON I-286-S3 GM LS2 MAG CINCINNATI P-68 PARKER DENISON HF-0\/-1\/-2 SPERRY VICKERS M-2950-S SPERRY VICKERS I-286-S3  Pakkauskoko: 208L\" \/>\n<meta property=\"og:url\" content=\"https:\/\/www.hitech.fi\/hitech\/product\/pemco-hydro-hv-iso-22-vi245-hydraulioljy\/\" \/>\n<meta property=\"og:site_name\" content=\"Hitech Chemicals\" \/>\n<meta property=\"article:publisher\" content=\"https:\/\/www.facebook.com\/hitechfinland\" \/>\n<meta property=\"article:modified_time\" content=\"2024-05-13T05:31:35+00:00\" \/>\n<meta property=\"og:image\" content=\"https:\/\/www.hitech.fi\/hitech\/wp-content\/uploads\/2024\/01\/pictures_png_PM2204-20_brown_new_front_1200.png\" \/>\n\t<meta property=\"og:image:width\" content=\"1040\" \/>\n\t<meta property=\"og:image:height\" content=\"1200\" \/>\n\t<meta property=\"og:image:type\" content=\"image\/png\" \/>\n<meta name=\"twitter:card\" content=\"summary_large_image\" \/>\n<meta name=\"twitter:label1\" content=\"Arvioitu lukuaika\" \/>\n\t<meta name=\"twitter:data1\" content=\"1 minuutti\" \/>\n<script type=\"application\/ld+json\" class=\"yoast-schema-graph\">{\"@context\":\"https:\/\/schema.org\",\"@graph\":[{\"@type\":\"WebPage\",\"@id\":\"https:\/\/www.hitech.fi\/hitech\/product\/pemco-hydro-hv-iso-22-vi245-hydraulioljy\/\",\"url\":\"https:\/\/www.hitech.fi\/hitech\/product\/pemco-hydro-hv-iso-22-vi245-hydraulioljy\/\",\"name\":\"Pemco Hydro HV ISO 22 VI245 hydrauli\u00f6ljy | Hitech Chemicals\",\"isPartOf\":{\"@id\":\"https:\/\/www.hitech.fi\/hitech\/#website\"},\"primaryImageOfPage\":{\"@id\":\"https:\/\/www.hitech.fi\/hitech\/product\/pemco-hydro-hv-iso-22-vi245-hydraulioljy\/#primaryimage\"},\"image\":{\"@id\":\"https:\/\/www.hitech.fi\/hitech\/product\/pemco-hydro-hv-iso-22-vi245-hydraulioljy\/#primaryimage\"},\"thumbnailUrl\":\"https:\/\/www.hitech.fi\/hitech\/wp-content\/uploads\/2024\/01\/pictures_png_PM2204-20_brown_new_front_1200.png\",\"datePublished\":\"2024-01-25T08:37:23+00:00\",\"dateModified\":\"2024-05-13T05:31:35+00:00\",\"breadcrumb\":{\"@id\":\"https:\/\/www.hitech.fi\/hitech\/product\/pemco-hydro-hv-iso-22-vi245-hydraulioljy\/#breadcrumb\"},\"inLanguage\":\"fi\",\"potentialAction\":[{\"@type\":\"ReadAction\",\"target\":[\"https:\/\/www.hitech.fi\/hitech\/product\/pemco-hydro-hv-iso-22-vi245-hydraulioljy\/\"]}]},{\"@type\":\"ImageObject\",\"inLanguage\":\"fi\",\"@id\":\"https:\/\/www.hitech.fi\/hitech\/product\/pemco-hydro-hv-iso-22-vi245-hydraulioljy\/#primaryimage\",\"url\":\"https:\/\/www.hitech.fi\/hitech\/wp-content\/uploads\/2024\/01\/pictures_png_PM2204-20_brown_new_front_1200.png\",\"contentUrl\":\"https:\/\/www.hitech.fi\/hitech\/wp-content\/uploads\/2024\/01\/pictures_png_PM2204-20_brown_new_front_1200.png\",\"width\":1040,\"height\":1200},{\"@type\":\"BreadcrumbList\",\"@id\":\"https:\/\/www.hitech.fi\/hitech\/product\/pemco-hydro-hv-iso-22-vi245-hydraulioljy\/#breadcrumb\",\"itemListElement\":[{\"@type\":\"ListItem\",\"position\":1,\"name\":\"Etusivu\",\"item\":\"https:\/\/www.hitech.fi\/hitech\/\"},{\"@type\":\"ListItem\",\"position\":2,\"name\":\"Katalogi\",\"item\":\"https:\/\/www.hitech.fi\/hitech\/katalogi\/\"},{\"@type\":\"ListItem\",\"position\":3,\"name\":\"Pemco Hydro HV ISO 22 VI245 hydrauli\u00f6ljy\"}]},{\"@type\":\"WebSite\",\"@id\":\"https:\/\/www.hitech.fi\/hitech\/#website\",\"url\":\"https:\/\/www.hitech.fi\/hitech\/\",\"name\":\"Hitech Chemicals\",\"description\":\"Puhdistusaineet ja huoltotuotteet\",\"publisher\":{\"@id\":\"https:\/\/www.hitech.fi\/hitech\/#organization\"},\"potentialAction\":[{\"@type\":\"SearchAction\",\"target\":{\"@type\":\"EntryPoint\",\"urlTemplate\":\"https:\/\/www.hitech.fi\/hitech\/?s={search_term_string}\"},\"query-input\":{\"@type\":\"PropertyValueSpecification\",\"valueRequired\":true,\"valueName\":\"search_term_string\"}}],\"inLanguage\":\"fi\"},{\"@type\":\"Organization\",\"@id\":\"https:\/\/www.hitech.fi\/hitech\/#organization\",\"name\":\"Hitech Chemicals\",\"alternateName\":\"Hitech\",\"url\":\"https:\/\/www.hitech.fi\/hitech\/\",\"logo\":{\"@type\":\"ImageObject\",\"inLanguage\":\"fi\",\"@id\":\"https:\/\/www.hitech.fi\/hitech\/#\/schema\/logo\/image\/\",\"url\":\"https:\/\/www.hitech.fi\/hitech\/wp-content\/uploads\/2023\/06\/cropped-hitech_logo_600x600.png\",\"contentUrl\":\"https:\/\/www.hitech.fi\/hitech\/wp-content\/uploads\/2023\/06\/cropped-hitech_logo_600x600.png\",\"width\":512,\"height\":512,\"caption\":\"Hitech Chemicals\"},\"image\":{\"@id\":\"https:\/\/www.hitech.fi\/hitech\/#\/schema\/logo\/image\/\"},\"sameAs\":[\"https:\/\/www.facebook.com\/hitechfinland\"]}]}<\/script>\n<!-- \/ Yoast SEO plugin. -->","yoast_head_json":{"title":"Pemco Hydro HV ISO 22 VI245 hydrauli\u00f6ljy | Hitech Chemicals","robots":{"index":"index","follow":"follow","max-snippet":"max-snippet:-1","max-image-preview":"max-image-preview:large","max-video-preview":"max-video-preview:-1"},"canonical":"https:\/\/www.hitech.fi\/hitech\/product\/pemco-hydro-hv-iso-22-vi245-hydraulioljy\/","og_locale":"fi_FI","og_type":"article","og_title":"Pemco Hydro HV ISO 22 VI245 hydrauli\u00f6ljy | Hitech Chemicals","og_description":"T\u00e4ytt\u00e4v\u00e4t seuraavat vaatimukset \/ luokitukset: SAE MS 1004 ISO Viscosity Grade 22 Viskositeetti indeksi min 245 DIN 51524-2 (HM)\/-3 (HV) ISO 11158 (HM, HV) ASTM USA D6158 ANSI AGMA 9005-E02-RO AIST 126\/127 JCMAS P041 HK Hydraulic specification GERMAN STEEL INDUSTRY SEB 181222 BOSCH REXROTH RE 90220 EATON M-2950-S EATON I-286-S3 GM LS2 MAG CINCINNATI P-68 PARKER DENISON HF-0\/-1\/-2 SPERRY VICKERS M-2950-S SPERRY VICKERS I-286-S3  Pakkauskoko: 208L","og_url":"https:\/\/www.hitech.fi\/hitech\/product\/pemco-hydro-hv-iso-22-vi245-hydraulioljy\/","og_site_name":"Hitech Chemicals","article_publisher":"https:\/\/www.facebook.com\/hitechfinland","article_modified_time":"2024-05-13T05:31:35+00:00","og_image":[{"width":1040,"height":1200,"url":"https:\/\/www.hitech.fi\/hitech\/wp-content\/uploads\/2024\/01\/pictures_png_PM2204-20_brown_new_front_1200.png","type":"image\/png"}],"twitter_card":"summary_large_image","twitter_misc":{"Arvioitu lukuaika":"1 minuutti"},"schema":{"@context":"https:\/\/schema.org","@graph":[{"@type":"WebPage","@id":"https:\/\/www.hitech.fi\/hitech\/product\/pemco-hydro-hv-iso-22-vi245-hydraulioljy\/","url":"https:\/\/www.hitech.fi\/hitech\/product\/pemco-hydro-hv-iso-22-vi245-hydraulioljy\/","name":"Pemco Hydro HV ISO 22 VI245 hydrauli\u00f6ljy | Hitech Chemicals","isPartOf":{"@id":"https:\/\/www.hitech.fi\/hitech\/#website"},"primaryImageOfPage":{"@id":"https:\/\/www.hitech.fi\/hitech\/product\/pemco-hydro-hv-iso-22-vi245-hydraulioljy\/#primaryimage"},"image":{"@id":"https:\/\/www.hitech.fi\/hitech\/product\/pemco-hydro-hv-iso-22-vi245-hydraulioljy\/#primaryimage"},"thumbnailUrl":"https:\/\/www.hitech.fi\/hitech\/wp-content\/uploads\/2024\/01\/pictures_png_PM2204-20_brown_new_front_1200.png","datePublished":"2024-01-25T08:37:23+00:00","dateModified":"2024-05-13T05:31:35+00:00","breadcrumb":{"@id":"https:\/\/www.hitech.fi\/hitech\/product\/pemco-hydro-hv-iso-22-vi245-hydraulioljy\/#breadcrumb"},"inLanguage":"fi","potentialAction":[{"@type":"ReadAction","target":["https:\/\/www.hitech.fi\/hitech\/product\/pemco-hydro-hv-iso-22-vi245-hydraulioljy\/"]}]},{"@type":"ImageObject","inLanguage":"fi","@id":"https:\/\/www.hitech.fi\/hitech\/product\/pemco-hydro-hv-iso-22-vi245-hydraulioljy\/#primaryimage","url":"https:\/\/www.hitech.fi\/hitech\/wp-content\/uploads\/2024\/01\/pictures_png_PM2204-20_brown_new_front_1200.png","contentUrl":"https:\/\/www.hitech.fi\/hitech\/wp-content\/uploads\/2024\/01\/pictures_png_PM2204-20_brown_new_front_1200.png","width":1040,"height":1200},{"@type":"BreadcrumbList","@id":"https:\/\/www.hitech.fi\/hitech\/product\/pemco-hydro-hv-iso-22-vi245-hydraulioljy\/#breadcrumb","itemListElement":[{"@type":"ListItem","position":1,"name":"Etusivu","item":"https:\/\/www.hitech.fi\/hitech\/"},{"@type":"ListItem","position":2,"name":"Katalogi","item":"https:\/\/www.hitech.fi\/hitech\/katalogi\/"},{"@type":"ListItem","position":3,"name":"Pemco Hydro HV ISO 22 VI245 hydrauli\u00f6ljy"}]},{"@type":"WebSite","@id":"https:\/\/www.hitech.fi\/hitech\/#website","url":"https:\/\/www.hitech.fi\/hitech\/","name":"Hitech Chemicals","description":"Puhdistusaineet ja huoltotuotteet","publisher":{"@id":"https:\/\/www.hitech.fi\/hitech\/#organization"},"potentialAction":[{"@type":"SearchAction","target":{"@type":"EntryPoint","urlTemplate":"https:\/\/www.hitech.fi\/hitech\/?s={search_term_string}"},"query-input":{"@type":"PropertyValueSpecification","valueRequired":true,"valueName":"search_term_string"}}],"inLanguage":"fi"},{"@type":"Organization","@id":"https:\/\/www.hitech.fi\/hitech\/#organization","name":"Hitech Chemicals","alternateName":"Hitech","url":"https:\/\/www.hitech.fi\/hitech\/","logo":{"@type":"ImageObject","inLanguage":"fi","@id":"https:\/\/www.hitech.fi\/hitech\/#\/schema\/logo\/image\/","url":"https:\/\/www.hitech.fi\/hitech\/wp-content\/uploads\/2023\/06\/cropped-hitech_logo_600x600.png","contentUrl":"https:\/\/www.hitech.fi\/hitech\/wp-content\/uploads\/2023\/06\/cropped-hitech_logo_600x600.png","width":512,"height":512,"caption":"Hitech Chemicals"},"image":{"@id":"https:\/\/www.hitech.fi\/hitech\/#\/schema\/logo\/image\/"},"sameAs":["https:\/\/www.facebook.com\/hitechfinland"]}]}},"_links":{"self":[{"href":"https:\/\/www.hitech.fi\/hitech\/wp-json\/wp\/v2\/product\/1512","targetHints":{"allow":["GET"]}}],"collection":[{"href":"https:\/\/www.hitech.fi\/hitech\/wp-json\/wp\/v2\/product"}],"about":[{"href":"https:\/\/www.hitech.fi\/hitech\/wp-json\/wp\/v2\/types\/product"}],"replies":[{"embeddable":true,"href":"https:\/\/www.hitech.fi\/hitech\/wp-json\/wp\/v2\/comments?post=1512"}],"wp:featuredmedia":[{"embeddable":true,"href":"https:\/\/www.hitech.fi\/hitech\/wp-json\/wp\/v2\/media\/1513"}],"wp:attachment":[{"href":"https:\/\/www.hitech.fi\/hitech\/wp-json\/wp\/v2\/media?parent=1512"}],"wp:term":[{"taxonomy":"product_brand","embeddable":true,"href":"https:\/\/www.hitech.fi\/hitech\/wp-json\/wp\/v2\/product_brand?post=1512"},{"taxonomy":"product_cat","embeddable":true,"href":"https:\/\/www.hitech.fi\/hitech\/wp-json\/wp\/v2\/product_cat?post=1512"},{"taxonomy":"product_tag","embeddable":true,"href":"https:\/\/www.hitech.fi\/hitech\/wp-json\/wp\/v2\/product_tag?post=1512"}],"curies":[{"name":"wp","href":"https:\/\/api.w.org\/{rel}","templated":true}]}}