{"id":1359,"date":"2023-12-08T09:15:00","date_gmt":"2023-12-08T07:15:00","guid":{"rendered":"https:\/\/www.hitech.fi\/hitech\/?post_type=product&#038;p=1359"},"modified":"2024-05-10T13:45:02","modified_gmt":"2024-05-10T10:45:02","slug":"elite-max-view-88-c-huippuluokan-tuulilasinpesuneste","status":"publish","type":"product","link":"https:\/\/www.hitech.fi\/hitech\/product\/elite-max-view-88-c-huippuluokan-tuulilasinpesuneste\/","title":{"rendered":"ELITE Max View -88 \u00b0C huippuluokan tuulilasinpesuneste"},"content":{"rendered":"<p><strong>Sis\u00e4lt\u00e4\u00e4<\/strong><br \/>\nKirkastetta, ionittomia tensidej\u00e4, metanolia<\/p>\n<p><strong>Pakkasenkest\u00e4vyys<\/strong><br \/>\n1:0 = -88 \u00b0C<br \/>\n1:1 = -37 \u00b0C<br \/>\n1:2 = -23 \u00b0C<\/p>\n","protected":false},"excerpt":{"rendered":"<p><strong>Max View -88 \u00b0C varmistaa n\u00e4kyvyyden vaikeissakin olosuhteissa!<\/strong><\/p>\n<p>Max View -88 \u00b0C on metanolipohjainen lasinpesuneste,joka toimii \u00e4\u00e4rimm\u00e4isen hyvin kylmiss\u00e4 olosuhteissa. Se puhdistaa tuulilasin tehokkaasti liasta ja hy\u00f6nteisist\u00e4 varmistaen moitteettoman n\u00e4kyvyyden s\u00e4\u00e4ss\u00e4 kuin s\u00e4\u00e4ss\u00e4. Tuote haihtuu lasilta erinomaisesti eik\u00e4 j\u00e4t\u00e4 j\u00e4lkeens\u00e4 mink\u00e4\u00e4nlaista h\u00e4iritsev\u00e4\u00e4 kalvoa.<\/p>\n<p>Max View -88 \u00b0C on k\u00e4ytt\u00e4j\u00e4yst\u00e4v\u00e4llinen sen l\u00e4hes hajuttoman tuoksun ansiosta sek\u00e4 raakatiivisteest\u00e4 johtuen eritt\u00e4in taloudellinen. Tuote sis\u00e4lt\u00e4\u00e4 kirkasteaineen ja on v\u00e4rilt\u00e4\u00e4n sininen.<\/p>\n<p><strong>Pakkauskoot:<\/strong><br \/>\n10L, 20L, 200L ja 1000L IBC<\/p>\n[maxbutton id=\"2\" url=\"https:\/\/www.hitech.fi\/hitech\/wp-content\/uploads\/2023\/12\/Elite_MaxView.pdf\" text=\"Lataa tuotekortti\" window=\"new\" ]\n","protected":false},"featured_media":1829,"comment_status":"closed","ping_status":"closed","template":"","meta":[],"product_brand":[],"product_cat":[147,97,134,133,125],"product_tag":[],"class_list":{"0":"post-1359","1":"product","2":"type-product","3":"status-publish","4":"has-post-thumbnail","6":"product_cat-huolto-ja-korjaus","7":"product_cat-huoltokemikaalit","8":"product_cat-kalusto-ja-ajoneuvot","9":"product_cat-toimialat","10":"product_cat-tuulilasinpesunesteet","12":"first","13":"instock","14":"featured","15":"shipping-taxable","16":"product-type-simple"},"yoast_head":"<!-- This site is optimized with the Yoast SEO plugin v24.3 - https:\/\/yoast.com\/wordpress\/plugins\/seo\/ -->\n<title>ELITE Max View -88 \u00b0C huippuluokan tuulilasinpesuneste | Hitech Chemicals<\/title>\n<meta name=\"robots\" content=\"index, follow, max-snippet:-1, max-image-preview:large, max-video-preview:-1\" \/>\n<link rel=\"canonical\" href=\"https:\/\/www.hitech.fi\/hitech\/product\/elite-max-view-88-c-huippuluokan-tuulilasinpesuneste\/\" \/>\n<meta property=\"og:locale\" content=\"fi_FI\" \/>\n<meta property=\"og:type\" content=\"article\" \/>\n<meta property=\"og:title\" content=\"ELITE Max View -88 \u00b0C huippuluokan tuulilasinpesuneste | Hitech Chemicals\" \/>\n<meta property=\"og:description\" content=\"Max View -88 \u00b0C varmistaa n\u00e4kyvyyden vaikeissakin olosuhteissa!  Max View -88 \u00b0C on metanolipohjainen lasinpesuneste,joka toimii \u00e4\u00e4rimm\u00e4isen hyvin kylmiss\u00e4 olosuhteissa. Se puhdistaa tuulilasin tehokkaasti liasta ja hy\u00f6nteisist\u00e4 varmistaen moitteettoman n\u00e4kyvyyden s\u00e4\u00e4ss\u00e4 kuin s\u00e4\u00e4ss\u00e4. Tuote haihtuu lasilta erinomaisesti eik\u00e4 j\u00e4t\u00e4 j\u00e4lkeens\u00e4 mink\u00e4\u00e4nlaista h\u00e4iritsev\u00e4\u00e4 kalvoa.  Max View -88 \u00b0C on k\u00e4ytt\u00e4j\u00e4yst\u00e4v\u00e4llinen sen l\u00e4hes hajuttoman tuoksun ansiosta sek\u00e4 raakatiivisteest\u00e4 johtuen eritt\u00e4in taloudellinen. Tuote sis\u00e4lt\u00e4\u00e4 kirkasteaineen ja on v\u00e4rilt\u00e4\u00e4n sininen.  Pakkauskoot: 10L, 20L, 200L ja 1000L IBC\" \/>\n<meta property=\"og:url\" content=\"https:\/\/www.hitech.fi\/hitech\/product\/elite-max-view-88-c-huippuluokan-tuulilasinpesuneste\/\" \/>\n<meta property=\"og:site_name\" content=\"Hitech Chemicals\" \/>\n<meta property=\"article:publisher\" content=\"https:\/\/www.facebook.com\/hitechfinland\" \/>\n<meta property=\"article:modified_time\" content=\"2024-05-10T10:45:02+00:00\" \/>\n<meta property=\"og:image\" content=\"https:\/\/www.hitech.fi\/hitech\/wp-content\/uploads\/2023\/12\/Elite_Max_View_efect.jpg\" \/>\n\t<meta property=\"og:image:width\" content=\"1024\" \/>\n\t<meta property=\"og:image:height\" content=\"1024\" \/>\n\t<meta property=\"og:image:type\" content=\"image\/jpeg\" \/>\n<meta name=\"twitter:card\" content=\"summary_large_image\" \/>\n<meta name=\"twitter:label1\" content=\"Arvioitu lukuaika\" \/>\n\t<meta name=\"twitter:data1\" content=\"1 minuutti\" \/>\n<script type=\"application\/ld+json\" class=\"yoast-schema-graph\">{\"@context\":\"https:\/\/schema.org\",\"@graph\":[{\"@type\":\"WebPage\",\"@id\":\"https:\/\/www.hitech.fi\/hitech\/product\/elite-max-view-88-c-huippuluokan-tuulilasinpesuneste\/\",\"url\":\"https:\/\/www.hitech.fi\/hitech\/product\/elite-max-view-88-c-huippuluokan-tuulilasinpesuneste\/\",\"name\":\"ELITE Max View -88 \u00b0C huippuluokan tuulilasinpesuneste | Hitech Chemicals\",\"isPartOf\":{\"@id\":\"https:\/\/www.hitech.fi\/hitech\/#website\"},\"primaryImageOfPage\":{\"@id\":\"https:\/\/www.hitech.fi\/hitech\/product\/elite-max-view-88-c-huippuluokan-tuulilasinpesuneste\/#primaryimage\"},\"image\":{\"@id\":\"https:\/\/www.hitech.fi\/hitech\/product\/elite-max-view-88-c-huippuluokan-tuulilasinpesuneste\/#primaryimage\"},\"thumbnailUrl\":\"https:\/\/www.hitech.fi\/hitech\/wp-content\/uploads\/2023\/12\/Elite_Max_View_efect.jpg\",\"datePublished\":\"2023-12-08T07:15:00+00:00\",\"dateModified\":\"2024-05-10T10:45:02+00:00\",\"breadcrumb\":{\"@id\":\"https:\/\/www.hitech.fi\/hitech\/product\/elite-max-view-88-c-huippuluokan-tuulilasinpesuneste\/#breadcrumb\"},\"inLanguage\":\"fi\",\"potentialAction\":[{\"@type\":\"ReadAction\",\"target\":[\"https:\/\/www.hitech.fi\/hitech\/product\/elite-max-view-88-c-huippuluokan-tuulilasinpesuneste\/\"]}]},{\"@type\":\"ImageObject\",\"inLanguage\":\"fi\",\"@id\":\"https:\/\/www.hitech.fi\/hitech\/product\/elite-max-view-88-c-huippuluokan-tuulilasinpesuneste\/#primaryimage\",\"url\":\"https:\/\/www.hitech.fi\/hitech\/wp-content\/uploads\/2023\/12\/Elite_Max_View_efect.jpg\",\"contentUrl\":\"https:\/\/www.hitech.fi\/hitech\/wp-content\/uploads\/2023\/12\/Elite_Max_View_efect.jpg\",\"width\":1024,\"height\":1024},{\"@type\":\"BreadcrumbList\",\"@id\":\"https:\/\/www.hitech.fi\/hitech\/product\/elite-max-view-88-c-huippuluokan-tuulilasinpesuneste\/#breadcrumb\",\"itemListElement\":[{\"@type\":\"ListItem\",\"position\":1,\"name\":\"Etusivu\",\"item\":\"https:\/\/www.hitech.fi\/hitech\/\"},{\"@type\":\"ListItem\",\"position\":2,\"name\":\"Katalogi\",\"item\":\"https:\/\/www.hitech.fi\/hitech\/katalogi\/\"},{\"@type\":\"ListItem\",\"position\":3,\"name\":\"ELITE Max View -88 \u00b0C huippuluokan tuulilasinpesuneste\"}]},{\"@type\":\"WebSite\",\"@id\":\"https:\/\/www.hitech.fi\/hitech\/#website\",\"url\":\"https:\/\/www.hitech.fi\/hitech\/\",\"name\":\"Hitech Chemicals\",\"description\":\"Puhdistusaineet ja huoltotuotteet\",\"publisher\":{\"@id\":\"https:\/\/www.hitech.fi\/hitech\/#organization\"},\"potentialAction\":[{\"@type\":\"SearchAction\",\"target\":{\"@type\":\"EntryPoint\",\"urlTemplate\":\"https:\/\/www.hitech.fi\/hitech\/?s={search_term_string}\"},\"query-input\":{\"@type\":\"PropertyValueSpecification\",\"valueRequired\":true,\"valueName\":\"search_term_string\"}}],\"inLanguage\":\"fi\"},{\"@type\":\"Organization\",\"@id\":\"https:\/\/www.hitech.fi\/hitech\/#organization\",\"name\":\"Hitech Chemicals\",\"alternateName\":\"Hitech\",\"url\":\"https:\/\/www.hitech.fi\/hitech\/\",\"logo\":{\"@type\":\"ImageObject\",\"inLanguage\":\"fi\",\"@id\":\"https:\/\/www.hitech.fi\/hitech\/#\/schema\/logo\/image\/\",\"url\":\"https:\/\/www.hitech.fi\/hitech\/wp-content\/uploads\/2023\/06\/cropped-hitech_logo_600x600.png\",\"contentUrl\":\"https:\/\/www.hitech.fi\/hitech\/wp-content\/uploads\/2023\/06\/cropped-hitech_logo_600x600.png\",\"width\":512,\"height\":512,\"caption\":\"Hitech Chemicals\"},\"image\":{\"@id\":\"https:\/\/www.hitech.fi\/hitech\/#\/schema\/logo\/image\/\"},\"sameAs\":[\"https:\/\/www.facebook.com\/hitechfinland\"]}]}<\/script>\n<!-- \/ Yoast SEO plugin. -->","yoast_head_json":{"title":"ELITE Max View -88 \u00b0C huippuluokan tuulilasinpesuneste | Hitech Chemicals","robots":{"index":"index","follow":"follow","max-snippet":"max-snippet:-1","max-image-preview":"max-image-preview:large","max-video-preview":"max-video-preview:-1"},"canonical":"https:\/\/www.hitech.fi\/hitech\/product\/elite-max-view-88-c-huippuluokan-tuulilasinpesuneste\/","og_locale":"fi_FI","og_type":"article","og_title":"ELITE Max View -88 \u00b0C huippuluokan tuulilasinpesuneste | Hitech Chemicals","og_description":"Max View -88 \u00b0C varmistaa n\u00e4kyvyyden vaikeissakin olosuhteissa!  Max View -88 \u00b0C on metanolipohjainen lasinpesuneste,joka toimii \u00e4\u00e4rimm\u00e4isen hyvin kylmiss\u00e4 olosuhteissa. Se puhdistaa tuulilasin tehokkaasti liasta ja hy\u00f6nteisist\u00e4 varmistaen moitteettoman n\u00e4kyvyyden s\u00e4\u00e4ss\u00e4 kuin s\u00e4\u00e4ss\u00e4. Tuote haihtuu lasilta erinomaisesti eik\u00e4 j\u00e4t\u00e4 j\u00e4lkeens\u00e4 mink\u00e4\u00e4nlaista h\u00e4iritsev\u00e4\u00e4 kalvoa.  Max View -88 \u00b0C on k\u00e4ytt\u00e4j\u00e4yst\u00e4v\u00e4llinen sen l\u00e4hes hajuttoman tuoksun ansiosta sek\u00e4 raakatiivisteest\u00e4 johtuen eritt\u00e4in taloudellinen. Tuote sis\u00e4lt\u00e4\u00e4 kirkasteaineen ja on v\u00e4rilt\u00e4\u00e4n sininen.  Pakkauskoot: 10L, 20L, 200L ja 1000L IBC","og_url":"https:\/\/www.hitech.fi\/hitech\/product\/elite-max-view-88-c-huippuluokan-tuulilasinpesuneste\/","og_site_name":"Hitech Chemicals","article_publisher":"https:\/\/www.facebook.com\/hitechfinland","article_modified_time":"2024-05-10T10:45:02+00:00","og_image":[{"width":1024,"height":1024,"url":"https:\/\/www.hitech.fi\/hitech\/wp-content\/uploads\/2023\/12\/Elite_Max_View_efect.jpg","type":"image\/jpeg"}],"twitter_card":"summary_large_image","twitter_misc":{"Arvioitu lukuaika":"1 minuutti"},"schema":{"@context":"https:\/\/schema.org","@graph":[{"@type":"WebPage","@id":"https:\/\/www.hitech.fi\/hitech\/product\/elite-max-view-88-c-huippuluokan-tuulilasinpesuneste\/","url":"https:\/\/www.hitech.fi\/hitech\/product\/elite-max-view-88-c-huippuluokan-tuulilasinpesuneste\/","name":"ELITE Max View -88 \u00b0C huippuluokan tuulilasinpesuneste | Hitech Chemicals","isPartOf":{"@id":"https:\/\/www.hitech.fi\/hitech\/#website"},"primaryImageOfPage":{"@id":"https:\/\/www.hitech.fi\/hitech\/product\/elite-max-view-88-c-huippuluokan-tuulilasinpesuneste\/#primaryimage"},"image":{"@id":"https:\/\/www.hitech.fi\/hitech\/product\/elite-max-view-88-c-huippuluokan-tuulilasinpesuneste\/#primaryimage"},"thumbnailUrl":"https:\/\/www.hitech.fi\/hitech\/wp-content\/uploads\/2023\/12\/Elite_Max_View_efect.jpg","datePublished":"2023-12-08T07:15:00+00:00","dateModified":"2024-05-10T10:45:02+00:00","breadcrumb":{"@id":"https:\/\/www.hitech.fi\/hitech\/product\/elite-max-view-88-c-huippuluokan-tuulilasinpesuneste\/#breadcrumb"},"inLanguage":"fi","potentialAction":[{"@type":"ReadAction","target":["https:\/\/www.hitech.fi\/hitech\/product\/elite-max-view-88-c-huippuluokan-tuulilasinpesuneste\/"]}]},{"@type":"ImageObject","inLanguage":"fi","@id":"https:\/\/www.hitech.fi\/hitech\/product\/elite-max-view-88-c-huippuluokan-tuulilasinpesuneste\/#primaryimage","url":"https:\/\/www.hitech.fi\/hitech\/wp-content\/uploads\/2023\/12\/Elite_Max_View_efect.jpg","contentUrl":"https:\/\/www.hitech.fi\/hitech\/wp-content\/uploads\/2023\/12\/Elite_Max_View_efect.jpg","width":1024,"height":1024},{"@type":"BreadcrumbList","@id":"https:\/\/www.hitech.fi\/hitech\/product\/elite-max-view-88-c-huippuluokan-tuulilasinpesuneste\/#breadcrumb","itemListElement":[{"@type":"ListItem","position":1,"name":"Etusivu","item":"https:\/\/www.hitech.fi\/hitech\/"},{"@type":"ListItem","position":2,"name":"Katalogi","item":"https:\/\/www.hitech.fi\/hitech\/katalogi\/"},{"@type":"ListItem","position":3,"name":"ELITE Max View -88 \u00b0C huippuluokan tuulilasinpesuneste"}]},{"@type":"WebSite","@id":"https:\/\/www.hitech.fi\/hitech\/#website","url":"https:\/\/www.hitech.fi\/hitech\/","name":"Hitech Chemicals","description":"Puhdistusaineet ja huoltotuotteet","publisher":{"@id":"https:\/\/www.hitech.fi\/hitech\/#organization"},"potentialAction":[{"@type":"SearchAction","target":{"@type":"EntryPoint","urlTemplate":"https:\/\/www.hitech.fi\/hitech\/?s={search_term_string}"},"query-input":{"@type":"PropertyValueSpecification","valueRequired":true,"valueName":"search_term_string"}}],"inLanguage":"fi"},{"@type":"Organization","@id":"https:\/\/www.hitech.fi\/hitech\/#organization","name":"Hitech Chemicals","alternateName":"Hitech","url":"https:\/\/www.hitech.fi\/hitech\/","logo":{"@type":"ImageObject","inLanguage":"fi","@id":"https:\/\/www.hitech.fi\/hitech\/#\/schema\/logo\/image\/","url":"https:\/\/www.hitech.fi\/hitech\/wp-content\/uploads\/2023\/06\/cropped-hitech_logo_600x600.png","contentUrl":"https:\/\/www.hitech.fi\/hitech\/wp-content\/uploads\/2023\/06\/cropped-hitech_logo_600x600.png","width":512,"height":512,"caption":"Hitech Chemicals"},"image":{"@id":"https:\/\/www.hitech.fi\/hitech\/#\/schema\/logo\/image\/"},"sameAs":["https:\/\/www.facebook.com\/hitechfinland"]}]}},"_links":{"self":[{"href":"https:\/\/www.hitech.fi\/hitech\/wp-json\/wp\/v2\/product\/1359","targetHints":{"allow":["GET"]}}],"collection":[{"href":"https:\/\/www.hitech.fi\/hitech\/wp-json\/wp\/v2\/product"}],"about":[{"href":"https:\/\/www.hitech.fi\/hitech\/wp-json\/wp\/v2\/types\/product"}],"replies":[{"embeddable":true,"href":"https:\/\/www.hitech.fi\/hitech\/wp-json\/wp\/v2\/comments?post=1359"}],"wp:featuredmedia":[{"embeddable":true,"href":"https:\/\/www.hitech.fi\/hitech\/wp-json\/wp\/v2\/media\/1829"}],"wp:attachment":[{"href":"https:\/\/www.hitech.fi\/hitech\/wp-json\/wp\/v2\/media?parent=1359"}],"wp:term":[{"taxonomy":"product_brand","embeddable":true,"href":"https:\/\/www.hitech.fi\/hitech\/wp-json\/wp\/v2\/product_brand?post=1359"},{"taxonomy":"product_cat","embeddable":true,"href":"https:\/\/www.hitech.fi\/hitech\/wp-json\/wp\/v2\/product_cat?post=1359"},{"taxonomy":"product_tag","embeddable":true,"href":"https:\/\/www.hitech.fi\/hitech\/wp-json\/wp\/v2\/product_tag?post=1359"}],"curies":[{"name":"wp","href":"https:\/\/api.w.org\/{rel}","templated":true}]}}