{"id":1351,"date":"2023-12-08T08:51:19","date_gmt":"2023-12-08T06:51:19","guid":{"rendered":"https:\/\/www.hitech.fi\/hitech\/?post_type=product&#038;p=1351"},"modified":"2024-05-10T13:46:45","modified_gmt":"2024-05-10T10:46:45","slug":"elite-super-hd-huippuluokan-pesuaine","status":"publish","type":"product","link":"https:\/\/www.hitech.fi\/hitech\/product\/elite-super-hd-huippuluokan-pesuaine\/","title":{"rendered":"ELITE Super HD huippuluokan pesuaine"},"content":{"rendered":"<p><strong>K\u00e4ytt\u00f6ohje<\/strong><\/p>\n<p>Laimenna vedell\u00e4 likaisuusasteesta ja levitystavasta riippuen.<br \/>\nAnnostele:<br \/>\n1:10 \u2013 1:100 harjapesukoneissa tai k\u00e4sinpesussa,<br \/>\n1:5 \u2013 1:30 matalapaineruiskulla,<br \/>\n1:15 \u2013 1:50 painepesurissa.<br \/>\nAloita pesuaineen levitt\u00e4minen alhaalta yl\u00f6sp\u00e4in kuivalle pinnalle.<br \/>\nAnna vaikuttaa noin 30 sek \u2013 5 min.<br \/>\nHuuhtele puhtaalla painevedell\u00e4.<br \/>\nEi suositella levitett\u00e4v\u00e4ksi yli + 35 \u00b0C (k\u00e4denl\u00e4mp\u00f6iselle) pinnalle.<br \/>\nV\u00e4lt\u00e4 aina pesua kuumissa olosuhteissa ja auringonpaisteessa.<\/p>\n","protected":false},"excerpt":{"rendered":"<p><strong>Elite Super HD on huippuluokan pesuaine<\/strong>, jolla on erinomainen kyky irroittaa erilaisia likakertymi\u00e4 tehokkaasti. Kehittyneen koostumuksensa vuoksi sopii erilaisille pinnoille. Erinomainen lianirrotuskyky mahdollistaa pesuaineen k\u00e4yt\u00f6n ymp\u00e4rivuotisissa pesuissa. Soveltuu erinomaisesti harjakoneiden esi- ja harjapesunaineeksi sek\u00e4 k\u00e4sinpesuun.<\/p>\n<p>Irrottaa muun muassa maantiesuolaa, rasvaa, \u00f6ljyj\u00e4, hy\u00f6nteisj\u00e4\u00e4mi\u00e4 ja muita vaikeita ep\u00e4puhtauksia. Miellytt\u00e4v\u00e4n kevyt tuoksu k\u00e4ytt\u00e4j\u00e4lle ja lopputuloksena kauniin kirkas pinta. Erikoisominaisuuksien ansiosta voidaan levitt\u00e4\u00e4 m\u00e4r\u00e4lle pinnalle, mutta paras lopputulos saavutetaan aina kuivalle pinnalle levitettyn\u00e4.<\/p>\n<p><strong>Pakkaukoot:<\/strong><br \/>\n10L, 20L, 200L ja 1000L IBC<\/p>\n[maxbutton id=\"2\" url=\"https:\/\/www.hitech.fi\/hitech\/wp-content\/uploads\/2023\/12\/Elite_Super_HD.pdf\" text=\"Lataa tuotekortti\" window=\"new\" ]\n","protected":false},"featured_media":1831,"comment_status":"closed","ping_status":"closed","template":"","meta":[],"product_brand":[],"product_cat":[147,134,118,124,137,139,96,133],"product_tag":[],"class_list":{"0":"post-1351","1":"product","2":"type-product","3":"status-publish","4":"has-post-thumbnail","6":"product_cat-huolto-ja-korjaus","7":"product_cat-kalusto-ja-ajoneuvot","8":"product_cat-kalustonpesu","9":"product_cat-lattiapesu","10":"product_cat-maatalous","11":"product_cat-metsatalous","12":"product_cat-pesuaineet","13":"product_cat-toimialat","15":"first","16":"instock","17":"shipping-taxable","18":"product-type-simple"},"yoast_head":"<!-- This site is optimized with the Yoast SEO plugin v24.3 - https:\/\/yoast.com\/wordpress\/plugins\/seo\/ -->\n<title>ELITE Super HD huippuluokan pesuaine | Hitech Chemicals<\/title>\n<meta name=\"robots\" content=\"index, follow, max-snippet:-1, max-image-preview:large, max-video-preview:-1\" \/>\n<link rel=\"canonical\" href=\"https:\/\/www.hitech.fi\/hitech\/product\/elite-super-hd-huippuluokan-pesuaine\/\" \/>\n<meta property=\"og:locale\" content=\"fi_FI\" \/>\n<meta property=\"og:type\" content=\"article\" \/>\n<meta property=\"og:title\" content=\"ELITE Super HD huippuluokan pesuaine | Hitech Chemicals\" \/>\n<meta property=\"og:description\" content=\"Elite Super HD on huippuluokan pesuaine, jolla on erinomainen kyky irroittaa erilaisia likakertymi\u00e4 tehokkaasti. Kehittyneen koostumuksensa vuoksi sopii erilaisille pinnoille. Erinomainen lianirrotuskyky mahdollistaa pesuaineen k\u00e4yt\u00f6n ymp\u00e4rivuotisissa pesuissa. Soveltuu erinomaisesti harjakoneiden esi- ja harjapesunaineeksi sek\u00e4 k\u00e4sinpesuun.  Irrottaa muun muassa maantiesuolaa, rasvaa, \u00f6ljyj\u00e4, hy\u00f6nteisj\u00e4\u00e4mi\u00e4 ja muita vaikeita ep\u00e4puhtauksia. Miellytt\u00e4v\u00e4n kevyt tuoksu k\u00e4ytt\u00e4j\u00e4lle ja lopputuloksena kauniin kirkas pinta. Erikoisominaisuuksien ansiosta voidaan levitt\u00e4\u00e4 m\u00e4r\u00e4lle pinnalle, mutta paras lopputulos saavutetaan aina kuivalle pinnalle levitettyn\u00e4.  Pakkaukoot: 10L, 20L, 200L ja 1000L IBC\" \/>\n<meta property=\"og:url\" content=\"https:\/\/www.hitech.fi\/hitech\/product\/elite-super-hd-huippuluokan-pesuaine\/\" \/>\n<meta property=\"og:site_name\" content=\"Hitech Chemicals\" \/>\n<meta property=\"article:publisher\" content=\"https:\/\/www.facebook.com\/hitechfinland\" \/>\n<meta property=\"article:modified_time\" content=\"2024-05-10T10:46:45+00:00\" \/>\n<meta property=\"og:image\" content=\"https:\/\/www.hitech.fi\/hitech\/wp-content\/uploads\/2023\/12\/Elite_Super_HD_efect.jpg\" \/>\n\t<meta property=\"og:image:width\" content=\"1024\" \/>\n\t<meta property=\"og:image:height\" content=\"1024\" \/>\n\t<meta property=\"og:image:type\" content=\"image\/jpeg\" \/>\n<meta name=\"twitter:card\" content=\"summary_large_image\" \/>\n<meta name=\"twitter:label1\" content=\"Arvioitu lukuaika\" \/>\n\t<meta name=\"twitter:data1\" content=\"1 minuutti\" \/>\n<script type=\"application\/ld+json\" class=\"yoast-schema-graph\">{\"@context\":\"https:\/\/schema.org\",\"@graph\":[{\"@type\":\"WebPage\",\"@id\":\"https:\/\/www.hitech.fi\/hitech\/product\/elite-super-hd-huippuluokan-pesuaine\/\",\"url\":\"https:\/\/www.hitech.fi\/hitech\/product\/elite-super-hd-huippuluokan-pesuaine\/\",\"name\":\"ELITE Super HD huippuluokan pesuaine | Hitech Chemicals\",\"isPartOf\":{\"@id\":\"https:\/\/www.hitech.fi\/hitech\/#website\"},\"primaryImageOfPage\":{\"@id\":\"https:\/\/www.hitech.fi\/hitech\/product\/elite-super-hd-huippuluokan-pesuaine\/#primaryimage\"},\"image\":{\"@id\":\"https:\/\/www.hitech.fi\/hitech\/product\/elite-super-hd-huippuluokan-pesuaine\/#primaryimage\"},\"thumbnailUrl\":\"https:\/\/www.hitech.fi\/hitech\/wp-content\/uploads\/2023\/12\/Elite_Super_HD_efect.jpg\",\"datePublished\":\"2023-12-08T06:51:19+00:00\",\"dateModified\":\"2024-05-10T10:46:45+00:00\",\"breadcrumb\":{\"@id\":\"https:\/\/www.hitech.fi\/hitech\/product\/elite-super-hd-huippuluokan-pesuaine\/#breadcrumb\"},\"inLanguage\":\"fi\",\"potentialAction\":[{\"@type\":\"ReadAction\",\"target\":[\"https:\/\/www.hitech.fi\/hitech\/product\/elite-super-hd-huippuluokan-pesuaine\/\"]}]},{\"@type\":\"ImageObject\",\"inLanguage\":\"fi\",\"@id\":\"https:\/\/www.hitech.fi\/hitech\/product\/elite-super-hd-huippuluokan-pesuaine\/#primaryimage\",\"url\":\"https:\/\/www.hitech.fi\/hitech\/wp-content\/uploads\/2023\/12\/Elite_Super_HD_efect.jpg\",\"contentUrl\":\"https:\/\/www.hitech.fi\/hitech\/wp-content\/uploads\/2023\/12\/Elite_Super_HD_efect.jpg\",\"width\":1024,\"height\":1024},{\"@type\":\"BreadcrumbList\",\"@id\":\"https:\/\/www.hitech.fi\/hitech\/product\/elite-super-hd-huippuluokan-pesuaine\/#breadcrumb\",\"itemListElement\":[{\"@type\":\"ListItem\",\"position\":1,\"name\":\"Etusivu\",\"item\":\"https:\/\/www.hitech.fi\/hitech\/\"},{\"@type\":\"ListItem\",\"position\":2,\"name\":\"Katalogi\",\"item\":\"https:\/\/www.hitech.fi\/hitech\/katalogi\/\"},{\"@type\":\"ListItem\",\"position\":3,\"name\":\"ELITE Super HD huippuluokan pesuaine\"}]},{\"@type\":\"WebSite\",\"@id\":\"https:\/\/www.hitech.fi\/hitech\/#website\",\"url\":\"https:\/\/www.hitech.fi\/hitech\/\",\"name\":\"Hitech Chemicals\",\"description\":\"Puhdistusaineet ja huoltotuotteet\",\"publisher\":{\"@id\":\"https:\/\/www.hitech.fi\/hitech\/#organization\"},\"potentialAction\":[{\"@type\":\"SearchAction\",\"target\":{\"@type\":\"EntryPoint\",\"urlTemplate\":\"https:\/\/www.hitech.fi\/hitech\/?s={search_term_string}\"},\"query-input\":{\"@type\":\"PropertyValueSpecification\",\"valueRequired\":true,\"valueName\":\"search_term_string\"}}],\"inLanguage\":\"fi\"},{\"@type\":\"Organization\",\"@id\":\"https:\/\/www.hitech.fi\/hitech\/#organization\",\"name\":\"Hitech Chemicals\",\"alternateName\":\"Hitech\",\"url\":\"https:\/\/www.hitech.fi\/hitech\/\",\"logo\":{\"@type\":\"ImageObject\",\"inLanguage\":\"fi\",\"@id\":\"https:\/\/www.hitech.fi\/hitech\/#\/schema\/logo\/image\/\",\"url\":\"https:\/\/www.hitech.fi\/hitech\/wp-content\/uploads\/2023\/06\/cropped-hitech_logo_600x600.png\",\"contentUrl\":\"https:\/\/www.hitech.fi\/hitech\/wp-content\/uploads\/2023\/06\/cropped-hitech_logo_600x600.png\",\"width\":512,\"height\":512,\"caption\":\"Hitech Chemicals\"},\"image\":{\"@id\":\"https:\/\/www.hitech.fi\/hitech\/#\/schema\/logo\/image\/\"},\"sameAs\":[\"https:\/\/www.facebook.com\/hitechfinland\"]}]}<\/script>\n<!-- \/ Yoast SEO plugin. -->","yoast_head_json":{"title":"ELITE Super HD huippuluokan pesuaine | Hitech Chemicals","robots":{"index":"index","follow":"follow","max-snippet":"max-snippet:-1","max-image-preview":"max-image-preview:large","max-video-preview":"max-video-preview:-1"},"canonical":"https:\/\/www.hitech.fi\/hitech\/product\/elite-super-hd-huippuluokan-pesuaine\/","og_locale":"fi_FI","og_type":"article","og_title":"ELITE Super HD huippuluokan pesuaine | Hitech Chemicals","og_description":"Elite Super HD on huippuluokan pesuaine, jolla on erinomainen kyky irroittaa erilaisia likakertymi\u00e4 tehokkaasti. Kehittyneen koostumuksensa vuoksi sopii erilaisille pinnoille. Erinomainen lianirrotuskyky mahdollistaa pesuaineen k\u00e4yt\u00f6n ymp\u00e4rivuotisissa pesuissa. Soveltuu erinomaisesti harjakoneiden esi- ja harjapesunaineeksi sek\u00e4 k\u00e4sinpesuun.  Irrottaa muun muassa maantiesuolaa, rasvaa, \u00f6ljyj\u00e4, hy\u00f6nteisj\u00e4\u00e4mi\u00e4 ja muita vaikeita ep\u00e4puhtauksia. Miellytt\u00e4v\u00e4n kevyt tuoksu k\u00e4ytt\u00e4j\u00e4lle ja lopputuloksena kauniin kirkas pinta. Erikoisominaisuuksien ansiosta voidaan levitt\u00e4\u00e4 m\u00e4r\u00e4lle pinnalle, mutta paras lopputulos saavutetaan aina kuivalle pinnalle levitettyn\u00e4.  Pakkaukoot: 10L, 20L, 200L ja 1000L IBC","og_url":"https:\/\/www.hitech.fi\/hitech\/product\/elite-super-hd-huippuluokan-pesuaine\/","og_site_name":"Hitech Chemicals","article_publisher":"https:\/\/www.facebook.com\/hitechfinland","article_modified_time":"2024-05-10T10:46:45+00:00","og_image":[{"width":1024,"height":1024,"url":"https:\/\/www.hitech.fi\/hitech\/wp-content\/uploads\/2023\/12\/Elite_Super_HD_efect.jpg","type":"image\/jpeg"}],"twitter_card":"summary_large_image","twitter_misc":{"Arvioitu lukuaika":"1 minuutti"},"schema":{"@context":"https:\/\/schema.org","@graph":[{"@type":"WebPage","@id":"https:\/\/www.hitech.fi\/hitech\/product\/elite-super-hd-huippuluokan-pesuaine\/","url":"https:\/\/www.hitech.fi\/hitech\/product\/elite-super-hd-huippuluokan-pesuaine\/","name":"ELITE Super HD huippuluokan pesuaine | Hitech Chemicals","isPartOf":{"@id":"https:\/\/www.hitech.fi\/hitech\/#website"},"primaryImageOfPage":{"@id":"https:\/\/www.hitech.fi\/hitech\/product\/elite-super-hd-huippuluokan-pesuaine\/#primaryimage"},"image":{"@id":"https:\/\/www.hitech.fi\/hitech\/product\/elite-super-hd-huippuluokan-pesuaine\/#primaryimage"},"thumbnailUrl":"https:\/\/www.hitech.fi\/hitech\/wp-content\/uploads\/2023\/12\/Elite_Super_HD_efect.jpg","datePublished":"2023-12-08T06:51:19+00:00","dateModified":"2024-05-10T10:46:45+00:00","breadcrumb":{"@id":"https:\/\/www.hitech.fi\/hitech\/product\/elite-super-hd-huippuluokan-pesuaine\/#breadcrumb"},"inLanguage":"fi","potentialAction":[{"@type":"ReadAction","target":["https:\/\/www.hitech.fi\/hitech\/product\/elite-super-hd-huippuluokan-pesuaine\/"]}]},{"@type":"ImageObject","inLanguage":"fi","@id":"https:\/\/www.hitech.fi\/hitech\/product\/elite-super-hd-huippuluokan-pesuaine\/#primaryimage","url":"https:\/\/www.hitech.fi\/hitech\/wp-content\/uploads\/2023\/12\/Elite_Super_HD_efect.jpg","contentUrl":"https:\/\/www.hitech.fi\/hitech\/wp-content\/uploads\/2023\/12\/Elite_Super_HD_efect.jpg","width":1024,"height":1024},{"@type":"BreadcrumbList","@id":"https:\/\/www.hitech.fi\/hitech\/product\/elite-super-hd-huippuluokan-pesuaine\/#breadcrumb","itemListElement":[{"@type":"ListItem","position":1,"name":"Etusivu","item":"https:\/\/www.hitech.fi\/hitech\/"},{"@type":"ListItem","position":2,"name":"Katalogi","item":"https:\/\/www.hitech.fi\/hitech\/katalogi\/"},{"@type":"ListItem","position":3,"name":"ELITE Super HD huippuluokan pesuaine"}]},{"@type":"WebSite","@id":"https:\/\/www.hitech.fi\/hitech\/#website","url":"https:\/\/www.hitech.fi\/hitech\/","name":"Hitech Chemicals","description":"Puhdistusaineet ja huoltotuotteet","publisher":{"@id":"https:\/\/www.hitech.fi\/hitech\/#organization"},"potentialAction":[{"@type":"SearchAction","target":{"@type":"EntryPoint","urlTemplate":"https:\/\/www.hitech.fi\/hitech\/?s={search_term_string}"},"query-input":{"@type":"PropertyValueSpecification","valueRequired":true,"valueName":"search_term_string"}}],"inLanguage":"fi"},{"@type":"Organization","@id":"https:\/\/www.hitech.fi\/hitech\/#organization","name":"Hitech Chemicals","alternateName":"Hitech","url":"https:\/\/www.hitech.fi\/hitech\/","logo":{"@type":"ImageObject","inLanguage":"fi","@id":"https:\/\/www.hitech.fi\/hitech\/#\/schema\/logo\/image\/","url":"https:\/\/www.hitech.fi\/hitech\/wp-content\/uploads\/2023\/06\/cropped-hitech_logo_600x600.png","contentUrl":"https:\/\/www.hitech.fi\/hitech\/wp-content\/uploads\/2023\/06\/cropped-hitech_logo_600x600.png","width":512,"height":512,"caption":"Hitech Chemicals"},"image":{"@id":"https:\/\/www.hitech.fi\/hitech\/#\/schema\/logo\/image\/"},"sameAs":["https:\/\/www.facebook.com\/hitechfinland"]}]}},"_links":{"self":[{"href":"https:\/\/www.hitech.fi\/hitech\/wp-json\/wp\/v2\/product\/1351","targetHints":{"allow":["GET"]}}],"collection":[{"href":"https:\/\/www.hitech.fi\/hitech\/wp-json\/wp\/v2\/product"}],"about":[{"href":"https:\/\/www.hitech.fi\/hitech\/wp-json\/wp\/v2\/types\/product"}],"replies":[{"embeddable":true,"href":"https:\/\/www.hitech.fi\/hitech\/wp-json\/wp\/v2\/comments?post=1351"}],"wp:featuredmedia":[{"embeddable":true,"href":"https:\/\/www.hitech.fi\/hitech\/wp-json\/wp\/v2\/media\/1831"}],"wp:attachment":[{"href":"https:\/\/www.hitech.fi\/hitech\/wp-json\/wp\/v2\/media?parent=1351"}],"wp:term":[{"taxonomy":"product_brand","embeddable":true,"href":"https:\/\/www.hitech.fi\/hitech\/wp-json\/wp\/v2\/product_brand?post=1351"},{"taxonomy":"product_cat","embeddable":true,"href":"https:\/\/www.hitech.fi\/hitech\/wp-json\/wp\/v2\/product_cat?post=1351"},{"taxonomy":"product_tag","embeddable":true,"href":"https:\/\/www.hitech.fi\/hitech\/wp-json\/wp\/v2\/product_tag?post=1351"}],"curies":[{"name":"wp","href":"https:\/\/api.w.org\/{rel}","templated":true}]}}