{"id":1176,"date":"2023-12-07T09:19:37","date_gmt":"2023-12-07T07:19:37","guid":{"rendered":"https:\/\/www.hitech.fi\/hitech\/?post_type=product&#038;p=1176"},"modified":"2024-05-13T08:31:53","modified_gmt":"2024-05-13T05:31:53","slug":"pemco-to-4-powertrain-oil-sae-30-yksiasteoljy","status":"publish","type":"product","link":"https:\/\/www.hitech.fi\/hitech\/product\/pemco-to-4-powertrain-oil-sae-30-yksiasteoljy\/","title":{"rendered":"Pemco TO-4 Powertrain Oil SAE 30 yksiaste\u00f6ljy"},"content":{"rendered":"<p>Mineraali\u00f6ljypohjainen SAE30 erikois\u00f6ljy vaihteisto- ja hydrauliikkaj\u00e4rjestelmille kun vaatimuksena CAT TO-4.<\/p>\n<p><strong>Tuotteen ominaisuudet:<\/strong><br \/>\n<img fetchpriority=\"high\" decoding=\"async\" src=\"https:\/\/www.hitech.fi\/hitech\/wp-content\/uploads\/2023\/12\/PM_2602_ominaisuudet_FIN.jpg\" alt=\"\" width=\"728\" height=\"215\" class=\"alignnone size-full wp-image-1511\" srcset=\"https:\/\/www.hitech.fi\/hitech\/wp-content\/uploads\/2023\/12\/PM_2602_ominaisuudet_FIN.jpg 728w, https:\/\/www.hitech.fi\/hitech\/wp-content\/uploads\/2023\/12\/PM_2602_ominaisuudet_FIN-300x89.jpg 300w, https:\/\/www.hitech.fi\/hitech\/wp-content\/uploads\/2023\/12\/PM_2602_ominaisuudet_FIN-600x177.jpg 600w\" sizes=\"(max-width: 728px) 100vw, 728px\" \/><\/p>\n","protected":false},"excerpt":{"rendered":"<p>SAE 30<br \/>\nALLISON C4 (off-road)<br \/>\nCATERPILLAR TO-4<br \/>\nKOMATSU KES 07.868.1<\/p>\n<p><strong>Pakkauskoot:<\/strong><br \/>\n208L<\/p>\n[maxbutton id=\"1\" url=\"https:\/\/www.hitech.fi\/hitech\/wp-content\/uploads\/2024\/01\/PM2602fin.pdf\" text=\"Lataa tuotekortti\" window=\"new\" ]\n","protected":false},"featured_media":1177,"comment_status":"closed","ping_status":"closed","template":"","meta":[],"product_brand":[],"product_cat":[147,134,137,139,78,133,98,82],"product_tag":[],"class_list":{"0":"post-1176","1":"product","2":"type-product","3":"status-publish","4":"has-post-thumbnail","6":"product_cat-huolto-ja-korjaus","7":"product_cat-kalusto-ja-ajoneuvot","8":"product_cat-maatalous","9":"product_cat-metsatalous","10":"product_cat-pemco","11":"product_cat-toimialat","12":"product_cat-voiteluaineet","13":"product_cat-yksiasteoljyt","15":"first","16":"instock","17":"shipping-taxable","18":"product-type-simple"},"yoast_head":"<!-- This site is optimized with the Yoast SEO plugin v24.3 - https:\/\/yoast.com\/wordpress\/plugins\/seo\/ -->\n<title>Pemco TO-4 Powertrain Oil SAE 30 yksiaste\u00f6ljy | Hitech Chemicals<\/title>\n<meta name=\"robots\" content=\"index, follow, max-snippet:-1, max-image-preview:large, max-video-preview:-1\" \/>\n<link rel=\"canonical\" href=\"https:\/\/www.hitech.fi\/hitech\/product\/pemco-to-4-powertrain-oil-sae-30-yksiasteoljy\/\" \/>\n<meta property=\"og:locale\" content=\"fi_FI\" \/>\n<meta property=\"og:type\" content=\"article\" \/>\n<meta property=\"og:title\" content=\"Pemco TO-4 Powertrain Oil SAE 30 yksiaste\u00f6ljy | Hitech Chemicals\" \/>\n<meta property=\"og:description\" content=\"SAE 30 ALLISON C4 (off-road) CATERPILLAR TO-4 KOMATSU KES 07.868.1  Pakkauskoot: 208L\" \/>\n<meta property=\"og:url\" content=\"https:\/\/www.hitech.fi\/hitech\/product\/pemco-to-4-powertrain-oil-sae-30-yksiasteoljy\/\" \/>\n<meta property=\"og:site_name\" content=\"Hitech Chemicals\" \/>\n<meta property=\"article:publisher\" content=\"https:\/\/www.facebook.com\/hitechfinland\" \/>\n<meta property=\"article:modified_time\" content=\"2024-05-13T05:31:53+00:00\" \/>\n<meta property=\"og:image\" content=\"https:\/\/www.hitech.fi\/hitech\/wp-content\/uploads\/2023\/12\/pictures_png_PM2602-20_brown_new_front_1200.png\" \/>\n\t<meta property=\"og:image:width\" content=\"1040\" \/>\n\t<meta property=\"og:image:height\" content=\"1200\" \/>\n\t<meta property=\"og:image:type\" content=\"image\/png\" \/>\n<meta name=\"twitter:card\" content=\"summary_large_image\" \/>\n<meta name=\"twitter:label1\" content=\"Arvioitu lukuaika\" \/>\n\t<meta name=\"twitter:data1\" content=\"1 minuutti\" \/>\n<script type=\"application\/ld+json\" class=\"yoast-schema-graph\">{\"@context\":\"https:\/\/schema.org\",\"@graph\":[{\"@type\":\"WebPage\",\"@id\":\"https:\/\/www.hitech.fi\/hitech\/product\/pemco-to-4-powertrain-oil-sae-30-yksiasteoljy\/\",\"url\":\"https:\/\/www.hitech.fi\/hitech\/product\/pemco-to-4-powertrain-oil-sae-30-yksiasteoljy\/\",\"name\":\"Pemco TO-4 Powertrain Oil SAE 30 yksiaste\u00f6ljy | Hitech Chemicals\",\"isPartOf\":{\"@id\":\"https:\/\/www.hitech.fi\/hitech\/#website\"},\"primaryImageOfPage\":{\"@id\":\"https:\/\/www.hitech.fi\/hitech\/product\/pemco-to-4-powertrain-oil-sae-30-yksiasteoljy\/#primaryimage\"},\"image\":{\"@id\":\"https:\/\/www.hitech.fi\/hitech\/product\/pemco-to-4-powertrain-oil-sae-30-yksiasteoljy\/#primaryimage\"},\"thumbnailUrl\":\"https:\/\/www.hitech.fi\/hitech\/wp-content\/uploads\/2023\/12\/pictures_png_PM2602-20_brown_new_front_1200.png\",\"datePublished\":\"2023-12-07T07:19:37+00:00\",\"dateModified\":\"2024-05-13T05:31:53+00:00\",\"breadcrumb\":{\"@id\":\"https:\/\/www.hitech.fi\/hitech\/product\/pemco-to-4-powertrain-oil-sae-30-yksiasteoljy\/#breadcrumb\"},\"inLanguage\":\"fi\",\"potentialAction\":[{\"@type\":\"ReadAction\",\"target\":[\"https:\/\/www.hitech.fi\/hitech\/product\/pemco-to-4-powertrain-oil-sae-30-yksiasteoljy\/\"]}]},{\"@type\":\"ImageObject\",\"inLanguage\":\"fi\",\"@id\":\"https:\/\/www.hitech.fi\/hitech\/product\/pemco-to-4-powertrain-oil-sae-30-yksiasteoljy\/#primaryimage\",\"url\":\"https:\/\/www.hitech.fi\/hitech\/wp-content\/uploads\/2023\/12\/pictures_png_PM2602-20_brown_new_front_1200.png\",\"contentUrl\":\"https:\/\/www.hitech.fi\/hitech\/wp-content\/uploads\/2023\/12\/pictures_png_PM2602-20_brown_new_front_1200.png\",\"width\":1040,\"height\":1200},{\"@type\":\"BreadcrumbList\",\"@id\":\"https:\/\/www.hitech.fi\/hitech\/product\/pemco-to-4-powertrain-oil-sae-30-yksiasteoljy\/#breadcrumb\",\"itemListElement\":[{\"@type\":\"ListItem\",\"position\":1,\"name\":\"Etusivu\",\"item\":\"https:\/\/www.hitech.fi\/hitech\/\"},{\"@type\":\"ListItem\",\"position\":2,\"name\":\"Katalogi\",\"item\":\"https:\/\/www.hitech.fi\/hitech\/katalogi\/\"},{\"@type\":\"ListItem\",\"position\":3,\"name\":\"Pemco TO-4 Powertrain Oil SAE 30 yksiaste\u00f6ljy\"}]},{\"@type\":\"WebSite\",\"@id\":\"https:\/\/www.hitech.fi\/hitech\/#website\",\"url\":\"https:\/\/www.hitech.fi\/hitech\/\",\"name\":\"Hitech Chemicals\",\"description\":\"Puhdistusaineet ja huoltotuotteet\",\"publisher\":{\"@id\":\"https:\/\/www.hitech.fi\/hitech\/#organization\"},\"potentialAction\":[{\"@type\":\"SearchAction\",\"target\":{\"@type\":\"EntryPoint\",\"urlTemplate\":\"https:\/\/www.hitech.fi\/hitech\/?s={search_term_string}\"},\"query-input\":{\"@type\":\"PropertyValueSpecification\",\"valueRequired\":true,\"valueName\":\"search_term_string\"}}],\"inLanguage\":\"fi\"},{\"@type\":\"Organization\",\"@id\":\"https:\/\/www.hitech.fi\/hitech\/#organization\",\"name\":\"Hitech Chemicals\",\"alternateName\":\"Hitech\",\"url\":\"https:\/\/www.hitech.fi\/hitech\/\",\"logo\":{\"@type\":\"ImageObject\",\"inLanguage\":\"fi\",\"@id\":\"https:\/\/www.hitech.fi\/hitech\/#\/schema\/logo\/image\/\",\"url\":\"https:\/\/www.hitech.fi\/hitech\/wp-content\/uploads\/2023\/06\/cropped-hitech_logo_600x600.png\",\"contentUrl\":\"https:\/\/www.hitech.fi\/hitech\/wp-content\/uploads\/2023\/06\/cropped-hitech_logo_600x600.png\",\"width\":512,\"height\":512,\"caption\":\"Hitech Chemicals\"},\"image\":{\"@id\":\"https:\/\/www.hitech.fi\/hitech\/#\/schema\/logo\/image\/\"},\"sameAs\":[\"https:\/\/www.facebook.com\/hitechfinland\"]}]}<\/script>\n<!-- \/ Yoast SEO plugin. -->","yoast_head_json":{"title":"Pemco TO-4 Powertrain Oil SAE 30 yksiaste\u00f6ljy | Hitech Chemicals","robots":{"index":"index","follow":"follow","max-snippet":"max-snippet:-1","max-image-preview":"max-image-preview:large","max-video-preview":"max-video-preview:-1"},"canonical":"https:\/\/www.hitech.fi\/hitech\/product\/pemco-to-4-powertrain-oil-sae-30-yksiasteoljy\/","og_locale":"fi_FI","og_type":"article","og_title":"Pemco TO-4 Powertrain Oil SAE 30 yksiaste\u00f6ljy | Hitech Chemicals","og_description":"SAE 30 ALLISON C4 (off-road) CATERPILLAR TO-4 KOMATSU KES 07.868.1  Pakkauskoot: 208L","og_url":"https:\/\/www.hitech.fi\/hitech\/product\/pemco-to-4-powertrain-oil-sae-30-yksiasteoljy\/","og_site_name":"Hitech Chemicals","article_publisher":"https:\/\/www.facebook.com\/hitechfinland","article_modified_time":"2024-05-13T05:31:53+00:00","og_image":[{"width":1040,"height":1200,"url":"https:\/\/www.hitech.fi\/hitech\/wp-content\/uploads\/2023\/12\/pictures_png_PM2602-20_brown_new_front_1200.png","type":"image\/png"}],"twitter_card":"summary_large_image","twitter_misc":{"Arvioitu lukuaika":"1 minuutti"},"schema":{"@context":"https:\/\/schema.org","@graph":[{"@type":"WebPage","@id":"https:\/\/www.hitech.fi\/hitech\/product\/pemco-to-4-powertrain-oil-sae-30-yksiasteoljy\/","url":"https:\/\/www.hitech.fi\/hitech\/product\/pemco-to-4-powertrain-oil-sae-30-yksiasteoljy\/","name":"Pemco TO-4 Powertrain Oil SAE 30 yksiaste\u00f6ljy | Hitech Chemicals","isPartOf":{"@id":"https:\/\/www.hitech.fi\/hitech\/#website"},"primaryImageOfPage":{"@id":"https:\/\/www.hitech.fi\/hitech\/product\/pemco-to-4-powertrain-oil-sae-30-yksiasteoljy\/#primaryimage"},"image":{"@id":"https:\/\/www.hitech.fi\/hitech\/product\/pemco-to-4-powertrain-oil-sae-30-yksiasteoljy\/#primaryimage"},"thumbnailUrl":"https:\/\/www.hitech.fi\/hitech\/wp-content\/uploads\/2023\/12\/pictures_png_PM2602-20_brown_new_front_1200.png","datePublished":"2023-12-07T07:19:37+00:00","dateModified":"2024-05-13T05:31:53+00:00","breadcrumb":{"@id":"https:\/\/www.hitech.fi\/hitech\/product\/pemco-to-4-powertrain-oil-sae-30-yksiasteoljy\/#breadcrumb"},"inLanguage":"fi","potentialAction":[{"@type":"ReadAction","target":["https:\/\/www.hitech.fi\/hitech\/product\/pemco-to-4-powertrain-oil-sae-30-yksiasteoljy\/"]}]},{"@type":"ImageObject","inLanguage":"fi","@id":"https:\/\/www.hitech.fi\/hitech\/product\/pemco-to-4-powertrain-oil-sae-30-yksiasteoljy\/#primaryimage","url":"https:\/\/www.hitech.fi\/hitech\/wp-content\/uploads\/2023\/12\/pictures_png_PM2602-20_brown_new_front_1200.png","contentUrl":"https:\/\/www.hitech.fi\/hitech\/wp-content\/uploads\/2023\/12\/pictures_png_PM2602-20_brown_new_front_1200.png","width":1040,"height":1200},{"@type":"BreadcrumbList","@id":"https:\/\/www.hitech.fi\/hitech\/product\/pemco-to-4-powertrain-oil-sae-30-yksiasteoljy\/#breadcrumb","itemListElement":[{"@type":"ListItem","position":1,"name":"Etusivu","item":"https:\/\/www.hitech.fi\/hitech\/"},{"@type":"ListItem","position":2,"name":"Katalogi","item":"https:\/\/www.hitech.fi\/hitech\/katalogi\/"},{"@type":"ListItem","position":3,"name":"Pemco TO-4 Powertrain Oil SAE 30 yksiaste\u00f6ljy"}]},{"@type":"WebSite","@id":"https:\/\/www.hitech.fi\/hitech\/#website","url":"https:\/\/www.hitech.fi\/hitech\/","name":"Hitech Chemicals","description":"Puhdistusaineet ja huoltotuotteet","publisher":{"@id":"https:\/\/www.hitech.fi\/hitech\/#organization"},"potentialAction":[{"@type":"SearchAction","target":{"@type":"EntryPoint","urlTemplate":"https:\/\/www.hitech.fi\/hitech\/?s={search_term_string}"},"query-input":{"@type":"PropertyValueSpecification","valueRequired":true,"valueName":"search_term_string"}}],"inLanguage":"fi"},{"@type":"Organization","@id":"https:\/\/www.hitech.fi\/hitech\/#organization","name":"Hitech Chemicals","alternateName":"Hitech","url":"https:\/\/www.hitech.fi\/hitech\/","logo":{"@type":"ImageObject","inLanguage":"fi","@id":"https:\/\/www.hitech.fi\/hitech\/#\/schema\/logo\/image\/","url":"https:\/\/www.hitech.fi\/hitech\/wp-content\/uploads\/2023\/06\/cropped-hitech_logo_600x600.png","contentUrl":"https:\/\/www.hitech.fi\/hitech\/wp-content\/uploads\/2023\/06\/cropped-hitech_logo_600x600.png","width":512,"height":512,"caption":"Hitech Chemicals"},"image":{"@id":"https:\/\/www.hitech.fi\/hitech\/#\/schema\/logo\/image\/"},"sameAs":["https:\/\/www.facebook.com\/hitechfinland"]}]}},"_links":{"self":[{"href":"https:\/\/www.hitech.fi\/hitech\/wp-json\/wp\/v2\/product\/1176","targetHints":{"allow":["GET"]}}],"collection":[{"href":"https:\/\/www.hitech.fi\/hitech\/wp-json\/wp\/v2\/product"}],"about":[{"href":"https:\/\/www.hitech.fi\/hitech\/wp-json\/wp\/v2\/types\/product"}],"replies":[{"embeddable":true,"href":"https:\/\/www.hitech.fi\/hitech\/wp-json\/wp\/v2\/comments?post=1176"}],"wp:featuredmedia":[{"embeddable":true,"href":"https:\/\/www.hitech.fi\/hitech\/wp-json\/wp\/v2\/media\/1177"}],"wp:attachment":[{"href":"https:\/\/www.hitech.fi\/hitech\/wp-json\/wp\/v2\/media?parent=1176"}],"wp:term":[{"taxonomy":"product_brand","embeddable":true,"href":"https:\/\/www.hitech.fi\/hitech\/wp-json\/wp\/v2\/product_brand?post=1176"},{"taxonomy":"product_cat","embeddable":true,"href":"https:\/\/www.hitech.fi\/hitech\/wp-json\/wp\/v2\/product_cat?post=1176"},{"taxonomy":"product_tag","embeddable":true,"href":"https:\/\/www.hitech.fi\/hitech\/wp-json\/wp\/v2\/product_tag?post=1176"}],"curies":[{"name":"wp","href":"https:\/\/api.w.org\/{rel}","templated":true}]}}