{"id":1141,"date":"2023-12-07T07:59:24","date_gmt":"2023-12-07T05:59:24","guid":{"rendered":"https:\/\/www.hitech.fi\/hitech\/?post_type=product&#038;p=1141"},"modified":"2024-05-13T08:33:50","modified_gmt":"2024-05-13T05:33:50","slug":"pemco-350-5w-30-kevyen-kaluston-moottorioljy","status":"publish","type":"product","link":"https:\/\/www.hitech.fi\/hitech\/product\/pemco-350-5w-30-kevyen-kaluston-moottorioljy\/","title":{"rendered":"Pemco 350 5W-30 kevyenkaluston moottori\u00f6ljy"},"content":{"rendered":"<p>Innovatiivinen bi-synteettinen (PAO+esteri) preemium luokan moottori\u00f6ljy uudenaikaisille ahdetuille tai ahtamattomille bensiini- ja dieselmoottoreille. Suunnitelun perustana on ollut VW:n ja DAIMLER:in moottori\u00f6ljyille asettamat vaatimukset.<\/p>\n<p><strong>Tuotteen ominaisuudet:<\/strong><br \/>\n<img fetchpriority=\"high\" decoding=\"async\" class=\"alignnone size-full wp-image-1144\" src=\"https:\/\/www.hitech.fi\/hitech\/wp-content\/uploads\/2023\/12\/PM_350_ominaisuudet_FIN.jpg\" alt=\"\" width=\"638\" height=\"171\" srcset=\"https:\/\/www.hitech.fi\/hitech\/wp-content\/uploads\/2023\/12\/PM_350_ominaisuudet_FIN.jpg 638w, https:\/\/www.hitech.fi\/hitech\/wp-content\/uploads\/2023\/12\/PM_350_ominaisuudet_FIN-300x80.jpg 300w, https:\/\/www.hitech.fi\/hitech\/wp-content\/uploads\/2023\/12\/PM_350_ominaisuudet_FIN-600x161.jpg 600w\" sizes=\"(max-width: 638px) 100vw, 638px\" \/><\/p>\n","protected":false},"excerpt":{"rendered":"<p><strong>T\u00e4ytt\u00e4\u00e4 vaatimukset:<\/strong><br \/>\nSAE 5W-30<br \/>\nAPI SN<br \/>\nACEA C3<br \/>\nMB 229.51<br \/>\nVOLKSWAGEN 504 00<br \/>\nVOLKSWAGEN 507 00<br \/>\nVOLKSWAGEN TL 52 195<br \/>\nBMW LL-04<br \/>\nPORSCHE C30<\/p>\n<p><strong>Pakkauskoot:<\/strong><br \/>\n208L<\/p>\n[maxbutton id=\"1\" url=\"https:\/\/www.hitech.fi\/hitech\/wp-content\/uploads\/2023\/12\/PM0350FIN.pdf\" text=\"Lataa tuotekortti\" window=\"new\" ]\n","protected":false},"featured_media":1142,"comment_status":"closed","ping_status":"closed","template":"","meta":[],"product_brand":[],"product_cat":[147,134,83,137,139,78,133,98],"product_tag":[],"class_list":{"0":"post-1141","1":"product","2":"type-product","3":"status-publish","4":"has-post-thumbnail","6":"product_cat-huolto-ja-korjaus","7":"product_cat-kalusto-ja-ajoneuvot","8":"product_cat-kevyen-kaluston-moottorioljyt","9":"product_cat-maatalous","10":"product_cat-metsatalous","11":"product_cat-pemco","12":"product_cat-toimialat","13":"product_cat-voiteluaineet","15":"first","16":"instock","17":"shipping-taxable","18":"product-type-simple"},"yoast_head":"<!-- This site is optimized with the Yoast SEO plugin v24.3 - https:\/\/yoast.com\/wordpress\/plugins\/seo\/ -->\n<title>Pemco 350 5W-30 kevyenkaluston moottori\u00f6ljy | Hitech Chemicals<\/title>\n<meta name=\"robots\" content=\"index, follow, max-snippet:-1, max-image-preview:large, max-video-preview:-1\" \/>\n<link rel=\"canonical\" href=\"https:\/\/www.hitech.fi\/hitech\/product\/pemco-350-5w-30-kevyen-kaluston-moottorioljy\/\" \/>\n<meta property=\"og:locale\" content=\"fi_FI\" \/>\n<meta property=\"og:type\" content=\"article\" \/>\n<meta property=\"og:title\" content=\"Pemco 350 5W-30 kevyenkaluston moottori\u00f6ljy | Hitech Chemicals\" \/>\n<meta property=\"og:description\" content=\"T\u00e4ytt\u00e4\u00e4 vaatimukset: SAE 5W-30 API SN ACEA C3 MB 229.51 VOLKSWAGEN 504 00 VOLKSWAGEN 507 00 VOLKSWAGEN TL 52 195 BMW LL-04 PORSCHE C30  Pakkauskoot: 208L\" \/>\n<meta property=\"og:url\" content=\"https:\/\/www.hitech.fi\/hitech\/product\/pemco-350-5w-30-kevyen-kaluston-moottorioljy\/\" \/>\n<meta property=\"og:site_name\" content=\"Hitech Chemicals\" \/>\n<meta property=\"article:publisher\" content=\"https:\/\/www.facebook.com\/hitechfinland\" \/>\n<meta property=\"article:modified_time\" content=\"2024-05-13T05:33:50+00:00\" \/>\n<meta property=\"og:image\" content=\"https:\/\/www.hitech.fi\/hitech\/wp-content\/uploads\/2023\/12\/pictures_png_PM0350-20_brown_new_front_1200-1.png\" \/>\n\t<meta property=\"og:image:width\" content=\"1040\" \/>\n\t<meta property=\"og:image:height\" content=\"1200\" \/>\n\t<meta property=\"og:image:type\" content=\"image\/png\" \/>\n<meta name=\"twitter:card\" content=\"summary_large_image\" \/>\n<meta name=\"twitter:label1\" content=\"Arvioitu lukuaika\" \/>\n\t<meta name=\"twitter:data1\" content=\"1 minuutti\" \/>\n<script type=\"application\/ld+json\" class=\"yoast-schema-graph\">{\"@context\":\"https:\/\/schema.org\",\"@graph\":[{\"@type\":\"WebPage\",\"@id\":\"https:\/\/www.hitech.fi\/hitech\/product\/pemco-350-5w-30-kevyen-kaluston-moottorioljy\/\",\"url\":\"https:\/\/www.hitech.fi\/hitech\/product\/pemco-350-5w-30-kevyen-kaluston-moottorioljy\/\",\"name\":\"Pemco 350 5W-30 kevyenkaluston moottori\u00f6ljy | Hitech Chemicals\",\"isPartOf\":{\"@id\":\"https:\/\/www.hitech.fi\/hitech\/#website\"},\"primaryImageOfPage\":{\"@id\":\"https:\/\/www.hitech.fi\/hitech\/product\/pemco-350-5w-30-kevyen-kaluston-moottorioljy\/#primaryimage\"},\"image\":{\"@id\":\"https:\/\/www.hitech.fi\/hitech\/product\/pemco-350-5w-30-kevyen-kaluston-moottorioljy\/#primaryimage\"},\"thumbnailUrl\":\"https:\/\/www.hitech.fi\/hitech\/wp-content\/uploads\/2023\/12\/pictures_png_PM0350-20_brown_new_front_1200-1.png\",\"datePublished\":\"2023-12-07T05:59:24+00:00\",\"dateModified\":\"2024-05-13T05:33:50+00:00\",\"breadcrumb\":{\"@id\":\"https:\/\/www.hitech.fi\/hitech\/product\/pemco-350-5w-30-kevyen-kaluston-moottorioljy\/#breadcrumb\"},\"inLanguage\":\"fi\",\"potentialAction\":[{\"@type\":\"ReadAction\",\"target\":[\"https:\/\/www.hitech.fi\/hitech\/product\/pemco-350-5w-30-kevyen-kaluston-moottorioljy\/\"]}]},{\"@type\":\"ImageObject\",\"inLanguage\":\"fi\",\"@id\":\"https:\/\/www.hitech.fi\/hitech\/product\/pemco-350-5w-30-kevyen-kaluston-moottorioljy\/#primaryimage\",\"url\":\"https:\/\/www.hitech.fi\/hitech\/wp-content\/uploads\/2023\/12\/pictures_png_PM0350-20_brown_new_front_1200-1.png\",\"contentUrl\":\"https:\/\/www.hitech.fi\/hitech\/wp-content\/uploads\/2023\/12\/pictures_png_PM0350-20_brown_new_front_1200-1.png\",\"width\":1040,\"height\":1200},{\"@type\":\"BreadcrumbList\",\"@id\":\"https:\/\/www.hitech.fi\/hitech\/product\/pemco-350-5w-30-kevyen-kaluston-moottorioljy\/#breadcrumb\",\"itemListElement\":[{\"@type\":\"ListItem\",\"position\":1,\"name\":\"Etusivu\",\"item\":\"https:\/\/www.hitech.fi\/hitech\/\"},{\"@type\":\"ListItem\",\"position\":2,\"name\":\"Katalogi\",\"item\":\"https:\/\/www.hitech.fi\/hitech\/katalogi\/\"},{\"@type\":\"ListItem\",\"position\":3,\"name\":\"Pemco 350 5W-30 kevyenkaluston moottori\u00f6ljy\"}]},{\"@type\":\"WebSite\",\"@id\":\"https:\/\/www.hitech.fi\/hitech\/#website\",\"url\":\"https:\/\/www.hitech.fi\/hitech\/\",\"name\":\"Hitech Chemicals\",\"description\":\"Puhdistusaineet ja huoltotuotteet\",\"publisher\":{\"@id\":\"https:\/\/www.hitech.fi\/hitech\/#organization\"},\"potentialAction\":[{\"@type\":\"SearchAction\",\"target\":{\"@type\":\"EntryPoint\",\"urlTemplate\":\"https:\/\/www.hitech.fi\/hitech\/?s={search_term_string}\"},\"query-input\":{\"@type\":\"PropertyValueSpecification\",\"valueRequired\":true,\"valueName\":\"search_term_string\"}}],\"inLanguage\":\"fi\"},{\"@type\":\"Organization\",\"@id\":\"https:\/\/www.hitech.fi\/hitech\/#organization\",\"name\":\"Hitech Chemicals\",\"alternateName\":\"Hitech\",\"url\":\"https:\/\/www.hitech.fi\/hitech\/\",\"logo\":{\"@type\":\"ImageObject\",\"inLanguage\":\"fi\",\"@id\":\"https:\/\/www.hitech.fi\/hitech\/#\/schema\/logo\/image\/\",\"url\":\"https:\/\/www.hitech.fi\/hitech\/wp-content\/uploads\/2023\/06\/cropped-hitech_logo_600x600.png\",\"contentUrl\":\"https:\/\/www.hitech.fi\/hitech\/wp-content\/uploads\/2023\/06\/cropped-hitech_logo_600x600.png\",\"width\":512,\"height\":512,\"caption\":\"Hitech Chemicals\"},\"image\":{\"@id\":\"https:\/\/www.hitech.fi\/hitech\/#\/schema\/logo\/image\/\"},\"sameAs\":[\"https:\/\/www.facebook.com\/hitechfinland\"]}]}<\/script>\n<!-- \/ Yoast SEO plugin. -->","yoast_head_json":{"title":"Pemco 350 5W-30 kevyenkaluston moottori\u00f6ljy | Hitech Chemicals","robots":{"index":"index","follow":"follow","max-snippet":"max-snippet:-1","max-image-preview":"max-image-preview:large","max-video-preview":"max-video-preview:-1"},"canonical":"https:\/\/www.hitech.fi\/hitech\/product\/pemco-350-5w-30-kevyen-kaluston-moottorioljy\/","og_locale":"fi_FI","og_type":"article","og_title":"Pemco 350 5W-30 kevyenkaluston moottori\u00f6ljy | Hitech Chemicals","og_description":"T\u00e4ytt\u00e4\u00e4 vaatimukset: SAE 5W-30 API SN ACEA C3 MB 229.51 VOLKSWAGEN 504 00 VOLKSWAGEN 507 00 VOLKSWAGEN TL 52 195 BMW LL-04 PORSCHE C30  Pakkauskoot: 208L","og_url":"https:\/\/www.hitech.fi\/hitech\/product\/pemco-350-5w-30-kevyen-kaluston-moottorioljy\/","og_site_name":"Hitech Chemicals","article_publisher":"https:\/\/www.facebook.com\/hitechfinland","article_modified_time":"2024-05-13T05:33:50+00:00","og_image":[{"width":1040,"height":1200,"url":"https:\/\/www.hitech.fi\/hitech\/wp-content\/uploads\/2023\/12\/pictures_png_PM0350-20_brown_new_front_1200-1.png","type":"image\/png"}],"twitter_card":"summary_large_image","twitter_misc":{"Arvioitu lukuaika":"1 minuutti"},"schema":{"@context":"https:\/\/schema.org","@graph":[{"@type":"WebPage","@id":"https:\/\/www.hitech.fi\/hitech\/product\/pemco-350-5w-30-kevyen-kaluston-moottorioljy\/","url":"https:\/\/www.hitech.fi\/hitech\/product\/pemco-350-5w-30-kevyen-kaluston-moottorioljy\/","name":"Pemco 350 5W-30 kevyenkaluston moottori\u00f6ljy | Hitech Chemicals","isPartOf":{"@id":"https:\/\/www.hitech.fi\/hitech\/#website"},"primaryImageOfPage":{"@id":"https:\/\/www.hitech.fi\/hitech\/product\/pemco-350-5w-30-kevyen-kaluston-moottorioljy\/#primaryimage"},"image":{"@id":"https:\/\/www.hitech.fi\/hitech\/product\/pemco-350-5w-30-kevyen-kaluston-moottorioljy\/#primaryimage"},"thumbnailUrl":"https:\/\/www.hitech.fi\/hitech\/wp-content\/uploads\/2023\/12\/pictures_png_PM0350-20_brown_new_front_1200-1.png","datePublished":"2023-12-07T05:59:24+00:00","dateModified":"2024-05-13T05:33:50+00:00","breadcrumb":{"@id":"https:\/\/www.hitech.fi\/hitech\/product\/pemco-350-5w-30-kevyen-kaluston-moottorioljy\/#breadcrumb"},"inLanguage":"fi","potentialAction":[{"@type":"ReadAction","target":["https:\/\/www.hitech.fi\/hitech\/product\/pemco-350-5w-30-kevyen-kaluston-moottorioljy\/"]}]},{"@type":"ImageObject","inLanguage":"fi","@id":"https:\/\/www.hitech.fi\/hitech\/product\/pemco-350-5w-30-kevyen-kaluston-moottorioljy\/#primaryimage","url":"https:\/\/www.hitech.fi\/hitech\/wp-content\/uploads\/2023\/12\/pictures_png_PM0350-20_brown_new_front_1200-1.png","contentUrl":"https:\/\/www.hitech.fi\/hitech\/wp-content\/uploads\/2023\/12\/pictures_png_PM0350-20_brown_new_front_1200-1.png","width":1040,"height":1200},{"@type":"BreadcrumbList","@id":"https:\/\/www.hitech.fi\/hitech\/product\/pemco-350-5w-30-kevyen-kaluston-moottorioljy\/#breadcrumb","itemListElement":[{"@type":"ListItem","position":1,"name":"Etusivu","item":"https:\/\/www.hitech.fi\/hitech\/"},{"@type":"ListItem","position":2,"name":"Katalogi","item":"https:\/\/www.hitech.fi\/hitech\/katalogi\/"},{"@type":"ListItem","position":3,"name":"Pemco 350 5W-30 kevyenkaluston moottori\u00f6ljy"}]},{"@type":"WebSite","@id":"https:\/\/www.hitech.fi\/hitech\/#website","url":"https:\/\/www.hitech.fi\/hitech\/","name":"Hitech Chemicals","description":"Puhdistusaineet ja huoltotuotteet","publisher":{"@id":"https:\/\/www.hitech.fi\/hitech\/#organization"},"potentialAction":[{"@type":"SearchAction","target":{"@type":"EntryPoint","urlTemplate":"https:\/\/www.hitech.fi\/hitech\/?s={search_term_string}"},"query-input":{"@type":"PropertyValueSpecification","valueRequired":true,"valueName":"search_term_string"}}],"inLanguage":"fi"},{"@type":"Organization","@id":"https:\/\/www.hitech.fi\/hitech\/#organization","name":"Hitech Chemicals","alternateName":"Hitech","url":"https:\/\/www.hitech.fi\/hitech\/","logo":{"@type":"ImageObject","inLanguage":"fi","@id":"https:\/\/www.hitech.fi\/hitech\/#\/schema\/logo\/image\/","url":"https:\/\/www.hitech.fi\/hitech\/wp-content\/uploads\/2023\/06\/cropped-hitech_logo_600x600.png","contentUrl":"https:\/\/www.hitech.fi\/hitech\/wp-content\/uploads\/2023\/06\/cropped-hitech_logo_600x600.png","width":512,"height":512,"caption":"Hitech Chemicals"},"image":{"@id":"https:\/\/www.hitech.fi\/hitech\/#\/schema\/logo\/image\/"},"sameAs":["https:\/\/www.facebook.com\/hitechfinland"]}]}},"_links":{"self":[{"href":"https:\/\/www.hitech.fi\/hitech\/wp-json\/wp\/v2\/product\/1141","targetHints":{"allow":["GET"]}}],"collection":[{"href":"https:\/\/www.hitech.fi\/hitech\/wp-json\/wp\/v2\/product"}],"about":[{"href":"https:\/\/www.hitech.fi\/hitech\/wp-json\/wp\/v2\/types\/product"}],"replies":[{"embeddable":true,"href":"https:\/\/www.hitech.fi\/hitech\/wp-json\/wp\/v2\/comments?post=1141"}],"wp:featuredmedia":[{"embeddable":true,"href":"https:\/\/www.hitech.fi\/hitech\/wp-json\/wp\/v2\/media\/1142"}],"wp:attachment":[{"href":"https:\/\/www.hitech.fi\/hitech\/wp-json\/wp\/v2\/media?parent=1141"}],"wp:term":[{"taxonomy":"product_brand","embeddable":true,"href":"https:\/\/www.hitech.fi\/hitech\/wp-json\/wp\/v2\/product_brand?post=1141"},{"taxonomy":"product_cat","embeddable":true,"href":"https:\/\/www.hitech.fi\/hitech\/wp-json\/wp\/v2\/product_cat?post=1141"},{"taxonomy":"product_tag","embeddable":true,"href":"https:\/\/www.hitech.fi\/hitech\/wp-json\/wp\/v2\/product_tag?post=1141"}],"curies":[{"name":"wp","href":"https:\/\/api.w.org\/{rel}","templated":true}]}}