{"id":1106,"date":"2023-12-05T08:16:33","date_gmt":"2023-12-05T06:16:33","guid":{"rendered":"https:\/\/www.hitech.fi\/hitech\/?post_type=product&#038;p=1106"},"modified":"2024-05-13T08:35:07","modified_gmt":"2024-05-13T05:35:07","slug":"pemco-multi-utto-wb-101-yleiskaytto-oljy","status":"publish","type":"product","link":"https:\/\/www.hitech.fi\/hitech\/product\/pemco-multi-utto-wb-101-yleiskaytto-oljy\/","title":{"rendered":"Pemco Multi UTTO WB 101 yleisk\u00e4ytt\u00f6-\u00f6ljy"},"content":{"rendered":"<p>Ymp\u00e4rivuotiseen k\u00e4ytt\u00f6\u00f6n tarkoitettu mineraali\u00f6ljypohjainen UTTO-\u00f6ljy k\u00e4ytett\u00e4v\u00e4ksi maatalouden koneiden erityyppisiss\u00e4 sykronoiduissa tai sykronoimattomissa vaihteistoissa ja vetopy\u00f6r\u00e4st\u00f6iss\u00e4. Tuote on erityisesti suunniteltu traktoreiden m\u00e4rk\u00e4jarruille joissa sen erityinen UTTO-lis\u00e4ineistus est\u00e4\u00e4 jarrujen kitin\u00e4\u00e4 sek\u00e4 kiinnitarttumisen aiheuttamaa nykimist\u00e4 ja t\u00e4rin\u00e4\u00e4. SAE luokka 75W-80.<\/p>\n<p><strong>Tuotteen ominaisuudet:<\/strong><br \/>\n<img fetchpriority=\"high\" decoding=\"async\" class=\"alignnone size-full wp-image-1494\" src=\"https:\/\/www.hitech.fi\/hitech\/wp-content\/uploads\/2023\/12\/PM_2701_ominaisuudet_FIN.jpg\" alt=\"\" width=\"731\" height=\"198\" srcset=\"https:\/\/www.hitech.fi\/hitech\/wp-content\/uploads\/2023\/12\/PM_2701_ominaisuudet_FIN.jpg 731w, https:\/\/www.hitech.fi\/hitech\/wp-content\/uploads\/2023\/12\/PM_2701_ominaisuudet_FIN-300x81.jpg 300w, https:\/\/www.hitech.fi\/hitech\/wp-content\/uploads\/2023\/12\/PM_2701_ominaisuudet_FIN-600x163.jpg 600w\" sizes=\"(max-width: 731px) 100vw, 731px\" \/><\/p>\n","protected":false},"excerpt":{"rendered":"<p><strong>T\u00e4ytt\u00e4\u00e4 seuraavat vaatimukset \/ luokitukset:<\/strong><br \/>\nAPI GL-4<br \/>\nDIN 51524-2<br \/>\nVOLVO VCE WB 101, 97303<br \/>\nALLISON C4<\/p>\n<p>CASE I H MS 1204; CASE I H MS 1206; CASE I H MS 1207; CASE I H MS 1209; CASE NEW HOLLAND MAT 3525; CATERPILLAR TO-2; FORD NEW HOLLAND ESN-M2C41-B; FORD NEW HOLLAND ESN-M2C86-A; FORD NEW HOLLAND ESN-M2C86-B; FORD NEW HOLLAND ESN-M2C134-A; FORD NEW HOLLAND ESN-M2C134-C; FORD NEW HOLLAND ESN-M2C134-D; JOHN DEERE J20C; MASSEY FERGUSON CMS M 1135; MASSEY FERGUSON CMS M 1141; MASSEY FERGUSON CMS M 1143; MASSEY FERGUSON CMS M 1145; NEW HOLLAND NH 420A; NEW HOLLAND NH 410B; SAUER SUNDSTRAND DANFOSS Hydro Static Trans Fluid; KUBOTA UDT Fluid<\/p>\n<p><strong>Pakkauskoot:<\/strong><br \/>\n208L<\/p>\n[maxbutton id=\"1\" url=\"https:\/\/www.hitech.fi\/hitech\/wp-content\/uploads\/2024\/01\/PM2701FIN.pdf\" text=\"Lataa tuotekortti\" window=\"new\" ]\n","protected":false},"featured_media":1107,"comment_status":"closed","ping_status":"closed","template":"","meta":[],"product_brand":[],"product_cat":[147,134,137,78,133,98,80],"product_tag":[],"class_list":{"0":"post-1106","1":"product","2":"type-product","3":"status-publish","4":"has-post-thumbnail","6":"product_cat-huolto-ja-korjaus","7":"product_cat-kalusto-ja-ajoneuvot","8":"product_cat-maatalous","9":"product_cat-pemco","10":"product_cat-toimialat","11":"product_cat-voiteluaineet","12":"product_cat-yleiskaytto-oljyt","14":"first","15":"instock","16":"shipping-taxable","17":"product-type-simple"},"yoast_head":"<!-- This site is optimized with the Yoast SEO plugin v24.3 - https:\/\/yoast.com\/wordpress\/plugins\/seo\/ -->\n<title>Pemco Multi UTTO WB 101 yleisk\u00e4ytt\u00f6-\u00f6ljy | Hitech Chemicals<\/title>\n<meta name=\"robots\" content=\"index, follow, max-snippet:-1, max-image-preview:large, max-video-preview:-1\" \/>\n<link rel=\"canonical\" href=\"https:\/\/www.hitech.fi\/hitech\/product\/pemco-multi-utto-wb-101-yleiskaytto-oljy\/\" \/>\n<meta property=\"og:locale\" content=\"fi_FI\" \/>\n<meta property=\"og:type\" content=\"article\" \/>\n<meta property=\"og:title\" content=\"Pemco Multi UTTO WB 101 yleisk\u00e4ytt\u00f6-\u00f6ljy | Hitech Chemicals\" \/>\n<meta property=\"og:description\" content=\"T\u00e4ytt\u00e4\u00e4 seuraavat vaatimukset \/ luokitukset: API GL-4 DIN 51524-2 VOLVO VCE WB 101, 97303 ALLISON C4  CASE I H MS 1204; CASE I H MS 1206; CASE I H MS 1207; CASE I H MS 1209; CASE NEW HOLLAND MAT 3525; CATERPILLAR TO-2; FORD NEW HOLLAND ESN-M2C41-B; FORD NEW HOLLAND ESN-M2C86-A; FORD NEW HOLLAND ESN-M2C86-B; FORD NEW HOLLAND ESN-M2C134-A; FORD NEW HOLLAND ESN-M2C134-C; FORD NEW HOLLAND ESN-M2C134-D; JOHN DEERE J20C; MASSEY FERGUSON CMS M 1135; MASSEY FERGUSON CMS M 1141; MASSEY FERGUSON CMS M 1143; MASSEY FERGUSON CMS M 1145; NEW HOLLAND NH 420A; NEW HOLLAND NH 410B; SAUER SUNDSTRAND DANFOSS Hydro Static Trans Fluid; KUBOTA UDT Fluid  Pakkauskoot: 208L\" \/>\n<meta property=\"og:url\" content=\"https:\/\/www.hitech.fi\/hitech\/product\/pemco-multi-utto-wb-101-yleiskaytto-oljy\/\" \/>\n<meta property=\"og:site_name\" content=\"Hitech Chemicals\" \/>\n<meta property=\"article:publisher\" content=\"https:\/\/www.facebook.com\/hitechfinland\" \/>\n<meta property=\"article:modified_time\" content=\"2024-05-13T05:35:07+00:00\" \/>\n<meta property=\"og:image\" content=\"https:\/\/www.hitech.fi\/hitech\/wp-content\/uploads\/2023\/12\/pictures_png_PM2701-20_brown_new_front_1200.png\" \/>\n\t<meta property=\"og:image:width\" content=\"1040\" \/>\n\t<meta property=\"og:image:height\" content=\"1200\" \/>\n\t<meta property=\"og:image:type\" content=\"image\/png\" \/>\n<meta name=\"twitter:card\" content=\"summary_large_image\" \/>\n<meta name=\"twitter:label1\" content=\"Arvioitu lukuaika\" \/>\n\t<meta name=\"twitter:data1\" content=\"1 minuutti\" \/>\n<script type=\"application\/ld+json\" class=\"yoast-schema-graph\">{\"@context\":\"https:\/\/schema.org\",\"@graph\":[{\"@type\":\"WebPage\",\"@id\":\"https:\/\/www.hitech.fi\/hitech\/product\/pemco-multi-utto-wb-101-yleiskaytto-oljy\/\",\"url\":\"https:\/\/www.hitech.fi\/hitech\/product\/pemco-multi-utto-wb-101-yleiskaytto-oljy\/\",\"name\":\"Pemco Multi UTTO WB 101 yleisk\u00e4ytt\u00f6-\u00f6ljy | Hitech Chemicals\",\"isPartOf\":{\"@id\":\"https:\/\/www.hitech.fi\/hitech\/#website\"},\"primaryImageOfPage\":{\"@id\":\"https:\/\/www.hitech.fi\/hitech\/product\/pemco-multi-utto-wb-101-yleiskaytto-oljy\/#primaryimage\"},\"image\":{\"@id\":\"https:\/\/www.hitech.fi\/hitech\/product\/pemco-multi-utto-wb-101-yleiskaytto-oljy\/#primaryimage\"},\"thumbnailUrl\":\"https:\/\/www.hitech.fi\/hitech\/wp-content\/uploads\/2023\/12\/pictures_png_PM2701-20_brown_new_front_1200.png\",\"datePublished\":\"2023-12-05T06:16:33+00:00\",\"dateModified\":\"2024-05-13T05:35:07+00:00\",\"breadcrumb\":{\"@id\":\"https:\/\/www.hitech.fi\/hitech\/product\/pemco-multi-utto-wb-101-yleiskaytto-oljy\/#breadcrumb\"},\"inLanguage\":\"fi\",\"potentialAction\":[{\"@type\":\"ReadAction\",\"target\":[\"https:\/\/www.hitech.fi\/hitech\/product\/pemco-multi-utto-wb-101-yleiskaytto-oljy\/\"]}]},{\"@type\":\"ImageObject\",\"inLanguage\":\"fi\",\"@id\":\"https:\/\/www.hitech.fi\/hitech\/product\/pemco-multi-utto-wb-101-yleiskaytto-oljy\/#primaryimage\",\"url\":\"https:\/\/www.hitech.fi\/hitech\/wp-content\/uploads\/2023\/12\/pictures_png_PM2701-20_brown_new_front_1200.png\",\"contentUrl\":\"https:\/\/www.hitech.fi\/hitech\/wp-content\/uploads\/2023\/12\/pictures_png_PM2701-20_brown_new_front_1200.png\",\"width\":1040,\"height\":1200},{\"@type\":\"BreadcrumbList\",\"@id\":\"https:\/\/www.hitech.fi\/hitech\/product\/pemco-multi-utto-wb-101-yleiskaytto-oljy\/#breadcrumb\",\"itemListElement\":[{\"@type\":\"ListItem\",\"position\":1,\"name\":\"Etusivu\",\"item\":\"https:\/\/www.hitech.fi\/hitech\/\"},{\"@type\":\"ListItem\",\"position\":2,\"name\":\"Katalogi\",\"item\":\"https:\/\/www.hitech.fi\/hitech\/katalogi\/\"},{\"@type\":\"ListItem\",\"position\":3,\"name\":\"Pemco Multi UTTO WB 101 yleisk\u00e4ytt\u00f6-\u00f6ljy\"}]},{\"@type\":\"WebSite\",\"@id\":\"https:\/\/www.hitech.fi\/hitech\/#website\",\"url\":\"https:\/\/www.hitech.fi\/hitech\/\",\"name\":\"Hitech Chemicals\",\"description\":\"Puhdistusaineet ja huoltotuotteet\",\"publisher\":{\"@id\":\"https:\/\/www.hitech.fi\/hitech\/#organization\"},\"potentialAction\":[{\"@type\":\"SearchAction\",\"target\":{\"@type\":\"EntryPoint\",\"urlTemplate\":\"https:\/\/www.hitech.fi\/hitech\/?s={search_term_string}\"},\"query-input\":{\"@type\":\"PropertyValueSpecification\",\"valueRequired\":true,\"valueName\":\"search_term_string\"}}],\"inLanguage\":\"fi\"},{\"@type\":\"Organization\",\"@id\":\"https:\/\/www.hitech.fi\/hitech\/#organization\",\"name\":\"Hitech Chemicals\",\"alternateName\":\"Hitech\",\"url\":\"https:\/\/www.hitech.fi\/hitech\/\",\"logo\":{\"@type\":\"ImageObject\",\"inLanguage\":\"fi\",\"@id\":\"https:\/\/www.hitech.fi\/hitech\/#\/schema\/logo\/image\/\",\"url\":\"https:\/\/www.hitech.fi\/hitech\/wp-content\/uploads\/2023\/06\/cropped-hitech_logo_600x600.png\",\"contentUrl\":\"https:\/\/www.hitech.fi\/hitech\/wp-content\/uploads\/2023\/06\/cropped-hitech_logo_600x600.png\",\"width\":512,\"height\":512,\"caption\":\"Hitech Chemicals\"},\"image\":{\"@id\":\"https:\/\/www.hitech.fi\/hitech\/#\/schema\/logo\/image\/\"},\"sameAs\":[\"https:\/\/www.facebook.com\/hitechfinland\"]}]}<\/script>\n<!-- \/ Yoast SEO plugin. -->","yoast_head_json":{"title":"Pemco Multi UTTO WB 101 yleisk\u00e4ytt\u00f6-\u00f6ljy | Hitech Chemicals","robots":{"index":"index","follow":"follow","max-snippet":"max-snippet:-1","max-image-preview":"max-image-preview:large","max-video-preview":"max-video-preview:-1"},"canonical":"https:\/\/www.hitech.fi\/hitech\/product\/pemco-multi-utto-wb-101-yleiskaytto-oljy\/","og_locale":"fi_FI","og_type":"article","og_title":"Pemco Multi UTTO WB 101 yleisk\u00e4ytt\u00f6-\u00f6ljy | Hitech Chemicals","og_description":"T\u00e4ytt\u00e4\u00e4 seuraavat vaatimukset \/ luokitukset: API GL-4 DIN 51524-2 VOLVO VCE WB 101, 97303 ALLISON C4  CASE I H MS 1204; CASE I H MS 1206; CASE I H MS 1207; CASE I H MS 1209; CASE NEW HOLLAND MAT 3525; CATERPILLAR TO-2; FORD NEW HOLLAND ESN-M2C41-B; FORD NEW HOLLAND ESN-M2C86-A; FORD NEW HOLLAND ESN-M2C86-B; FORD NEW HOLLAND ESN-M2C134-A; FORD NEW HOLLAND ESN-M2C134-C; FORD NEW HOLLAND ESN-M2C134-D; JOHN DEERE J20C; MASSEY FERGUSON CMS M 1135; MASSEY FERGUSON CMS M 1141; MASSEY FERGUSON CMS M 1143; MASSEY FERGUSON CMS M 1145; NEW HOLLAND NH 420A; NEW HOLLAND NH 410B; SAUER SUNDSTRAND DANFOSS Hydro Static Trans Fluid; KUBOTA UDT Fluid  Pakkauskoot: 208L","og_url":"https:\/\/www.hitech.fi\/hitech\/product\/pemco-multi-utto-wb-101-yleiskaytto-oljy\/","og_site_name":"Hitech Chemicals","article_publisher":"https:\/\/www.facebook.com\/hitechfinland","article_modified_time":"2024-05-13T05:35:07+00:00","og_image":[{"width":1040,"height":1200,"url":"https:\/\/www.hitech.fi\/hitech\/wp-content\/uploads\/2023\/12\/pictures_png_PM2701-20_brown_new_front_1200.png","type":"image\/png"}],"twitter_card":"summary_large_image","twitter_misc":{"Arvioitu lukuaika":"1 minuutti"},"schema":{"@context":"https:\/\/schema.org","@graph":[{"@type":"WebPage","@id":"https:\/\/www.hitech.fi\/hitech\/product\/pemco-multi-utto-wb-101-yleiskaytto-oljy\/","url":"https:\/\/www.hitech.fi\/hitech\/product\/pemco-multi-utto-wb-101-yleiskaytto-oljy\/","name":"Pemco Multi UTTO WB 101 yleisk\u00e4ytt\u00f6-\u00f6ljy | Hitech Chemicals","isPartOf":{"@id":"https:\/\/www.hitech.fi\/hitech\/#website"},"primaryImageOfPage":{"@id":"https:\/\/www.hitech.fi\/hitech\/product\/pemco-multi-utto-wb-101-yleiskaytto-oljy\/#primaryimage"},"image":{"@id":"https:\/\/www.hitech.fi\/hitech\/product\/pemco-multi-utto-wb-101-yleiskaytto-oljy\/#primaryimage"},"thumbnailUrl":"https:\/\/www.hitech.fi\/hitech\/wp-content\/uploads\/2023\/12\/pictures_png_PM2701-20_brown_new_front_1200.png","datePublished":"2023-12-05T06:16:33+00:00","dateModified":"2024-05-13T05:35:07+00:00","breadcrumb":{"@id":"https:\/\/www.hitech.fi\/hitech\/product\/pemco-multi-utto-wb-101-yleiskaytto-oljy\/#breadcrumb"},"inLanguage":"fi","potentialAction":[{"@type":"ReadAction","target":["https:\/\/www.hitech.fi\/hitech\/product\/pemco-multi-utto-wb-101-yleiskaytto-oljy\/"]}]},{"@type":"ImageObject","inLanguage":"fi","@id":"https:\/\/www.hitech.fi\/hitech\/product\/pemco-multi-utto-wb-101-yleiskaytto-oljy\/#primaryimage","url":"https:\/\/www.hitech.fi\/hitech\/wp-content\/uploads\/2023\/12\/pictures_png_PM2701-20_brown_new_front_1200.png","contentUrl":"https:\/\/www.hitech.fi\/hitech\/wp-content\/uploads\/2023\/12\/pictures_png_PM2701-20_brown_new_front_1200.png","width":1040,"height":1200},{"@type":"BreadcrumbList","@id":"https:\/\/www.hitech.fi\/hitech\/product\/pemco-multi-utto-wb-101-yleiskaytto-oljy\/#breadcrumb","itemListElement":[{"@type":"ListItem","position":1,"name":"Etusivu","item":"https:\/\/www.hitech.fi\/hitech\/"},{"@type":"ListItem","position":2,"name":"Katalogi","item":"https:\/\/www.hitech.fi\/hitech\/katalogi\/"},{"@type":"ListItem","position":3,"name":"Pemco Multi UTTO WB 101 yleisk\u00e4ytt\u00f6-\u00f6ljy"}]},{"@type":"WebSite","@id":"https:\/\/www.hitech.fi\/hitech\/#website","url":"https:\/\/www.hitech.fi\/hitech\/","name":"Hitech Chemicals","description":"Puhdistusaineet ja huoltotuotteet","publisher":{"@id":"https:\/\/www.hitech.fi\/hitech\/#organization"},"potentialAction":[{"@type":"SearchAction","target":{"@type":"EntryPoint","urlTemplate":"https:\/\/www.hitech.fi\/hitech\/?s={search_term_string}"},"query-input":{"@type":"PropertyValueSpecification","valueRequired":true,"valueName":"search_term_string"}}],"inLanguage":"fi"},{"@type":"Organization","@id":"https:\/\/www.hitech.fi\/hitech\/#organization","name":"Hitech Chemicals","alternateName":"Hitech","url":"https:\/\/www.hitech.fi\/hitech\/","logo":{"@type":"ImageObject","inLanguage":"fi","@id":"https:\/\/www.hitech.fi\/hitech\/#\/schema\/logo\/image\/","url":"https:\/\/www.hitech.fi\/hitech\/wp-content\/uploads\/2023\/06\/cropped-hitech_logo_600x600.png","contentUrl":"https:\/\/www.hitech.fi\/hitech\/wp-content\/uploads\/2023\/06\/cropped-hitech_logo_600x600.png","width":512,"height":512,"caption":"Hitech Chemicals"},"image":{"@id":"https:\/\/www.hitech.fi\/hitech\/#\/schema\/logo\/image\/"},"sameAs":["https:\/\/www.facebook.com\/hitechfinland"]}]}},"_links":{"self":[{"href":"https:\/\/www.hitech.fi\/hitech\/wp-json\/wp\/v2\/product\/1106","targetHints":{"allow":["GET"]}}],"collection":[{"href":"https:\/\/www.hitech.fi\/hitech\/wp-json\/wp\/v2\/product"}],"about":[{"href":"https:\/\/www.hitech.fi\/hitech\/wp-json\/wp\/v2\/types\/product"}],"replies":[{"embeddable":true,"href":"https:\/\/www.hitech.fi\/hitech\/wp-json\/wp\/v2\/comments?post=1106"}],"wp:featuredmedia":[{"embeddable":true,"href":"https:\/\/www.hitech.fi\/hitech\/wp-json\/wp\/v2\/media\/1107"}],"wp:attachment":[{"href":"https:\/\/www.hitech.fi\/hitech\/wp-json\/wp\/v2\/media?parent=1106"}],"wp:term":[{"taxonomy":"product_brand","embeddable":true,"href":"https:\/\/www.hitech.fi\/hitech\/wp-json\/wp\/v2\/product_brand?post=1106"},{"taxonomy":"product_cat","embeddable":true,"href":"https:\/\/www.hitech.fi\/hitech\/wp-json\/wp\/v2\/product_cat?post=1106"},{"taxonomy":"product_tag","embeddable":true,"href":"https:\/\/www.hitech.fi\/hitech\/wp-json\/wp\/v2\/product_tag?post=1106"}],"curies":[{"name":"wp","href":"https:\/\/api.w.org\/{rel}","templated":true}]}}