{"id":1079,"date":"2023-12-01T11:06:49","date_gmt":"2023-12-01T09:06:49","guid":{"rendered":"https:\/\/www.hitech.fi\/hitech\/?post_type=product&#038;p=1079"},"modified":"2024-05-13T08:36:23","modified_gmt":"2024-05-13T05:36:23","slug":"pemco-diesel-g-4-shpd-15w-40-raskaan-kaluston-moottorioljy","status":"publish","type":"product","link":"https:\/\/www.hitech.fi\/hitech\/product\/pemco-diesel-g-4-shpd-15w-40-raskaan-kaluston-moottorioljy\/","title":{"rendered":"Pemco Diesel G-4 SHPD 15W-40 raskaankaluston moottori\u00f6ljy"},"content":{"rendered":"<p>Osasynteettinen moottori\u00f6ljy ilman hiukkasuodatinta (DPF) oleville ahdetuille ja ahtamattomille raskaan kaluston dieselmoottoreille.<\/p>\n<p><strong>Tuotteen ominaisuudet:<\/strong><br \/>\n<img fetchpriority=\"high\" decoding=\"async\" class=\"alignnone size-full wp-image-1081\" src=\"https:\/\/www.hitech.fi\/hitech\/wp-content\/uploads\/2023\/12\/G-4_ominaisuudet.jpg\" alt=\"\" width=\"635\" height=\"189\" srcset=\"https:\/\/www.hitech.fi\/hitech\/wp-content\/uploads\/2023\/12\/G-4_ominaisuudet.jpg 635w, https:\/\/www.hitech.fi\/hitech\/wp-content\/uploads\/2023\/12\/G-4_ominaisuudet-600x179.jpg 600w, https:\/\/www.hitech.fi\/hitech\/wp-content\/uploads\/2023\/12\/G-4_ominaisuudet-300x89.jpg 300w\" sizes=\"(max-width: 635px) 100vw, 635px\" \/><\/p>\n","protected":false},"excerpt":{"rendered":"<p><strong>T\u00e4ytt\u00e4\u00e4 seuraavat luokitukset:<\/strong><br \/>\nSAE 15W-40<br \/>\nAPI CI-4 Plus<br \/>\nAPI CI-4\/CH-4\/SL<br \/>\nACEA E7, A3\/B4<br \/>\nJASO DH-1<br \/>\nGLOBAL DHD-1<br \/>\nCATERPILLAR ECF-1-a\/-2<br \/>\nCUMMINS CES 20076\/-077\/=078<br \/>\nDETROIT DIESEL 93K215<br \/>\nMACK EO-N\/EO-M Plus<br \/>\nMAN M 3275-1<br \/>\nMB 228.1\/228.3<br \/>\nRENAULT RLD-2<br \/>\nVOLVO VDS-3<br \/>\nMTU Type 2<\/p>\n<p><strong>Pakkauskoot:<\/strong><br \/>\n208L<\/p>\n[maxbutton id=\"1\" url=\"https:\/\/www.hitech.fi\/hitech\/wp-content\/uploads\/2023\/12\/PM0704FIN.pdf\" text=\"Lataa tuotekortti\" window=\"new\" ]\n","protected":false},"featured_media":1072,"comment_status":"closed","ping_status":"closed","template":"","meta":[],"product_brand":[],"product_cat":[147,134,78,79,133,98],"product_tag":[],"class_list":{"0":"post-1079","1":"product","2":"type-product","3":"status-publish","4":"has-post-thumbnail","6":"product_cat-huolto-ja-korjaus","7":"product_cat-kalusto-ja-ajoneuvot","8":"product_cat-pemco","9":"product_cat-raskaan-kaluston-moottorioljyt","10":"product_cat-toimialat","11":"product_cat-voiteluaineet","13":"first","14":"instock","15":"shipping-taxable","16":"product-type-simple"},"yoast_head":"<!-- This site is optimized with the Yoast SEO plugin v24.3 - https:\/\/yoast.com\/wordpress\/plugins\/seo\/ -->\n<title>Pemco Diesel G-4 SHPD 15W-40 raskaankaluston moottori\u00f6ljy | Hitech Chemicals<\/title>\n<meta name=\"robots\" content=\"index, follow, max-snippet:-1, max-image-preview:large, max-video-preview:-1\" \/>\n<link rel=\"canonical\" href=\"https:\/\/www.hitech.fi\/hitech\/product\/pemco-diesel-g-4-shpd-15w-40-raskaan-kaluston-moottorioljy\/\" \/>\n<meta property=\"og:locale\" content=\"fi_FI\" \/>\n<meta property=\"og:type\" content=\"article\" \/>\n<meta property=\"og:title\" content=\"Pemco Diesel G-4 SHPD 15W-40 raskaankaluston moottori\u00f6ljy | Hitech Chemicals\" \/>\n<meta property=\"og:description\" content=\"T\u00e4ytt\u00e4\u00e4 seuraavat luokitukset: SAE 15W-40 API CI-4 Plus API CI-4\/CH-4\/SL ACEA E7, A3\/B4 JASO DH-1 GLOBAL DHD-1 CATERPILLAR ECF-1-a\/-2 CUMMINS CES 20076\/-077\/=078 DETROIT DIESEL 93K215 MACK EO-N\/EO-M Plus MAN M 3275-1 MB 228.1\/228.3 RENAULT RLD-2 VOLVO VDS-3 MTU Type 2  Pakkauskoot: 208L\" \/>\n<meta property=\"og:url\" content=\"https:\/\/www.hitech.fi\/hitech\/product\/pemco-diesel-g-4-shpd-15w-40-raskaan-kaluston-moottorioljy\/\" \/>\n<meta property=\"og:site_name\" content=\"Hitech Chemicals\" \/>\n<meta property=\"article:publisher\" content=\"https:\/\/www.facebook.com\/hitechfinland\" \/>\n<meta property=\"article:modified_time\" content=\"2024-05-13T05:36:23+00:00\" \/>\n<meta property=\"og:image\" content=\"https:\/\/www.hitech.fi\/hitech\/wp-content\/uploads\/2023\/12\/pictures_png_PM0704-20_brown_new_front_1200.png\" \/>\n\t<meta property=\"og:image:width\" content=\"1040\" \/>\n\t<meta property=\"og:image:height\" content=\"1200\" \/>\n\t<meta property=\"og:image:type\" content=\"image\/png\" \/>\n<meta name=\"twitter:card\" content=\"summary_large_image\" \/>\n<meta name=\"twitter:label1\" content=\"Arvioitu lukuaika\" \/>\n\t<meta name=\"twitter:data1\" content=\"1 minuutti\" \/>\n<script type=\"application\/ld+json\" class=\"yoast-schema-graph\">{\"@context\":\"https:\/\/schema.org\",\"@graph\":[{\"@type\":\"WebPage\",\"@id\":\"https:\/\/www.hitech.fi\/hitech\/product\/pemco-diesel-g-4-shpd-15w-40-raskaan-kaluston-moottorioljy\/\",\"url\":\"https:\/\/www.hitech.fi\/hitech\/product\/pemco-diesel-g-4-shpd-15w-40-raskaan-kaluston-moottorioljy\/\",\"name\":\"Pemco Diesel G-4 SHPD 15W-40 raskaankaluston moottori\u00f6ljy | Hitech Chemicals\",\"isPartOf\":{\"@id\":\"https:\/\/www.hitech.fi\/hitech\/#website\"},\"primaryImageOfPage\":{\"@id\":\"https:\/\/www.hitech.fi\/hitech\/product\/pemco-diesel-g-4-shpd-15w-40-raskaan-kaluston-moottorioljy\/#primaryimage\"},\"image\":{\"@id\":\"https:\/\/www.hitech.fi\/hitech\/product\/pemco-diesel-g-4-shpd-15w-40-raskaan-kaluston-moottorioljy\/#primaryimage\"},\"thumbnailUrl\":\"https:\/\/www.hitech.fi\/hitech\/wp-content\/uploads\/2023\/12\/pictures_png_PM0704-20_brown_new_front_1200.png\",\"datePublished\":\"2023-12-01T09:06:49+00:00\",\"dateModified\":\"2024-05-13T05:36:23+00:00\",\"breadcrumb\":{\"@id\":\"https:\/\/www.hitech.fi\/hitech\/product\/pemco-diesel-g-4-shpd-15w-40-raskaan-kaluston-moottorioljy\/#breadcrumb\"},\"inLanguage\":\"fi\",\"potentialAction\":[{\"@type\":\"ReadAction\",\"target\":[\"https:\/\/www.hitech.fi\/hitech\/product\/pemco-diesel-g-4-shpd-15w-40-raskaan-kaluston-moottorioljy\/\"]}]},{\"@type\":\"ImageObject\",\"inLanguage\":\"fi\",\"@id\":\"https:\/\/www.hitech.fi\/hitech\/product\/pemco-diesel-g-4-shpd-15w-40-raskaan-kaluston-moottorioljy\/#primaryimage\",\"url\":\"https:\/\/www.hitech.fi\/hitech\/wp-content\/uploads\/2023\/12\/pictures_png_PM0704-20_brown_new_front_1200.png\",\"contentUrl\":\"https:\/\/www.hitech.fi\/hitech\/wp-content\/uploads\/2023\/12\/pictures_png_PM0704-20_brown_new_front_1200.png\",\"width\":1040,\"height\":1200},{\"@type\":\"BreadcrumbList\",\"@id\":\"https:\/\/www.hitech.fi\/hitech\/product\/pemco-diesel-g-4-shpd-15w-40-raskaan-kaluston-moottorioljy\/#breadcrumb\",\"itemListElement\":[{\"@type\":\"ListItem\",\"position\":1,\"name\":\"Etusivu\",\"item\":\"https:\/\/www.hitech.fi\/hitech\/\"},{\"@type\":\"ListItem\",\"position\":2,\"name\":\"Katalogi\",\"item\":\"https:\/\/www.hitech.fi\/hitech\/katalogi\/\"},{\"@type\":\"ListItem\",\"position\":3,\"name\":\"Pemco Diesel G-4 SHPD 15W-40 raskaankaluston moottori\u00f6ljy\"}]},{\"@type\":\"WebSite\",\"@id\":\"https:\/\/www.hitech.fi\/hitech\/#website\",\"url\":\"https:\/\/www.hitech.fi\/hitech\/\",\"name\":\"Hitech Chemicals\",\"description\":\"Puhdistusaineet ja huoltotuotteet\",\"publisher\":{\"@id\":\"https:\/\/www.hitech.fi\/hitech\/#organization\"},\"potentialAction\":[{\"@type\":\"SearchAction\",\"target\":{\"@type\":\"EntryPoint\",\"urlTemplate\":\"https:\/\/www.hitech.fi\/hitech\/?s={search_term_string}\"},\"query-input\":{\"@type\":\"PropertyValueSpecification\",\"valueRequired\":true,\"valueName\":\"search_term_string\"}}],\"inLanguage\":\"fi\"},{\"@type\":\"Organization\",\"@id\":\"https:\/\/www.hitech.fi\/hitech\/#organization\",\"name\":\"Hitech Chemicals\",\"alternateName\":\"Hitech\",\"url\":\"https:\/\/www.hitech.fi\/hitech\/\",\"logo\":{\"@type\":\"ImageObject\",\"inLanguage\":\"fi\",\"@id\":\"https:\/\/www.hitech.fi\/hitech\/#\/schema\/logo\/image\/\",\"url\":\"https:\/\/www.hitech.fi\/hitech\/wp-content\/uploads\/2023\/06\/cropped-hitech_logo_600x600.png\",\"contentUrl\":\"https:\/\/www.hitech.fi\/hitech\/wp-content\/uploads\/2023\/06\/cropped-hitech_logo_600x600.png\",\"width\":512,\"height\":512,\"caption\":\"Hitech Chemicals\"},\"image\":{\"@id\":\"https:\/\/www.hitech.fi\/hitech\/#\/schema\/logo\/image\/\"},\"sameAs\":[\"https:\/\/www.facebook.com\/hitechfinland\"]}]}<\/script>\n<!-- \/ Yoast SEO plugin. -->","yoast_head_json":{"title":"Pemco Diesel G-4 SHPD 15W-40 raskaankaluston moottori\u00f6ljy | Hitech Chemicals","robots":{"index":"index","follow":"follow","max-snippet":"max-snippet:-1","max-image-preview":"max-image-preview:large","max-video-preview":"max-video-preview:-1"},"canonical":"https:\/\/www.hitech.fi\/hitech\/product\/pemco-diesel-g-4-shpd-15w-40-raskaan-kaluston-moottorioljy\/","og_locale":"fi_FI","og_type":"article","og_title":"Pemco Diesel G-4 SHPD 15W-40 raskaankaluston moottori\u00f6ljy | Hitech Chemicals","og_description":"T\u00e4ytt\u00e4\u00e4 seuraavat luokitukset: SAE 15W-40 API CI-4 Plus API CI-4\/CH-4\/SL ACEA E7, A3\/B4 JASO DH-1 GLOBAL DHD-1 CATERPILLAR ECF-1-a\/-2 CUMMINS CES 20076\/-077\/=078 DETROIT DIESEL 93K215 MACK EO-N\/EO-M Plus MAN M 3275-1 MB 228.1\/228.3 RENAULT RLD-2 VOLVO VDS-3 MTU Type 2  Pakkauskoot: 208L","og_url":"https:\/\/www.hitech.fi\/hitech\/product\/pemco-diesel-g-4-shpd-15w-40-raskaan-kaluston-moottorioljy\/","og_site_name":"Hitech Chemicals","article_publisher":"https:\/\/www.facebook.com\/hitechfinland","article_modified_time":"2024-05-13T05:36:23+00:00","og_image":[{"width":1040,"height":1200,"url":"https:\/\/www.hitech.fi\/hitech\/wp-content\/uploads\/2023\/12\/pictures_png_PM0704-20_brown_new_front_1200.png","type":"image\/png"}],"twitter_card":"summary_large_image","twitter_misc":{"Arvioitu lukuaika":"1 minuutti"},"schema":{"@context":"https:\/\/schema.org","@graph":[{"@type":"WebPage","@id":"https:\/\/www.hitech.fi\/hitech\/product\/pemco-diesel-g-4-shpd-15w-40-raskaan-kaluston-moottorioljy\/","url":"https:\/\/www.hitech.fi\/hitech\/product\/pemco-diesel-g-4-shpd-15w-40-raskaan-kaluston-moottorioljy\/","name":"Pemco Diesel G-4 SHPD 15W-40 raskaankaluston moottori\u00f6ljy | Hitech Chemicals","isPartOf":{"@id":"https:\/\/www.hitech.fi\/hitech\/#website"},"primaryImageOfPage":{"@id":"https:\/\/www.hitech.fi\/hitech\/product\/pemco-diesel-g-4-shpd-15w-40-raskaan-kaluston-moottorioljy\/#primaryimage"},"image":{"@id":"https:\/\/www.hitech.fi\/hitech\/product\/pemco-diesel-g-4-shpd-15w-40-raskaan-kaluston-moottorioljy\/#primaryimage"},"thumbnailUrl":"https:\/\/www.hitech.fi\/hitech\/wp-content\/uploads\/2023\/12\/pictures_png_PM0704-20_brown_new_front_1200.png","datePublished":"2023-12-01T09:06:49+00:00","dateModified":"2024-05-13T05:36:23+00:00","breadcrumb":{"@id":"https:\/\/www.hitech.fi\/hitech\/product\/pemco-diesel-g-4-shpd-15w-40-raskaan-kaluston-moottorioljy\/#breadcrumb"},"inLanguage":"fi","potentialAction":[{"@type":"ReadAction","target":["https:\/\/www.hitech.fi\/hitech\/product\/pemco-diesel-g-4-shpd-15w-40-raskaan-kaluston-moottorioljy\/"]}]},{"@type":"ImageObject","inLanguage":"fi","@id":"https:\/\/www.hitech.fi\/hitech\/product\/pemco-diesel-g-4-shpd-15w-40-raskaan-kaluston-moottorioljy\/#primaryimage","url":"https:\/\/www.hitech.fi\/hitech\/wp-content\/uploads\/2023\/12\/pictures_png_PM0704-20_brown_new_front_1200.png","contentUrl":"https:\/\/www.hitech.fi\/hitech\/wp-content\/uploads\/2023\/12\/pictures_png_PM0704-20_brown_new_front_1200.png","width":1040,"height":1200},{"@type":"BreadcrumbList","@id":"https:\/\/www.hitech.fi\/hitech\/product\/pemco-diesel-g-4-shpd-15w-40-raskaan-kaluston-moottorioljy\/#breadcrumb","itemListElement":[{"@type":"ListItem","position":1,"name":"Etusivu","item":"https:\/\/www.hitech.fi\/hitech\/"},{"@type":"ListItem","position":2,"name":"Katalogi","item":"https:\/\/www.hitech.fi\/hitech\/katalogi\/"},{"@type":"ListItem","position":3,"name":"Pemco Diesel G-4 SHPD 15W-40 raskaankaluston moottori\u00f6ljy"}]},{"@type":"WebSite","@id":"https:\/\/www.hitech.fi\/hitech\/#website","url":"https:\/\/www.hitech.fi\/hitech\/","name":"Hitech Chemicals","description":"Puhdistusaineet ja huoltotuotteet","publisher":{"@id":"https:\/\/www.hitech.fi\/hitech\/#organization"},"potentialAction":[{"@type":"SearchAction","target":{"@type":"EntryPoint","urlTemplate":"https:\/\/www.hitech.fi\/hitech\/?s={search_term_string}"},"query-input":{"@type":"PropertyValueSpecification","valueRequired":true,"valueName":"search_term_string"}}],"inLanguage":"fi"},{"@type":"Organization","@id":"https:\/\/www.hitech.fi\/hitech\/#organization","name":"Hitech Chemicals","alternateName":"Hitech","url":"https:\/\/www.hitech.fi\/hitech\/","logo":{"@type":"ImageObject","inLanguage":"fi","@id":"https:\/\/www.hitech.fi\/hitech\/#\/schema\/logo\/image\/","url":"https:\/\/www.hitech.fi\/hitech\/wp-content\/uploads\/2023\/06\/cropped-hitech_logo_600x600.png","contentUrl":"https:\/\/www.hitech.fi\/hitech\/wp-content\/uploads\/2023\/06\/cropped-hitech_logo_600x600.png","width":512,"height":512,"caption":"Hitech Chemicals"},"image":{"@id":"https:\/\/www.hitech.fi\/hitech\/#\/schema\/logo\/image\/"},"sameAs":["https:\/\/www.facebook.com\/hitechfinland"]}]}},"_links":{"self":[{"href":"https:\/\/www.hitech.fi\/hitech\/wp-json\/wp\/v2\/product\/1079","targetHints":{"allow":["GET"]}}],"collection":[{"href":"https:\/\/www.hitech.fi\/hitech\/wp-json\/wp\/v2\/product"}],"about":[{"href":"https:\/\/www.hitech.fi\/hitech\/wp-json\/wp\/v2\/types\/product"}],"replies":[{"embeddable":true,"href":"https:\/\/www.hitech.fi\/hitech\/wp-json\/wp\/v2\/comments?post=1079"}],"wp:featuredmedia":[{"embeddable":true,"href":"https:\/\/www.hitech.fi\/hitech\/wp-json\/wp\/v2\/media\/1072"}],"wp:attachment":[{"href":"https:\/\/www.hitech.fi\/hitech\/wp-json\/wp\/v2\/media?parent=1079"}],"wp:term":[{"taxonomy":"product_brand","embeddable":true,"href":"https:\/\/www.hitech.fi\/hitech\/wp-json\/wp\/v2\/product_brand?post=1079"},{"taxonomy":"product_cat","embeddable":true,"href":"https:\/\/www.hitech.fi\/hitech\/wp-json\/wp\/v2\/product_cat?post=1079"},{"taxonomy":"product_tag","embeddable":true,"href":"https:\/\/www.hitech.fi\/hitech\/wp-json\/wp\/v2\/product_tag?post=1079"}],"curies":[{"name":"wp","href":"https:\/\/api.w.org\/{rel}","templated":true}]}}