{"id":1069,"date":"2023-11-30T14:23:16","date_gmt":"2023-11-30T12:23:16","guid":{"rendered":"https:\/\/www.hitech.fi\/hitech\/?post_type=product&#038;p=1069"},"modified":"2024-05-13T08:36:41","modified_gmt":"2024-05-13T05:36:41","slug":"pemco-hydro-hv-iso-68-hydraulioljy","status":"publish","type":"product","link":"https:\/\/www.hitech.fi\/hitech\/product\/pemco-hydro-hv-iso-68-hydraulioljy\/","title":{"rendered":"Pemco Hydro HV ISO 68 hydrauli\u00f6ljy"},"content":{"rendered":"<p>HYDRO HV \u00f6ljyt ovat ymp\u00e4rivuotiseen k\u00e4ytt\u00f6\u00f6n tarkoitettuja parafiinisist\u00e4 mineraali\u00f6ljyist\u00e4 valmistettuja korkealuokkaisia HVLP- luokan hydrauliikka\u00f6ljyj\u00e4. Ne soveltuvat sek\u00e4 paikallisiin ett\u00e4 liikkuviin hydrauliikkaj\u00e4rjestelmiin jotka toimivat vaihtelevissa olosuhteissa ja l\u00e4mp\u00f6tiloissa. <\/p>\n<p>HYDRO HV \u00f6ljyt ovat suunniteltu huomoiden nykyaikaisten laitteiden asettamat vaatimukset niin paineenkeston kuin kulumiseneston suhteen. Niiden korkea viskositeetti-indeksi mahdollistaa laitteiden k\u00e4ynnistyksen my\u00f6s kylmiss\u00e4 olosuhteissa.<\/p>\n<p><strong>Pemco HV hydrauli\u00f6ljyjen ominaisuudet:<\/strong><br \/>\n<img fetchpriority=\"high\" decoding=\"async\" src=\"https:\/\/www.hitech.fi\/hitech\/wp-content\/uploads\/2023\/11\/Pemco_hydraulioljy_ominaisuudet.jpg\" alt=\"\" width=\"635\" height=\"134\" class=\"alignnone size-full wp-image-1067\" srcset=\"https:\/\/www.hitech.fi\/hitech\/wp-content\/uploads\/2023\/11\/Pemco_hydraulioljy_ominaisuudet.jpg 635w, https:\/\/www.hitech.fi\/hitech\/wp-content\/uploads\/2023\/11\/Pemco_hydraulioljy_ominaisuudet-600x127.jpg 600w, https:\/\/www.hitech.fi\/hitech\/wp-content\/uploads\/2023\/11\/Pemco_hydraulioljy_ominaisuudet-300x63.jpg 300w\" sizes=\"(max-width: 635px) 100vw, 635px\" \/><\/p>\n","protected":false},"excerpt":{"rendered":"<p><strong>T\u00e4ytt\u00e4\u00e4 seuraavat vaatimukset \/ luokitukset:<\/strong><br \/>\nSAE MS 1004<br \/>\nISO Viscosity Grade 68<br \/>\nDIN 51524-2 (HM)\/-3 (HV)<br \/>\nISO 11158 (HM, HV)<\/p>\n<p>ASTM USA D6158; ANSI AGMA 9005-E02-RO; AIST 126\/127; JCMAS P041 HK Hydraulic specification; GERMAN STEEL INDUSTRY SEB 181222; BOSCH REXROTH RE 90220; EATON M-2950-S; EATON I-286-S3; GM LS2; MAG CINCINNATI P-68\/-69\/-70; PARKER DENISON HF-0\/-1\/-2; SPERRY VICKERS M-2950-S; SPERRY VICKERS I-286-S3<\/p>\n<p><strong>Pakkauskoot:<\/strong><br \/>\n208 L<\/p>\n[maxbutton id=\"1\" url=\"https:\/\/www.hitech.fi\/hitech\/wp-content\/uploads\/2023\/11\/PM2203-02-01.pdf\" text=\"Lataa tuotekortti\" window=\"new\" ]\n","protected":false},"featured_media":1070,"comment_status":"closed","ping_status":"closed","template":"","meta":[],"product_brand":[],"product_cat":[147,77,134,78,133,98],"product_tag":[],"class_list":{"0":"post-1069","1":"product","2":"type-product","3":"status-publish","4":"has-post-thumbnail","6":"product_cat-huolto-ja-korjaus","7":"product_cat-hydraulioljyt","8":"product_cat-kalusto-ja-ajoneuvot","9":"product_cat-pemco","10":"product_cat-toimialat","11":"product_cat-voiteluaineet","13":"first","14":"instock","15":"shipping-taxable","16":"product-type-simple"},"yoast_head":"<!-- This site is optimized with the Yoast SEO plugin v24.3 - https:\/\/yoast.com\/wordpress\/plugins\/seo\/ -->\n<title>Pemco Hydro HV ISO 68 hydrauli\u00f6ljy | Hitech Chemicals<\/title>\n<meta name=\"robots\" content=\"index, follow, max-snippet:-1, max-image-preview:large, max-video-preview:-1\" \/>\n<link rel=\"canonical\" href=\"https:\/\/www.hitech.fi\/hitech\/product\/pemco-hydro-hv-iso-68-hydraulioljy\/\" \/>\n<meta property=\"og:locale\" content=\"fi_FI\" \/>\n<meta property=\"og:type\" content=\"article\" \/>\n<meta property=\"og:title\" content=\"Pemco Hydro HV ISO 68 hydrauli\u00f6ljy | Hitech Chemicals\" \/>\n<meta property=\"og:description\" content=\"T\u00e4ytt\u00e4\u00e4 seuraavat vaatimukset \/ luokitukset: SAE MS 1004 ISO Viscosity Grade 68 DIN 51524-2 (HM)\/-3 (HV) ISO 11158 (HM, HV)  ASTM USA D6158; ANSI AGMA 9005-E02-RO; AIST 126\/127; JCMAS P041 HK Hydraulic specification; GERMAN STEEL INDUSTRY SEB 181222; BOSCH REXROTH RE 90220; EATON M-2950-S; EATON I-286-S3; GM LS2; MAG CINCINNATI P-68\/-69\/-70; PARKER DENISON HF-0\/-1\/-2; SPERRY VICKERS M-2950-S; SPERRY VICKERS I-286-S3  Pakkauskoot: 208 L\" \/>\n<meta property=\"og:url\" content=\"https:\/\/www.hitech.fi\/hitech\/product\/pemco-hydro-hv-iso-68-hydraulioljy\/\" \/>\n<meta property=\"og:site_name\" content=\"Hitech Chemicals\" \/>\n<meta property=\"article:publisher\" content=\"https:\/\/www.facebook.com\/hitechfinland\" \/>\n<meta property=\"article:modified_time\" content=\"2024-05-13T05:36:41+00:00\" \/>\n<meta property=\"og:image\" content=\"https:\/\/www.hitech.fi\/hitech\/wp-content\/uploads\/2023\/11\/pictures_png_PM2203-20_brown_new_front_1200.png\" \/>\n\t<meta property=\"og:image:width\" content=\"1040\" \/>\n\t<meta property=\"og:image:height\" content=\"1200\" \/>\n\t<meta property=\"og:image:type\" content=\"image\/png\" \/>\n<meta name=\"twitter:card\" content=\"summary_large_image\" \/>\n<meta name=\"twitter:label1\" content=\"Arvioitu lukuaika\" \/>\n\t<meta name=\"twitter:data1\" content=\"1 minuutti\" \/>\n<script type=\"application\/ld+json\" class=\"yoast-schema-graph\">{\"@context\":\"https:\/\/schema.org\",\"@graph\":[{\"@type\":\"WebPage\",\"@id\":\"https:\/\/www.hitech.fi\/hitech\/product\/pemco-hydro-hv-iso-68-hydraulioljy\/\",\"url\":\"https:\/\/www.hitech.fi\/hitech\/product\/pemco-hydro-hv-iso-68-hydraulioljy\/\",\"name\":\"Pemco Hydro HV ISO 68 hydrauli\u00f6ljy | Hitech Chemicals\",\"isPartOf\":{\"@id\":\"https:\/\/www.hitech.fi\/hitech\/#website\"},\"primaryImageOfPage\":{\"@id\":\"https:\/\/www.hitech.fi\/hitech\/product\/pemco-hydro-hv-iso-68-hydraulioljy\/#primaryimage\"},\"image\":{\"@id\":\"https:\/\/www.hitech.fi\/hitech\/product\/pemco-hydro-hv-iso-68-hydraulioljy\/#primaryimage\"},\"thumbnailUrl\":\"https:\/\/www.hitech.fi\/hitech\/wp-content\/uploads\/2023\/11\/pictures_png_PM2203-20_brown_new_front_1200.png\",\"datePublished\":\"2023-11-30T12:23:16+00:00\",\"dateModified\":\"2024-05-13T05:36:41+00:00\",\"breadcrumb\":{\"@id\":\"https:\/\/www.hitech.fi\/hitech\/product\/pemco-hydro-hv-iso-68-hydraulioljy\/#breadcrumb\"},\"inLanguage\":\"fi\",\"potentialAction\":[{\"@type\":\"ReadAction\",\"target\":[\"https:\/\/www.hitech.fi\/hitech\/product\/pemco-hydro-hv-iso-68-hydraulioljy\/\"]}]},{\"@type\":\"ImageObject\",\"inLanguage\":\"fi\",\"@id\":\"https:\/\/www.hitech.fi\/hitech\/product\/pemco-hydro-hv-iso-68-hydraulioljy\/#primaryimage\",\"url\":\"https:\/\/www.hitech.fi\/hitech\/wp-content\/uploads\/2023\/11\/pictures_png_PM2203-20_brown_new_front_1200.png\",\"contentUrl\":\"https:\/\/www.hitech.fi\/hitech\/wp-content\/uploads\/2023\/11\/pictures_png_PM2203-20_brown_new_front_1200.png\",\"width\":1040,\"height\":1200},{\"@type\":\"BreadcrumbList\",\"@id\":\"https:\/\/www.hitech.fi\/hitech\/product\/pemco-hydro-hv-iso-68-hydraulioljy\/#breadcrumb\",\"itemListElement\":[{\"@type\":\"ListItem\",\"position\":1,\"name\":\"Etusivu\",\"item\":\"https:\/\/www.hitech.fi\/hitech\/\"},{\"@type\":\"ListItem\",\"position\":2,\"name\":\"Katalogi\",\"item\":\"https:\/\/www.hitech.fi\/hitech\/katalogi\/\"},{\"@type\":\"ListItem\",\"position\":3,\"name\":\"Pemco Hydro HV ISO 68 hydrauli\u00f6ljy\"}]},{\"@type\":\"WebSite\",\"@id\":\"https:\/\/www.hitech.fi\/hitech\/#website\",\"url\":\"https:\/\/www.hitech.fi\/hitech\/\",\"name\":\"Hitech Chemicals\",\"description\":\"Puhdistusaineet ja huoltotuotteet\",\"publisher\":{\"@id\":\"https:\/\/www.hitech.fi\/hitech\/#organization\"},\"potentialAction\":[{\"@type\":\"SearchAction\",\"target\":{\"@type\":\"EntryPoint\",\"urlTemplate\":\"https:\/\/www.hitech.fi\/hitech\/?s={search_term_string}\"},\"query-input\":{\"@type\":\"PropertyValueSpecification\",\"valueRequired\":true,\"valueName\":\"search_term_string\"}}],\"inLanguage\":\"fi\"},{\"@type\":\"Organization\",\"@id\":\"https:\/\/www.hitech.fi\/hitech\/#organization\",\"name\":\"Hitech Chemicals\",\"alternateName\":\"Hitech\",\"url\":\"https:\/\/www.hitech.fi\/hitech\/\",\"logo\":{\"@type\":\"ImageObject\",\"inLanguage\":\"fi\",\"@id\":\"https:\/\/www.hitech.fi\/hitech\/#\/schema\/logo\/image\/\",\"url\":\"https:\/\/www.hitech.fi\/hitech\/wp-content\/uploads\/2023\/06\/cropped-hitech_logo_600x600.png\",\"contentUrl\":\"https:\/\/www.hitech.fi\/hitech\/wp-content\/uploads\/2023\/06\/cropped-hitech_logo_600x600.png\",\"width\":512,\"height\":512,\"caption\":\"Hitech Chemicals\"},\"image\":{\"@id\":\"https:\/\/www.hitech.fi\/hitech\/#\/schema\/logo\/image\/\"},\"sameAs\":[\"https:\/\/www.facebook.com\/hitechfinland\"]}]}<\/script>\n<!-- \/ Yoast SEO plugin. -->","yoast_head_json":{"title":"Pemco Hydro HV ISO 68 hydrauli\u00f6ljy | Hitech Chemicals","robots":{"index":"index","follow":"follow","max-snippet":"max-snippet:-1","max-image-preview":"max-image-preview:large","max-video-preview":"max-video-preview:-1"},"canonical":"https:\/\/www.hitech.fi\/hitech\/product\/pemco-hydro-hv-iso-68-hydraulioljy\/","og_locale":"fi_FI","og_type":"article","og_title":"Pemco Hydro HV ISO 68 hydrauli\u00f6ljy | Hitech Chemicals","og_description":"T\u00e4ytt\u00e4\u00e4 seuraavat vaatimukset \/ luokitukset: SAE MS 1004 ISO Viscosity Grade 68 DIN 51524-2 (HM)\/-3 (HV) ISO 11158 (HM, HV)  ASTM USA D6158; ANSI AGMA 9005-E02-RO; AIST 126\/127; JCMAS P041 HK Hydraulic specification; GERMAN STEEL INDUSTRY SEB 181222; BOSCH REXROTH RE 90220; EATON M-2950-S; EATON I-286-S3; GM LS2; MAG CINCINNATI P-68\/-69\/-70; PARKER DENISON HF-0\/-1\/-2; SPERRY VICKERS M-2950-S; SPERRY VICKERS I-286-S3  Pakkauskoot: 208 L","og_url":"https:\/\/www.hitech.fi\/hitech\/product\/pemco-hydro-hv-iso-68-hydraulioljy\/","og_site_name":"Hitech Chemicals","article_publisher":"https:\/\/www.facebook.com\/hitechfinland","article_modified_time":"2024-05-13T05:36:41+00:00","og_image":[{"width":1040,"height":1200,"url":"https:\/\/www.hitech.fi\/hitech\/wp-content\/uploads\/2023\/11\/pictures_png_PM2203-20_brown_new_front_1200.png","type":"image\/png"}],"twitter_card":"summary_large_image","twitter_misc":{"Arvioitu lukuaika":"1 minuutti"},"schema":{"@context":"https:\/\/schema.org","@graph":[{"@type":"WebPage","@id":"https:\/\/www.hitech.fi\/hitech\/product\/pemco-hydro-hv-iso-68-hydraulioljy\/","url":"https:\/\/www.hitech.fi\/hitech\/product\/pemco-hydro-hv-iso-68-hydraulioljy\/","name":"Pemco Hydro HV ISO 68 hydrauli\u00f6ljy | Hitech Chemicals","isPartOf":{"@id":"https:\/\/www.hitech.fi\/hitech\/#website"},"primaryImageOfPage":{"@id":"https:\/\/www.hitech.fi\/hitech\/product\/pemco-hydro-hv-iso-68-hydraulioljy\/#primaryimage"},"image":{"@id":"https:\/\/www.hitech.fi\/hitech\/product\/pemco-hydro-hv-iso-68-hydraulioljy\/#primaryimage"},"thumbnailUrl":"https:\/\/www.hitech.fi\/hitech\/wp-content\/uploads\/2023\/11\/pictures_png_PM2203-20_brown_new_front_1200.png","datePublished":"2023-11-30T12:23:16+00:00","dateModified":"2024-05-13T05:36:41+00:00","breadcrumb":{"@id":"https:\/\/www.hitech.fi\/hitech\/product\/pemco-hydro-hv-iso-68-hydraulioljy\/#breadcrumb"},"inLanguage":"fi","potentialAction":[{"@type":"ReadAction","target":["https:\/\/www.hitech.fi\/hitech\/product\/pemco-hydro-hv-iso-68-hydraulioljy\/"]}]},{"@type":"ImageObject","inLanguage":"fi","@id":"https:\/\/www.hitech.fi\/hitech\/product\/pemco-hydro-hv-iso-68-hydraulioljy\/#primaryimage","url":"https:\/\/www.hitech.fi\/hitech\/wp-content\/uploads\/2023\/11\/pictures_png_PM2203-20_brown_new_front_1200.png","contentUrl":"https:\/\/www.hitech.fi\/hitech\/wp-content\/uploads\/2023\/11\/pictures_png_PM2203-20_brown_new_front_1200.png","width":1040,"height":1200},{"@type":"BreadcrumbList","@id":"https:\/\/www.hitech.fi\/hitech\/product\/pemco-hydro-hv-iso-68-hydraulioljy\/#breadcrumb","itemListElement":[{"@type":"ListItem","position":1,"name":"Etusivu","item":"https:\/\/www.hitech.fi\/hitech\/"},{"@type":"ListItem","position":2,"name":"Katalogi","item":"https:\/\/www.hitech.fi\/hitech\/katalogi\/"},{"@type":"ListItem","position":3,"name":"Pemco Hydro HV ISO 68 hydrauli\u00f6ljy"}]},{"@type":"WebSite","@id":"https:\/\/www.hitech.fi\/hitech\/#website","url":"https:\/\/www.hitech.fi\/hitech\/","name":"Hitech Chemicals","description":"Puhdistusaineet ja huoltotuotteet","publisher":{"@id":"https:\/\/www.hitech.fi\/hitech\/#organization"},"potentialAction":[{"@type":"SearchAction","target":{"@type":"EntryPoint","urlTemplate":"https:\/\/www.hitech.fi\/hitech\/?s={search_term_string}"},"query-input":{"@type":"PropertyValueSpecification","valueRequired":true,"valueName":"search_term_string"}}],"inLanguage":"fi"},{"@type":"Organization","@id":"https:\/\/www.hitech.fi\/hitech\/#organization","name":"Hitech Chemicals","alternateName":"Hitech","url":"https:\/\/www.hitech.fi\/hitech\/","logo":{"@type":"ImageObject","inLanguage":"fi","@id":"https:\/\/www.hitech.fi\/hitech\/#\/schema\/logo\/image\/","url":"https:\/\/www.hitech.fi\/hitech\/wp-content\/uploads\/2023\/06\/cropped-hitech_logo_600x600.png","contentUrl":"https:\/\/www.hitech.fi\/hitech\/wp-content\/uploads\/2023\/06\/cropped-hitech_logo_600x600.png","width":512,"height":512,"caption":"Hitech Chemicals"},"image":{"@id":"https:\/\/www.hitech.fi\/hitech\/#\/schema\/logo\/image\/"},"sameAs":["https:\/\/www.facebook.com\/hitechfinland"]}]}},"_links":{"self":[{"href":"https:\/\/www.hitech.fi\/hitech\/wp-json\/wp\/v2\/product\/1069","targetHints":{"allow":["GET"]}}],"collection":[{"href":"https:\/\/www.hitech.fi\/hitech\/wp-json\/wp\/v2\/product"}],"about":[{"href":"https:\/\/www.hitech.fi\/hitech\/wp-json\/wp\/v2\/types\/product"}],"replies":[{"embeddable":true,"href":"https:\/\/www.hitech.fi\/hitech\/wp-json\/wp\/v2\/comments?post=1069"}],"wp:featuredmedia":[{"embeddable":true,"href":"https:\/\/www.hitech.fi\/hitech\/wp-json\/wp\/v2\/media\/1070"}],"wp:attachment":[{"href":"https:\/\/www.hitech.fi\/hitech\/wp-json\/wp\/v2\/media?parent=1069"}],"wp:term":[{"taxonomy":"product_brand","embeddable":true,"href":"https:\/\/www.hitech.fi\/hitech\/wp-json\/wp\/v2\/product_brand?post=1069"},{"taxonomy":"product_cat","embeddable":true,"href":"https:\/\/www.hitech.fi\/hitech\/wp-json\/wp\/v2\/product_cat?post=1069"},{"taxonomy":"product_tag","embeddable":true,"href":"https:\/\/www.hitech.fi\/hitech\/wp-json\/wp\/v2\/product_tag?post=1069"}],"curies":[{"name":"wp","href":"https:\/\/api.w.org\/{rel}","templated":true}]}}