{"id":933,"date":"2023-10-19T12:58:36","date_gmt":"2023-10-19T09:58:36","guid":{"rendered":"https:\/\/www.hitech.fi\/hitech\/?page_id=933"},"modified":"2024-07-02T09:44:01","modified_gmt":"2024-07-02T06:44:01","slug":"rekisteri-ja-tietosuojaseloste","status":"publish","type":"page","link":"https:\/\/www.hitech.fi\/hitech\/rekisteri-ja-tietosuojaseloste\/","title":{"rendered":"Rekisteri- ja tietosuojaseloste"},"content":{"rendered":"\t\t<div data-elementor-type=\"wp-page\" data-elementor-id=\"933\" class=\"elementor elementor-933\" data-elementor-post-type=\"page\">\n\t\t\t\t<div class=\"elementor-element elementor-element-642b9e9d e-flex e-con-boxed e-con e-parent\" data-id=\"642b9e9d\" data-element_type=\"container\">\n\t\t\t\t\t<div class=\"e-con-inner\">\n\t\t\t\t<div class=\"elementor-element elementor-element-f3aaab8 elementor-widget elementor-widget-heading\" data-id=\"f3aaab8\" data-element_type=\"widget\" data-widget_type=\"heading.default\">\n\t\t\t\t<div class=\"elementor-widget-container\">\n\t\t\t\t\t<h2 class=\"elementor-heading-title elementor-size-default\">REKISTERI- JA TIETOSUOJASELOSTE<\/h2>\t\t\t\t<\/div>\n\t\t\t\t<\/div>\n\t\t\t\t<div class=\"elementor-element elementor-element-14d0b014 elementor-widget elementor-widget-text-editor\" data-id=\"14d0b014\" data-element_type=\"widget\" data-widget_type=\"text-editor.default\">\n\t\t\t\t<div class=\"elementor-widget-container\"><p>T\u00e4m\u00e4 tietosuojaseloste koskee Hitech Europe Oy:n internetsivuja, verkkopalveluja ja pikaviestiv\u00e4lineit\u00e4 mm. Messenger.<\/p><h3 class=\"wp-block-heading\">1 Rekisterinpit\u00e4j\u00e4<\/h3><p>Hitech Europe Oy<br>Hulikanper\u00e4 2, 37570 LEMP\u00c4\u00c4L\u00c4<br>Y-tunnus: 3377838-8<br>https:\/\/hitech.fi\/<\/p><h3 class=\"wp-block-heading\">2 Yhteyshenkil\u00f6 rekisteri\u00e4 koskevissa asioissa<\/h3><p>Mikko Hakala <br>Myyntijohtaja <br><a href=\"mailto:myynti@hitech.fi\">myynti@hitech.fi<\/a><br>0207 434 780<\/p><h3 class=\"wp-block-heading\">3 Tietosuojavastaava<\/h3><p>Mikko Hakala<br>Myyntijohtaja<br><a href=\"mailto:myynti@hitech.fi\">myynti@hitech.fi<\/a><br>0207 434 780<\/p><h3 class=\"wp-block-heading\">4 Rekisterin nimi<\/h3><p>Hitech Europe Oy tietosuojaseloste.<\/p><h3 class=\"wp-block-heading\">5 Henkil\u00f6tietojen k\u00e4ytt\u00f6tarkoitus ja tietol\u00e4hteet<\/h3><p>Henkil\u00f6tietoja ker\u00e4t\u00e4\u00e4n tietty\u00e4, nimenomaista ja laillista tarkoitusta varten mm. tuotteiden ostamista ja yhteydenottopyynt\u00f6jen k\u00e4sittelemiseksi. Rekisteriin ker\u00e4t\u00e4\u00e4n tietoja henkil\u00f6iden itsens\u00e4 luovuttamina.<\/p><p>Henkil\u00f6tietoja ker\u00e4t\u00e4\u00e4n t\u00e4m\u00e4n tietosuojaselosteen mukaisesti eik\u00e4 niit\u00e4 miss\u00e4\u00e4n tilanteessa k\u00e4ytet\u00e4, muuteta tai siirret\u00e4 eri tavalla kuin t\u00e4ss\u00e4 tietosuojaselosteessa on mainittu.<\/p><h3 class=\"wp-block-heading\">6 Rekisterin tietosis\u00e4lt\u00f6<\/h3><p>Rekisteri voi pit\u00e4\u00e4 sis\u00e4ll\u00e4\u00e4n henkil\u00f6tietoja, kuten nimi, yritys, puhelinnumero, s\u00e4hk\u00f6postiosoite, syntym\u00e4aika ja muita rekrytointihakemusten ja yhteydenottopyynt\u00f6jen k\u00e4sittelyyn tarvittavia tietoja.<\/p><h3 class=\"wp-block-heading\">7 Tietojen s\u00e4\u00e4nn\u00f6nmukaiset luovutukset<\/h3><p>Rekisteriss\u00e4 olevia tietoja voidaan luovuttaa yhti\u00f6n ulkopuolisille henkil\u00f6ille vain jos se on tarpeen k\u00e4ytt\u00e4j\u00e4n pyyt\u00e4m\u00e4n palvelun suorittamiseksi.<\/p><h3 class=\"wp-block-heading\">8 Rekisterin suojauksen periaatteet<\/h3><p>Henkil\u00f6tiedot s\u00e4ilytet\u00e4\u00e4n luottamuksellisina s\u00e4hk\u00f6isess\u00e4 muodossa. Rekisteriin on p\u00e4\u00e4sy vain siihen oikeutetun ty\u00f6ntekij\u00e4n tai ammatinharjoittajan henkil\u00f6kohtaisella k\u00e4ytt\u00e4j\u00e4tunnuksella ja salasanalla.<\/p><p>Hitech Europe Oy ei siirr\u00e4 mihink\u00e4\u00e4n muualle t\u00e4ss\u00e4 rekisteriss\u00e4 olevia tietoja ellei se ole tarpeen k\u00e4ytt\u00e4j\u00e4n pyyt\u00e4m\u00e4n palvelun suorittamiseksi.<\/p><h3 class=\"wp-block-heading\">9 Verkkopalvelun k\u00e4ytt\u00e4j\u00e4n oikeudet<\/h3><p>K\u00e4vij\u00e4ll\u00e4 on oikeus tarkistaa h\u00e4nest\u00e4 ker\u00e4tyt tiedot ja pyyt\u00e4\u00e4 virheellisten tietojen korjaamista. K\u00e4vij\u00e4 voi tarkastaa tai oikaista henkil\u00f6tietonsa l\u00e4hett\u00e4m\u00e4ll\u00e4 sit\u00e4 koskevan pyynn\u00f6n Hitech Europe Oy:lle.<\/p><p>Tarkastuspyynt\u00f6 tulee osoittaa kirjallisesti ja allekirjoitettuna rekisterinpit\u00e4j\u00e4n yhteyshenkil\u00f6lle. Hitech Europe Oy vastaa tarkastusoikeuteen perustuvaan pyynt\u00f6\u00f6n kahden (2) viikon kuluessa pyynn\u00f6n vastaanottamisesta.<\/p><h3 class=\"wp-block-heading\">10 Tietojen poistaminen ja s\u00e4ilytysaika<\/h3><p>Kun Hitech Europe Oy ei en\u00e4\u00e4 tarvitse ker\u00e4\u00e4mi\u00e4\u00e4n henkil\u00f6tietoja, tiedot tuhotaan turvallisesti.<\/p><h3 class=\"wp-block-heading\">11 Tietosuojaselosteen muuttaminen<\/h3><p>Tietosuojaseloste 19.10.2023. Pyrimme jatkuvasti kehitt\u00e4m\u00e4\u00e4n palvelujamme ja siksi pid\u00e4t\u00e4mme oikeuden muuttaa t\u00e4t\u00e4 tietosuojaselostetta ilmoittamalla siit\u00e4 t\u00e4ll\u00e4 sivulla.<\/p><\/div>\n\t\t\t\t<\/div>\n\t\t\t\t\t<\/div>\n\t\t\t\t<\/div>\t\t<\/div>\n\t\t","protected":false},"excerpt":{"rendered":"<p>REKISTERI- JA TIETOSUOJASELOSTE T\u00e4m\u00e4 tietosuojaseloste koskee Hitech Europe Oy:n internetsivuja, verkkopalveluja ja pikaviestiv\u00e4lineit\u00e4 mm. Messenger. 1 Rekisterinpit\u00e4j\u00e4 Hitech Europe OyHulikanper\u00e4 2, 37570 LEMP\u00c4\u00c4L\u00c4Y-tunnus: 3377838-8https:\/\/hitech.fi\/ 2 Yhteyshenkil\u00f6 rekisteri\u00e4 koskevissa asioissa Mikko Hakala Myyntijohtaja myynti@hitech.fi0207 434 780 3 Tietosuojavastaava Mikko HakalaMyyntijohtajamyynti@hitech.fi0207 434 780 4 Rekisterin nimi Hitech Europe Oy tietosuojaseloste. 5 Henkil\u00f6tietojen k\u00e4ytt\u00f6tarkoitus ja tietol\u00e4hteet Henkil\u00f6tietoja ker\u00e4t\u00e4\u00e4n [&hellip;]<\/p>\n","protected":false},"author":1,"featured_media":0,"parent":0,"menu_order":0,"comment_status":"closed","ping_status":"closed","template":"","meta":{"footnotes":""},"class_list":["post-933","page","type-page","status-publish","hentry"],"yoast_head":"<!-- This site is optimized with the Yoast SEO plugin v24.3 - https:\/\/yoast.com\/wordpress\/plugins\/seo\/ -->\n<title>Rekisteri- ja tietosuojaseloste | Hitech Chemicals<\/title>\n<meta name=\"robots\" content=\"index, follow, max-snippet:-1, max-image-preview:large, max-video-preview:-1\" \/>\n<link rel=\"canonical\" href=\"https:\/\/www.hitech.fi\/hitech\/rekisteri-ja-tietosuojaseloste\/\" \/>\n<meta property=\"og:locale\" content=\"fi_FI\" \/>\n<meta property=\"og:type\" content=\"article\" \/>\n<meta property=\"og:title\" content=\"Rekisteri- ja tietosuojaseloste | Hitech Chemicals\" \/>\n<meta property=\"og:description\" content=\"REKISTERI- JA TIETOSUOJASELOSTE T\u00e4m\u00e4 tietosuojaseloste koskee Hitech Europe Oy:n internetsivuja, verkkopalveluja ja pikaviestiv\u00e4lineit\u00e4 mm. Messenger. 1 Rekisterinpit\u00e4j\u00e4 Hitech Europe OyHulikanper\u00e4 2, 37570 LEMP\u00c4\u00c4L\u00c4Y-tunnus: 3377838-8https:\/\/hitech.fi\/ 2 Yhteyshenkil\u00f6 rekisteri\u00e4 koskevissa asioissa Mikko Hakala Myyntijohtaja myynti@hitech.fi0207 434 780 3 Tietosuojavastaava Mikko HakalaMyyntijohtajamyynti@hitech.fi0207 434 780 4 Rekisterin nimi Hitech Europe Oy tietosuojaseloste. 5 Henkil\u00f6tietojen k\u00e4ytt\u00f6tarkoitus ja tietol\u00e4hteet Henkil\u00f6tietoja ker\u00e4t\u00e4\u00e4n [&hellip;]\" \/>\n<meta property=\"og:url\" content=\"https:\/\/www.hitech.fi\/hitech\/rekisteri-ja-tietosuojaseloste\/\" \/>\n<meta property=\"og:site_name\" content=\"Hitech Chemicals\" \/>\n<meta property=\"article:publisher\" content=\"https:\/\/www.facebook.com\/hitechfinland\" \/>\n<meta property=\"article:modified_time\" content=\"2024-07-02T06:44:01+00:00\" \/>\n<meta name=\"twitter:card\" content=\"summary_large_image\" \/>\n<meta name=\"twitter:label1\" content=\"Arvioitu lukuaika\" \/>\n\t<meta name=\"twitter:data1\" content=\"2 minuuttia\" \/>\n<script type=\"application\/ld+json\" class=\"yoast-schema-graph\">{\"@context\":\"https:\/\/schema.org\",\"@graph\":[{\"@type\":\"WebPage\",\"@id\":\"https:\/\/www.hitech.fi\/hitech\/rekisteri-ja-tietosuojaseloste\/\",\"url\":\"https:\/\/www.hitech.fi\/hitech\/rekisteri-ja-tietosuojaseloste\/\",\"name\":\"Rekisteri- ja tietosuojaseloste | Hitech Chemicals\",\"isPartOf\":{\"@id\":\"https:\/\/www.hitech.fi\/hitech\/#website\"},\"datePublished\":\"2023-10-19T09:58:36+00:00\",\"dateModified\":\"2024-07-02T06:44:01+00:00\",\"breadcrumb\":{\"@id\":\"https:\/\/www.hitech.fi\/hitech\/rekisteri-ja-tietosuojaseloste\/#breadcrumb\"},\"inLanguage\":\"fi\",\"potentialAction\":[{\"@type\":\"ReadAction\",\"target\":[\"https:\/\/www.hitech.fi\/hitech\/rekisteri-ja-tietosuojaseloste\/\"]}]},{\"@type\":\"BreadcrumbList\",\"@id\":\"https:\/\/www.hitech.fi\/hitech\/rekisteri-ja-tietosuojaseloste\/#breadcrumb\",\"itemListElement\":[{\"@type\":\"ListItem\",\"position\":1,\"name\":\"Etusivu\",\"item\":\"https:\/\/www.hitech.fi\/hitech\/\"},{\"@type\":\"ListItem\",\"position\":2,\"name\":\"Rekisteri- ja tietosuojaseloste\"}]},{\"@type\":\"WebSite\",\"@id\":\"https:\/\/www.hitech.fi\/hitech\/#website\",\"url\":\"https:\/\/www.hitech.fi\/hitech\/\",\"name\":\"Hitech Chemicals\",\"description\":\"Puhdistusaineet ja huoltotuotteet\",\"publisher\":{\"@id\":\"https:\/\/www.hitech.fi\/hitech\/#organization\"},\"potentialAction\":[{\"@type\":\"SearchAction\",\"target\":{\"@type\":\"EntryPoint\",\"urlTemplate\":\"https:\/\/www.hitech.fi\/hitech\/?s={search_term_string}\"},\"query-input\":{\"@type\":\"PropertyValueSpecification\",\"valueRequired\":true,\"valueName\":\"search_term_string\"}}],\"inLanguage\":\"fi\"},{\"@type\":\"Organization\",\"@id\":\"https:\/\/www.hitech.fi\/hitech\/#organization\",\"name\":\"Hitech Chemicals\",\"alternateName\":\"Hitech\",\"url\":\"https:\/\/www.hitech.fi\/hitech\/\",\"logo\":{\"@type\":\"ImageObject\",\"inLanguage\":\"fi\",\"@id\":\"https:\/\/www.hitech.fi\/hitech\/#\/schema\/logo\/image\/\",\"url\":\"https:\/\/www.hitech.fi\/hitech\/wp-content\/uploads\/2023\/06\/cropped-hitech_logo_600x600.png\",\"contentUrl\":\"https:\/\/www.hitech.fi\/hitech\/wp-content\/uploads\/2023\/06\/cropped-hitech_logo_600x600.png\",\"width\":512,\"height\":512,\"caption\":\"Hitech Chemicals\"},\"image\":{\"@id\":\"https:\/\/www.hitech.fi\/hitech\/#\/schema\/logo\/image\/\"},\"sameAs\":[\"https:\/\/www.facebook.com\/hitechfinland\"]}]}<\/script>\n<!-- \/ Yoast SEO plugin. -->","yoast_head_json":{"title":"Rekisteri- ja tietosuojaseloste | Hitech Chemicals","robots":{"index":"index","follow":"follow","max-snippet":"max-snippet:-1","max-image-preview":"max-image-preview:large","max-video-preview":"max-video-preview:-1"},"canonical":"https:\/\/www.hitech.fi\/hitech\/rekisteri-ja-tietosuojaseloste\/","og_locale":"fi_FI","og_type":"article","og_title":"Rekisteri- ja tietosuojaseloste | Hitech Chemicals","og_description":"REKISTERI- JA TIETOSUOJASELOSTE T\u00e4m\u00e4 tietosuojaseloste koskee Hitech Europe Oy:n internetsivuja, verkkopalveluja ja pikaviestiv\u00e4lineit\u00e4 mm. Messenger. 1 Rekisterinpit\u00e4j\u00e4 Hitech Europe OyHulikanper\u00e4 2, 37570 LEMP\u00c4\u00c4L\u00c4Y-tunnus: 3377838-8https:\/\/hitech.fi\/ 2 Yhteyshenkil\u00f6 rekisteri\u00e4 koskevissa asioissa Mikko Hakala Myyntijohtaja myynti@hitech.fi0207 434 780 3 Tietosuojavastaava Mikko HakalaMyyntijohtajamyynti@hitech.fi0207 434 780 4 Rekisterin nimi Hitech Europe Oy tietosuojaseloste. 5 Henkil\u00f6tietojen k\u00e4ytt\u00f6tarkoitus ja tietol\u00e4hteet Henkil\u00f6tietoja ker\u00e4t\u00e4\u00e4n [&hellip;]","og_url":"https:\/\/www.hitech.fi\/hitech\/rekisteri-ja-tietosuojaseloste\/","og_site_name":"Hitech Chemicals","article_publisher":"https:\/\/www.facebook.com\/hitechfinland","article_modified_time":"2024-07-02T06:44:01+00:00","twitter_card":"summary_large_image","twitter_misc":{"Arvioitu lukuaika":"2 minuuttia"},"schema":{"@context":"https:\/\/schema.org","@graph":[{"@type":"WebPage","@id":"https:\/\/www.hitech.fi\/hitech\/rekisteri-ja-tietosuojaseloste\/","url":"https:\/\/www.hitech.fi\/hitech\/rekisteri-ja-tietosuojaseloste\/","name":"Rekisteri- ja tietosuojaseloste | Hitech Chemicals","isPartOf":{"@id":"https:\/\/www.hitech.fi\/hitech\/#website"},"datePublished":"2023-10-19T09:58:36+00:00","dateModified":"2024-07-02T06:44:01+00:00","breadcrumb":{"@id":"https:\/\/www.hitech.fi\/hitech\/rekisteri-ja-tietosuojaseloste\/#breadcrumb"},"inLanguage":"fi","potentialAction":[{"@type":"ReadAction","target":["https:\/\/www.hitech.fi\/hitech\/rekisteri-ja-tietosuojaseloste\/"]}]},{"@type":"BreadcrumbList","@id":"https:\/\/www.hitech.fi\/hitech\/rekisteri-ja-tietosuojaseloste\/#breadcrumb","itemListElement":[{"@type":"ListItem","position":1,"name":"Etusivu","item":"https:\/\/www.hitech.fi\/hitech\/"},{"@type":"ListItem","position":2,"name":"Rekisteri- ja tietosuojaseloste"}]},{"@type":"WebSite","@id":"https:\/\/www.hitech.fi\/hitech\/#website","url":"https:\/\/www.hitech.fi\/hitech\/","name":"Hitech Chemicals","description":"Puhdistusaineet ja huoltotuotteet","publisher":{"@id":"https:\/\/www.hitech.fi\/hitech\/#organization"},"potentialAction":[{"@type":"SearchAction","target":{"@type":"EntryPoint","urlTemplate":"https:\/\/www.hitech.fi\/hitech\/?s={search_term_string}"},"query-input":{"@type":"PropertyValueSpecification","valueRequired":true,"valueName":"search_term_string"}}],"inLanguage":"fi"},{"@type":"Organization","@id":"https:\/\/www.hitech.fi\/hitech\/#organization","name":"Hitech Chemicals","alternateName":"Hitech","url":"https:\/\/www.hitech.fi\/hitech\/","logo":{"@type":"ImageObject","inLanguage":"fi","@id":"https:\/\/www.hitech.fi\/hitech\/#\/schema\/logo\/image\/","url":"https:\/\/www.hitech.fi\/hitech\/wp-content\/uploads\/2023\/06\/cropped-hitech_logo_600x600.png","contentUrl":"https:\/\/www.hitech.fi\/hitech\/wp-content\/uploads\/2023\/06\/cropped-hitech_logo_600x600.png","width":512,"height":512,"caption":"Hitech Chemicals"},"image":{"@id":"https:\/\/www.hitech.fi\/hitech\/#\/schema\/logo\/image\/"},"sameAs":["https:\/\/www.facebook.com\/hitechfinland"]}]}},"_links":{"self":[{"href":"https:\/\/www.hitech.fi\/hitech\/wp-json\/wp\/v2\/pages\/933","targetHints":{"allow":["GET"]}}],"collection":[{"href":"https:\/\/www.hitech.fi\/hitech\/wp-json\/wp\/v2\/pages"}],"about":[{"href":"https:\/\/www.hitech.fi\/hitech\/wp-json\/wp\/v2\/types\/page"}],"author":[{"embeddable":true,"href":"https:\/\/www.hitech.fi\/hitech\/wp-json\/wp\/v2\/users\/1"}],"replies":[{"embeddable":true,"href":"https:\/\/www.hitech.fi\/hitech\/wp-json\/wp\/v2\/comments?post=933"}],"version-history":[{"count":12,"href":"https:\/\/www.hitech.fi\/hitech\/wp-json\/wp\/v2\/pages\/933\/revisions"}],"predecessor-version":[{"id":3693,"href":"https:\/\/www.hitech.fi\/hitech\/wp-json\/wp\/v2\/pages\/933\/revisions\/3693"}],"wp:attachment":[{"href":"https:\/\/www.hitech.fi\/hitech\/wp-json\/wp\/v2\/media?parent=933"}],"curies":[{"name":"wp","href":"https:\/\/api.w.org\/{rel}","templated":true}]}}