{"id":1715,"date":"2024-04-10T16:42:50","date_gmt":"2024-04-10T13:42:50","guid":{"rendered":"https:\/\/www.hitech.fi\/hitech\/?page_id=1715"},"modified":"2024-05-02T17:39:07","modified_gmt":"2024-05-02T14:39:07","slug":"tiedotteet","status":"publish","type":"page","link":"https:\/\/www.hitech.fi\/hitech\/tiedotteet\/","title":{"rendered":"Tiedotteet"},"content":{"rendered":"\t\t<div data-elementor-type=\"wp-page\" data-elementor-id=\"1715\" class=\"elementor elementor-1715\" data-elementor-post-type=\"page\">\n\t\t\t\t<div class=\"elementor-element elementor-element-2d6a7e3 e-flex e-con-boxed e-con e-parent\" data-id=\"2d6a7e3\" data-element_type=\"container\">\n\t\t\t\t\t<div class=\"e-con-inner\">\n\t\t\t\t<div class=\"elementor-element elementor-element-b6bc04c elementor-widget elementor-widget-heading\" data-id=\"b6bc04c\" data-element_type=\"widget\" data-widget_type=\"heading.default\">\n\t\t\t\t<div class=\"elementor-widget-container\">\n\t\t\t\t\t<h2 class=\"elementor-heading-title elementor-size-default\">Asiakastiedotteet<\/h2>\t\t\t\t<\/div>\n\t\t\t\t<\/div>\n\t\t\t\t<div class=\"elementor-element elementor-element-d3c067c elementor-widget-divider--view-line elementor-widget elementor-widget-divider\" data-id=\"d3c067c\" data-element_type=\"widget\" data-widget_type=\"divider.default\">\n\t\t\t\t<div class=\"elementor-widget-container\">\n\t\t\t\t\t\t\t<div class=\"elementor-divider\">\n\t\t\t<span class=\"elementor-divider-separator\">\n\t\t\t\t\t\t<\/span>\n\t\t<\/div>\n\t\t\t\t\t\t<\/div>\n\t\t\t\t<\/div>\n\t\t\t\t\t<\/div>\n\t\t\t\t<\/div>\n\t\t<div class=\"elementor-element elementor-element-d496796 e-flex e-con-boxed e-con e-parent\" data-id=\"d496796\" data-element_type=\"container\">\n\t\t\t\t\t<div class=\"e-con-inner\">\n\t\t\t\t<div class=\"elementor-element elementor-element-050a5f5 elementor-grid-3 elementor-grid-tablet-2 elementor-grid-mobile-1 elementor-posts--thumbnail-top elementor-posts__hover-gradient elementor-widget elementor-widget-posts\" data-id=\"050a5f5\" data-element_type=\"widget\" data-settings=\"{&quot;cards_columns&quot;:&quot;3&quot;,&quot;cards_columns_tablet&quot;:&quot;2&quot;,&quot;cards_columns_mobile&quot;:&quot;1&quot;,&quot;cards_row_gap&quot;:{&quot;unit&quot;:&quot;px&quot;,&quot;size&quot;:35,&quot;sizes&quot;:[]},&quot;cards_row_gap_tablet&quot;:{&quot;unit&quot;:&quot;px&quot;,&quot;size&quot;:&quot;&quot;,&quot;sizes&quot;:[]},&quot;cards_row_gap_mobile&quot;:{&quot;unit&quot;:&quot;px&quot;,&quot;size&quot;:&quot;&quot;,&quot;sizes&quot;:[]}}\" data-widget_type=\"posts.cards\">\n\t\t\t\t<div class=\"elementor-widget-container\">\n\t\t\t\t\t\t\t<div class=\"elementor-posts-container elementor-posts elementor-posts--skin-cards elementor-grid\">\n\t\t\t\t<article class=\"elementor-post elementor-grid-item post-2214 post type-post status-publish format-standard has-post-thumbnail hentry category-uutiset\">\n\t\t\t<div class=\"elementor-post__card\">\n\t\t\t\t<a class=\"elementor-post__thumbnail__link\" href=\"https:\/\/www.hitech.fi\/hitech\/finn-elox-oy-on-ostanut-yli-45-vuotta-toimineen-voitelukeskus-oyn-liiketoiminnan\/\" tabindex=\"-1\" ><div class=\"elementor-post__thumbnail\"><img fetchpriority=\"high\" decoding=\"async\" width=\"680\" height=\"240\" src=\"https:\/\/www.hitech.fi\/hitech\/wp-content\/uploads\/2024\/04\/Voiteluaine_kauppa_logot.jpg\" class=\"attachment-full size-full wp-image-2215\" alt=\"\" srcset=\"https:\/\/www.hitech.fi\/hitech\/wp-content\/uploads\/2024\/04\/Voiteluaine_kauppa_logot.jpg 680w, https:\/\/www.hitech.fi\/hitech\/wp-content\/uploads\/2024\/04\/Voiteluaine_kauppa_logot-300x106.jpg 300w, https:\/\/www.hitech.fi\/hitech\/wp-content\/uploads\/2024\/04\/Voiteluaine_kauppa_logot-600x212.jpg 600w\" sizes=\"(max-width: 680px) 100vw, 680px\" \/><\/div><\/a>\n\t\t\t\t<div class=\"elementor-post__text\">\n\t\t\t\t<h3 class=\"elementor-post__title\">\n\t\t\t<a href=\"https:\/\/www.hitech.fi\/hitech\/finn-elox-oy-on-ostanut-yli-45-vuotta-toimineen-voitelukeskus-oyn-liiketoiminnan\/\" >\n\t\t\t\tFinn-Elox Oy on ostanut yli 45-vuotta toimineen Voitelukeskus Oy:n liiketoiminnan.\t\t\t<\/a>\n\t\t<\/h3>\n\t\t\t\t<div class=\"elementor-post__excerpt\">\n\t\t\t<p>Finn-Elox Oy, on ostanut 10.4.2023 Voitelukeskus Tonttila Oy Ltd Liiketoiminnan. Finn-Elox Oy, on ostanut 10.4.2023 Voitelukeskus Tonttila Oy Ltd Liiketoiminnan. Liiketoimintakaupan my\u00f6t\u00e4 Voitelukeskus Oy:n ammattilaisille<\/p>\n\t\t<\/div>\n\t\t\n\t\t<a class=\"elementor-post__read-more\" href=\"https:\/\/www.hitech.fi\/hitech\/finn-elox-oy-on-ostanut-yli-45-vuotta-toimineen-voitelukeskus-oyn-liiketoiminnan\/\" aria-label=\"Read more about Finn-Elox Oy on ostanut yli 45-vuotta toimineen Voitelukeskus Oy:n liiketoiminnan.\" tabindex=\"-1\" >\n\t\t\tLue lis\u00e4\u00e4 \u00bb\t\t<\/a>\n\n\t\t\t\t<\/div>\n\t\t\t\t<div class=\"elementor-post__meta-data\">\n\t\t\t\t\t<span class=\"elementor-post-date\">\n\t\t\t10.04.2024\t\t<\/span>\n\t\t\t\t<span class=\"elementor-post-avatar\">\n\t\t\tEi kommentteja\t\t<\/span>\n\t\t\t\t<\/div>\n\t\t\t\t\t<\/div>\n\t\t<\/article>\n\t\t\t\t<article class=\"elementor-post elementor-grid-item post-2254 post type-post status-publish format-standard has-post-thumbnail hentry category-uutiset\">\n\t\t\t<div class=\"elementor-post__card\">\n\t\t\t\t<a class=\"elementor-post__thumbnail__link\" href=\"https:\/\/www.hitech.fi\/hitech\/hitech-europe-oy-on-solminut-pemco-voiteluaineiden-maahantuontisopimuksen-ja-yllapitaa-suomen-varastoa\/\" tabindex=\"-1\" ><div class=\"elementor-post__thumbnail\"><img decoding=\"async\" width=\"1920\" height=\"1080\" data-src=\"https:\/\/www.hitech.fi\/hitech\/wp-content\/uploads\/2024\/04\/FB-0704.jpg\" class=\"attachment-full size-full wp-image-1852 lazyload\" alt=\"\" data-srcset=\"https:\/\/www.hitech.fi\/hitech\/wp-content\/uploads\/2024\/04\/FB-0704.jpg 1920w, https:\/\/www.hitech.fi\/hitech\/wp-content\/uploads\/2024\/04\/FB-0704-300x169.jpg 300w, https:\/\/www.hitech.fi\/hitech\/wp-content\/uploads\/2024\/04\/FB-0704-1024x576.jpg 1024w, https:\/\/www.hitech.fi\/hitech\/wp-content\/uploads\/2024\/04\/FB-0704-768x432.jpg 768w, https:\/\/www.hitech.fi\/hitech\/wp-content\/uploads\/2024\/04\/FB-0704-1536x864.jpg 1536w, https:\/\/www.hitech.fi\/hitech\/wp-content\/uploads\/2024\/04\/FB-0704-600x338.jpg 600w\" data-sizes=\"(max-width: 1920px) 100vw, 1920px\" src=\"data:image\/gif;base64,R0lGODlhAQABAAAAACH5BAEKAAEALAAAAAABAAEAAAICTAEAOw==\" style=\"--smush-placeholder-width: 1920px; --smush-placeholder-aspect-ratio: 1920\/1080;\" \/><noscript><img decoding=\"async\" width=\"1920\" height=\"1080\" src=\"https:\/\/www.hitech.fi\/hitech\/wp-content\/uploads\/2024\/04\/FB-0704.jpg\" class=\"attachment-full size-full wp-image-1852\" alt=\"\" srcset=\"https:\/\/www.hitech.fi\/hitech\/wp-content\/uploads\/2024\/04\/FB-0704.jpg 1920w, https:\/\/www.hitech.fi\/hitech\/wp-content\/uploads\/2024\/04\/FB-0704-300x169.jpg 300w, https:\/\/www.hitech.fi\/hitech\/wp-content\/uploads\/2024\/04\/FB-0704-1024x576.jpg 1024w, https:\/\/www.hitech.fi\/hitech\/wp-content\/uploads\/2024\/04\/FB-0704-768x432.jpg 768w, https:\/\/www.hitech.fi\/hitech\/wp-content\/uploads\/2024\/04\/FB-0704-1536x864.jpg 1536w, https:\/\/www.hitech.fi\/hitech\/wp-content\/uploads\/2024\/04\/FB-0704-600x338.jpg 600w\" sizes=\"(max-width: 1920px) 100vw, 1920px\" \/><\/noscript><\/div><\/a>\n\t\t\t\t<div class=\"elementor-post__text\">\n\t\t\t\t<h3 class=\"elementor-post__title\">\n\t\t\t<a href=\"https:\/\/www.hitech.fi\/hitech\/hitech-europe-oy-on-solminut-pemco-voiteluaineiden-maahantuontisopimuksen-ja-yllapitaa-suomen-varastoa\/\" >\n\t\t\t\tHitech Europe Oy on solminut PEMCO-voiteluaineiden maahantuontisopimuksen ja yll\u00e4pit\u00e4\u00e4 Suomen varastoa.\t\t\t<\/a>\n\t\t<\/h3>\n\t\t\t\t<div class=\"elementor-post__excerpt\">\n\t\t\t<p>HITECH EUROPE OY ON SOLMINUT PEMCO-VOITELUAINEIDEN MAAHANTUONTISOPIMUKSEN JA YLL\u00c4PIT\u00c4\u00c4 SUOMEN VARASTOA. Hitech Europe Oy on solminut PEMCO-voiteluaineiden maahantuontisopimuksen ja yll\u00e4pit\u00e4\u00e4 Suomen varastoa. Nyt toimitamme laadukkaat<\/p>\n\t\t<\/div>\n\t\t\n\t\t<a class=\"elementor-post__read-more\" href=\"https:\/\/www.hitech.fi\/hitech\/hitech-europe-oy-on-solminut-pemco-voiteluaineiden-maahantuontisopimuksen-ja-yllapitaa-suomen-varastoa\/\" aria-label=\"Read more about Hitech Europe Oy on solminut PEMCO-voiteluaineiden maahantuontisopimuksen ja yll\u00e4pit\u00e4\u00e4 Suomen varastoa.\" tabindex=\"-1\" >\n\t\t\tLue lis\u00e4\u00e4 \u00bb\t\t<\/a>\n\n\t\t\t\t<\/div>\n\t\t\t\t<div class=\"elementor-post__meta-data\">\n\t\t\t\t\t<span class=\"elementor-post-date\">\n\t\t\t25.10.2023\t\t<\/span>\n\t\t\t\t<span class=\"elementor-post-avatar\">\n\t\t\tEi kommentteja\t\t<\/span>\n\t\t\t\t<\/div>\n\t\t\t\t\t<\/div>\n\t\t<\/article>\n\t\t\t\t<article class=\"elementor-post elementor-grid-item post-2004 post type-post status-publish format-standard has-post-thumbnail hentry category-uutiset\">\n\t\t\t<div class=\"elementor-post__card\">\n\t\t\t\t<a class=\"elementor-post__thumbnail__link\" href=\"https:\/\/www.hitech.fi\/hitech\/international-chem-oy-konsernin-ic-uusi-tytaryritys-hitech-europe-oy-on-ostanut-3-8-2023-hitech-chemicals-finland-oyn-maahantuonti-myynti-ja-markkinointiliiketoiminnan\/\" tabindex=\"-1\" ><div class=\"elementor-post__thumbnail\"><img decoding=\"async\" width=\"2560\" height=\"1873\" data-src=\"https:\/\/www.hitech.fi\/hitech\/wp-content\/uploads\/2024\/04\/18513777_xxl-scaled.jpg\" class=\"attachment-full size-full wp-image-2005 lazyload\" alt=\"\" data-srcset=\"https:\/\/www.hitech.fi\/hitech\/wp-content\/uploads\/2024\/04\/18513777_xxl-scaled.jpg 2560w, https:\/\/www.hitech.fi\/hitech\/wp-content\/uploads\/2024\/04\/18513777_xxl-300x220.jpg 300w, https:\/\/www.hitech.fi\/hitech\/wp-content\/uploads\/2024\/04\/18513777_xxl-1024x749.jpg 1024w, https:\/\/www.hitech.fi\/hitech\/wp-content\/uploads\/2024\/04\/18513777_xxl-768x562.jpg 768w, https:\/\/www.hitech.fi\/hitech\/wp-content\/uploads\/2024\/04\/18513777_xxl-1536x1124.jpg 1536w, https:\/\/www.hitech.fi\/hitech\/wp-content\/uploads\/2024\/04\/18513777_xxl-2048x1499.jpg 2048w, https:\/\/www.hitech.fi\/hitech\/wp-content\/uploads\/2024\/04\/18513777_xxl-600x439.jpg 600w\" data-sizes=\"(max-width: 2560px) 100vw, 2560px\" src=\"data:image\/gif;base64,R0lGODlhAQABAAAAACH5BAEKAAEALAAAAAABAAEAAAICTAEAOw==\" style=\"--smush-placeholder-width: 2560px; --smush-placeholder-aspect-ratio: 2560\/1873;\" \/><noscript><img decoding=\"async\" width=\"2560\" height=\"1873\" src=\"https:\/\/www.hitech.fi\/hitech\/wp-content\/uploads\/2024\/04\/18513777_xxl-scaled.jpg\" class=\"attachment-full size-full wp-image-2005\" alt=\"\" srcset=\"https:\/\/www.hitech.fi\/hitech\/wp-content\/uploads\/2024\/04\/18513777_xxl-scaled.jpg 2560w, https:\/\/www.hitech.fi\/hitech\/wp-content\/uploads\/2024\/04\/18513777_xxl-300x220.jpg 300w, https:\/\/www.hitech.fi\/hitech\/wp-content\/uploads\/2024\/04\/18513777_xxl-1024x749.jpg 1024w, https:\/\/www.hitech.fi\/hitech\/wp-content\/uploads\/2024\/04\/18513777_xxl-768x562.jpg 768w, https:\/\/www.hitech.fi\/hitech\/wp-content\/uploads\/2024\/04\/18513777_xxl-1536x1124.jpg 1536w, https:\/\/www.hitech.fi\/hitech\/wp-content\/uploads\/2024\/04\/18513777_xxl-2048x1499.jpg 2048w, https:\/\/www.hitech.fi\/hitech\/wp-content\/uploads\/2024\/04\/18513777_xxl-600x439.jpg 600w\" sizes=\"(max-width: 2560px) 100vw, 2560px\" \/><\/noscript><\/div><\/a>\n\t\t\t\t<div class=\"elementor-post__text\">\n\t\t\t\t<h3 class=\"elementor-post__title\">\n\t\t\t<a href=\"https:\/\/www.hitech.fi\/hitech\/international-chem-oy-konsernin-ic-uusi-tytaryritys-hitech-europe-oy-on-ostanut-3-8-2023-hitech-chemicals-finland-oyn-maahantuonti-myynti-ja-markkinointiliiketoiminnan\/\" >\n\t\t\t\tInternational Chem Oy \u2013 konsernin (IC) uusi tyt\u00e4ryritys Hitech Europe Oy on ostanut 3.8.2023 Hitech Chemicals Finland Oy:n maahantuonti-, myynti- ja markkinointiliiketoiminnan.\t\t\t<\/a>\n\t\t<\/h3>\n\t\t\t\t<div class=\"elementor-post__excerpt\">\n\t\t\t<p>INTERNATIONAL CHEM OY \u2013 KONSERNIN (IC) UUSI TYT\u00c4RYRITYS HITECH EUROPE OY ON OSTANUT 3.8.2023 HITECH CHEMICALS FINLAND OY:N MAAHANTUONTI-, MYYNTI- JA MARKKINOINTILIIKETOIMINNAN. International Chem Oy<\/p>\n\t\t<\/div>\n\t\t\n\t\t<a class=\"elementor-post__read-more\" href=\"https:\/\/www.hitech.fi\/hitech\/international-chem-oy-konsernin-ic-uusi-tytaryritys-hitech-europe-oy-on-ostanut-3-8-2023-hitech-chemicals-finland-oyn-maahantuonti-myynti-ja-markkinointiliiketoiminnan\/\" aria-label=\"Read more about International Chem Oy \u2013 konsernin (IC) uusi tyt\u00e4ryritys Hitech Europe Oy on ostanut 3.8.2023 Hitech Chemicals Finland Oy:n maahantuonti-, myynti- ja markkinointiliiketoiminnan.\" tabindex=\"-1\" >\n\t\t\tLue lis\u00e4\u00e4 \u00bb\t\t<\/a>\n\n\t\t\t\t<\/div>\n\t\t\t\t<div class=\"elementor-post__meta-data\">\n\t\t\t\t\t<span class=\"elementor-post-date\">\n\t\t\t03.08.2023\t\t<\/span>\n\t\t\t\t<span class=\"elementor-post-avatar\">\n\t\t\tEi kommentteja\t\t<\/span>\n\t\t\t\t<\/div>\n\t\t\t\t\t<\/div>\n\t\t<\/article>\n\t\t\t\t<\/div>\n\t\t\n\t\t\t\t\t\t<\/div>\n\t\t\t\t<\/div>\n\t\t\t\t\t<\/div>\n\t\t\t\t<\/div>\n\t\t\t\t<\/div>\n\t\t","protected":false},"excerpt":{"rendered":"<p>Asiakastiedotteet<\/p>\n","protected":false},"author":3,"featured_media":0,"parent":0,"menu_order":0,"comment_status":"closed","ping_status":"closed","template":"elementor_header_footer","meta":{"footnotes":""},"class_list":["post-1715","page","type-page","status-publish","hentry"],"yoast_head":"<!-- This site is optimized with the Yoast SEO plugin v24.3 - https:\/\/yoast.com\/wordpress\/plugins\/seo\/ -->\n<title>Tiedotteet | Hitech Chemicals<\/title>\n<meta name=\"robots\" content=\"index, follow, max-snippet:-1, max-image-preview:large, max-video-preview:-1\" \/>\n<link rel=\"canonical\" href=\"https:\/\/www.hitech.fi\/hitech\/tiedotteet\/\" \/>\n<meta property=\"og:locale\" content=\"fi_FI\" \/>\n<meta property=\"og:type\" content=\"article\" \/>\n<meta property=\"og:title\" content=\"Tiedotteet | Hitech Chemicals\" \/>\n<meta property=\"og:description\" content=\"Asiakastiedotteet\" \/>\n<meta property=\"og:url\" content=\"https:\/\/www.hitech.fi\/hitech\/tiedotteet\/\" \/>\n<meta property=\"og:site_name\" content=\"Hitech Chemicals\" \/>\n<meta property=\"article:publisher\" content=\"https:\/\/www.facebook.com\/hitechfinland\" \/>\n<meta property=\"article:modified_time\" content=\"2024-05-02T14:39:07+00:00\" \/>\n<meta name=\"twitter:card\" content=\"summary_large_image\" \/>\n<meta name=\"twitter:label1\" content=\"Arvioitu lukuaika\" \/>\n\t<meta name=\"twitter:data1\" content=\"3 minuuttia\" \/>\n<script type=\"application\/ld+json\" class=\"yoast-schema-graph\">{\"@context\":\"https:\/\/schema.org\",\"@graph\":[{\"@type\":\"WebPage\",\"@id\":\"https:\/\/www.hitech.fi\/hitech\/tiedotteet\/\",\"url\":\"https:\/\/www.hitech.fi\/hitech\/tiedotteet\/\",\"name\":\"Tiedotteet | Hitech Chemicals\",\"isPartOf\":{\"@id\":\"https:\/\/www.hitech.fi\/hitech\/#website\"},\"datePublished\":\"2024-04-10T13:42:50+00:00\",\"dateModified\":\"2024-05-02T14:39:07+00:00\",\"breadcrumb\":{\"@id\":\"https:\/\/www.hitech.fi\/hitech\/tiedotteet\/#breadcrumb\"},\"inLanguage\":\"fi\",\"potentialAction\":[{\"@type\":\"ReadAction\",\"target\":[\"https:\/\/www.hitech.fi\/hitech\/tiedotteet\/\"]}]},{\"@type\":\"BreadcrumbList\",\"@id\":\"https:\/\/www.hitech.fi\/hitech\/tiedotteet\/#breadcrumb\",\"itemListElement\":[{\"@type\":\"ListItem\",\"position\":1,\"name\":\"Etusivu\",\"item\":\"https:\/\/www.hitech.fi\/hitech\/\"},{\"@type\":\"ListItem\",\"position\":2,\"name\":\"Tiedotteet\"}]},{\"@type\":\"WebSite\",\"@id\":\"https:\/\/www.hitech.fi\/hitech\/#website\",\"url\":\"https:\/\/www.hitech.fi\/hitech\/\",\"name\":\"Hitech Chemicals\",\"description\":\"Puhdistusaineet ja huoltotuotteet\",\"publisher\":{\"@id\":\"https:\/\/www.hitech.fi\/hitech\/#organization\"},\"potentialAction\":[{\"@type\":\"SearchAction\",\"target\":{\"@type\":\"EntryPoint\",\"urlTemplate\":\"https:\/\/www.hitech.fi\/hitech\/?s={search_term_string}\"},\"query-input\":{\"@type\":\"PropertyValueSpecification\",\"valueRequired\":true,\"valueName\":\"search_term_string\"}}],\"inLanguage\":\"fi\"},{\"@type\":\"Organization\",\"@id\":\"https:\/\/www.hitech.fi\/hitech\/#organization\",\"name\":\"Hitech Chemicals\",\"alternateName\":\"Hitech\",\"url\":\"https:\/\/www.hitech.fi\/hitech\/\",\"logo\":{\"@type\":\"ImageObject\",\"inLanguage\":\"fi\",\"@id\":\"https:\/\/www.hitech.fi\/hitech\/#\/schema\/logo\/image\/\",\"url\":\"https:\/\/www.hitech.fi\/hitech\/wp-content\/uploads\/2023\/06\/cropped-hitech_logo_600x600.png\",\"contentUrl\":\"https:\/\/www.hitech.fi\/hitech\/wp-content\/uploads\/2023\/06\/cropped-hitech_logo_600x600.png\",\"width\":512,\"height\":512,\"caption\":\"Hitech Chemicals\"},\"image\":{\"@id\":\"https:\/\/www.hitech.fi\/hitech\/#\/schema\/logo\/image\/\"},\"sameAs\":[\"https:\/\/www.facebook.com\/hitechfinland\"]}]}<\/script>\n<!-- \/ Yoast SEO plugin. -->","yoast_head_json":{"title":"Tiedotteet | Hitech Chemicals","robots":{"index":"index","follow":"follow","max-snippet":"max-snippet:-1","max-image-preview":"max-image-preview:large","max-video-preview":"max-video-preview:-1"},"canonical":"https:\/\/www.hitech.fi\/hitech\/tiedotteet\/","og_locale":"fi_FI","og_type":"article","og_title":"Tiedotteet | Hitech Chemicals","og_description":"Asiakastiedotteet","og_url":"https:\/\/www.hitech.fi\/hitech\/tiedotteet\/","og_site_name":"Hitech Chemicals","article_publisher":"https:\/\/www.facebook.com\/hitechfinland","article_modified_time":"2024-05-02T14:39:07+00:00","twitter_card":"summary_large_image","twitter_misc":{"Arvioitu lukuaika":"3 minuuttia"},"schema":{"@context":"https:\/\/schema.org","@graph":[{"@type":"WebPage","@id":"https:\/\/www.hitech.fi\/hitech\/tiedotteet\/","url":"https:\/\/www.hitech.fi\/hitech\/tiedotteet\/","name":"Tiedotteet | Hitech Chemicals","isPartOf":{"@id":"https:\/\/www.hitech.fi\/hitech\/#website"},"datePublished":"2024-04-10T13:42:50+00:00","dateModified":"2024-05-02T14:39:07+00:00","breadcrumb":{"@id":"https:\/\/www.hitech.fi\/hitech\/tiedotteet\/#breadcrumb"},"inLanguage":"fi","potentialAction":[{"@type":"ReadAction","target":["https:\/\/www.hitech.fi\/hitech\/tiedotteet\/"]}]},{"@type":"BreadcrumbList","@id":"https:\/\/www.hitech.fi\/hitech\/tiedotteet\/#breadcrumb","itemListElement":[{"@type":"ListItem","position":1,"name":"Etusivu","item":"https:\/\/www.hitech.fi\/hitech\/"},{"@type":"ListItem","position":2,"name":"Tiedotteet"}]},{"@type":"WebSite","@id":"https:\/\/www.hitech.fi\/hitech\/#website","url":"https:\/\/www.hitech.fi\/hitech\/","name":"Hitech Chemicals","description":"Puhdistusaineet ja huoltotuotteet","publisher":{"@id":"https:\/\/www.hitech.fi\/hitech\/#organization"},"potentialAction":[{"@type":"SearchAction","target":{"@type":"EntryPoint","urlTemplate":"https:\/\/www.hitech.fi\/hitech\/?s={search_term_string}"},"query-input":{"@type":"PropertyValueSpecification","valueRequired":true,"valueName":"search_term_string"}}],"inLanguage":"fi"},{"@type":"Organization","@id":"https:\/\/www.hitech.fi\/hitech\/#organization","name":"Hitech Chemicals","alternateName":"Hitech","url":"https:\/\/www.hitech.fi\/hitech\/","logo":{"@type":"ImageObject","inLanguage":"fi","@id":"https:\/\/www.hitech.fi\/hitech\/#\/schema\/logo\/image\/","url":"https:\/\/www.hitech.fi\/hitech\/wp-content\/uploads\/2023\/06\/cropped-hitech_logo_600x600.png","contentUrl":"https:\/\/www.hitech.fi\/hitech\/wp-content\/uploads\/2023\/06\/cropped-hitech_logo_600x600.png","width":512,"height":512,"caption":"Hitech Chemicals"},"image":{"@id":"https:\/\/www.hitech.fi\/hitech\/#\/schema\/logo\/image\/"},"sameAs":["https:\/\/www.facebook.com\/hitechfinland"]}]}},"_links":{"self":[{"href":"https:\/\/www.hitech.fi\/hitech\/wp-json\/wp\/v2\/pages\/1715","targetHints":{"allow":["GET"]}}],"collection":[{"href":"https:\/\/www.hitech.fi\/hitech\/wp-json\/wp\/v2\/pages"}],"about":[{"href":"https:\/\/www.hitech.fi\/hitech\/wp-json\/wp\/v2\/types\/page"}],"author":[{"embeddable":true,"href":"https:\/\/www.hitech.fi\/hitech\/wp-json\/wp\/v2\/users\/3"}],"replies":[{"embeddable":true,"href":"https:\/\/www.hitech.fi\/hitech\/wp-json\/wp\/v2\/comments?post=1715"}],"version-history":[{"count":118,"href":"https:\/\/www.hitech.fi\/hitech\/wp-json\/wp\/v2\/pages\/1715\/revisions"}],"predecessor-version":[{"id":3216,"href":"https:\/\/www.hitech.fi\/hitech\/wp-json\/wp\/v2\/pages\/1715\/revisions\/3216"}],"wp:attachment":[{"href":"https:\/\/www.hitech.fi\/hitech\/wp-json\/wp\/v2\/media?parent=1715"}],"curies":[{"name":"wp","href":"https:\/\/api.w.org\/{rel}","templated":true}]}}